{"id":11435,"date":"2016-10-01T08:40:23","date_gmt":"2016-10-01T14:40:23","guid":{"rendered":"http:\/\/localhost\/techstore\/?page_id=11435"},"modified":"2023-10-02T11:56:05","modified_gmt":"2023-10-02T17:56:05","slug":"inicio","status":"publish","type":"page","link":"https:\/\/www.securitydataandvideo.com\/inicio\/","title":{"rendered":"Inicio"},"content":{"rendered":"<p>[vc_row][vc_column][vc_empty_space][\/vc_column][\/vc_row][vc_row][vc_column][vc_column_text css_animation=&#8221;slideInLeft&#8221;]<\/p>\n<div id=\"metaslider-id-15475\" style=\"width: 100%;\" class=\"ml-slider-3-60-1 metaslider metaslider-flex metaslider-15475 ml-slider ms-theme-default\" role=\"region\" aria-roledescription=\"Slideshow\" aria-label=\"PRINCIPAL\">\n    <div id=\"metaslider_container_15475\">\n        <div id=\"metaslider_15475\">\n            <ul aria-live=\"polite\" class=\"slides\">\n                <li style=\"display: block; width: 100%;\" class=\"slide-15480 ms-image\" aria-roledescription=\"slide\" aria-label=\"slide-15480\"><img src=\"https:\/\/www.securitydataandvideo.com\/inicio\/wp-content\/uploads\/2022\/06\/slider1.jpg\" height=\"499\" width=\"1200\" alt=\"\" class=\"slider-15475 slide-15480\" title=\"slider1\" \/><\/li>\n                <li style=\"display: none; width: 100%;\" class=\"slide-15478 ms-image\" aria-roledescription=\"slide\" aria-label=\"slide-15478\"><img src=\"https:\/\/www.securitydataandvideo.com\/inicio\/wp-content\/uploads\/2022\/06\/slider4.jpg\" height=\"499\" width=\"1200\" alt=\"\" class=\"slider-15475 slide-15478\" title=\"slider4\" \/><\/li>\n                <li style=\"display: none; width: 100%;\" class=\"slide-15484 ms-image\" aria-roledescription=\"slide\" aria-label=\"slide-15484\"><img src=\"https:\/\/www.securitydataandvideo.com\/inicio\/wp-content\/uploads\/2022\/06\/slider3.jpg\" height=\"499\" width=\"1200\" alt=\"\" class=\"slider-15475 slide-15484\" title=\"slider3\" \/><\/li>\n                <li style=\"display: none; width: 100%;\" class=\"slide-16532 ms-image\" aria-roledescription=\"slide\" aria-label=\"slide-16532\"><img src=\"https:\/\/www.securitydataandvideo.com\/inicio\/wp-content\/uploads\/2016\/10\/slider2.jpg\" height=\"499\" width=\"1200\" alt=\"\" class=\"slider-15475 slide-16532\" title=\"slider2\" \/><\/li>\n            <\/ul>\n        <\/div>\n        \n    <\/div>\n<\/div>\n<p>[\/vc_column_text][vc_empty_space][\/vc_column][\/vc_row][vc_row][vc_column][vc_column_text css_animation=&#8221;slideInRight&#8221;]<\/p>\n<p style=\"text-align: justify;\"><span style=\"color: #333333; font-size: 12pt;\">Expertos en seguridad integral para tu hogar o negocio, nos dedicamos a brindarle soluciones en seguridad electr\u00f3nica y comunicaciones al mejor costo del mercado.<\/span><\/p>\n<p style=\"text-align: justify;\"><span style=\"font-size: 12pt;\"><span style=\"color: #333333;\">En <span style=\"color: #0757a6;\"><strong>Security Data &amp; Video S.A. de C.V.<\/strong><\/span> contamos con lo mejor en tecnolog\u00eda y diversidad en productos, n<\/span><span id=\"u5647\" class=\"H6\">uestra empresa esta respaldada por p<\/span><span id=\"u5647\" class=\"H6\">rofesionales calificados, nuestra prioridad es la satisfacci\u00f3n total de nuestros clientes.<\/span><\/span><\/p>\n<p style=\"text-align: center;\"><span style=\"color: #333333; font-size: 12pt;\">\u00a0<\/span><span style=\"color: #0757a6; font-size: 12pt;\"><br \/>\n<\/span><\/p>\n<p>[\/vc_column_text][\/vc_column][\/vc_row][vc_row][vc_column][vc_column_text css_animation=&#8221;slideInDown&#8221;]<\/p>\n<p style=\"text-align: center;\"><span style=\"font-size: 24pt; color: #204164;\">Servicios<\/span><\/p>\n<p>[\/vc_column_text][\/vc_column][\/vc_row][vc_row][vc_column][vc_empty_space height=&#8221;50px&#8221;][\/vc_column][\/vc_row][vc_row][vc_column width=&#8221;1\/4&#8243;][vc_icon icon_fontawesome=&#8221;fa fa-wrench&#8221; color=&#8221;black&#8221; background_style=&#8221;rounded-outline&#8221; background_color=&#8221;custom&#8221; size=&#8221;lg&#8221; align=&#8221;center&#8221; css_animation=&#8221;fadeIn&#8221; custom_background_color=&#8221;#0757a6&#8243;][vc_column_text css_animation=&#8221;slideInUp&#8221;]<\/p>\n<p style=\"text-align: center;\"><span style=\"font-size: 14pt;\">P\u00f3lizas de Mantenimiento<\/span><\/p>\n<p style=\"text-align: center;\">Equipo de c\u00f3mputo, redes y equipo activo con p\u00f3lizas de mantenimiento<\/p>\n<p style=\"text-align: center;\"><a href=\"http:\/\/www.securitydataandvideo.com\/inicio\/polizas-de-mantenimiento\/\"><em>Ver m\u00e1s<\/em><\/a><\/p>\n<p style=\"text-align: center;\"><span style=\"font-size: 24pt; color: #204164;\">\u00a0<\/span><\/p>\n<p>[\/vc_column_text][vc_column_text]<\/p>\n<p>[\/vc_column_text][\/vc_column][vc_column width=&#8221;1\/4&#8243;][vc_icon icon_fontawesome=&#8221;fa fa-cogs&#8221; color=&#8221;black&#8221; background_style=&#8221;rounded-outline&#8221; background_color=&#8221;custom&#8221; size=&#8221;lg&#8221; align=&#8221;center&#8221; css_animation=&#8221;fadeIn&#8221; custom_background_color=&#8221;#0757a6&#8243;][vc_column_text css_animation=&#8221;slideInUp&#8221;]<\/p>\n<p style=\"text-align: center;\"><span style=\"font-size: 14pt;\">P\u00f3lizas de Soporte<\/span><\/p>\n<p style=\"text-align: center;\">Atenci\u00f3n en sitio y remoto con nuestras p\u00f3lizas de soporte para aplicaciones<\/p>\n<p style=\"text-align: center;\"><a href=\"http:\/\/www.securitydataandvideo.com\/inicio\/polizas-de-soporte\/\"><em>Ver m\u00e1s<\/em><\/a><\/p>\n<p style=\"text-align: center;\"><span style=\"font-size: 24pt; color: #204164;\">\u00a0<\/span><\/p>\n<p>[\/vc_column_text][vc_column_text]<\/p>\n<p>[\/vc_column_text][\/vc_column][vc_column width=&#8221;1\/4&#8243;][vc_icon icon_fontawesome=&#8221;fa fa-pencil-square-o&#8221; color=&#8221;black&#8221; background_style=&#8221;rounded-outline&#8221; background_color=&#8221;custom&#8221; size=&#8221;lg&#8221; align=&#8221;center&#8221; css_animation=&#8221;fadeIn&#8221; custom_background_color=&#8221;#0757a6&#8243;][vc_column_text css_animation=&#8221;slideInUp&#8221;]<\/p>\n<p style=\"text-align: center;\"><span style=\"font-size: 14pt;\">Consultor\u00eda de Proyectos<br \/>\n<\/span><\/p>\n<p style=\"text-align: center;\">Apoyo profesional y asesor\u00eda integral en consultor\u00eda de proyectos<\/p>\n<p style=\"text-align: center;\"><a href=\"http:\/\/www.securitydataandvideo.com\/inicio\/consultoria-de-proyectos\/\"><em>Ver m\u00e1s<\/em><\/a><\/p>\n<p style=\"text-align: center;\"><span style=\"font-size: 24pt; color: #204164;\">\u00a0<\/span><\/p>\n<p>[\/vc_column_text][vc_column_text]<\/p>\n<p>[\/vc_column_text][\/vc_column][vc_column width=&#8221;1\/4&#8243;][vc_icon icon_fontawesome=&#8221;fa fa-users&#8221; color=&#8221;black&#8221; background_style=&#8221;rounded-outline&#8221; background_color=&#8221;custom&#8221; size=&#8221;lg&#8221; align=&#8221;center&#8221; css_animation=&#8221;fadeIn&#8221; custom_background_color=&#8221;#0757a6&#8243;][vc_column_text css_animation=&#8221;slideInUp&#8221;]<\/p>\n<p style=\"text-align: center;\"><span style=\"font-size: 14pt;\">Asesor\u00eda Especializada<br \/>\n<\/span><\/p>\n<p style=\"text-align: center;\">Amplia experiencia que nos permite ofrecerles econom\u00eda, garant\u00eda y seguridad<\/p>\n<p style=\"text-align: center;\"><a href=\"http:\/\/www.securitydataandvideo.com\/inicio\/contactanos\/\"><em>Ver m\u00e1s<\/em><\/a><\/p>\n<p style=\"text-align: center;\"><span style=\"font-size: 24pt; color: #204164;\">\u00a0<\/span><\/p>\n<p>[\/vc_column_text][vc_column_text]<\/p>\n<p>[\/vc_column_text][\/vc_column][\/vc_row][vc_row][vc_column][vc_empty_space][\/vc_column][\/vc_row][vc_row css=&#8221;.vc_custom_1485832252212{background-color: #f4f4f4 !important;}&#8221;][vc_column width=&#8221;5\/6&#8243;][vc_empty_space height=&#8221;25px&#8221;][vc_column_text css_animation=&#8221;fadeInLeft&#8221;]<\/p>\n<h1 class=\"cta-banner-title color-bold\"><span style=\"color: #0757a6;\">Tienda<\/span><\/h1>\n<p><span style=\"font-size: 18pt; color: #878686; font-family: verdana,geneva,sans-serif;\">Compra m\u00e1s f\u00e1cil y r\u00e1pido con la garant\u00eda que avalan nuestros clientes<\/span>[\/vc_column_text][vc_empty_space height=&#8221;25px&#8221;][\/vc_column][vc_column width=&#8221;1\/6&#8243;][vc_empty_space height=&#8221;70px&#8221;][vc_btn title=&#8221;Comprar Ahora&#8221; style=&#8221;outline&#8221; shape=&#8221;square&#8221; color=&#8221;primary&#8221; css_animation=&#8221;fadeInDown&#8221; link=&#8221;url:http%3A%2F%2Fwww.securitydataandvideo.com%2Finicio%2Fshop%2F|||&#8221;][\/vc_column][\/vc_row][vc_row][vc_column][vc_empty_space][\/vc_column][\/vc_row][vc_row][vc_column][vc_empty_space][\/vc_column][\/vc_row][vc_row][vc_column][vc_empty_space][\/vc_column][\/vc_row][vc_row][vc_column]<h5 class=\"lt-title clearfix title-style-2 \"><span>Le ofrecemos las mejores marcas<\/span><\/h5>[\/vc_column][\/vc_row][vc_row][vc_column]    <div class=\"lt-sc-carousel-warper\">\n        <div class=\"lt-sc-carousel owl-carousel \"\n            data-contruct=\"71869450-1\"\n            id=\"item-slider-71869450-1\"\n            data-nav=\"true\"\n            data-dots=\"true\"\n            data-autoplay=\"true\"\n            data-speed=\"800\"\n            data-itemSmall=\"1\"\n            data-itemTablet=\"2\"\n            data-items=\"1\">\n            <div class=\"banner bery_banner hover-fade\" data-wow-delay=\"0ms\" onclick=\"window.location='#'\" style=\"height: 82px; \"><div class=\"banner-image\" style=\"background-image: url(https:\/\/www.securitydataandvideo.com\/inicio\/wp-content\/uploads\/2016\/10\/marcas1.png); background-position: center center;\"><\/div><\/div>        <\/div>\n    <\/div>\n    [\/vc_column][\/vc_row][vc_row][vc_column][vc_raw_html]JTBBJTNDJTNGcGhwJTIwZWNobyUyMGRvX3Nob3J0Y29kZSUyOCUyNyU1Qm1ldGFzbGlkZXIlMjBpZCUzRCUyMjE1NDc1JTIyJTVEJTI3JTI5JTNCJTIwJTNGJTNF[\/vc_raw_html][\/vc_column][\/vc_row]<\/p>\n","protected":false},"excerpt":{"rendered":"<p>[vc_row][vc_column][vc_empty_space][\/vc_column][\/vc_row][vc_row][vc_column][vc_column_text css_animation=&#8221;slideInLeft&#8221;] [\/vc_column_text][vc_empty_space][\/vc_column][\/vc_row][vc_row][vc_column][vc_column_text css_animation=&#8221;slideInRight&#8221;] Expertos en seguridad integral para tu hogar o negocio, nos dedicamos a brindarle soluciones en seguridad electr\u00f3nica y comunicaciones al mejor costo del mercado. En Security Data &amp; Video S.A. de C.V. contamos con lo mejor en tecnolog\u00eda y diversidad en productos, nuestra empresa esta respaldada por profesionales calificados, nuestra prioridad &hellip;<\/p>\n<p class=\"read-more\"> <a class=\"\" href=\"https:\/\/www.securitydataandvideo.com\/inicio\/\"> <span class=\"screen-reader-text\">Inicio<\/span> Leer m\u00e1s &raquo;<\/a><\/p>\n","protected":false},"author":1,"featured_media":0,"parent":0,"menu_order":0,"comment_status":"closed","ping_status":"closed","template":"","meta":{"site-sidebar-layout":"no-sidebar","site-content-layout":"default","ast-site-content-layout":"default","site-content-style":"default","site-sidebar-style":"default","ast-global-header-display":"","ast-banner-title-visibility":"","ast-main-header-display":"","ast-hfb-above-header-display":"","ast-hfb-below-header-display":"","ast-hfb-mobile-header-display":"","site-post-title":"disabled","ast-breadcrumbs-content":"","ast-featured-img":"disabled","footer-sml-layout":"","theme-transparent-header-meta":"","adv-header-id-meta":"","stick-header-meta":"","header-above-stick-meta":"","header-main-stick-meta":"","header-below-stick-meta":"","astra-migrate-meta-layouts":"set"},"yoast_head":"<!-- This site is optimized with the Yoast SEO plugin v19.5.1 - https:\/\/yoast.com\/wordpress\/plugins\/seo\/ -->\n<title>Security Data &amp; Video - Sistemas de Seguridad en Guadalajara<\/title>\n<meta name=\"description\" content=\"Seguridad Electr\u00f3nica y TI Expertos en seguridad para tu hogar o negocio, nos dedicamos a brindarle soluciones en sistemas de seguridad en Guadalajara.\" \/>\n<meta name=\"robots\" content=\"index, follow, max-snippet:-1, max-image-preview:large, max-video-preview:-1\" \/>\n<link rel=\"canonical\" href=\"https:\/\/www.securitydataandvideo.com\/inicio\/\" \/>\n<meta property=\"og:locale\" content=\"es_MX\" \/>\n<meta property=\"og:type\" content=\"article\" \/>\n<meta property=\"og:title\" content=\"Security Data &amp; Video - Sistemas de Seguridad en Guadalajara\" \/>\n<meta property=\"og:description\" content=\"Seguridad Electr\u00f3nica y TI Expertos en seguridad para tu hogar o negocio, nos dedicamos a brindarle soluciones en sistemas de seguridad en Guadalajara.\" \/>\n<meta property=\"og:url\" content=\"https:\/\/www.securitydataandvideo.com\/inicio\/\" \/>\n<meta property=\"og:site_name\" content=\"Security Data &amp; Video SA de CV.\" \/>\n<meta property=\"article:modified_time\" content=\"2023-10-02T17:56:05+00:00\" \/>\n<meta name=\"twitter:card\" content=\"summary\" \/>\n<meta name=\"twitter:label1\" content=\"Tiempo de lectura\" \/>\n\t<meta name=\"twitter:data1\" content=\"2 minutos\" \/>\n<script type=\"application\/ld+json\" class=\"yoast-schema-graph\">{\"@context\":\"https:\/\/schema.org\",\"@graph\":[{\"@type\":\"WebPage\",\"@id\":\"https:\/\/www.securitydataandvideo.com\/inicio\/\",\"url\":\"https:\/\/www.securitydataandvideo.com\/inicio\/\",\"name\":\"Security Data & Video - Sistemas de Seguridad en Guadalajara\",\"isPartOf\":{\"@id\":\"https:\/\/www.securitydataandvideo.com\/inicio\/#website\"},\"datePublished\":\"2016-10-01T14:40:23+00:00\",\"dateModified\":\"2023-10-02T17:56:05+00:00\",\"description\":\"Seguridad Electr\u00f3nica y TI Expertos en seguridad para tu hogar o negocio, nos dedicamos a brindarle soluciones en sistemas de seguridad en Guadalajara.\",\"breadcrumb\":{\"@id\":\"https:\/\/www.securitydataandvideo.com\/inicio\/#breadcrumb\"},\"inLanguage\":\"es-MX\",\"potentialAction\":[{\"@type\":\"ReadAction\",\"target\":[\"https:\/\/www.securitydataandvideo.com\/inicio\/\"]}]},{\"@type\":\"BreadcrumbList\",\"@id\":\"https:\/\/www.securitydataandvideo.com\/inicio\/#breadcrumb\",\"itemListElement\":[{\"@type\":\"ListItem\",\"position\":1,\"name\":\"Inicio\",\"item\":\"https:\/\/www.securitydataandvideo.com\/inicio\/\"},{\"@type\":\"ListItem\",\"position\":2,\"name\":\"Inicio\"}]},{\"@type\":\"WebSite\",\"@id\":\"https:\/\/www.securitydataandvideo.com\/inicio\/#website\",\"url\":\"https:\/\/www.securitydataandvideo.com\/inicio\/\",\"name\":\"Security Data &amp; Video SA de CV.\",\"description\":\"Seguridad Electr\u00f3nica y Energ\u00eda\",\"publisher\":{\"@id\":\"https:\/\/www.securitydataandvideo.com\/inicio\/#organization\"},\"potentialAction\":[{\"@type\":\"SearchAction\",\"target\":{\"@type\":\"EntryPoint\",\"urlTemplate\":\"https:\/\/www.securitydataandvideo.com\/inicio\/?s={search_term_string}\"},\"query-input\":\"required name=search_term_string\"}],\"inLanguage\":\"es-MX\"},{\"@type\":\"Organization\",\"@id\":\"https:\/\/www.securitydataandvideo.com\/inicio\/#organization\",\"name\":\"Security Data & Video SA de CV\",\"url\":\"https:\/\/www.securitydataandvideo.com\/inicio\/\",\"sameAs\":[],\"logo\":{\"@type\":\"ImageObject\",\"inLanguage\":\"es-MX\",\"@id\":\"https:\/\/www.securitydataandvideo.com\/inicio\/#\/schema\/logo\/image\/\",\"url\":\"https:\/\/www.securitydataandvideo.com\/inicio\/wp-content\/uploads\/2021\/10\/Logo-Azul.png\",\"contentUrl\":\"https:\/\/www.securitydataandvideo.com\/inicio\/wp-content\/uploads\/2021\/10\/Logo-Azul.png\",\"width\":555,\"height\":375,\"caption\":\"Security Data & Video SA de CV\"},\"image\":{\"@id\":\"https:\/\/www.securitydataandvideo.com\/inicio\/#\/schema\/logo\/image\/\"}}]}<\/script>\n<!-- \/ Yoast SEO plugin. -->","yoast_head_json":{"title":"Security Data & Video - Sistemas de Seguridad en Guadalajara","description":"Seguridad Electr\u00f3nica y TI Expertos en seguridad para tu hogar o negocio, nos dedicamos a brindarle soluciones en sistemas de seguridad en Guadalajara.","robots":{"index":"index","follow":"follow","max-snippet":"max-snippet:-1","max-image-preview":"max-image-preview:large","max-video-preview":"max-video-preview:-1"},"canonical":"https:\/\/www.securitydataandvideo.com\/inicio\/","og_locale":"es_MX","og_type":"article","og_title":"Security Data & Video - Sistemas de Seguridad en Guadalajara","og_description":"Seguridad Electr\u00f3nica y TI Expertos en seguridad para tu hogar o negocio, nos dedicamos a brindarle soluciones en sistemas de seguridad en Guadalajara.","og_url":"https:\/\/www.securitydataandvideo.com\/inicio\/","og_site_name":"Security Data &amp; Video SA de CV.","article_modified_time":"2023-10-02T17:56:05+00:00","twitter_card":"summary","twitter_misc":{"Tiempo de lectura":"2 minutos"},"schema":{"@context":"https:\/\/schema.org","@graph":[{"@type":"WebPage","@id":"https:\/\/www.securitydataandvideo.com\/inicio\/","url":"https:\/\/www.securitydataandvideo.com\/inicio\/","name":"Security Data & Video - Sistemas de Seguridad en Guadalajara","isPartOf":{"@id":"https:\/\/www.securitydataandvideo.com\/inicio\/#website"},"datePublished":"2016-10-01T14:40:23+00:00","dateModified":"2023-10-02T17:56:05+00:00","description":"Seguridad Electr\u00f3nica y TI Expertos en seguridad para tu hogar o negocio, nos dedicamos a brindarle soluciones en sistemas de seguridad en Guadalajara.","breadcrumb":{"@id":"https:\/\/www.securitydataandvideo.com\/inicio\/#breadcrumb"},"inLanguage":"es-MX","potentialAction":[{"@type":"ReadAction","target":["https:\/\/www.securitydataandvideo.com\/inicio\/"]}]},{"@type":"BreadcrumbList","@id":"https:\/\/www.securitydataandvideo.com\/inicio\/#breadcrumb","itemListElement":[{"@type":"ListItem","position":1,"name":"Inicio","item":"https:\/\/www.securitydataandvideo.com\/inicio\/"},{"@type":"ListItem","position":2,"name":"Inicio"}]},{"@type":"WebSite","@id":"https:\/\/www.securitydataandvideo.com\/inicio\/#website","url":"https:\/\/www.securitydataandvideo.com\/inicio\/","name":"Security Data &amp; Video SA de CV.","description":"Seguridad Electr\u00f3nica y Energ\u00eda","publisher":{"@id":"https:\/\/www.securitydataandvideo.com\/inicio\/#organization"},"potentialAction":[{"@type":"SearchAction","target":{"@type":"EntryPoint","urlTemplate":"https:\/\/www.securitydataandvideo.com\/inicio\/?s={search_term_string}"},"query-input":"required name=search_term_string"}],"inLanguage":"es-MX"},{"@type":"Organization","@id":"https:\/\/www.securitydataandvideo.com\/inicio\/#organization","name":"Security Data & Video SA de CV","url":"https:\/\/www.securitydataandvideo.com\/inicio\/","sameAs":[],"logo":{"@type":"ImageObject","inLanguage":"es-MX","@id":"https:\/\/www.securitydataandvideo.com\/inicio\/#\/schema\/logo\/image\/","url":"https:\/\/www.securitydataandvideo.com\/inicio\/wp-content\/uploads\/2021\/10\/Logo-Azul.png","contentUrl":"https:\/\/www.securitydataandvideo.com\/inicio\/wp-content\/uploads\/2021\/10\/Logo-Azul.png","width":555,"height":375,"caption":"Security Data & Video SA de CV"},"image":{"@id":"https:\/\/www.securitydataandvideo.com\/inicio\/#\/schema\/logo\/image\/"}}]}},"_links":{"self":[{"href":"https:\/\/www.securitydataandvideo.com\/inicio\/wp-json\/wp\/v2\/pages\/11435"}],"collection":[{"href":"https:\/\/www.securitydataandvideo.com\/inicio\/wp-json\/wp\/v2\/pages"}],"about":[{"href":"https:\/\/www.securitydataandvideo.com\/inicio\/wp-json\/wp\/v2\/types\/page"}],"author":[{"embeddable":true,"href":"https:\/\/www.securitydataandvideo.com\/inicio\/wp-json\/wp\/v2\/users\/1"}],"replies":[{"embeddable":true,"href":"https:\/\/www.securitydataandvideo.com\/inicio\/wp-json\/wp\/v2\/comments?post=11435"}],"version-history":[{"count":176,"href":"https:\/\/www.securitydataandvideo.com\/inicio\/wp-json\/wp\/v2\/pages\/11435\/revisions"}],"predecessor-version":[{"id":16813,"href":"https:\/\/www.securitydataandvideo.com\/inicio\/wp-json\/wp\/v2\/pages\/11435\/revisions\/16813"}],"wp:attachment":[{"href":"https:\/\/www.securitydataandvideo.com\/inicio\/wp-json\/wp\/v2\/media?parent=11435"}],"curies":[{"name":"wp","href":"https:\/\/api.w.org\/{rel}","templated":true}]}}