{"id":11930,"date":"2017-01-27T17:13:09","date_gmt":"2017-01-27T23:13:09","guid":{"rendered":"http:\/\/www.securitydataandvideo.com\/inicio\/?page_id=11930"},"modified":"2017-02-08T19:52:47","modified_gmt":"2017-02-09T01:52:47","slug":"servicios","status":"publish","type":"page","link":"https:\/\/www.securitydataandvideo.com\/inicio\/servicios\/","title":{"rendered":"Servicios"},"content":{"rendered":"<p>[vc_row][vc_column][vc_empty_space][\/vc_column][\/vc_row][vc_row][vc_column][vc_column_text]<\/p>\n<p style=\"text-align: justify;\"><span style=\"font-size: 12pt;\">Una amplia gama de servicios con p\u00f3lizas de mantenimiento, p\u00f3lizas de soporte y consultor\u00eda de proyectos para que cuente con <strong>el respaldo de nuestros ingenieros profesionales, calificados y certificados por las marcas m\u00e1s importantes<\/strong> en el mercado.<\/span><\/p>\n<p>[\/vc_column_text][vc_empty_space][vc_empty_space][\/vc_column][\/vc_row][vc_row][vc_column width=&#8221;1\/3&#8243;][vc_single_image image=&#8221;11946&#8243; img_size=&#8221; 379 \u00d7 198&#8243; style=&#8221;vc_box_outline&#8221;]    <div class=\"service-block style-2 \">\n        <div class=\"box\">\n            <div class=\"service-icon fly_effect \"><\/div>\n            <div class=\"service-text\">\n                                    <div class=\"service-title\">P\u00f3lizas de Mantenimiento<\/div>\n                                                    <div class=\"service-desc\">Equipo de c\u00f3mputo, redes y equipo activo con p\u00f3lizas de mantenimiento<\/div>\n                            <\/div>\n        <\/div>\n    <\/div>\n\n    [vc_empty_space][vc_btn title=&#8221;Ver M\u00e1s&#8221; size=&#8221;sm&#8221; link=&#8221;url:http%3A%2F%2Fwww.securitydataandvideo.com%2Finicio%2Fpolizas-de-mantenimiento%2F|||&#8221;][\/vc_column][vc_column width=&#8221;1\/3&#8243;][vc_single_image image=&#8221;11949&#8243; img_size=&#8221; 379 \u00d7 198&#8243; style=&#8221;vc_box_outline&#8221;]    <div class=\"service-block style-2 \">\n        <div class=\"box\">\n            <div class=\"service-icon fly_effect \"><\/div>\n            <div class=\"service-text\">\n                                    <div class=\"service-title\">P\u00f3lizas de soporte<\/div>\n                                                    <div class=\"service-desc\">Atenci\u00f3n en sitio y remoto con nuestras p\u00f3lizas de soporte para aplicaciones y equipo<\/div>\n                            <\/div>\n        <\/div>\n    <\/div>\n\n    [vc_empty_space][vc_btn title=&#8221;Ver M\u00e1s&#8221; size=&#8221;sm&#8221; link=&#8221;url:http%3A%2F%2Fwww.securitydataandvideo.com%2Finicio%2Fpolizas-de-soporte%2F|||&#8221;][\/vc_column][vc_column width=&#8221;1\/3&#8243;][vc_single_image image=&#8221;11951&#8243; img_size=&#8221; 379 \u00d7 198&#8243; style=&#8221;vc_box_outline&#8221;]    <div class=\"service-block style-2 \">\n        <div class=\"box\">\n            <div class=\"service-icon fly_effect \"><\/div>\n            <div class=\"service-text\">\n                                    <div class=\"service-title\">Consultor\u00eda de proyectos<\/div>\n                                                    <div class=\"service-desc\">Asesor\u00eda integral en consultor\u00eda de proyectos <\/div>\n                            <\/div>\n        <\/div>\n    <\/div>\n\n    [vc_empty_space height=&#8221;60px&#8221;][vc_btn title=&#8221;Ver M\u00e1s&#8221; size=&#8221;sm&#8221; link=&#8221;url:http%3A%2F%2Fwww.securitydataandvideo.com%2Finicio%2Fconsultoria-de-proyectos%2F|||&#8221;][\/vc_column][\/vc_row]<\/p>\n","protected":false},"excerpt":{"rendered":"<p>[vc_row][vc_column][vc_empty_space][\/vc_column][\/vc_row][vc_row][vc_column][vc_column_text] Una amplia gama de servicios con p\u00f3lizas de mantenimiento, p\u00f3lizas de soporte y consultor\u00eda de proyectos para que cuente con el respaldo de nuestros ingenieros profesionales, calificados y certificados por las marcas m\u00e1s importantes en el mercado. [\/vc_column_text][vc_empty_space][vc_empty_space][\/vc_column][\/vc_row][vc_row][vc_column width=&#8221;1\/3&#8243;][vc_single_image image=&#8221;11946&#8243; img_size=&#8221; 379 \u00d7 198&#8243; style=&#8221;vc_box_outline&#8221;][vc_empty_space][vc_btn title=&#8221;Ver M\u00e1s&#8221; size=&#8221;sm&#8221; link=&#8221;url:http%3A%2F%2Fwww.securitydataandvideo.com%2Finicio%2Fpolizas-de-mantenimiento%2F|||&#8221;][\/vc_column][vc_column width=&#8221;1\/3&#8243;][vc_single_image image=&#8221;11949&#8243; img_size=&#8221; 379 \u00d7 &hellip;<\/p>\n<p class=\"read-more\"> <a class=\"\" href=\"https:\/\/www.securitydataandvideo.com\/inicio\/servicios\/\"> <span class=\"screen-reader-text\">Servicios<\/span> Leer m\u00e1s &raquo;<\/a><\/p>\n","protected":false},"author":1,"featured_media":0,"parent":0,"menu_order":0,"comment_status":"closed","ping_status":"closed","template":"page-visual-composer.php","meta":{"site-sidebar-layout":"no-sidebar","site-content-layout":"plain-container","ast-site-content-layout":"","site-content-style":"default","site-sidebar-style":"default","ast-global-header-display":"","ast-banner-title-visibility":"","ast-main-header-display":"","ast-hfb-above-header-display":"","ast-hfb-below-header-display":"","ast-hfb-mobile-header-display":"","site-post-title":"disabled","ast-breadcrumbs-content":"","ast-featured-img":"disabled","footer-sml-layout":"","theme-transparent-header-meta":"","adv-header-id-meta":"","stick-header-meta":"","header-above-stick-meta":"","header-main-stick-meta":"","header-below-stick-meta":"","astra-migrate-meta-layouts":""},"yoast_head":"<!-- This site is optimized with the Yoast SEO plugin v19.5.1 - https:\/\/yoast.com\/wordpress\/plugins\/seo\/ -->\n<title>Servicios - Security Data &amp; Video SA de CV.<\/title>\n<meta name=\"robots\" content=\"index, follow, max-snippet:-1, max-image-preview:large, max-video-preview:-1\" \/>\n<link rel=\"canonical\" href=\"https:\/\/www.securitydataandvideo.com\/inicio\/servicios\/\" \/>\n<meta property=\"og:locale\" content=\"es_MX\" \/>\n<meta property=\"og:type\" content=\"article\" \/>\n<meta property=\"og:title\" content=\"Servicios - Security Data &amp; Video SA de CV.\" \/>\n<meta property=\"og:description\" content=\"[vc_row][vc_column][vc_empty_space][\/vc_column][\/vc_row][vc_row][vc_column][vc_column_text] Una amplia gama de servicios con p\u00f3lizas de mantenimiento, p\u00f3lizas de soporte y consultor\u00eda de proyectos para que cuente con el respaldo de nuestros ingenieros profesionales, calificados y certificados por las marcas m\u00e1s importantes en el mercado. [\/vc_column_text][vc_empty_space][vc_empty_space][\/vc_column][\/vc_row][vc_row][vc_column width=&#8221;1\/3&#8243;][vc_single_image image=&#8221;11946&#8243; img_size=&#8221; 379 \u00d7 198&#8243; style=&#8221;vc_box_outline&#8221;][vc_empty_space][vc_btn title=&#8221;Ver M\u00e1s&#8221; size=&#8221;sm&#8221; link=&#8221;url:http%3A%2F%2Fwww.securitydataandvideo.com%2Finicio%2Fpolizas-de-mantenimiento%2F|||&#8221;][\/vc_column][vc_column width=&#8221;1\/3&#8243;][vc_single_image image=&#8221;11949&#8243; img_size=&#8221; 379 \u00d7 &hellip; Servicios Leer m\u00e1s &raquo;\" \/>\n<meta property=\"og:url\" content=\"https:\/\/www.securitydataandvideo.com\/inicio\/servicios\/\" \/>\n<meta property=\"og:site_name\" content=\"Security Data &amp; Video SA de CV.\" \/>\n<meta property=\"article:modified_time\" content=\"2017-02-09T01:52:47+00:00\" \/>\n<meta name=\"twitter:card\" content=\"summary\" \/>\n<meta name=\"twitter:label1\" content=\"Tiempo de lectura\" \/>\n\t<meta name=\"twitter:data1\" content=\"1 minuto\" \/>\n<script type=\"application\/ld+json\" class=\"yoast-schema-graph\">{\"@context\":\"https:\/\/schema.org\",\"@graph\":[{\"@type\":\"WebPage\",\"@id\":\"https:\/\/www.securitydataandvideo.com\/inicio\/servicios\/\",\"url\":\"https:\/\/www.securitydataandvideo.com\/inicio\/servicios\/\",\"name\":\"Servicios - Security Data &amp; Video SA de CV.\",\"isPartOf\":{\"@id\":\"https:\/\/www.securitydataandvideo.com\/inicio\/#website\"},\"datePublished\":\"2017-01-27T23:13:09+00:00\",\"dateModified\":\"2017-02-09T01:52:47+00:00\",\"breadcrumb\":{\"@id\":\"https:\/\/www.securitydataandvideo.com\/inicio\/servicios\/#breadcrumb\"},\"inLanguage\":\"es-MX\",\"potentialAction\":[{\"@type\":\"ReadAction\",\"target\":[\"https:\/\/www.securitydataandvideo.com\/inicio\/servicios\/\"]}]},{\"@type\":\"BreadcrumbList\",\"@id\":\"https:\/\/www.securitydataandvideo.com\/inicio\/servicios\/#breadcrumb\",\"itemListElement\":[{\"@type\":\"ListItem\",\"position\":1,\"name\":\"Inicio\",\"item\":\"https:\/\/www.securitydataandvideo.com\/inicio\/\"},{\"@type\":\"ListItem\",\"position\":2,\"name\":\"Servicios\"}]},{\"@type\":\"WebSite\",\"@id\":\"https:\/\/www.securitydataandvideo.com\/inicio\/#website\",\"url\":\"https:\/\/www.securitydataandvideo.com\/inicio\/\",\"name\":\"Security Data &amp; Video SA de CV.\",\"description\":\"Seguridad Electr\u00f3nica y Energ\u00eda\",\"publisher\":{\"@id\":\"https:\/\/www.securitydataandvideo.com\/inicio\/#organization\"},\"potentialAction\":[{\"@type\":\"SearchAction\",\"target\":{\"@type\":\"EntryPoint\",\"urlTemplate\":\"https:\/\/www.securitydataandvideo.com\/inicio\/?s={search_term_string}\"},\"query-input\":\"required name=search_term_string\"}],\"inLanguage\":\"es-MX\"},{\"@type\":\"Organization\",\"@id\":\"https:\/\/www.securitydataandvideo.com\/inicio\/#organization\",\"name\":\"Security Data & Video SA de CV\",\"url\":\"https:\/\/www.securitydataandvideo.com\/inicio\/\",\"sameAs\":[],\"logo\":{\"@type\":\"ImageObject\",\"inLanguage\":\"es-MX\",\"@id\":\"https:\/\/www.securitydataandvideo.com\/inicio\/#\/schema\/logo\/image\/\",\"url\":\"https:\/\/www.securitydataandvideo.com\/inicio\/wp-content\/uploads\/2021\/10\/Logo-Azul.png\",\"contentUrl\":\"https:\/\/www.securitydataandvideo.com\/inicio\/wp-content\/uploads\/2021\/10\/Logo-Azul.png\",\"width\":555,\"height\":375,\"caption\":\"Security Data & Video SA de CV\"},\"image\":{\"@id\":\"https:\/\/www.securitydataandvideo.com\/inicio\/#\/schema\/logo\/image\/\"}}]}<\/script>\n<!-- \/ Yoast SEO plugin. -->","yoast_head_json":{"title":"Servicios - Security Data &amp; Video SA de CV.","robots":{"index":"index","follow":"follow","max-snippet":"max-snippet:-1","max-image-preview":"max-image-preview:large","max-video-preview":"max-video-preview:-1"},"canonical":"https:\/\/www.securitydataandvideo.com\/inicio\/servicios\/","og_locale":"es_MX","og_type":"article","og_title":"Servicios - Security Data &amp; Video SA de CV.","og_description":"[vc_row][vc_column][vc_empty_space][\/vc_column][\/vc_row][vc_row][vc_column][vc_column_text] Una amplia gama de servicios con p\u00f3lizas de mantenimiento, p\u00f3lizas de soporte y consultor\u00eda de proyectos para que cuente con el respaldo de nuestros ingenieros profesionales, calificados y certificados por las marcas m\u00e1s importantes en el mercado. [\/vc_column_text][vc_empty_space][vc_empty_space][\/vc_column][\/vc_row][vc_row][vc_column width=&#8221;1\/3&#8243;][vc_single_image image=&#8221;11946&#8243; img_size=&#8221; 379 \u00d7 198&#8243; style=&#8221;vc_box_outline&#8221;][vc_empty_space][vc_btn title=&#8221;Ver M\u00e1s&#8221; size=&#8221;sm&#8221; link=&#8221;url:http%3A%2F%2Fwww.securitydataandvideo.com%2Finicio%2Fpolizas-de-mantenimiento%2F|||&#8221;][\/vc_column][vc_column width=&#8221;1\/3&#8243;][vc_single_image image=&#8221;11949&#8243; img_size=&#8221; 379 \u00d7 &hellip; Servicios Leer m\u00e1s &raquo;","og_url":"https:\/\/www.securitydataandvideo.com\/inicio\/servicios\/","og_site_name":"Security Data &amp; Video SA de CV.","article_modified_time":"2017-02-09T01:52:47+00:00","twitter_card":"summary","twitter_misc":{"Tiempo de lectura":"1 minuto"},"schema":{"@context":"https:\/\/schema.org","@graph":[{"@type":"WebPage","@id":"https:\/\/www.securitydataandvideo.com\/inicio\/servicios\/","url":"https:\/\/www.securitydataandvideo.com\/inicio\/servicios\/","name":"Servicios - Security Data &amp; Video SA de CV.","isPartOf":{"@id":"https:\/\/www.securitydataandvideo.com\/inicio\/#website"},"datePublished":"2017-01-27T23:13:09+00:00","dateModified":"2017-02-09T01:52:47+00:00","breadcrumb":{"@id":"https:\/\/www.securitydataandvideo.com\/inicio\/servicios\/#breadcrumb"},"inLanguage":"es-MX","potentialAction":[{"@type":"ReadAction","target":["https:\/\/www.securitydataandvideo.com\/inicio\/servicios\/"]}]},{"@type":"BreadcrumbList","@id":"https:\/\/www.securitydataandvideo.com\/inicio\/servicios\/#breadcrumb","itemListElement":[{"@type":"ListItem","position":1,"name":"Inicio","item":"https:\/\/www.securitydataandvideo.com\/inicio\/"},{"@type":"ListItem","position":2,"name":"Servicios"}]},{"@type":"WebSite","@id":"https:\/\/www.securitydataandvideo.com\/inicio\/#website","url":"https:\/\/www.securitydataandvideo.com\/inicio\/","name":"Security Data &amp; Video SA de CV.","description":"Seguridad Electr\u00f3nica y Energ\u00eda","publisher":{"@id":"https:\/\/www.securitydataandvideo.com\/inicio\/#organization"},"potentialAction":[{"@type":"SearchAction","target":{"@type":"EntryPoint","urlTemplate":"https:\/\/www.securitydataandvideo.com\/inicio\/?s={search_term_string}"},"query-input":"required name=search_term_string"}],"inLanguage":"es-MX"},{"@type":"Organization","@id":"https:\/\/www.securitydataandvideo.com\/inicio\/#organization","name":"Security Data & Video SA de CV","url":"https:\/\/www.securitydataandvideo.com\/inicio\/","sameAs":[],"logo":{"@type":"ImageObject","inLanguage":"es-MX","@id":"https:\/\/www.securitydataandvideo.com\/inicio\/#\/schema\/logo\/image\/","url":"https:\/\/www.securitydataandvideo.com\/inicio\/wp-content\/uploads\/2021\/10\/Logo-Azul.png","contentUrl":"https:\/\/www.securitydataandvideo.com\/inicio\/wp-content\/uploads\/2021\/10\/Logo-Azul.png","width":555,"height":375,"caption":"Security Data & Video SA de CV"},"image":{"@id":"https:\/\/www.securitydataandvideo.com\/inicio\/#\/schema\/logo\/image\/"}}]}},"_links":{"self":[{"href":"https:\/\/www.securitydataandvideo.com\/inicio\/wp-json\/wp\/v2\/pages\/11930"}],"collection":[{"href":"https:\/\/www.securitydataandvideo.com\/inicio\/wp-json\/wp\/v2\/pages"}],"about":[{"href":"https:\/\/www.securitydataandvideo.com\/inicio\/wp-json\/wp\/v2\/types\/page"}],"author":[{"embeddable":true,"href":"https:\/\/www.securitydataandvideo.com\/inicio\/wp-json\/wp\/v2\/users\/1"}],"replies":[{"embeddable":true,"href":"https:\/\/www.securitydataandvideo.com\/inicio\/wp-json\/wp\/v2\/comments?post=11930"}],"version-history":[{"count":21,"href":"https:\/\/www.securitydataandvideo.com\/inicio\/wp-json\/wp\/v2\/pages\/11930\/revisions"}],"predecessor-version":[{"id":11935,"href":"https:\/\/www.securitydataandvideo.com\/inicio\/wp-json\/wp\/v2\/pages\/11930\/revisions\/11935"}],"wp:attachment":[{"href":"https:\/\/www.securitydataandvideo.com\/inicio\/wp-json\/wp\/v2\/media?parent=11930"}],"curies":[{"name":"wp","href":"https:\/\/api.w.org\/{rel}","templated":true}]}}