{"id":11983,"date":"2017-01-28T00:34:06","date_gmt":"2017-01-28T06:34:06","guid":{"rendered":"http:\/\/www.securitydataandvideo.com\/inicio\/?page_id=11983"},"modified":"2017-01-30T11:10:44","modified_gmt":"2017-01-30T17:10:44","slug":"polizas-de-soporte","status":"publish","type":"page","link":"https:\/\/www.securitydataandvideo.com\/inicio\/polizas-de-soporte\/","title":{"rendered":"P\u00f3lizas de Soporte"},"content":{"rendered":"<p>[vc_row][vc_column]<h5 class=\"lt-title clearfix title-style-2 \"><span>P\u00f3lizas de Soporte<\/span><\/h5>[\/vc_column][\/vc_row][vc_row][vc_column][vc_column_text]<\/p>\n<p style=\"text-align: justify;\"><span style=\"font-size: 12pt;\">Durante la operaci\u00f3n diaria del equipo activo de red, es com\u00fan que surjan eventualidades o requerimientos adicionales a la configuraci\u00f3n establecida, nuestras p\u00f3lzas de soporte le ofrecen la atenci\u00f3n completa para tales requerimientos o eventualidades.<\/span><\/p>\n<p>[\/vc_column_text][\/vc_column][\/vc_row][vc_row][vc_column][vc_column_text]<\/p>\n<h2 style=\"text-align: justify;\"><span style=\"font-size: 18pt; color: #0757a6;\">P\u00f3lizas de soporte t\u00e9cnico con ingenieros certificados para equipo de red Fortinet y Enterasys<\/span><\/h2>\n<p>[\/vc_column_text][\/vc_column][\/vc_row][vc_row][vc_column][vc_empty_space][\/vc_column][\/vc_row][vc_row][vc_column][vc_column_text]<\/p>\n<p style=\"text-align: justify;\"><span style=\"font-size: 12pt; color: #333333;\"><span style=\"color: #003300;\"><span class=\"sic\" style=\"color: #0757a6;\">Security Data &amp; Video S.A. de C.V.<\/span> <span style=\"color: #333333;\">cuenta con ingenieros certificados por Fortinet y Enterasys, as\u00ed que <strong>podemos ofrecerle la m\u00e1s alta calidad en atenci\u00f3n para sus requerimientos con p\u00f3lizas de soporte, asegurandole el completo conocimiento de las plataformas<\/strong>.<\/span><\/span><\/span><\/p>\n<p>[\/vc_column_text][\/vc_column][\/vc_row][vc_row][vc_column][vc_empty_space][vc_column_text]<\/p>\n<p style=\"text-align: justify;\"><span style=\"font-size: 12pt; color: #333333;\"><span style=\"color: #003300;\"><img loading=\"lazy\" class=\"wp-image-11988 size-medium alignleft\" src=\"http:\/\/www.securitydataandvideo.com\/inicio\/wp-content\/uploads\/2017\/01\/Sin-t\u00edtulo-2-280x151.jpg\" width=\"280\" height=\"151\" srcset=\"https:\/\/www.securitydataandvideo.com\/inicio\/wp-content\/uploads\/2017\/01\/Sin-t\u00edtulo-2-280x150.jpg 280w, https:\/\/www.securitydataandvideo.com\/inicio\/wp-content\/uploads\/2017\/01\/Sin-t\u00edtulo-2.jpg 357w\" sizes=\"(max-width: 280px) 100vw, 280px\" \/><span style=\"color: #333333;\"><strong>Fortinet y Enterasys son marcas de reconocido prestigio para equipo activo de red, ya que las prestaciones de sus equipos son de muy eleveda calidad<\/strong>. Con nuestras p\u00f3lizas de soporte usted contar\u00e1 con nuestro respaldo para aprovechar al m\u00e1ximo las posibilidades de su equipo instalado.<\/span><\/span><\/span><\/p>\n<p>[\/vc_column_text][\/vc_column][\/vc_row][vc_row][vc_column][vc_empty_space][\/vc_column][\/vc_row][vc_row][vc_column][vc_row_inner][vc_column_inner width=&#8221;1\/6&#8243;][vc_single_image image=&#8221;11989&#8243; img_size=&#8221;130 \u00d7 104&#8243; alignment=&#8221;right&#8221;][\/vc_column_inner][vc_column_inner width=&#8221;5\/6&#8243;][vc_column_text]<\/p>\n<p style=\"text-align: justify;\"><span style=\"font-size: 12pt; color: #333333;\">Nuestras p\u00f3lizas de soporte <strong>pueden ser con servicios en sitio o a distancia, tanto telef\u00f3nico, electr\u00f3nico o con conexi\u00f3n remota<\/strong>. Somos su mejor alternativa, nuestra experiencia con instalaciones realizadas y con p\u00f3lizas vigentes atendiendo a clientes totalmente satisfechos nos respaldan.<\/span><\/p>\n<p>[\/vc_column_text][\/vc_column_inner][\/vc_row_inner][\/vc_column][\/vc_row][vc_row][vc_column][vc_empty_space][\/vc_column][\/vc_row][vc_row][vc_column width=&#8221;1\/2&#8243;][vc_single_image image=&#8221;12037&#8243; img_size=&#8221;180&#215;83&#8243; alignment=&#8221;right&#8221; css_animation=&#8221;zoomIn&#8221;][\/vc_column][vc_column width=&#8221;1\/2&#8243;][vc_single_image image=&#8221;12038&#8243; img_size=&#8221;180&#215;83&#8243; alignment=&#8221;center&#8221; css_animation=&#8221;zoomIn&#8221;][\/vc_column][\/vc_row]<\/p>\n","protected":false},"excerpt":{"rendered":"<p>[vc_row][vc_column][\/vc_column][\/vc_row][vc_row][vc_column][vc_column_text] Durante la operaci\u00f3n diaria del equipo activo de red, es com\u00fan que surjan eventualidades o requerimientos adicionales a la configuraci\u00f3n establecida, nuestras p\u00f3lzas de soporte le ofrecen la atenci\u00f3n completa para tales requerimientos o eventualidades. [\/vc_column_text][\/vc_column][\/vc_row][vc_row][vc_column][vc_column_text] P\u00f3lizas de soporte t\u00e9cnico con ingenieros certificados para equipo de red Fortinet y Enterasys [\/vc_column_text][\/vc_column][\/vc_row][vc_row][vc_column][vc_empty_space][\/vc_column][\/vc_row][vc_row][vc_column][vc_column_text] Security Data &amp; &hellip;<\/p>\n<p class=\"read-more\"> <a class=\"\" href=\"https:\/\/www.securitydataandvideo.com\/inicio\/polizas-de-soporte\/\"> <span class=\"screen-reader-text\">P\u00f3lizas de Soporte<\/span> Leer m\u00e1s &raquo;<\/a><\/p>\n","protected":false},"author":1,"featured_media":0,"parent":0,"menu_order":0,"comment_status":"closed","ping_status":"closed","template":"page-right-sidebar.php","meta":{"site-sidebar-layout":"no-sidebar","site-content-layout":"plain-container","ast-site-content-layout":"","site-content-style":"default","site-sidebar-style":"default","ast-global-header-display":"","ast-banner-title-visibility":"","ast-main-header-display":"","ast-hfb-above-header-display":"","ast-hfb-below-header-display":"","ast-hfb-mobile-header-display":"","site-post-title":"disabled","ast-breadcrumbs-content":"","ast-featured-img":"disabled","footer-sml-layout":"","theme-transparent-header-meta":"","adv-header-id-meta":"","stick-header-meta":"","header-above-stick-meta":"","header-main-stick-meta":"","header-below-stick-meta":"","astra-migrate-meta-layouts":""},"yoast_head":"<!-- This site is optimized with the Yoast SEO plugin v19.5.1 - https:\/\/yoast.com\/wordpress\/plugins\/seo\/ -->\n<title>P\u00f3lizas de Soporte - Security Data &amp; Video SA de CV.<\/title>\n<meta name=\"robots\" content=\"index, follow, max-snippet:-1, max-image-preview:large, max-video-preview:-1\" \/>\n<link rel=\"canonical\" href=\"https:\/\/www.securitydataandvideo.com\/inicio\/polizas-de-soporte\/\" \/>\n<meta property=\"og:locale\" content=\"es_MX\" \/>\n<meta property=\"og:type\" content=\"article\" \/>\n<meta property=\"og:title\" content=\"P\u00f3lizas de Soporte - Security Data &amp; Video SA de CV.\" \/>\n<meta property=\"og:description\" content=\"[vc_row][vc_column][\/vc_column][\/vc_row][vc_row][vc_column][vc_column_text] Durante la operaci\u00f3n diaria del equipo activo de red, es com\u00fan que surjan eventualidades o requerimientos adicionales a la configuraci\u00f3n establecida, nuestras p\u00f3lzas de soporte le ofrecen la atenci\u00f3n completa para tales requerimientos o eventualidades. [\/vc_column_text][\/vc_column][\/vc_row][vc_row][vc_column][vc_column_text] P\u00f3lizas de soporte t\u00e9cnico con ingenieros certificados para equipo de red Fortinet y Enterasys [\/vc_column_text][\/vc_column][\/vc_row][vc_row][vc_column][vc_empty_space][\/vc_column][\/vc_row][vc_row][vc_column][vc_column_text] Security Data &amp; &hellip; P\u00f3lizas de Soporte Leer m\u00e1s &raquo;\" \/>\n<meta property=\"og:url\" content=\"https:\/\/www.securitydataandvideo.com\/inicio\/polizas-de-soporte\/\" \/>\n<meta property=\"og:site_name\" content=\"Security Data &amp; Video SA de CV.\" \/>\n<meta property=\"article:modified_time\" content=\"2017-01-30T17:10:44+00:00\" \/>\n<meta name=\"twitter:card\" content=\"summary\" \/>\n<meta name=\"twitter:label1\" content=\"Tiempo de lectura\" \/>\n\t<meta name=\"twitter:data1\" content=\"2 minutos\" \/>\n<script type=\"application\/ld+json\" class=\"yoast-schema-graph\">{\"@context\":\"https:\/\/schema.org\",\"@graph\":[{\"@type\":\"WebPage\",\"@id\":\"https:\/\/www.securitydataandvideo.com\/inicio\/polizas-de-soporte\/\",\"url\":\"https:\/\/www.securitydataandvideo.com\/inicio\/polizas-de-soporte\/\",\"name\":\"P\u00f3lizas de Soporte - Security Data &amp; Video SA de CV.\",\"isPartOf\":{\"@id\":\"https:\/\/www.securitydataandvideo.com\/inicio\/#website\"},\"datePublished\":\"2017-01-28T06:34:06+00:00\",\"dateModified\":\"2017-01-30T17:10:44+00:00\",\"breadcrumb\":{\"@id\":\"https:\/\/www.securitydataandvideo.com\/inicio\/polizas-de-soporte\/#breadcrumb\"},\"inLanguage\":\"es-MX\",\"potentialAction\":[{\"@type\":\"ReadAction\",\"target\":[\"https:\/\/www.securitydataandvideo.com\/inicio\/polizas-de-soporte\/\"]}]},{\"@type\":\"BreadcrumbList\",\"@id\":\"https:\/\/www.securitydataandvideo.com\/inicio\/polizas-de-soporte\/#breadcrumb\",\"itemListElement\":[{\"@type\":\"ListItem\",\"position\":1,\"name\":\"Inicio\",\"item\":\"https:\/\/www.securitydataandvideo.com\/inicio\/\"},{\"@type\":\"ListItem\",\"position\":2,\"name\":\"P\u00f3lizas de Soporte\"}]},{\"@type\":\"WebSite\",\"@id\":\"https:\/\/www.securitydataandvideo.com\/inicio\/#website\",\"url\":\"https:\/\/www.securitydataandvideo.com\/inicio\/\",\"name\":\"Security Data &amp; Video SA de CV.\",\"description\":\"Seguridad Electr\u00f3nica y Energ\u00eda\",\"publisher\":{\"@id\":\"https:\/\/www.securitydataandvideo.com\/inicio\/#organization\"},\"potentialAction\":[{\"@type\":\"SearchAction\",\"target\":{\"@type\":\"EntryPoint\",\"urlTemplate\":\"https:\/\/www.securitydataandvideo.com\/inicio\/?s={search_term_string}\"},\"query-input\":\"required name=search_term_string\"}],\"inLanguage\":\"es-MX\"},{\"@type\":\"Organization\",\"@id\":\"https:\/\/www.securitydataandvideo.com\/inicio\/#organization\",\"name\":\"Security Data & Video SA de CV\",\"url\":\"https:\/\/www.securitydataandvideo.com\/inicio\/\",\"sameAs\":[],\"logo\":{\"@type\":\"ImageObject\",\"inLanguage\":\"es-MX\",\"@id\":\"https:\/\/www.securitydataandvideo.com\/inicio\/#\/schema\/logo\/image\/\",\"url\":\"https:\/\/www.securitydataandvideo.com\/inicio\/wp-content\/uploads\/2021\/10\/Logo-Azul.png\",\"contentUrl\":\"https:\/\/www.securitydataandvideo.com\/inicio\/wp-content\/uploads\/2021\/10\/Logo-Azul.png\",\"width\":555,\"height\":375,\"caption\":\"Security Data & Video SA de CV\"},\"image\":{\"@id\":\"https:\/\/www.securitydataandvideo.com\/inicio\/#\/schema\/logo\/image\/\"}}]}<\/script>\n<!-- \/ Yoast SEO plugin. -->","yoast_head_json":{"title":"P\u00f3lizas de Soporte - Security Data &amp; Video SA de CV.","robots":{"index":"index","follow":"follow","max-snippet":"max-snippet:-1","max-image-preview":"max-image-preview:large","max-video-preview":"max-video-preview:-1"},"canonical":"https:\/\/www.securitydataandvideo.com\/inicio\/polizas-de-soporte\/","og_locale":"es_MX","og_type":"article","og_title":"P\u00f3lizas de Soporte - Security Data &amp; Video SA de CV.","og_description":"[vc_row][vc_column][\/vc_column][\/vc_row][vc_row][vc_column][vc_column_text] Durante la operaci\u00f3n diaria del equipo activo de red, es com\u00fan que surjan eventualidades o requerimientos adicionales a la configuraci\u00f3n establecida, nuestras p\u00f3lzas de soporte le ofrecen la atenci\u00f3n completa para tales requerimientos o eventualidades. [\/vc_column_text][\/vc_column][\/vc_row][vc_row][vc_column][vc_column_text] P\u00f3lizas de soporte t\u00e9cnico con ingenieros certificados para equipo de red Fortinet y Enterasys [\/vc_column_text][\/vc_column][\/vc_row][vc_row][vc_column][vc_empty_space][\/vc_column][\/vc_row][vc_row][vc_column][vc_column_text] Security Data &amp; &hellip; P\u00f3lizas de Soporte Leer m\u00e1s &raquo;","og_url":"https:\/\/www.securitydataandvideo.com\/inicio\/polizas-de-soporte\/","og_site_name":"Security Data &amp; Video SA de CV.","article_modified_time":"2017-01-30T17:10:44+00:00","twitter_card":"summary","twitter_misc":{"Tiempo de lectura":"2 minutos"},"schema":{"@context":"https:\/\/schema.org","@graph":[{"@type":"WebPage","@id":"https:\/\/www.securitydataandvideo.com\/inicio\/polizas-de-soporte\/","url":"https:\/\/www.securitydataandvideo.com\/inicio\/polizas-de-soporte\/","name":"P\u00f3lizas de Soporte - Security Data &amp; Video SA de CV.","isPartOf":{"@id":"https:\/\/www.securitydataandvideo.com\/inicio\/#website"},"datePublished":"2017-01-28T06:34:06+00:00","dateModified":"2017-01-30T17:10:44+00:00","breadcrumb":{"@id":"https:\/\/www.securitydataandvideo.com\/inicio\/polizas-de-soporte\/#breadcrumb"},"inLanguage":"es-MX","potentialAction":[{"@type":"ReadAction","target":["https:\/\/www.securitydataandvideo.com\/inicio\/polizas-de-soporte\/"]}]},{"@type":"BreadcrumbList","@id":"https:\/\/www.securitydataandvideo.com\/inicio\/polizas-de-soporte\/#breadcrumb","itemListElement":[{"@type":"ListItem","position":1,"name":"Inicio","item":"https:\/\/www.securitydataandvideo.com\/inicio\/"},{"@type":"ListItem","position":2,"name":"P\u00f3lizas de Soporte"}]},{"@type":"WebSite","@id":"https:\/\/www.securitydataandvideo.com\/inicio\/#website","url":"https:\/\/www.securitydataandvideo.com\/inicio\/","name":"Security Data &amp; Video SA de CV.","description":"Seguridad Electr\u00f3nica y Energ\u00eda","publisher":{"@id":"https:\/\/www.securitydataandvideo.com\/inicio\/#organization"},"potentialAction":[{"@type":"SearchAction","target":{"@type":"EntryPoint","urlTemplate":"https:\/\/www.securitydataandvideo.com\/inicio\/?s={search_term_string}"},"query-input":"required name=search_term_string"}],"inLanguage":"es-MX"},{"@type":"Organization","@id":"https:\/\/www.securitydataandvideo.com\/inicio\/#organization","name":"Security Data & Video SA de CV","url":"https:\/\/www.securitydataandvideo.com\/inicio\/","sameAs":[],"logo":{"@type":"ImageObject","inLanguage":"es-MX","@id":"https:\/\/www.securitydataandvideo.com\/inicio\/#\/schema\/logo\/image\/","url":"https:\/\/www.securitydataandvideo.com\/inicio\/wp-content\/uploads\/2021\/10\/Logo-Azul.png","contentUrl":"https:\/\/www.securitydataandvideo.com\/inicio\/wp-content\/uploads\/2021\/10\/Logo-Azul.png","width":555,"height":375,"caption":"Security Data & Video SA de CV"},"image":{"@id":"https:\/\/www.securitydataandvideo.com\/inicio\/#\/schema\/logo\/image\/"}}]}},"_links":{"self":[{"href":"https:\/\/www.securitydataandvideo.com\/inicio\/wp-json\/wp\/v2\/pages\/11983"}],"collection":[{"href":"https:\/\/www.securitydataandvideo.com\/inicio\/wp-json\/wp\/v2\/pages"}],"about":[{"href":"https:\/\/www.securitydataandvideo.com\/inicio\/wp-json\/wp\/v2\/types\/page"}],"author":[{"embeddable":true,"href":"https:\/\/www.securitydataandvideo.com\/inicio\/wp-json\/wp\/v2\/users\/1"}],"replies":[{"embeddable":true,"href":"https:\/\/www.securitydataandvideo.com\/inicio\/wp-json\/wp\/v2\/comments?post=11983"}],"version-history":[{"count":9,"href":"https:\/\/www.securitydataandvideo.com\/inicio\/wp-json\/wp\/v2\/pages\/11983\/revisions"}],"predecessor-version":[{"id":12040,"href":"https:\/\/www.securitydataandvideo.com\/inicio\/wp-json\/wp\/v2\/pages\/11983\/revisions\/12040"}],"wp:attachment":[{"href":"https:\/\/www.securitydataandvideo.com\/inicio\/wp-json\/wp\/v2\/media?parent=11983"}],"curies":[{"name":"wp","href":"https:\/\/api.w.org\/{rel}","templated":true}]}}