{"id":11995,"date":"2017-01-28T01:12:46","date_gmt":"2017-01-28T07:12:46","guid":{"rendered":"http:\/\/www.securitydataandvideo.com\/inicio\/?page_id=11995"},"modified":"2017-01-30T10:08:11","modified_gmt":"2017-01-30T16:08:11","slug":"consultoria-de-proyectos","status":"publish","type":"page","link":"https:\/\/www.securitydataandvideo.com\/inicio\/consultoria-de-proyectos\/","title":{"rendered":"Consultor\u00eda de Proyectos"},"content":{"rendered":"<p>[vc_row][vc_column]<h5 class=\"lt-title clearfix title-style-2 \"><span>Consultor\u00eda de Proyectos<\/span><\/h5>[\/vc_column][\/vc_row][vc_row][vc_column][vc_column_text]<\/p>\n<p style=\"text-align: justify;\"><span style=\"font-size: 12pt; color: #333333;\">Las inversiones en TI disminuyen los costos de propiedad cuando desde el inicio de operaciones se cuenta con el apoyo profesional y especializado. Es as\u00ed que la consultor\u00eda de proyectos constituye un ahorro en la inversi\u00f3n.<\/span><\/p>\n<p style=\"text-align: justify;\"><span style=\"font-size: 12pt;\">\u00a0<\/span><\/p>\n<p>[\/vc_column_text][\/vc_column][\/vc_row][vc_row][vc_column][vc_column_text]<\/p>\n<h2><span style=\"font-size: 18pt; color: #0757a6;\">La mejor toma de decisi\u00f3n con nuestros servicios en consultor\u00eda de proyectos.<\/span><\/h2>\n<p>[\/vc_column_text][\/vc_column][\/vc_row][vc_row][vc_column][vc_empty_space][\/vc_column][\/vc_row][vc_row][vc_column][vc_column_text]<\/p>\n<p style=\"text-align: justify;\"><span style=\"font-size: 12pt; color: #333333;\"><span style=\"color: #003300;\"><span style=\"color: #333333;\"><strong>Para el inicio de operaciones con equipos nuevos o aplicaciones nuevas, tambi\u00e9n migraciones o implantaciones de nueva tecnolog\u00eda o inclusi\u00f3n de nuevos servicios complementarios<\/strong>,<\/span> <span class=\"sic\"><span style=\"color: #0757a6;\">Security Data &amp; Video<\/span> <span style=\"color: #333333;\">S.A. de C.V.<\/span><\/span><span style=\"color: #333333;\"> pone a su disposici\u00f3n los servicios de consultor\u00eda de proyectos.<\/span><\/span><\/span><\/p>\n<p>[\/vc_column_text][\/vc_column][\/vc_row][vc_row][vc_column][vc_empty_space][vc_column_text]<\/p>\n<p style=\"text-align: justify;\"><span style=\"font-size: 12pt; color: #333333;\"><span style=\"color: #003300;\"><img loading=\"lazy\" class=\"wp-image-11998 size-medium alignleft\" src=\"http:\/\/www.securitydataandvideo.com\/inicio\/wp-content\/uploads\/2017\/01\/4-3-280x151.png\" width=\"280\" height=\"151\" srcset=\"https:\/\/www.securitydataandvideo.com\/inicio\/wp-content\/uploads\/2017\/01\/4-3-280x150.png 280w, https:\/\/www.securitydataandvideo.com\/inicio\/wp-content\/uploads\/2017\/01\/4-3.png 357w\" sizes=\"(max-width: 280px) 100vw, 280px\" \/><span style=\"color: #333333;\">Conjuntamos la experiencia de todo nuestro personal para apoyarle de manera coordinada en consultor\u00eda de proyectos. <strong>Desde las definiciones conceptuales y planeaci\u00f3n, hasta el inicio en la utilizaci\u00f3n de nuevos servicios inform\u00e1ticos, para que as\u00ed su proyecto este libre de complicaciones o retrasos<\/strong> y siempre funcionen con el mejor desempe\u00f1o y disponibilidad.<\/span><\/span><\/span><\/p>\n<p>[\/vc_column_text][vc_empty_space][\/vc_column][\/vc_row][vc_row][vc_column][vc_empty_space][\/vc_column][\/vc_row][vc_row][vc_column width=&#8221;1\/6&#8243;][vc_single_image image=&#8221;11999&#8243; img_size=&#8221;130 \u00d7 104&#8243; alignment=&#8221;right&#8221;][\/vc_column][vc_column width=&#8221;5\/6&#8243;][vc_column_text]<\/p>\n<p style=\"text-align: justify;\"><span style=\"font-size: 12pt; color: #333333;\">Contamos con <strong>ingenieros certificados, desde hace varios a\u00f1os y en capacitaci\u00f3n constante, por los principales fabricantes de software y hardware<\/strong> como Microsoft, HP, Fortinet, Enterasys, entre otros, para garantizarle el connocimiento y la experiencia que podemos ofrecerle con nuestro servicio de consultor\u00eda de proyectos.<\/span><\/p>\n<p>[\/vc_column_text][vc_empty_space][\/vc_column][\/vc_row]<\/p>\n","protected":false},"excerpt":{"rendered":"<p>[vc_row][vc_column][\/vc_column][\/vc_row][vc_row][vc_column][vc_column_text] Las inversiones en TI disminuyen los costos de propiedad cuando desde el inicio de operaciones se cuenta con el apoyo profesional y especializado. Es as\u00ed que la consultor\u00eda de proyectos constituye un ahorro en la inversi\u00f3n. \u00a0 [\/vc_column_text][\/vc_column][\/vc_row][vc_row][vc_column][vc_column_text] La mejor toma de decisi\u00f3n con nuestros servicios en consultor\u00eda de proyectos. [\/vc_column_text][\/vc_column][\/vc_row][vc_row][vc_column][vc_empty_space][\/vc_column][\/vc_row][vc_row][vc_column][vc_column_text] Para el inicio &hellip;<\/p>\n<p class=\"read-more\"> <a class=\"\" href=\"https:\/\/www.securitydataandvideo.com\/inicio\/consultoria-de-proyectos\/\"> <span class=\"screen-reader-text\">Consultor\u00eda de Proyectos<\/span> Leer m\u00e1s &raquo;<\/a><\/p>\n","protected":false},"author":1,"featured_media":0,"parent":0,"menu_order":0,"comment_status":"closed","ping_status":"closed","template":"page-right-sidebar.php","meta":{"site-sidebar-layout":"no-sidebar","site-content-layout":"plain-container","ast-site-content-layout":"","site-content-style":"default","site-sidebar-style":"default","ast-global-header-display":"","ast-banner-title-visibility":"","ast-main-header-display":"","ast-hfb-above-header-display":"","ast-hfb-below-header-display":"","ast-hfb-mobile-header-display":"","site-post-title":"disabled","ast-breadcrumbs-content":"","ast-featured-img":"disabled","footer-sml-layout":"","theme-transparent-header-meta":"","adv-header-id-meta":"","stick-header-meta":"","header-above-stick-meta":"","header-main-stick-meta":"","header-below-stick-meta":"","astra-migrate-meta-layouts":""},"yoast_head":"<!-- This site is optimized with the Yoast SEO plugin v19.5.1 - https:\/\/yoast.com\/wordpress\/plugins\/seo\/ -->\n<title>Consultor\u00eda de Proyectos - Security Data &amp; Video SA de CV.<\/title>\n<meta name=\"robots\" content=\"index, follow, max-snippet:-1, max-image-preview:large, max-video-preview:-1\" \/>\n<link rel=\"canonical\" href=\"https:\/\/www.securitydataandvideo.com\/inicio\/consultoria-de-proyectos\/\" \/>\n<meta property=\"og:locale\" content=\"es_MX\" \/>\n<meta property=\"og:type\" content=\"article\" \/>\n<meta property=\"og:title\" content=\"Consultor\u00eda de Proyectos - Security Data &amp; Video SA de CV.\" \/>\n<meta property=\"og:description\" content=\"[vc_row][vc_column][\/vc_column][\/vc_row][vc_row][vc_column][vc_column_text] Las inversiones en TI disminuyen los costos de propiedad cuando desde el inicio de operaciones se cuenta con el apoyo profesional y especializado. Es as\u00ed que la consultor\u00eda de proyectos constituye un ahorro en la inversi\u00f3n. \u00a0 [\/vc_column_text][\/vc_column][\/vc_row][vc_row][vc_column][vc_column_text] La mejor toma de decisi\u00f3n con nuestros servicios en consultor\u00eda de proyectos. [\/vc_column_text][\/vc_column][\/vc_row][vc_row][vc_column][vc_empty_space][\/vc_column][\/vc_row][vc_row][vc_column][vc_column_text] Para el inicio &hellip; Consultor\u00eda de Proyectos Leer m\u00e1s &raquo;\" \/>\n<meta property=\"og:url\" content=\"https:\/\/www.securitydataandvideo.com\/inicio\/consultoria-de-proyectos\/\" \/>\n<meta property=\"og:site_name\" content=\"Security Data &amp; Video SA de CV.\" \/>\n<meta property=\"article:modified_time\" content=\"2017-01-30T16:08:11+00:00\" \/>\n<meta property=\"og:image\" content=\"http:\/\/www.securitydataandvideo.com\/inicio\/wp-content\/uploads\/2017\/01\/4-3-280x151.png\" \/>\n<meta name=\"twitter:card\" content=\"summary\" \/>\n<meta name=\"twitter:label1\" content=\"Tiempo de lectura\" \/>\n\t<meta name=\"twitter:data1\" content=\"2 minutos\" \/>\n<script type=\"application\/ld+json\" class=\"yoast-schema-graph\">{\"@context\":\"https:\/\/schema.org\",\"@graph\":[{\"@type\":\"WebPage\",\"@id\":\"https:\/\/www.securitydataandvideo.com\/inicio\/consultoria-de-proyectos\/\",\"url\":\"https:\/\/www.securitydataandvideo.com\/inicio\/consultoria-de-proyectos\/\",\"name\":\"Consultor\u00eda de Proyectos - Security Data &amp; Video SA de CV.\",\"isPartOf\":{\"@id\":\"https:\/\/www.securitydataandvideo.com\/inicio\/#website\"},\"datePublished\":\"2017-01-28T07:12:46+00:00\",\"dateModified\":\"2017-01-30T16:08:11+00:00\",\"breadcrumb\":{\"@id\":\"https:\/\/www.securitydataandvideo.com\/inicio\/consultoria-de-proyectos\/#breadcrumb\"},\"inLanguage\":\"es-MX\",\"potentialAction\":[{\"@type\":\"ReadAction\",\"target\":[\"https:\/\/www.securitydataandvideo.com\/inicio\/consultoria-de-proyectos\/\"]}]},{\"@type\":\"BreadcrumbList\",\"@id\":\"https:\/\/www.securitydataandvideo.com\/inicio\/consultoria-de-proyectos\/#breadcrumb\",\"itemListElement\":[{\"@type\":\"ListItem\",\"position\":1,\"name\":\"Inicio\",\"item\":\"https:\/\/www.securitydataandvideo.com\/inicio\/\"},{\"@type\":\"ListItem\",\"position\":2,\"name\":\"Consultor\u00eda de Proyectos\"}]},{\"@type\":\"WebSite\",\"@id\":\"https:\/\/www.securitydataandvideo.com\/inicio\/#website\",\"url\":\"https:\/\/www.securitydataandvideo.com\/inicio\/\",\"name\":\"Security Data &amp; Video SA de CV.\",\"description\":\"Seguridad Electr\u00f3nica y Energ\u00eda\",\"publisher\":{\"@id\":\"https:\/\/www.securitydataandvideo.com\/inicio\/#organization\"},\"potentialAction\":[{\"@type\":\"SearchAction\",\"target\":{\"@type\":\"EntryPoint\",\"urlTemplate\":\"https:\/\/www.securitydataandvideo.com\/inicio\/?s={search_term_string}\"},\"query-input\":\"required name=search_term_string\"}],\"inLanguage\":\"es-MX\"},{\"@type\":\"Organization\",\"@id\":\"https:\/\/www.securitydataandvideo.com\/inicio\/#organization\",\"name\":\"Security Data & Video SA de CV\",\"url\":\"https:\/\/www.securitydataandvideo.com\/inicio\/\",\"sameAs\":[],\"logo\":{\"@type\":\"ImageObject\",\"inLanguage\":\"es-MX\",\"@id\":\"https:\/\/www.securitydataandvideo.com\/inicio\/#\/schema\/logo\/image\/\",\"url\":\"https:\/\/www.securitydataandvideo.com\/inicio\/wp-content\/uploads\/2021\/10\/Logo-Azul.png\",\"contentUrl\":\"https:\/\/www.securitydataandvideo.com\/inicio\/wp-content\/uploads\/2021\/10\/Logo-Azul.png\",\"width\":555,\"height\":375,\"caption\":\"Security Data & Video SA de CV\"},\"image\":{\"@id\":\"https:\/\/www.securitydataandvideo.com\/inicio\/#\/schema\/logo\/image\/\"}}]}<\/script>\n<!-- \/ Yoast SEO plugin. -->","yoast_head_json":{"title":"Consultor\u00eda de Proyectos - Security Data &amp; Video SA de CV.","robots":{"index":"index","follow":"follow","max-snippet":"max-snippet:-1","max-image-preview":"max-image-preview:large","max-video-preview":"max-video-preview:-1"},"canonical":"https:\/\/www.securitydataandvideo.com\/inicio\/consultoria-de-proyectos\/","og_locale":"es_MX","og_type":"article","og_title":"Consultor\u00eda de Proyectos - Security Data &amp; Video SA de CV.","og_description":"[vc_row][vc_column][\/vc_column][\/vc_row][vc_row][vc_column][vc_column_text] Las inversiones en TI disminuyen los costos de propiedad cuando desde el inicio de operaciones se cuenta con el apoyo profesional y especializado. Es as\u00ed que la consultor\u00eda de proyectos constituye un ahorro en la inversi\u00f3n. \u00a0 [\/vc_column_text][\/vc_column][\/vc_row][vc_row][vc_column][vc_column_text] La mejor toma de decisi\u00f3n con nuestros servicios en consultor\u00eda de proyectos. [\/vc_column_text][\/vc_column][\/vc_row][vc_row][vc_column][vc_empty_space][\/vc_column][\/vc_row][vc_row][vc_column][vc_column_text] Para el inicio &hellip; Consultor\u00eda de Proyectos Leer m\u00e1s &raquo;","og_url":"https:\/\/www.securitydataandvideo.com\/inicio\/consultoria-de-proyectos\/","og_site_name":"Security Data &amp; Video SA de CV.","article_modified_time":"2017-01-30T16:08:11+00:00","og_image":[{"url":"http:\/\/www.securitydataandvideo.com\/inicio\/wp-content\/uploads\/2017\/01\/4-3-280x151.png"}],"twitter_card":"summary","twitter_misc":{"Tiempo de lectura":"2 minutos"},"schema":{"@context":"https:\/\/schema.org","@graph":[{"@type":"WebPage","@id":"https:\/\/www.securitydataandvideo.com\/inicio\/consultoria-de-proyectos\/","url":"https:\/\/www.securitydataandvideo.com\/inicio\/consultoria-de-proyectos\/","name":"Consultor\u00eda de Proyectos - Security Data &amp; Video SA de CV.","isPartOf":{"@id":"https:\/\/www.securitydataandvideo.com\/inicio\/#website"},"datePublished":"2017-01-28T07:12:46+00:00","dateModified":"2017-01-30T16:08:11+00:00","breadcrumb":{"@id":"https:\/\/www.securitydataandvideo.com\/inicio\/consultoria-de-proyectos\/#breadcrumb"},"inLanguage":"es-MX","potentialAction":[{"@type":"ReadAction","target":["https:\/\/www.securitydataandvideo.com\/inicio\/consultoria-de-proyectos\/"]}]},{"@type":"BreadcrumbList","@id":"https:\/\/www.securitydataandvideo.com\/inicio\/consultoria-de-proyectos\/#breadcrumb","itemListElement":[{"@type":"ListItem","position":1,"name":"Inicio","item":"https:\/\/www.securitydataandvideo.com\/inicio\/"},{"@type":"ListItem","position":2,"name":"Consultor\u00eda de Proyectos"}]},{"@type":"WebSite","@id":"https:\/\/www.securitydataandvideo.com\/inicio\/#website","url":"https:\/\/www.securitydataandvideo.com\/inicio\/","name":"Security Data &amp; Video SA de CV.","description":"Seguridad Electr\u00f3nica y Energ\u00eda","publisher":{"@id":"https:\/\/www.securitydataandvideo.com\/inicio\/#organization"},"potentialAction":[{"@type":"SearchAction","target":{"@type":"EntryPoint","urlTemplate":"https:\/\/www.securitydataandvideo.com\/inicio\/?s={search_term_string}"},"query-input":"required name=search_term_string"}],"inLanguage":"es-MX"},{"@type":"Organization","@id":"https:\/\/www.securitydataandvideo.com\/inicio\/#organization","name":"Security Data & Video SA de CV","url":"https:\/\/www.securitydataandvideo.com\/inicio\/","sameAs":[],"logo":{"@type":"ImageObject","inLanguage":"es-MX","@id":"https:\/\/www.securitydataandvideo.com\/inicio\/#\/schema\/logo\/image\/","url":"https:\/\/www.securitydataandvideo.com\/inicio\/wp-content\/uploads\/2021\/10\/Logo-Azul.png","contentUrl":"https:\/\/www.securitydataandvideo.com\/inicio\/wp-content\/uploads\/2021\/10\/Logo-Azul.png","width":555,"height":375,"caption":"Security Data & Video SA de CV"},"image":{"@id":"https:\/\/www.securitydataandvideo.com\/inicio\/#\/schema\/logo\/image\/"}}]}},"_links":{"self":[{"href":"https:\/\/www.securitydataandvideo.com\/inicio\/wp-json\/wp\/v2\/pages\/11995"}],"collection":[{"href":"https:\/\/www.securitydataandvideo.com\/inicio\/wp-json\/wp\/v2\/pages"}],"about":[{"href":"https:\/\/www.securitydataandvideo.com\/inicio\/wp-json\/wp\/v2\/types\/page"}],"author":[{"embeddable":true,"href":"https:\/\/www.securitydataandvideo.com\/inicio\/wp-json\/wp\/v2\/users\/1"}],"replies":[{"embeddable":true,"href":"https:\/\/www.securitydataandvideo.com\/inicio\/wp-json\/wp\/v2\/comments?post=11995"}],"version-history":[{"count":9,"href":"https:\/\/www.securitydataandvideo.com\/inicio\/wp-json\/wp\/v2\/pages\/11995\/revisions"}],"predecessor-version":[{"id":11997,"href":"https:\/\/www.securitydataandvideo.com\/inicio\/wp-json\/wp\/v2\/pages\/11995\/revisions\/11997"}],"wp:attachment":[{"href":"https:\/\/www.securitydataandvideo.com\/inicio\/wp-json\/wp\/v2\/media?parent=11995"}],"curies":[{"name":"wp","href":"https:\/\/api.w.org\/{rel}","templated":true}]}}