{"id":7325,"date":"2015-07-29T17:09:17","date_gmt":"2015-07-29T17:09:17","guid":{"rendered":"http:\/\/localhost\/bleu\/?page_id=7325"},"modified":"2022-08-09T13:26:13","modified_gmt":"2022-08-09T19:26:13","slug":"empresa","status":"publish","type":"page","link":"https:\/\/www.securitydataandvideo.com\/inicio\/empresa\/","title":{"rendered":"Empresa"},"content":{"rendered":"<p>[vc_row css=&#8221;.vc_custom_1438190440886{margin-top: 50px !important;margin-bottom: 50px !important;}&#8221;][vc_column width=&#8221;4\/12&#8243; css=&#8221;.vc_custom_1460362707057{padding-right: 30px !important;}&#8221;][vc_text_separator title=&#8221;Somos Integradores en Seguridad Electronica y TI&#8221; title_align=&#8221;separator_align_left&#8221;][vc_column_text css=&#8221;.vc_custom_1485553212123{margin-top: 20px !important;}&#8221;]<\/p>\n<p style=\"text-align: justify;\"><span style=\"color: #007bc3;\"><strong><span style=\"color: #0757a6;\">Security Data &amp; Video S.A. de C.V<\/span>.<\/strong><\/span>, es una empresa Mexicana con bases s\u00f3lidas y gente certificada en \u00e1reas estrat\u00e9gicas para brindarle una soluci\u00f3n global en sus proyectos de tecnolog\u00edas de informaci\u00f3n.<\/p>\n<p>[\/vc_column_text][vc_column_text css=&#8221;.vc_custom_1489710264332{margin-top: 20px !important;}&#8221;]<\/p>\n<p style=\"text-align: justify;\">Le ofrecemos servicios como: cableado estructurado, telecomunicaciones, virtualizaci\u00f3n, servidores, licenciamiento, video vigilancia, telefon\u00eda IP, video conferencia, tierras f\u00edsicas, consultor\u00eda de proyectos, entre muchos otros servicios.<\/p>\n<p>[\/vc_column_text][vc_column_text css=&#8221;.vc_custom_1489710247391{margin-top: 20px !important;}&#8221;]<\/p>\n<p style=\"text-align: justify;\">Nuestros ingenieros cuentan con <strong>experiencia de m\u00e1s de 12 a\u00f1os, dedicados a las soluciones de comunicaciones, telecomunicaciones, asesor\u00edas y soporte empresarial, cubriendo desde la peque\u00f1a empresa a corporativos<\/strong>.<\/p>\n<p>[\/vc_column_text][\/vc_column][vc_column width=&#8221;8\/12&#8243;][vc_single_image image=&#8221;11903&#8243; img_size=&#8221;full&#8221;][\/vc_column][\/vc_row][vc_row][vc_column][vc_empty_space height=&#8221;15px&#8221;][\/vc_column][\/vc_row][vc_row css=&#8221;.vc_custom_1478491770222{margin-bottom: 50px !important;border-top-width: 1px !important;border-bottom-width: 1px !important;padding-top: 50px !important;padding-bottom: 50px !important;background-color: #fafafa !important;border-top-color: #ebebeb !important;border-top-style: solid !important;border-bottom-color: #ebebeb !important;border-bottom-style: solid !important;}&#8221;][vc_column width=&#8221;1\/2&#8243;][vc_text_separator title=&#8221;NUESTRA EMPRESA&#8221; title_align=&#8221;separator_align_left&#8221;][vc_accordion active_tab=&#8221;1&#8243;][vc_accordion_tab title=&#8221;QUI\u00c9NES SOMOS&#8221;][vc_column_text]<\/p>\n<p>I am text block. Click edit button to change this text. Lorem ipsum dolor sit amet, consectetur adipiscing elit. Ut elit tellus, luctus nec ullamcorper mattis, pulvinar dapibus leo.<\/p>\n<p>[\/vc_column_text][\/vc_accordion_tab][vc_accordion_tab title=&#8221;NUESTRA MISI\u00d3N&#8221;][vc_column_text]<\/p>\n<p>I am text block. Click edit button to change this text. Lorem ipsum dolor sit amet, consectetur adipiscing elit. Ut elit tellus, luctus nec ullamcorper mattis, pulvinar dapibus leo.<\/p>\n<p>[\/vc_column_text][\/vc_accordion_tab][vc_accordion_tab title=&#8221;QU\u00c9 HACEMOS&#8221;][vc_column_text]<\/p>\n<p>I am text block. Click edit button to change this text. Lorem ipsum dolor sit amet, consectetur adipiscing elit. Ut elit tellus, luctus nec ullamcorper mattis, pulvinar dapibus leo.<\/p>\n<p>[\/vc_column_text][\/vc_accordion_tab][vc_accordion_tab title=&#8221;NUESTROS CLIENTES&#8221;][vc_column_text]<\/p>\n<p>I am text block. Click edit button to change this text. Lorem ipsum dolor sit amet, consectetur adipiscing elit. Ut elit tellus, luctus nec ullamcorper mattis, pulvinar dapibus leo.<\/p>\n<p>[\/vc_column_text][\/vc_accordion_tab][\/vc_accordion][\/vc_column][vc_column width=&#8221;1\/2&#8243;][vc_text_separator title=&#8221;\u00bfQU\u00c9 OFRECEMOS?&#8221; title_align=&#8221;separator_align_left&#8221;][vc_progress_bar values=&#8221;%5B%7B%22label%22%3A%22Amplia%20Experiencia%20en%20Seguridad%22%2C%22value%22%3A%22100%22%7D%2C%7B%22label%22%3A%22Profesionalismo%22%2C%22value%22%3A%22100%22%7D%2C%7B%22label%22%3A%22La%20Mejor%20Tecnolog%C3%ADa%22%2C%22value%22%3A%2295%22%7D%2C%7B%22label%22%3A%22Precios%20Competitivos%22%2C%22value%22%3A%2295%22%7D%5D&#8221;][\/vc_column][\/vc_row][vc_row][vc_column width=&#8221;5\/6&#8243;][vc_column_text]<\/p>\n<p>I am text block. Click edit button to change this text. Lorem ipsum dolor sit amet, consectetur adipiscing elit. Ut elit tellus, luctus nec ullamcorper mattis, pulvinar dapibus leo.<\/p>\n<p>[\/vc_column_text][\/vc_column][vc_column width=&#8221;1\/6&#8243;][vc_empty_space height=&#8221;63px&#8221;][vc_btn title=&#8221;Comprar Ahora&#8221; style=&#8221;outline&#8221; shape=&#8221;square&#8221; color=&#8221;primary&#8221; css_animation=&#8221;fadeIn&#8221; link=&#8221;url:http%3A%2F%2Fwww.securitydataandvideo.com%2Finicio%2Fshop%2F|||&#8221;][\/vc_column][\/vc_row]<\/p>\n","protected":false},"excerpt":{"rendered":"<p>[vc_row css=&#8221;.vc_custom_1438190440886{margin-top: 50px !important;margin-bottom: 50px !important;}&#8221;][vc_column width=&#8221;4\/12&#8243; css=&#8221;.vc_custom_1460362707057{padding-right: 30px !important;}&#8221;][vc_text_separator title=&#8221;Somos Integradores en Seguridad Electronica y TI&#8221; title_align=&#8221;separator_align_left&#8221;][vc_column_text css=&#8221;.vc_custom_1485553212123{margin-top: 20px !important;}&#8221;] Security Data &amp; Video S.A. de C.V., es una empresa Mexicana con bases s\u00f3lidas y gente certificada en \u00e1reas estrat\u00e9gicas para brindarle una soluci\u00f3n global en sus proyectos de tecnolog\u00edas de informaci\u00f3n. [\/vc_column_text][vc_column_text css=&#8221;.vc_custom_1489710264332{margin-top: &hellip;<\/p>\n<p class=\"read-more\"> <a class=\"\" href=\"https:\/\/www.securitydataandvideo.com\/inicio\/empresa\/\"> <span class=\"screen-reader-text\">Empresa<\/span> Leer m\u00e1s &raquo;<\/a><\/p>\n","protected":false},"author":1,"featured_media":0,"parent":0,"menu_order":0,"comment_status":"closed","ping_status":"open","template":"","meta":{"site-sidebar-layout":"default","site-content-layout":"","ast-site-content-layout":"","site-content-style":"default","site-sidebar-style":"default","ast-global-header-display":"","ast-banner-title-visibility":"","ast-main-header-display":"","ast-hfb-above-header-display":"","ast-hfb-below-header-display":"","ast-hfb-mobile-header-display":"","site-post-title":"","ast-breadcrumbs-content":"","ast-featured-img":"","footer-sml-layout":"","theme-transparent-header-meta":"","adv-header-id-meta":"","stick-header-meta":"","header-above-stick-meta":"","header-main-stick-meta":"","header-below-stick-meta":"","astra-migrate-meta-layouts":""},"yoast_head":"<!-- This site is optimized with the Yoast SEO plugin v19.5.1 - https:\/\/yoast.com\/wordpress\/plugins\/seo\/ -->\n<title>Empresa - Security Data &amp; Video SA de CV.<\/title>\n<meta name=\"robots\" content=\"index, follow, max-snippet:-1, max-image-preview:large, max-video-preview:-1\" \/>\n<link rel=\"canonical\" href=\"https:\/\/www.securitydataandvideo.com\/inicio\/empresa\/\" \/>\n<meta property=\"og:locale\" content=\"es_MX\" \/>\n<meta property=\"og:type\" content=\"article\" \/>\n<meta property=\"og:title\" content=\"Empresa - Security Data &amp; Video SA de CV.\" \/>\n<meta property=\"og:description\" content=\"[vc_row css=&#8221;.vc_custom_1438190440886{margin-top: 50px !important;margin-bottom: 50px !important;}&#8221;][vc_column width=&#8221;4\/12&#8243; css=&#8221;.vc_custom_1460362707057{padding-right: 30px !important;}&#8221;][vc_text_separator title=&#8221;Somos Integradores en Seguridad Electronica y TI&#8221; title_align=&#8221;separator_align_left&#8221;][vc_column_text css=&#8221;.vc_custom_1485553212123{margin-top: 20px !important;}&#8221;] Security Data &amp; Video S.A. de C.V., es una empresa Mexicana con bases s\u00f3lidas y gente certificada en \u00e1reas estrat\u00e9gicas para brindarle una soluci\u00f3n global en sus proyectos de tecnolog\u00edas de informaci\u00f3n. [\/vc_column_text][vc_column_text css=&#8221;.vc_custom_1489710264332{margin-top: &hellip; Empresa Leer m\u00e1s &raquo;\" \/>\n<meta property=\"og:url\" content=\"https:\/\/www.securitydataandvideo.com\/inicio\/empresa\/\" \/>\n<meta property=\"og:site_name\" content=\"Security Data &amp; Video SA de CV.\" \/>\n<meta property=\"article:modified_time\" content=\"2022-08-09T19:26:13+00:00\" \/>\n<meta name=\"twitter:card\" content=\"summary\" \/>\n<meta name=\"twitter:label1\" content=\"Tiempo de lectura\" \/>\n\t<meta name=\"twitter:data1\" content=\"2 minutos\" \/>\n<script type=\"application\/ld+json\" class=\"yoast-schema-graph\">{\"@context\":\"https:\/\/schema.org\",\"@graph\":[{\"@type\":\"WebPage\",\"@id\":\"https:\/\/www.securitydataandvideo.com\/inicio\/empresa\/\",\"url\":\"https:\/\/www.securitydataandvideo.com\/inicio\/empresa\/\",\"name\":\"Empresa - Security Data &amp; Video SA de CV.\",\"isPartOf\":{\"@id\":\"https:\/\/www.securitydataandvideo.com\/inicio\/#website\"},\"datePublished\":\"2015-07-29T17:09:17+00:00\",\"dateModified\":\"2022-08-09T19:26:13+00:00\",\"breadcrumb\":{\"@id\":\"https:\/\/www.securitydataandvideo.com\/inicio\/empresa\/#breadcrumb\"},\"inLanguage\":\"es-MX\",\"potentialAction\":[{\"@type\":\"ReadAction\",\"target\":[\"https:\/\/www.securitydataandvideo.com\/inicio\/empresa\/\"]}]},{\"@type\":\"BreadcrumbList\",\"@id\":\"https:\/\/www.securitydataandvideo.com\/inicio\/empresa\/#breadcrumb\",\"itemListElement\":[{\"@type\":\"ListItem\",\"position\":1,\"name\":\"Inicio\",\"item\":\"https:\/\/www.securitydataandvideo.com\/inicio\/\"},{\"@type\":\"ListItem\",\"position\":2,\"name\":\"Empresa\"}]},{\"@type\":\"WebSite\",\"@id\":\"https:\/\/www.securitydataandvideo.com\/inicio\/#website\",\"url\":\"https:\/\/www.securitydataandvideo.com\/inicio\/\",\"name\":\"Security Data &amp; Video SA de CV.\",\"description\":\"Seguridad Electr\u00f3nica y Energ\u00eda\",\"publisher\":{\"@id\":\"https:\/\/www.securitydataandvideo.com\/inicio\/#organization\"},\"potentialAction\":[{\"@type\":\"SearchAction\",\"target\":{\"@type\":\"EntryPoint\",\"urlTemplate\":\"https:\/\/www.securitydataandvideo.com\/inicio\/?s={search_term_string}\"},\"query-input\":\"required name=search_term_string\"}],\"inLanguage\":\"es-MX\"},{\"@type\":\"Organization\",\"@id\":\"https:\/\/www.securitydataandvideo.com\/inicio\/#organization\",\"name\":\"Security Data & Video SA de CV\",\"url\":\"https:\/\/www.securitydataandvideo.com\/inicio\/\",\"sameAs\":[],\"logo\":{\"@type\":\"ImageObject\",\"inLanguage\":\"es-MX\",\"@id\":\"https:\/\/www.securitydataandvideo.com\/inicio\/#\/schema\/logo\/image\/\",\"url\":\"https:\/\/www.securitydataandvideo.com\/inicio\/wp-content\/uploads\/2021\/10\/Logo-Azul.png\",\"contentUrl\":\"https:\/\/www.securitydataandvideo.com\/inicio\/wp-content\/uploads\/2021\/10\/Logo-Azul.png\",\"width\":555,\"height\":375,\"caption\":\"Security Data & Video SA de CV\"},\"image\":{\"@id\":\"https:\/\/www.securitydataandvideo.com\/inicio\/#\/schema\/logo\/image\/\"}}]}<\/script>\n<!-- \/ Yoast SEO plugin. -->","yoast_head_json":{"title":"Empresa - Security Data &amp; Video SA de CV.","robots":{"index":"index","follow":"follow","max-snippet":"max-snippet:-1","max-image-preview":"max-image-preview:large","max-video-preview":"max-video-preview:-1"},"canonical":"https:\/\/www.securitydataandvideo.com\/inicio\/empresa\/","og_locale":"es_MX","og_type":"article","og_title":"Empresa - Security Data &amp; Video SA de CV.","og_description":"[vc_row css=&#8221;.vc_custom_1438190440886{margin-top: 50px !important;margin-bottom: 50px !important;}&#8221;][vc_column width=&#8221;4\/12&#8243; css=&#8221;.vc_custom_1460362707057{padding-right: 30px !important;}&#8221;][vc_text_separator title=&#8221;Somos Integradores en Seguridad Electronica y TI&#8221; title_align=&#8221;separator_align_left&#8221;][vc_column_text css=&#8221;.vc_custom_1485553212123{margin-top: 20px !important;}&#8221;] Security Data &amp; Video S.A. de C.V., es una empresa Mexicana con bases s\u00f3lidas y gente certificada en \u00e1reas estrat\u00e9gicas para brindarle una soluci\u00f3n global en sus proyectos de tecnolog\u00edas de informaci\u00f3n. [\/vc_column_text][vc_column_text css=&#8221;.vc_custom_1489710264332{margin-top: &hellip; Empresa Leer m\u00e1s &raquo;","og_url":"https:\/\/www.securitydataandvideo.com\/inicio\/empresa\/","og_site_name":"Security Data &amp; Video SA de CV.","article_modified_time":"2022-08-09T19:26:13+00:00","twitter_card":"summary","twitter_misc":{"Tiempo de lectura":"2 minutos"},"schema":{"@context":"https:\/\/schema.org","@graph":[{"@type":"WebPage","@id":"https:\/\/www.securitydataandvideo.com\/inicio\/empresa\/","url":"https:\/\/www.securitydataandvideo.com\/inicio\/empresa\/","name":"Empresa - Security Data &amp; Video SA de CV.","isPartOf":{"@id":"https:\/\/www.securitydataandvideo.com\/inicio\/#website"},"datePublished":"2015-07-29T17:09:17+00:00","dateModified":"2022-08-09T19:26:13+00:00","breadcrumb":{"@id":"https:\/\/www.securitydataandvideo.com\/inicio\/empresa\/#breadcrumb"},"inLanguage":"es-MX","potentialAction":[{"@type":"ReadAction","target":["https:\/\/www.securitydataandvideo.com\/inicio\/empresa\/"]}]},{"@type":"BreadcrumbList","@id":"https:\/\/www.securitydataandvideo.com\/inicio\/empresa\/#breadcrumb","itemListElement":[{"@type":"ListItem","position":1,"name":"Inicio","item":"https:\/\/www.securitydataandvideo.com\/inicio\/"},{"@type":"ListItem","position":2,"name":"Empresa"}]},{"@type":"WebSite","@id":"https:\/\/www.securitydataandvideo.com\/inicio\/#website","url":"https:\/\/www.securitydataandvideo.com\/inicio\/","name":"Security Data &amp; Video SA de CV.","description":"Seguridad Electr\u00f3nica y Energ\u00eda","publisher":{"@id":"https:\/\/www.securitydataandvideo.com\/inicio\/#organization"},"potentialAction":[{"@type":"SearchAction","target":{"@type":"EntryPoint","urlTemplate":"https:\/\/www.securitydataandvideo.com\/inicio\/?s={search_term_string}"},"query-input":"required name=search_term_string"}],"inLanguage":"es-MX"},{"@type":"Organization","@id":"https:\/\/www.securitydataandvideo.com\/inicio\/#organization","name":"Security Data & Video SA de CV","url":"https:\/\/www.securitydataandvideo.com\/inicio\/","sameAs":[],"logo":{"@type":"ImageObject","inLanguage":"es-MX","@id":"https:\/\/www.securitydataandvideo.com\/inicio\/#\/schema\/logo\/image\/","url":"https:\/\/www.securitydataandvideo.com\/inicio\/wp-content\/uploads\/2021\/10\/Logo-Azul.png","contentUrl":"https:\/\/www.securitydataandvideo.com\/inicio\/wp-content\/uploads\/2021\/10\/Logo-Azul.png","width":555,"height":375,"caption":"Security Data & Video SA de CV"},"image":{"@id":"https:\/\/www.securitydataandvideo.com\/inicio\/#\/schema\/logo\/image\/"}}]}},"_links":{"self":[{"href":"https:\/\/www.securitydataandvideo.com\/inicio\/wp-json\/wp\/v2\/pages\/7325"}],"collection":[{"href":"https:\/\/www.securitydataandvideo.com\/inicio\/wp-json\/wp\/v2\/pages"}],"about":[{"href":"https:\/\/www.securitydataandvideo.com\/inicio\/wp-json\/wp\/v2\/types\/page"}],"author":[{"embeddable":true,"href":"https:\/\/www.securitydataandvideo.com\/inicio\/wp-json\/wp\/v2\/users\/1"}],"replies":[{"embeddable":true,"href":"https:\/\/www.securitydataandvideo.com\/inicio\/wp-json\/wp\/v2\/comments?post=7325"}],"version-history":[{"count":40,"href":"https:\/\/www.securitydataandvideo.com\/inicio\/wp-json\/wp\/v2\/pages\/7325\/revisions"}],"predecessor-version":[{"id":16812,"href":"https:\/\/www.securitydataandvideo.com\/inicio\/wp-json\/wp\/v2\/pages\/7325\/revisions\/16812"}],"wp:attachment":[{"href":"https:\/\/www.securitydataandvideo.com\/inicio\/wp-json\/wp\/v2\/media?parent=7325"}],"curies":[{"name":"wp","href":"https:\/\/api.w.org\/{rel}","templated":true}]}}