{"id":15586,"date":"2022-07-21T11:28:06","date_gmt":"2022-07-21T17:28:06","guid":{"rendered":"https:\/\/www.securitydataandvideo.com\/inicio\/?post_type=product&#038;p=15586"},"modified":"2023-10-06T12:54:43","modified_gmt":"2023-10-06T18:54:43","slug":"barrera-vehicular-wejoin-para-fraccionamientos-incluye-brazo-led-recto-de-3-metros-con-velocidad-de-apertura-1-segundo-disponible-vista-izquierda-iz-y-derecha-de-2-controles-inalambricos-y-sen","status":"publish","type":"product","link":"https:\/\/www.securitydataandvideo.com\/inicio\/shop\/barrera-vehicular-wejoin-para-fraccionamientos-incluye-brazo-led-recto-de-3-metros-con-velocidad-de-apertura-1-segundo-disponible-vista-izquierda-iz-y-derecha-de-2-controles-inalambricos-y-sen\/","title":{"rendered":"Barrera vehicular WEJOIN para Fraccionamientos, Incluye brazo led recto de 3 metros con velocidad de apertura: 1 segundo. Disponible vista Izquierda (IZ) y derecha (DE), 2 controles inal\u00e1mbricos y sensor de masa negro , Alimentaci\u00f3n: 110VAC"},"content":{"rendered":"<p>Barrera vehicular <a href=\"http:\/\/spa.wejoin.com.cn\/daozha\/\">WEJOIN<\/a> para Fraccionamientos, Incluye brazo led recto de 3 metros con velocidad de apertura: 1 segundo. Disponible vista Izquierda (IZ) y derecha (DE), 2 controles inal\u00e1mbricos y sensor de masa negro , Alimentaci\u00f3n: 110VAC<\/p>\n<p>Una barrera es una especie de barra que impide el paso de veh\u00edculos de manera temporal en un determinado camino o paso, de manera que se pueda comprobar la identidad, o impidan el paso en otros casos para evitar accidentes mientras por esa v\u00eda circula alg\u00fan otro veh\u00edculo o tren. Nos sirven para mantener un flujo controlado o un acceso vial seguro.<\/p>\n<p><a href=\"https:\/\/www.securitydataandvideo.com\/inicio\/categoria-producto\/acceso-vehicular\/barreras-vehiculares\/\">La barrera vehicular<\/a> de alta velocidad incluye el soporte del brazo oscilante y el brazo de 3 metros. Se caracteriza por su rapidez y estabilidad. El tiempo de operaci\u00f3n es de 1 segundo. Se utiliza principalmente como dispositivo de control de entrada y salida de coches en peajes, estacionamientos o f\u00e1bricas, el tiempo de vida es de 3 millones de ciclos.<\/p>\n<h6>Caracter\u00edsticas<br \/>\n1. Seguro &#8212; la barrera volver\u00e1 autom\u00e1ticamente cuando encuentre obst\u00e1culos durante el cierre.<\/h6>\n<p>2. Abre hacia afuera &#8212; El brazo se abrira hacia afuera cuando sea golpeado directamente por el veh\u00edculo (solo modelo de 1 segundo) para evitar m\u00e1s da\u00f1os en el veh\u00edculo.<\/p>\n<p>3. La llave del embrague se puede usar para liberar el embrague cuando se apaga.<\/p>\n<p>4. La m\u00e1quina de enfriamiento con ventilador reduce la temperatura del motor mediante el uso de alta frecuencia y nunca se sobre calienta. El dise\u00f1o \u00fanico de calentamiento por temperatura para bajas temperaturas evita la congelaci\u00f3n en climas fr\u00edos.<\/p>\n<p>5. La base del motor de fundici\u00f3n a presi\u00f3n de aleaci\u00f3n de aluminio Exactitude reduce el ruido y la abrasi\u00f3n de las juntas para prolongar la vida \u00fatil de la puerta de barrera.<\/p>\n<p>6. Dise\u00f1o de tornillo sin fin del motor tipo dedal para evitar el taponamiento en el uso.<\/p>\n<p>7. Muelle de equilibrio &#8212; sin ruido y f\u00e1cil ajuste.<\/p>\n<p>8. Formas de doble l\u00edmite (l\u00edmite electr\u00f3nico y l\u00edmite de memoria del sensor del motor) para el auge y la ca\u00edda del brazo.<\/p>\n<p>Barrera vehicular WEJOIN para Fraccionamientos<\/p>\n","protected":false},"excerpt":{"rendered":"<p>Barrera vehicular WEJOIN para Fraccionamientos, Incluye brazo led recto de 3 metros con velocidad de apertura: 1 segundo. Disponible vista Izquierda (IZ) y derecha (DE), 2 controles inal\u00e1mbricos y sensor de masa negro , Alimentaci\u00f3n: 110VAC<\/p>\n","protected":false},"featured_media":15616,"template":"","meta":{"site-sidebar-layout":"default","site-content-layout":"default","ast-site-content-layout":"default","site-content-style":"default","site-sidebar-style":"default","ast-global-header-display":"","ast-banner-title-visibility":"","ast-main-header-display":"","ast-hfb-above-header-display":"","ast-hfb-below-header-display":"","ast-hfb-mobile-header-display":"","site-post-title":"","ast-breadcrumbs-content":"","ast-featured-img":"","footer-sml-layout":"","theme-transparent-header-meta":"default","adv-header-id-meta":"","stick-header-meta":"","header-above-stick-meta":"","header-main-stick-meta":"","header-below-stick-meta":"","astra-migrate-meta-layouts":"set"},"product_cat":[248],"product_tag":[250,155],"yoast_head":"<!-- This site is optimized with the Yoast SEO plugin v19.5.1 - https:\/\/yoast.com\/wordpress\/plugins\/seo\/ -->\n<title>Barrera vehicular WEJOIN para Fraccionamientos %<\/title>\n<meta name=\"description\" content=\"Security Data &amp; Video SA de CV. Barrera vehicular WEJOIN para Fraccionamientos, Incluye brazo led recto de 3 metros con velocidad de apertura: 1 segundo.\" \/>\n<meta name=\"robots\" content=\"index, follow, max-snippet:-1, max-image-preview:large, max-video-preview:-1\" \/>\n<link rel=\"canonical\" href=\"https:\/\/www.securitydataandvideo.com\/inicio\/shop\/barrera-vehicular-wejoin-para-fraccionamientos-incluye-brazo-led-recto-de-3-metros-con-velocidad-de-apertura-1-segundo-disponible-vista-izquierda-iz-y-derecha-de-2-controles-inalambricos-y-sen\/\" \/>\n<meta property=\"og:locale\" content=\"es_MX\" \/>\n<meta property=\"og:type\" content=\"article\" \/>\n<meta property=\"og:title\" content=\"Barrera vehicular WEJOIN para Fraccionamientos %\" \/>\n<meta property=\"og:description\" content=\"Security Data &amp; Video SA de CV. Barrera vehicular WEJOIN para Fraccionamientos, Incluye brazo led recto de 3 metros con velocidad de apertura: 1 segundo.\" \/>\n<meta property=\"og:url\" content=\"https:\/\/www.securitydataandvideo.com\/inicio\/shop\/barrera-vehicular-wejoin-para-fraccionamientos-incluye-brazo-led-recto-de-3-metros-con-velocidad-de-apertura-1-segundo-disponible-vista-izquierda-iz-y-derecha-de-2-controles-inalambricos-y-sen\/\" \/>\n<meta property=\"og:site_name\" content=\"Security Data &amp; Video SA de CV.\" \/>\n<meta property=\"article:modified_time\" content=\"2023-10-06T18:54:43+00:00\" \/>\n<meta property=\"og:image\" content=\"https:\/\/www.securitydataandvideo.com\/inicio\/wp-content\/uploads\/2022\/07\/KWEJLED1S-IZ-o-DE-WEJOIN-LED.png\" \/>\n\t<meta property=\"og:image:width\" content=\"159\" \/>\n\t<meta property=\"og:image:height\" content=\"196\" \/>\n\t<meta property=\"og:image:type\" content=\"image\/png\" \/>\n<meta name=\"twitter:card\" content=\"summary\" \/>\n<meta name=\"twitter:label1\" content=\"Tiempo de lectura\" \/>\n\t<meta name=\"twitter:data1\" content=\"2 minutos\" \/>\n<script type=\"application\/ld+json\" class=\"yoast-schema-graph\">{\"@context\":\"https:\/\/schema.org\",\"@graph\":[{\"@type\":\"WebPage\",\"@id\":\"https:\/\/www.securitydataandvideo.com\/inicio\/shop\/barrera-vehicular-wejoin-para-fraccionamientos-incluye-brazo-led-recto-de-3-metros-con-velocidad-de-apertura-1-segundo-disponible-vista-izquierda-iz-y-derecha-de-2-controles-inalambricos-y-sen\/\",\"url\":\"https:\/\/www.securitydataandvideo.com\/inicio\/shop\/barrera-vehicular-wejoin-para-fraccionamientos-incluye-brazo-led-recto-de-3-metros-con-velocidad-de-apertura-1-segundo-disponible-vista-izquierda-iz-y-derecha-de-2-controles-inalambricos-y-sen\/\",\"name\":\"Barrera vehicular WEJOIN para Fraccionamientos %\",\"isPartOf\":{\"@id\":\"https:\/\/www.securitydataandvideo.com\/inicio\/#website\"},\"datePublished\":\"2022-07-21T17:28:06+00:00\",\"dateModified\":\"2023-10-06T18:54:43+00:00\",\"description\":\"Security Data &amp; Video SA de CV. Barrera vehicular WEJOIN para Fraccionamientos, Incluye brazo led recto de 3 metros con velocidad de apertura: 1 segundo.\",\"breadcrumb\":{\"@id\":\"https:\/\/www.securitydataandvideo.com\/inicio\/shop\/barrera-vehicular-wejoin-para-fraccionamientos-incluye-brazo-led-recto-de-3-metros-con-velocidad-de-apertura-1-segundo-disponible-vista-izquierda-iz-y-derecha-de-2-controles-inalambricos-y-sen\/#breadcrumb\"},\"inLanguage\":\"es-MX\",\"potentialAction\":[{\"@type\":\"ReadAction\",\"target\":[\"https:\/\/www.securitydataandvideo.com\/inicio\/shop\/barrera-vehicular-wejoin-para-fraccionamientos-incluye-brazo-led-recto-de-3-metros-con-velocidad-de-apertura-1-segundo-disponible-vista-izquierda-iz-y-derecha-de-2-controles-inalambricos-y-sen\/\"]}]},{\"@type\":\"BreadcrumbList\",\"@id\":\"https:\/\/www.securitydataandvideo.com\/inicio\/shop\/barrera-vehicular-wejoin-para-fraccionamientos-incluye-brazo-led-recto-de-3-metros-con-velocidad-de-apertura-1-segundo-disponible-vista-izquierda-iz-y-derecha-de-2-controles-inalambricos-y-sen\/#breadcrumb\",\"itemListElement\":[{\"@type\":\"ListItem\",\"position\":1,\"name\":\"Inicio\",\"item\":\"https:\/\/www.securitydataandvideo.com\/inicio\/\"},{\"@type\":\"ListItem\",\"position\":2,\"name\":\"Shop\",\"item\":\"https:\/\/www.securitydataandvideo.com\/inicio\/shop\/\"},{\"@type\":\"ListItem\",\"position\":3,\"name\":\"Barrera vehicular WEJOIN para Fraccionamientos, Incluye brazo led recto de 3 metros con velocidad de apertura: 1 segundo. Disponible vista Izquierda (IZ) y derecha (DE), 2 controles inal\u00e1mbricos y sensor de masa negro , Alimentaci\u00f3n: 110VAC\"}]},{\"@type\":\"WebSite\",\"@id\":\"https:\/\/www.securitydataandvideo.com\/inicio\/#website\",\"url\":\"https:\/\/www.securitydataandvideo.com\/inicio\/\",\"name\":\"Security Data &amp; Video SA de CV.\",\"description\":\"Seguridad Electr\u00f3nica y Energ\u00eda\",\"publisher\":{\"@id\":\"https:\/\/www.securitydataandvideo.com\/inicio\/#organization\"},\"potentialAction\":[{\"@type\":\"SearchAction\",\"target\":{\"@type\":\"EntryPoint\",\"urlTemplate\":\"https:\/\/www.securitydataandvideo.com\/inicio\/?s={search_term_string}\"},\"query-input\":\"required name=search_term_string\"}],\"inLanguage\":\"es-MX\"},{\"@type\":\"Organization\",\"@id\":\"https:\/\/www.securitydataandvideo.com\/inicio\/#organization\",\"name\":\"Security Data & Video SA de CV\",\"url\":\"https:\/\/www.securitydataandvideo.com\/inicio\/\",\"sameAs\":[],\"logo\":{\"@type\":\"ImageObject\",\"inLanguage\":\"es-MX\",\"@id\":\"https:\/\/www.securitydataandvideo.com\/inicio\/#\/schema\/logo\/image\/\",\"url\":\"https:\/\/www.securitydataandvideo.com\/inicio\/wp-content\/uploads\/2021\/10\/Logo-Azul.png\",\"contentUrl\":\"https:\/\/www.securitydataandvideo.com\/inicio\/wp-content\/uploads\/2021\/10\/Logo-Azul.png\",\"width\":555,\"height\":375,\"caption\":\"Security Data & Video SA de CV\"},\"image\":{\"@id\":\"https:\/\/www.securitydataandvideo.com\/inicio\/#\/schema\/logo\/image\/\"}}]}<\/script>\n<!-- \/ Yoast SEO plugin. -->","yoast_head_json":{"title":"Barrera vehicular WEJOIN para Fraccionamientos %","description":"Security Data &amp; Video SA de CV. Barrera vehicular WEJOIN para Fraccionamientos, Incluye brazo led recto de 3 metros con velocidad de apertura: 1 segundo.","robots":{"index":"index","follow":"follow","max-snippet":"max-snippet:-1","max-image-preview":"max-image-preview:large","max-video-preview":"max-video-preview:-1"},"canonical":"https:\/\/www.securitydataandvideo.com\/inicio\/shop\/barrera-vehicular-wejoin-para-fraccionamientos-incluye-brazo-led-recto-de-3-metros-con-velocidad-de-apertura-1-segundo-disponible-vista-izquierda-iz-y-derecha-de-2-controles-inalambricos-y-sen\/","og_locale":"es_MX","og_type":"article","og_title":"Barrera vehicular WEJOIN para Fraccionamientos %","og_description":"Security Data &amp; Video SA de CV. Barrera vehicular WEJOIN para Fraccionamientos, Incluye brazo led recto de 3 metros con velocidad de apertura: 1 segundo.","og_url":"https:\/\/www.securitydataandvideo.com\/inicio\/shop\/barrera-vehicular-wejoin-para-fraccionamientos-incluye-brazo-led-recto-de-3-metros-con-velocidad-de-apertura-1-segundo-disponible-vista-izquierda-iz-y-derecha-de-2-controles-inalambricos-y-sen\/","og_site_name":"Security Data &amp; Video SA de CV.","article_modified_time":"2023-10-06T18:54:43+00:00","og_image":[{"width":159,"height":196,"url":"https:\/\/www.securitydataandvideo.com\/inicio\/wp-content\/uploads\/2022\/07\/KWEJLED1S-IZ-o-DE-WEJOIN-LED.png","type":"image\/png"}],"twitter_card":"summary","twitter_misc":{"Tiempo de lectura":"2 minutos"},"schema":{"@context":"https:\/\/schema.org","@graph":[{"@type":"WebPage","@id":"https:\/\/www.securitydataandvideo.com\/inicio\/shop\/barrera-vehicular-wejoin-para-fraccionamientos-incluye-brazo-led-recto-de-3-metros-con-velocidad-de-apertura-1-segundo-disponible-vista-izquierda-iz-y-derecha-de-2-controles-inalambricos-y-sen\/","url":"https:\/\/www.securitydataandvideo.com\/inicio\/shop\/barrera-vehicular-wejoin-para-fraccionamientos-incluye-brazo-led-recto-de-3-metros-con-velocidad-de-apertura-1-segundo-disponible-vista-izquierda-iz-y-derecha-de-2-controles-inalambricos-y-sen\/","name":"Barrera vehicular WEJOIN para Fraccionamientos %","isPartOf":{"@id":"https:\/\/www.securitydataandvideo.com\/inicio\/#website"},"datePublished":"2022-07-21T17:28:06+00:00","dateModified":"2023-10-06T18:54:43+00:00","description":"Security Data &amp; Video SA de CV. Barrera vehicular WEJOIN para Fraccionamientos, Incluye brazo led recto de 3 metros con velocidad de apertura: 1 segundo.","breadcrumb":{"@id":"https:\/\/www.securitydataandvideo.com\/inicio\/shop\/barrera-vehicular-wejoin-para-fraccionamientos-incluye-brazo-led-recto-de-3-metros-con-velocidad-de-apertura-1-segundo-disponible-vista-izquierda-iz-y-derecha-de-2-controles-inalambricos-y-sen\/#breadcrumb"},"inLanguage":"es-MX","potentialAction":[{"@type":"ReadAction","target":["https:\/\/www.securitydataandvideo.com\/inicio\/shop\/barrera-vehicular-wejoin-para-fraccionamientos-incluye-brazo-led-recto-de-3-metros-con-velocidad-de-apertura-1-segundo-disponible-vista-izquierda-iz-y-derecha-de-2-controles-inalambricos-y-sen\/"]}]},{"@type":"BreadcrumbList","@id":"https:\/\/www.securitydataandvideo.com\/inicio\/shop\/barrera-vehicular-wejoin-para-fraccionamientos-incluye-brazo-led-recto-de-3-metros-con-velocidad-de-apertura-1-segundo-disponible-vista-izquierda-iz-y-derecha-de-2-controles-inalambricos-y-sen\/#breadcrumb","itemListElement":[{"@type":"ListItem","position":1,"name":"Inicio","item":"https:\/\/www.securitydataandvideo.com\/inicio\/"},{"@type":"ListItem","position":2,"name":"Shop","item":"https:\/\/www.securitydataandvideo.com\/inicio\/shop\/"},{"@type":"ListItem","position":3,"name":"Barrera vehicular WEJOIN para Fraccionamientos, Incluye brazo led recto de 3 metros con velocidad de apertura: 1 segundo. Disponible vista Izquierda (IZ) y derecha (DE), 2 controles inal\u00e1mbricos y sensor de masa negro , Alimentaci\u00f3n: 110VAC"}]},{"@type":"WebSite","@id":"https:\/\/www.securitydataandvideo.com\/inicio\/#website","url":"https:\/\/www.securitydataandvideo.com\/inicio\/","name":"Security Data &amp; Video SA de CV.","description":"Seguridad Electr\u00f3nica y Energ\u00eda","publisher":{"@id":"https:\/\/www.securitydataandvideo.com\/inicio\/#organization"},"potentialAction":[{"@type":"SearchAction","target":{"@type":"EntryPoint","urlTemplate":"https:\/\/www.securitydataandvideo.com\/inicio\/?s={search_term_string}"},"query-input":"required name=search_term_string"}],"inLanguage":"es-MX"},{"@type":"Organization","@id":"https:\/\/www.securitydataandvideo.com\/inicio\/#organization","name":"Security Data & Video SA de CV","url":"https:\/\/www.securitydataandvideo.com\/inicio\/","sameAs":[],"logo":{"@type":"ImageObject","inLanguage":"es-MX","@id":"https:\/\/www.securitydataandvideo.com\/inicio\/#\/schema\/logo\/image\/","url":"https:\/\/www.securitydataandvideo.com\/inicio\/wp-content\/uploads\/2021\/10\/Logo-Azul.png","contentUrl":"https:\/\/www.securitydataandvideo.com\/inicio\/wp-content\/uploads\/2021\/10\/Logo-Azul.png","width":555,"height":375,"caption":"Security Data & Video SA de CV"},"image":{"@id":"https:\/\/www.securitydataandvideo.com\/inicio\/#\/schema\/logo\/image\/"}}]}},"_links":{"self":[{"href":"https:\/\/www.securitydataandvideo.com\/inicio\/wp-json\/wp\/v2\/product\/15586"}],"collection":[{"href":"https:\/\/www.securitydataandvideo.com\/inicio\/wp-json\/wp\/v2\/product"}],"about":[{"href":"https:\/\/www.securitydataandvideo.com\/inicio\/wp-json\/wp\/v2\/types\/product"}],"wp:featuredmedia":[{"embeddable":true,"href":"https:\/\/www.securitydataandvideo.com\/inicio\/wp-json\/wp\/v2\/media\/15616"}],"wp:attachment":[{"href":"https:\/\/www.securitydataandvideo.com\/inicio\/wp-json\/wp\/v2\/media?parent=15586"}],"wp:term":[{"taxonomy":"product_cat","embeddable":true,"href":"https:\/\/www.securitydataandvideo.com\/inicio\/wp-json\/wp\/v2\/product_cat?post=15586"},{"taxonomy":"product_tag","embeddable":true,"href":"https:\/\/www.securitydataandvideo.com\/inicio\/wp-json\/wp\/v2\/product_tag?post=15586"}],"curies":[{"name":"wp","href":"https:\/\/api.w.org\/{rel}","templated":true}]}}