{"id":15588,"date":"2022-07-21T11:28:06","date_gmt":"2022-07-21T17:28:06","guid":{"rendered":"https:\/\/www.securitydataandvideo.com\/inicio\/?post_type=product&#038;p=15588"},"modified":"2023-10-02T18:26:56","modified_gmt":"2023-10-03T00:26:56","slug":"pro-12rf-accesspro-lector-largo-alcance-vehicular-de-hasta-12-metros-lineales-de-cobertura-uhf-902-928mhz-en-guadalajara-jalisco-y-todo-mexico","status":"publish","type":"product","link":"https:\/\/www.securitydataandvideo.com\/inicio\/shop\/pro-12rf-accesspro-lector-largo-alcance-vehicular-de-hasta-12-metros-lineales-de-cobertura-uhf-902-928mhz-en-guadalajara-jalisco-y-todo-mexico\/","title":{"rendered":"PRO-12RF ACCESSPRO Lector Largo Alcance Vehicular de Hasta 12 metros Lineales de Cobertura, UHF 902-928MHz, en Guadalajara Jalisco y todo M\u00e9xico."},"content":{"rendered":"<h5 id=\"product_title_67486\" class=\"no_margin_top titulo_vista_producto\"><strong>PRO-12RF ACCESSPRO Lector RFID de Largo Alcance Para Control de Acceso Vehicular, Hasta 12 m Lineales de Cobertura, UHF 902-928MHz, en Guadalajara Jalisco y todo M\u00e9xico.<\/strong><\/h5>\n<p>Lector de Largo Alcance RFID (UHF)Ideal para estacionamientos, conjuntos residenciales, corporativos y cualquier lugar de paso vehicular.<\/p>\n<p>Frecuencia de operaci\u00f3n de 902-928 Mhz.<br \/>\nModo de operaci\u00f3n FHSS<br \/>\nProtocolo EPC C1 GEN2 (<em>similar al REPUVE<\/em>) \/ ISO180006B,<em>\u00a0(solo puede leer un tipo de tags a la vez).<\/em><br \/>\nHasta 12m lineales de alcance con tags EPCC1GEN2, y hasta 7 m con tags ISO180006B.<br \/>\nCompatible s\u00f3lo con la tarjeta <a href=\"https:\/\/www.syscom.mx\/principal\/searchcont?route=ACCESS-TAG-ACCESSPRO-158553&amp;autodetect=accesstag\">ACCESS-TAG<\/a>,\u00a0<a href=\"https:\/\/syscom.mx\/principal\/searchcont?route=ACCESS-CARD-EPC-ACCESSPRO-158551&amp;autodetect=accescard\">ACCESS-CARD-EPC<\/a>,APDUALPX,APDUALM,APCARD, PDUALPB,APDUALMB<br \/>\nSalida Wiegand de 26 bits para tags EPCC1GEN2 y 34 bits para tags ISO180006B.<br \/>\nComunicaci\u00f3n TCP\/IP.<\/p>\n<p><strong>Notas:<\/strong><br \/>\n1.- Puede Variar la Distancia Seg\u00fan las Condiciones del Lugar o Sitio y por el tipo de tag.<br \/>\n2.-Debe considerar que otros Tags instalados en el veh\u00edculo pueden interferir en la lectura, es importante calibrar antes de instalar.<br \/>\n3.-Debe considerar que en una instalaci\u00f3n t\u00edpica podr\u00eda requerir diferentes tipos de tags de acuerdo a la veh\u00edculo.<\/p>\n<p>4.- Las lectoras y tags de ACCESSPRO, pueden no tener compatibilidad con otros tags o lectores de otras marcas<\/p>\n<p>5.- Las lectoras mas recientes son de segunda Generacion y se identifican en la etiqueta con la leyenda de Version2, estas nuevas lectoras solo puede leer EPCGEN2. ya no soporta ISO18000B.<\/p>\n<p>6.- Se recomienda el uso de caja de conexiones para evitar empates y adhesiones queden expuestas en el exterior, Puede utilizar los monatjes RFSOP y RFSOPT que inluyen caja de conexion.<\/p>\n<h2><strong>1 A\u00f1o de garant\u00eda.<\/strong><\/h2>\n<p>&nbsp;<\/p>\n","protected":false},"excerpt":{"rendered":"<p id=\"product_title_67486\" class=\"no_margin_top titulo_vista_producto\">PRO-12RF ACCESSPRO Lector RFID de Largo Alcance Para Control de Acceso Vehicular, Hasta 12 m Lineales de Cobertura, UHF 902-928MHz, en Guadalajara Jalisco y todo M\u00e9xico.<\/p>\n","protected":false},"featured_media":15618,"template":"","meta":{"site-sidebar-layout":"default","site-content-layout":"default","ast-site-content-layout":"","site-content-style":"default","site-sidebar-style":"default","ast-global-header-display":"","ast-banner-title-visibility":"","ast-main-header-display":"","ast-hfb-above-header-display":"","ast-hfb-below-header-display":"","ast-hfb-mobile-header-display":"","site-post-title":"","ast-breadcrumbs-content":"","ast-featured-img":"","footer-sml-layout":"","theme-transparent-header-meta":"default","adv-header-id-meta":"","stick-header-meta":"","header-above-stick-meta":"","header-main-stick-meta":"","header-below-stick-meta":"","astra-migrate-meta-layouts":""},"product_cat":[251],"product_tag":[126],"yoast_head":"<!-- This site is optimized with the Yoast SEO plugin v19.5.1 - https:\/\/yoast.com\/wordpress\/plugins\/seo\/ -->\n<title>Lector largo alcance vehicular Security Data &amp; Video SA de CV.<\/title>\n<meta name=\"description\" content=\"Security Data &amp; Video SA de CV. PRO-12RF ACCESSPRO Lector largo alcance vehicular RFID de Largo Alcance Para Control de Acceso Vehicular, Hasta 12 metros\" \/>\n<meta name=\"robots\" content=\"index, follow, max-snippet:-1, max-image-preview:large, max-video-preview:-1\" \/>\n<link rel=\"canonical\" href=\"https:\/\/www.securitydataandvideo.com\/inicio\/shop\/pro-12rf-accesspro-lector-largo-alcance-vehicular-de-hasta-12-metros-lineales-de-cobertura-uhf-902-928mhz-en-guadalajara-jalisco-y-todo-mexico\/\" \/>\n<meta property=\"og:locale\" content=\"es_MX\" \/>\n<meta property=\"og:type\" content=\"article\" \/>\n<meta property=\"og:title\" content=\"Lector largo alcance vehicular Security Data &amp; Video SA de CV.\" \/>\n<meta property=\"og:description\" content=\"Security Data &amp; Video SA de CV. PRO-12RF ACCESSPRO Lector largo alcance vehicular RFID de Largo Alcance Para Control de Acceso Vehicular, Hasta 12 metros\" \/>\n<meta property=\"og:url\" content=\"https:\/\/www.securitydataandvideo.com\/inicio\/shop\/pro-12rf-accesspro-lector-largo-alcance-vehicular-de-hasta-12-metros-lineales-de-cobertura-uhf-902-928mhz-en-guadalajara-jalisco-y-todo-mexico\/\" \/>\n<meta property=\"og:site_name\" content=\"Security Data &amp; Video SA de CV.\" \/>\n<meta property=\"article:modified_time\" content=\"2023-10-03T00:26:56+00:00\" \/>\n<meta property=\"og:image\" content=\"https:\/\/www.securitydataandvideo.com\/inicio\/wp-content\/uploads\/2022\/07\/PRO-12RF-ACCESSPRO.png\" \/>\n\t<meta property=\"og:image:width\" content=\"173\" \/>\n\t<meta property=\"og:image:height\" content=\"180\" \/>\n\t<meta property=\"og:image:type\" content=\"image\/png\" \/>\n<meta name=\"twitter:card\" content=\"summary\" \/>\n<meta name=\"twitter:label1\" content=\"Tiempo de lectura\" \/>\n\t<meta name=\"twitter:data1\" content=\"1 minuto\" \/>\n<script type=\"application\/ld+json\" class=\"yoast-schema-graph\">{\"@context\":\"https:\/\/schema.org\",\"@graph\":[{\"@type\":\"WebPage\",\"@id\":\"https:\/\/www.securitydataandvideo.com\/inicio\/shop\/pro-12rf-accesspro-lector-largo-alcance-vehicular-de-hasta-12-metros-lineales-de-cobertura-uhf-902-928mhz-en-guadalajara-jalisco-y-todo-mexico\/\",\"url\":\"https:\/\/www.securitydataandvideo.com\/inicio\/shop\/pro-12rf-accesspro-lector-largo-alcance-vehicular-de-hasta-12-metros-lineales-de-cobertura-uhf-902-928mhz-en-guadalajara-jalisco-y-todo-mexico\/\",\"name\":\"Lector largo alcance vehicular Security Data &amp; Video SA de CV.\",\"isPartOf\":{\"@id\":\"https:\/\/www.securitydataandvideo.com\/inicio\/#website\"},\"datePublished\":\"2022-07-21T17:28:06+00:00\",\"dateModified\":\"2023-10-03T00:26:56+00:00\",\"description\":\"Security Data &amp; Video SA de CV. PRO-12RF ACCESSPRO Lector largo alcance vehicular RFID de Largo Alcance Para Control de Acceso Vehicular, Hasta 12 metros\",\"breadcrumb\":{\"@id\":\"https:\/\/www.securitydataandvideo.com\/inicio\/shop\/pro-12rf-accesspro-lector-largo-alcance-vehicular-de-hasta-12-metros-lineales-de-cobertura-uhf-902-928mhz-en-guadalajara-jalisco-y-todo-mexico\/#breadcrumb\"},\"inLanguage\":\"es-MX\",\"potentialAction\":[{\"@type\":\"ReadAction\",\"target\":[\"https:\/\/www.securitydataandvideo.com\/inicio\/shop\/pro-12rf-accesspro-lector-largo-alcance-vehicular-de-hasta-12-metros-lineales-de-cobertura-uhf-902-928mhz-en-guadalajara-jalisco-y-todo-mexico\/\"]}]},{\"@type\":\"BreadcrumbList\",\"@id\":\"https:\/\/www.securitydataandvideo.com\/inicio\/shop\/pro-12rf-accesspro-lector-largo-alcance-vehicular-de-hasta-12-metros-lineales-de-cobertura-uhf-902-928mhz-en-guadalajara-jalisco-y-todo-mexico\/#breadcrumb\",\"itemListElement\":[{\"@type\":\"ListItem\",\"position\":1,\"name\":\"Inicio\",\"item\":\"https:\/\/www.securitydataandvideo.com\/inicio\/\"},{\"@type\":\"ListItem\",\"position\":2,\"name\":\"Shop\",\"item\":\"https:\/\/www.securitydataandvideo.com\/inicio\/shop\/\"},{\"@type\":\"ListItem\",\"position\":3,\"name\":\"PRO-12RF ACCESSPRO Lector Largo Alcance Vehicular de Hasta 12 metros Lineales de Cobertura, UHF 902-928MHz, en Guadalajara Jalisco y todo M\u00e9xico.\"}]},{\"@type\":\"WebSite\",\"@id\":\"https:\/\/www.securitydataandvideo.com\/inicio\/#website\",\"url\":\"https:\/\/www.securitydataandvideo.com\/inicio\/\",\"name\":\"Security Data &amp; Video SA de CV.\",\"description\":\"Seguridad Electr\u00f3nica y Energ\u00eda\",\"publisher\":{\"@id\":\"https:\/\/www.securitydataandvideo.com\/inicio\/#organization\"},\"potentialAction\":[{\"@type\":\"SearchAction\",\"target\":{\"@type\":\"EntryPoint\",\"urlTemplate\":\"https:\/\/www.securitydataandvideo.com\/inicio\/?s={search_term_string}\"},\"query-input\":\"required name=search_term_string\"}],\"inLanguage\":\"es-MX\"},{\"@type\":\"Organization\",\"@id\":\"https:\/\/www.securitydataandvideo.com\/inicio\/#organization\",\"name\":\"Security Data & Video SA de CV\",\"url\":\"https:\/\/www.securitydataandvideo.com\/inicio\/\",\"sameAs\":[],\"logo\":{\"@type\":\"ImageObject\",\"inLanguage\":\"es-MX\",\"@id\":\"https:\/\/www.securitydataandvideo.com\/inicio\/#\/schema\/logo\/image\/\",\"url\":\"https:\/\/www.securitydataandvideo.com\/inicio\/wp-content\/uploads\/2021\/10\/Logo-Azul.png\",\"contentUrl\":\"https:\/\/www.securitydataandvideo.com\/inicio\/wp-content\/uploads\/2021\/10\/Logo-Azul.png\",\"width\":555,\"height\":375,\"caption\":\"Security Data & Video SA de CV\"},\"image\":{\"@id\":\"https:\/\/www.securitydataandvideo.com\/inicio\/#\/schema\/logo\/image\/\"}}]}<\/script>\n<!-- \/ Yoast SEO plugin. -->","yoast_head_json":{"title":"Lector largo alcance vehicular Security Data &amp; Video SA de CV.","description":"Security Data &amp; Video SA de CV. PRO-12RF ACCESSPRO Lector largo alcance vehicular RFID de Largo Alcance Para Control de Acceso Vehicular, Hasta 12 metros","robots":{"index":"index","follow":"follow","max-snippet":"max-snippet:-1","max-image-preview":"max-image-preview:large","max-video-preview":"max-video-preview:-1"},"canonical":"https:\/\/www.securitydataandvideo.com\/inicio\/shop\/pro-12rf-accesspro-lector-largo-alcance-vehicular-de-hasta-12-metros-lineales-de-cobertura-uhf-902-928mhz-en-guadalajara-jalisco-y-todo-mexico\/","og_locale":"es_MX","og_type":"article","og_title":"Lector largo alcance vehicular Security Data &amp; Video SA de CV.","og_description":"Security Data &amp; Video SA de CV. PRO-12RF ACCESSPRO Lector largo alcance vehicular RFID de Largo Alcance Para Control de Acceso Vehicular, Hasta 12 metros","og_url":"https:\/\/www.securitydataandvideo.com\/inicio\/shop\/pro-12rf-accesspro-lector-largo-alcance-vehicular-de-hasta-12-metros-lineales-de-cobertura-uhf-902-928mhz-en-guadalajara-jalisco-y-todo-mexico\/","og_site_name":"Security Data &amp; Video SA de CV.","article_modified_time":"2023-10-03T00:26:56+00:00","og_image":[{"width":173,"height":180,"url":"https:\/\/www.securitydataandvideo.com\/inicio\/wp-content\/uploads\/2022\/07\/PRO-12RF-ACCESSPRO.png","type":"image\/png"}],"twitter_card":"summary","twitter_misc":{"Tiempo de lectura":"1 minuto"},"schema":{"@context":"https:\/\/schema.org","@graph":[{"@type":"WebPage","@id":"https:\/\/www.securitydataandvideo.com\/inicio\/shop\/pro-12rf-accesspro-lector-largo-alcance-vehicular-de-hasta-12-metros-lineales-de-cobertura-uhf-902-928mhz-en-guadalajara-jalisco-y-todo-mexico\/","url":"https:\/\/www.securitydataandvideo.com\/inicio\/shop\/pro-12rf-accesspro-lector-largo-alcance-vehicular-de-hasta-12-metros-lineales-de-cobertura-uhf-902-928mhz-en-guadalajara-jalisco-y-todo-mexico\/","name":"Lector largo alcance vehicular Security Data &amp; Video SA de CV.","isPartOf":{"@id":"https:\/\/www.securitydataandvideo.com\/inicio\/#website"},"datePublished":"2022-07-21T17:28:06+00:00","dateModified":"2023-10-03T00:26:56+00:00","description":"Security Data &amp; Video SA de CV. PRO-12RF ACCESSPRO Lector largo alcance vehicular RFID de Largo Alcance Para Control de Acceso Vehicular, Hasta 12 metros","breadcrumb":{"@id":"https:\/\/www.securitydataandvideo.com\/inicio\/shop\/pro-12rf-accesspro-lector-largo-alcance-vehicular-de-hasta-12-metros-lineales-de-cobertura-uhf-902-928mhz-en-guadalajara-jalisco-y-todo-mexico\/#breadcrumb"},"inLanguage":"es-MX","potentialAction":[{"@type":"ReadAction","target":["https:\/\/www.securitydataandvideo.com\/inicio\/shop\/pro-12rf-accesspro-lector-largo-alcance-vehicular-de-hasta-12-metros-lineales-de-cobertura-uhf-902-928mhz-en-guadalajara-jalisco-y-todo-mexico\/"]}]},{"@type":"BreadcrumbList","@id":"https:\/\/www.securitydataandvideo.com\/inicio\/shop\/pro-12rf-accesspro-lector-largo-alcance-vehicular-de-hasta-12-metros-lineales-de-cobertura-uhf-902-928mhz-en-guadalajara-jalisco-y-todo-mexico\/#breadcrumb","itemListElement":[{"@type":"ListItem","position":1,"name":"Inicio","item":"https:\/\/www.securitydataandvideo.com\/inicio\/"},{"@type":"ListItem","position":2,"name":"Shop","item":"https:\/\/www.securitydataandvideo.com\/inicio\/shop\/"},{"@type":"ListItem","position":3,"name":"PRO-12RF ACCESSPRO Lector Largo Alcance Vehicular de Hasta 12 metros Lineales de Cobertura, UHF 902-928MHz, en Guadalajara Jalisco y todo M\u00e9xico."}]},{"@type":"WebSite","@id":"https:\/\/www.securitydataandvideo.com\/inicio\/#website","url":"https:\/\/www.securitydataandvideo.com\/inicio\/","name":"Security Data &amp; Video SA de CV.","description":"Seguridad Electr\u00f3nica y Energ\u00eda","publisher":{"@id":"https:\/\/www.securitydataandvideo.com\/inicio\/#organization"},"potentialAction":[{"@type":"SearchAction","target":{"@type":"EntryPoint","urlTemplate":"https:\/\/www.securitydataandvideo.com\/inicio\/?s={search_term_string}"},"query-input":"required name=search_term_string"}],"inLanguage":"es-MX"},{"@type":"Organization","@id":"https:\/\/www.securitydataandvideo.com\/inicio\/#organization","name":"Security Data & Video SA de CV","url":"https:\/\/www.securitydataandvideo.com\/inicio\/","sameAs":[],"logo":{"@type":"ImageObject","inLanguage":"es-MX","@id":"https:\/\/www.securitydataandvideo.com\/inicio\/#\/schema\/logo\/image\/","url":"https:\/\/www.securitydataandvideo.com\/inicio\/wp-content\/uploads\/2021\/10\/Logo-Azul.png","contentUrl":"https:\/\/www.securitydataandvideo.com\/inicio\/wp-content\/uploads\/2021\/10\/Logo-Azul.png","width":555,"height":375,"caption":"Security Data & Video SA de CV"},"image":{"@id":"https:\/\/www.securitydataandvideo.com\/inicio\/#\/schema\/logo\/image\/"}}]}},"_links":{"self":[{"href":"https:\/\/www.securitydataandvideo.com\/inicio\/wp-json\/wp\/v2\/product\/15588"}],"collection":[{"href":"https:\/\/www.securitydataandvideo.com\/inicio\/wp-json\/wp\/v2\/product"}],"about":[{"href":"https:\/\/www.securitydataandvideo.com\/inicio\/wp-json\/wp\/v2\/types\/product"}],"wp:featuredmedia":[{"embeddable":true,"href":"https:\/\/www.securitydataandvideo.com\/inicio\/wp-json\/wp\/v2\/media\/15618"}],"wp:attachment":[{"href":"https:\/\/www.securitydataandvideo.com\/inicio\/wp-json\/wp\/v2\/media?parent=15588"}],"wp:term":[{"taxonomy":"product_cat","embeddable":true,"href":"https:\/\/www.securitydataandvideo.com\/inicio\/wp-json\/wp\/v2\/product_cat?post=15588"},{"taxonomy":"product_tag","embeddable":true,"href":"https:\/\/www.securitydataandvideo.com\/inicio\/wp-json\/wp\/v2\/product_tag?post=15588"}],"curies":[{"name":"wp","href":"https:\/\/api.w.org\/{rel}","templated":true}]}}