{"id":15590,"date":"2022-07-21T11:28:06","date_gmt":"2022-07-21T17:28:06","guid":{"rendered":"https:\/\/www.securitydataandvideo.com\/inicio\/?post_type=product&#038;p=15590"},"modified":"2023-10-23T12:28:50","modified_gmt":"2023-10-23T18:28:50","slug":"brazo-de-3-metros-con-led-para-barrera-vehicular-one-tech","status":"publish","type":"product","link":"https:\/\/www.securitydataandvideo.com\/inicio\/shop\/brazo-de-3-metros-con-led-para-barrera-vehicular-one-tech\/","title":{"rendered":"Brazo de 3 metros con LED para barrera vehicular One Tech"},"content":{"rendered":"<p><a href=\"https:\/\/www.securitydataandvideo.com\/inicio\/shop\/brazo-pluma-para-barrera-vehicular-de-3-metros-con-led-para-la-marca-onetech-y-wejoin-de-venta-en-guadalajara-jalisco-y-envio-a-todo-mexico\/?preview_id=15590&amp;preview_nonce=15a324b68f&amp;_thumbnail_id=15620&amp;preview=true\">Brazo<\/a> de 3 metros con LED para barrera vehicular <a href=\"https:\/\/qdigital.mx\/control-de-acceso\/acceso-vehicular\/brazos\/\">One Tech<\/a>, de venta en guadalajara jalisco y envi\u00f3 a todo M\u00e9xico.<\/p>\n<p>Brazo de 3 mts. de LED\/ancho 8 cm \/ con ajuste de 2 tornillos.<\/p>\n<p>Peso de pluma (M\u00e1stil) original:<br \/>\nBrazo articulado con leds 3mts 9.74 kg<\/p>\n<p class=\"ql-align-justify\">El accesorio est\u00e1 hecho de aleaci\u00f3n de aluminio de alta resistencia, incorpora una pel\u00edcula reflectante que tiene la funci\u00f3n de advertencia. Tambi\u00e9n incorpora goma en la parte inferior que sirve para protecci\u00f3n para la barrera y para los veh\u00edculos.<\/p>\n<p class=\"ql-align-justify\">La\u00a0barrera vehicular\u00a0incorpora un soporte oscilante. El brazo se separar\u00e1 del resorte cuando colisiona con una persona o veh\u00edculo. Esto protege y prolonga la vida \u00fatil del mecanismo de la barrera.<\/p>\n<p>Brazo pluma para barrera vehicular de 3 metros con LED para la marca ONE TECH, de venta en guadalajara jalisco y envi\u00f3 a todo M\u00e9xico.<\/p>\n<p>Brazo de 3 mts. de LED\/ancho 8 cm \/ con ajuste de 2 tornillos.<\/p>\n<h2>Funci\u00f3n<\/h2>\n<p>El buen funcionamiento de la barrera, as\u00ed como su adecuado se\u00f1alamiento, son puntos de suma importancia para evitar accidentes.\u00a0Son principalmente instaladas en los pasos a nivel para que se detenga el tr\u00e1nsito de autom\u00f3viles mientras el tren transita por ese tramo de su recorrido. Tambi\u00e9n es com\u00fan encontrar barreras en estacionamientos, peajes, t\u00faneles y puentes levadizos.<\/p>\n<p><strong>Para env\u00edos el tiempo de entrega es de 4 a 5 d\u00edas h\u00e1biles, consulta con tu asesor el m\u00e9todo de env\u00edo.<\/strong><\/p>\n","protected":false},"excerpt":{"rendered":"<p>Brazo pluma para barrera vehicular de 3 metros con LED para la marca ONETECH y WEJOIN, de venta en guadalajara jalisco y envi\u00f3 a todo M\u00e9xico.<\/p>\n","protected":false},"featured_media":15620,"template":"","meta":{"site-sidebar-layout":"default","site-content-layout":"default","ast-site-content-layout":"default","site-content-style":"default","site-sidebar-style":"default","ast-global-header-display":"","ast-banner-title-visibility":"","ast-main-header-display":"","ast-hfb-above-header-display":"","ast-hfb-below-header-display":"","ast-hfb-mobile-header-display":"","site-post-title":"","ast-breadcrumbs-content":"","ast-featured-img":"","footer-sml-layout":"","theme-transparent-header-meta":"default","adv-header-id-meta":"","stick-header-meta":"","header-above-stick-meta":"","header-main-stick-meta":"","header-below-stick-meta":"","astra-migrate-meta-layouts":"set"},"product_cat":[252],"product_tag":[250,155],"yoast_head":"<!-- This site is optimized with the Yoast SEO plugin v19.5.1 - https:\/\/yoast.com\/wordpress\/plugins\/seo\/ -->\n<title>Brazo de 3 metros con LED para barrera vehicular One Tech<\/title>\n<meta name=\"description\" content=\"Brazo pluma para barrera vehicular de 3 metros con LED para la marca ONE TECH, de venta en guadalajara jalisco y envi\u00f3 a todo M\u00e9xico.\" \/>\n<meta name=\"robots\" content=\"index, follow, max-snippet:-1, max-image-preview:large, max-video-preview:-1\" \/>\n<link rel=\"canonical\" href=\"https:\/\/www.securitydataandvideo.com\/inicio\/shop\/brazo-de-3-metros-con-led-para-barrera-vehicular-one-tech\/\" \/>\n<meta property=\"og:locale\" content=\"es_MX\" \/>\n<meta property=\"og:type\" content=\"article\" \/>\n<meta property=\"og:title\" content=\"Brazo de 3 metros con LED para barrera vehicular One Tech\" \/>\n<meta property=\"og:description\" content=\"Brazo pluma para barrera vehicular de 3 metros con LED para la marca ONE TECH, de venta en guadalajara jalisco y envi\u00f3 a todo M\u00e9xico.\" \/>\n<meta property=\"og:url\" content=\"https:\/\/www.securitydataandvideo.com\/inicio\/shop\/brazo-de-3-metros-con-led-para-barrera-vehicular-one-tech\/\" \/>\n<meta property=\"og:site_name\" content=\"Security Data &amp; Video SA de CV.\" \/>\n<meta property=\"article:modified_time\" content=\"2023-10-23T18:28:50+00:00\" \/>\n<meta property=\"og:image\" content=\"https:\/\/www.securitydataandvideo.com\/inicio\/wp-content\/uploads\/2022\/07\/EC-1BRCH3-L.png\" \/>\n\t<meta property=\"og:image:width\" content=\"215\" \/>\n\t<meta property=\"og:image:height\" content=\"75\" \/>\n\t<meta property=\"og:image:type\" content=\"image\/png\" \/>\n<meta name=\"twitter:card\" content=\"summary\" \/>\n<meta name=\"twitter:label1\" content=\"Tiempo de lectura\" \/>\n\t<meta name=\"twitter:data1\" content=\"2 minutos\" \/>\n<script type=\"application\/ld+json\" class=\"yoast-schema-graph\">{\"@context\":\"https:\/\/schema.org\",\"@graph\":[{\"@type\":\"WebPage\",\"@id\":\"https:\/\/www.securitydataandvideo.com\/inicio\/shop\/brazo-de-3-metros-con-led-para-barrera-vehicular-one-tech\/\",\"url\":\"https:\/\/www.securitydataandvideo.com\/inicio\/shop\/brazo-de-3-metros-con-led-para-barrera-vehicular-one-tech\/\",\"name\":\"Brazo de 3 metros con LED para barrera vehicular One Tech\",\"isPartOf\":{\"@id\":\"https:\/\/www.securitydataandvideo.com\/inicio\/#website\"},\"datePublished\":\"2022-07-21T17:28:06+00:00\",\"dateModified\":\"2023-10-23T18:28:50+00:00\",\"description\":\"Brazo pluma para barrera vehicular de 3 metros con LED para la marca ONE TECH, de venta en guadalajara jalisco y envi\u00f3 a todo M\u00e9xico.\",\"breadcrumb\":{\"@id\":\"https:\/\/www.securitydataandvideo.com\/inicio\/shop\/brazo-de-3-metros-con-led-para-barrera-vehicular-one-tech\/#breadcrumb\"},\"inLanguage\":\"es-MX\",\"potentialAction\":[{\"@type\":\"ReadAction\",\"target\":[\"https:\/\/www.securitydataandvideo.com\/inicio\/shop\/brazo-de-3-metros-con-led-para-barrera-vehicular-one-tech\/\"]}]},{\"@type\":\"BreadcrumbList\",\"@id\":\"https:\/\/www.securitydataandvideo.com\/inicio\/shop\/brazo-de-3-metros-con-led-para-barrera-vehicular-one-tech\/#breadcrumb\",\"itemListElement\":[{\"@type\":\"ListItem\",\"position\":1,\"name\":\"Inicio\",\"item\":\"https:\/\/www.securitydataandvideo.com\/inicio\/\"},{\"@type\":\"ListItem\",\"position\":2,\"name\":\"Shop\",\"item\":\"https:\/\/www.securitydataandvideo.com\/inicio\/shop\/\"},{\"@type\":\"ListItem\",\"position\":3,\"name\":\"Brazo de 3 metros con LED para barrera vehicular One Tech\"}]},{\"@type\":\"WebSite\",\"@id\":\"https:\/\/www.securitydataandvideo.com\/inicio\/#website\",\"url\":\"https:\/\/www.securitydataandvideo.com\/inicio\/\",\"name\":\"Security Data &amp; Video SA de CV.\",\"description\":\"Seguridad Electr\u00f3nica y Energ\u00eda\",\"publisher\":{\"@id\":\"https:\/\/www.securitydataandvideo.com\/inicio\/#organization\"},\"potentialAction\":[{\"@type\":\"SearchAction\",\"target\":{\"@type\":\"EntryPoint\",\"urlTemplate\":\"https:\/\/www.securitydataandvideo.com\/inicio\/?s={search_term_string}\"},\"query-input\":\"required name=search_term_string\"}],\"inLanguage\":\"es-MX\"},{\"@type\":\"Organization\",\"@id\":\"https:\/\/www.securitydataandvideo.com\/inicio\/#organization\",\"name\":\"Security Data & Video SA de CV\",\"url\":\"https:\/\/www.securitydataandvideo.com\/inicio\/\",\"sameAs\":[],\"logo\":{\"@type\":\"ImageObject\",\"inLanguage\":\"es-MX\",\"@id\":\"https:\/\/www.securitydataandvideo.com\/inicio\/#\/schema\/logo\/image\/\",\"url\":\"https:\/\/www.securitydataandvideo.com\/inicio\/wp-content\/uploads\/2021\/10\/Logo-Azul.png\",\"contentUrl\":\"https:\/\/www.securitydataandvideo.com\/inicio\/wp-content\/uploads\/2021\/10\/Logo-Azul.png\",\"width\":555,\"height\":375,\"caption\":\"Security Data & Video SA de CV\"},\"image\":{\"@id\":\"https:\/\/www.securitydataandvideo.com\/inicio\/#\/schema\/logo\/image\/\"}}]}<\/script>\n<!-- \/ Yoast SEO plugin. -->","yoast_head_json":{"title":"Brazo de 3 metros con LED para barrera vehicular One Tech","description":"Brazo pluma para barrera vehicular de 3 metros con LED para la marca ONE TECH, de venta en guadalajara jalisco y envi\u00f3 a todo M\u00e9xico.","robots":{"index":"index","follow":"follow","max-snippet":"max-snippet:-1","max-image-preview":"max-image-preview:large","max-video-preview":"max-video-preview:-1"},"canonical":"https:\/\/www.securitydataandvideo.com\/inicio\/shop\/brazo-de-3-metros-con-led-para-barrera-vehicular-one-tech\/","og_locale":"es_MX","og_type":"article","og_title":"Brazo de 3 metros con LED para barrera vehicular One Tech","og_description":"Brazo pluma para barrera vehicular de 3 metros con LED para la marca ONE TECH, de venta en guadalajara jalisco y envi\u00f3 a todo M\u00e9xico.","og_url":"https:\/\/www.securitydataandvideo.com\/inicio\/shop\/brazo-de-3-metros-con-led-para-barrera-vehicular-one-tech\/","og_site_name":"Security Data &amp; Video SA de CV.","article_modified_time":"2023-10-23T18:28:50+00:00","og_image":[{"width":215,"height":75,"url":"https:\/\/www.securitydataandvideo.com\/inicio\/wp-content\/uploads\/2022\/07\/EC-1BRCH3-L.png","type":"image\/png"}],"twitter_card":"summary","twitter_misc":{"Tiempo de lectura":"2 minutos"},"schema":{"@context":"https:\/\/schema.org","@graph":[{"@type":"WebPage","@id":"https:\/\/www.securitydataandvideo.com\/inicio\/shop\/brazo-de-3-metros-con-led-para-barrera-vehicular-one-tech\/","url":"https:\/\/www.securitydataandvideo.com\/inicio\/shop\/brazo-de-3-metros-con-led-para-barrera-vehicular-one-tech\/","name":"Brazo de 3 metros con LED para barrera vehicular One Tech","isPartOf":{"@id":"https:\/\/www.securitydataandvideo.com\/inicio\/#website"},"datePublished":"2022-07-21T17:28:06+00:00","dateModified":"2023-10-23T18:28:50+00:00","description":"Brazo pluma para barrera vehicular de 3 metros con LED para la marca ONE TECH, de venta en guadalajara jalisco y envi\u00f3 a todo M\u00e9xico.","breadcrumb":{"@id":"https:\/\/www.securitydataandvideo.com\/inicio\/shop\/brazo-de-3-metros-con-led-para-barrera-vehicular-one-tech\/#breadcrumb"},"inLanguage":"es-MX","potentialAction":[{"@type":"ReadAction","target":["https:\/\/www.securitydataandvideo.com\/inicio\/shop\/brazo-de-3-metros-con-led-para-barrera-vehicular-one-tech\/"]}]},{"@type":"BreadcrumbList","@id":"https:\/\/www.securitydataandvideo.com\/inicio\/shop\/brazo-de-3-metros-con-led-para-barrera-vehicular-one-tech\/#breadcrumb","itemListElement":[{"@type":"ListItem","position":1,"name":"Inicio","item":"https:\/\/www.securitydataandvideo.com\/inicio\/"},{"@type":"ListItem","position":2,"name":"Shop","item":"https:\/\/www.securitydataandvideo.com\/inicio\/shop\/"},{"@type":"ListItem","position":3,"name":"Brazo de 3 metros con LED para barrera vehicular One Tech"}]},{"@type":"WebSite","@id":"https:\/\/www.securitydataandvideo.com\/inicio\/#website","url":"https:\/\/www.securitydataandvideo.com\/inicio\/","name":"Security Data &amp; Video SA de CV.","description":"Seguridad Electr\u00f3nica y Energ\u00eda","publisher":{"@id":"https:\/\/www.securitydataandvideo.com\/inicio\/#organization"},"potentialAction":[{"@type":"SearchAction","target":{"@type":"EntryPoint","urlTemplate":"https:\/\/www.securitydataandvideo.com\/inicio\/?s={search_term_string}"},"query-input":"required name=search_term_string"}],"inLanguage":"es-MX"},{"@type":"Organization","@id":"https:\/\/www.securitydataandvideo.com\/inicio\/#organization","name":"Security Data & Video SA de CV","url":"https:\/\/www.securitydataandvideo.com\/inicio\/","sameAs":[],"logo":{"@type":"ImageObject","inLanguage":"es-MX","@id":"https:\/\/www.securitydataandvideo.com\/inicio\/#\/schema\/logo\/image\/","url":"https:\/\/www.securitydataandvideo.com\/inicio\/wp-content\/uploads\/2021\/10\/Logo-Azul.png","contentUrl":"https:\/\/www.securitydataandvideo.com\/inicio\/wp-content\/uploads\/2021\/10\/Logo-Azul.png","width":555,"height":375,"caption":"Security Data & Video SA de CV"},"image":{"@id":"https:\/\/www.securitydataandvideo.com\/inicio\/#\/schema\/logo\/image\/"}}]}},"_links":{"self":[{"href":"https:\/\/www.securitydataandvideo.com\/inicio\/wp-json\/wp\/v2\/product\/15590"}],"collection":[{"href":"https:\/\/www.securitydataandvideo.com\/inicio\/wp-json\/wp\/v2\/product"}],"about":[{"href":"https:\/\/www.securitydataandvideo.com\/inicio\/wp-json\/wp\/v2\/types\/product"}],"wp:featuredmedia":[{"embeddable":true,"href":"https:\/\/www.securitydataandvideo.com\/inicio\/wp-json\/wp\/v2\/media\/15620"}],"wp:attachment":[{"href":"https:\/\/www.securitydataandvideo.com\/inicio\/wp-json\/wp\/v2\/media?parent=15590"}],"wp:term":[{"taxonomy":"product_cat","embeddable":true,"href":"https:\/\/www.securitydataandvideo.com\/inicio\/wp-json\/wp\/v2\/product_cat?post=15590"},{"taxonomy":"product_tag","embeddable":true,"href":"https:\/\/www.securitydataandvideo.com\/inicio\/wp-json\/wp\/v2\/product_tag?post=15590"}],"curies":[{"name":"wp","href":"https:\/\/api.w.org\/{rel}","templated":true}]}}