{"id":15593,"date":"2022-07-21T11:28:07","date_gmt":"2022-07-21T17:28:07","guid":{"rendered":"https:\/\/www.securitydataandvideo.com\/inicio\/?post_type=product&#038;p=15593"},"modified":"2023-10-24T09:45:11","modified_gmt":"2023-10-24T15:45:11","slug":"brazo-one-tech-de-4-5-metros","status":"publish","type":"product","link":"https:\/\/www.securitydataandvideo.com\/inicio\/shop\/brazo-one-tech-de-4-5-metros\/","title":{"rendered":"Brazo One Tech de 4.5 metros"},"content":{"rendered":"<p><a href=\"https:\/\/www.securitydataandvideo.com\/inicio\/shop\/brazo-de-4-5-metros-para-barreras-vehiculares-onetech-wejoin-en-guadalajara-jalisco-y-todo-mexico\/?preview_id=15593&amp;preview_nonce=167e5d1fcd&amp;_thumbnail_id=15623&amp;preview=true\">Brazo<\/a> <a href=\"https:\/\/qdigital.mx\/brazo-rigido-de-4-5-mts-para-barrera-tradicional-y-servomotor-ot-brarig4m\/\">One Tech<\/a> de 4.5 metros para barreras vehiculares en Guadalajara jalisco y todo M\u00e9xico.\u00a0Brazo r\u00edgido 4.5 mts.\/ para barrera de 3 seg\/ One Tech \/ ancho 10 cm \/ con ajuste de 2 tornillos. No cuenta con sistema anti-impacto.<\/p>\n<p><strong>ARM45 Brazo Recto de 4.5 metros para barrera de 3 segundos.<\/strong><\/p>\n<p>El Brazo One Tech de 4.5 metros para barreras vehiculares est\u00e1 hecho de aleaci\u00f3n de aluminio de alta resistencia, incorpora una pel\u00edcula reflectante que tiene la funci\u00f3n de advertencia.<\/p>\n<h2>Especificaciones<\/h2>\n<p><strong>Tipo de brazo<\/strong> Brazo recto Octagonal grande<\/p>\n<p><strong>Largo de brazo<\/strong>\u00a04.5 mts<\/p>\n<p><strong>Dimensiones(cm)<\/strong>\u00a0450 x 4.5 x 10cm<\/p>\n<p><strong>Peso<\/strong>\u00a05.2 Kg<\/p>\n<h2>Funci\u00f3n<\/h2>\n<p>El buen funcionamiento de la barrera, as\u00ed como su adecuado se\u00f1alamiento, son puntos de suma importancia para evitar accidentes.\u00a0Son principalmente instaladas en los pasos a nivel para que se detenga el tr\u00e1nsito de autom\u00f3viles mientras el tren transita por ese tramo de su recorrido. Tambi\u00e9n es com\u00fan encontrar barreras en estacionamientos, peajes, t\u00faneles y puentes levadizos.<\/p>\n<p><strong>Para env\u00edos el tiempo de entrega es de 4 a 5 d\u00edas h\u00e1biles, consulta con tu asesor el m\u00e9todo de env\u00edo.<\/strong><\/p>\n<p><a href=\"https:\/\/www.securitydataandvideo.com\/inicio\/shop\/brazo-de-4-5-metros-para-barreras-vehiculares-onetech-wejoin-en-guadalajara-jalisco-y-todo-mexico\/?preview_id=15593&amp;preview_nonce=167e5d1fcd&amp;_thumbnail_id=15623&amp;preview=true\">Brazo<\/a> <a href=\"https:\/\/qdigital.mx\/brazo-rigido-de-4-5-mts-para-barrera-tradicional-y-servomotor-ot-brarig4m\/\">One Tech<\/a> de 4.5 metros para barreras vehiculares en Guadalajara jalisco y todo M\u00e9xico.\u00a0Brazo r\u00edgido 4.5 mts.\/ para barrera de 3 seg\/ One Tech \/ ancho 10 cm \/ con ajuste de 2 tornillos. No cuenta con sistema anti-impacto.<\/p>\n<p><strong>ARM45 Brazo Recto de 4.5 metros para barrera de 3 segundos.<\/strong><\/p>\n<p>El Brazo One Tech de 4.5 metros para barreras vehiculares est\u00e1 hecho de aleaci\u00f3n de aluminio de alta resistencia, incorpora una pel\u00edcula reflectante que tiene la funci\u00f3n de advertencia.<\/p>\n<h2>Especificaciones<\/h2>\n<p><strong>Tipo de brazo<\/strong> Brazo recto Octagonal grande<\/p>\n<p><strong>Largo de brazo<\/strong>\u00a04.5 mts<\/p>\n<p><strong>Dimensiones(cm)<\/strong>\u00a0450 x 4.5 x 10cm<\/p>\n<p><strong>Peso<\/strong>\u00a05.2 Kg<\/p>\n<h2>Funci\u00f3n<\/h2>\n<p>El buen funcionamiento de la barrera, as\u00ed como su adecuado se\u00f1alamiento, son puntos de suma importancia para evitar accidentes.\u00a0Son principalmente instaladas en los pasos a nivel para que se detenga el tr\u00e1nsito de autom\u00f3viles mientras el tren transita por ese tramo de su recorrido. Tambi\u00e9n es com\u00fan encontrar barreras en estacionamientos, peajes, t\u00faneles y puentes levadizos.<\/p>\n<p><strong>Para env\u00edos el tiempo de entrega es de 4 a 5 d\u00edas h\u00e1biles, consulta con tu asesor el m\u00e9todo de env\u00edo.<\/strong><\/p>\n","protected":false},"excerpt":{"rendered":"<p><a href=\"https:\/\/www.securitydataandvideo.com\/inicio\/shop\/brazo-de-4-5-metros-para-barreras-vehiculares-onetech-wejoin-en-guadalajara-jalisco-y-todo-mexico\/?preview_id=15593&amp;preview_nonce=167e5d1fcd&amp;_thumbnail_id=15623&amp;preview=true\">Brazo<\/a> <a href=\"https:\/\/qdigital.mx\/brazo-rigido-de-4-5-mts-para-barrera-tradicional-y-servomotor-ot-brarig4m\/\">One Tech<\/a> de 4.5 metros para barreras vehiculares en Guadalajara jalisco y todo M\u00e9xico.\u00a0Brazo r\u00edgido 4.5 mts.\/ para barrera de 3 seg\/ One Tech \/ ancho 10 cm \/ con ajuste de 2 tornillos. No cuenta con sistema anti-impacto<br \/>\n<!--more--><\/p>\n","protected":false},"featured_media":15623,"template":"","meta":{"site-sidebar-layout":"default","site-content-layout":"","ast-site-content-layout":"default","site-content-style":"default","site-sidebar-style":"default","ast-global-header-display":"","ast-banner-title-visibility":"","ast-main-header-display":"","ast-hfb-above-header-display":"","ast-hfb-below-header-display":"","ast-hfb-mobile-header-display":"","site-post-title":"","ast-breadcrumbs-content":"","ast-featured-img":"","footer-sml-layout":"","theme-transparent-header-meta":"default","adv-header-id-meta":"","stick-header-meta":"","header-above-stick-meta":"","header-main-stick-meta":"","header-below-stick-meta":"","astra-migrate-meta-layouts":"set"},"product_cat":[252],"product_tag":[250],"yoast_head":"<!-- This site is optimized with the Yoast SEO plugin v19.5.1 - https:\/\/yoast.com\/wordpress\/plugins\/seo\/ -->\n<title>Brazo One Tech de 4.5 metros Security Data &amp; Video SA de CV.<\/title>\n<meta name=\"description\" content=\"Security Data &amp; Video SA de CV. EC-1BRM4.5 brazo de 4.5 metros para barreras vehiculares ONETECH - WEJOIN, en Guadalajara jalisco y todo M\u00e9xico.\" \/>\n<meta name=\"robots\" content=\"index, follow, max-snippet:-1, max-image-preview:large, max-video-preview:-1\" \/>\n<link rel=\"canonical\" href=\"https:\/\/www.securitydataandvideo.com\/inicio\/shop\/brazo-one-tech-de-4-5-metros\/\" \/>\n<meta property=\"og:locale\" content=\"es_MX\" \/>\n<meta property=\"og:type\" content=\"article\" \/>\n<meta property=\"og:title\" content=\"Brazo One Tech de 4.5 metros Security Data &amp; Video SA de CV.\" \/>\n<meta property=\"og:description\" content=\"Security Data &amp; Video SA de CV. EC-1BRM4.5 brazo de 4.5 metros para barreras vehiculares ONETECH - WEJOIN, en Guadalajara jalisco y todo M\u00e9xico.\" \/>\n<meta property=\"og:url\" content=\"https:\/\/www.securitydataandvideo.com\/inicio\/shop\/brazo-one-tech-de-4-5-metros\/\" \/>\n<meta property=\"og:site_name\" content=\"Security Data &amp; Video SA de CV.\" \/>\n<meta property=\"article:modified_time\" content=\"2023-10-24T15:45:11+00:00\" \/>\n<meta property=\"og:image\" content=\"https:\/\/www.securitydataandvideo.com\/inicio\/wp-content\/uploads\/2022\/07\/WEJOIN-ARM6M.jpg\" \/>\n\t<meta property=\"og:image:width\" content=\"768\" \/>\n\t<meta property=\"og:image:height\" content=\"1024\" \/>\n\t<meta property=\"og:image:type\" content=\"image\/jpeg\" \/>\n<meta name=\"twitter:card\" content=\"summary\" \/>\n<meta name=\"twitter:label1\" content=\"Tiempo de lectura\" \/>\n\t<meta name=\"twitter:data1\" content=\"2 minutos\" \/>\n<script type=\"application\/ld+json\" class=\"yoast-schema-graph\">{\"@context\":\"https:\/\/schema.org\",\"@graph\":[{\"@type\":\"WebPage\",\"@id\":\"https:\/\/www.securitydataandvideo.com\/inicio\/shop\/brazo-one-tech-de-4-5-metros\/\",\"url\":\"https:\/\/www.securitydataandvideo.com\/inicio\/shop\/brazo-one-tech-de-4-5-metros\/\",\"name\":\"Brazo One Tech de 4.5 metros Security Data &amp; Video SA de CV.\",\"isPartOf\":{\"@id\":\"https:\/\/www.securitydataandvideo.com\/inicio\/#website\"},\"datePublished\":\"2022-07-21T17:28:07+00:00\",\"dateModified\":\"2023-10-24T15:45:11+00:00\",\"description\":\"Security Data &amp; Video SA de CV. EC-1BRM4.5 brazo de 4.5 metros para barreras vehiculares ONETECH - WEJOIN, en Guadalajara jalisco y todo M\u00e9xico.\",\"breadcrumb\":{\"@id\":\"https:\/\/www.securitydataandvideo.com\/inicio\/shop\/brazo-one-tech-de-4-5-metros\/#breadcrumb\"},\"inLanguage\":\"es-MX\",\"potentialAction\":[{\"@type\":\"ReadAction\",\"target\":[\"https:\/\/www.securitydataandvideo.com\/inicio\/shop\/brazo-one-tech-de-4-5-metros\/\"]}]},{\"@type\":\"BreadcrumbList\",\"@id\":\"https:\/\/www.securitydataandvideo.com\/inicio\/shop\/brazo-one-tech-de-4-5-metros\/#breadcrumb\",\"itemListElement\":[{\"@type\":\"ListItem\",\"position\":1,\"name\":\"Inicio\",\"item\":\"https:\/\/www.securitydataandvideo.com\/inicio\/\"},{\"@type\":\"ListItem\",\"position\":2,\"name\":\"Shop\",\"item\":\"https:\/\/www.securitydataandvideo.com\/inicio\/shop\/\"},{\"@type\":\"ListItem\",\"position\":3,\"name\":\"Brazo One Tech de 4.5 metros\"}]},{\"@type\":\"WebSite\",\"@id\":\"https:\/\/www.securitydataandvideo.com\/inicio\/#website\",\"url\":\"https:\/\/www.securitydataandvideo.com\/inicio\/\",\"name\":\"Security Data &amp; Video SA de CV.\",\"description\":\"Seguridad Electr\u00f3nica y Energ\u00eda\",\"publisher\":{\"@id\":\"https:\/\/www.securitydataandvideo.com\/inicio\/#organization\"},\"potentialAction\":[{\"@type\":\"SearchAction\",\"target\":{\"@type\":\"EntryPoint\",\"urlTemplate\":\"https:\/\/www.securitydataandvideo.com\/inicio\/?s={search_term_string}\"},\"query-input\":\"required name=search_term_string\"}],\"inLanguage\":\"es-MX\"},{\"@type\":\"Organization\",\"@id\":\"https:\/\/www.securitydataandvideo.com\/inicio\/#organization\",\"name\":\"Security Data & Video SA de CV\",\"url\":\"https:\/\/www.securitydataandvideo.com\/inicio\/\",\"sameAs\":[],\"logo\":{\"@type\":\"ImageObject\",\"inLanguage\":\"es-MX\",\"@id\":\"https:\/\/www.securitydataandvideo.com\/inicio\/#\/schema\/logo\/image\/\",\"url\":\"https:\/\/www.securitydataandvideo.com\/inicio\/wp-content\/uploads\/2021\/10\/Logo-Azul.png\",\"contentUrl\":\"https:\/\/www.securitydataandvideo.com\/inicio\/wp-content\/uploads\/2021\/10\/Logo-Azul.png\",\"width\":555,\"height\":375,\"caption\":\"Security Data & Video SA de CV\"},\"image\":{\"@id\":\"https:\/\/www.securitydataandvideo.com\/inicio\/#\/schema\/logo\/image\/\"}}]}<\/script>\n<!-- \/ Yoast SEO plugin. -->","yoast_head_json":{"title":"Brazo One Tech de 4.5 metros Security Data &amp; Video SA de CV.","description":"Security Data &amp; Video SA de CV. EC-1BRM4.5 brazo de 4.5 metros para barreras vehiculares ONETECH - WEJOIN, en Guadalajara jalisco y todo M\u00e9xico.","robots":{"index":"index","follow":"follow","max-snippet":"max-snippet:-1","max-image-preview":"max-image-preview:large","max-video-preview":"max-video-preview:-1"},"canonical":"https:\/\/www.securitydataandvideo.com\/inicio\/shop\/brazo-one-tech-de-4-5-metros\/","og_locale":"es_MX","og_type":"article","og_title":"Brazo One Tech de 4.5 metros Security Data &amp; Video SA de CV.","og_description":"Security Data &amp; Video SA de CV. EC-1BRM4.5 brazo de 4.5 metros para barreras vehiculares ONETECH - WEJOIN, en Guadalajara jalisco y todo M\u00e9xico.","og_url":"https:\/\/www.securitydataandvideo.com\/inicio\/shop\/brazo-one-tech-de-4-5-metros\/","og_site_name":"Security Data &amp; Video SA de CV.","article_modified_time":"2023-10-24T15:45:11+00:00","og_image":[{"width":768,"height":1024,"url":"https:\/\/www.securitydataandvideo.com\/inicio\/wp-content\/uploads\/2022\/07\/WEJOIN-ARM6M.jpg","type":"image\/jpeg"}],"twitter_card":"summary","twitter_misc":{"Tiempo de lectura":"2 minutos"},"schema":{"@context":"https:\/\/schema.org","@graph":[{"@type":"WebPage","@id":"https:\/\/www.securitydataandvideo.com\/inicio\/shop\/brazo-one-tech-de-4-5-metros\/","url":"https:\/\/www.securitydataandvideo.com\/inicio\/shop\/brazo-one-tech-de-4-5-metros\/","name":"Brazo One Tech de 4.5 metros Security Data &amp; Video SA de CV.","isPartOf":{"@id":"https:\/\/www.securitydataandvideo.com\/inicio\/#website"},"datePublished":"2022-07-21T17:28:07+00:00","dateModified":"2023-10-24T15:45:11+00:00","description":"Security Data &amp; Video SA de CV. EC-1BRM4.5 brazo de 4.5 metros para barreras vehiculares ONETECH - WEJOIN, en Guadalajara jalisco y todo M\u00e9xico.","breadcrumb":{"@id":"https:\/\/www.securitydataandvideo.com\/inicio\/shop\/brazo-one-tech-de-4-5-metros\/#breadcrumb"},"inLanguage":"es-MX","potentialAction":[{"@type":"ReadAction","target":["https:\/\/www.securitydataandvideo.com\/inicio\/shop\/brazo-one-tech-de-4-5-metros\/"]}]},{"@type":"BreadcrumbList","@id":"https:\/\/www.securitydataandvideo.com\/inicio\/shop\/brazo-one-tech-de-4-5-metros\/#breadcrumb","itemListElement":[{"@type":"ListItem","position":1,"name":"Inicio","item":"https:\/\/www.securitydataandvideo.com\/inicio\/"},{"@type":"ListItem","position":2,"name":"Shop","item":"https:\/\/www.securitydataandvideo.com\/inicio\/shop\/"},{"@type":"ListItem","position":3,"name":"Brazo One Tech de 4.5 metros"}]},{"@type":"WebSite","@id":"https:\/\/www.securitydataandvideo.com\/inicio\/#website","url":"https:\/\/www.securitydataandvideo.com\/inicio\/","name":"Security Data &amp; Video SA de CV.","description":"Seguridad Electr\u00f3nica y Energ\u00eda","publisher":{"@id":"https:\/\/www.securitydataandvideo.com\/inicio\/#organization"},"potentialAction":[{"@type":"SearchAction","target":{"@type":"EntryPoint","urlTemplate":"https:\/\/www.securitydataandvideo.com\/inicio\/?s={search_term_string}"},"query-input":"required name=search_term_string"}],"inLanguage":"es-MX"},{"@type":"Organization","@id":"https:\/\/www.securitydataandvideo.com\/inicio\/#organization","name":"Security Data & Video SA de CV","url":"https:\/\/www.securitydataandvideo.com\/inicio\/","sameAs":[],"logo":{"@type":"ImageObject","inLanguage":"es-MX","@id":"https:\/\/www.securitydataandvideo.com\/inicio\/#\/schema\/logo\/image\/","url":"https:\/\/www.securitydataandvideo.com\/inicio\/wp-content\/uploads\/2021\/10\/Logo-Azul.png","contentUrl":"https:\/\/www.securitydataandvideo.com\/inicio\/wp-content\/uploads\/2021\/10\/Logo-Azul.png","width":555,"height":375,"caption":"Security Data & Video SA de CV"},"image":{"@id":"https:\/\/www.securitydataandvideo.com\/inicio\/#\/schema\/logo\/image\/"}}]}},"_links":{"self":[{"href":"https:\/\/www.securitydataandvideo.com\/inicio\/wp-json\/wp\/v2\/product\/15593"}],"collection":[{"href":"https:\/\/www.securitydataandvideo.com\/inicio\/wp-json\/wp\/v2\/product"}],"about":[{"href":"https:\/\/www.securitydataandvideo.com\/inicio\/wp-json\/wp\/v2\/types\/product"}],"wp:featuredmedia":[{"embeddable":true,"href":"https:\/\/www.securitydataandvideo.com\/inicio\/wp-json\/wp\/v2\/media\/15623"}],"wp:attachment":[{"href":"https:\/\/www.securitydataandvideo.com\/inicio\/wp-json\/wp\/v2\/media?parent=15593"}],"wp:term":[{"taxonomy":"product_cat","embeddable":true,"href":"https:\/\/www.securitydataandvideo.com\/inicio\/wp-json\/wp\/v2\/product_cat?post=15593"},{"taxonomy":"product_tag","embeddable":true,"href":"https:\/\/www.securitydataandvideo.com\/inicio\/wp-json\/wp\/v2\/product_tag?post=15593"}],"curies":[{"name":"wp","href":"https:\/\/api.w.org\/{rel}","templated":true}]}}