{"id":15596,"date":"2022-07-21T11:28:07","date_gmt":"2022-07-21T17:28:07","guid":{"rendered":"https:\/\/www.securitydataandvideo.com\/inicio\/?post_type=product&#038;p=15596"},"modified":"2023-10-02T18:29:05","modified_gmt":"2023-10-03T00:29:05","slug":"barrera-vehicular-wejoin-de-3-segundos-con-brazo-de-4-5-metros-venta-instalacion-en-guadalajara","status":"publish","type":"product","link":"https:\/\/www.securitydataandvideo.com\/inicio\/shop\/barrera-vehicular-wejoin-de-3-segundos-con-brazo-de-4-5-metros-venta-instalacion-en-guadalajara\/","title":{"rendered":"Barrera Vehicular Wejoin de 3 segundos con brazo de 4.5 metros venta instalaci\u00f3n en guadalajara."},"content":{"rendered":"<p class=\"product-name\">Barrera Vehicular Wejoin de 3 segundos con brazo de 4.5 metros venta instalaci\u00f3n en guadalajara.<\/p>\n<p class=\"Arial10\">Una barrera es una especie de barra que impide el paso de veh\u00edculos de manera temporal en un determinado camino o paso, de manera que se pueda comprobar la identidad, o impidan el paso en otros casos para evitar accidentes mientras por esa v\u00eda circula alg\u00fan otro veh\u00edculo o tren. Nos sirven para mantener un flujo controlado o un acceso vial seguro.<\/p>\n<p class=\"Arial10\">La barrera vehicular de media velocidad incluye el soporte del brazo oscilante y el brazo de\u00a04.5 metros. Se caracteriza por su rapidez y estabilidad. El tiempo de operaci\u00f3n es de\u00a03 segundos. Se utiliza principalmente como dispositivo de control de entrada y salida de coches en peajes, estacionamientos o f\u00e1bricas, el tiempo de vida es de 3 millones de ciclos.<\/p>\n<p class=\"Arial10\">Estacionamientos, peajes, patios, cruces de ferrocarril, accesos comerciales, acceso a departamentos<\/p>\n<p class=\"Arial10\">.<\/p>\n<table class=\"cdd\" style=\"height: 35px;\" border=\"0\" width=\"893\" align=\"center\">\n<tbody>\n<tr>\n<td bgcolor=\"#ff8000\" width=\"700\" height=\"22\">\n<h6><strong>Funciones y Especificaciones de BARRERA VEHICULAR WEJOIN DE 3 SEGUNDOS Y BRAZO DE 4.5 METROS EN GUADALAJARA JALISCO<\/strong><\/h6>\n<\/td>\n<\/tr>\n<\/tbody>\n<\/table>\n<table border=\"0\">\n<tbody>\n<tr>\n<td>\n<ul>\n<li>De uso rudo hasta 10,000 aperturas diarias.<\/li>\n<li>Motor de 3 segundos.<\/li>\n<li>Largo m\u00e1ximo de brazo:\u00a04.5 metros.<\/li>\n<li>Temperatura del sistema de embrague: -20\u00b0C a 75\u00b0C.<\/li>\n<li>Voltaje de trabajo 110 V AC.<\/li>\n<li>Frecuencia 60 Hz.<\/li>\n<li>Distancia de control de hasta 30 metros.<\/li>\n<li>Liberaci\u00f3n manual de la barrera cuando se genere una p\u00e9rdida de energ\u00eda.<\/li>\n<li>Motor de aleaci\u00f3n de aluminio a presi\u00f3n altamente herm\u00e9tico para disipar el calor f\u00e1cilmente.<\/li>\n<li>Abanico para evitar el calentamiento.<\/li>\n<li>Reversa autom\u00e1tica cuando el brazo tiene una obstrucci\u00f3n.<\/li>\n<li>Ajustes de Auto cierre a trav\u00e9s del panel de control.<\/li>\n<li>Funciones con: fotoceldas, detectores de lazo, lectoras, sem\u00e1foros, etc. (no incluidas).<\/li>\n<\/ul>\n<h2>Barrera de Frecuencia Variable Comercial Puerta CB01SV <a href=\"https:\/\/sitejal.com\/categoria-producto\/acceso-vehicular\/sistemas-de-control-de-accesos-vehicular\/barreras-vehiculares-wejoin\/\">BARRERAS VEHICULARES PARA CONTROLAR ACCESOS WEJOIN<\/a> DE 3 SEGUNDOS Y BRAZO DE 4.5 METROS EN GUADALAJARA JALISCO<\/h2>\n<p>&nbsp;<\/p>\n<ul>\n<li class=\"ql-align-justify\">La velocidad es ajustable de 3 segundos<\/li>\n<li class=\"ql-align-justify\">La velocidad de apertura \/ cierre es ajustable<\/li>\n<li class=\"ql-align-justify\">Amortigua y disminuye la velocidad cuando el brazo va a la posici\u00f3n de l\u00edmite.<\/li>\n<li class=\"ql-align-justify\">Control inteligente y desarrollo personalizado adicional.<\/li>\n<li class=\"ql-align-justify\">Panel de control tipo men\u00fa<\/li>\n<li class=\"ql-align-justify\">En el modo autom\u00e1tico, la velocidad puede cambiar autom\u00e1ticamente seg\u00fan el flujo de tr\u00e1fico<\/li>\n<li class=\"ql-align-justify\">Sin dise\u00f1o de interruptor de l\u00edmite: el motor puede detectar la posici\u00f3n de la pluma autom\u00e1ticamente.<\/li>\n<li class=\"ql-align-justify\">Con auto-inversi\u00f3n en funci\u00f3n de obstrucci\u00f3n.<\/li>\n<li class=\"ql-align-justify\">TCP \/ IP en l\u00ednea es opcional<\/li>\n<\/ul>\n<p class=\"ql-align-justify\">La compuerta de barrera de frecuencia variable real debe estar equipada con un controlador y motor de frecuencia variable de desarrollo propio de WEJOIN<\/p>\n<\/td>\n<\/tr>\n<\/tbody>\n<\/table>\n","protected":false},"excerpt":{"rendered":"<p class=\"product-name\">Barrera Vehicular Wejoin de 3 segundos con brazo de 4.5 metros venta instalaci\u00f3n en guadalajara.<\/p>\n","protected":false},"featured_media":15625,"template":"","meta":{"site-sidebar-layout":"default","site-content-layout":"default","ast-site-content-layout":"","site-content-style":"default","site-sidebar-style":"default","ast-global-header-display":"","ast-banner-title-visibility":"","ast-main-header-display":"","ast-hfb-above-header-display":"","ast-hfb-below-header-display":"","ast-hfb-mobile-header-display":"","site-post-title":"","ast-breadcrumbs-content":"","ast-featured-img":"","footer-sml-layout":"","theme-transparent-header-meta":"default","adv-header-id-meta":"","stick-header-meta":"","header-above-stick-meta":"","header-main-stick-meta":"","header-below-stick-meta":"","astra-migrate-meta-layouts":""},"product_cat":[248],"product_tag":[],"yoast_head":"<!-- This site is optimized with the Yoast SEO plugin v19.5.1 - https:\/\/yoast.com\/wordpress\/plugins\/seo\/ -->\n<title>Barrera Vehicular Wejoin de 3 segundos Security Data &amp; Video SA de CV.<\/title>\n<meta name=\"description\" content=\"Security Data &amp; Video SA de CV. Barrera Vehicular Wejoin de 3 segundos con brazo de 4.5 metros venta instalaci\u00f3n en guadalajara.\" \/>\n<meta name=\"robots\" content=\"index, follow, max-snippet:-1, max-image-preview:large, max-video-preview:-1\" \/>\n<link rel=\"canonical\" href=\"https:\/\/www.securitydataandvideo.com\/inicio\/shop\/barrera-vehicular-wejoin-de-3-segundos-con-brazo-de-4-5-metros-venta-instalacion-en-guadalajara\/\" \/>\n<meta property=\"og:locale\" content=\"es_MX\" \/>\n<meta property=\"og:type\" content=\"article\" \/>\n<meta property=\"og:title\" content=\"Barrera Vehicular Wejoin de 3 segundos Security Data &amp; Video SA de CV.\" \/>\n<meta property=\"og:description\" content=\"Security Data &amp; Video SA de CV. Barrera Vehicular Wejoin de 3 segundos con brazo de 4.5 metros venta instalaci\u00f3n en guadalajara.\" \/>\n<meta property=\"og:url\" content=\"https:\/\/www.securitydataandvideo.com\/inicio\/shop\/barrera-vehicular-wejoin-de-3-segundos-con-brazo-de-4-5-metros-venta-instalacion-en-guadalajara\/\" \/>\n<meta property=\"og:site_name\" content=\"Security Data &amp; Video SA de CV.\" \/>\n<meta property=\"article:modified_time\" content=\"2023-10-03T00:29:05+00:00\" \/>\n<meta property=\"og:image\" content=\"https:\/\/www.securitydataandvideo.com\/inicio\/wp-content\/uploads\/2022\/07\/WEJOIN-WJDZ101L34.png\" \/>\n\t<meta property=\"og:image:width\" content=\"700\" \/>\n\t<meta property=\"og:image:height\" content=\"498\" \/>\n\t<meta property=\"og:image:type\" content=\"image\/png\" \/>\n<meta name=\"twitter:card\" content=\"summary\" \/>\n<meta name=\"twitter:label1\" content=\"Tiempo de lectura\" \/>\n\t<meta name=\"twitter:data1\" content=\"2 minutos\" \/>\n<script type=\"application\/ld+json\" class=\"yoast-schema-graph\">{\"@context\":\"https:\/\/schema.org\",\"@graph\":[{\"@type\":\"WebPage\",\"@id\":\"https:\/\/www.securitydataandvideo.com\/inicio\/shop\/barrera-vehicular-wejoin-de-3-segundos-con-brazo-de-4-5-metros-venta-instalacion-en-guadalajara\/\",\"url\":\"https:\/\/www.securitydataandvideo.com\/inicio\/shop\/barrera-vehicular-wejoin-de-3-segundos-con-brazo-de-4-5-metros-venta-instalacion-en-guadalajara\/\",\"name\":\"Barrera Vehicular Wejoin de 3 segundos Security Data &amp; Video SA de CV.\",\"isPartOf\":{\"@id\":\"https:\/\/www.securitydataandvideo.com\/inicio\/#website\"},\"datePublished\":\"2022-07-21T17:28:07+00:00\",\"dateModified\":\"2023-10-03T00:29:05+00:00\",\"description\":\"Security Data &amp; Video SA de CV. Barrera Vehicular Wejoin de 3 segundos con brazo de 4.5 metros venta instalaci\u00f3n en guadalajara.\",\"breadcrumb\":{\"@id\":\"https:\/\/www.securitydataandvideo.com\/inicio\/shop\/barrera-vehicular-wejoin-de-3-segundos-con-brazo-de-4-5-metros-venta-instalacion-en-guadalajara\/#breadcrumb\"},\"inLanguage\":\"es-MX\",\"potentialAction\":[{\"@type\":\"ReadAction\",\"target\":[\"https:\/\/www.securitydataandvideo.com\/inicio\/shop\/barrera-vehicular-wejoin-de-3-segundos-con-brazo-de-4-5-metros-venta-instalacion-en-guadalajara\/\"]}]},{\"@type\":\"BreadcrumbList\",\"@id\":\"https:\/\/www.securitydataandvideo.com\/inicio\/shop\/barrera-vehicular-wejoin-de-3-segundos-con-brazo-de-4-5-metros-venta-instalacion-en-guadalajara\/#breadcrumb\",\"itemListElement\":[{\"@type\":\"ListItem\",\"position\":1,\"name\":\"Inicio\",\"item\":\"https:\/\/www.securitydataandvideo.com\/inicio\/\"},{\"@type\":\"ListItem\",\"position\":2,\"name\":\"Shop\",\"item\":\"https:\/\/www.securitydataandvideo.com\/inicio\/shop\/\"},{\"@type\":\"ListItem\",\"position\":3,\"name\":\"Barrera Vehicular Wejoin de 3 segundos con brazo de 4.5 metros venta instalaci\u00f3n en guadalajara.\"}]},{\"@type\":\"WebSite\",\"@id\":\"https:\/\/www.securitydataandvideo.com\/inicio\/#website\",\"url\":\"https:\/\/www.securitydataandvideo.com\/inicio\/\",\"name\":\"Security Data &amp; Video SA de CV.\",\"description\":\"Seguridad Electr\u00f3nica y Energ\u00eda\",\"publisher\":{\"@id\":\"https:\/\/www.securitydataandvideo.com\/inicio\/#organization\"},\"potentialAction\":[{\"@type\":\"SearchAction\",\"target\":{\"@type\":\"EntryPoint\",\"urlTemplate\":\"https:\/\/www.securitydataandvideo.com\/inicio\/?s={search_term_string}\"},\"query-input\":\"required name=search_term_string\"}],\"inLanguage\":\"es-MX\"},{\"@type\":\"Organization\",\"@id\":\"https:\/\/www.securitydataandvideo.com\/inicio\/#organization\",\"name\":\"Security Data & Video SA de CV\",\"url\":\"https:\/\/www.securitydataandvideo.com\/inicio\/\",\"sameAs\":[],\"logo\":{\"@type\":\"ImageObject\",\"inLanguage\":\"es-MX\",\"@id\":\"https:\/\/www.securitydataandvideo.com\/inicio\/#\/schema\/logo\/image\/\",\"url\":\"https:\/\/www.securitydataandvideo.com\/inicio\/wp-content\/uploads\/2021\/10\/Logo-Azul.png\",\"contentUrl\":\"https:\/\/www.securitydataandvideo.com\/inicio\/wp-content\/uploads\/2021\/10\/Logo-Azul.png\",\"width\":555,\"height\":375,\"caption\":\"Security Data & Video SA de CV\"},\"image\":{\"@id\":\"https:\/\/www.securitydataandvideo.com\/inicio\/#\/schema\/logo\/image\/\"}}]}<\/script>\n<!-- \/ Yoast SEO plugin. -->","yoast_head_json":{"title":"Barrera Vehicular Wejoin de 3 segundos Security Data &amp; Video SA de CV.","description":"Security Data &amp; Video SA de CV. Barrera Vehicular Wejoin de 3 segundos con brazo de 4.5 metros venta instalaci\u00f3n en guadalajara.","robots":{"index":"index","follow":"follow","max-snippet":"max-snippet:-1","max-image-preview":"max-image-preview:large","max-video-preview":"max-video-preview:-1"},"canonical":"https:\/\/www.securitydataandvideo.com\/inicio\/shop\/barrera-vehicular-wejoin-de-3-segundos-con-brazo-de-4-5-metros-venta-instalacion-en-guadalajara\/","og_locale":"es_MX","og_type":"article","og_title":"Barrera Vehicular Wejoin de 3 segundos Security Data &amp; Video SA de CV.","og_description":"Security Data &amp; Video SA de CV. Barrera Vehicular Wejoin de 3 segundos con brazo de 4.5 metros venta instalaci\u00f3n en guadalajara.","og_url":"https:\/\/www.securitydataandvideo.com\/inicio\/shop\/barrera-vehicular-wejoin-de-3-segundos-con-brazo-de-4-5-metros-venta-instalacion-en-guadalajara\/","og_site_name":"Security Data &amp; Video SA de CV.","article_modified_time":"2023-10-03T00:29:05+00:00","og_image":[{"width":700,"height":498,"url":"https:\/\/www.securitydataandvideo.com\/inicio\/wp-content\/uploads\/2022\/07\/WEJOIN-WJDZ101L34.png","type":"image\/png"}],"twitter_card":"summary","twitter_misc":{"Tiempo de lectura":"2 minutos"},"schema":{"@context":"https:\/\/schema.org","@graph":[{"@type":"WebPage","@id":"https:\/\/www.securitydataandvideo.com\/inicio\/shop\/barrera-vehicular-wejoin-de-3-segundos-con-brazo-de-4-5-metros-venta-instalacion-en-guadalajara\/","url":"https:\/\/www.securitydataandvideo.com\/inicio\/shop\/barrera-vehicular-wejoin-de-3-segundos-con-brazo-de-4-5-metros-venta-instalacion-en-guadalajara\/","name":"Barrera Vehicular Wejoin de 3 segundos Security Data &amp; Video SA de CV.","isPartOf":{"@id":"https:\/\/www.securitydataandvideo.com\/inicio\/#website"},"datePublished":"2022-07-21T17:28:07+00:00","dateModified":"2023-10-03T00:29:05+00:00","description":"Security Data &amp; Video SA de CV. Barrera Vehicular Wejoin de 3 segundos con brazo de 4.5 metros venta instalaci\u00f3n en guadalajara.","breadcrumb":{"@id":"https:\/\/www.securitydataandvideo.com\/inicio\/shop\/barrera-vehicular-wejoin-de-3-segundos-con-brazo-de-4-5-metros-venta-instalacion-en-guadalajara\/#breadcrumb"},"inLanguage":"es-MX","potentialAction":[{"@type":"ReadAction","target":["https:\/\/www.securitydataandvideo.com\/inicio\/shop\/barrera-vehicular-wejoin-de-3-segundos-con-brazo-de-4-5-metros-venta-instalacion-en-guadalajara\/"]}]},{"@type":"BreadcrumbList","@id":"https:\/\/www.securitydataandvideo.com\/inicio\/shop\/barrera-vehicular-wejoin-de-3-segundos-con-brazo-de-4-5-metros-venta-instalacion-en-guadalajara\/#breadcrumb","itemListElement":[{"@type":"ListItem","position":1,"name":"Inicio","item":"https:\/\/www.securitydataandvideo.com\/inicio\/"},{"@type":"ListItem","position":2,"name":"Shop","item":"https:\/\/www.securitydataandvideo.com\/inicio\/shop\/"},{"@type":"ListItem","position":3,"name":"Barrera Vehicular Wejoin de 3 segundos con brazo de 4.5 metros venta instalaci\u00f3n en guadalajara."}]},{"@type":"WebSite","@id":"https:\/\/www.securitydataandvideo.com\/inicio\/#website","url":"https:\/\/www.securitydataandvideo.com\/inicio\/","name":"Security Data &amp; Video SA de CV.","description":"Seguridad Electr\u00f3nica y Energ\u00eda","publisher":{"@id":"https:\/\/www.securitydataandvideo.com\/inicio\/#organization"},"potentialAction":[{"@type":"SearchAction","target":{"@type":"EntryPoint","urlTemplate":"https:\/\/www.securitydataandvideo.com\/inicio\/?s={search_term_string}"},"query-input":"required name=search_term_string"}],"inLanguage":"es-MX"},{"@type":"Organization","@id":"https:\/\/www.securitydataandvideo.com\/inicio\/#organization","name":"Security Data & Video SA de CV","url":"https:\/\/www.securitydataandvideo.com\/inicio\/","sameAs":[],"logo":{"@type":"ImageObject","inLanguage":"es-MX","@id":"https:\/\/www.securitydataandvideo.com\/inicio\/#\/schema\/logo\/image\/","url":"https:\/\/www.securitydataandvideo.com\/inicio\/wp-content\/uploads\/2021\/10\/Logo-Azul.png","contentUrl":"https:\/\/www.securitydataandvideo.com\/inicio\/wp-content\/uploads\/2021\/10\/Logo-Azul.png","width":555,"height":375,"caption":"Security Data & Video SA de CV"},"image":{"@id":"https:\/\/www.securitydataandvideo.com\/inicio\/#\/schema\/logo\/image\/"}}]}},"_links":{"self":[{"href":"https:\/\/www.securitydataandvideo.com\/inicio\/wp-json\/wp\/v2\/product\/15596"}],"collection":[{"href":"https:\/\/www.securitydataandvideo.com\/inicio\/wp-json\/wp\/v2\/product"}],"about":[{"href":"https:\/\/www.securitydataandvideo.com\/inicio\/wp-json\/wp\/v2\/types\/product"}],"wp:featuredmedia":[{"embeddable":true,"href":"https:\/\/www.securitydataandvideo.com\/inicio\/wp-json\/wp\/v2\/media\/15625"}],"wp:attachment":[{"href":"https:\/\/www.securitydataandvideo.com\/inicio\/wp-json\/wp\/v2\/media?parent=15596"}],"wp:term":[{"taxonomy":"product_cat","embeddable":true,"href":"https:\/\/www.securitydataandvideo.com\/inicio\/wp-json\/wp\/v2\/product_cat?post=15596"},{"taxonomy":"product_tag","embeddable":true,"href":"https:\/\/www.securitydataandvideo.com\/inicio\/wp-json\/wp\/v2\/product_tag?post=15596"}],"curies":[{"name":"wp","href":"https:\/\/api.w.org\/{rel}","templated":true}]}}