{"id":15597,"date":"2022-07-21T11:28:07","date_gmt":"2022-07-21T17:28:07","guid":{"rendered":"https:\/\/www.securitydataandvideo.com\/inicio\/?post_type=product&#038;p=15597"},"modified":"2023-10-23T11:50:44","modified_gmt":"2023-10-23T17:50:44","slug":"barrera-vehicular-wejoin-de-4-5m","status":"publish","type":"product","link":"https:\/\/www.securitydataandvideo.com\/inicio\/shop\/barrera-vehicular-wejoin-de-4-5m\/","title":{"rendered":"BARRERA VEHICULAR WEJOIN DE 4.5M"},"content":{"rendered":"<p class=\"product-name\"><span style=\"font-family: arial, helvetica, sans-serif; font-size: 12pt;\"><a href=\"https:\/\/www.securitydataandvideo.com\/inicio\/shop\/barrera-vehicular-wejoin-de-4-5m-derecha-de-acceso-vehicular-motor-de-3-segundos-brazo-de-4-5-metros\/?preview_id=15597&amp;preview_nonce=68e76d5675&amp;_thumbnail_id=15626&amp;preview=true\">BARRERA VEHICULAR<\/a> <a href=\"https:\/\/tvc.mx\/products\/28866\/barrera-vehicular-marca-wejoin-con-brazo-de-45-metros-y-3s\">WEJOIN<\/a> DE 4.5M DERECHA DE ACCESO VEHICULAR\/ MOTOR DE 3 SEGUNDOS\/ BRAZO DE 4.5 METROS.\u00a0<\/span><\/p>\n<p class=\"product-name\"><span style=\"font-family: arial, helvetica, sans-serif; font-size: 12pt;\">Una Barrera Vehicular Wejoin de 4.5m es una especie de barra que impide el paso de veh\u00edculos de manera temporal en un determinado camino o paso, de manera que se pueda comprobar la identidad, o impidan el paso en otros casos para evitar accidentes mientras por esa v\u00eda circula alg\u00fan otro veh\u00edculo o tren. Nos sirven para mantener un flujo controlado o un acceso vial seguro.<\/span><\/p>\n<p>&nbsp;<\/p>\n<p><span style=\"font-family: arial, helvetica, sans-serif; font-size: 12pt;\">La Barrera Vehicular Wejoin de 4.5m de alta velocidad incluye el soporte del brazo oscilante y el brazo de 4.5 metros. Se caracteriza por su rapidez y estabilidad. El tiempo de operaci\u00f3n es de 3 segundos. Se utiliza principalmente como dispositivo de control de entrada y salida de coches en peajes, estacionamientos o f\u00e1bricas, el tiempo de vida es de 3 millones de ciclos.<\/span><\/p>\n<p><span style=\"font-family: arial, helvetica, sans-serif; font-size: 12pt;\">Este equipo cuenta con dos a\u00f1os de garantia por defecto de fabricacion y tres a\u00f1os en electronica.<\/span><\/p>\n<table class=\"cdd\" style=\"height: 59px;\" border=\"0\" width=\"984\" align=\"center\">\n<tbody>\n<tr>\n<td bgcolor=\"#ff8000\" width=\"700\" height=\"22\">\n<h2><span style=\"font-family: arial, helvetica, sans-serif; font-size: 12pt;\">Funciones y Especificaciones<\/span><\/h2>\n<\/td>\n<\/tr>\n<\/tbody>\n<\/table>\n<h2><\/h2>\n<table border=\"0\">\n<tbody>\n<tr>\n<td>\n<ul>\n<li><span style=\"font-family: arial, helvetica, sans-serif; font-size: 12pt;\">De uso rudo hasta 10,000 aperturas diarias<\/span><\/li>\n<li><span style=\"font-family: arial, helvetica, sans-serif; font-size: 12pt;\">Motor de\u00a03 segundos.<\/span><\/li>\n<li><span style=\"font-family: arial, helvetica, sans-serif; font-size: 12pt;\">Largo m\u00e1ximo de brazo:\u00a04.5 metros.<\/span><\/li>\n<li><span style=\"font-family: arial, helvetica, sans-serif; font-size: 12pt;\"><span style=\"vertical-align: inherit;\"><span style=\"vertical-align: inherit;\">Temperatura del sistema de embrague: -20\u00b0C a 75\u00b0C.<\/span><\/span><\/span><\/li>\n<li><span style=\"font-family: arial, helvetica, sans-serif; font-size: 12pt;\">Frecuencia 60 HZ<\/span><\/li>\n<li><span style=\"font-family: arial, helvetica, sans-serif; font-size: 12pt;\">Voltaje de trabajo 110 V AC.<\/span><\/li>\n<li><span style=\"font-family: arial, helvetica, sans-serif; font-size: 12pt;\">barrera vehicular wejoin<\/span><\/li>\n<li><span style=\"font-family: arial, helvetica, sans-serif; font-size: 12pt;\">Distancia de control de hasta 30 metros.<\/span><\/li>\n<li><span style=\"font-family: arial, helvetica, sans-serif; font-size: 12pt;\">Liberaci\u00f3n manual de la barrera cuando se genere una p\u00e9rdida de energ\u00eda.<\/span><\/li>\n<li><span style=\"font-family: arial, helvetica, sans-serif; font-size: 12pt;\">Motor de aleaci\u00f3n de aluminio a presi\u00f3n altamente herm\u00e9tico para disipar el calor f\u00e1cilmente.<\/span><\/li>\n<li><span style=\"font-family: arial, helvetica, sans-serif; font-size: 12pt;\">Abanico para evitar el calentamiento.<\/span><\/li>\n<li><span style=\"font-family: arial, helvetica, sans-serif; font-size: 12pt;\">Reversa autom\u00e1tica cuando el brazo tiene una obstrucci\u00f3n.<\/span><\/li>\n<li><span style=\"font-family: arial, helvetica, sans-serif; font-size: 12pt;\">Ajustes de Auto cierre a trav\u00e9s del panel de control.<\/span><\/li>\n<li><span style=\"font-family: arial, helvetica, sans-serif; font-size: 12pt;\">Funciones con: fotoceldas, detectores de lazo, sensor de masa, lectoras, sem\u00e1foros, etc. (NO incluidas).<\/span><\/li>\n<\/ul>\n<\/td>\n<\/tr>\n<\/tbody>\n<\/table>\n<p><span style=\"font-family: arial, helvetica, sans-serif; font-size: 12pt;\">preparada para conectar semaforo, al igual que las tiras de led, las cuales encienden den color rojo si el brazo esta en horizontal y verde cuando el brazo permanece en posicion vertical, cuenta con un sistema de bloquedo en viaje de brazo si detecta algun obstaculo el brazo se regresa automaticamente sin causar mayor da\u00f1o.<\/span><\/p>\n","protected":false},"excerpt":{"rendered":"<h6 class=\"product-name\">WEJOIN WJDZ101R34 \u00a0BARRERA VEHICULAR WEJOIN DERECHA DE ACCESO VEHICULAR\/ MOTOR DE 3 SEGUNDOS\/ BRAZO DE 4.5 METROS&#8230;.<\/h6>\n","protected":false},"featured_media":15626,"template":"","meta":{"site-sidebar-layout":"default","site-content-layout":"","ast-site-content-layout":"default","site-content-style":"default","site-sidebar-style":"default","ast-global-header-display":"","ast-banner-title-visibility":"","ast-main-header-display":"","ast-hfb-above-header-display":"","ast-hfb-below-header-display":"","ast-hfb-mobile-header-display":"","site-post-title":"","ast-breadcrumbs-content":"","ast-featured-img":"","footer-sml-layout":"","theme-transparent-header-meta":"default","adv-header-id-meta":"","stick-header-meta":"","header-above-stick-meta":"","header-main-stick-meta":"","header-below-stick-meta":"","astra-migrate-meta-layouts":"set"},"product_cat":[248],"product_tag":[255,256,155],"yoast_head":"<!-- This site is optimized with the Yoast SEO plugin v19.5.1 - https:\/\/yoast.com\/wordpress\/plugins\/seo\/ -->\n<title>Barrera Vehicular Wejoin de 4.5M Security Data &amp; Video SA de CV.<\/title>\n<meta name=\"description\" content=\"BARRERA VEHICULAR WEJOIN DE 4.5M DERECHABARRERA VEHICULAR WEJOIN DE 4.5M DERECHA DE ACCESO VEHICULAR\/ MOTOR DE 3 SEGUNDOS\/ BRAZO DE 4.5 METROS\" \/>\n<meta name=\"robots\" content=\"index, follow, max-snippet:-1, max-image-preview:large, max-video-preview:-1\" \/>\n<link rel=\"canonical\" href=\"https:\/\/www.securitydataandvideo.com\/inicio\/shop\/barrera-vehicular-wejoin-de-4-5m\/\" \/>\n<meta property=\"og:locale\" content=\"es_MX\" \/>\n<meta property=\"og:type\" content=\"article\" \/>\n<meta property=\"og:title\" content=\"Barrera Vehicular Wejoin de 4.5M Security Data &amp; Video SA de CV.\" \/>\n<meta property=\"og:description\" content=\"BARRERA VEHICULAR WEJOIN DE 4.5M DERECHABARRERA VEHICULAR WEJOIN DE 4.5M DERECHA DE ACCESO VEHICULAR\/ MOTOR DE 3 SEGUNDOS\/ BRAZO DE 4.5 METROS\" \/>\n<meta property=\"og:url\" content=\"https:\/\/www.securitydataandvideo.com\/inicio\/shop\/barrera-vehicular-wejoin-de-4-5m\/\" \/>\n<meta property=\"og:site_name\" content=\"Security Data &amp; Video SA de CV.\" \/>\n<meta property=\"article:modified_time\" content=\"2023-10-23T17:50:44+00:00\" \/>\n<meta property=\"og:image\" content=\"https:\/\/www.securitydataandvideo.com\/inicio\/wp-content\/uploads\/2022\/07\/WEJOIN-WJDZ101R34.jpg\" \/>\n\t<meta property=\"og:image:width\" content=\"655\" \/>\n\t<meta property=\"og:image:height\" content=\"523\" \/>\n\t<meta property=\"og:image:type\" content=\"image\/jpeg\" \/>\n<meta name=\"twitter:card\" content=\"summary\" \/>\n<meta name=\"twitter:label1\" content=\"Tiempo de lectura\" \/>\n\t<meta name=\"twitter:data1\" content=\"2 minutos\" \/>\n<script type=\"application\/ld+json\" class=\"yoast-schema-graph\">{\"@context\":\"https:\/\/schema.org\",\"@graph\":[{\"@type\":\"WebPage\",\"@id\":\"https:\/\/www.securitydataandvideo.com\/inicio\/shop\/barrera-vehicular-wejoin-de-4-5m\/\",\"url\":\"https:\/\/www.securitydataandvideo.com\/inicio\/shop\/barrera-vehicular-wejoin-de-4-5m\/\",\"name\":\"Barrera Vehicular Wejoin de 4.5M Security Data &amp; Video SA de CV.\",\"isPartOf\":{\"@id\":\"https:\/\/www.securitydataandvideo.com\/inicio\/#website\"},\"datePublished\":\"2022-07-21T17:28:07+00:00\",\"dateModified\":\"2023-10-23T17:50:44+00:00\",\"description\":\"BARRERA VEHICULAR WEJOIN DE 4.5M DERECHABARRERA VEHICULAR WEJOIN DE 4.5M DERECHA DE ACCESO VEHICULAR\/ MOTOR DE 3 SEGUNDOS\/ BRAZO DE 4.5 METROS\",\"breadcrumb\":{\"@id\":\"https:\/\/www.securitydataandvideo.com\/inicio\/shop\/barrera-vehicular-wejoin-de-4-5m\/#breadcrumb\"},\"inLanguage\":\"es-MX\",\"potentialAction\":[{\"@type\":\"ReadAction\",\"target\":[\"https:\/\/www.securitydataandvideo.com\/inicio\/shop\/barrera-vehicular-wejoin-de-4-5m\/\"]}]},{\"@type\":\"BreadcrumbList\",\"@id\":\"https:\/\/www.securitydataandvideo.com\/inicio\/shop\/barrera-vehicular-wejoin-de-4-5m\/#breadcrumb\",\"itemListElement\":[{\"@type\":\"ListItem\",\"position\":1,\"name\":\"Inicio\",\"item\":\"https:\/\/www.securitydataandvideo.com\/inicio\/\"},{\"@type\":\"ListItem\",\"position\":2,\"name\":\"Shop\",\"item\":\"https:\/\/www.securitydataandvideo.com\/inicio\/shop\/\"},{\"@type\":\"ListItem\",\"position\":3,\"name\":\"BARRERA VEHICULAR WEJOIN DE 4.5M\"}]},{\"@type\":\"WebSite\",\"@id\":\"https:\/\/www.securitydataandvideo.com\/inicio\/#website\",\"url\":\"https:\/\/www.securitydataandvideo.com\/inicio\/\",\"name\":\"Security Data &amp; Video SA de CV.\",\"description\":\"Seguridad Electr\u00f3nica y Energ\u00eda\",\"publisher\":{\"@id\":\"https:\/\/www.securitydataandvideo.com\/inicio\/#organization\"},\"potentialAction\":[{\"@type\":\"SearchAction\",\"target\":{\"@type\":\"EntryPoint\",\"urlTemplate\":\"https:\/\/www.securitydataandvideo.com\/inicio\/?s={search_term_string}\"},\"query-input\":\"required name=search_term_string\"}],\"inLanguage\":\"es-MX\"},{\"@type\":\"Organization\",\"@id\":\"https:\/\/www.securitydataandvideo.com\/inicio\/#organization\",\"name\":\"Security Data & Video SA de CV\",\"url\":\"https:\/\/www.securitydataandvideo.com\/inicio\/\",\"sameAs\":[],\"logo\":{\"@type\":\"ImageObject\",\"inLanguage\":\"es-MX\",\"@id\":\"https:\/\/www.securitydataandvideo.com\/inicio\/#\/schema\/logo\/image\/\",\"url\":\"https:\/\/www.securitydataandvideo.com\/inicio\/wp-content\/uploads\/2021\/10\/Logo-Azul.png\",\"contentUrl\":\"https:\/\/www.securitydataandvideo.com\/inicio\/wp-content\/uploads\/2021\/10\/Logo-Azul.png\",\"width\":555,\"height\":375,\"caption\":\"Security Data & Video SA de CV\"},\"image\":{\"@id\":\"https:\/\/www.securitydataandvideo.com\/inicio\/#\/schema\/logo\/image\/\"}}]}<\/script>\n<!-- \/ Yoast SEO plugin. -->","yoast_head_json":{"title":"Barrera Vehicular Wejoin de 4.5M Security Data &amp; Video SA de CV.","description":"BARRERA VEHICULAR WEJOIN DE 4.5M DERECHABARRERA VEHICULAR WEJOIN DE 4.5M DERECHA DE ACCESO VEHICULAR\/ MOTOR DE 3 SEGUNDOS\/ BRAZO DE 4.5 METROS","robots":{"index":"index","follow":"follow","max-snippet":"max-snippet:-1","max-image-preview":"max-image-preview:large","max-video-preview":"max-video-preview:-1"},"canonical":"https:\/\/www.securitydataandvideo.com\/inicio\/shop\/barrera-vehicular-wejoin-de-4-5m\/","og_locale":"es_MX","og_type":"article","og_title":"Barrera Vehicular Wejoin de 4.5M Security Data &amp; Video SA de CV.","og_description":"BARRERA VEHICULAR WEJOIN DE 4.5M DERECHABARRERA VEHICULAR WEJOIN DE 4.5M DERECHA DE ACCESO VEHICULAR\/ MOTOR DE 3 SEGUNDOS\/ BRAZO DE 4.5 METROS","og_url":"https:\/\/www.securitydataandvideo.com\/inicio\/shop\/barrera-vehicular-wejoin-de-4-5m\/","og_site_name":"Security Data &amp; Video SA de CV.","article_modified_time":"2023-10-23T17:50:44+00:00","og_image":[{"width":655,"height":523,"url":"https:\/\/www.securitydataandvideo.com\/inicio\/wp-content\/uploads\/2022\/07\/WEJOIN-WJDZ101R34.jpg","type":"image\/jpeg"}],"twitter_card":"summary","twitter_misc":{"Tiempo de lectura":"2 minutos"},"schema":{"@context":"https:\/\/schema.org","@graph":[{"@type":"WebPage","@id":"https:\/\/www.securitydataandvideo.com\/inicio\/shop\/barrera-vehicular-wejoin-de-4-5m\/","url":"https:\/\/www.securitydataandvideo.com\/inicio\/shop\/barrera-vehicular-wejoin-de-4-5m\/","name":"Barrera Vehicular Wejoin de 4.5M Security Data &amp; Video SA de CV.","isPartOf":{"@id":"https:\/\/www.securitydataandvideo.com\/inicio\/#website"},"datePublished":"2022-07-21T17:28:07+00:00","dateModified":"2023-10-23T17:50:44+00:00","description":"BARRERA VEHICULAR WEJOIN DE 4.5M DERECHABARRERA VEHICULAR WEJOIN DE 4.5M DERECHA DE ACCESO VEHICULAR\/ MOTOR DE 3 SEGUNDOS\/ BRAZO DE 4.5 METROS","breadcrumb":{"@id":"https:\/\/www.securitydataandvideo.com\/inicio\/shop\/barrera-vehicular-wejoin-de-4-5m\/#breadcrumb"},"inLanguage":"es-MX","potentialAction":[{"@type":"ReadAction","target":["https:\/\/www.securitydataandvideo.com\/inicio\/shop\/barrera-vehicular-wejoin-de-4-5m\/"]}]},{"@type":"BreadcrumbList","@id":"https:\/\/www.securitydataandvideo.com\/inicio\/shop\/barrera-vehicular-wejoin-de-4-5m\/#breadcrumb","itemListElement":[{"@type":"ListItem","position":1,"name":"Inicio","item":"https:\/\/www.securitydataandvideo.com\/inicio\/"},{"@type":"ListItem","position":2,"name":"Shop","item":"https:\/\/www.securitydataandvideo.com\/inicio\/shop\/"},{"@type":"ListItem","position":3,"name":"BARRERA VEHICULAR WEJOIN DE 4.5M"}]},{"@type":"WebSite","@id":"https:\/\/www.securitydataandvideo.com\/inicio\/#website","url":"https:\/\/www.securitydataandvideo.com\/inicio\/","name":"Security Data &amp; Video SA de CV.","description":"Seguridad Electr\u00f3nica y Energ\u00eda","publisher":{"@id":"https:\/\/www.securitydataandvideo.com\/inicio\/#organization"},"potentialAction":[{"@type":"SearchAction","target":{"@type":"EntryPoint","urlTemplate":"https:\/\/www.securitydataandvideo.com\/inicio\/?s={search_term_string}"},"query-input":"required name=search_term_string"}],"inLanguage":"es-MX"},{"@type":"Organization","@id":"https:\/\/www.securitydataandvideo.com\/inicio\/#organization","name":"Security Data & Video SA de CV","url":"https:\/\/www.securitydataandvideo.com\/inicio\/","sameAs":[],"logo":{"@type":"ImageObject","inLanguage":"es-MX","@id":"https:\/\/www.securitydataandvideo.com\/inicio\/#\/schema\/logo\/image\/","url":"https:\/\/www.securitydataandvideo.com\/inicio\/wp-content\/uploads\/2021\/10\/Logo-Azul.png","contentUrl":"https:\/\/www.securitydataandvideo.com\/inicio\/wp-content\/uploads\/2021\/10\/Logo-Azul.png","width":555,"height":375,"caption":"Security Data & Video SA de CV"},"image":{"@id":"https:\/\/www.securitydataandvideo.com\/inicio\/#\/schema\/logo\/image\/"}}]}},"_links":{"self":[{"href":"https:\/\/www.securitydataandvideo.com\/inicio\/wp-json\/wp\/v2\/product\/15597"}],"collection":[{"href":"https:\/\/www.securitydataandvideo.com\/inicio\/wp-json\/wp\/v2\/product"}],"about":[{"href":"https:\/\/www.securitydataandvideo.com\/inicio\/wp-json\/wp\/v2\/types\/product"}],"wp:featuredmedia":[{"embeddable":true,"href":"https:\/\/www.securitydataandvideo.com\/inicio\/wp-json\/wp\/v2\/media\/15626"}],"wp:attachment":[{"href":"https:\/\/www.securitydataandvideo.com\/inicio\/wp-json\/wp\/v2\/media?parent=15597"}],"wp:term":[{"taxonomy":"product_cat","embeddable":true,"href":"https:\/\/www.securitydataandvideo.com\/inicio\/wp-json\/wp\/v2\/product_cat?post=15597"},{"taxonomy":"product_tag","embeddable":true,"href":"https:\/\/www.securitydataandvideo.com\/inicio\/wp-json\/wp\/v2\/product_tag?post=15597"}],"curies":[{"name":"wp","href":"https:\/\/api.w.org\/{rel}","templated":true}]}}