{"id":15599,"date":"2022-07-21T11:28:07","date_gmt":"2022-07-21T17:28:07","guid":{"rendered":"https:\/\/www.securitydataandvideo.com\/inicio\/?post_type=product&#038;p=15599"},"modified":"2023-10-02T18:29:51","modified_gmt":"2023-10-03T00:29:51","slug":"barrera-para-sistema-vehicular-con-tag-wejoin-con-brazo-de-3-metros-izquierda-de-acceso-para-uso-rudo-con-luz-led-3-segundos-en-guadalajara-jalisco-y-todo-mexico","status":"publish","type":"product","link":"https:\/\/www.securitydataandvideo.com\/inicio\/shop\/barrera-para-sistema-vehicular-con-tag-wejoin-con-brazo-de-3-metros-izquierda-de-acceso-para-uso-rudo-con-luz-led-3-segundos-en-guadalajara-jalisco-y-todo-mexico\/","title":{"rendered":"Barrera para sistema vehicular con tag WEJOIN con Brazo de 3 metros izquierda de acceso para uso rudo con Luz LED \/ 3 Segundos, en Guadalajara Jalisco y Todo M\u00e9xico."},"content":{"rendered":"<p><strong>Barrera para sistema vehicular con tag WEJOIN con Brazo de 3 metros izquierda de acceso para uso rudo con Luz LED \/ 3 Segundos, en Guadalajara Jalisco y Todo M\u00e9xico.<\/strong><\/p>\n<p>Esta barrera de control vehicular autom\u00e1tica cuenta con un brazo con LED y un sem\u00e1foro en la puerta de la carcasa. Se utiliza en aparcamientos subterr\u00e1neos o exteriores. Esta luz LED sirve de se\u00f1al de advertencia, cuando el brazo asciende, desciende o est\u00e1 totalmente abajo la luz es de color rojo.<\/p>\n<p>Cuando el brazo se encuentra totalmente elevado la luz es de color verde, el brazo puede incorporar una goma en la parte inferior que protege el veh\u00edculo en caso de colisi\u00f3n. Se caracteriza por su rapidez y estabilidad. El tiempo de operaci\u00f3n es de 6 segundos.<\/p>\n<p>Se utiliza principalmente como dispositivo de control de entrada y salida de coches en peajes, estacionamientos o f\u00e1bricas, el tiempo de vida es de 3 millones de ciclos.<\/p>\n<h6>Caracter\u00edsticas Barrera para sistema vehicular con tag<\/h6>\n<p>&nbsp;<\/p>\n<p>Dispositivo de operaci\u00f3n manual, en caso de flta de energia el\u00e9ctrica.<br \/>\nEs compatible con fotoceldas (LGH109008), que permiten la protecci\u00f3n a peatones.<br \/>\nEs compatible con el sensor de masa (clave TVB017001).<br \/>\nCierre autom\u00e1tico.<br \/>\nNo requiere protecci\u00f3n t\u00e9rmica ya que radia el calor r\u00e1pidamente.<br \/>\nEl motor esta hecho de aleaci\u00f3n de aluminio fundido.<br \/>\nBrazo con iluminaci\u00f3n LED.<\/p>\n<p>barrera de control vehicular<br \/>\nPuerta de gabinete iluminada.<\/p>\n<div class=\"row align-items-center padding-bottom-2x\">\n<div class=\"col-md-7 text-md-left text-center\">\n<h6>Funci\u00f3n<\/h6>\n<h6><\/h6>\n<p>Se utiliza principalmente como\u00a0\u00a0dispositivo\u00a0\u00a0de control de entrada y\u00a0\u00a0salida en <strong>estacionamientos,<\/strong> cuenta con luz LED para aumentar la visibilidad en aplicaciones nocturnas con o baja iluminaci\u00f3n, y en todos los lugares donde se requiere tener un control de flujo vehicular.<\/p>\n<\/div>\n<\/div>\n<h2>Especificaciones de <a href=\"https:\/\/sitejal.com\/categoria-producto\/acceso-vehicular\/sistemas-de-control-de-accesos-vehicular\/\">Barreras para sistemas vehiculares<\/a> con tag pegado en parabrisas.<\/h2>\n<p>&nbsp;<\/p>\n<div class=\"row align-items-center padding-bottom-2x\">\n<div class=\"col-md-7 order-md-1 text-md-left text-center\">\n<p class=\"ql-align-justify\">Temperatura del mecanismo -25\u00ba cent\u00edgrado + 85\u00ba cent\u00edgrado<\/p>\n<p class=\"ql-align-justify\">Dispositivo de operaci\u00f3n manual en caso de falta de energia electrica<\/p>\n<p class=\"ql-align-justify\">De uso rudo hasta 10,000 aperturas diarias.<\/p>\n<p class=\"ql-align-justify\">Largo m\u00e1ximo de brazo:\u00a03 m.<\/p>\n<p class=\"ql-align-justify\">Motor de aleaci\u00f3n de aluminio a presi\u00f3n altamente herm\u00e9tico para disipar el calor f\u00e1cilmente<\/p>\n<p class=\"ql-align-justify\">Abanico para evitar el calentamiento<\/p>\n<p class=\"ql-align-justify\">Reversa autom\u00e1tica cuando el brazo tiene una obstrucci\u00f3n.<\/p>\n<p class=\"ql-align-justify\">Temperatura de la placa de control -20 cent\u00edgrados + 85\u00ba cent\u00edgrados<\/p>\n<p class=\"ql-align-justify\">Fuente de alimentaci\u00f3n 220V \u00b1 10% 50\/60 Hz<\/p>\n<p class=\"ql-align-justify\">110V \u00b1 10% 50\/60 Hz<\/p>\n<p class=\"ql-align-justify\">Potencia nominal 120W<\/p>\n<p class=\"ql-align-justify\">Humedad relativa \u2264 90%<\/p>\n<p class=\"ql-align-justify\">Control remoto \u2265 30M<\/p>\n<p class=\"ql-align-justify\">Peso neto 60 Kg<\/p>\n<p class=\"ql-align-justify\">Velocidad de rotaci\u00f3n del motor: 3s<\/p>\n<p>Barrera para sistema vehicular con tag WEJOIN con Brazo de 3 metros izquierda de acceso para uso rudo con Luz LED 3 Segundos, en Guadalajara<\/p>\n<\/div>\n<\/div>\n","protected":false},"excerpt":{"rendered":"<p><strong>Barrera vehicular WEJOIN con Brazo de 3 metros izquierda de acceso para uso rudo con Luz LED \/ 3 Segundos, en Guadalajara Jalisco y Todo M\u00e9xico.<\/strong><\/p>\n","protected":false},"featured_media":15628,"template":"","meta":{"site-sidebar-layout":"default","site-content-layout":"default","ast-site-content-layout":"","site-content-style":"default","site-sidebar-style":"default","ast-global-header-display":"","ast-banner-title-visibility":"","ast-main-header-display":"","ast-hfb-above-header-display":"","ast-hfb-below-header-display":"","ast-hfb-mobile-header-display":"","site-post-title":"","ast-breadcrumbs-content":"","ast-featured-img":"","footer-sml-layout":"","theme-transparent-header-meta":"default","adv-header-id-meta":"","stick-header-meta":"","header-above-stick-meta":"","header-main-stick-meta":"","header-below-stick-meta":"","astra-migrate-meta-layouts":""},"product_cat":[248],"product_tag":[255,256,155],"yoast_head":"<!-- This site is optimized with the Yoast SEO plugin v19.5.1 - https:\/\/yoast.com\/wordpress\/plugins\/seo\/ -->\n<title>Barrera para sistema vehicular con tag WEJOIN Security Data &amp; Video SA de CV.<\/title>\n<meta name=\"description\" content=\"Barrera para sistema vehicular con tag WEJOIN con Brazo de 3 metros izquierda de acceso para uso rudo con Luz LED 3 Segundos, en Guadalajara\" \/>\n<meta name=\"robots\" content=\"index, follow, max-snippet:-1, max-image-preview:large, max-video-preview:-1\" \/>\n<link rel=\"canonical\" href=\"https:\/\/www.securitydataandvideo.com\/inicio\/shop\/barrera-para-sistema-vehicular-con-tag-wejoin-con-brazo-de-3-metros-izquierda-de-acceso-para-uso-rudo-con-luz-led-3-segundos-en-guadalajara-jalisco-y-todo-mexico\/\" \/>\n<meta property=\"og:locale\" content=\"es_MX\" \/>\n<meta property=\"og:type\" content=\"article\" \/>\n<meta property=\"og:title\" content=\"Barrera para sistema vehicular con tag WEJOIN Security Data &amp; Video SA de CV.\" \/>\n<meta property=\"og:description\" content=\"Barrera para sistema vehicular con tag WEJOIN con Brazo de 3 metros izquierda de acceso para uso rudo con Luz LED 3 Segundos, en Guadalajara\" \/>\n<meta property=\"og:url\" content=\"https:\/\/www.securitydataandvideo.com\/inicio\/shop\/barrera-para-sistema-vehicular-con-tag-wejoin-con-brazo-de-3-metros-izquierda-de-acceso-para-uso-rudo-con-luz-led-3-segundos-en-guadalajara-jalisco-y-todo-mexico\/\" \/>\n<meta property=\"og:site_name\" content=\"Security Data &amp; Video SA de CV.\" \/>\n<meta property=\"article:modified_time\" content=\"2023-10-03T00:29:51+00:00\" \/>\n<meta property=\"og:image\" content=\"https:\/\/www.securitydataandvideo.com\/inicio\/wp-content\/uploads\/2022\/07\/WEJOIN-WJDZ120L33.png\" \/>\n\t<meta property=\"og:image:width\" content=\"700\" \/>\n\t<meta property=\"og:image:height\" content=\"447\" \/>\n\t<meta property=\"og:image:type\" content=\"image\/png\" \/>\n<meta name=\"twitter:card\" content=\"summary\" \/>\n<meta name=\"twitter:label1\" content=\"Tiempo de lectura\" \/>\n\t<meta name=\"twitter:data1\" content=\"2 minutos\" \/>\n<script type=\"application\/ld+json\" class=\"yoast-schema-graph\">{\"@context\":\"https:\/\/schema.org\",\"@graph\":[{\"@type\":\"WebPage\",\"@id\":\"https:\/\/www.securitydataandvideo.com\/inicio\/shop\/barrera-para-sistema-vehicular-con-tag-wejoin-con-brazo-de-3-metros-izquierda-de-acceso-para-uso-rudo-con-luz-led-3-segundos-en-guadalajara-jalisco-y-todo-mexico\/\",\"url\":\"https:\/\/www.securitydataandvideo.com\/inicio\/shop\/barrera-para-sistema-vehicular-con-tag-wejoin-con-brazo-de-3-metros-izquierda-de-acceso-para-uso-rudo-con-luz-led-3-segundos-en-guadalajara-jalisco-y-todo-mexico\/\",\"name\":\"Barrera para sistema vehicular con tag WEJOIN Security Data &amp; Video SA de CV.\",\"isPartOf\":{\"@id\":\"https:\/\/www.securitydataandvideo.com\/inicio\/#website\"},\"datePublished\":\"2022-07-21T17:28:07+00:00\",\"dateModified\":\"2023-10-03T00:29:51+00:00\",\"description\":\"Barrera para sistema vehicular con tag WEJOIN con Brazo de 3 metros izquierda de acceso para uso rudo con Luz LED 3 Segundos, en Guadalajara\",\"breadcrumb\":{\"@id\":\"https:\/\/www.securitydataandvideo.com\/inicio\/shop\/barrera-para-sistema-vehicular-con-tag-wejoin-con-brazo-de-3-metros-izquierda-de-acceso-para-uso-rudo-con-luz-led-3-segundos-en-guadalajara-jalisco-y-todo-mexico\/#breadcrumb\"},\"inLanguage\":\"es-MX\",\"potentialAction\":[{\"@type\":\"ReadAction\",\"target\":[\"https:\/\/www.securitydataandvideo.com\/inicio\/shop\/barrera-para-sistema-vehicular-con-tag-wejoin-con-brazo-de-3-metros-izquierda-de-acceso-para-uso-rudo-con-luz-led-3-segundos-en-guadalajara-jalisco-y-todo-mexico\/\"]}]},{\"@type\":\"BreadcrumbList\",\"@id\":\"https:\/\/www.securitydataandvideo.com\/inicio\/shop\/barrera-para-sistema-vehicular-con-tag-wejoin-con-brazo-de-3-metros-izquierda-de-acceso-para-uso-rudo-con-luz-led-3-segundos-en-guadalajara-jalisco-y-todo-mexico\/#breadcrumb\",\"itemListElement\":[{\"@type\":\"ListItem\",\"position\":1,\"name\":\"Inicio\",\"item\":\"https:\/\/www.securitydataandvideo.com\/inicio\/\"},{\"@type\":\"ListItem\",\"position\":2,\"name\":\"Shop\",\"item\":\"https:\/\/www.securitydataandvideo.com\/inicio\/shop\/\"},{\"@type\":\"ListItem\",\"position\":3,\"name\":\"Barrera para sistema vehicular con tag WEJOIN con Brazo de 3 metros izquierda de acceso para uso rudo con Luz LED \/ 3 Segundos, en Guadalajara Jalisco y Todo M\u00e9xico.\"}]},{\"@type\":\"WebSite\",\"@id\":\"https:\/\/www.securitydataandvideo.com\/inicio\/#website\",\"url\":\"https:\/\/www.securitydataandvideo.com\/inicio\/\",\"name\":\"Security Data &amp; Video SA de CV.\",\"description\":\"Seguridad Electr\u00f3nica y Energ\u00eda\",\"publisher\":{\"@id\":\"https:\/\/www.securitydataandvideo.com\/inicio\/#organization\"},\"potentialAction\":[{\"@type\":\"SearchAction\",\"target\":{\"@type\":\"EntryPoint\",\"urlTemplate\":\"https:\/\/www.securitydataandvideo.com\/inicio\/?s={search_term_string}\"},\"query-input\":\"required name=search_term_string\"}],\"inLanguage\":\"es-MX\"},{\"@type\":\"Organization\",\"@id\":\"https:\/\/www.securitydataandvideo.com\/inicio\/#organization\",\"name\":\"Security Data & Video SA de CV\",\"url\":\"https:\/\/www.securitydataandvideo.com\/inicio\/\",\"sameAs\":[],\"logo\":{\"@type\":\"ImageObject\",\"inLanguage\":\"es-MX\",\"@id\":\"https:\/\/www.securitydataandvideo.com\/inicio\/#\/schema\/logo\/image\/\",\"url\":\"https:\/\/www.securitydataandvideo.com\/inicio\/wp-content\/uploads\/2021\/10\/Logo-Azul.png\",\"contentUrl\":\"https:\/\/www.securitydataandvideo.com\/inicio\/wp-content\/uploads\/2021\/10\/Logo-Azul.png\",\"width\":555,\"height\":375,\"caption\":\"Security Data & Video SA de CV\"},\"image\":{\"@id\":\"https:\/\/www.securitydataandvideo.com\/inicio\/#\/schema\/logo\/image\/\"}}]}<\/script>\n<!-- \/ Yoast SEO plugin. -->","yoast_head_json":{"title":"Barrera para sistema vehicular con tag WEJOIN Security Data &amp; Video SA de CV.","description":"Barrera para sistema vehicular con tag WEJOIN con Brazo de 3 metros izquierda de acceso para uso rudo con Luz LED 3 Segundos, en Guadalajara","robots":{"index":"index","follow":"follow","max-snippet":"max-snippet:-1","max-image-preview":"max-image-preview:large","max-video-preview":"max-video-preview:-1"},"canonical":"https:\/\/www.securitydataandvideo.com\/inicio\/shop\/barrera-para-sistema-vehicular-con-tag-wejoin-con-brazo-de-3-metros-izquierda-de-acceso-para-uso-rudo-con-luz-led-3-segundos-en-guadalajara-jalisco-y-todo-mexico\/","og_locale":"es_MX","og_type":"article","og_title":"Barrera para sistema vehicular con tag WEJOIN Security Data &amp; Video SA de CV.","og_description":"Barrera para sistema vehicular con tag WEJOIN con Brazo de 3 metros izquierda de acceso para uso rudo con Luz LED 3 Segundos, en Guadalajara","og_url":"https:\/\/www.securitydataandvideo.com\/inicio\/shop\/barrera-para-sistema-vehicular-con-tag-wejoin-con-brazo-de-3-metros-izquierda-de-acceso-para-uso-rudo-con-luz-led-3-segundos-en-guadalajara-jalisco-y-todo-mexico\/","og_site_name":"Security Data &amp; Video SA de CV.","article_modified_time":"2023-10-03T00:29:51+00:00","og_image":[{"width":700,"height":447,"url":"https:\/\/www.securitydataandvideo.com\/inicio\/wp-content\/uploads\/2022\/07\/WEJOIN-WJDZ120L33.png","type":"image\/png"}],"twitter_card":"summary","twitter_misc":{"Tiempo de lectura":"2 minutos"},"schema":{"@context":"https:\/\/schema.org","@graph":[{"@type":"WebPage","@id":"https:\/\/www.securitydataandvideo.com\/inicio\/shop\/barrera-para-sistema-vehicular-con-tag-wejoin-con-brazo-de-3-metros-izquierda-de-acceso-para-uso-rudo-con-luz-led-3-segundos-en-guadalajara-jalisco-y-todo-mexico\/","url":"https:\/\/www.securitydataandvideo.com\/inicio\/shop\/barrera-para-sistema-vehicular-con-tag-wejoin-con-brazo-de-3-metros-izquierda-de-acceso-para-uso-rudo-con-luz-led-3-segundos-en-guadalajara-jalisco-y-todo-mexico\/","name":"Barrera para sistema vehicular con tag WEJOIN Security Data &amp; Video SA de CV.","isPartOf":{"@id":"https:\/\/www.securitydataandvideo.com\/inicio\/#website"},"datePublished":"2022-07-21T17:28:07+00:00","dateModified":"2023-10-03T00:29:51+00:00","description":"Barrera para sistema vehicular con tag WEJOIN con Brazo de 3 metros izquierda de acceso para uso rudo con Luz LED 3 Segundos, en Guadalajara","breadcrumb":{"@id":"https:\/\/www.securitydataandvideo.com\/inicio\/shop\/barrera-para-sistema-vehicular-con-tag-wejoin-con-brazo-de-3-metros-izquierda-de-acceso-para-uso-rudo-con-luz-led-3-segundos-en-guadalajara-jalisco-y-todo-mexico\/#breadcrumb"},"inLanguage":"es-MX","potentialAction":[{"@type":"ReadAction","target":["https:\/\/www.securitydataandvideo.com\/inicio\/shop\/barrera-para-sistema-vehicular-con-tag-wejoin-con-brazo-de-3-metros-izquierda-de-acceso-para-uso-rudo-con-luz-led-3-segundos-en-guadalajara-jalisco-y-todo-mexico\/"]}]},{"@type":"BreadcrumbList","@id":"https:\/\/www.securitydataandvideo.com\/inicio\/shop\/barrera-para-sistema-vehicular-con-tag-wejoin-con-brazo-de-3-metros-izquierda-de-acceso-para-uso-rudo-con-luz-led-3-segundos-en-guadalajara-jalisco-y-todo-mexico\/#breadcrumb","itemListElement":[{"@type":"ListItem","position":1,"name":"Inicio","item":"https:\/\/www.securitydataandvideo.com\/inicio\/"},{"@type":"ListItem","position":2,"name":"Shop","item":"https:\/\/www.securitydataandvideo.com\/inicio\/shop\/"},{"@type":"ListItem","position":3,"name":"Barrera para sistema vehicular con tag WEJOIN con Brazo de 3 metros izquierda de acceso para uso rudo con Luz LED \/ 3 Segundos, en Guadalajara Jalisco y Todo M\u00e9xico."}]},{"@type":"WebSite","@id":"https:\/\/www.securitydataandvideo.com\/inicio\/#website","url":"https:\/\/www.securitydataandvideo.com\/inicio\/","name":"Security Data &amp; Video SA de CV.","description":"Seguridad Electr\u00f3nica y Energ\u00eda","publisher":{"@id":"https:\/\/www.securitydataandvideo.com\/inicio\/#organization"},"potentialAction":[{"@type":"SearchAction","target":{"@type":"EntryPoint","urlTemplate":"https:\/\/www.securitydataandvideo.com\/inicio\/?s={search_term_string}"},"query-input":"required name=search_term_string"}],"inLanguage":"es-MX"},{"@type":"Organization","@id":"https:\/\/www.securitydataandvideo.com\/inicio\/#organization","name":"Security Data & Video SA de CV","url":"https:\/\/www.securitydataandvideo.com\/inicio\/","sameAs":[],"logo":{"@type":"ImageObject","inLanguage":"es-MX","@id":"https:\/\/www.securitydataandvideo.com\/inicio\/#\/schema\/logo\/image\/","url":"https:\/\/www.securitydataandvideo.com\/inicio\/wp-content\/uploads\/2021\/10\/Logo-Azul.png","contentUrl":"https:\/\/www.securitydataandvideo.com\/inicio\/wp-content\/uploads\/2021\/10\/Logo-Azul.png","width":555,"height":375,"caption":"Security Data & Video SA de CV"},"image":{"@id":"https:\/\/www.securitydataandvideo.com\/inicio\/#\/schema\/logo\/image\/"}}]}},"_links":{"self":[{"href":"https:\/\/www.securitydataandvideo.com\/inicio\/wp-json\/wp\/v2\/product\/15599"}],"collection":[{"href":"https:\/\/www.securitydataandvideo.com\/inicio\/wp-json\/wp\/v2\/product"}],"about":[{"href":"https:\/\/www.securitydataandvideo.com\/inicio\/wp-json\/wp\/v2\/types\/product"}],"wp:featuredmedia":[{"embeddable":true,"href":"https:\/\/www.securitydataandvideo.com\/inicio\/wp-json\/wp\/v2\/media\/15628"}],"wp:attachment":[{"href":"https:\/\/www.securitydataandvideo.com\/inicio\/wp-json\/wp\/v2\/media?parent=15599"}],"wp:term":[{"taxonomy":"product_cat","embeddable":true,"href":"https:\/\/www.securitydataandvideo.com\/inicio\/wp-json\/wp\/v2\/product_cat?post=15599"},{"taxonomy":"product_tag","embeddable":true,"href":"https:\/\/www.securitydataandvideo.com\/inicio\/wp-json\/wp\/v2\/product_tag?post=15599"}],"curies":[{"name":"wp","href":"https:\/\/api.w.org\/{rel}","templated":true}]}}