{"id":15602,"date":"2022-07-21T11:28:08","date_gmt":"2022-07-21T17:28:08","guid":{"rendered":"https:\/\/www.securitydataandvideo.com\/inicio\/?post_type=product&#038;p=15602"},"modified":"2023-10-02T17:50:51","modified_gmt":"2023-10-02T23:50:51","slug":"barrera-vehicular-onetech-con-brazo-rigido-de-4-5-metros-izquierda-o-derecha-sin-luz-led-en-brazo-venta-e-instalacion-guadalajara-jalisco-y-todo-mexico","status":"publish","type":"product","link":"https:\/\/www.securitydataandvideo.com\/inicio\/shop\/barrera-vehicular-onetech-con-brazo-rigido-de-4-5-metros-izquierda-o-derecha-sin-luz-led-en-brazo-venta-e-instalacion-guadalajara-jalisco-y-todo-mexico\/","title":{"rendered":"Barrera Vehicular ONETECH Con Brazo R\u00edgido de 4.5 metros, Izquierda o Derecha, sin Luz Led en brazo, Venta e instalaci\u00f3n Guadalajara Jalisco y todo M\u00e9xico."},"content":{"rendered":"<h5><strong>Barrera Vehicular ONETECH Con Brazo R\u00edgido de 4.5 metros, Izquierda o Derecha, sin Luz Led en brazo, Venta e instalaci\u00f3n Guadalajara Jalisco y todo M\u00e9xico.<\/strong><\/h5>\n<p>La barrera control acceso vehicular de alta velocidad incluye el brazo de 4.5 metros. Se caracteriza su rapidez y estabilidad. El tiempo de operaci\u00f3n es de 3 segundos. Se utiliza principalmente como dispositivo de control de entrada y salida de coches en peajes, estacionamientos o f\u00e1bricas, el tiempo de vida es de 3 millones de ciclos.<\/p>\n<p><strong>Caracter\u00edsticas<\/strong><\/p>\n<p>Liberaci\u00f3n manual, El n\u00facleo de la m\u00e1quina con resorte de compresi\u00f3n evita eficazmente los accidentes causados \u200b\u200bpor la ruptura del resorte.<\/p>\n<p>Motor de aleaci\u00f3n de aluminio fundido a presi\u00f3n, precisi\u00f3n y buena radiaci\u00f3n t\u00e9rmica.<\/p>\n<p>Ventilador de refrigeraci\u00f3n del motor, resolviendo el problema de la protecci\u00f3n contra el calor.<\/p>\n<p>Interruptores de l\u00edmite de seguridad dobles (interruptor de l\u00edmite de fotoelectricidad \/ sensor de memoria del motor) Seguro la barrera volver\u00e1 autom\u00e1ticamente cuando encuentre obst\u00e1culos durante el cierre.<\/p>\n<p>Cierre autom\u00e1tico.<\/p>\n<p>barrera control acceso vehicular<\/p>\n<p>Admite la fotoc\u00e9lula infrarroja para evitar golpes (opcional)<br \/>\nSoporte para el detector de bucle externo e interno del veh\u00edculo.<\/p>\n<p>Interfaz de sem\u00e1foro<br \/>\nControl de cable (se\u00f1al de interruptor) \/ control remoto (418Hz) M\u00f3dulo comunicacional RS485 para realizar la gesti\u00f3n inteligente del paso<\/p>\n<h1>Especificaciones t\u00e9cnicas<\/h1>\n<p class=\"ql-align-justify\"><strong>Temperatura de trabajo<\/strong><\/p>\n<p class=\"ql-align-justify\">-35 \u2103 ~ + 85<\/p>\n<p class=\"ql-align-justify\"><strong>Fuente de alimentaci\u00f3n<\/strong><\/p>\n<p class=\"ql-align-justify\">AC 220V \u00b1 10%, 110V \u00b1 10%, 50 \/ 60HZ<\/p>\n<p class=\"ql-align-justify\"><strong>Consumo de energ\u00eda<\/strong><\/p>\n<p class=\"ql-align-justify\">300W<\/p>\n<p class=\"ql-align-justify\"><strong>Humedad relativa<\/strong><\/p>\n<p class=\"ql-align-justify\">\u226490%<\/p>\n<p class=\"ql-align-justify\"><strong>Distancia del mando a distancia<\/strong><\/p>\n<p class=\"ql-align-justify\">\u226530m (abierto sin interferencias)<\/p>\n<p class=\"ql-align-justify\"><strong>Grado de aislamiento<\/strong><\/p>\n<p class=\"ql-align-justify\">F<\/p>\n<p class=\"ql-align-justify\"><strong>Selecci\u00f3n de\u00a0<\/strong><strong>par\u00e1metros<\/strong><\/p>\n<p class=\"ql-align-justify\">direcci\u00f3n, longitud, estilo de brazo.<\/p>\n","protected":false},"excerpt":{"rendered":"<p><strong>Barrera Vehicular ONETECH Con Brazo R\u00edgido de 4.5 metros, Izquierda o Derecha, sin Luz Led en brazo, Venta e instalaci\u00f3n Guadalajara Jalisco y todo M\u00e9xico.<\/strong><\/p>\n","protected":false},"featured_media":15648,"template":"","meta":{"site-sidebar-layout":"","site-content-layout":"","ast-site-content-layout":"","site-content-style":"default","site-sidebar-style":"default","ast-global-header-display":"","ast-banner-title-visibility":"","ast-main-header-display":"","ast-hfb-above-header-display":"","ast-hfb-below-header-display":"","ast-hfb-mobile-header-display":"","site-post-title":"","ast-breadcrumbs-content":"","ast-featured-img":"","footer-sml-layout":"","theme-transparent-header-meta":"","adv-header-id-meta":"","stick-header-meta":"","header-above-stick-meta":"","header-main-stick-meta":"","header-below-stick-meta":"","astra-migrate-meta-layouts":""},"product_cat":[248],"product_tag":[260,261,250,155],"yoast_head":"<!-- This site is optimized with the Yoast SEO plugin v19.5.1 - https:\/\/yoast.com\/wordpress\/plugins\/seo\/ -->\n<title>barrera control acceso vehicular - Barrera Vehicular ONETECH Con Brazo<\/title>\n<meta name=\"description\" content=\"Security Data &amp; Video SA de CV. barrera control acceso vehicular ONETECH Con Brazo R\u00edgido de 4.5 metros, Izquierda o Derecha, sin Luz Led en brazo, Venta e In\" \/>\n<meta name=\"robots\" content=\"index, follow, max-snippet:-1, max-image-preview:large, max-video-preview:-1\" \/>\n<link rel=\"canonical\" href=\"https:\/\/www.securitydataandvideo.com\/inicio\/shop\/barrera-vehicular-onetech-con-brazo-rigido-de-4-5-metros-izquierda-o-derecha-sin-luz-led-en-brazo-venta-e-instalacion-guadalajara-jalisco-y-todo-mexico\/\" \/>\n<meta property=\"og:locale\" content=\"es_MX\" \/>\n<meta property=\"og:type\" content=\"article\" \/>\n<meta property=\"og:title\" content=\"barrera control acceso vehicular - Barrera Vehicular ONETECH Con Brazo\" \/>\n<meta property=\"og:description\" content=\"Security Data &amp; Video SA de CV. barrera control acceso vehicular ONETECH Con Brazo R\u00edgido de 4.5 metros, Izquierda o Derecha, sin Luz Led en brazo, Venta e In\" \/>\n<meta property=\"og:url\" content=\"https:\/\/www.securitydataandvideo.com\/inicio\/shop\/barrera-vehicular-onetech-con-brazo-rigido-de-4-5-metros-izquierda-o-derecha-sin-luz-led-en-brazo-venta-e-instalacion-guadalajara-jalisco-y-todo-mexico\/\" \/>\n<meta property=\"og:site_name\" content=\"Security Data &amp; Video SA de CV.\" \/>\n<meta property=\"article:modified_time\" content=\"2023-10-02T23:50:51+00:00\" \/>\n<meta property=\"og:image\" content=\"https:\/\/www.securitydataandvideo.com\/inicio\/wp-content\/uploads\/2022\/07\/OneTech-e1598389367790.jpg\" \/>\n\t<meta property=\"og:image:width\" content=\"200\" \/>\n\t<meta property=\"og:image:height\" content=\"131\" \/>\n\t<meta property=\"og:image:type\" content=\"image\/jpeg\" \/>\n<meta name=\"twitter:card\" content=\"summary\" \/>\n<meta name=\"twitter:label1\" content=\"Tiempo de lectura\" \/>\n\t<meta name=\"twitter:data1\" content=\"1 minuto\" \/>\n<script type=\"application\/ld+json\" class=\"yoast-schema-graph\">{\"@context\":\"https:\/\/schema.org\",\"@graph\":[{\"@type\":\"WebPage\",\"@id\":\"https:\/\/www.securitydataandvideo.com\/inicio\/shop\/barrera-vehicular-onetech-con-brazo-rigido-de-4-5-metros-izquierda-o-derecha-sin-luz-led-en-brazo-venta-e-instalacion-guadalajara-jalisco-y-todo-mexico\/\",\"url\":\"https:\/\/www.securitydataandvideo.com\/inicio\/shop\/barrera-vehicular-onetech-con-brazo-rigido-de-4-5-metros-izquierda-o-derecha-sin-luz-led-en-brazo-venta-e-instalacion-guadalajara-jalisco-y-todo-mexico\/\",\"name\":\"barrera control acceso vehicular - Barrera Vehicular ONETECH Con Brazo\",\"isPartOf\":{\"@id\":\"https:\/\/www.securitydataandvideo.com\/inicio\/#website\"},\"datePublished\":\"2022-07-21T17:28:08+00:00\",\"dateModified\":\"2023-10-02T23:50:51+00:00\",\"description\":\"Security Data &amp; Video SA de CV. barrera control acceso vehicular ONETECH Con Brazo R\u00edgido de 4.5 metros, Izquierda o Derecha, sin Luz Led en brazo, Venta e In\",\"breadcrumb\":{\"@id\":\"https:\/\/www.securitydataandvideo.com\/inicio\/shop\/barrera-vehicular-onetech-con-brazo-rigido-de-4-5-metros-izquierda-o-derecha-sin-luz-led-en-brazo-venta-e-instalacion-guadalajara-jalisco-y-todo-mexico\/#breadcrumb\"},\"inLanguage\":\"es-MX\",\"potentialAction\":[{\"@type\":\"ReadAction\",\"target\":[\"https:\/\/www.securitydataandvideo.com\/inicio\/shop\/barrera-vehicular-onetech-con-brazo-rigido-de-4-5-metros-izquierda-o-derecha-sin-luz-led-en-brazo-venta-e-instalacion-guadalajara-jalisco-y-todo-mexico\/\"]}]},{\"@type\":\"BreadcrumbList\",\"@id\":\"https:\/\/www.securitydataandvideo.com\/inicio\/shop\/barrera-vehicular-onetech-con-brazo-rigido-de-4-5-metros-izquierda-o-derecha-sin-luz-led-en-brazo-venta-e-instalacion-guadalajara-jalisco-y-todo-mexico\/#breadcrumb\",\"itemListElement\":[{\"@type\":\"ListItem\",\"position\":1,\"name\":\"Inicio\",\"item\":\"https:\/\/www.securitydataandvideo.com\/inicio\/\"},{\"@type\":\"ListItem\",\"position\":2,\"name\":\"Shop\",\"item\":\"https:\/\/www.securitydataandvideo.com\/inicio\/shop\/\"},{\"@type\":\"ListItem\",\"position\":3,\"name\":\"Barrera Vehicular ONETECH Con Brazo R\u00edgido de 4.5 metros, Izquierda o Derecha, sin Luz Led en brazo, Venta e instalaci\u00f3n Guadalajara Jalisco y todo M\u00e9xico.\"}]},{\"@type\":\"WebSite\",\"@id\":\"https:\/\/www.securitydataandvideo.com\/inicio\/#website\",\"url\":\"https:\/\/www.securitydataandvideo.com\/inicio\/\",\"name\":\"Security Data &amp; Video SA de CV.\",\"description\":\"Seguridad Electr\u00f3nica y Energ\u00eda\",\"publisher\":{\"@id\":\"https:\/\/www.securitydataandvideo.com\/inicio\/#organization\"},\"potentialAction\":[{\"@type\":\"SearchAction\",\"target\":{\"@type\":\"EntryPoint\",\"urlTemplate\":\"https:\/\/www.securitydataandvideo.com\/inicio\/?s={search_term_string}\"},\"query-input\":\"required name=search_term_string\"}],\"inLanguage\":\"es-MX\"},{\"@type\":\"Organization\",\"@id\":\"https:\/\/www.securitydataandvideo.com\/inicio\/#organization\",\"name\":\"Security Data & Video SA de CV\",\"url\":\"https:\/\/www.securitydataandvideo.com\/inicio\/\",\"sameAs\":[],\"logo\":{\"@type\":\"ImageObject\",\"inLanguage\":\"es-MX\",\"@id\":\"https:\/\/www.securitydataandvideo.com\/inicio\/#\/schema\/logo\/image\/\",\"url\":\"https:\/\/www.securitydataandvideo.com\/inicio\/wp-content\/uploads\/2021\/10\/Logo-Azul.png\",\"contentUrl\":\"https:\/\/www.securitydataandvideo.com\/inicio\/wp-content\/uploads\/2021\/10\/Logo-Azul.png\",\"width\":555,\"height\":375,\"caption\":\"Security Data & Video SA de CV\"},\"image\":{\"@id\":\"https:\/\/www.securitydataandvideo.com\/inicio\/#\/schema\/logo\/image\/\"}}]}<\/script>\n<!-- \/ Yoast SEO plugin. -->","yoast_head_json":{"title":"barrera control acceso vehicular - Barrera Vehicular ONETECH Con Brazo","description":"Security Data &amp; Video SA de CV. barrera control acceso vehicular ONETECH Con Brazo R\u00edgido de 4.5 metros, Izquierda o Derecha, sin Luz Led en brazo, Venta e In","robots":{"index":"index","follow":"follow","max-snippet":"max-snippet:-1","max-image-preview":"max-image-preview:large","max-video-preview":"max-video-preview:-1"},"canonical":"https:\/\/www.securitydataandvideo.com\/inicio\/shop\/barrera-vehicular-onetech-con-brazo-rigido-de-4-5-metros-izquierda-o-derecha-sin-luz-led-en-brazo-venta-e-instalacion-guadalajara-jalisco-y-todo-mexico\/","og_locale":"es_MX","og_type":"article","og_title":"barrera control acceso vehicular - Barrera Vehicular ONETECH Con Brazo","og_description":"Security Data &amp; Video SA de CV. barrera control acceso vehicular ONETECH Con Brazo R\u00edgido de 4.5 metros, Izquierda o Derecha, sin Luz Led en brazo, Venta e In","og_url":"https:\/\/www.securitydataandvideo.com\/inicio\/shop\/barrera-vehicular-onetech-con-brazo-rigido-de-4-5-metros-izquierda-o-derecha-sin-luz-led-en-brazo-venta-e-instalacion-guadalajara-jalisco-y-todo-mexico\/","og_site_name":"Security Data &amp; Video SA de CV.","article_modified_time":"2023-10-02T23:50:51+00:00","og_image":[{"width":200,"height":131,"url":"https:\/\/www.securitydataandvideo.com\/inicio\/wp-content\/uploads\/2022\/07\/OneTech-e1598389367790.jpg","type":"image\/jpeg"}],"twitter_card":"summary","twitter_misc":{"Tiempo de lectura":"1 minuto"},"schema":{"@context":"https:\/\/schema.org","@graph":[{"@type":"WebPage","@id":"https:\/\/www.securitydataandvideo.com\/inicio\/shop\/barrera-vehicular-onetech-con-brazo-rigido-de-4-5-metros-izquierda-o-derecha-sin-luz-led-en-brazo-venta-e-instalacion-guadalajara-jalisco-y-todo-mexico\/","url":"https:\/\/www.securitydataandvideo.com\/inicio\/shop\/barrera-vehicular-onetech-con-brazo-rigido-de-4-5-metros-izquierda-o-derecha-sin-luz-led-en-brazo-venta-e-instalacion-guadalajara-jalisco-y-todo-mexico\/","name":"barrera control acceso vehicular - Barrera Vehicular ONETECH Con Brazo","isPartOf":{"@id":"https:\/\/www.securitydataandvideo.com\/inicio\/#website"},"datePublished":"2022-07-21T17:28:08+00:00","dateModified":"2023-10-02T23:50:51+00:00","description":"Security Data &amp; Video SA de CV. barrera control acceso vehicular ONETECH Con Brazo R\u00edgido de 4.5 metros, Izquierda o Derecha, sin Luz Led en brazo, Venta e In","breadcrumb":{"@id":"https:\/\/www.securitydataandvideo.com\/inicio\/shop\/barrera-vehicular-onetech-con-brazo-rigido-de-4-5-metros-izquierda-o-derecha-sin-luz-led-en-brazo-venta-e-instalacion-guadalajara-jalisco-y-todo-mexico\/#breadcrumb"},"inLanguage":"es-MX","potentialAction":[{"@type":"ReadAction","target":["https:\/\/www.securitydataandvideo.com\/inicio\/shop\/barrera-vehicular-onetech-con-brazo-rigido-de-4-5-metros-izquierda-o-derecha-sin-luz-led-en-brazo-venta-e-instalacion-guadalajara-jalisco-y-todo-mexico\/"]}]},{"@type":"BreadcrumbList","@id":"https:\/\/www.securitydataandvideo.com\/inicio\/shop\/barrera-vehicular-onetech-con-brazo-rigido-de-4-5-metros-izquierda-o-derecha-sin-luz-led-en-brazo-venta-e-instalacion-guadalajara-jalisco-y-todo-mexico\/#breadcrumb","itemListElement":[{"@type":"ListItem","position":1,"name":"Inicio","item":"https:\/\/www.securitydataandvideo.com\/inicio\/"},{"@type":"ListItem","position":2,"name":"Shop","item":"https:\/\/www.securitydataandvideo.com\/inicio\/shop\/"},{"@type":"ListItem","position":3,"name":"Barrera Vehicular ONETECH Con Brazo R\u00edgido de 4.5 metros, Izquierda o Derecha, sin Luz Led en brazo, Venta e instalaci\u00f3n Guadalajara Jalisco y todo M\u00e9xico."}]},{"@type":"WebSite","@id":"https:\/\/www.securitydataandvideo.com\/inicio\/#website","url":"https:\/\/www.securitydataandvideo.com\/inicio\/","name":"Security Data &amp; Video SA de CV.","description":"Seguridad Electr\u00f3nica y Energ\u00eda","publisher":{"@id":"https:\/\/www.securitydataandvideo.com\/inicio\/#organization"},"potentialAction":[{"@type":"SearchAction","target":{"@type":"EntryPoint","urlTemplate":"https:\/\/www.securitydataandvideo.com\/inicio\/?s={search_term_string}"},"query-input":"required name=search_term_string"}],"inLanguage":"es-MX"},{"@type":"Organization","@id":"https:\/\/www.securitydataandvideo.com\/inicio\/#organization","name":"Security Data & Video SA de CV","url":"https:\/\/www.securitydataandvideo.com\/inicio\/","sameAs":[],"logo":{"@type":"ImageObject","inLanguage":"es-MX","@id":"https:\/\/www.securitydataandvideo.com\/inicio\/#\/schema\/logo\/image\/","url":"https:\/\/www.securitydataandvideo.com\/inicio\/wp-content\/uploads\/2021\/10\/Logo-Azul.png","contentUrl":"https:\/\/www.securitydataandvideo.com\/inicio\/wp-content\/uploads\/2021\/10\/Logo-Azul.png","width":555,"height":375,"caption":"Security Data & Video SA de CV"},"image":{"@id":"https:\/\/www.securitydataandvideo.com\/inicio\/#\/schema\/logo\/image\/"}}]}},"_links":{"self":[{"href":"https:\/\/www.securitydataandvideo.com\/inicio\/wp-json\/wp\/v2\/product\/15602"}],"collection":[{"href":"https:\/\/www.securitydataandvideo.com\/inicio\/wp-json\/wp\/v2\/product"}],"about":[{"href":"https:\/\/www.securitydataandvideo.com\/inicio\/wp-json\/wp\/v2\/types\/product"}],"wp:featuredmedia":[{"embeddable":true,"href":"https:\/\/www.securitydataandvideo.com\/inicio\/wp-json\/wp\/v2\/media\/15648"}],"wp:attachment":[{"href":"https:\/\/www.securitydataandvideo.com\/inicio\/wp-json\/wp\/v2\/media?parent=15602"}],"wp:term":[{"taxonomy":"product_cat","embeddable":true,"href":"https:\/\/www.securitydataandvideo.com\/inicio\/wp-json\/wp\/v2\/product_cat?post=15602"},{"taxonomy":"product_tag","embeddable":true,"href":"https:\/\/www.securitydataandvideo.com\/inicio\/wp-json\/wp\/v2\/product_tag?post=15602"}],"curies":[{"name":"wp","href":"https:\/\/api.w.org\/{rel}","templated":true}]}}