{"id":15609,"date":"2022-07-21T11:28:09","date_gmt":"2022-07-21T17:28:09","guid":{"rendered":"https:\/\/www.securitydataandvideo.com\/inicio\/?post_type=product&#038;p=15609"},"modified":"2023-10-02T18:30:45","modified_gmt":"2023-10-03T00:30:45","slug":"barrera-vehicular-came-gard4-con-mastil-italiano-izquierda-y-derecha-configurable-en-campo-incluye-iluminacion-led-rojo-verde-pluma-de-3-65-m-cupula-con-iluminacion-led-resorte-rojo-came-en","status":"publish","type":"product","link":"https:\/\/www.securitydataandvideo.com\/inicio\/shop\/barrera-vehicular-came-gard4-con-mastil-italiano-izquierda-y-derecha-configurable-en-campo-incluye-iluminacion-led-rojo-verde-pluma-de-3-65-m-cupula-con-iluminacion-led-resorte-rojo-came-en\/","title":{"rendered":"Barrera Vehicular CAME GARD4 con m\u00e1stil Italiano \/ Izquierda y derecha configurable en campo \/ Incluye Iluminacion LED Rojo\/Verde \/ Pluma de 3.65 m \/ C\u00fapula con iluminaci\u00f3n LED \/ Resorte Rojo CAME, en Guadalajara Jalisco y todo M\u00e9xico."},"content":{"rendered":"<h5><strong>Barrera Vehicular marca CAME GARD 4 con m\u00e1stil Italiano \/ Izquierda y derecha configurable en campo \/ Incluye Iluminacion LED Rojo\/Verde \/ Pluma de 3.65 m \/ C\u00fapula con iluminaci\u00f3n LED \/ Resorte Rojo CAME, en Guadalajara Jalisco y todo M\u00e9xico.<\/strong><\/h5>\n<p>Una barrera con un estilo moderno la Barrera Vehicular CAME Gard4, est\u00e9ticamente perfecta para todas las aplicaciones, con calidad italiana altamente recomendada.<\/p>\n<p>La l\u00e1mpara led tipo c\u00fapula es de alta duraci\u00f3n y provee una mejor visibilidad. Adem\u00e1s, las fotoceldas pueden ser instaladas en el mismo gabinete facilitando el proceso de instalaci\u00f3n. La carcasa protectora protege el movimiento del m\u00e1stil contra el cizallamiento tanto en apertura como en cierre.<\/p>\n<p>Aptas para cubrir pasos hasta 3,75 m m\u00e1ximo, las nuevas Gard 4 son la soluci\u00f3n ideal para el control de calles y aparcamientos de uso industrial y comunitario.La serie Gard 4 est\u00e1 disponible tanto en las versiones con motor de 230 V AC comode 24 V DC.<\/p>\n<p>El motor de 24 Vdc es totalmente adecuado para brindar un servicio intensivo.<\/p>\n<p>Frecuentes \u201cblack-out\u201d<br \/>\nLa electr\u00f3nica de un sistema Gard 4 de 24 V reconoce autom\u00e1ticamente la ausencia de tensi\u00f3n y activa el<br \/>\nfuncionamiento de emergencia con bater\u00edas de compensaci\u00f3n espec\u00edficas.<br \/>\nFlujos a pasajes intensivos<br \/>\nEl motor a baja tensi\u00f3n garantiza el funcionamiento de la barrera para los servicios m\u00e1s duros: calles,<br \/>\naparcamientos y \u00e1reas de tr\u00e1nsito intensivo.<br \/>\nTr\u00e1nsitos veloces<br \/>\nLa tecnolog\u00eda de 24 V permite la regulaci\u00f3n de los tiempos de apertura desde un m\u00e1ximo de 8 segundos<br \/>\nhasta un m\u00ednimo de 4.<br \/>\nVelocidad bajo control<\/p>\n<p>Barrera Vehicular CAME Gard4<br \/>\nPara un servicio absoluto, la electr\u00f3nica de 24 V, permite regular la velocidad de maniobra de acuerdo con<br \/>\nlas exigencias particulares que requieran un funcionamiento de apertura lento o veloz.<\/p>\n<p>El kit incluye:<\/p>\n<p>Barrera Gard4 1 Pieza<\/p>\n<p>Mastil Italiano G03750 1 Pieza<\/p>\n<p>Fuente de poder 009-RGBFC (para tira de Led). 1 Pieza<\/p>\n<p>Tira de led 009-RGBIP65 1 Pieza<\/p>\n<p>Lampara cupula 001-G02801 Pieza<\/p>\n<p>Resorte(muelle) color Rojo 001-G06080 Pieza<\/p>\n","protected":false},"excerpt":{"rendered":"<p><b>Barrera Vehicular marca CAME GARD 4 con m\u00e1stil Italiano \/ Izquierda y derecha configurable en campo \/ Incluye Iluminaci\u00f3n LED Rojo\/Verde \/ Pluma de 3.65 m \/ C\u00fapula con iluminaci\u00f3n LED \/ Resorte Rojo CAME, en Guadalajara Jalisco y todo M\u00e9xico.<\/b><\/p>\n","protected":false},"featured_media":15653,"template":"","meta":{"site-sidebar-layout":"","site-content-layout":"","ast-site-content-layout":"","site-content-style":"default","site-sidebar-style":"default","ast-global-header-display":"","ast-banner-title-visibility":"","ast-main-header-display":"","ast-hfb-above-header-display":"","ast-hfb-below-header-display":"","ast-hfb-mobile-header-display":"","site-post-title":"","ast-breadcrumbs-content":"","ast-featured-img":"","footer-sml-layout":"","theme-transparent-header-meta":"","adv-header-id-meta":"","stick-header-meta":"","header-above-stick-meta":"","header-main-stick-meta":"","header-below-stick-meta":"","astra-migrate-meta-layouts":""},"product_cat":[248],"product_tag":[263,265,264,127],"yoast_head":"<!-- This site is optimized with the Yoast SEO plugin v19.5.1 - https:\/\/yoast.com\/wordpress\/plugins\/seo\/ -->\n<title>Barrera Vehicular CAME Gard4 - Venta, Instalacion, Configuracion.<\/title>\n<meta name=\"description\" content=\"Security Data &amp; Video SA de CV. Barrera Vehicular CAME Gard4 con m\u00e1stil Italiano \/ Izquierda y derecha configurable en campo \/ Incluye Iluminacion LED Rojo\/Ve\" \/>\n<meta name=\"robots\" content=\"index, follow, max-snippet:-1, max-image-preview:large, max-video-preview:-1\" \/>\n<link rel=\"canonical\" href=\"https:\/\/www.securitydataandvideo.com\/inicio\/shop\/barrera-vehicular-came-gard4-con-mastil-italiano-izquierda-y-derecha-configurable-en-campo-incluye-iluminacion-led-rojo-verde-pluma-de-3-65-m-cupula-con-iluminacion-led-resorte-rojo-came-en\/\" \/>\n<meta property=\"og:locale\" content=\"es_MX\" \/>\n<meta property=\"og:type\" content=\"article\" \/>\n<meta property=\"og:title\" content=\"Barrera Vehicular CAME Gard4 - Venta, Instalacion, Configuracion.\" \/>\n<meta property=\"og:description\" content=\"Security Data &amp; Video SA de CV. Barrera Vehicular CAME Gard4 con m\u00e1stil Italiano \/ Izquierda y derecha configurable en campo \/ Incluye Iluminacion LED Rojo\/Ve\" \/>\n<meta property=\"og:url\" content=\"https:\/\/www.securitydataandvideo.com\/inicio\/shop\/barrera-vehicular-came-gard4-con-mastil-italiano-izquierda-y-derecha-configurable-en-campo-incluye-iluminacion-led-rojo-verde-pluma-de-3-65-m-cupula-con-iluminacion-led-resorte-rojo-came-en\/\" \/>\n<meta property=\"og:site_name\" content=\"Security Data &amp; Video SA de CV.\" \/>\n<meta property=\"article:modified_time\" content=\"2023-10-03T00:30:45+00:00\" \/>\n<meta property=\"og:image\" content=\"https:\/\/www.securitydataandvideo.com\/inicio\/wp-content\/uploads\/2022\/07\/KTGARD4LED.png\" \/>\n\t<meta property=\"og:image:width\" content=\"400\" \/>\n\t<meta property=\"og:image:height\" content=\"400\" \/>\n\t<meta property=\"og:image:type\" content=\"image\/png\" \/>\n<meta name=\"twitter:card\" content=\"summary\" \/>\n<meta name=\"twitter:label1\" content=\"Tiempo de lectura\" \/>\n\t<meta name=\"twitter:data1\" content=\"2 minutos\" \/>\n<script type=\"application\/ld+json\" class=\"yoast-schema-graph\">{\"@context\":\"https:\/\/schema.org\",\"@graph\":[{\"@type\":\"WebPage\",\"@id\":\"https:\/\/www.securitydataandvideo.com\/inicio\/shop\/barrera-vehicular-came-gard4-con-mastil-italiano-izquierda-y-derecha-configurable-en-campo-incluye-iluminacion-led-rojo-verde-pluma-de-3-65-m-cupula-con-iluminacion-led-resorte-rojo-came-en\/\",\"url\":\"https:\/\/www.securitydataandvideo.com\/inicio\/shop\/barrera-vehicular-came-gard4-con-mastil-italiano-izquierda-y-derecha-configurable-en-campo-incluye-iluminacion-led-rojo-verde-pluma-de-3-65-m-cupula-con-iluminacion-led-resorte-rojo-came-en\/\",\"name\":\"Barrera Vehicular CAME Gard4 - Venta, Instalacion, Configuracion.\",\"isPartOf\":{\"@id\":\"https:\/\/www.securitydataandvideo.com\/inicio\/#website\"},\"datePublished\":\"2022-07-21T17:28:09+00:00\",\"dateModified\":\"2023-10-03T00:30:45+00:00\",\"description\":\"Security Data &amp; Video SA de CV. Barrera Vehicular CAME Gard4 con m\u00e1stil Italiano \/ Izquierda y derecha configurable en campo \/ Incluye Iluminacion LED Rojo\/Ve\",\"breadcrumb\":{\"@id\":\"https:\/\/www.securitydataandvideo.com\/inicio\/shop\/barrera-vehicular-came-gard4-con-mastil-italiano-izquierda-y-derecha-configurable-en-campo-incluye-iluminacion-led-rojo-verde-pluma-de-3-65-m-cupula-con-iluminacion-led-resorte-rojo-came-en\/#breadcrumb\"},\"inLanguage\":\"es-MX\",\"potentialAction\":[{\"@type\":\"ReadAction\",\"target\":[\"https:\/\/www.securitydataandvideo.com\/inicio\/shop\/barrera-vehicular-came-gard4-con-mastil-italiano-izquierda-y-derecha-configurable-en-campo-incluye-iluminacion-led-rojo-verde-pluma-de-3-65-m-cupula-con-iluminacion-led-resorte-rojo-came-en\/\"]}]},{\"@type\":\"BreadcrumbList\",\"@id\":\"https:\/\/www.securitydataandvideo.com\/inicio\/shop\/barrera-vehicular-came-gard4-con-mastil-italiano-izquierda-y-derecha-configurable-en-campo-incluye-iluminacion-led-rojo-verde-pluma-de-3-65-m-cupula-con-iluminacion-led-resorte-rojo-came-en\/#breadcrumb\",\"itemListElement\":[{\"@type\":\"ListItem\",\"position\":1,\"name\":\"Inicio\",\"item\":\"https:\/\/www.securitydataandvideo.com\/inicio\/\"},{\"@type\":\"ListItem\",\"position\":2,\"name\":\"Shop\",\"item\":\"https:\/\/www.securitydataandvideo.com\/inicio\/shop\/\"},{\"@type\":\"ListItem\",\"position\":3,\"name\":\"Barrera Vehicular CAME GARD4 con m\u00e1stil Italiano \/ Izquierda y derecha configurable en campo \/ Incluye Iluminacion LED Rojo\/Verde \/ Pluma de 3.65 m \/ C\u00fapula con iluminaci\u00f3n LED \/ Resorte Rojo CAME, en Guadalajara Jalisco y todo M\u00e9xico.\"}]},{\"@type\":\"WebSite\",\"@id\":\"https:\/\/www.securitydataandvideo.com\/inicio\/#website\",\"url\":\"https:\/\/www.securitydataandvideo.com\/inicio\/\",\"name\":\"Security Data &amp; Video SA de CV.\",\"description\":\"Seguridad Electr\u00f3nica y Energ\u00eda\",\"publisher\":{\"@id\":\"https:\/\/www.securitydataandvideo.com\/inicio\/#organization\"},\"potentialAction\":[{\"@type\":\"SearchAction\",\"target\":{\"@type\":\"EntryPoint\",\"urlTemplate\":\"https:\/\/www.securitydataandvideo.com\/inicio\/?s={search_term_string}\"},\"query-input\":\"required name=search_term_string\"}],\"inLanguage\":\"es-MX\"},{\"@type\":\"Organization\",\"@id\":\"https:\/\/www.securitydataandvideo.com\/inicio\/#organization\",\"name\":\"Security Data & Video SA de CV\",\"url\":\"https:\/\/www.securitydataandvideo.com\/inicio\/\",\"sameAs\":[],\"logo\":{\"@type\":\"ImageObject\",\"inLanguage\":\"es-MX\",\"@id\":\"https:\/\/www.securitydataandvideo.com\/inicio\/#\/schema\/logo\/image\/\",\"url\":\"https:\/\/www.securitydataandvideo.com\/inicio\/wp-content\/uploads\/2021\/10\/Logo-Azul.png\",\"contentUrl\":\"https:\/\/www.securitydataandvideo.com\/inicio\/wp-content\/uploads\/2021\/10\/Logo-Azul.png\",\"width\":555,\"height\":375,\"caption\":\"Security Data & Video SA de CV\"},\"image\":{\"@id\":\"https:\/\/www.securitydataandvideo.com\/inicio\/#\/schema\/logo\/image\/\"}}]}<\/script>\n<!-- \/ Yoast SEO plugin. -->","yoast_head_json":{"title":"Barrera Vehicular CAME Gard4 - Venta, Instalacion, Configuracion.","description":"Security Data &amp; Video SA de CV. Barrera Vehicular CAME Gard4 con m\u00e1stil Italiano \/ Izquierda y derecha configurable en campo \/ Incluye Iluminacion LED Rojo\/Ve","robots":{"index":"index","follow":"follow","max-snippet":"max-snippet:-1","max-image-preview":"max-image-preview:large","max-video-preview":"max-video-preview:-1"},"canonical":"https:\/\/www.securitydataandvideo.com\/inicio\/shop\/barrera-vehicular-came-gard4-con-mastil-italiano-izquierda-y-derecha-configurable-en-campo-incluye-iluminacion-led-rojo-verde-pluma-de-3-65-m-cupula-con-iluminacion-led-resorte-rojo-came-en\/","og_locale":"es_MX","og_type":"article","og_title":"Barrera Vehicular CAME Gard4 - Venta, Instalacion, Configuracion.","og_description":"Security Data &amp; Video SA de CV. Barrera Vehicular CAME Gard4 con m\u00e1stil Italiano \/ Izquierda y derecha configurable en campo \/ Incluye Iluminacion LED Rojo\/Ve","og_url":"https:\/\/www.securitydataandvideo.com\/inicio\/shop\/barrera-vehicular-came-gard4-con-mastil-italiano-izquierda-y-derecha-configurable-en-campo-incluye-iluminacion-led-rojo-verde-pluma-de-3-65-m-cupula-con-iluminacion-led-resorte-rojo-came-en\/","og_site_name":"Security Data &amp; Video SA de CV.","article_modified_time":"2023-10-03T00:30:45+00:00","og_image":[{"width":400,"height":400,"url":"https:\/\/www.securitydataandvideo.com\/inicio\/wp-content\/uploads\/2022\/07\/KTGARD4LED.png","type":"image\/png"}],"twitter_card":"summary","twitter_misc":{"Tiempo de lectura":"2 minutos"},"schema":{"@context":"https:\/\/schema.org","@graph":[{"@type":"WebPage","@id":"https:\/\/www.securitydataandvideo.com\/inicio\/shop\/barrera-vehicular-came-gard4-con-mastil-italiano-izquierda-y-derecha-configurable-en-campo-incluye-iluminacion-led-rojo-verde-pluma-de-3-65-m-cupula-con-iluminacion-led-resorte-rojo-came-en\/","url":"https:\/\/www.securitydataandvideo.com\/inicio\/shop\/barrera-vehicular-came-gard4-con-mastil-italiano-izquierda-y-derecha-configurable-en-campo-incluye-iluminacion-led-rojo-verde-pluma-de-3-65-m-cupula-con-iluminacion-led-resorte-rojo-came-en\/","name":"Barrera Vehicular CAME Gard4 - Venta, Instalacion, Configuracion.","isPartOf":{"@id":"https:\/\/www.securitydataandvideo.com\/inicio\/#website"},"datePublished":"2022-07-21T17:28:09+00:00","dateModified":"2023-10-03T00:30:45+00:00","description":"Security Data &amp; Video SA de CV. Barrera Vehicular CAME Gard4 con m\u00e1stil Italiano \/ Izquierda y derecha configurable en campo \/ Incluye Iluminacion LED Rojo\/Ve","breadcrumb":{"@id":"https:\/\/www.securitydataandvideo.com\/inicio\/shop\/barrera-vehicular-came-gard4-con-mastil-italiano-izquierda-y-derecha-configurable-en-campo-incluye-iluminacion-led-rojo-verde-pluma-de-3-65-m-cupula-con-iluminacion-led-resorte-rojo-came-en\/#breadcrumb"},"inLanguage":"es-MX","potentialAction":[{"@type":"ReadAction","target":["https:\/\/www.securitydataandvideo.com\/inicio\/shop\/barrera-vehicular-came-gard4-con-mastil-italiano-izquierda-y-derecha-configurable-en-campo-incluye-iluminacion-led-rojo-verde-pluma-de-3-65-m-cupula-con-iluminacion-led-resorte-rojo-came-en\/"]}]},{"@type":"BreadcrumbList","@id":"https:\/\/www.securitydataandvideo.com\/inicio\/shop\/barrera-vehicular-came-gard4-con-mastil-italiano-izquierda-y-derecha-configurable-en-campo-incluye-iluminacion-led-rojo-verde-pluma-de-3-65-m-cupula-con-iluminacion-led-resorte-rojo-came-en\/#breadcrumb","itemListElement":[{"@type":"ListItem","position":1,"name":"Inicio","item":"https:\/\/www.securitydataandvideo.com\/inicio\/"},{"@type":"ListItem","position":2,"name":"Shop","item":"https:\/\/www.securitydataandvideo.com\/inicio\/shop\/"},{"@type":"ListItem","position":3,"name":"Barrera Vehicular CAME GARD4 con m\u00e1stil Italiano \/ Izquierda y derecha configurable en campo \/ Incluye Iluminacion LED Rojo\/Verde \/ Pluma de 3.65 m \/ C\u00fapula con iluminaci\u00f3n LED \/ Resorte Rojo CAME, en Guadalajara Jalisco y todo M\u00e9xico."}]},{"@type":"WebSite","@id":"https:\/\/www.securitydataandvideo.com\/inicio\/#website","url":"https:\/\/www.securitydataandvideo.com\/inicio\/","name":"Security Data &amp; Video SA de CV.","description":"Seguridad Electr\u00f3nica y Energ\u00eda","publisher":{"@id":"https:\/\/www.securitydataandvideo.com\/inicio\/#organization"},"potentialAction":[{"@type":"SearchAction","target":{"@type":"EntryPoint","urlTemplate":"https:\/\/www.securitydataandvideo.com\/inicio\/?s={search_term_string}"},"query-input":"required name=search_term_string"}],"inLanguage":"es-MX"},{"@type":"Organization","@id":"https:\/\/www.securitydataandvideo.com\/inicio\/#organization","name":"Security Data & Video SA de CV","url":"https:\/\/www.securitydataandvideo.com\/inicio\/","sameAs":[],"logo":{"@type":"ImageObject","inLanguage":"es-MX","@id":"https:\/\/www.securitydataandvideo.com\/inicio\/#\/schema\/logo\/image\/","url":"https:\/\/www.securitydataandvideo.com\/inicio\/wp-content\/uploads\/2021\/10\/Logo-Azul.png","contentUrl":"https:\/\/www.securitydataandvideo.com\/inicio\/wp-content\/uploads\/2021\/10\/Logo-Azul.png","width":555,"height":375,"caption":"Security Data & Video SA de CV"},"image":{"@id":"https:\/\/www.securitydataandvideo.com\/inicio\/#\/schema\/logo\/image\/"}}]}},"_links":{"self":[{"href":"https:\/\/www.securitydataandvideo.com\/inicio\/wp-json\/wp\/v2\/product\/15609"}],"collection":[{"href":"https:\/\/www.securitydataandvideo.com\/inicio\/wp-json\/wp\/v2\/product"}],"about":[{"href":"https:\/\/www.securitydataandvideo.com\/inicio\/wp-json\/wp\/v2\/types\/product"}],"wp:featuredmedia":[{"embeddable":true,"href":"https:\/\/www.securitydataandvideo.com\/inicio\/wp-json\/wp\/v2\/media\/15653"}],"wp:attachment":[{"href":"https:\/\/www.securitydataandvideo.com\/inicio\/wp-json\/wp\/v2\/media?parent=15609"}],"wp:term":[{"taxonomy":"product_cat","embeddable":true,"href":"https:\/\/www.securitydataandvideo.com\/inicio\/wp-json\/wp\/v2\/product_cat?post=15609"},{"taxonomy":"product_tag","embeddable":true,"href":"https:\/\/www.securitydataandvideo.com\/inicio\/wp-json\/wp\/v2\/product_tag?post=15609"}],"curies":[{"name":"wp","href":"https:\/\/api.w.org\/{rel}","templated":true}]}}