{"id":15611,"date":"2022-07-21T11:28:09","date_gmt":"2022-07-21T17:28:09","guid":{"rendered":"https:\/\/www.securitydataandvideo.com\/inicio\/?post_type=product&#038;p=15611"},"modified":"2023-10-02T17:47:57","modified_gmt":"2023-10-02T23:47:57","slug":"barrera-vehicular-faac-620-rpd-con-pluma-rectangular-sin-iluminacion-equipo-hidraulico-de-uso-intensivo-hasta-2-millones-de-ciclos-antes-de-presentar-una-falla-severa-en-guadalajara-jalisco-y-tod","status":"publish","type":"product","link":"https:\/\/www.securitydataandvideo.com\/inicio\/shop\/barrera-vehicular-faac-620-rpd-con-pluma-rectangular-sin-iluminacion-equipo-hidraulico-de-uso-intensivo-hasta-2-millones-de-ciclos-antes-de-presentar-una-falla-severa-en-guadalajara-jalisco-y-tod\/","title":{"rendered":"Barrera Vehicular FAAC 620 RPD con Pluma Rectangular sin Iluminaci\u00f3n \/ Equipo Hidr\u00e1ulico de Uso Intensivo \/ Hasta 2 Millones de Ciclos Antes de Presentar una Falla Severa, en Guadalajara Jalisco y todo Mexico."},"content":{"rendered":"<div class=\"row\">\n<div class=\"col-sm-4\">\n<div>\n<h5>Barrera Vehicular FAAC 620<\/h5>\n<p id=\"product_title_189187\" class=\"no_margin_top titulo_vista_producto\">Barrera Vehicular FAAC 620 con Pluma Rectangular sin Iluminaci\u00f3n \/ Equipo Hidr\u00e1ulico de Uso Intensivo \/ Hasta 2 Millones de Ciclos Antes de Presentar una Falla Severa<\/p>\n<\/div>\n<div><\/div>\n<div>\n<p><strong>Caracter\u00edsticas principales:<\/strong><\/p>\n<ul>\n<li>Barrera de uso continuo<\/li>\n<li>FAAC 620 Versi\u00f3n RPD<\/li>\n<li>Barrera de tecnolog\u00eda Hidr\u00e1ulica.<\/li>\n<li>Sentido configurable en sitio.<\/li>\n<\/ul>\n<\/div>\n<\/div>\n<div class=\"col-sm-4\">\n<div>\n<p><strong>Caracter\u00edsticas F\u00edsicas y El\u00e9ctricas:<\/strong><\/p>\n<ul>\n<li>Alimentaci\u00f3n de 220 VAC<\/li>\n<li>Grado de protecci\u00f3n IP44<\/li>\n<li>Protecci\u00f3n t\u00e9rmica 120\u00b0C<\/li>\n<li>Peso 73 kg<\/li>\n<\/ul>\n<\/div>\n<\/div>\n<div class=\"col-sm-4\">\n<div>\n<p><strong>Caracter\u00edsticas Destacadas:<\/strong><\/p>\n<ul>\n<li>Hasta 2 millones de ciclos antes de falla severa.<\/li>\n<li>Soporta brazo de hasta 3.8 metros.<\/li>\n<li>Tiempo de apertura 3 segundos.<\/li>\n<li>Equipo de uso residencial, Comercial e Industrial.<\/li>\n<\/ul>\n<div class=\"row default_padding_bottom\">\n<div class=\"col-sm-6\">\n<h2>El Modelo FAAC620 incluye:<\/h2>\n<ul>\n<li>1 x <strong>1046358<\/strong> Barrera Hidr\u00e1ulica FAAC 620 RPD de uso continuo.<\/li>\n<li>1 x<strong> 428090<\/strong> Brazo de perfil rectangular de 3.8 metros de longitud con bandas rojas incluidas.<\/li>\n<li>1 x <strong>428342<\/strong> Enganche para brazo rectangular.<\/li>\n<\/ul>\n<h2>\u00a0Caracter\u00edsticas adicionales:<\/h2>\n<ul>\n<li>Sistema de frenado electr\u00f3nico que permite un movimiento m\u00e1s suave y fluido en la barrera, extendiendo la vida \u00fatil del mecanismo<\/li>\n<li>Sensor de masa de dos canales integrado en la tablilla.<\/li>\n<li>Tablilla 624 BLD de logica programable.<\/li>\n<li>Medidas del equipo 350 x 1080 x 170 mm.<\/li>\n<li>Se requiere conexi\u00f3n bifasica para su alimentacion.<\/li>\n<\/ul>\n<\/div>\n<div class=\"col-sm-6\"><img class=\"img-responsive\" src=\"https:\/\/ftp3.syscom.mx\/usuarios\/fotos\/BancoFotografiasSyscom\/FAAC\/FAAC620\/FAAC620-p.PNG\" \/><\/div>\n<\/div>\n<hr \/>\n<div class=\"row\">\n<div class=\"col-sm-6\"><img class=\"img-responsive\" src=\"http:\/\/ftp3.syscom.mx\/usuarios\/fotos\/FAAC620\/89145-12-10-2016_03-13-40_p-m-.jpg\" \/><\/div>\n<div class=\"col-sm-6\">\n<h2><\/h2>\n<p><span class=\"fontstyle0\">Ideal para el control de \u00e1reas grandes, tales como estacionamientos, centros comerciales, hospitales, parques industriales, etc. <\/span><\/p>\n<p><span class=\"fontstyle0\">La gama de barreras FAAC est\u00e1 dotada de un seguro hidr\u00e1ulico anti aplastamiento, bloqueo de retenci\u00f3n en cierre y apertura, desbloqueo manual con llave triangular, gabinete en acero resistente a colisiones<\/span>.<\/p>\n<h2>Caracter\u00edsticas:<\/h2>\n<ul>\n<li>La barrera cuenta con 2 a\u00f1os de garantia contra defectos de fabricaci\u00f3n.<\/li>\n<li>El kit FAAC620 no soporta iluminaci\u00f3n, en caso de requerir brazo iluminado es necesario cambiar el brazo y el enganche.<\/li>\n<\/ul>\n<\/div>\n<\/div>\n<hr \/>\n<div class=\"row default_margin_bottom\">\n<div class=\"col-sm-6\"><img class=\"img-responsive\" src=\"https:\/\/ftp3.syscom.mx\/usuarios\/fotos\/BancoFotografiasSyscom\/FAAC\/FAAC620\/FAAC620-LAT-DER-l.PNG\" \/><\/div>\n<div class=\"col-sm-6\"><img class=\"img-responsive\" src=\"https:\/\/ftp3.syscom.mx\/usuarios\/fotos\/BancoFotografiasSyscom\/FAAC\/FAAC620\/FAAC620-AD-1-l.PNG\" \/><\/div>\n<\/div>\n<\/div>\n<\/div>\n<\/div>\n","protected":false},"excerpt":{"rendered":"<p><strong>FAAC Kit de Barrera vehicular marca FAAC 620 RPD con Pluma Rectangular sin Iluminaci\u00f3n \/ Equipo Hidr\u00e1ulico de Uso Intensivo \/ Hasta 2 Millones de Ciclos Antes de Presentar una Falla Severa, en Guadalajara Jalisco y todo Mexico.<\/strong><\/p>\n","protected":false},"featured_media":15655,"template":"","meta":{"site-sidebar-layout":"","site-content-layout":"","ast-site-content-layout":"","site-content-style":"default","site-sidebar-style":"default","ast-global-header-display":"","ast-banner-title-visibility":"","ast-main-header-display":"","ast-hfb-above-header-display":"","ast-hfb-below-header-display":"","ast-hfb-mobile-header-display":"","site-post-title":"","ast-breadcrumbs-content":"","ast-featured-img":"","footer-sml-layout":"","theme-transparent-header-meta":"","adv-header-id-meta":"","stick-header-meta":"","header-above-stick-meta":"","header-main-stick-meta":"","header-below-stick-meta":"","astra-migrate-meta-layouts":""},"product_cat":[248],"product_tag":[267,268,172],"yoast_head":"<!-- This site is optimized with the Yoast SEO plugin v19.5.1 - https:\/\/yoast.com\/wordpress\/plugins\/seo\/ -->\n<title>Barrera Vehicular FAAC 620 - Venta, Instalacion, Mantenimientos y Config.<\/title>\n<meta name=\"description\" content=\"Security Data &amp; Video SA de CV. Barrera Vehicular FAAC 620 con Pluma Rectangular sin Iluminaci\u00f3n, Hidr\u00e1ulico de Uso Intensivo, Hasta 2 Millones de Ciclos Ante\" \/>\n<meta name=\"robots\" content=\"index, follow, max-snippet:-1, max-image-preview:large, max-video-preview:-1\" \/>\n<link rel=\"canonical\" href=\"https:\/\/www.securitydataandvideo.com\/inicio\/shop\/barrera-vehicular-faac-620-rpd-con-pluma-rectangular-sin-iluminacion-equipo-hidraulico-de-uso-intensivo-hasta-2-millones-de-ciclos-antes-de-presentar-una-falla-severa-en-guadalajara-jalisco-y-tod\/\" \/>\n<meta property=\"og:locale\" content=\"es_MX\" \/>\n<meta property=\"og:type\" content=\"article\" \/>\n<meta property=\"og:title\" content=\"Barrera Vehicular FAAC 620 - Venta, Instalacion, Mantenimientos y Config.\" \/>\n<meta property=\"og:description\" content=\"Security Data &amp; Video SA de CV. Barrera Vehicular FAAC 620 con Pluma Rectangular sin Iluminaci\u00f3n, Hidr\u00e1ulico de Uso Intensivo, Hasta 2 Millones de Ciclos Ante\" \/>\n<meta property=\"og:url\" content=\"https:\/\/www.securitydataandvideo.com\/inicio\/shop\/barrera-vehicular-faac-620-rpd-con-pluma-rectangular-sin-iluminacion-equipo-hidraulico-de-uso-intensivo-hasta-2-millones-de-ciclos-antes-de-presentar-una-falla-severa-en-guadalajara-jalisco-y-tod\/\" \/>\n<meta property=\"og:site_name\" content=\"Security Data &amp; Video SA de CV.\" \/>\n<meta property=\"article:modified_time\" content=\"2023-10-02T23:47:57+00:00\" \/>\n<meta property=\"og:image\" content=\"https:\/\/www.securitydataandvideo.com\/inicio\/wp-content\/uploads\/2022\/07\/FAAC620R.png\" \/>\n\t<meta property=\"og:image:width\" content=\"400\" \/>\n\t<meta property=\"og:image:height\" content=\"400\" \/>\n\t<meta property=\"og:image:type\" content=\"image\/png\" \/>\n<meta name=\"twitter:card\" content=\"summary\" \/>\n<meta name=\"twitter:label1\" content=\"Tiempo de lectura\" \/>\n\t<meta name=\"twitter:data1\" content=\"1 minuto\" \/>\n<script type=\"application\/ld+json\" class=\"yoast-schema-graph\">{\"@context\":\"https:\/\/schema.org\",\"@graph\":[{\"@type\":\"WebPage\",\"@id\":\"https:\/\/www.securitydataandvideo.com\/inicio\/shop\/barrera-vehicular-faac-620-rpd-con-pluma-rectangular-sin-iluminacion-equipo-hidraulico-de-uso-intensivo-hasta-2-millones-de-ciclos-antes-de-presentar-una-falla-severa-en-guadalajara-jalisco-y-tod\/\",\"url\":\"https:\/\/www.securitydataandvideo.com\/inicio\/shop\/barrera-vehicular-faac-620-rpd-con-pluma-rectangular-sin-iluminacion-equipo-hidraulico-de-uso-intensivo-hasta-2-millones-de-ciclos-antes-de-presentar-una-falla-severa-en-guadalajara-jalisco-y-tod\/\",\"name\":\"Barrera Vehicular FAAC 620 - Venta, Instalacion, Mantenimientos y Config.\",\"isPartOf\":{\"@id\":\"https:\/\/www.securitydataandvideo.com\/inicio\/#website\"},\"datePublished\":\"2022-07-21T17:28:09+00:00\",\"dateModified\":\"2023-10-02T23:47:57+00:00\",\"description\":\"Security Data &amp; Video SA de CV. Barrera Vehicular FAAC 620 con Pluma Rectangular sin Iluminaci\u00f3n, Hidr\u00e1ulico de Uso Intensivo, Hasta 2 Millones de Ciclos Ante\",\"breadcrumb\":{\"@id\":\"https:\/\/www.securitydataandvideo.com\/inicio\/shop\/barrera-vehicular-faac-620-rpd-con-pluma-rectangular-sin-iluminacion-equipo-hidraulico-de-uso-intensivo-hasta-2-millones-de-ciclos-antes-de-presentar-una-falla-severa-en-guadalajara-jalisco-y-tod\/#breadcrumb\"},\"inLanguage\":\"es-MX\",\"potentialAction\":[{\"@type\":\"ReadAction\",\"target\":[\"https:\/\/www.securitydataandvideo.com\/inicio\/shop\/barrera-vehicular-faac-620-rpd-con-pluma-rectangular-sin-iluminacion-equipo-hidraulico-de-uso-intensivo-hasta-2-millones-de-ciclos-antes-de-presentar-una-falla-severa-en-guadalajara-jalisco-y-tod\/\"]}]},{\"@type\":\"BreadcrumbList\",\"@id\":\"https:\/\/www.securitydataandvideo.com\/inicio\/shop\/barrera-vehicular-faac-620-rpd-con-pluma-rectangular-sin-iluminacion-equipo-hidraulico-de-uso-intensivo-hasta-2-millones-de-ciclos-antes-de-presentar-una-falla-severa-en-guadalajara-jalisco-y-tod\/#breadcrumb\",\"itemListElement\":[{\"@type\":\"ListItem\",\"position\":1,\"name\":\"Inicio\",\"item\":\"https:\/\/www.securitydataandvideo.com\/inicio\/\"},{\"@type\":\"ListItem\",\"position\":2,\"name\":\"Shop\",\"item\":\"https:\/\/www.securitydataandvideo.com\/inicio\/shop\/\"},{\"@type\":\"ListItem\",\"position\":3,\"name\":\"Barrera Vehicular FAAC 620 RPD con Pluma Rectangular sin Iluminaci\u00f3n \/ Equipo Hidr\u00e1ulico de Uso Intensivo \/ Hasta 2 Millones de Ciclos Antes de Presentar una Falla Severa, en Guadalajara Jalisco y todo Mexico.\"}]},{\"@type\":\"WebSite\",\"@id\":\"https:\/\/www.securitydataandvideo.com\/inicio\/#website\",\"url\":\"https:\/\/www.securitydataandvideo.com\/inicio\/\",\"name\":\"Security Data &amp; Video SA de CV.\",\"description\":\"Seguridad Electr\u00f3nica y Energ\u00eda\",\"publisher\":{\"@id\":\"https:\/\/www.securitydataandvideo.com\/inicio\/#organization\"},\"potentialAction\":[{\"@type\":\"SearchAction\",\"target\":{\"@type\":\"EntryPoint\",\"urlTemplate\":\"https:\/\/www.securitydataandvideo.com\/inicio\/?s={search_term_string}\"},\"query-input\":\"required name=search_term_string\"}],\"inLanguage\":\"es-MX\"},{\"@type\":\"Organization\",\"@id\":\"https:\/\/www.securitydataandvideo.com\/inicio\/#organization\",\"name\":\"Security Data & Video SA de CV\",\"url\":\"https:\/\/www.securitydataandvideo.com\/inicio\/\",\"sameAs\":[],\"logo\":{\"@type\":\"ImageObject\",\"inLanguage\":\"es-MX\",\"@id\":\"https:\/\/www.securitydataandvideo.com\/inicio\/#\/schema\/logo\/image\/\",\"url\":\"https:\/\/www.securitydataandvideo.com\/inicio\/wp-content\/uploads\/2021\/10\/Logo-Azul.png\",\"contentUrl\":\"https:\/\/www.securitydataandvideo.com\/inicio\/wp-content\/uploads\/2021\/10\/Logo-Azul.png\",\"width\":555,\"height\":375,\"caption\":\"Security Data & Video SA de CV\"},\"image\":{\"@id\":\"https:\/\/www.securitydataandvideo.com\/inicio\/#\/schema\/logo\/image\/\"}}]}<\/script>\n<!-- \/ Yoast SEO plugin. -->","yoast_head_json":{"title":"Barrera Vehicular FAAC 620 - Venta, Instalacion, Mantenimientos y Config.","description":"Security Data &amp; Video SA de CV. Barrera Vehicular FAAC 620 con Pluma Rectangular sin Iluminaci\u00f3n, Hidr\u00e1ulico de Uso Intensivo, Hasta 2 Millones de Ciclos Ante","robots":{"index":"index","follow":"follow","max-snippet":"max-snippet:-1","max-image-preview":"max-image-preview:large","max-video-preview":"max-video-preview:-1"},"canonical":"https:\/\/www.securitydataandvideo.com\/inicio\/shop\/barrera-vehicular-faac-620-rpd-con-pluma-rectangular-sin-iluminacion-equipo-hidraulico-de-uso-intensivo-hasta-2-millones-de-ciclos-antes-de-presentar-una-falla-severa-en-guadalajara-jalisco-y-tod\/","og_locale":"es_MX","og_type":"article","og_title":"Barrera Vehicular FAAC 620 - Venta, Instalacion, Mantenimientos y Config.","og_description":"Security Data &amp; Video SA de CV. Barrera Vehicular FAAC 620 con Pluma Rectangular sin Iluminaci\u00f3n, Hidr\u00e1ulico de Uso Intensivo, Hasta 2 Millones de Ciclos Ante","og_url":"https:\/\/www.securitydataandvideo.com\/inicio\/shop\/barrera-vehicular-faac-620-rpd-con-pluma-rectangular-sin-iluminacion-equipo-hidraulico-de-uso-intensivo-hasta-2-millones-de-ciclos-antes-de-presentar-una-falla-severa-en-guadalajara-jalisco-y-tod\/","og_site_name":"Security Data &amp; Video SA de CV.","article_modified_time":"2023-10-02T23:47:57+00:00","og_image":[{"width":400,"height":400,"url":"https:\/\/www.securitydataandvideo.com\/inicio\/wp-content\/uploads\/2022\/07\/FAAC620R.png","type":"image\/png"}],"twitter_card":"summary","twitter_misc":{"Tiempo de lectura":"1 minuto"},"schema":{"@context":"https:\/\/schema.org","@graph":[{"@type":"WebPage","@id":"https:\/\/www.securitydataandvideo.com\/inicio\/shop\/barrera-vehicular-faac-620-rpd-con-pluma-rectangular-sin-iluminacion-equipo-hidraulico-de-uso-intensivo-hasta-2-millones-de-ciclos-antes-de-presentar-una-falla-severa-en-guadalajara-jalisco-y-tod\/","url":"https:\/\/www.securitydataandvideo.com\/inicio\/shop\/barrera-vehicular-faac-620-rpd-con-pluma-rectangular-sin-iluminacion-equipo-hidraulico-de-uso-intensivo-hasta-2-millones-de-ciclos-antes-de-presentar-una-falla-severa-en-guadalajara-jalisco-y-tod\/","name":"Barrera Vehicular FAAC 620 - Venta, Instalacion, Mantenimientos y Config.","isPartOf":{"@id":"https:\/\/www.securitydataandvideo.com\/inicio\/#website"},"datePublished":"2022-07-21T17:28:09+00:00","dateModified":"2023-10-02T23:47:57+00:00","description":"Security Data &amp; Video SA de CV. Barrera Vehicular FAAC 620 con Pluma Rectangular sin Iluminaci\u00f3n, Hidr\u00e1ulico de Uso Intensivo, Hasta 2 Millones de Ciclos Ante","breadcrumb":{"@id":"https:\/\/www.securitydataandvideo.com\/inicio\/shop\/barrera-vehicular-faac-620-rpd-con-pluma-rectangular-sin-iluminacion-equipo-hidraulico-de-uso-intensivo-hasta-2-millones-de-ciclos-antes-de-presentar-una-falla-severa-en-guadalajara-jalisco-y-tod\/#breadcrumb"},"inLanguage":"es-MX","potentialAction":[{"@type":"ReadAction","target":["https:\/\/www.securitydataandvideo.com\/inicio\/shop\/barrera-vehicular-faac-620-rpd-con-pluma-rectangular-sin-iluminacion-equipo-hidraulico-de-uso-intensivo-hasta-2-millones-de-ciclos-antes-de-presentar-una-falla-severa-en-guadalajara-jalisco-y-tod\/"]}]},{"@type":"BreadcrumbList","@id":"https:\/\/www.securitydataandvideo.com\/inicio\/shop\/barrera-vehicular-faac-620-rpd-con-pluma-rectangular-sin-iluminacion-equipo-hidraulico-de-uso-intensivo-hasta-2-millones-de-ciclos-antes-de-presentar-una-falla-severa-en-guadalajara-jalisco-y-tod\/#breadcrumb","itemListElement":[{"@type":"ListItem","position":1,"name":"Inicio","item":"https:\/\/www.securitydataandvideo.com\/inicio\/"},{"@type":"ListItem","position":2,"name":"Shop","item":"https:\/\/www.securitydataandvideo.com\/inicio\/shop\/"},{"@type":"ListItem","position":3,"name":"Barrera Vehicular FAAC 620 RPD con Pluma Rectangular sin Iluminaci\u00f3n \/ Equipo Hidr\u00e1ulico de Uso Intensivo \/ Hasta 2 Millones de Ciclos Antes de Presentar una Falla Severa, en Guadalajara Jalisco y todo Mexico."}]},{"@type":"WebSite","@id":"https:\/\/www.securitydataandvideo.com\/inicio\/#website","url":"https:\/\/www.securitydataandvideo.com\/inicio\/","name":"Security Data &amp; Video SA de CV.","description":"Seguridad Electr\u00f3nica y Energ\u00eda","publisher":{"@id":"https:\/\/www.securitydataandvideo.com\/inicio\/#organization"},"potentialAction":[{"@type":"SearchAction","target":{"@type":"EntryPoint","urlTemplate":"https:\/\/www.securitydataandvideo.com\/inicio\/?s={search_term_string}"},"query-input":"required name=search_term_string"}],"inLanguage":"es-MX"},{"@type":"Organization","@id":"https:\/\/www.securitydataandvideo.com\/inicio\/#organization","name":"Security Data & Video SA de CV","url":"https:\/\/www.securitydataandvideo.com\/inicio\/","sameAs":[],"logo":{"@type":"ImageObject","inLanguage":"es-MX","@id":"https:\/\/www.securitydataandvideo.com\/inicio\/#\/schema\/logo\/image\/","url":"https:\/\/www.securitydataandvideo.com\/inicio\/wp-content\/uploads\/2021\/10\/Logo-Azul.png","contentUrl":"https:\/\/www.securitydataandvideo.com\/inicio\/wp-content\/uploads\/2021\/10\/Logo-Azul.png","width":555,"height":375,"caption":"Security Data & Video SA de CV"},"image":{"@id":"https:\/\/www.securitydataandvideo.com\/inicio\/#\/schema\/logo\/image\/"}}]}},"_links":{"self":[{"href":"https:\/\/www.securitydataandvideo.com\/inicio\/wp-json\/wp\/v2\/product\/15611"}],"collection":[{"href":"https:\/\/www.securitydataandvideo.com\/inicio\/wp-json\/wp\/v2\/product"}],"about":[{"href":"https:\/\/www.securitydataandvideo.com\/inicio\/wp-json\/wp\/v2\/types\/product"}],"wp:featuredmedia":[{"embeddable":true,"href":"https:\/\/www.securitydataandvideo.com\/inicio\/wp-json\/wp\/v2\/media\/15655"}],"wp:attachment":[{"href":"https:\/\/www.securitydataandvideo.com\/inicio\/wp-json\/wp\/v2\/media?parent=15611"}],"wp:term":[{"taxonomy":"product_cat","embeddable":true,"href":"https:\/\/www.securitydataandvideo.com\/inicio\/wp-json\/wp\/v2\/product_cat?post=15611"},{"taxonomy":"product_tag","embeddable":true,"href":"https:\/\/www.securitydataandvideo.com\/inicio\/wp-json\/wp\/v2\/product_tag?post=15611"}],"curies":[{"name":"wp","href":"https:\/\/api.w.org\/{rel}","templated":true}]}}