{"id":15612,"date":"2022-07-21T11:28:09","date_gmt":"2022-07-21T17:28:09","guid":{"rendered":"https:\/\/www.securitydataandvideo.com\/inicio\/?post_type=product&#038;p=15612"},"modified":"2023-10-02T17:47:35","modified_gmt":"2023-10-02T23:47:35","slug":"barrera-vehicular-marca-faac-640-soporta-brazo-de-hasta-7-metros-no-incluido-en-guadalajara-jalisco-y-todo-mexico","status":"publish","type":"product","link":"https:\/\/www.securitydataandvideo.com\/inicio\/shop\/barrera-vehicular-marca-faac-640-soporta-brazo-de-hasta-7-metros-no-incluido-en-guadalajara-jalisco-y-todo-mexico\/","title":{"rendered":"Barrera Vehicular marca FAAC 640 \/ Soporta Brazo de hasta 7 metros ( No Incluido ), en Guadalajara Jalisco y todo M\u00e9xico."},"content":{"rendered":"<p><strong>\u00a0Barrera Vehicular marca FAAC 640 \/ Soporta Brazo de hasta 7 metros ( No Incluido ), en Guadalajara Jalisco y todo M\u00e9xico.<\/strong><\/p>\n<div class=\"col-sm-4\">\n<div>\n<p><strong>Caracter\u00edsticas principales:<\/strong>Barrera con sistema hidr\u00e1ulico.<\/p>\n<p>Sensor de masa de dos canales integrado en la tablilla.<\/p>\n<p>Equipo de uso intensivo.<\/p>\n<\/div>\n<\/div>\n<div class=\"col-sm-4\">\n<div>\n<p><strong>Caracter\u00edsticas F\u00edsicas y El\u00e9ctricas:<\/strong>Alimentaci\u00f3n 220V<\/p>\n<p>Protecci\u00f3n t\u00e9rmica 120\u00b0C<\/p>\n<p>Grado de protecci\u00f3n IP54<\/p>\n<p>Peso del equipo 84 kg<\/p>\n<\/div>\n<\/div>\n<div class=\"col-sm-4\">\n<div>\n<p><strong>Caracter\u00edsticas Destacadas:<\/strong>Ideal para el control de \u00e1reas grandes, tales como estacionamientos, centros comerciales, hospitales, parques industriales, etc.<\/p>\n<p>Longitud de la pluma 7 metros<\/p>\n<\/div>\n<\/div>\n<div class=\"col-sm-4\">\n<div class=\"row default_padding_bottom\">\n<div class=\"col-sm-6\">\n<h2>El Modelo incluye:<\/h2>\n<p><strong>1046858<\/strong>\u00a0Barrera hidr\u00e1ulica FAAC640<\/p>\n<h2>Accesorios adicionales no incluidos:<\/h2>\n<p><strong>428064<\/strong>\u00a0Brazo de 7 metros para barrera FAAC 640.<\/p>\n<p><strong>428154<\/strong> Enganche para brazo rectangular de 7 mts de Barrera Vehicular marca FAAC<\/p>\n<h2>Caracter\u00edsticas especiales:<\/h2>\n<p>Sistema de frenado electr\u00f3nico que permite un movimiento mas suave y fluido den la barrera, extendiendo la vida \u00fatil del equipo.<\/p>\n<p>Sensor de masa de dos canales integrado en la tablilla.<\/p>\n<p>Uso:<\/p>\n<\/div>\n<\/div>\n<div class=\"row\">\n<div class=\"col-sm-6\">\n<p>Residencial, Comercial e industrial<\/p>\n<p>Equipo de uso continuo<\/p>\n<p>La gama de barreras FAAC est\u00e1 dotada de un seguro hidr\u00e1ulico anti aplastamiento, bloqueo de retenci\u00f3n en cierre y apertura, desbloqueo manual con llave triangular, gabinete en acero resistente.<\/p>\n<h2>Garant\u00eda:<\/h2>\n<p>2 a\u00f1os contra defectos de f\u00e1brica.<\/p>\n<div class=\"row default_padding_bottom\">\n<div class=\"col-sm-6\">\n<h2>El Modelo incluye:<\/h2>\n<ul>\n<li><strong>1046858<\/strong>\u00a0Barrera hidr\u00e1ulica FAAC640<\/li>\n<\/ul>\n<h2>Accesorios adicionales no incluidos:<\/h2>\n<ul>\n<li><strong>428064<\/strong>\u00a0Brazo de 7 metros para barrera FAAC 640.<\/li>\n<li><strong>428154<\/strong> Enganche para brazo rectangular de 7 mts de Barrera Vehicular marca FAAC<\/li>\n<\/ul>\n<h2>Caracter\u00edsticas especiales:<\/h2>\n<ul>\n<li>Sistema de frenado electr\u00f3nico que permite un movimiento mas suave y fluido den la barrera, extendiendo la vida \u00fatil del equipo.<\/li>\n<li>Sensor de masa de dos canales integrado en la tablilla.<\/li>\n<\/ul>\n<p>&nbsp;<\/p>\n<\/div>\n<div class=\"col-sm-6\"><img class=\"img-responsive\" src=\"https:\/\/ftp3.syscom.mx\/usuarios\/anavarrete\/FAAC\/FAAC640.jpg\" \/><\/div>\n<\/div>\n<hr \/>\n<div class=\"row\">\n<div class=\"col-sm-6\"><img class=\"img-responsive\" src=\"https:\/\/ftp3.syscom.mx\/usuarios\/anavarrete\/FAAC\/FAAC640-1.jpg\" \/><\/div>\n<div class=\"col-sm-6\">\n<h2>Uso:<\/h2>\n<ul>\n<li>Residencial, Comercial e industrial<\/li>\n<li>Equipo de uso continuo<\/li>\n<\/ul>\n<p>La gama de barreras FAAC est\u00e1 dotada de un seguro hidr\u00e1ulico anti aplastamiento, bloqueo de retenci\u00f3n en cierre y apertura, desbloqueo manual con llave triangular, gabinete en acero resistente.<\/p>\n<h2>Garant\u00eda:<\/h2>\n<p>2 a\u00f1os contra defectos de f\u00e1brica<\/p>\n<\/div>\n<\/div>\n<\/div>\n<\/div>\n<\/div>\n","protected":false},"excerpt":{"rendered":"<p><strong>Barrera Vehicular marca FAAC 640 \/ Soporta Brazo de hasta 7 metros ( No Incluido ), en Guadalajara Jalisco y todo M\u00e9xico.<\/strong><\/p>\n","protected":false},"featured_media":15656,"template":"","meta":{"site-sidebar-layout":"","site-content-layout":"","ast-site-content-layout":"","site-content-style":"default","site-sidebar-style":"default","ast-global-header-display":"","ast-banner-title-visibility":"","ast-main-header-display":"","ast-hfb-above-header-display":"","ast-hfb-below-header-display":"","ast-hfb-mobile-header-display":"","site-post-title":"","ast-breadcrumbs-content":"","ast-featured-img":"","footer-sml-layout":"","theme-transparent-header-meta":"","adv-header-id-meta":"","stick-header-meta":"","header-above-stick-meta":"","header-main-stick-meta":"","header-below-stick-meta":"","astra-migrate-meta-layouts":""},"product_cat":[248],"product_tag":[267,172],"yoast_head":"<!-- This site is optimized with the Yoast SEO plugin v19.5.1 - https:\/\/yoast.com\/wordpress\/plugins\/seo\/ -->\n<title>Barrera Vehicular marca FAAC - Venta, Instalacion y Configuracion.<\/title>\n<meta name=\"description\" content=\"Security Data &amp; Video SA de CV. Barrera Vehicular marca FAAC 640 \/ Soporta Brazo de hasta 7 metros ( No Incluido ), en Guadalajara Jalisco y todo M\u00e9xico.\" \/>\n<meta name=\"robots\" content=\"index, follow, max-snippet:-1, max-image-preview:large, max-video-preview:-1\" \/>\n<link rel=\"canonical\" href=\"https:\/\/www.securitydataandvideo.com\/inicio\/shop\/barrera-vehicular-marca-faac-640-soporta-brazo-de-hasta-7-metros-no-incluido-en-guadalajara-jalisco-y-todo-mexico\/\" \/>\n<meta property=\"og:locale\" content=\"es_MX\" \/>\n<meta property=\"og:type\" content=\"article\" \/>\n<meta property=\"og:title\" content=\"Barrera Vehicular marca FAAC - Venta, Instalacion y Configuracion.\" \/>\n<meta property=\"og:description\" content=\"Security Data &amp; Video SA de CV. Barrera Vehicular marca FAAC 640 \/ Soporta Brazo de hasta 7 metros ( No Incluido ), en Guadalajara Jalisco y todo M\u00e9xico.\" \/>\n<meta property=\"og:url\" content=\"https:\/\/www.securitydataandvideo.com\/inicio\/shop\/barrera-vehicular-marca-faac-640-soporta-brazo-de-hasta-7-metros-no-incluido-en-guadalajara-jalisco-y-todo-mexico\/\" \/>\n<meta property=\"og:site_name\" content=\"Security Data &amp; Video SA de CV.\" \/>\n<meta property=\"article:modified_time\" content=\"2023-10-02T23:47:35+00:00\" \/>\n<meta property=\"og:image\" content=\"https:\/\/www.securitydataandvideo.com\/inicio\/wp-content\/uploads\/2022\/07\/1046858.png\" \/>\n\t<meta property=\"og:image:width\" content=\"400\" \/>\n\t<meta property=\"og:image:height\" content=\"400\" \/>\n\t<meta property=\"og:image:type\" content=\"image\/png\" \/>\n<meta name=\"twitter:card\" content=\"summary\" \/>\n<meta name=\"twitter:label1\" content=\"Tiempo de lectura\" \/>\n\t<meta name=\"twitter:data1\" content=\"2 minutos\" \/>\n<script type=\"application\/ld+json\" class=\"yoast-schema-graph\">{\"@context\":\"https:\/\/schema.org\",\"@graph\":[{\"@type\":\"WebPage\",\"@id\":\"https:\/\/www.securitydataandvideo.com\/inicio\/shop\/barrera-vehicular-marca-faac-640-soporta-brazo-de-hasta-7-metros-no-incluido-en-guadalajara-jalisco-y-todo-mexico\/\",\"url\":\"https:\/\/www.securitydataandvideo.com\/inicio\/shop\/barrera-vehicular-marca-faac-640-soporta-brazo-de-hasta-7-metros-no-incluido-en-guadalajara-jalisco-y-todo-mexico\/\",\"name\":\"Barrera Vehicular marca FAAC - Venta, Instalacion y Configuracion.\",\"isPartOf\":{\"@id\":\"https:\/\/www.securitydataandvideo.com\/inicio\/#website\"},\"datePublished\":\"2022-07-21T17:28:09+00:00\",\"dateModified\":\"2023-10-02T23:47:35+00:00\",\"description\":\"Security Data &amp; Video SA de CV. Barrera Vehicular marca FAAC 640 \/ Soporta Brazo de hasta 7 metros ( No Incluido ), en Guadalajara Jalisco y todo M\u00e9xico.\",\"breadcrumb\":{\"@id\":\"https:\/\/www.securitydataandvideo.com\/inicio\/shop\/barrera-vehicular-marca-faac-640-soporta-brazo-de-hasta-7-metros-no-incluido-en-guadalajara-jalisco-y-todo-mexico\/#breadcrumb\"},\"inLanguage\":\"es-MX\",\"potentialAction\":[{\"@type\":\"ReadAction\",\"target\":[\"https:\/\/www.securitydataandvideo.com\/inicio\/shop\/barrera-vehicular-marca-faac-640-soporta-brazo-de-hasta-7-metros-no-incluido-en-guadalajara-jalisco-y-todo-mexico\/\"]}]},{\"@type\":\"BreadcrumbList\",\"@id\":\"https:\/\/www.securitydataandvideo.com\/inicio\/shop\/barrera-vehicular-marca-faac-640-soporta-brazo-de-hasta-7-metros-no-incluido-en-guadalajara-jalisco-y-todo-mexico\/#breadcrumb\",\"itemListElement\":[{\"@type\":\"ListItem\",\"position\":1,\"name\":\"Inicio\",\"item\":\"https:\/\/www.securitydataandvideo.com\/inicio\/\"},{\"@type\":\"ListItem\",\"position\":2,\"name\":\"Shop\",\"item\":\"https:\/\/www.securitydataandvideo.com\/inicio\/shop\/\"},{\"@type\":\"ListItem\",\"position\":3,\"name\":\"Barrera Vehicular marca FAAC 640 \/ Soporta Brazo de hasta 7 metros ( No Incluido ), en Guadalajara Jalisco y todo M\u00e9xico.\"}]},{\"@type\":\"WebSite\",\"@id\":\"https:\/\/www.securitydataandvideo.com\/inicio\/#website\",\"url\":\"https:\/\/www.securitydataandvideo.com\/inicio\/\",\"name\":\"Security Data &amp; Video SA de CV.\",\"description\":\"Seguridad Electr\u00f3nica y Energ\u00eda\",\"publisher\":{\"@id\":\"https:\/\/www.securitydataandvideo.com\/inicio\/#organization\"},\"potentialAction\":[{\"@type\":\"SearchAction\",\"target\":{\"@type\":\"EntryPoint\",\"urlTemplate\":\"https:\/\/www.securitydataandvideo.com\/inicio\/?s={search_term_string}\"},\"query-input\":\"required name=search_term_string\"}],\"inLanguage\":\"es-MX\"},{\"@type\":\"Organization\",\"@id\":\"https:\/\/www.securitydataandvideo.com\/inicio\/#organization\",\"name\":\"Security Data & Video SA de CV\",\"url\":\"https:\/\/www.securitydataandvideo.com\/inicio\/\",\"sameAs\":[],\"logo\":{\"@type\":\"ImageObject\",\"inLanguage\":\"es-MX\",\"@id\":\"https:\/\/www.securitydataandvideo.com\/inicio\/#\/schema\/logo\/image\/\",\"url\":\"https:\/\/www.securitydataandvideo.com\/inicio\/wp-content\/uploads\/2021\/10\/Logo-Azul.png\",\"contentUrl\":\"https:\/\/www.securitydataandvideo.com\/inicio\/wp-content\/uploads\/2021\/10\/Logo-Azul.png\",\"width\":555,\"height\":375,\"caption\":\"Security Data & Video SA de CV\"},\"image\":{\"@id\":\"https:\/\/www.securitydataandvideo.com\/inicio\/#\/schema\/logo\/image\/\"}}]}<\/script>\n<!-- \/ Yoast SEO plugin. -->","yoast_head_json":{"title":"Barrera Vehicular marca FAAC - Venta, Instalacion y Configuracion.","description":"Security Data &amp; Video SA de CV. Barrera Vehicular marca FAAC 640 \/ Soporta Brazo de hasta 7 metros ( No Incluido ), en Guadalajara Jalisco y todo M\u00e9xico.","robots":{"index":"index","follow":"follow","max-snippet":"max-snippet:-1","max-image-preview":"max-image-preview:large","max-video-preview":"max-video-preview:-1"},"canonical":"https:\/\/www.securitydataandvideo.com\/inicio\/shop\/barrera-vehicular-marca-faac-640-soporta-brazo-de-hasta-7-metros-no-incluido-en-guadalajara-jalisco-y-todo-mexico\/","og_locale":"es_MX","og_type":"article","og_title":"Barrera Vehicular marca FAAC - Venta, Instalacion y Configuracion.","og_description":"Security Data &amp; Video SA de CV. Barrera Vehicular marca FAAC 640 \/ Soporta Brazo de hasta 7 metros ( No Incluido ), en Guadalajara Jalisco y todo M\u00e9xico.","og_url":"https:\/\/www.securitydataandvideo.com\/inicio\/shop\/barrera-vehicular-marca-faac-640-soporta-brazo-de-hasta-7-metros-no-incluido-en-guadalajara-jalisco-y-todo-mexico\/","og_site_name":"Security Data &amp; Video SA de CV.","article_modified_time":"2023-10-02T23:47:35+00:00","og_image":[{"width":400,"height":400,"url":"https:\/\/www.securitydataandvideo.com\/inicio\/wp-content\/uploads\/2022\/07\/1046858.png","type":"image\/png"}],"twitter_card":"summary","twitter_misc":{"Tiempo de lectura":"2 minutos"},"schema":{"@context":"https:\/\/schema.org","@graph":[{"@type":"WebPage","@id":"https:\/\/www.securitydataandvideo.com\/inicio\/shop\/barrera-vehicular-marca-faac-640-soporta-brazo-de-hasta-7-metros-no-incluido-en-guadalajara-jalisco-y-todo-mexico\/","url":"https:\/\/www.securitydataandvideo.com\/inicio\/shop\/barrera-vehicular-marca-faac-640-soporta-brazo-de-hasta-7-metros-no-incluido-en-guadalajara-jalisco-y-todo-mexico\/","name":"Barrera Vehicular marca FAAC - Venta, Instalacion y Configuracion.","isPartOf":{"@id":"https:\/\/www.securitydataandvideo.com\/inicio\/#website"},"datePublished":"2022-07-21T17:28:09+00:00","dateModified":"2023-10-02T23:47:35+00:00","description":"Security Data &amp; Video SA de CV. Barrera Vehicular marca FAAC 640 \/ Soporta Brazo de hasta 7 metros ( No Incluido ), en Guadalajara Jalisco y todo M\u00e9xico.","breadcrumb":{"@id":"https:\/\/www.securitydataandvideo.com\/inicio\/shop\/barrera-vehicular-marca-faac-640-soporta-brazo-de-hasta-7-metros-no-incluido-en-guadalajara-jalisco-y-todo-mexico\/#breadcrumb"},"inLanguage":"es-MX","potentialAction":[{"@type":"ReadAction","target":["https:\/\/www.securitydataandvideo.com\/inicio\/shop\/barrera-vehicular-marca-faac-640-soporta-brazo-de-hasta-7-metros-no-incluido-en-guadalajara-jalisco-y-todo-mexico\/"]}]},{"@type":"BreadcrumbList","@id":"https:\/\/www.securitydataandvideo.com\/inicio\/shop\/barrera-vehicular-marca-faac-640-soporta-brazo-de-hasta-7-metros-no-incluido-en-guadalajara-jalisco-y-todo-mexico\/#breadcrumb","itemListElement":[{"@type":"ListItem","position":1,"name":"Inicio","item":"https:\/\/www.securitydataandvideo.com\/inicio\/"},{"@type":"ListItem","position":2,"name":"Shop","item":"https:\/\/www.securitydataandvideo.com\/inicio\/shop\/"},{"@type":"ListItem","position":3,"name":"Barrera Vehicular marca FAAC 640 \/ Soporta Brazo de hasta 7 metros ( No Incluido ), en Guadalajara Jalisco y todo M\u00e9xico."}]},{"@type":"WebSite","@id":"https:\/\/www.securitydataandvideo.com\/inicio\/#website","url":"https:\/\/www.securitydataandvideo.com\/inicio\/","name":"Security Data &amp; Video SA de CV.","description":"Seguridad Electr\u00f3nica y Energ\u00eda","publisher":{"@id":"https:\/\/www.securitydataandvideo.com\/inicio\/#organization"},"potentialAction":[{"@type":"SearchAction","target":{"@type":"EntryPoint","urlTemplate":"https:\/\/www.securitydataandvideo.com\/inicio\/?s={search_term_string}"},"query-input":"required name=search_term_string"}],"inLanguage":"es-MX"},{"@type":"Organization","@id":"https:\/\/www.securitydataandvideo.com\/inicio\/#organization","name":"Security Data & Video SA de CV","url":"https:\/\/www.securitydataandvideo.com\/inicio\/","sameAs":[],"logo":{"@type":"ImageObject","inLanguage":"es-MX","@id":"https:\/\/www.securitydataandvideo.com\/inicio\/#\/schema\/logo\/image\/","url":"https:\/\/www.securitydataandvideo.com\/inicio\/wp-content\/uploads\/2021\/10\/Logo-Azul.png","contentUrl":"https:\/\/www.securitydataandvideo.com\/inicio\/wp-content\/uploads\/2021\/10\/Logo-Azul.png","width":555,"height":375,"caption":"Security Data & Video SA de CV"},"image":{"@id":"https:\/\/www.securitydataandvideo.com\/inicio\/#\/schema\/logo\/image\/"}}]}},"_links":{"self":[{"href":"https:\/\/www.securitydataandvideo.com\/inicio\/wp-json\/wp\/v2\/product\/15612"}],"collection":[{"href":"https:\/\/www.securitydataandvideo.com\/inicio\/wp-json\/wp\/v2\/product"}],"about":[{"href":"https:\/\/www.securitydataandvideo.com\/inicio\/wp-json\/wp\/v2\/types\/product"}],"wp:featuredmedia":[{"embeddable":true,"href":"https:\/\/www.securitydataandvideo.com\/inicio\/wp-json\/wp\/v2\/media\/15656"}],"wp:attachment":[{"href":"https:\/\/www.securitydataandvideo.com\/inicio\/wp-json\/wp\/v2\/media?parent=15612"}],"wp:term":[{"taxonomy":"product_cat","embeddable":true,"href":"https:\/\/www.securitydataandvideo.com\/inicio\/wp-json\/wp\/v2\/product_cat?post=15612"},{"taxonomy":"product_tag","embeddable":true,"href":"https:\/\/www.securitydataandvideo.com\/inicio\/wp-json\/wp\/v2\/product_tag?post=15612"}],"curies":[{"name":"wp","href":"https:\/\/api.w.org\/{rel}","templated":true}]}}