{"id":15641,"date":"2022-07-21T11:28:39","date_gmt":"2022-07-21T17:28:39","guid":{"rendered":"https:\/\/www.securitydataandvideo.com\/inicio\/?post_type=product&#038;p=15641"},"modified":"2022-07-21T11:29:16","modified_gmt":"2022-07-21T17:29:16","slug":"eirl-5524-linkedpro-rack-de-2-postes-estandar-19-24-unidades-fabricado-en-acero-base-l-para-anclar-a-piso-en-guadalajara-jalisco-mexico","status":"publish","type":"product","link":"https:\/\/www.securitydataandvideo.com\/inicio\/shop\/eirl-5524-linkedpro-rack-de-2-postes-estandar-19-24-unidades-fabricado-en-acero-base-l-para-anclar-a-piso-en-guadalajara-jalisco-mexico\/","title":{"rendered":"EIRL-5524 LINKEDPRO Rack de 2 Postes, Est\u00e1ndar 19&#8243;, 24 Unidades, Fabricado en Acero, Base &#8220;L&#8221; para Anclar a Piso, en Guadalajara Jalisco M\u00e9xico."},"content":{"rendered":"<p><strong>EIRL-5524 LINKEDPRO Rack de 2 Postes, Est\u00e1ndar 19&#8243;, 24 Unidades, Fabricado en Acero, Base &#8220;L&#8221; para Anclar a Piso, en Guadalajara Jalisco M\u00e9xico.<\/strong><\/p>\n<p><strong>Caracter\u00edsticas destacadas:\u00a0<\/strong><\/p>\n<ul>\n<li>Rack de dos postes con base tipo &#8220;L&#8221; para fijaci\u00f3n al piso (Fijaci\u00f3n necesaria para estabilidad).<\/li>\n<li>Liviano y f\u00e1cil de armar.<\/li>\n<li>Ancho est\u00e1ndar de 19&#8243; (EIA-310D).<\/li>\n<li>Tipo de perforaci\u00f3n: cuadrada para uso con tuerca enjaulada.<\/li>\n<\/ul>\n<p><strong>Caracter\u00edsticas F\u00edsicas:<\/strong><\/p>\n<ul>\n<li>Material: Acero al carbon Cal. 11 y 14.<\/li>\n<li>Unidades rack: 24 UR.<\/li>\n<li>Pintura: Aplicaci\u00f3n electrost\u00e1tica horneada.<\/li>\n<li>Color: Negro semi mate.<\/li>\n<li>Capacidad de carga:\u00a0<strong>460 Kg.<\/strong><\/li>\n<li>Peso: 11 Kg.<\/li>\n<li>Dimensiones:\n<ul>\n<li>Ancho: 516 mm.<\/li>\n<li>Alto: 1193 mm.<\/li>\n<li>Profundidad: 346 mm.<\/li>\n<\/ul>\n<\/li>\n<\/ul>\n<p><strong>Aplicaciones:\u00a0<\/strong><\/p>\n<ul>\n<li>Estaciones de monitoreo de seguridad, para grabadoras y switcheras.<\/li>\n<li>Equipo de radiocomunicaci\u00f3n como repetidoras y fuentes.<\/li>\n<li>Centros de control de transmisi\u00f3n de datos via aire.<\/li>\n<li>Administraci\u00f3n cable de cobre y cables de parcheo de fibra.<\/li>\n<\/ul>\n<p><strong>El equipo incluye:<\/strong><\/p>\n<ul>\n<li>2 Postes rack.<\/li>\n<li>2 Secciones L superiores.<\/li>\n<li>2 Secciones L inferiores.<\/li>\n<li>Torniller\u00eda para armado.<\/li>\n<li>24 Tuercas enjauladas con tornillo para instalaci\u00f3n de 6 equipos.<\/li>\n<\/ul>\n<p>&nbsp;<\/p>\n<p>Instalaci\u00f3n de Organizador Sencillo LPCV24S (No incluido):<br \/>\n<img loading=\"lazy\" src=\"http:\/\/ftp3.syscom.mx\/usuarios\/dcarreon\/EPCOM%20INDUSTRIAL\/PRODUCTOS2\/EIRL5524\/EIRL5524%20(8).JPG\" alt=\"Instalacion de Equipo en el Rack\" width=\"500\" height=\"432\" \/><\/p>\n<p>Instalaci\u00f3n en Muro y con Organizador de Cables:<br \/>\n<img loading=\"lazy\" src=\"http:\/\/ftp3.syscom.mx\/usuarios\/dcarreon\/EPCOM%20INDUSTRIAL\/PRODUCTOS2\/EIRL5524\/EIRL5524%20(4).png\" alt=\"Instalacion de Equipo en el Rack\" width=\"500\" height=\"432\" \/><\/p>\n<p>Instalaci\u00f3n de Tierra F\u00edsica para Rack de Telecomunicaciones.<br \/>\n<img src=\"http:\/\/ftp3.syscom.mx\/usuarios\/dcarreon\/EPCOM%20INDUSTRIAL\/PRODUCTOS2\/EIRL5524\/Tierra%20F%c3%adsica%20para%20Rack.png\" \/><\/p>\n","protected":false},"excerpt":{"rendered":"<p><strong>EIRL-5524 LINKEDPRO Rack de 2 Postes, Est\u00e1ndar 19&#8243;, 24 Unidades, Fabricado en Acero, Base &#8220;L&#8221; para Anclar a Piso, en Guadalajara Jalisco M\u00e9xico.<\/strong><\/p>\n","protected":false},"featured_media":15686,"template":"","meta":{"site-sidebar-layout":"","site-content-layout":"","ast-site-content-layout":"","site-content-style":"default","site-sidebar-style":"default","ast-global-header-display":"","ast-banner-title-visibility":"","ast-main-header-display":"","ast-hfb-above-header-display":"","ast-hfb-below-header-display":"","ast-hfb-mobile-header-display":"","site-post-title":"","ast-breadcrumbs-content":"","ast-featured-img":"","footer-sml-layout":"","theme-transparent-header-meta":"","adv-header-id-meta":"","stick-header-meta":"","header-above-stick-meta":"","header-main-stick-meta":"","header-below-stick-meta":"","astra-migrate-meta-layouts":""},"product_cat":[270],"product_tag":[144],"yoast_head":"<!-- This site is optimized with the Yoast SEO plugin v19.5.1 - https:\/\/yoast.com\/wordpress\/plugins\/seo\/ -->\n<title>EIRL-5524 LINKEDPRO Rack de 2 Postes, Est\u00e1ndar 19<\/title>\n<meta name=\"description\" content=\"Security Data &amp; Video SA de CV. EIRL-5524 LINKEDPRO Rack de 2 Postes, Est\u00e1ndar 19&quot;, 24 Unidades, Fabricado en Acero, Base &quot;L&quot; para Anclar a Piso, en Guadalajara Jalisco M\u00e9xico.\" \/>\n<meta name=\"robots\" content=\"index, follow, max-snippet:-1, max-image-preview:large, max-video-preview:-1\" \/>\n<link rel=\"canonical\" href=\"https:\/\/www.securitydataandvideo.com\/inicio\/shop\/eirl-5524-linkedpro-rack-de-2-postes-estandar-19-24-unidades-fabricado-en-acero-base-l-para-anclar-a-piso-en-guadalajara-jalisco-mexico\/\" \/>\n<meta property=\"og:locale\" content=\"es_MX\" \/>\n<meta property=\"og:type\" content=\"article\" \/>\n<meta property=\"og:title\" content=\"EIRL-5524 LINKEDPRO Rack de 2 Postes, Est\u00e1ndar 19\" \/>\n<meta property=\"og:description\" content=\"Security Data &amp; Video SA de CV. EIRL-5524 LINKEDPRO Rack de 2 Postes, Est\u00e1ndar 19&quot;, 24 Unidades, Fabricado en Acero, Base &quot;L&quot; para Anclar a Piso, en Guadalajara Jalisco M\u00e9xico.\" \/>\n<meta property=\"og:url\" content=\"https:\/\/www.securitydataandvideo.com\/inicio\/shop\/eirl-5524-linkedpro-rack-de-2-postes-estandar-19-24-unidades-fabricado-en-acero-base-l-para-anclar-a-piso-en-guadalajara-jalisco-mexico\/\" \/>\n<meta property=\"og:site_name\" content=\"Security Data &amp; Video SA de CV.\" \/>\n<meta property=\"article:modified_time\" content=\"2022-07-21T17:29:16+00:00\" \/>\n<meta property=\"og:image\" content=\"https:\/\/www.securitydataandvideo.com\/inicio\/wp-content\/uploads\/2022\/07\/EIRL-5524-LINKEDPRO-Rack-de-2-Postes-Estandar-19-24-Unidades-Fabricado-en-Acero-Base-L-para-Anclar-a-Piso-en-Guadalajara-Jalisco-Mexico..png\" \/>\n\t<meta property=\"og:image:width\" content=\"400\" \/>\n\t<meta property=\"og:image:height\" content=\"400\" \/>\n\t<meta property=\"og:image:type\" content=\"image\/png\" \/>\n<meta name=\"twitter:card\" content=\"summary\" \/>\n<meta name=\"twitter:label1\" content=\"Tiempo de lectura\" \/>\n\t<meta name=\"twitter:data1\" content=\"1 minuto\" \/>\n<script type=\"application\/ld+json\" class=\"yoast-schema-graph\">{\"@context\":\"https:\/\/schema.org\",\"@graph\":[{\"@type\":\"WebPage\",\"@id\":\"https:\/\/www.securitydataandvideo.com\/inicio\/shop\/eirl-5524-linkedpro-rack-de-2-postes-estandar-19-24-unidades-fabricado-en-acero-base-l-para-anclar-a-piso-en-guadalajara-jalisco-mexico\/\",\"url\":\"https:\/\/www.securitydataandvideo.com\/inicio\/shop\/eirl-5524-linkedpro-rack-de-2-postes-estandar-19-24-unidades-fabricado-en-acero-base-l-para-anclar-a-piso-en-guadalajara-jalisco-mexico\/\",\"name\":\"EIRL-5524 LINKEDPRO Rack de 2 Postes, Est\u00e1ndar 19\",\"isPartOf\":{\"@id\":\"https:\/\/www.securitydataandvideo.com\/inicio\/#website\"},\"datePublished\":\"2022-07-21T17:28:39+00:00\",\"dateModified\":\"2022-07-21T17:29:16+00:00\",\"description\":\"Security Data &amp; Video SA de CV. EIRL-5524 LINKEDPRO Rack de 2 Postes, Est\u00e1ndar 19\\\", 24 Unidades, Fabricado en Acero, Base \\\"L\\\" para Anclar a Piso, en Guadalajara Jalisco M\u00e9xico.\",\"breadcrumb\":{\"@id\":\"https:\/\/www.securitydataandvideo.com\/inicio\/shop\/eirl-5524-linkedpro-rack-de-2-postes-estandar-19-24-unidades-fabricado-en-acero-base-l-para-anclar-a-piso-en-guadalajara-jalisco-mexico\/#breadcrumb\"},\"inLanguage\":\"es-MX\",\"potentialAction\":[{\"@type\":\"ReadAction\",\"target\":[\"https:\/\/www.securitydataandvideo.com\/inicio\/shop\/eirl-5524-linkedpro-rack-de-2-postes-estandar-19-24-unidades-fabricado-en-acero-base-l-para-anclar-a-piso-en-guadalajara-jalisco-mexico\/\"]}]},{\"@type\":\"BreadcrumbList\",\"@id\":\"https:\/\/www.securitydataandvideo.com\/inicio\/shop\/eirl-5524-linkedpro-rack-de-2-postes-estandar-19-24-unidades-fabricado-en-acero-base-l-para-anclar-a-piso-en-guadalajara-jalisco-mexico\/#breadcrumb\",\"itemListElement\":[{\"@type\":\"ListItem\",\"position\":1,\"name\":\"Inicio\",\"item\":\"https:\/\/www.securitydataandvideo.com\/inicio\/\"},{\"@type\":\"ListItem\",\"position\":2,\"name\":\"Shop\",\"item\":\"https:\/\/www.securitydataandvideo.com\/inicio\/shop\/\"},{\"@type\":\"ListItem\",\"position\":3,\"name\":\"EIRL-5524 LINKEDPRO Rack de 2 Postes, Est\u00e1ndar 19&#8243;, 24 Unidades, Fabricado en Acero, Base &#8220;L&#8221; para Anclar a Piso, en Guadalajara Jalisco M\u00e9xico.\"}]},{\"@type\":\"WebSite\",\"@id\":\"https:\/\/www.securitydataandvideo.com\/inicio\/#website\",\"url\":\"https:\/\/www.securitydataandvideo.com\/inicio\/\",\"name\":\"Security Data &amp; Video SA de CV.\",\"description\":\"Seguridad Electr\u00f3nica y Energ\u00eda\",\"publisher\":{\"@id\":\"https:\/\/www.securitydataandvideo.com\/inicio\/#organization\"},\"potentialAction\":[{\"@type\":\"SearchAction\",\"target\":{\"@type\":\"EntryPoint\",\"urlTemplate\":\"https:\/\/www.securitydataandvideo.com\/inicio\/?s={search_term_string}\"},\"query-input\":\"required name=search_term_string\"}],\"inLanguage\":\"es-MX\"},{\"@type\":\"Organization\",\"@id\":\"https:\/\/www.securitydataandvideo.com\/inicio\/#organization\",\"name\":\"Security Data & Video SA de CV\",\"url\":\"https:\/\/www.securitydataandvideo.com\/inicio\/\",\"sameAs\":[],\"logo\":{\"@type\":\"ImageObject\",\"inLanguage\":\"es-MX\",\"@id\":\"https:\/\/www.securitydataandvideo.com\/inicio\/#\/schema\/logo\/image\/\",\"url\":\"https:\/\/www.securitydataandvideo.com\/inicio\/wp-content\/uploads\/2021\/10\/Logo-Azul.png\",\"contentUrl\":\"https:\/\/www.securitydataandvideo.com\/inicio\/wp-content\/uploads\/2021\/10\/Logo-Azul.png\",\"width\":555,\"height\":375,\"caption\":\"Security Data & Video SA de CV\"},\"image\":{\"@id\":\"https:\/\/www.securitydataandvideo.com\/inicio\/#\/schema\/logo\/image\/\"}}]}<\/script>\n<!-- \/ Yoast SEO plugin. -->","yoast_head_json":{"title":"EIRL-5524 LINKEDPRO Rack de 2 Postes, Est\u00e1ndar 19","description":"Security Data &amp; Video SA de CV. EIRL-5524 LINKEDPRO Rack de 2 Postes, Est\u00e1ndar 19\", 24 Unidades, Fabricado en Acero, Base \"L\" para Anclar a Piso, en Guadalajara Jalisco M\u00e9xico.","robots":{"index":"index","follow":"follow","max-snippet":"max-snippet:-1","max-image-preview":"max-image-preview:large","max-video-preview":"max-video-preview:-1"},"canonical":"https:\/\/www.securitydataandvideo.com\/inicio\/shop\/eirl-5524-linkedpro-rack-de-2-postes-estandar-19-24-unidades-fabricado-en-acero-base-l-para-anclar-a-piso-en-guadalajara-jalisco-mexico\/","og_locale":"es_MX","og_type":"article","og_title":"EIRL-5524 LINKEDPRO Rack de 2 Postes, Est\u00e1ndar 19","og_description":"Security Data &amp; Video SA de CV. EIRL-5524 LINKEDPRO Rack de 2 Postes, Est\u00e1ndar 19\", 24 Unidades, Fabricado en Acero, Base \"L\" para Anclar a Piso, en Guadalajara Jalisco M\u00e9xico.","og_url":"https:\/\/www.securitydataandvideo.com\/inicio\/shop\/eirl-5524-linkedpro-rack-de-2-postes-estandar-19-24-unidades-fabricado-en-acero-base-l-para-anclar-a-piso-en-guadalajara-jalisco-mexico\/","og_site_name":"Security Data &amp; Video SA de CV.","article_modified_time":"2022-07-21T17:29:16+00:00","og_image":[{"width":400,"height":400,"url":"https:\/\/www.securitydataandvideo.com\/inicio\/wp-content\/uploads\/2022\/07\/EIRL-5524-LINKEDPRO-Rack-de-2-Postes-Estandar-19-24-Unidades-Fabricado-en-Acero-Base-L-para-Anclar-a-Piso-en-Guadalajara-Jalisco-Mexico..png","type":"image\/png"}],"twitter_card":"summary","twitter_misc":{"Tiempo de lectura":"1 minuto"},"schema":{"@context":"https:\/\/schema.org","@graph":[{"@type":"WebPage","@id":"https:\/\/www.securitydataandvideo.com\/inicio\/shop\/eirl-5524-linkedpro-rack-de-2-postes-estandar-19-24-unidades-fabricado-en-acero-base-l-para-anclar-a-piso-en-guadalajara-jalisco-mexico\/","url":"https:\/\/www.securitydataandvideo.com\/inicio\/shop\/eirl-5524-linkedpro-rack-de-2-postes-estandar-19-24-unidades-fabricado-en-acero-base-l-para-anclar-a-piso-en-guadalajara-jalisco-mexico\/","name":"EIRL-5524 LINKEDPRO Rack de 2 Postes, Est\u00e1ndar 19","isPartOf":{"@id":"https:\/\/www.securitydataandvideo.com\/inicio\/#website"},"datePublished":"2022-07-21T17:28:39+00:00","dateModified":"2022-07-21T17:29:16+00:00","description":"Security Data &amp; Video SA de CV. EIRL-5524 LINKEDPRO Rack de 2 Postes, Est\u00e1ndar 19\", 24 Unidades, Fabricado en Acero, Base \"L\" para Anclar a Piso, en Guadalajara Jalisco M\u00e9xico.","breadcrumb":{"@id":"https:\/\/www.securitydataandvideo.com\/inicio\/shop\/eirl-5524-linkedpro-rack-de-2-postes-estandar-19-24-unidades-fabricado-en-acero-base-l-para-anclar-a-piso-en-guadalajara-jalisco-mexico\/#breadcrumb"},"inLanguage":"es-MX","potentialAction":[{"@type":"ReadAction","target":["https:\/\/www.securitydataandvideo.com\/inicio\/shop\/eirl-5524-linkedpro-rack-de-2-postes-estandar-19-24-unidades-fabricado-en-acero-base-l-para-anclar-a-piso-en-guadalajara-jalisco-mexico\/"]}]},{"@type":"BreadcrumbList","@id":"https:\/\/www.securitydataandvideo.com\/inicio\/shop\/eirl-5524-linkedpro-rack-de-2-postes-estandar-19-24-unidades-fabricado-en-acero-base-l-para-anclar-a-piso-en-guadalajara-jalisco-mexico\/#breadcrumb","itemListElement":[{"@type":"ListItem","position":1,"name":"Inicio","item":"https:\/\/www.securitydataandvideo.com\/inicio\/"},{"@type":"ListItem","position":2,"name":"Shop","item":"https:\/\/www.securitydataandvideo.com\/inicio\/shop\/"},{"@type":"ListItem","position":3,"name":"EIRL-5524 LINKEDPRO Rack de 2 Postes, Est\u00e1ndar 19&#8243;, 24 Unidades, Fabricado en Acero, Base &#8220;L&#8221; para Anclar a Piso, en Guadalajara Jalisco M\u00e9xico."}]},{"@type":"WebSite","@id":"https:\/\/www.securitydataandvideo.com\/inicio\/#website","url":"https:\/\/www.securitydataandvideo.com\/inicio\/","name":"Security Data &amp; Video SA de CV.","description":"Seguridad Electr\u00f3nica y Energ\u00eda","publisher":{"@id":"https:\/\/www.securitydataandvideo.com\/inicio\/#organization"},"potentialAction":[{"@type":"SearchAction","target":{"@type":"EntryPoint","urlTemplate":"https:\/\/www.securitydataandvideo.com\/inicio\/?s={search_term_string}"},"query-input":"required name=search_term_string"}],"inLanguage":"es-MX"},{"@type":"Organization","@id":"https:\/\/www.securitydataandvideo.com\/inicio\/#organization","name":"Security Data & Video SA de CV","url":"https:\/\/www.securitydataandvideo.com\/inicio\/","sameAs":[],"logo":{"@type":"ImageObject","inLanguage":"es-MX","@id":"https:\/\/www.securitydataandvideo.com\/inicio\/#\/schema\/logo\/image\/","url":"https:\/\/www.securitydataandvideo.com\/inicio\/wp-content\/uploads\/2021\/10\/Logo-Azul.png","contentUrl":"https:\/\/www.securitydataandvideo.com\/inicio\/wp-content\/uploads\/2021\/10\/Logo-Azul.png","width":555,"height":375,"caption":"Security Data & Video SA de CV"},"image":{"@id":"https:\/\/www.securitydataandvideo.com\/inicio\/#\/schema\/logo\/image\/"}}]}},"_links":{"self":[{"href":"https:\/\/www.securitydataandvideo.com\/inicio\/wp-json\/wp\/v2\/product\/15641"}],"collection":[{"href":"https:\/\/www.securitydataandvideo.com\/inicio\/wp-json\/wp\/v2\/product"}],"about":[{"href":"https:\/\/www.securitydataandvideo.com\/inicio\/wp-json\/wp\/v2\/types\/product"}],"wp:featuredmedia":[{"embeddable":true,"href":"https:\/\/www.securitydataandvideo.com\/inicio\/wp-json\/wp\/v2\/media\/15686"}],"wp:attachment":[{"href":"https:\/\/www.securitydataandvideo.com\/inicio\/wp-json\/wp\/v2\/media?parent=15641"}],"wp:term":[{"taxonomy":"product_cat","embeddable":true,"href":"https:\/\/www.securitydataandvideo.com\/inicio\/wp-json\/wp\/v2\/product_cat?post=15641"},{"taxonomy":"product_tag","embeddable":true,"href":"https:\/\/www.securitydataandvideo.com\/inicio\/wp-json\/wp\/v2\/product_tag?post=15641"}],"curies":[{"name":"wp","href":"https:\/\/api.w.org\/{rel}","templated":true}]}}