{"id":15642,"date":"2022-07-21T11:28:39","date_gmt":"2022-07-21T17:28:39","guid":{"rendered":"https:\/\/www.securitydataandvideo.com\/inicio\/?post_type=product&#038;p=15642"},"modified":"2022-07-21T11:29:17","modified_gmt":"2022-07-21T17:29:17","slug":"ei-qr-3237-linkedpro-rack-estandar-19-de-4-postes-acero-37-unidades-profundidad-ajustable-en-guadalajara-jalisco-mexico","status":"publish","type":"product","link":"https:\/\/www.securitydataandvideo.com\/inicio\/shop\/ei-qr-3237-linkedpro-rack-estandar-19-de-4-postes-acero-37-unidades-profundidad-ajustable-en-guadalajara-jalisco-mexico\/","title":{"rendered":"EI-QR-3237 LINKEDPRO Rack Est\u00e1ndar 19&#8243; de 4 Postes, Acero, 37 Unidades, Profundidad Ajustable en Guadalajara Jalisco M\u00e9xico."},"content":{"rendered":"<p><strong>EI-QR-3237 LINKEDPRO Rack Est\u00e1ndar 19&#8243; de 4 Postes, Acero, 37 Unidades, Profundidad Ajustable en Guadalajara Jalisco M\u00e9xico.<\/strong><\/p>\n<div id=\"especificaciones\" class=\"tab-pane fade in active\">\n<p>Caracter\u00edsticas especiales:<br \/>\nCuadro frontal y trasero totalmente soldado para ofrecer la mejor estabilidad posible.<br \/>\nRack est\u00e1ndar de 19&#8243; de acuerdo a estandar ANSI\/TIA RS-310-D<br \/>\n4 Postes para instalaci\u00f3n de servidores y otros equipos pesados que necesiten 4 puntos de sujeci\u00f3n.<br \/>\nPreparaci\u00f3n para instalaci\u00f3n de ruedas.<br \/>\nM\u00e1xima circulaci\u00f3n de Aire al menor costo.<\/p>\n<p>Aplicaci\u00f3n:<br \/>\nServidores de Videograbaci\u00f3n o de almacenamiento tipo DELL.<br \/>\nCentros de Datos de alta capacidad.<br \/>\nEstaciones de distribuci\u00f3n avanzada de cableado estructurado.<\/p>\n<p>Caracter\u00edsticas F\u00edsicas:<br \/>\nAplicaci\u00f3n: Interior.<br \/>\nMaterial: Acero Calibre 16.<br \/>\nPeso:\u00a0 27 Kg.<br \/>\nDimensiones exteriores: 550 x <strong>1725mm<\/strong>\u00a0\u00a0(Ancho x Alto).<br \/>\nProfundidad Ajustable de 609 a 812 mm (24&#8243; a 32&#8243;).<br \/>\nUnidades Rack: 37.<br \/>\nCarga m\u00e1xima: 740 Kg.<\/p>\n<p>Pintura:<br \/>\nColor negro tonalidad semi-mate.<br \/>\nAplicada por proceso electrost\u00e1tico horneado de 5 pasos: Desengrasado, enjuague, fosfato de Hierro, enjuague y sellado.<br \/>\nPintura Base Poliester.<\/p>\n<\/div>\n","protected":false},"excerpt":{"rendered":"<p><strong>EI-QR-3237 LINKEDPRO Rack Est\u00e1ndar 19&#8243; de 4 Postes, Acero, 37 Unidades, Profundidad Ajustable en Guadalajara Jalisco M\u00e9xico.<\/strong><\/p>\n","protected":false},"featured_media":15687,"template":"","meta":{"site-sidebar-layout":"","site-content-layout":"","ast-site-content-layout":"","site-content-style":"default","site-sidebar-style":"default","ast-global-header-display":"","ast-banner-title-visibility":"","ast-main-header-display":"","ast-hfb-above-header-display":"","ast-hfb-below-header-display":"","ast-hfb-mobile-header-display":"","site-post-title":"","ast-breadcrumbs-content":"","ast-featured-img":"","footer-sml-layout":"","theme-transparent-header-meta":"","adv-header-id-meta":"","stick-header-meta":"","header-above-stick-meta":"","header-main-stick-meta":"","header-below-stick-meta":"","astra-migrate-meta-layouts":""},"product_cat":[270],"product_tag":[144],"yoast_head":"<!-- This site is optimized with the Yoast SEO plugin v19.5.1 - https:\/\/yoast.com\/wordpress\/plugins\/seo\/ -->\n<title>EI-QR-3237 LINKEDPRO Rack Est\u00e1ndar 19&quot; de 4 Postes<\/title>\n<meta name=\"description\" content=\"Security Data &amp; Video SA de CV. EI-QR-3237 LINKEDPRO Rack Est\u00e1ndar 19&quot; de 4 Postes, Acero, 37 Unidades, Profundidad Ajustable en Guadalajara Jalisco M\u00e9xico.\" \/>\n<meta name=\"robots\" content=\"index, follow, max-snippet:-1, max-image-preview:large, max-video-preview:-1\" \/>\n<link rel=\"canonical\" href=\"https:\/\/www.securitydataandvideo.com\/inicio\/shop\/ei-qr-3237-linkedpro-rack-estandar-19-de-4-postes-acero-37-unidades-profundidad-ajustable-en-guadalajara-jalisco-mexico\/\" \/>\n<meta property=\"og:locale\" content=\"es_MX\" \/>\n<meta property=\"og:type\" content=\"article\" \/>\n<meta property=\"og:title\" content=\"EI-QR-3237 LINKEDPRO Rack Est\u00e1ndar 19&quot; de 4 Postes\" \/>\n<meta property=\"og:description\" content=\"Security Data &amp; Video SA de CV. EI-QR-3237 LINKEDPRO Rack Est\u00e1ndar 19&quot; de 4 Postes, Acero, 37 Unidades, Profundidad Ajustable en Guadalajara Jalisco M\u00e9xico.\" \/>\n<meta property=\"og:url\" content=\"https:\/\/www.securitydataandvideo.com\/inicio\/shop\/ei-qr-3237-linkedpro-rack-estandar-19-de-4-postes-acero-37-unidades-profundidad-ajustable-en-guadalajara-jalisco-mexico\/\" \/>\n<meta property=\"og:site_name\" content=\"Security Data &amp; Video SA de CV.\" \/>\n<meta property=\"article:modified_time\" content=\"2022-07-21T17:29:17+00:00\" \/>\n<meta property=\"og:image\" content=\"https:\/\/www.securitydataandvideo.com\/inicio\/wp-content\/uploads\/2022\/07\/EI-QR-3237-LINKEDPRO-Rack-Estandar-19-de-4-Postes-Acero-37-Unidades-Profundidad-Ajustable-en-Guadalajara-Jalisco-Mexico..png\" \/>\n\t<meta property=\"og:image:width\" content=\"400\" \/>\n\t<meta property=\"og:image:height\" content=\"400\" \/>\n\t<meta property=\"og:image:type\" content=\"image\/png\" \/>\n<meta name=\"twitter:card\" content=\"summary\" \/>\n<meta name=\"twitter:label1\" content=\"Tiempo de lectura\" \/>\n\t<meta name=\"twitter:data1\" content=\"1 minuto\" \/>\n<script type=\"application\/ld+json\" class=\"yoast-schema-graph\">{\"@context\":\"https:\/\/schema.org\",\"@graph\":[{\"@type\":\"WebPage\",\"@id\":\"https:\/\/www.securitydataandvideo.com\/inicio\/shop\/ei-qr-3237-linkedpro-rack-estandar-19-de-4-postes-acero-37-unidades-profundidad-ajustable-en-guadalajara-jalisco-mexico\/\",\"url\":\"https:\/\/www.securitydataandvideo.com\/inicio\/shop\/ei-qr-3237-linkedpro-rack-estandar-19-de-4-postes-acero-37-unidades-profundidad-ajustable-en-guadalajara-jalisco-mexico\/\",\"name\":\"EI-QR-3237 LINKEDPRO Rack Est\u00e1ndar 19\\\" de 4 Postes\",\"isPartOf\":{\"@id\":\"https:\/\/www.securitydataandvideo.com\/inicio\/#website\"},\"datePublished\":\"2022-07-21T17:28:39+00:00\",\"dateModified\":\"2022-07-21T17:29:17+00:00\",\"description\":\"Security Data &amp; Video SA de CV. EI-QR-3237 LINKEDPRO Rack Est\u00e1ndar 19\\\" de 4 Postes, Acero, 37 Unidades, Profundidad Ajustable en Guadalajara Jalisco M\u00e9xico.\",\"breadcrumb\":{\"@id\":\"https:\/\/www.securitydataandvideo.com\/inicio\/shop\/ei-qr-3237-linkedpro-rack-estandar-19-de-4-postes-acero-37-unidades-profundidad-ajustable-en-guadalajara-jalisco-mexico\/#breadcrumb\"},\"inLanguage\":\"es-MX\",\"potentialAction\":[{\"@type\":\"ReadAction\",\"target\":[\"https:\/\/www.securitydataandvideo.com\/inicio\/shop\/ei-qr-3237-linkedpro-rack-estandar-19-de-4-postes-acero-37-unidades-profundidad-ajustable-en-guadalajara-jalisco-mexico\/\"]}]},{\"@type\":\"BreadcrumbList\",\"@id\":\"https:\/\/www.securitydataandvideo.com\/inicio\/shop\/ei-qr-3237-linkedpro-rack-estandar-19-de-4-postes-acero-37-unidades-profundidad-ajustable-en-guadalajara-jalisco-mexico\/#breadcrumb\",\"itemListElement\":[{\"@type\":\"ListItem\",\"position\":1,\"name\":\"Inicio\",\"item\":\"https:\/\/www.securitydataandvideo.com\/inicio\/\"},{\"@type\":\"ListItem\",\"position\":2,\"name\":\"Shop\",\"item\":\"https:\/\/www.securitydataandvideo.com\/inicio\/shop\/\"},{\"@type\":\"ListItem\",\"position\":3,\"name\":\"EI-QR-3237 LINKEDPRO Rack Est\u00e1ndar 19&#8243; de 4 Postes, Acero, 37 Unidades, Profundidad Ajustable en Guadalajara Jalisco M\u00e9xico.\"}]},{\"@type\":\"WebSite\",\"@id\":\"https:\/\/www.securitydataandvideo.com\/inicio\/#website\",\"url\":\"https:\/\/www.securitydataandvideo.com\/inicio\/\",\"name\":\"Security Data &amp; Video SA de CV.\",\"description\":\"Seguridad Electr\u00f3nica y Energ\u00eda\",\"publisher\":{\"@id\":\"https:\/\/www.securitydataandvideo.com\/inicio\/#organization\"},\"potentialAction\":[{\"@type\":\"SearchAction\",\"target\":{\"@type\":\"EntryPoint\",\"urlTemplate\":\"https:\/\/www.securitydataandvideo.com\/inicio\/?s={search_term_string}\"},\"query-input\":\"required name=search_term_string\"}],\"inLanguage\":\"es-MX\"},{\"@type\":\"Organization\",\"@id\":\"https:\/\/www.securitydataandvideo.com\/inicio\/#organization\",\"name\":\"Security Data & Video SA de CV\",\"url\":\"https:\/\/www.securitydataandvideo.com\/inicio\/\",\"sameAs\":[],\"logo\":{\"@type\":\"ImageObject\",\"inLanguage\":\"es-MX\",\"@id\":\"https:\/\/www.securitydataandvideo.com\/inicio\/#\/schema\/logo\/image\/\",\"url\":\"https:\/\/www.securitydataandvideo.com\/inicio\/wp-content\/uploads\/2021\/10\/Logo-Azul.png\",\"contentUrl\":\"https:\/\/www.securitydataandvideo.com\/inicio\/wp-content\/uploads\/2021\/10\/Logo-Azul.png\",\"width\":555,\"height\":375,\"caption\":\"Security Data & Video SA de CV\"},\"image\":{\"@id\":\"https:\/\/www.securitydataandvideo.com\/inicio\/#\/schema\/logo\/image\/\"}}]}<\/script>\n<!-- \/ Yoast SEO plugin. -->","yoast_head_json":{"title":"EI-QR-3237 LINKEDPRO Rack Est\u00e1ndar 19\" de 4 Postes","description":"Security Data &amp; Video SA de CV. EI-QR-3237 LINKEDPRO Rack Est\u00e1ndar 19\" de 4 Postes, Acero, 37 Unidades, Profundidad Ajustable en Guadalajara Jalisco M\u00e9xico.","robots":{"index":"index","follow":"follow","max-snippet":"max-snippet:-1","max-image-preview":"max-image-preview:large","max-video-preview":"max-video-preview:-1"},"canonical":"https:\/\/www.securitydataandvideo.com\/inicio\/shop\/ei-qr-3237-linkedpro-rack-estandar-19-de-4-postes-acero-37-unidades-profundidad-ajustable-en-guadalajara-jalisco-mexico\/","og_locale":"es_MX","og_type":"article","og_title":"EI-QR-3237 LINKEDPRO Rack Est\u00e1ndar 19\" de 4 Postes","og_description":"Security Data &amp; Video SA de CV. EI-QR-3237 LINKEDPRO Rack Est\u00e1ndar 19\" de 4 Postes, Acero, 37 Unidades, Profundidad Ajustable en Guadalajara Jalisco M\u00e9xico.","og_url":"https:\/\/www.securitydataandvideo.com\/inicio\/shop\/ei-qr-3237-linkedpro-rack-estandar-19-de-4-postes-acero-37-unidades-profundidad-ajustable-en-guadalajara-jalisco-mexico\/","og_site_name":"Security Data &amp; Video SA de CV.","article_modified_time":"2022-07-21T17:29:17+00:00","og_image":[{"width":400,"height":400,"url":"https:\/\/www.securitydataandvideo.com\/inicio\/wp-content\/uploads\/2022\/07\/EI-QR-3237-LINKEDPRO-Rack-Estandar-19-de-4-Postes-Acero-37-Unidades-Profundidad-Ajustable-en-Guadalajara-Jalisco-Mexico..png","type":"image\/png"}],"twitter_card":"summary","twitter_misc":{"Tiempo de lectura":"1 minuto"},"schema":{"@context":"https:\/\/schema.org","@graph":[{"@type":"WebPage","@id":"https:\/\/www.securitydataandvideo.com\/inicio\/shop\/ei-qr-3237-linkedpro-rack-estandar-19-de-4-postes-acero-37-unidades-profundidad-ajustable-en-guadalajara-jalisco-mexico\/","url":"https:\/\/www.securitydataandvideo.com\/inicio\/shop\/ei-qr-3237-linkedpro-rack-estandar-19-de-4-postes-acero-37-unidades-profundidad-ajustable-en-guadalajara-jalisco-mexico\/","name":"EI-QR-3237 LINKEDPRO Rack Est\u00e1ndar 19\" de 4 Postes","isPartOf":{"@id":"https:\/\/www.securitydataandvideo.com\/inicio\/#website"},"datePublished":"2022-07-21T17:28:39+00:00","dateModified":"2022-07-21T17:29:17+00:00","description":"Security Data &amp; Video SA de CV. EI-QR-3237 LINKEDPRO Rack Est\u00e1ndar 19\" de 4 Postes, Acero, 37 Unidades, Profundidad Ajustable en Guadalajara Jalisco M\u00e9xico.","breadcrumb":{"@id":"https:\/\/www.securitydataandvideo.com\/inicio\/shop\/ei-qr-3237-linkedpro-rack-estandar-19-de-4-postes-acero-37-unidades-profundidad-ajustable-en-guadalajara-jalisco-mexico\/#breadcrumb"},"inLanguage":"es-MX","potentialAction":[{"@type":"ReadAction","target":["https:\/\/www.securitydataandvideo.com\/inicio\/shop\/ei-qr-3237-linkedpro-rack-estandar-19-de-4-postes-acero-37-unidades-profundidad-ajustable-en-guadalajara-jalisco-mexico\/"]}]},{"@type":"BreadcrumbList","@id":"https:\/\/www.securitydataandvideo.com\/inicio\/shop\/ei-qr-3237-linkedpro-rack-estandar-19-de-4-postes-acero-37-unidades-profundidad-ajustable-en-guadalajara-jalisco-mexico\/#breadcrumb","itemListElement":[{"@type":"ListItem","position":1,"name":"Inicio","item":"https:\/\/www.securitydataandvideo.com\/inicio\/"},{"@type":"ListItem","position":2,"name":"Shop","item":"https:\/\/www.securitydataandvideo.com\/inicio\/shop\/"},{"@type":"ListItem","position":3,"name":"EI-QR-3237 LINKEDPRO Rack Est\u00e1ndar 19&#8243; de 4 Postes, Acero, 37 Unidades, Profundidad Ajustable en Guadalajara Jalisco M\u00e9xico."}]},{"@type":"WebSite","@id":"https:\/\/www.securitydataandvideo.com\/inicio\/#website","url":"https:\/\/www.securitydataandvideo.com\/inicio\/","name":"Security Data &amp; Video SA de CV.","description":"Seguridad Electr\u00f3nica y Energ\u00eda","publisher":{"@id":"https:\/\/www.securitydataandvideo.com\/inicio\/#organization"},"potentialAction":[{"@type":"SearchAction","target":{"@type":"EntryPoint","urlTemplate":"https:\/\/www.securitydataandvideo.com\/inicio\/?s={search_term_string}"},"query-input":"required name=search_term_string"}],"inLanguage":"es-MX"},{"@type":"Organization","@id":"https:\/\/www.securitydataandvideo.com\/inicio\/#organization","name":"Security Data & Video SA de CV","url":"https:\/\/www.securitydataandvideo.com\/inicio\/","sameAs":[],"logo":{"@type":"ImageObject","inLanguage":"es-MX","@id":"https:\/\/www.securitydataandvideo.com\/inicio\/#\/schema\/logo\/image\/","url":"https:\/\/www.securitydataandvideo.com\/inicio\/wp-content\/uploads\/2021\/10\/Logo-Azul.png","contentUrl":"https:\/\/www.securitydataandvideo.com\/inicio\/wp-content\/uploads\/2021\/10\/Logo-Azul.png","width":555,"height":375,"caption":"Security Data & Video SA de CV"},"image":{"@id":"https:\/\/www.securitydataandvideo.com\/inicio\/#\/schema\/logo\/image\/"}}]}},"_links":{"self":[{"href":"https:\/\/www.securitydataandvideo.com\/inicio\/wp-json\/wp\/v2\/product\/15642"}],"collection":[{"href":"https:\/\/www.securitydataandvideo.com\/inicio\/wp-json\/wp\/v2\/product"}],"about":[{"href":"https:\/\/www.securitydataandvideo.com\/inicio\/wp-json\/wp\/v2\/types\/product"}],"wp:featuredmedia":[{"embeddable":true,"href":"https:\/\/www.securitydataandvideo.com\/inicio\/wp-json\/wp\/v2\/media\/15687"}],"wp:attachment":[{"href":"https:\/\/www.securitydataandvideo.com\/inicio\/wp-json\/wp\/v2\/media?parent=15642"}],"wp:term":[{"taxonomy":"product_cat","embeddable":true,"href":"https:\/\/www.securitydataandvideo.com\/inicio\/wp-json\/wp\/v2\/product_cat?post=15642"},{"taxonomy":"product_tag","embeddable":true,"href":"https:\/\/www.securitydataandvideo.com\/inicio\/wp-json\/wp\/v2\/product_tag?post=15642"}],"curies":[{"name":"wp","href":"https:\/\/api.w.org\/{rel}","templated":true}]}}