{"id":15666,"date":"2022-07-21T11:29:04","date_gmt":"2022-07-21T17:29:04","guid":{"rendered":"https:\/\/www.securitydataandvideo.com\/inicio\/?post_type=product&#038;p=15666"},"modified":"2023-10-24T13:13:28","modified_gmt":"2023-10-24T19:13:28","slug":"brazo-faac-rectangular-428090-de-3-8-metros","status":"publish","type":"product","link":"https:\/\/www.securitydataandvideo.com\/inicio\/shop\/brazo-faac-rectangular-428090-de-3-8-metros\/","title":{"rendered":"Brazo Faac Rectangular 428090 de 3.8 Metros"},"content":{"rendered":"<p><a href=\"https:\/\/www.securitydataandvideo.com\/inicio\/shop\/428090-faac-brazo-rectangular-de-3-8-metros-para-barreras-faac-620-y-faac-615-en-guadalajara-jalisco-mexico\/?preview_id=15666&amp;preview_nonce=bf733602f7&amp;_thumbnail_id=15711&amp;preview=true\">Brazo<\/a><a href=\"https:\/\/www.faac.es\/\"> Faac<\/a> Rectangular 428090 de 3.8 Metros para Barreras FAAC 620 y FAAC 615 en Guadalajara Jalisco M\u00e9xico.<\/p>\n<h4>Mastil de reemplazo para barreras hidraulicas FAAC.<\/h4>\n<h2>Caracteristicas:<\/h2>\n<p>Fabricado en aluminio.<\/p>\n<p>3.8 metros de largo<\/p>\n<p>Cintas reflectante incluidas<\/p>\n<p>Manguera de proteccion contra golpes.<\/p>\n<p>NO soporta iluminacion.<\/p>\n<h2>Compatibilidad con los modelos:<\/h2>\n<p>FAAC 620.<\/p>\n<p>FAAC 615.<\/p>\n<p><a href=\"https:\/\/www.securitydataandvideo.com\/inicio\/shop\/428090-faac-brazo-rectangular-de-3-8-metros-para-barreras-faac-620-y-faac-615-en-guadalajara-jalisco-mexico\/?preview_id=15666&amp;preview_nonce=bf733602f7&amp;_thumbnail_id=15711&amp;preview=true\">Brazo<\/a><a href=\"https:\/\/www.faac.es\/\"> Faac<\/a> Rectangular 428090 de 3.8 Metros para Barreras FAAC 620 y FAAC 615 en Guadalajara Jalisco M\u00e9xico.<\/p>\n<h4>Mastil de reemplazo para barreras hidraulicas FAAC.<\/h4>\n<h2>Caracteristicas:<\/h2>\n<p>Fabricado en aluminio.<\/p>\n<p>3.8 metros de largo<\/p>\n<p>Cintas reflectante incluidas<\/p>\n<p>Manguera de proteccion contra golpes.<\/p>\n<p>NO soporta iluminacion.<\/p>\n<h2>Compatibilidad con los modelos:<\/h2>\n<p>FAAC 620.<\/p>\n<p>FAAC 615.<\/p>\n<div class=\"heading\">\n<div class=\"animated bounceInLeft duration2\">\n<h1 class=\"fusion-responsive-typography-calculated\" data-fontsize=\"46\" data-lineheight=\"47.84px\"><span class=\"mark\">LA CALIDAD<\/span>\u00a0TIENE SUS NORMAS<\/h1>\n<\/div>\n<div class=\"eds-on-scroll eds-scroll-visible animated fadeIn delay1 duration2\">\n<h2 class=\"fusion-responsive-typography-calculated\" data-fontsize=\"28.5\" data-lineheight=\"28.5px\">Prestaciones, confiabilidad y precio son requisitos impl\u00edcitos de cada producto\u00a0<span class=\"mark\">FAAC.<\/span><\/h2>\n<\/div>\n<\/div>\n<div class=\"text-area\">\n<div class=\"eds-on-scroll eds-scroll-visible animated bounceInUp delay1 duration2\">\n<p>&nbsp;<\/p>\n<p>Para mantener los niveles de calidad que siempre le han distinguido, la empresa invierte constantemente en innovaci\u00f3n tecnol\u00f3gica, metodol\u00f3gica y organizativa.\u00a0Esta \u00faltima implica a todo el personal con un compromiso diario de respeto de la pol\u00edtica y los valores de la empresa, encaminados a elevar la calidad de cada actividad realizada a cabo en el seno del Grupo.<\/p>\n<div class=\"text-area\">\n<div class=\"eds-on-scroll eds-scroll-visible animated fadeIn delay1 duration3\">\n<p>Marcas, patentes y certificaciones atestiguan y refuerzan a diario la filosof\u00eda de funcionamiento\u00a0<span class=\"mark\"><strong>FAAC<\/strong><\/span>\u00a0que, desde siempre, consideramos\u00a0<strong>&#8220;nuestra certificaci\u00f3n m\u00e1s importante&#8221;<\/strong>\u00a0.<\/p>\n<p>&nbsp;<\/p>\n<\/div>\n<\/div>\n<div class=\"eds-on-scroll eds-scroll-visible animated fadeIn delay1 duration3\">\n<p>Desde 1965, la b\u00fasqueda constante de la calidad del producto y de sus componentes, la selecci\u00f3n de los proveedores,\u00a0<strong>el control estricto de la calidad<\/strong>\u00a0y del proceso de producci\u00f3n han hecho de\u00a0<strong>FAAC<\/strong>\u00a0una marca apreciada en todo el mundo por\u00a0<strong>la confiabilidad y los altos. est\u00e1ndares de calidad<\/strong>\u00a0, cumpliendo plenamente con la normativa y seguridad con respecto a los clientes.<\/p>\n<\/div>\n<\/div>\n<\/div>\n","protected":false},"excerpt":{"rendered":"<p><strong>428090 FAAC Brazo Rectangular de 3.8 Metros para Barreras FAAC 620 y FAAC 615 en Guadalajara Jalisco M\u00e9xico.<\/strong><\/p>\n","protected":false},"featured_media":15711,"template":"","meta":{"site-sidebar-layout":"default","site-content-layout":"","ast-site-content-layout":"default","site-content-style":"default","site-sidebar-style":"default","ast-global-header-display":"","ast-banner-title-visibility":"","ast-main-header-display":"","ast-hfb-above-header-display":"","ast-hfb-below-header-display":"","ast-hfb-mobile-header-display":"","site-post-title":"","ast-breadcrumbs-content":"","ast-featured-img":"","footer-sml-layout":"","theme-transparent-header-meta":"default","adv-header-id-meta":"","stick-header-meta":"","header-above-stick-meta":"","header-main-stick-meta":"","header-below-stick-meta":"","astra-migrate-meta-layouts":"set"},"product_cat":[252],"product_tag":[127],"yoast_head":"<!-- This site is optimized with the Yoast SEO plugin v19.5.1 - https:\/\/yoast.com\/wordpress\/plugins\/seo\/ -->\n<title>Brazo Rectangular de 3.8 Metros para Barreras FAAC<\/title>\n<meta name=\"description\" content=\"Security Data &amp; Video SA de CV. 428090 FAAC Brazo Rectangular de 3.8 Metros para Barreras FAAC 620 y FAAC 615 en Guadalajara Jalisco M\u00e9xico.\" \/>\n<meta name=\"robots\" content=\"index, follow, max-snippet:-1, max-image-preview:large, max-video-preview:-1\" \/>\n<link rel=\"canonical\" href=\"https:\/\/www.securitydataandvideo.com\/inicio\/shop\/brazo-faac-rectangular-428090-de-3-8-metros\/\" \/>\n<meta property=\"og:locale\" content=\"es_MX\" \/>\n<meta property=\"og:type\" content=\"article\" \/>\n<meta property=\"og:title\" content=\"Brazo Rectangular de 3.8 Metros para Barreras FAAC\" \/>\n<meta property=\"og:description\" content=\"Security Data &amp; Video SA de CV. 428090 FAAC Brazo Rectangular de 3.8 Metros para Barreras FAAC 620 y FAAC 615 en Guadalajara Jalisco M\u00e9xico.\" \/>\n<meta property=\"og:url\" content=\"https:\/\/www.securitydataandvideo.com\/inicio\/shop\/brazo-faac-rectangular-428090-de-3-8-metros\/\" \/>\n<meta property=\"og:site_name\" content=\"Security Data &amp; Video SA de CV.\" \/>\n<meta property=\"article:modified_time\" content=\"2023-10-24T19:13:28+00:00\" \/>\n<meta property=\"og:image\" content=\"https:\/\/www.securitydataandvideo.com\/inicio\/wp-content\/uploads\/2022\/07\/428090-p.png\" \/>\n\t<meta property=\"og:image:width\" content=\"400\" \/>\n\t<meta property=\"og:image:height\" content=\"400\" \/>\n\t<meta property=\"og:image:type\" content=\"image\/png\" \/>\n<meta name=\"twitter:card\" content=\"summary\" \/>\n<meta name=\"twitter:label1\" content=\"Tiempo de lectura\" \/>\n\t<meta name=\"twitter:data1\" content=\"2 minutos\" \/>\n<script type=\"application\/ld+json\" class=\"yoast-schema-graph\">{\"@context\":\"https:\/\/schema.org\",\"@graph\":[{\"@type\":\"WebPage\",\"@id\":\"https:\/\/www.securitydataandvideo.com\/inicio\/shop\/brazo-faac-rectangular-428090-de-3-8-metros\/\",\"url\":\"https:\/\/www.securitydataandvideo.com\/inicio\/shop\/brazo-faac-rectangular-428090-de-3-8-metros\/\",\"name\":\"Brazo Rectangular de 3.8 Metros para Barreras FAAC\",\"isPartOf\":{\"@id\":\"https:\/\/www.securitydataandvideo.com\/inicio\/#website\"},\"datePublished\":\"2022-07-21T17:29:04+00:00\",\"dateModified\":\"2023-10-24T19:13:28+00:00\",\"description\":\"Security Data &amp; Video SA de CV. 428090 FAAC Brazo Rectangular de 3.8 Metros para Barreras FAAC 620 y FAAC 615 en Guadalajara Jalisco M\u00e9xico.\",\"breadcrumb\":{\"@id\":\"https:\/\/www.securitydataandvideo.com\/inicio\/shop\/brazo-faac-rectangular-428090-de-3-8-metros\/#breadcrumb\"},\"inLanguage\":\"es-MX\",\"potentialAction\":[{\"@type\":\"ReadAction\",\"target\":[\"https:\/\/www.securitydataandvideo.com\/inicio\/shop\/brazo-faac-rectangular-428090-de-3-8-metros\/\"]}]},{\"@type\":\"BreadcrumbList\",\"@id\":\"https:\/\/www.securitydataandvideo.com\/inicio\/shop\/brazo-faac-rectangular-428090-de-3-8-metros\/#breadcrumb\",\"itemListElement\":[{\"@type\":\"ListItem\",\"position\":1,\"name\":\"Inicio\",\"item\":\"https:\/\/www.securitydataandvideo.com\/inicio\/\"},{\"@type\":\"ListItem\",\"position\":2,\"name\":\"Shop\",\"item\":\"https:\/\/www.securitydataandvideo.com\/inicio\/shop\/\"},{\"@type\":\"ListItem\",\"position\":3,\"name\":\"Brazo Faac Rectangular 428090 de 3.8 Metros\"}]},{\"@type\":\"WebSite\",\"@id\":\"https:\/\/www.securitydataandvideo.com\/inicio\/#website\",\"url\":\"https:\/\/www.securitydataandvideo.com\/inicio\/\",\"name\":\"Security Data &amp; Video SA de CV.\",\"description\":\"Seguridad Electr\u00f3nica y Energ\u00eda\",\"publisher\":{\"@id\":\"https:\/\/www.securitydataandvideo.com\/inicio\/#organization\"},\"potentialAction\":[{\"@type\":\"SearchAction\",\"target\":{\"@type\":\"EntryPoint\",\"urlTemplate\":\"https:\/\/www.securitydataandvideo.com\/inicio\/?s={search_term_string}\"},\"query-input\":\"required name=search_term_string\"}],\"inLanguage\":\"es-MX\"},{\"@type\":\"Organization\",\"@id\":\"https:\/\/www.securitydataandvideo.com\/inicio\/#organization\",\"name\":\"Security Data & Video SA de CV\",\"url\":\"https:\/\/www.securitydataandvideo.com\/inicio\/\",\"sameAs\":[],\"logo\":{\"@type\":\"ImageObject\",\"inLanguage\":\"es-MX\",\"@id\":\"https:\/\/www.securitydataandvideo.com\/inicio\/#\/schema\/logo\/image\/\",\"url\":\"https:\/\/www.securitydataandvideo.com\/inicio\/wp-content\/uploads\/2021\/10\/Logo-Azul.png\",\"contentUrl\":\"https:\/\/www.securitydataandvideo.com\/inicio\/wp-content\/uploads\/2021\/10\/Logo-Azul.png\",\"width\":555,\"height\":375,\"caption\":\"Security Data & Video SA de CV\"},\"image\":{\"@id\":\"https:\/\/www.securitydataandvideo.com\/inicio\/#\/schema\/logo\/image\/\"}}]}<\/script>\n<!-- \/ Yoast SEO plugin. -->","yoast_head_json":{"title":"Brazo Rectangular de 3.8 Metros para Barreras FAAC","description":"Security Data &amp; Video SA de CV. 428090 FAAC Brazo Rectangular de 3.8 Metros para Barreras FAAC 620 y FAAC 615 en Guadalajara Jalisco M\u00e9xico.","robots":{"index":"index","follow":"follow","max-snippet":"max-snippet:-1","max-image-preview":"max-image-preview:large","max-video-preview":"max-video-preview:-1"},"canonical":"https:\/\/www.securitydataandvideo.com\/inicio\/shop\/brazo-faac-rectangular-428090-de-3-8-metros\/","og_locale":"es_MX","og_type":"article","og_title":"Brazo Rectangular de 3.8 Metros para Barreras FAAC","og_description":"Security Data &amp; Video SA de CV. 428090 FAAC Brazo Rectangular de 3.8 Metros para Barreras FAAC 620 y FAAC 615 en Guadalajara Jalisco M\u00e9xico.","og_url":"https:\/\/www.securitydataandvideo.com\/inicio\/shop\/brazo-faac-rectangular-428090-de-3-8-metros\/","og_site_name":"Security Data &amp; Video SA de CV.","article_modified_time":"2023-10-24T19:13:28+00:00","og_image":[{"width":400,"height":400,"url":"https:\/\/www.securitydataandvideo.com\/inicio\/wp-content\/uploads\/2022\/07\/428090-p.png","type":"image\/png"}],"twitter_card":"summary","twitter_misc":{"Tiempo de lectura":"2 minutos"},"schema":{"@context":"https:\/\/schema.org","@graph":[{"@type":"WebPage","@id":"https:\/\/www.securitydataandvideo.com\/inicio\/shop\/brazo-faac-rectangular-428090-de-3-8-metros\/","url":"https:\/\/www.securitydataandvideo.com\/inicio\/shop\/brazo-faac-rectangular-428090-de-3-8-metros\/","name":"Brazo Rectangular de 3.8 Metros para Barreras FAAC","isPartOf":{"@id":"https:\/\/www.securitydataandvideo.com\/inicio\/#website"},"datePublished":"2022-07-21T17:29:04+00:00","dateModified":"2023-10-24T19:13:28+00:00","description":"Security Data &amp; Video SA de CV. 428090 FAAC Brazo Rectangular de 3.8 Metros para Barreras FAAC 620 y FAAC 615 en Guadalajara Jalisco M\u00e9xico.","breadcrumb":{"@id":"https:\/\/www.securitydataandvideo.com\/inicio\/shop\/brazo-faac-rectangular-428090-de-3-8-metros\/#breadcrumb"},"inLanguage":"es-MX","potentialAction":[{"@type":"ReadAction","target":["https:\/\/www.securitydataandvideo.com\/inicio\/shop\/brazo-faac-rectangular-428090-de-3-8-metros\/"]}]},{"@type":"BreadcrumbList","@id":"https:\/\/www.securitydataandvideo.com\/inicio\/shop\/brazo-faac-rectangular-428090-de-3-8-metros\/#breadcrumb","itemListElement":[{"@type":"ListItem","position":1,"name":"Inicio","item":"https:\/\/www.securitydataandvideo.com\/inicio\/"},{"@type":"ListItem","position":2,"name":"Shop","item":"https:\/\/www.securitydataandvideo.com\/inicio\/shop\/"},{"@type":"ListItem","position":3,"name":"Brazo Faac Rectangular 428090 de 3.8 Metros"}]},{"@type":"WebSite","@id":"https:\/\/www.securitydataandvideo.com\/inicio\/#website","url":"https:\/\/www.securitydataandvideo.com\/inicio\/","name":"Security Data &amp; Video SA de CV.","description":"Seguridad Electr\u00f3nica y Energ\u00eda","publisher":{"@id":"https:\/\/www.securitydataandvideo.com\/inicio\/#organization"},"potentialAction":[{"@type":"SearchAction","target":{"@type":"EntryPoint","urlTemplate":"https:\/\/www.securitydataandvideo.com\/inicio\/?s={search_term_string}"},"query-input":"required name=search_term_string"}],"inLanguage":"es-MX"},{"@type":"Organization","@id":"https:\/\/www.securitydataandvideo.com\/inicio\/#organization","name":"Security Data & Video SA de CV","url":"https:\/\/www.securitydataandvideo.com\/inicio\/","sameAs":[],"logo":{"@type":"ImageObject","inLanguage":"es-MX","@id":"https:\/\/www.securitydataandvideo.com\/inicio\/#\/schema\/logo\/image\/","url":"https:\/\/www.securitydataandvideo.com\/inicio\/wp-content\/uploads\/2021\/10\/Logo-Azul.png","contentUrl":"https:\/\/www.securitydataandvideo.com\/inicio\/wp-content\/uploads\/2021\/10\/Logo-Azul.png","width":555,"height":375,"caption":"Security Data & Video SA de CV"},"image":{"@id":"https:\/\/www.securitydataandvideo.com\/inicio\/#\/schema\/logo\/image\/"}}]}},"_links":{"self":[{"href":"https:\/\/www.securitydataandvideo.com\/inicio\/wp-json\/wp\/v2\/product\/15666"}],"collection":[{"href":"https:\/\/www.securitydataandvideo.com\/inicio\/wp-json\/wp\/v2\/product"}],"about":[{"href":"https:\/\/www.securitydataandvideo.com\/inicio\/wp-json\/wp\/v2\/types\/product"}],"wp:featuredmedia":[{"embeddable":true,"href":"https:\/\/www.securitydataandvideo.com\/inicio\/wp-json\/wp\/v2\/media\/15711"}],"wp:attachment":[{"href":"https:\/\/www.securitydataandvideo.com\/inicio\/wp-json\/wp\/v2\/media?parent=15666"}],"wp:term":[{"taxonomy":"product_cat","embeddable":true,"href":"https:\/\/www.securitydataandvideo.com\/inicio\/wp-json\/wp\/v2\/product_cat?post=15666"},{"taxonomy":"product_tag","embeddable":true,"href":"https:\/\/www.securitydataandvideo.com\/inicio\/wp-json\/wp\/v2\/product_tag?post=15666"}],"curies":[{"name":"wp","href":"https:\/\/api.w.org\/{rel}","templated":true}]}}