{"id":15670,"date":"2022-07-21T11:29:05","date_gmt":"2022-07-21T17:29:05","guid":{"rendered":"https:\/\/www.securitydataandvideo.com\/inicio\/?post_type=product&#038;p=15670"},"modified":"2023-10-02T19:41:38","modified_gmt":"2023-10-03T01:41:38","slug":"brazo-para-barrera-vehicular-6-metros-onetech-o-wejoin","status":"publish","type":"product","link":"https:\/\/www.securitydataandvideo.com\/inicio\/shop\/brazo-para-barrera-vehicular-6-metros-onetech-o-wejoin\/","title":{"rendered":"Brazo para barrera vehicular 6 metros Onetech o Wejoin"},"content":{"rendered":"<p><strong>Brazo para barrera vehicular 6 metros Onetech o Wejoin\u00a0<\/strong><\/p>\n<p><strong>Brazo 6 metros para barrera vehicular Onetech o Wejoin, <\/strong>El accesorio est\u00e1 hecho de aleaci\u00f3n de aluminio de alta resistencia, incorpora una pel\u00edcula reflectante que tiene la funci\u00f3n de advertencia.<\/p>\n<h2>Especificaciones<\/h2>\n<p><strong>Brazo<\/strong>\u00a0Brazo recto<\/p>\n<p><strong>Tipo de brazo<\/strong>\u00a0Brazo octagonal grande<\/p>\n<p><strong>Largo de brazo<\/strong>\u00a04.5 mts<\/p>\n<p><strong>Dimensiones(cm)<\/strong>\u00a0600 x 4.5 x 10cm<\/p>\n<p><strong>Peso<\/strong>\u00a06.4 Kg<\/p>\n<p><img src=\"https:\/\/tvc.mx\/media\/54660\/Especificaciones.jpg\" alt=\"Especificaciones\" \/><\/p>\n<h2>Funci\u00f3n<\/h2>\n<p>Es una barra que impide el paso de veh\u00edculos de manera temporal en un determinado camino o paso de manera que se pueda comprobar la identidad, o impidan el paso para evitar accidentes mientras por esa v\u00eda circula alg\u00fan otro veh\u00edculo o tren.<\/p>\n<p>Adecuada para sitios con poco tr\u00e1fico y carriles anchos como parques industriales, departamentos, instituciones gubernamentales.<\/p>\n<p>&nbsp;<\/p>\n","protected":false},"excerpt":{"rendered":"<p><strong>ARM6M Brazo recto de 6 metros para barrera de 6 segundos marca WEJOIN o ONETECH en Guadalajara Jalisco Mexico.<\/strong><\/p>\n","protected":false},"featured_media":15623,"template":"","meta":{"site-sidebar-layout":"default","site-content-layout":"default","ast-site-content-layout":"","site-content-style":"default","site-sidebar-style":"default","ast-global-header-display":"","ast-banner-title-visibility":"","ast-main-header-display":"","ast-hfb-above-header-display":"","ast-hfb-below-header-display":"","ast-hfb-mobile-header-display":"","site-post-title":"","ast-breadcrumbs-content":"","ast-featured-img":"","footer-sml-layout":"","theme-transparent-header-meta":"default","adv-header-id-meta":"","stick-header-meta":"","header-above-stick-meta":"","header-main-stick-meta":"","header-below-stick-meta":"","astra-migrate-meta-layouts":""},"product_cat":[252],"product_tag":[260,261,250,155],"yoast_head":"<!-- This site is optimized with the Yoast SEO plugin v19.5.1 - https:\/\/yoast.com\/wordpress\/plugins\/seo\/ -->\n<title>Brazo para barrera vehicular 6 metros Onetech o Wejoin<\/title>\n<meta name=\"description\" content=\"Security Data &amp; Video SA de CV. Brazo para barrera vehicular 6 metros Onetech o Wejoin Venta e Instalacion en Guadalajara Jalisco y envi\u00f3 a todo M\u00e9xico.\" \/>\n<meta name=\"robots\" content=\"index, follow, max-snippet:-1, max-image-preview:large, max-video-preview:-1\" \/>\n<link rel=\"canonical\" href=\"https:\/\/www.securitydataandvideo.com\/inicio\/shop\/brazo-para-barrera-vehicular-6-metros-onetech-o-wejoin\/\" \/>\n<meta property=\"og:locale\" content=\"es_MX\" \/>\n<meta property=\"og:type\" content=\"article\" \/>\n<meta property=\"og:title\" content=\"Brazo para barrera vehicular 6 metros Onetech o Wejoin\" \/>\n<meta property=\"og:description\" content=\"Security Data &amp; Video SA de CV. Brazo para barrera vehicular 6 metros Onetech o Wejoin Venta e Instalacion en Guadalajara Jalisco y envi\u00f3 a todo M\u00e9xico.\" \/>\n<meta property=\"og:url\" content=\"https:\/\/www.securitydataandvideo.com\/inicio\/shop\/brazo-para-barrera-vehicular-6-metros-onetech-o-wejoin\/\" \/>\n<meta property=\"og:site_name\" content=\"Security Data &amp; Video SA de CV.\" \/>\n<meta property=\"article:modified_time\" content=\"2023-10-03T01:41:38+00:00\" \/>\n<meta property=\"og:image\" content=\"https:\/\/www.securitydataandvideo.com\/inicio\/wp-content\/uploads\/2022\/07\/WEJOIN-ARM6M.jpg\" \/>\n\t<meta property=\"og:image:width\" content=\"768\" \/>\n\t<meta property=\"og:image:height\" content=\"1024\" \/>\n\t<meta property=\"og:image:type\" content=\"image\/jpeg\" \/>\n<meta name=\"twitter:card\" content=\"summary\" \/>\n<meta name=\"twitter:label1\" content=\"Tiempo de lectura\" \/>\n\t<meta name=\"twitter:data1\" content=\"1 minuto\" \/>\n<script type=\"application\/ld+json\" class=\"yoast-schema-graph\">{\"@context\":\"https:\/\/schema.org\",\"@graph\":[{\"@type\":\"WebPage\",\"@id\":\"https:\/\/www.securitydataandvideo.com\/inicio\/shop\/brazo-para-barrera-vehicular-6-metros-onetech-o-wejoin\/\",\"url\":\"https:\/\/www.securitydataandvideo.com\/inicio\/shop\/brazo-para-barrera-vehicular-6-metros-onetech-o-wejoin\/\",\"name\":\"Brazo para barrera vehicular 6 metros Onetech o Wejoin\",\"isPartOf\":{\"@id\":\"https:\/\/www.securitydataandvideo.com\/inicio\/#website\"},\"datePublished\":\"2022-07-21T17:29:05+00:00\",\"dateModified\":\"2023-10-03T01:41:38+00:00\",\"description\":\"Security Data &amp; Video SA de CV. Brazo para barrera vehicular 6 metros Onetech o Wejoin Venta e Instalacion en Guadalajara Jalisco y envi\u00f3 a todo M\u00e9xico.\",\"breadcrumb\":{\"@id\":\"https:\/\/www.securitydataandvideo.com\/inicio\/shop\/brazo-para-barrera-vehicular-6-metros-onetech-o-wejoin\/#breadcrumb\"},\"inLanguage\":\"es-MX\",\"potentialAction\":[{\"@type\":\"ReadAction\",\"target\":[\"https:\/\/www.securitydataandvideo.com\/inicio\/shop\/brazo-para-barrera-vehicular-6-metros-onetech-o-wejoin\/\"]}]},{\"@type\":\"BreadcrumbList\",\"@id\":\"https:\/\/www.securitydataandvideo.com\/inicio\/shop\/brazo-para-barrera-vehicular-6-metros-onetech-o-wejoin\/#breadcrumb\",\"itemListElement\":[{\"@type\":\"ListItem\",\"position\":1,\"name\":\"Inicio\",\"item\":\"https:\/\/www.securitydataandvideo.com\/inicio\/\"},{\"@type\":\"ListItem\",\"position\":2,\"name\":\"Shop\",\"item\":\"https:\/\/www.securitydataandvideo.com\/inicio\/shop\/\"},{\"@type\":\"ListItem\",\"position\":3,\"name\":\"Brazo para barrera vehicular 6 metros Onetech o Wejoin\"}]},{\"@type\":\"WebSite\",\"@id\":\"https:\/\/www.securitydataandvideo.com\/inicio\/#website\",\"url\":\"https:\/\/www.securitydataandvideo.com\/inicio\/\",\"name\":\"Security Data &amp; Video SA de CV.\",\"description\":\"Seguridad Electr\u00f3nica y Energ\u00eda\",\"publisher\":{\"@id\":\"https:\/\/www.securitydataandvideo.com\/inicio\/#organization\"},\"potentialAction\":[{\"@type\":\"SearchAction\",\"target\":{\"@type\":\"EntryPoint\",\"urlTemplate\":\"https:\/\/www.securitydataandvideo.com\/inicio\/?s={search_term_string}\"},\"query-input\":\"required name=search_term_string\"}],\"inLanguage\":\"es-MX\"},{\"@type\":\"Organization\",\"@id\":\"https:\/\/www.securitydataandvideo.com\/inicio\/#organization\",\"name\":\"Security Data & Video SA de CV\",\"url\":\"https:\/\/www.securitydataandvideo.com\/inicio\/\",\"sameAs\":[],\"logo\":{\"@type\":\"ImageObject\",\"inLanguage\":\"es-MX\",\"@id\":\"https:\/\/www.securitydataandvideo.com\/inicio\/#\/schema\/logo\/image\/\",\"url\":\"https:\/\/www.securitydataandvideo.com\/inicio\/wp-content\/uploads\/2021\/10\/Logo-Azul.png\",\"contentUrl\":\"https:\/\/www.securitydataandvideo.com\/inicio\/wp-content\/uploads\/2021\/10\/Logo-Azul.png\",\"width\":555,\"height\":375,\"caption\":\"Security Data & Video SA de CV\"},\"image\":{\"@id\":\"https:\/\/www.securitydataandvideo.com\/inicio\/#\/schema\/logo\/image\/\"}}]}<\/script>\n<!-- \/ Yoast SEO plugin. -->","yoast_head_json":{"title":"Brazo para barrera vehicular 6 metros Onetech o Wejoin","description":"Security Data &amp; Video SA de CV. Brazo para barrera vehicular 6 metros Onetech o Wejoin Venta e Instalacion en Guadalajara Jalisco y envi\u00f3 a todo M\u00e9xico.","robots":{"index":"index","follow":"follow","max-snippet":"max-snippet:-1","max-image-preview":"max-image-preview:large","max-video-preview":"max-video-preview:-1"},"canonical":"https:\/\/www.securitydataandvideo.com\/inicio\/shop\/brazo-para-barrera-vehicular-6-metros-onetech-o-wejoin\/","og_locale":"es_MX","og_type":"article","og_title":"Brazo para barrera vehicular 6 metros Onetech o Wejoin","og_description":"Security Data &amp; Video SA de CV. Brazo para barrera vehicular 6 metros Onetech o Wejoin Venta e Instalacion en Guadalajara Jalisco y envi\u00f3 a todo M\u00e9xico.","og_url":"https:\/\/www.securitydataandvideo.com\/inicio\/shop\/brazo-para-barrera-vehicular-6-metros-onetech-o-wejoin\/","og_site_name":"Security Data &amp; Video SA de CV.","article_modified_time":"2023-10-03T01:41:38+00:00","og_image":[{"width":768,"height":1024,"url":"https:\/\/www.securitydataandvideo.com\/inicio\/wp-content\/uploads\/2022\/07\/WEJOIN-ARM6M.jpg","type":"image\/jpeg"}],"twitter_card":"summary","twitter_misc":{"Tiempo de lectura":"1 minuto"},"schema":{"@context":"https:\/\/schema.org","@graph":[{"@type":"WebPage","@id":"https:\/\/www.securitydataandvideo.com\/inicio\/shop\/brazo-para-barrera-vehicular-6-metros-onetech-o-wejoin\/","url":"https:\/\/www.securitydataandvideo.com\/inicio\/shop\/brazo-para-barrera-vehicular-6-metros-onetech-o-wejoin\/","name":"Brazo para barrera vehicular 6 metros Onetech o Wejoin","isPartOf":{"@id":"https:\/\/www.securitydataandvideo.com\/inicio\/#website"},"datePublished":"2022-07-21T17:29:05+00:00","dateModified":"2023-10-03T01:41:38+00:00","description":"Security Data &amp; Video SA de CV. Brazo para barrera vehicular 6 metros Onetech o Wejoin Venta e Instalacion en Guadalajara Jalisco y envi\u00f3 a todo M\u00e9xico.","breadcrumb":{"@id":"https:\/\/www.securitydataandvideo.com\/inicio\/shop\/brazo-para-barrera-vehicular-6-metros-onetech-o-wejoin\/#breadcrumb"},"inLanguage":"es-MX","potentialAction":[{"@type":"ReadAction","target":["https:\/\/www.securitydataandvideo.com\/inicio\/shop\/brazo-para-barrera-vehicular-6-metros-onetech-o-wejoin\/"]}]},{"@type":"BreadcrumbList","@id":"https:\/\/www.securitydataandvideo.com\/inicio\/shop\/brazo-para-barrera-vehicular-6-metros-onetech-o-wejoin\/#breadcrumb","itemListElement":[{"@type":"ListItem","position":1,"name":"Inicio","item":"https:\/\/www.securitydataandvideo.com\/inicio\/"},{"@type":"ListItem","position":2,"name":"Shop","item":"https:\/\/www.securitydataandvideo.com\/inicio\/shop\/"},{"@type":"ListItem","position":3,"name":"Brazo para barrera vehicular 6 metros Onetech o Wejoin"}]},{"@type":"WebSite","@id":"https:\/\/www.securitydataandvideo.com\/inicio\/#website","url":"https:\/\/www.securitydataandvideo.com\/inicio\/","name":"Security Data &amp; Video SA de CV.","description":"Seguridad Electr\u00f3nica y Energ\u00eda","publisher":{"@id":"https:\/\/www.securitydataandvideo.com\/inicio\/#organization"},"potentialAction":[{"@type":"SearchAction","target":{"@type":"EntryPoint","urlTemplate":"https:\/\/www.securitydataandvideo.com\/inicio\/?s={search_term_string}"},"query-input":"required name=search_term_string"}],"inLanguage":"es-MX"},{"@type":"Organization","@id":"https:\/\/www.securitydataandvideo.com\/inicio\/#organization","name":"Security Data & Video SA de CV","url":"https:\/\/www.securitydataandvideo.com\/inicio\/","sameAs":[],"logo":{"@type":"ImageObject","inLanguage":"es-MX","@id":"https:\/\/www.securitydataandvideo.com\/inicio\/#\/schema\/logo\/image\/","url":"https:\/\/www.securitydataandvideo.com\/inicio\/wp-content\/uploads\/2021\/10\/Logo-Azul.png","contentUrl":"https:\/\/www.securitydataandvideo.com\/inicio\/wp-content\/uploads\/2021\/10\/Logo-Azul.png","width":555,"height":375,"caption":"Security Data & Video SA de CV"},"image":{"@id":"https:\/\/www.securitydataandvideo.com\/inicio\/#\/schema\/logo\/image\/"}}]}},"_links":{"self":[{"href":"https:\/\/www.securitydataandvideo.com\/inicio\/wp-json\/wp\/v2\/product\/15670"}],"collection":[{"href":"https:\/\/www.securitydataandvideo.com\/inicio\/wp-json\/wp\/v2\/product"}],"about":[{"href":"https:\/\/www.securitydataandvideo.com\/inicio\/wp-json\/wp\/v2\/types\/product"}],"wp:featuredmedia":[{"embeddable":true,"href":"https:\/\/www.securitydataandvideo.com\/inicio\/wp-json\/wp\/v2\/media\/15623"}],"wp:attachment":[{"href":"https:\/\/www.securitydataandvideo.com\/inicio\/wp-json\/wp\/v2\/media?parent=15670"}],"wp:term":[{"taxonomy":"product_cat","embeddable":true,"href":"https:\/\/www.securitydataandvideo.com\/inicio\/wp-json\/wp\/v2\/product_cat?post=15670"},{"taxonomy":"product_tag","embeddable":true,"href":"https:\/\/www.securitydataandvideo.com\/inicio\/wp-json\/wp\/v2\/product_tag?post=15670"}],"curies":[{"name":"wp","href":"https:\/\/api.w.org\/{rel}","templated":true}]}}