{"id":15673,"date":"2022-07-21T11:29:05","date_gmt":"2022-07-21T17:29:05","guid":{"rendered":"https:\/\/www.securitydataandvideo.com\/inicio\/?post_type=product&#038;p=15673"},"modified":"2023-10-02T18:31:16","modified_gmt":"2023-10-03T00:31:16","slug":"barrera-vehicular-para-fraccionamientos-wejoin-wjdz120l64-izquierda-6-segundos-de-uso-rudo-brazo-de-4metros-con-luz-led-guadalajara-jalisco-mexico","status":"publish","type":"product","link":"https:\/\/www.securitydataandvideo.com\/inicio\/shop\/barrera-vehicular-para-fraccionamientos-wejoin-wjdz120l64-izquierda-6-segundos-de-uso-rudo-brazo-de-4metros-con-luz-led-guadalajara-jalisco-mexico\/","title":{"rendered":"Barrera Vehicular para Fraccionamientos Wejoin WJDZ120L64 izquierda 6 segundos de uso rudo, Brazo de 4Metros \/ con Luz LED Guadalajara Jalisco M\u00e9xico."},"content":{"rendered":"<p><em>Barrera Vehicular para Fraccionamientos Wejoin WJDZ120L64 izquierda 6 segundos de uso rudo, Brazo de 4Metros \/ con Luz LED Guadalajara Jalisco M\u00e9xico.<\/em><\/p>\n<div class=\"row aling-items-center padding-bottom-2x\">\n<div class=\"col-lg-12\">\n<h2><strong>Descripci\u00f3n<\/strong><\/h2>\n<p><a href=\"https:\/\/sitejal.com\/categoria-producto\/acceso-vehicular\/sistemas-de-control-de-accesos-vehicular\/barreras-vehiculares-wejoin\/\">Barrera Vehicular para Fraccionamientos Wejoin<\/a>\u00a0 autom\u00e1tica cuenta con un brazo con LED y un sem\u00e1foro en la puerta de la carcasa. Se utiliza en aparcamientos subterr\u00e1neos o exteriores. Esta luz LED sirve de se\u00f1al de advertencia, cuando el brazo asciende, desciende o est\u00e1 totalmente abajo la luz es de color rojo. Cuando el brazo se encuentra totalmente elevado la luz es de color verde, el brazo puede incorporar una goma en la parte inferior que protege el veh\u00edculo en caso de colisi\u00f3n. Se caracteriza por su rapidez y estabilidad. El tiempo de operaci\u00f3n es de 6 segundos. Se utiliza principalmente como dispositivo de control de entrada y salida de coches en peajes, estacionamientos o f\u00e1bricas, el tiempo de vida es de 3 millones de ciclos.<\/p>\n<p><img class=\"overview-center-img-web\" src=\"https:\/\/tvc.mx\/media\/58230\/vanner-WEJOIN-ARM3F.jpg\" \/><\/p>\n<\/div>\n<\/div>\n<div class=\"row align-items-center padding-bottom-2x\">\n<div class=\"col-md-5 order-md-2\"><img class=\"d-block m-auto img-thumbnail\" src=\"https:\/\/tvc.mx\/media\/58251\/Ventaja.jpg\" alt=\"Caracter\u00edsticas\" \/><\/div>\n<div class=\"col-md-7 order-md-1 text-md-left text-center\">\n<h2>Caracter\u00edsticas de <em>Barrera Vehicular para Fraccionamientos Wejoin WJDZ120L64 izquierda 6 segundos de uso rudo<\/em><\/h2>\n<p>&nbsp;<\/p>\n<ul>\n<li class=\"ql-align-justify\">Dispositivo de operaci\u00f3n manual, en caso de flta de energia el\u00e9ctrica.<\/li>\n<li class=\"ql-align-justify\">Es compatible con fotoceldas (LGH109008),\u00a0que permiten la protecci\u00f3n a peatones.<\/li>\n<li class=\"ql-align-justify\">Es compatible con el\u00a0sensor de masa (clave TVB017001).<\/li>\n<li class=\"ql-align-justify\">Cierre autom\u00e1tico.<\/li>\n<li>Barrera Vehicular Wejoin wjdz120l64<\/li>\n<li class=\"ql-align-justify\">No requiere protecci\u00f3n t\u00e9rmica ya que radia el calor r\u00e1pidamente.<\/li>\n<li class=\"ql-align-justify\">El motor esta hecho de aleaci\u00f3n de aluminio fundido.<\/li>\n<li class=\"ql-align-justify\">Brazo con iluminaci\u00f3n\u00a0LED.<\/li>\n<li class=\"ql-align-justify\">Puerta de gabinete iluminada.<\/li>\n<\/ul>\n<p>&nbsp;<\/p>\n<\/div>\n<\/div>\n<div class=\"row align-items-center padding-bottom-2x\">\n<div class=\"col-md-5\"><\/div>\n<div class=\"col-md-7 text-md-left text-center\">\n<h6>Funci\u00f3n de <em>Barrera Vehicular para Fraccionamientos Wejoin WJDZ120L64 izquierda 6 segundos de uso rudo<\/em><\/h6>\n<p>Se utiliza principalmente como\u00a0\u00a0dispositivo\u00a0\u00a0de control de entrada y\u00a0\u00a0salida en estacionamientos, en todos los lugares donde se requiere tener un control de flujo vehicular,<\/p>\n<p>&nbsp;<\/p>\n<\/div>\n<\/div>\n<div class=\"row align-items-center padding-bottom-2x\">\n<div class=\"col-md-5 order-md-2\"><\/div>\n<div class=\"col-md-7 order-md-1 text-md-left text-center\">\n<h6>Especificaciones de <em>Barreras Vehiculares para Fraccionamientos Wejoin <a href=\"https:\/\/tvc.mx\/products\/9142\">WJDZ120L64 <\/a>izquierda o derecha de\u00a0 6 segundos para uso rudo<\/em><\/h6>\n<p>Temperatura del mecanismo -25\u00ba cent\u00edgrado + 85\u00ba cent\u00edgrado<\/p>\n<p>Dispositivo de operaci\u00f3n manual en caso de falta de energia electrica<\/p>\n<p class=\"ql-align-justify\">De uso rudo hasta 8,000 aperturas diarias.<\/p>\n<p class=\"ql-align-justify\">Largo m\u00e1ximo de brazo:\u00a04 m.<\/p>\n<p>Motor de aleaci\u00f3n de aluminio a presi\u00f3n altamente herm\u00e9tico para disipar el calor f\u00e1cilmente<\/p>\n<p>Abanico para evitar el calentamiento<\/p>\n<p>Reversa autom\u00e1tica cuando el brazo tiene una obstrucci\u00f3n.<\/p>\n<p>Temperatura de la placa de control -20 cent\u00edgrados + 85\u00ba cent\u00edgrados<\/p>\n<p>Fuente de alimentaci\u00f3n 220V \u00b1 10% 50\/60 Hz<\/p>\n<p>110V \u00b1 10% 50\/60 Hz<\/p>\n<p>Potencia nominal 120W<\/p>\n<p>Humedad relativa \u2264 90%<\/p>\n<p>Control remoto \u2265 30M<\/p>\n<p>Peso neto 60 Kg<\/p>\n<p>Velocidad de rotaci\u00f3n del motor: 6s<\/p>\n<\/div>\n<\/div>\n","protected":false},"excerpt":{"rendered":"<p><em>Barrera Vehicular para Fraccionamientos Wejoin WJDZ120L64 izquierda 6 segundos de uso rudo, Brazo de 4Metros \/ con Luz LED Guadalajara Jalisco M\u00e9xico.<\/em><\/p>\n<p>&nbsp;<\/p>\n","protected":false},"featured_media":15716,"template":"","meta":{"site-sidebar-layout":"default","site-content-layout":"default","ast-site-content-layout":"","site-content-style":"default","site-sidebar-style":"default","ast-global-header-display":"","ast-banner-title-visibility":"","ast-main-header-display":"","ast-hfb-above-header-display":"","ast-hfb-below-header-display":"","ast-hfb-mobile-header-display":"","site-post-title":"","ast-breadcrumbs-content":"","ast-featured-img":"","footer-sml-layout":"","theme-transparent-header-meta":"default","adv-header-id-meta":"","stick-header-meta":"","header-above-stick-meta":"","header-main-stick-meta":"","header-below-stick-meta":"","astra-migrate-meta-layouts":""},"product_cat":[248],"product_tag":[255,256,250,155],"yoast_head":"<!-- This site is optimized with the Yoast SEO plugin v19.5.1 - https:\/\/yoast.com\/wordpress\/plugins\/seo\/ -->\n<title>Barrera Vehicular para Fraccionamientos Wejoin WJDZ120L64 izquierda<\/title>\n<meta name=\"description\" content=\"Barrera Vehicular para Fraccionamientos Wejoin WJDZ120L64 izquierda 6 segundos de uso rudo, Brazo de 4Metros \/ con Luz LED Guadalajara Jalisc\" \/>\n<meta name=\"robots\" content=\"index, follow, max-snippet:-1, max-image-preview:large, max-video-preview:-1\" \/>\n<link rel=\"canonical\" href=\"https:\/\/www.securitydataandvideo.com\/inicio\/shop\/barrera-vehicular-para-fraccionamientos-wejoin-wjdz120l64-izquierda-6-segundos-de-uso-rudo-brazo-de-4metros-con-luz-led-guadalajara-jalisco-mexico\/\" \/>\n<meta property=\"og:locale\" content=\"es_MX\" \/>\n<meta property=\"og:type\" content=\"article\" \/>\n<meta property=\"og:title\" content=\"Barrera Vehicular para Fraccionamientos Wejoin WJDZ120L64 izquierda\" \/>\n<meta property=\"og:description\" content=\"Barrera Vehicular para Fraccionamientos Wejoin WJDZ120L64 izquierda 6 segundos de uso rudo, Brazo de 4Metros \/ con Luz LED Guadalajara Jalisc\" \/>\n<meta property=\"og:url\" content=\"https:\/\/www.securitydataandvideo.com\/inicio\/shop\/barrera-vehicular-para-fraccionamientos-wejoin-wjdz120l64-izquierda-6-segundos-de-uso-rudo-brazo-de-4metros-con-luz-led-guadalajara-jalisco-mexico\/\" \/>\n<meta property=\"og:site_name\" content=\"Security Data &amp; Video SA de CV.\" \/>\n<meta property=\"article:modified_time\" content=\"2023-10-03T00:31:16+00:00\" \/>\n<meta property=\"og:image\" content=\"https:\/\/www.securitydataandvideo.com\/inicio\/wp-content\/uploads\/2022\/07\/principal.jpg\" \/>\n\t<meta property=\"og:image:width\" content=\"768\" \/>\n\t<meta property=\"og:image:height\" content=\"1024\" \/>\n\t<meta property=\"og:image:type\" content=\"image\/jpeg\" \/>\n<meta name=\"twitter:card\" content=\"summary\" \/>\n<meta name=\"twitter:label1\" content=\"Tiempo de lectura\" \/>\n\t<meta name=\"twitter:data1\" content=\"3 minutos\" \/>\n<script type=\"application\/ld+json\" class=\"yoast-schema-graph\">{\"@context\":\"https:\/\/schema.org\",\"@graph\":[{\"@type\":\"WebPage\",\"@id\":\"https:\/\/www.securitydataandvideo.com\/inicio\/shop\/barrera-vehicular-para-fraccionamientos-wejoin-wjdz120l64-izquierda-6-segundos-de-uso-rudo-brazo-de-4metros-con-luz-led-guadalajara-jalisco-mexico\/\",\"url\":\"https:\/\/www.securitydataandvideo.com\/inicio\/shop\/barrera-vehicular-para-fraccionamientos-wejoin-wjdz120l64-izquierda-6-segundos-de-uso-rudo-brazo-de-4metros-con-luz-led-guadalajara-jalisco-mexico\/\",\"name\":\"Barrera Vehicular para Fraccionamientos Wejoin WJDZ120L64 izquierda\",\"isPartOf\":{\"@id\":\"https:\/\/www.securitydataandvideo.com\/inicio\/#website\"},\"datePublished\":\"2022-07-21T17:29:05+00:00\",\"dateModified\":\"2023-10-03T00:31:16+00:00\",\"description\":\"Barrera Vehicular para Fraccionamientos Wejoin WJDZ120L64 izquierda 6 segundos de uso rudo, Brazo de 4Metros \/ con Luz LED Guadalajara Jalisc\",\"breadcrumb\":{\"@id\":\"https:\/\/www.securitydataandvideo.com\/inicio\/shop\/barrera-vehicular-para-fraccionamientos-wejoin-wjdz120l64-izquierda-6-segundos-de-uso-rudo-brazo-de-4metros-con-luz-led-guadalajara-jalisco-mexico\/#breadcrumb\"},\"inLanguage\":\"es-MX\",\"potentialAction\":[{\"@type\":\"ReadAction\",\"target\":[\"https:\/\/www.securitydataandvideo.com\/inicio\/shop\/barrera-vehicular-para-fraccionamientos-wejoin-wjdz120l64-izquierda-6-segundos-de-uso-rudo-brazo-de-4metros-con-luz-led-guadalajara-jalisco-mexico\/\"]}]},{\"@type\":\"BreadcrumbList\",\"@id\":\"https:\/\/www.securitydataandvideo.com\/inicio\/shop\/barrera-vehicular-para-fraccionamientos-wejoin-wjdz120l64-izquierda-6-segundos-de-uso-rudo-brazo-de-4metros-con-luz-led-guadalajara-jalisco-mexico\/#breadcrumb\",\"itemListElement\":[{\"@type\":\"ListItem\",\"position\":1,\"name\":\"Inicio\",\"item\":\"https:\/\/www.securitydataandvideo.com\/inicio\/\"},{\"@type\":\"ListItem\",\"position\":2,\"name\":\"Shop\",\"item\":\"https:\/\/www.securitydataandvideo.com\/inicio\/shop\/\"},{\"@type\":\"ListItem\",\"position\":3,\"name\":\"Barrera Vehicular para Fraccionamientos Wejoin WJDZ120L64 izquierda 6 segundos de uso rudo, Brazo de 4Metros \/ con Luz LED Guadalajara Jalisco M\u00e9xico.\"}]},{\"@type\":\"WebSite\",\"@id\":\"https:\/\/www.securitydataandvideo.com\/inicio\/#website\",\"url\":\"https:\/\/www.securitydataandvideo.com\/inicio\/\",\"name\":\"Security Data &amp; Video SA de CV.\",\"description\":\"Seguridad Electr\u00f3nica y Energ\u00eda\",\"publisher\":{\"@id\":\"https:\/\/www.securitydataandvideo.com\/inicio\/#organization\"},\"potentialAction\":[{\"@type\":\"SearchAction\",\"target\":{\"@type\":\"EntryPoint\",\"urlTemplate\":\"https:\/\/www.securitydataandvideo.com\/inicio\/?s={search_term_string}\"},\"query-input\":\"required name=search_term_string\"}],\"inLanguage\":\"es-MX\"},{\"@type\":\"Organization\",\"@id\":\"https:\/\/www.securitydataandvideo.com\/inicio\/#organization\",\"name\":\"Security Data & Video SA de CV\",\"url\":\"https:\/\/www.securitydataandvideo.com\/inicio\/\",\"sameAs\":[],\"logo\":{\"@type\":\"ImageObject\",\"inLanguage\":\"es-MX\",\"@id\":\"https:\/\/www.securitydataandvideo.com\/inicio\/#\/schema\/logo\/image\/\",\"url\":\"https:\/\/www.securitydataandvideo.com\/inicio\/wp-content\/uploads\/2021\/10\/Logo-Azul.png\",\"contentUrl\":\"https:\/\/www.securitydataandvideo.com\/inicio\/wp-content\/uploads\/2021\/10\/Logo-Azul.png\",\"width\":555,\"height\":375,\"caption\":\"Security Data & Video SA de CV\"},\"image\":{\"@id\":\"https:\/\/www.securitydataandvideo.com\/inicio\/#\/schema\/logo\/image\/\"}}]}<\/script>\n<!-- \/ Yoast SEO plugin. -->","yoast_head_json":{"title":"Barrera Vehicular para Fraccionamientos Wejoin WJDZ120L64 izquierda","description":"Barrera Vehicular para Fraccionamientos Wejoin WJDZ120L64 izquierda 6 segundos de uso rudo, Brazo de 4Metros \/ con Luz LED Guadalajara Jalisc","robots":{"index":"index","follow":"follow","max-snippet":"max-snippet:-1","max-image-preview":"max-image-preview:large","max-video-preview":"max-video-preview:-1"},"canonical":"https:\/\/www.securitydataandvideo.com\/inicio\/shop\/barrera-vehicular-para-fraccionamientos-wejoin-wjdz120l64-izquierda-6-segundos-de-uso-rudo-brazo-de-4metros-con-luz-led-guadalajara-jalisco-mexico\/","og_locale":"es_MX","og_type":"article","og_title":"Barrera Vehicular para Fraccionamientos Wejoin WJDZ120L64 izquierda","og_description":"Barrera Vehicular para Fraccionamientos Wejoin WJDZ120L64 izquierda 6 segundos de uso rudo, Brazo de 4Metros \/ con Luz LED Guadalajara Jalisc","og_url":"https:\/\/www.securitydataandvideo.com\/inicio\/shop\/barrera-vehicular-para-fraccionamientos-wejoin-wjdz120l64-izquierda-6-segundos-de-uso-rudo-brazo-de-4metros-con-luz-led-guadalajara-jalisco-mexico\/","og_site_name":"Security Data &amp; Video SA de CV.","article_modified_time":"2023-10-03T00:31:16+00:00","og_image":[{"width":768,"height":1024,"url":"https:\/\/www.securitydataandvideo.com\/inicio\/wp-content\/uploads\/2022\/07\/principal.jpg","type":"image\/jpeg"}],"twitter_card":"summary","twitter_misc":{"Tiempo de lectura":"3 minutos"},"schema":{"@context":"https:\/\/schema.org","@graph":[{"@type":"WebPage","@id":"https:\/\/www.securitydataandvideo.com\/inicio\/shop\/barrera-vehicular-para-fraccionamientos-wejoin-wjdz120l64-izquierda-6-segundos-de-uso-rudo-brazo-de-4metros-con-luz-led-guadalajara-jalisco-mexico\/","url":"https:\/\/www.securitydataandvideo.com\/inicio\/shop\/barrera-vehicular-para-fraccionamientos-wejoin-wjdz120l64-izquierda-6-segundos-de-uso-rudo-brazo-de-4metros-con-luz-led-guadalajara-jalisco-mexico\/","name":"Barrera Vehicular para Fraccionamientos Wejoin WJDZ120L64 izquierda","isPartOf":{"@id":"https:\/\/www.securitydataandvideo.com\/inicio\/#website"},"datePublished":"2022-07-21T17:29:05+00:00","dateModified":"2023-10-03T00:31:16+00:00","description":"Barrera Vehicular para Fraccionamientos Wejoin WJDZ120L64 izquierda 6 segundos de uso rudo, Brazo de 4Metros \/ con Luz LED Guadalajara Jalisc","breadcrumb":{"@id":"https:\/\/www.securitydataandvideo.com\/inicio\/shop\/barrera-vehicular-para-fraccionamientos-wejoin-wjdz120l64-izquierda-6-segundos-de-uso-rudo-brazo-de-4metros-con-luz-led-guadalajara-jalisco-mexico\/#breadcrumb"},"inLanguage":"es-MX","potentialAction":[{"@type":"ReadAction","target":["https:\/\/www.securitydataandvideo.com\/inicio\/shop\/barrera-vehicular-para-fraccionamientos-wejoin-wjdz120l64-izquierda-6-segundos-de-uso-rudo-brazo-de-4metros-con-luz-led-guadalajara-jalisco-mexico\/"]}]},{"@type":"BreadcrumbList","@id":"https:\/\/www.securitydataandvideo.com\/inicio\/shop\/barrera-vehicular-para-fraccionamientos-wejoin-wjdz120l64-izquierda-6-segundos-de-uso-rudo-brazo-de-4metros-con-luz-led-guadalajara-jalisco-mexico\/#breadcrumb","itemListElement":[{"@type":"ListItem","position":1,"name":"Inicio","item":"https:\/\/www.securitydataandvideo.com\/inicio\/"},{"@type":"ListItem","position":2,"name":"Shop","item":"https:\/\/www.securitydataandvideo.com\/inicio\/shop\/"},{"@type":"ListItem","position":3,"name":"Barrera Vehicular para Fraccionamientos Wejoin WJDZ120L64 izquierda 6 segundos de uso rudo, Brazo de 4Metros \/ con Luz LED Guadalajara Jalisco M\u00e9xico."}]},{"@type":"WebSite","@id":"https:\/\/www.securitydataandvideo.com\/inicio\/#website","url":"https:\/\/www.securitydataandvideo.com\/inicio\/","name":"Security Data &amp; Video SA de CV.","description":"Seguridad Electr\u00f3nica y Energ\u00eda","publisher":{"@id":"https:\/\/www.securitydataandvideo.com\/inicio\/#organization"},"potentialAction":[{"@type":"SearchAction","target":{"@type":"EntryPoint","urlTemplate":"https:\/\/www.securitydataandvideo.com\/inicio\/?s={search_term_string}"},"query-input":"required name=search_term_string"}],"inLanguage":"es-MX"},{"@type":"Organization","@id":"https:\/\/www.securitydataandvideo.com\/inicio\/#organization","name":"Security Data & Video SA de CV","url":"https:\/\/www.securitydataandvideo.com\/inicio\/","sameAs":[],"logo":{"@type":"ImageObject","inLanguage":"es-MX","@id":"https:\/\/www.securitydataandvideo.com\/inicio\/#\/schema\/logo\/image\/","url":"https:\/\/www.securitydataandvideo.com\/inicio\/wp-content\/uploads\/2021\/10\/Logo-Azul.png","contentUrl":"https:\/\/www.securitydataandvideo.com\/inicio\/wp-content\/uploads\/2021\/10\/Logo-Azul.png","width":555,"height":375,"caption":"Security Data & Video SA de CV"},"image":{"@id":"https:\/\/www.securitydataandvideo.com\/inicio\/#\/schema\/logo\/image\/"}}]}},"_links":{"self":[{"href":"https:\/\/www.securitydataandvideo.com\/inicio\/wp-json\/wp\/v2\/product\/15673"}],"collection":[{"href":"https:\/\/www.securitydataandvideo.com\/inicio\/wp-json\/wp\/v2\/product"}],"about":[{"href":"https:\/\/www.securitydataandvideo.com\/inicio\/wp-json\/wp\/v2\/types\/product"}],"wp:featuredmedia":[{"embeddable":true,"href":"https:\/\/www.securitydataandvideo.com\/inicio\/wp-json\/wp\/v2\/media\/15716"}],"wp:attachment":[{"href":"https:\/\/www.securitydataandvideo.com\/inicio\/wp-json\/wp\/v2\/media?parent=15673"}],"wp:term":[{"taxonomy":"product_cat","embeddable":true,"href":"https:\/\/www.securitydataandvideo.com\/inicio\/wp-json\/wp\/v2\/product_cat?post=15673"},{"taxonomy":"product_tag","embeddable":true,"href":"https:\/\/www.securitydataandvideo.com\/inicio\/wp-json\/wp\/v2\/product_tag?post=15673"}],"curies":[{"name":"wp","href":"https:\/\/api.w.org\/{rel}","templated":true}]}}