{"id":15698,"date":"2022-07-21T11:29:32","date_gmt":"2022-07-21T17:29:32","guid":{"rendered":"https:\/\/www.securitydataandvideo.com\/inicio\/?post_type=product&#038;p=15698"},"modified":"2022-07-21T11:30:06","modified_gmt":"2022-07-21T17:30:06","slug":"ranger-1500-detector-de-metales-portatil-ranger-para-areas-silenciosas-tiene-vibrador-interconstruido-en-guadalajara-jalisco","status":"publish","type":"product","link":"https:\/\/www.securitydataandvideo.com\/inicio\/shop\/ranger-1500-detector-de-metales-portatil-ranger-para-areas-silenciosas-tiene-vibrador-interconstruido-en-guadalajara-jalisco\/","title":{"rendered":"RANGER-1500 Detector de metales portatil RANGER para areas silenciosas, tiene vibrador interconstru\u00eddo, en Guadalajara Jalisco."},"content":{"rendered":"<h5><strong>RANGER-1500 Detector de metales portatil RANGER para areas silenciosas, tiene vibrador interconstru\u00eddo, en Guadalajara Jalisco.<\/strong><\/h5>\n<h2>Descripcion de RANGER-1500 Detector de metales:<\/h2>\n<p class=\"tw-data-text tw-text-large XcVN5d tw-ta\" dir=\"ltr\" data-placeholder=\"Traducci\u00f3n\"><span lang=\"es\">La circuiter\u00eda del Detector de metales portatil de transmisi\u00f3n \/ recepci\u00f3n de sintonizaci\u00f3n autom\u00e1tica avanzada est\u00e1 alojada en una carcasa de pl\u00e1stico ABS resistente de alto impacto y detecta todos los metales y aleaciones.\u00a0 <\/span><\/p>\n<p class=\"tw-data-text tw-text-large XcVN5d tw-ta\" dir=\"ltr\" data-placeholder=\"Traducci\u00f3n\"><span lang=\"es\">La funci\u00f3n de desensibilidad y el patr\u00f3n de detecci\u00f3n ajustada ayudan a reducir las falsas alarmas cuando se apantalla a la altura del tobillo en las proximidades de suelos con barras de refuerzo.\u00a0<\/span><\/p>\n<p class=\"tw-data-text tw-text-large XcVN5d tw-ta\" dir=\"ltr\" data-placeholder=\"Traducci\u00f3n\"><span lang=\"es\"> Los ajustes de sensibilidad se hacen a trav\u00e9s de un orificio de acceso de destornillador en la caja, reduciendo as\u00ed el potencial de manipulaci\u00f3n o ajuste inadvertido.<\/span><\/p>\n<div id=\"tw-target-text-container\" class=\"tw-ta-container hide-focus-ring tw-nfl\" tabindex=\"0\">\n<p id=\"tw-target-text\" class=\"tw-data-text tw-text-large XcVN5d tw-ta\" dir=\"ltr\" data-placeholder=\"Traducci\u00f3n\"><span lang=\"es\">Indicadores de alarma: <\/span><\/p>\n<p class=\"tw-data-text tw-text-large XcVN5d tw-ta\" dir=\"ltr\" data-placeholder=\"Traducci\u00f3n\"><span lang=\"es\">Zumbador el\u00e9ctrico peizo de alto rendimiento, modo silencioso vibraci\u00f3n alarma e indicador visual LED. Los indicadores permanecen activados mientras la bobina de b\u00fasqueda pasa sobre metal.<\/span><\/p>\n<p class=\"tw-data-text tw-text-large XcVN5d tw-ta\" dir=\"ltr\" data-placeholder=\"Traducci\u00f3n\"><span lang=\"es\"> La duraci\u00f3n de la alarma es indicativa del objeto de tama\u00f1o. Advertencia de bater\u00eda baja: Las condiciones de voltaje bajo se indican cuando la l\u00e1mpara LED parpadea y una luz fija El tono del zumbador de estado cambia a un sonido de gorjeo.<\/span><\/p>\n<h4 dir=\"ltr\" data-placeholder=\"Traducci\u00f3n\">RANGER-1500 Detector de metales<\/h4>\n<div id=\"tw-target-text-container\" class=\"tw-ta-container hide-focus-ring tw-nfl\" tabindex=\"0\">\n<p id=\"tw-target-text\" class=\"tw-data-text tw-text-large XcVN5d tw-ta\" dir=\"ltr\" data-placeholder=\"Traducci\u00f3n\"><span lang=\"es\">El control de sensibilidad totalmente ajustable permite un rendimiento \u00f3ptimo en aplicaciones de detecci\u00f3n de armas y prevenci\u00f3n de p\u00e9rdidas. reduce la fatiga del operador. <\/span><\/p>\n<p class=\"tw-data-text tw-text-large XcVN5d tw-ta\" dir=\"ltr\" data-placeholder=\"Traducci\u00f3n\"><span lang=\"es\">El ajuste autom\u00e1tico asegura resultados iguales en una amplia gama de metales. Bot\u00f3n de detecci\u00f3n y patr\u00f3n de detecci\u00f3n estrictamente controlado permite eficiente detecci\u00f3n de armas cerca de pisos que contienen barras de refuerzo. Nueva alerta de volumen alto audio puede ser f\u00e1cilmente escuchado contra niveles normales a moderados\u00a0 ruido del suelo.<\/span><\/p>\n<\/div>\n<\/div>\n<p>Ideal para revisiones m\u00e1s estrictas en el acceso de personal.<\/p>\n<p>Ajuste de sensibilidad.<\/p>\n<p>Bot\u00f3n de encendido y apagado.<\/p>\n<p>Alarma audible.<\/p>\n<p>Alimentaci\u00f3n con bater\u00edas alcalinas 9 V (No incluida).<\/p>\n<p>Tipos de operaci\u00f3n: solo audible o solo por vibraci\u00f3n<\/p>\n<p>2 A\u00f1os de garant\u00eda.<\/p>\n","protected":false},"excerpt":{"rendered":"<p><strong>RANGER-1500 Detector de metales portatil RANGER para areas silenciosas, tiene vibrador interconstru\u00eddo, en Guadalajara Jalisco.<\/strong><\/p>\n","protected":false},"featured_media":15740,"template":"","meta":{"site-sidebar-layout":"","site-content-layout":"","ast-site-content-layout":"","site-content-style":"default","site-sidebar-style":"default","ast-global-header-display":"","ast-banner-title-visibility":"","ast-main-header-display":"","ast-hfb-above-header-display":"","ast-hfb-below-header-display":"","ast-hfb-mobile-header-display":"","site-post-title":"","ast-breadcrumbs-content":"","ast-featured-img":"","footer-sml-layout":"","theme-transparent-header-meta":"","adv-header-id-meta":"","stick-header-meta":"","header-above-stick-meta":"","header-main-stick-meta":"","header-below-stick-meta":"","astra-migrate-meta-layouts":""},"product_cat":[271],"product_tag":[],"yoast_head":"<!-- This site is optimized with the Yoast SEO plugin v19.5.1 - https:\/\/yoast.com\/wordpress\/plugins\/seo\/ -->\n<title>RANGER-1500 Detector de metales portatil RANGER para areas silenciosas<\/title>\n<meta name=\"description\" content=\"Security Data &amp; Video SA de CV. RANGER-1500 Detector de metales portatil RANGER para areas silenciosas, tiene vibrador interconstru\u00eddo, en Guadalajara Jalisco.\" \/>\n<meta name=\"robots\" content=\"index, follow, max-snippet:-1, max-image-preview:large, max-video-preview:-1\" \/>\n<link rel=\"canonical\" href=\"https:\/\/www.securitydataandvideo.com\/inicio\/shop\/ranger-1500-detector-de-metales-portatil-ranger-para-areas-silenciosas-tiene-vibrador-interconstruido-en-guadalajara-jalisco\/\" \/>\n<meta property=\"og:locale\" content=\"es_MX\" \/>\n<meta property=\"og:type\" content=\"article\" \/>\n<meta property=\"og:title\" content=\"RANGER-1500 Detector de metales portatil RANGER para areas silenciosas\" \/>\n<meta property=\"og:description\" content=\"Security Data &amp; Video SA de CV. RANGER-1500 Detector de metales portatil RANGER para areas silenciosas, tiene vibrador interconstru\u00eddo, en Guadalajara Jalisco.\" \/>\n<meta property=\"og:url\" content=\"https:\/\/www.securitydataandvideo.com\/inicio\/shop\/ranger-1500-detector-de-metales-portatil-ranger-para-areas-silenciosas-tiene-vibrador-interconstruido-en-guadalajara-jalisco\/\" \/>\n<meta property=\"og:site_name\" content=\"Security Data &amp; Video SA de CV.\" \/>\n<meta property=\"article:modified_time\" content=\"2022-07-21T17:30:06+00:00\" \/>\n<meta property=\"og:image\" content=\"https:\/\/www.securitydataandvideo.com\/inicio\/wp-content\/uploads\/2022\/07\/RANGER1500-p.png\" \/>\n\t<meta property=\"og:image:width\" content=\"400\" \/>\n\t<meta property=\"og:image:height\" content=\"400\" \/>\n\t<meta property=\"og:image:type\" content=\"image\/png\" \/>\n<meta name=\"twitter:card\" content=\"summary\" \/>\n<meta name=\"twitter:label1\" content=\"Tiempo de lectura\" \/>\n\t<meta name=\"twitter:data1\" content=\"2 minutos\" \/>\n<script type=\"application\/ld+json\" class=\"yoast-schema-graph\">{\"@context\":\"https:\/\/schema.org\",\"@graph\":[{\"@type\":\"WebPage\",\"@id\":\"https:\/\/www.securitydataandvideo.com\/inicio\/shop\/ranger-1500-detector-de-metales-portatil-ranger-para-areas-silenciosas-tiene-vibrador-interconstruido-en-guadalajara-jalisco\/\",\"url\":\"https:\/\/www.securitydataandvideo.com\/inicio\/shop\/ranger-1500-detector-de-metales-portatil-ranger-para-areas-silenciosas-tiene-vibrador-interconstruido-en-guadalajara-jalisco\/\",\"name\":\"RANGER-1500 Detector de metales portatil RANGER para areas silenciosas\",\"isPartOf\":{\"@id\":\"https:\/\/www.securitydataandvideo.com\/inicio\/#website\"},\"datePublished\":\"2022-07-21T17:29:32+00:00\",\"dateModified\":\"2022-07-21T17:30:06+00:00\",\"description\":\"Security Data &amp; Video SA de CV. RANGER-1500 Detector de metales portatil RANGER para areas silenciosas, tiene vibrador interconstru\u00eddo, en Guadalajara Jalisco.\",\"breadcrumb\":{\"@id\":\"https:\/\/www.securitydataandvideo.com\/inicio\/shop\/ranger-1500-detector-de-metales-portatil-ranger-para-areas-silenciosas-tiene-vibrador-interconstruido-en-guadalajara-jalisco\/#breadcrumb\"},\"inLanguage\":\"es-MX\",\"potentialAction\":[{\"@type\":\"ReadAction\",\"target\":[\"https:\/\/www.securitydataandvideo.com\/inicio\/shop\/ranger-1500-detector-de-metales-portatil-ranger-para-areas-silenciosas-tiene-vibrador-interconstruido-en-guadalajara-jalisco\/\"]}]},{\"@type\":\"BreadcrumbList\",\"@id\":\"https:\/\/www.securitydataandvideo.com\/inicio\/shop\/ranger-1500-detector-de-metales-portatil-ranger-para-areas-silenciosas-tiene-vibrador-interconstruido-en-guadalajara-jalisco\/#breadcrumb\",\"itemListElement\":[{\"@type\":\"ListItem\",\"position\":1,\"name\":\"Inicio\",\"item\":\"https:\/\/www.securitydataandvideo.com\/inicio\/\"},{\"@type\":\"ListItem\",\"position\":2,\"name\":\"Shop\",\"item\":\"https:\/\/www.securitydataandvideo.com\/inicio\/shop\/\"},{\"@type\":\"ListItem\",\"position\":3,\"name\":\"RANGER-1500 Detector de metales portatil RANGER para areas silenciosas, tiene vibrador interconstru\u00eddo, en Guadalajara Jalisco.\"}]},{\"@type\":\"WebSite\",\"@id\":\"https:\/\/www.securitydataandvideo.com\/inicio\/#website\",\"url\":\"https:\/\/www.securitydataandvideo.com\/inicio\/\",\"name\":\"Security Data &amp; Video SA de CV.\",\"description\":\"Seguridad Electr\u00f3nica y Energ\u00eda\",\"publisher\":{\"@id\":\"https:\/\/www.securitydataandvideo.com\/inicio\/#organization\"},\"potentialAction\":[{\"@type\":\"SearchAction\",\"target\":{\"@type\":\"EntryPoint\",\"urlTemplate\":\"https:\/\/www.securitydataandvideo.com\/inicio\/?s={search_term_string}\"},\"query-input\":\"required name=search_term_string\"}],\"inLanguage\":\"es-MX\"},{\"@type\":\"Organization\",\"@id\":\"https:\/\/www.securitydataandvideo.com\/inicio\/#organization\",\"name\":\"Security Data & Video SA de CV\",\"url\":\"https:\/\/www.securitydataandvideo.com\/inicio\/\",\"sameAs\":[],\"logo\":{\"@type\":\"ImageObject\",\"inLanguage\":\"es-MX\",\"@id\":\"https:\/\/www.securitydataandvideo.com\/inicio\/#\/schema\/logo\/image\/\",\"url\":\"https:\/\/www.securitydataandvideo.com\/inicio\/wp-content\/uploads\/2021\/10\/Logo-Azul.png\",\"contentUrl\":\"https:\/\/www.securitydataandvideo.com\/inicio\/wp-content\/uploads\/2021\/10\/Logo-Azul.png\",\"width\":555,\"height\":375,\"caption\":\"Security Data & Video SA de CV\"},\"image\":{\"@id\":\"https:\/\/www.securitydataandvideo.com\/inicio\/#\/schema\/logo\/image\/\"}}]}<\/script>\n<!-- \/ Yoast SEO plugin. -->","yoast_head_json":{"title":"RANGER-1500 Detector de metales portatil RANGER para areas silenciosas","description":"Security Data &amp; Video SA de CV. RANGER-1500 Detector de metales portatil RANGER para areas silenciosas, tiene vibrador interconstru\u00eddo, en Guadalajara Jalisco.","robots":{"index":"index","follow":"follow","max-snippet":"max-snippet:-1","max-image-preview":"max-image-preview:large","max-video-preview":"max-video-preview:-1"},"canonical":"https:\/\/www.securitydataandvideo.com\/inicio\/shop\/ranger-1500-detector-de-metales-portatil-ranger-para-areas-silenciosas-tiene-vibrador-interconstruido-en-guadalajara-jalisco\/","og_locale":"es_MX","og_type":"article","og_title":"RANGER-1500 Detector de metales portatil RANGER para areas silenciosas","og_description":"Security Data &amp; Video SA de CV. RANGER-1500 Detector de metales portatil RANGER para areas silenciosas, tiene vibrador interconstru\u00eddo, en Guadalajara Jalisco.","og_url":"https:\/\/www.securitydataandvideo.com\/inicio\/shop\/ranger-1500-detector-de-metales-portatil-ranger-para-areas-silenciosas-tiene-vibrador-interconstruido-en-guadalajara-jalisco\/","og_site_name":"Security Data &amp; Video SA de CV.","article_modified_time":"2022-07-21T17:30:06+00:00","og_image":[{"width":400,"height":400,"url":"https:\/\/www.securitydataandvideo.com\/inicio\/wp-content\/uploads\/2022\/07\/RANGER1500-p.png","type":"image\/png"}],"twitter_card":"summary","twitter_misc":{"Tiempo de lectura":"2 minutos"},"schema":{"@context":"https:\/\/schema.org","@graph":[{"@type":"WebPage","@id":"https:\/\/www.securitydataandvideo.com\/inicio\/shop\/ranger-1500-detector-de-metales-portatil-ranger-para-areas-silenciosas-tiene-vibrador-interconstruido-en-guadalajara-jalisco\/","url":"https:\/\/www.securitydataandvideo.com\/inicio\/shop\/ranger-1500-detector-de-metales-portatil-ranger-para-areas-silenciosas-tiene-vibrador-interconstruido-en-guadalajara-jalisco\/","name":"RANGER-1500 Detector de metales portatil RANGER para areas silenciosas","isPartOf":{"@id":"https:\/\/www.securitydataandvideo.com\/inicio\/#website"},"datePublished":"2022-07-21T17:29:32+00:00","dateModified":"2022-07-21T17:30:06+00:00","description":"Security Data &amp; Video SA de CV. RANGER-1500 Detector de metales portatil RANGER para areas silenciosas, tiene vibrador interconstru\u00eddo, en Guadalajara Jalisco.","breadcrumb":{"@id":"https:\/\/www.securitydataandvideo.com\/inicio\/shop\/ranger-1500-detector-de-metales-portatil-ranger-para-areas-silenciosas-tiene-vibrador-interconstruido-en-guadalajara-jalisco\/#breadcrumb"},"inLanguage":"es-MX","potentialAction":[{"@type":"ReadAction","target":["https:\/\/www.securitydataandvideo.com\/inicio\/shop\/ranger-1500-detector-de-metales-portatil-ranger-para-areas-silenciosas-tiene-vibrador-interconstruido-en-guadalajara-jalisco\/"]}]},{"@type":"BreadcrumbList","@id":"https:\/\/www.securitydataandvideo.com\/inicio\/shop\/ranger-1500-detector-de-metales-portatil-ranger-para-areas-silenciosas-tiene-vibrador-interconstruido-en-guadalajara-jalisco\/#breadcrumb","itemListElement":[{"@type":"ListItem","position":1,"name":"Inicio","item":"https:\/\/www.securitydataandvideo.com\/inicio\/"},{"@type":"ListItem","position":2,"name":"Shop","item":"https:\/\/www.securitydataandvideo.com\/inicio\/shop\/"},{"@type":"ListItem","position":3,"name":"RANGER-1500 Detector de metales portatil RANGER para areas silenciosas, tiene vibrador interconstru\u00eddo, en Guadalajara Jalisco."}]},{"@type":"WebSite","@id":"https:\/\/www.securitydataandvideo.com\/inicio\/#website","url":"https:\/\/www.securitydataandvideo.com\/inicio\/","name":"Security Data &amp; Video SA de CV.","description":"Seguridad Electr\u00f3nica y Energ\u00eda","publisher":{"@id":"https:\/\/www.securitydataandvideo.com\/inicio\/#organization"},"potentialAction":[{"@type":"SearchAction","target":{"@type":"EntryPoint","urlTemplate":"https:\/\/www.securitydataandvideo.com\/inicio\/?s={search_term_string}"},"query-input":"required name=search_term_string"}],"inLanguage":"es-MX"},{"@type":"Organization","@id":"https:\/\/www.securitydataandvideo.com\/inicio\/#organization","name":"Security Data & Video SA de CV","url":"https:\/\/www.securitydataandvideo.com\/inicio\/","sameAs":[],"logo":{"@type":"ImageObject","inLanguage":"es-MX","@id":"https:\/\/www.securitydataandvideo.com\/inicio\/#\/schema\/logo\/image\/","url":"https:\/\/www.securitydataandvideo.com\/inicio\/wp-content\/uploads\/2021\/10\/Logo-Azul.png","contentUrl":"https:\/\/www.securitydataandvideo.com\/inicio\/wp-content\/uploads\/2021\/10\/Logo-Azul.png","width":555,"height":375,"caption":"Security Data & Video SA de CV"},"image":{"@id":"https:\/\/www.securitydataandvideo.com\/inicio\/#\/schema\/logo\/image\/"}}]}},"_links":{"self":[{"href":"https:\/\/www.securitydataandvideo.com\/inicio\/wp-json\/wp\/v2\/product\/15698"}],"collection":[{"href":"https:\/\/www.securitydataandvideo.com\/inicio\/wp-json\/wp\/v2\/product"}],"about":[{"href":"https:\/\/www.securitydataandvideo.com\/inicio\/wp-json\/wp\/v2\/types\/product"}],"wp:featuredmedia":[{"embeddable":true,"href":"https:\/\/www.securitydataandvideo.com\/inicio\/wp-json\/wp\/v2\/media\/15740"}],"wp:attachment":[{"href":"https:\/\/www.securitydataandvideo.com\/inicio\/wp-json\/wp\/v2\/media?parent=15698"}],"wp:term":[{"taxonomy":"product_cat","embeddable":true,"href":"https:\/\/www.securitydataandvideo.com\/inicio\/wp-json\/wp\/v2\/product_cat?post=15698"},{"taxonomy":"product_tag","embeddable":true,"href":"https:\/\/www.securitydataandvideo.com\/inicio\/wp-json\/wp\/v2\/product_tag?post=15698"}],"curies":[{"name":"wp","href":"https:\/\/api.w.org\/{rel}","templated":true}]}}