{"id":15700,"date":"2022-07-21T11:29:32","date_gmt":"2022-07-21T17:29:32","guid":{"rendered":"https:\/\/www.securitydataandvideo.com\/inicio\/?post_type=product&#038;p=15700"},"modified":"2022-07-21T11:30:08","modified_gmt":"2022-07-21T17:30:08","slug":"yli-kit500zl-paquete-de-contrachapa-magnetica-de-uso-rudo-hasta-500-kg-incluye-accesorio-zl-voltaje-dual-puertas-madera-v-idrio-metal-en-guadalajara-jalisco","status":"publish","type":"product","link":"https:\/\/www.securitydataandvideo.com\/inicio\/shop\/yli-kit500zl-paquete-de-contrachapa-magnetica-de-uso-rudo-hasta-500-kg-incluye-accesorio-zl-voltaje-dual-puertas-madera-v-idrio-metal-en-guadalajara-jalisco\/","title":{"rendered":"YLI KIT500ZL &#8211; Paquete de contrachapa magnetica de uso rudo \/ Hasta 500 Kg \/ Incluye accesorio ZL \/ Voltaje dual \/ Puertas MADERA, V IDRIO, metal en guadalajara jalisco."},"content":{"rendered":"<p><strong>YLI KIT500ZL &#8211; Paquete de contrachapa magnetica de uso rudo \/ Hasta 500 Kg \/ Incluye accesorio ZL \/ Voltaje dual \/ Puertas MADERA, V IDRIO, metal en guadalajara jalisco.<\/strong><\/p>\n<h5 class=\"card-title text-center\">DESCRIPCI\u00d3N<\/h5>\n<p class=\"ql-align-justify\">Una cerradura magn\u00e9tica o mejor conocida como \u201ccerradura electromagn\u00e9tica\u201d es una de las cerraduras m\u00e1s seguras utilizadas hoy en d\u00eda tanto en oficinas como en la industria, en la cual siempre\u00a0es necesario\u00a0contar con un tipo de control de acceso hacia su personal, clientes y empleados.<\/p>\n<p class=\"ql-align-justify\"><strong>ESPECIFICACIONES<\/strong><\/p>\n<ul>\n<li class=\"ql-align-justify\">Libras de presi\u00f3n: 1200 (500 Kg).<\/li>\n<li class=\"ql-align-justify\">Supresor de picos de voltaje integrado.<\/li>\n<li class=\"ql-align-justify\">Voltaje dual: 12V DC \/ 24V DC.<\/li>\n<li class=\"ql-align-justify\">Cerrado cuando se encuentra energizada.<\/li>\n<li class=\"ql-align-justify\">Peso neto: 4.5 Kg.<\/li>\n<li class=\"ql-align-justify\">Consumo de corriente: 420mA @ 12V DC \/ 210mA @ 24V DC.<\/li>\n<\/ul>\n<p class=\"ql-align-justify\"><strong>FUNCIONES<\/strong><\/p>\n<p class=\"ql-align-justify\">Este usa el principio del electroim\u00e1n; mediante electricidad podemos producir energ\u00eda magn\u00e9tica, a grandes rasgos; mediante la corriente el\u00e9ctrica suministrada, \u00e9sta chapa se convierte en un poderoso electroim\u00e1n, adhiri\u00e9ndose fuertemente al marco de la puerta al momento en que desee cerrarse la puerta. por lo que cuando la electricidad pasa la hoja de acero de silicio, la cerradura magn\u00e9tica atraer\u00e1 la hoja de hierro tan de cerca como para bloquear la puerta. La electricidad se cortar\u00e1 y luego la cerradura se abrir\u00e1 si el sistema de control de acceso reconoce a una persona.<\/p>\n<ul>\n<li class=\"ql-align-justify\">Esta contrachapa soporta hasta 500 kilogramos de fuerza de retenci\u00f3n.<\/li>\n<\/ul>\n<p><img class=\"overview-center-img-web\" src=\"https:\/\/tvc.mx\/media\/66714\/CENTRAL.png\" \/><\/p>\n","protected":false},"excerpt":{"rendered":"<p><strong>YLI KIT500ZL &#8211; Paquete de contrachapa magnetica de uso rudo \/ Hasta 500 Kg \/ Incluye accesorio ZL \/ Voltaje dual \/ Puertas MADERA, V IDRIO, metal en guadalajara jalisco.<\/strong><\/p>\n","protected":false},"featured_media":15742,"template":"","meta":{"site-sidebar-layout":"","site-content-layout":"","ast-site-content-layout":"","site-content-style":"default","site-sidebar-style":"default","ast-global-header-display":"","ast-banner-title-visibility":"","ast-main-header-display":"","ast-hfb-above-header-display":"","ast-hfb-below-header-display":"","ast-hfb-mobile-header-display":"","site-post-title":"","ast-breadcrumbs-content":"","ast-featured-img":"","footer-sml-layout":"","theme-transparent-header-meta":"","adv-header-id-meta":"","stick-header-meta":"","header-above-stick-meta":"","header-main-stick-meta":"","header-below-stick-meta":"","astra-migrate-meta-layouts":""},"product_cat":[275],"product_tag":[276],"yoast_head":"<!-- This site is optimized with the Yoast SEO plugin v19.5.1 - https:\/\/yoast.com\/wordpress\/plugins\/seo\/ -->\n<title>YLI KIT500ZL - Paquete de contrachapa magnetica de uso rudo \/ Hasta 500 Kg<\/title>\n<meta name=\"description\" content=\"Security Data &amp; Video SA de CV. YLI KIT500ZL - Paquete de contrachapa magnetica de uso rudo \/ Hasta 500 Kg \/ Incluye accesorio ZL \/ Voltaje dual \/ Puertas MADERA, V IDRIO, metal en guadalajara jalisco.\" \/>\n<meta name=\"robots\" content=\"index, follow, max-snippet:-1, max-image-preview:large, max-video-preview:-1\" \/>\n<link rel=\"canonical\" href=\"https:\/\/www.securitydataandvideo.com\/inicio\/shop\/yli-kit500zl-paquete-de-contrachapa-magnetica-de-uso-rudo-hasta-500-kg-incluye-accesorio-zl-voltaje-dual-puertas-madera-v-idrio-metal-en-guadalajara-jalisco\/\" \/>\n<meta property=\"og:locale\" content=\"es_MX\" \/>\n<meta property=\"og:type\" content=\"article\" \/>\n<meta property=\"og:title\" content=\"YLI KIT500ZL - Paquete de contrachapa magnetica de uso rudo \/ Hasta 500 Kg\" \/>\n<meta property=\"og:description\" content=\"Security Data &amp; Video SA de CV. YLI KIT500ZL - Paquete de contrachapa magnetica de uso rudo \/ Hasta 500 Kg \/ Incluye accesorio ZL \/ Voltaje dual \/ Puertas MADERA, V IDRIO, metal en guadalajara jalisco.\" \/>\n<meta property=\"og:url\" content=\"https:\/\/www.securitydataandvideo.com\/inicio\/shop\/yli-kit500zl-paquete-de-contrachapa-magnetica-de-uso-rudo-hasta-500-kg-incluye-accesorio-zl-voltaje-dual-puertas-madera-v-idrio-metal-en-guadalajara-jalisco\/\" \/>\n<meta property=\"og:site_name\" content=\"Security Data &amp; Video SA de CV.\" \/>\n<meta property=\"article:modified_time\" content=\"2022-07-21T17:30:08+00:00\" \/>\n<meta property=\"og:image\" content=\"https:\/\/www.securitydataandvideo.com\/inicio\/wp-content\/uploads\/2022\/07\/9836-e1601672901114.jpg\" \/>\n\t<meta property=\"og:image:width\" content=\"300\" \/>\n\t<meta property=\"og:image:height\" content=\"400\" \/>\n\t<meta property=\"og:image:type\" content=\"image\/jpeg\" \/>\n<meta name=\"twitter:card\" content=\"summary\" \/>\n<meta name=\"twitter:label1\" content=\"Tiempo de lectura\" \/>\n\t<meta name=\"twitter:data1\" content=\"1 minuto\" \/>\n<script type=\"application\/ld+json\" class=\"yoast-schema-graph\">{\"@context\":\"https:\/\/schema.org\",\"@graph\":[{\"@type\":\"WebPage\",\"@id\":\"https:\/\/www.securitydataandvideo.com\/inicio\/shop\/yli-kit500zl-paquete-de-contrachapa-magnetica-de-uso-rudo-hasta-500-kg-incluye-accesorio-zl-voltaje-dual-puertas-madera-v-idrio-metal-en-guadalajara-jalisco\/\",\"url\":\"https:\/\/www.securitydataandvideo.com\/inicio\/shop\/yli-kit500zl-paquete-de-contrachapa-magnetica-de-uso-rudo-hasta-500-kg-incluye-accesorio-zl-voltaje-dual-puertas-madera-v-idrio-metal-en-guadalajara-jalisco\/\",\"name\":\"YLI KIT500ZL - Paquete de contrachapa magnetica de uso rudo \/ Hasta 500 Kg\",\"isPartOf\":{\"@id\":\"https:\/\/www.securitydataandvideo.com\/inicio\/#website\"},\"datePublished\":\"2022-07-21T17:29:32+00:00\",\"dateModified\":\"2022-07-21T17:30:08+00:00\",\"description\":\"Security Data &amp; Video SA de CV. YLI KIT500ZL - Paquete de contrachapa magnetica de uso rudo \/ Hasta 500 Kg \/ Incluye accesorio ZL \/ Voltaje dual \/ Puertas MADERA, V IDRIO, metal en guadalajara jalisco.\",\"breadcrumb\":{\"@id\":\"https:\/\/www.securitydataandvideo.com\/inicio\/shop\/yli-kit500zl-paquete-de-contrachapa-magnetica-de-uso-rudo-hasta-500-kg-incluye-accesorio-zl-voltaje-dual-puertas-madera-v-idrio-metal-en-guadalajara-jalisco\/#breadcrumb\"},\"inLanguage\":\"es-MX\",\"potentialAction\":[{\"@type\":\"ReadAction\",\"target\":[\"https:\/\/www.securitydataandvideo.com\/inicio\/shop\/yli-kit500zl-paquete-de-contrachapa-magnetica-de-uso-rudo-hasta-500-kg-incluye-accesorio-zl-voltaje-dual-puertas-madera-v-idrio-metal-en-guadalajara-jalisco\/\"]}]},{\"@type\":\"BreadcrumbList\",\"@id\":\"https:\/\/www.securitydataandvideo.com\/inicio\/shop\/yli-kit500zl-paquete-de-contrachapa-magnetica-de-uso-rudo-hasta-500-kg-incluye-accesorio-zl-voltaje-dual-puertas-madera-v-idrio-metal-en-guadalajara-jalisco\/#breadcrumb\",\"itemListElement\":[{\"@type\":\"ListItem\",\"position\":1,\"name\":\"Inicio\",\"item\":\"https:\/\/www.securitydataandvideo.com\/inicio\/\"},{\"@type\":\"ListItem\",\"position\":2,\"name\":\"Shop\",\"item\":\"https:\/\/www.securitydataandvideo.com\/inicio\/shop\/\"},{\"@type\":\"ListItem\",\"position\":3,\"name\":\"YLI KIT500ZL &#8211; Paquete de contrachapa magnetica de uso rudo \/ Hasta 500 Kg \/ Incluye accesorio ZL \/ Voltaje dual \/ Puertas MADERA, V IDRIO, metal en guadalajara jalisco.\"}]},{\"@type\":\"WebSite\",\"@id\":\"https:\/\/www.securitydataandvideo.com\/inicio\/#website\",\"url\":\"https:\/\/www.securitydataandvideo.com\/inicio\/\",\"name\":\"Security Data &amp; Video SA de CV.\",\"description\":\"Seguridad Electr\u00f3nica y Energ\u00eda\",\"publisher\":{\"@id\":\"https:\/\/www.securitydataandvideo.com\/inicio\/#organization\"},\"potentialAction\":[{\"@type\":\"SearchAction\",\"target\":{\"@type\":\"EntryPoint\",\"urlTemplate\":\"https:\/\/www.securitydataandvideo.com\/inicio\/?s={search_term_string}\"},\"query-input\":\"required name=search_term_string\"}],\"inLanguage\":\"es-MX\"},{\"@type\":\"Organization\",\"@id\":\"https:\/\/www.securitydataandvideo.com\/inicio\/#organization\",\"name\":\"Security Data & Video SA de CV\",\"url\":\"https:\/\/www.securitydataandvideo.com\/inicio\/\",\"sameAs\":[],\"logo\":{\"@type\":\"ImageObject\",\"inLanguage\":\"es-MX\",\"@id\":\"https:\/\/www.securitydataandvideo.com\/inicio\/#\/schema\/logo\/image\/\",\"url\":\"https:\/\/www.securitydataandvideo.com\/inicio\/wp-content\/uploads\/2021\/10\/Logo-Azul.png\",\"contentUrl\":\"https:\/\/www.securitydataandvideo.com\/inicio\/wp-content\/uploads\/2021\/10\/Logo-Azul.png\",\"width\":555,\"height\":375,\"caption\":\"Security Data & Video SA de CV\"},\"image\":{\"@id\":\"https:\/\/www.securitydataandvideo.com\/inicio\/#\/schema\/logo\/image\/\"}}]}<\/script>\n<!-- \/ Yoast SEO plugin. -->","yoast_head_json":{"title":"YLI KIT500ZL - Paquete de contrachapa magnetica de uso rudo \/ Hasta 500 Kg","description":"Security Data &amp; Video SA de CV. YLI KIT500ZL - Paquete de contrachapa magnetica de uso rudo \/ Hasta 500 Kg \/ Incluye accesorio ZL \/ Voltaje dual \/ Puertas MADERA, V IDRIO, metal en guadalajara jalisco.","robots":{"index":"index","follow":"follow","max-snippet":"max-snippet:-1","max-image-preview":"max-image-preview:large","max-video-preview":"max-video-preview:-1"},"canonical":"https:\/\/www.securitydataandvideo.com\/inicio\/shop\/yli-kit500zl-paquete-de-contrachapa-magnetica-de-uso-rudo-hasta-500-kg-incluye-accesorio-zl-voltaje-dual-puertas-madera-v-idrio-metal-en-guadalajara-jalisco\/","og_locale":"es_MX","og_type":"article","og_title":"YLI KIT500ZL - Paquete de contrachapa magnetica de uso rudo \/ Hasta 500 Kg","og_description":"Security Data &amp; Video SA de CV. YLI KIT500ZL - Paquete de contrachapa magnetica de uso rudo \/ Hasta 500 Kg \/ Incluye accesorio ZL \/ Voltaje dual \/ Puertas MADERA, V IDRIO, metal en guadalajara jalisco.","og_url":"https:\/\/www.securitydataandvideo.com\/inicio\/shop\/yli-kit500zl-paquete-de-contrachapa-magnetica-de-uso-rudo-hasta-500-kg-incluye-accesorio-zl-voltaje-dual-puertas-madera-v-idrio-metal-en-guadalajara-jalisco\/","og_site_name":"Security Data &amp; Video SA de CV.","article_modified_time":"2022-07-21T17:30:08+00:00","og_image":[{"width":300,"height":400,"url":"https:\/\/www.securitydataandvideo.com\/inicio\/wp-content\/uploads\/2022\/07\/9836-e1601672901114.jpg","type":"image\/jpeg"}],"twitter_card":"summary","twitter_misc":{"Tiempo de lectura":"1 minuto"},"schema":{"@context":"https:\/\/schema.org","@graph":[{"@type":"WebPage","@id":"https:\/\/www.securitydataandvideo.com\/inicio\/shop\/yli-kit500zl-paquete-de-contrachapa-magnetica-de-uso-rudo-hasta-500-kg-incluye-accesorio-zl-voltaje-dual-puertas-madera-v-idrio-metal-en-guadalajara-jalisco\/","url":"https:\/\/www.securitydataandvideo.com\/inicio\/shop\/yli-kit500zl-paquete-de-contrachapa-magnetica-de-uso-rudo-hasta-500-kg-incluye-accesorio-zl-voltaje-dual-puertas-madera-v-idrio-metal-en-guadalajara-jalisco\/","name":"YLI KIT500ZL - Paquete de contrachapa magnetica de uso rudo \/ Hasta 500 Kg","isPartOf":{"@id":"https:\/\/www.securitydataandvideo.com\/inicio\/#website"},"datePublished":"2022-07-21T17:29:32+00:00","dateModified":"2022-07-21T17:30:08+00:00","description":"Security Data &amp; Video SA de CV. YLI KIT500ZL - Paquete de contrachapa magnetica de uso rudo \/ Hasta 500 Kg \/ Incluye accesorio ZL \/ Voltaje dual \/ Puertas MADERA, V IDRIO, metal en guadalajara jalisco.","breadcrumb":{"@id":"https:\/\/www.securitydataandvideo.com\/inicio\/shop\/yli-kit500zl-paquete-de-contrachapa-magnetica-de-uso-rudo-hasta-500-kg-incluye-accesorio-zl-voltaje-dual-puertas-madera-v-idrio-metal-en-guadalajara-jalisco\/#breadcrumb"},"inLanguage":"es-MX","potentialAction":[{"@type":"ReadAction","target":["https:\/\/www.securitydataandvideo.com\/inicio\/shop\/yli-kit500zl-paquete-de-contrachapa-magnetica-de-uso-rudo-hasta-500-kg-incluye-accesorio-zl-voltaje-dual-puertas-madera-v-idrio-metal-en-guadalajara-jalisco\/"]}]},{"@type":"BreadcrumbList","@id":"https:\/\/www.securitydataandvideo.com\/inicio\/shop\/yli-kit500zl-paquete-de-contrachapa-magnetica-de-uso-rudo-hasta-500-kg-incluye-accesorio-zl-voltaje-dual-puertas-madera-v-idrio-metal-en-guadalajara-jalisco\/#breadcrumb","itemListElement":[{"@type":"ListItem","position":1,"name":"Inicio","item":"https:\/\/www.securitydataandvideo.com\/inicio\/"},{"@type":"ListItem","position":2,"name":"Shop","item":"https:\/\/www.securitydataandvideo.com\/inicio\/shop\/"},{"@type":"ListItem","position":3,"name":"YLI KIT500ZL &#8211; Paquete de contrachapa magnetica de uso rudo \/ Hasta 500 Kg \/ Incluye accesorio ZL \/ Voltaje dual \/ Puertas MADERA, V IDRIO, metal en guadalajara jalisco."}]},{"@type":"WebSite","@id":"https:\/\/www.securitydataandvideo.com\/inicio\/#website","url":"https:\/\/www.securitydataandvideo.com\/inicio\/","name":"Security Data &amp; Video SA de CV.","description":"Seguridad Electr\u00f3nica y Energ\u00eda","publisher":{"@id":"https:\/\/www.securitydataandvideo.com\/inicio\/#organization"},"potentialAction":[{"@type":"SearchAction","target":{"@type":"EntryPoint","urlTemplate":"https:\/\/www.securitydataandvideo.com\/inicio\/?s={search_term_string}"},"query-input":"required name=search_term_string"}],"inLanguage":"es-MX"},{"@type":"Organization","@id":"https:\/\/www.securitydataandvideo.com\/inicio\/#organization","name":"Security Data & Video SA de CV","url":"https:\/\/www.securitydataandvideo.com\/inicio\/","sameAs":[],"logo":{"@type":"ImageObject","inLanguage":"es-MX","@id":"https:\/\/www.securitydataandvideo.com\/inicio\/#\/schema\/logo\/image\/","url":"https:\/\/www.securitydataandvideo.com\/inicio\/wp-content\/uploads\/2021\/10\/Logo-Azul.png","contentUrl":"https:\/\/www.securitydataandvideo.com\/inicio\/wp-content\/uploads\/2021\/10\/Logo-Azul.png","width":555,"height":375,"caption":"Security Data & Video SA de CV"},"image":{"@id":"https:\/\/www.securitydataandvideo.com\/inicio\/#\/schema\/logo\/image\/"}}]}},"_links":{"self":[{"href":"https:\/\/www.securitydataandvideo.com\/inicio\/wp-json\/wp\/v2\/product\/15700"}],"collection":[{"href":"https:\/\/www.securitydataandvideo.com\/inicio\/wp-json\/wp\/v2\/product"}],"about":[{"href":"https:\/\/www.securitydataandvideo.com\/inicio\/wp-json\/wp\/v2\/types\/product"}],"wp:featuredmedia":[{"embeddable":true,"href":"https:\/\/www.securitydataandvideo.com\/inicio\/wp-json\/wp\/v2\/media\/15742"}],"wp:attachment":[{"href":"https:\/\/www.securitydataandvideo.com\/inicio\/wp-json\/wp\/v2\/media?parent=15700"}],"wp:term":[{"taxonomy":"product_cat","embeddable":true,"href":"https:\/\/www.securitydataandvideo.com\/inicio\/wp-json\/wp\/v2\/product_cat?post=15700"},{"taxonomy":"product_tag","embeddable":true,"href":"https:\/\/www.securitydataandvideo.com\/inicio\/wp-json\/wp\/v2\/product_tag?post=15700"}],"curies":[{"name":"wp","href":"https:\/\/api.w.org\/{rel}","templated":true}]}}