{"id":15701,"date":"2022-07-21T11:29:33","date_gmt":"2022-07-21T17:29:33","guid":{"rendered":"https:\/\/www.securitydataandvideo.com\/inicio\/?post_type=product&#038;p=15701"},"modified":"2022-07-21T11:30:09","modified_gmt":"2022-07-21T17:30:09","slug":"yli-paqym350ws-paquete-con-chapa-de-350-kg-800-lb-para-uso-en-exteriores-o-interiores-ip68-uso-en-puertas-de-metal-vidrio-o-madera-incluye-soporte-de-fijacion-zl-en-guadalajara-jalisco-mexico","status":"publish","type":"product","link":"https:\/\/www.securitydataandvideo.com\/inicio\/shop\/yli-paqym350ws-paquete-con-chapa-de-350-kg-800-lb-para-uso-en-exteriores-o-interiores-ip68-uso-en-puertas-de-metal-vidrio-o-madera-incluye-soporte-de-fijacion-zl-en-guadalajara-jalisco-mexico\/","title":{"rendered":"YLI PAQYM350WS &#8211; Paquete con chapa de 350 kg\/800 Lb para uso en exteriores o interiores IP68 uso en puertas de metal, vidrio o madera incluye soporte de fijacion ZL\/ en guadalajara jalisco mexico."},"content":{"rendered":"<p><strong>YLI PAQYM350WS &#8211; Paquete con chapa de 350 kg\/800 Lb para uso en exteriores o interiores IP68 uso en puertas de metal, vidrio o madera incluye soporte de fijacion ZL\/ en guadalajara jalisco mexico.<\/strong><\/p>\n<p><strong>Caracter\u00edsticas principales:<\/strong><\/p>\n<p>Tama\u00f1o del cuerpo de la cerradura &#8211; Longitud 227.5x ancho 52x espesor 28.5 (mm)<\/p>\n<p>Tama\u00f1o de la placa de succi\u00f3n &#8211; Longitud 190x ancho 45x espesor 13.2 (mm)<\/p>\n<p>Tracci\u00f3n m\u00e1xima &#8211; Tensi\u00f3n lineal de 350 kg (800 lb)<\/p>\n<p>Voltaje de entrada &#8211; DC12V (DC24V ajustable)<\/p>\n<p>Corriente de trabajo &#8211; 12V \/ 500mA (\u00b1 10%); 24V \/ 250mA (\u00b1 10%)<\/p>\n<p>Tipo de puerta aplicable &#8211; Puerta de madera, puerta de cristal, puerta de metal, puerta cortafuego<\/p>\n<p>Salida de se\u00f1al &#8211; Se\u00f1al de estado de bloqueo contacto NO COM<\/p>\n<p>Temperatura de la superficie &#8211; Menos de temperatura ambiente + 20 \u2103<\/p>\n<p>Temperatura aplicable -20 \u2103 ~ + 55 \u2103 (-4\u2014131 \u00b0 F)<\/p>\n<p>Humedad aplicable &#8211; Protecci\u00f3n del medio ambiente galvanizado 0 ~ 90% de humedad relativa<\/p>\n<p>Procesamiento de Shell &#8211; Revestimiento duro anodizado<\/p>\n<p>Procesamiento del cuerpo de la cerradura &#8211; Protecci\u00f3n del medio ambiente galvanizado<\/p>\n<p>Procesamiento de placa de succi\u00f3n &#8211; Protecci\u00f3n del medio ambiente galvanizado<\/p>\n<p>Clasificaci\u00f3n a prueba de agua &#8211; IP-68<\/p>\n<p>Peso del producto &#8211; 2.5kg<\/p>\n<p><em><strong><u>MBK350ZLW &#8211; Soporte de electroiman<\/u><\/strong><\/em><\/p>\n<p>Este accesorio puede utilizarse en situaciones donde la puerta abra hacia adentro, dando la seguridad del acceso ocultando la chapa, manteniendo sin alterar la elegancia del entorno externo de la puerta. \u00c9ste deber\u00e1 colocarse sobre puesto en la pared arriba del marco de la puerta en la esquina opuesta a las bisagras, y un soporte en \u201cZ\u201d\u00a0Mas informaci\u00f3n.<\/p>\n<p><strong>Caracter\u00edsticas principales:<\/strong><\/p>\n<p>Material aluminio.<\/p>\n<p>Adecuado para puertas con apertura interior.<\/p>\n<p>Compatible con chapa magn\u00e9tica YM350WS de 350 Kg.<\/p>\n<p>Modo de apertura: puerta de 90\u00b0.<\/p>\n<p>Peso 1.1 Kg.<\/p>\n","protected":false},"excerpt":{"rendered":"<p><strong>YLI PAQYM350WS &#8211; Paquete con chapa de 350 kg\/800 Lb para uso en exteriores o interiores IP68 uso en puertas de metal, vidrio o madera incluye soporte de fijacion ZL\/ en guadalajara jalisco mexico.<\/strong><\/p>\n","protected":false},"featured_media":15743,"template":"","meta":{"site-sidebar-layout":"","site-content-layout":"","ast-site-content-layout":"","site-content-style":"default","site-sidebar-style":"default","ast-global-header-display":"","ast-banner-title-visibility":"","ast-main-header-display":"","ast-hfb-above-header-display":"","ast-hfb-below-header-display":"","ast-hfb-mobile-header-display":"","site-post-title":"","ast-breadcrumbs-content":"","ast-featured-img":"","footer-sml-layout":"","theme-transparent-header-meta":"","adv-header-id-meta":"","stick-header-meta":"","header-above-stick-meta":"","header-main-stick-meta":"","header-below-stick-meta":"","astra-migrate-meta-layouts":""},"product_cat":[275],"product_tag":[276],"yoast_head":"<!-- This site is optimized with the Yoast SEO plugin v19.5.1 - https:\/\/yoast.com\/wordpress\/plugins\/seo\/ -->\n<title>YLI PAQYM350WS - Paquete con chapa de 350 kg\/800 Lb para uso en exteriores<\/title>\n<meta name=\"description\" content=\"Security Data &amp; Video SA de CV. YLI PAQYM350WS - Paquete con chapa de 350 kg\/800 Lb para uso en exteriores o interiores IP68 uso en puertas de metal, vidrio o madera incluye soporte de fijacion ZL\/ en guadalajara jalisco mexico.\" \/>\n<meta name=\"robots\" content=\"index, follow, max-snippet:-1, max-image-preview:large, max-video-preview:-1\" \/>\n<link rel=\"canonical\" href=\"https:\/\/www.securitydataandvideo.com\/inicio\/shop\/yli-paqym350ws-paquete-con-chapa-de-350-kg-800-lb-para-uso-en-exteriores-o-interiores-ip68-uso-en-puertas-de-metal-vidrio-o-madera-incluye-soporte-de-fijacion-zl-en-guadalajara-jalisco-mexico\/\" \/>\n<meta property=\"og:locale\" content=\"es_MX\" \/>\n<meta property=\"og:type\" content=\"article\" \/>\n<meta property=\"og:title\" content=\"YLI PAQYM350WS - Paquete con chapa de 350 kg\/800 Lb para uso en exteriores\" \/>\n<meta property=\"og:description\" content=\"Security Data &amp; Video SA de CV. YLI PAQYM350WS - Paquete con chapa de 350 kg\/800 Lb para uso en exteriores o interiores IP68 uso en puertas de metal, vidrio o madera incluye soporte de fijacion ZL\/ en guadalajara jalisco mexico.\" \/>\n<meta property=\"og:url\" content=\"https:\/\/www.securitydataandvideo.com\/inicio\/shop\/yli-paqym350ws-paquete-con-chapa-de-350-kg-800-lb-para-uso-en-exteriores-o-interiores-ip68-uso-en-puertas-de-metal-vidrio-o-madera-incluye-soporte-de-fijacion-zl-en-guadalajara-jalisco-mexico\/\" \/>\n<meta property=\"og:site_name\" content=\"Security Data &amp; Video SA de CV.\" \/>\n<meta property=\"article:modified_time\" content=\"2022-07-21T17:30:09+00:00\" \/>\n<meta property=\"og:image\" content=\"https:\/\/www.securitydataandvideo.com\/inicio\/wp-content\/uploads\/2022\/07\/PRINCIPALPAQYM350WS-e1601672884618.png\" \/>\n\t<meta property=\"og:image:width\" content=\"300\" \/>\n\t<meta property=\"og:image:height\" content=\"400\" \/>\n\t<meta property=\"og:image:type\" content=\"image\/png\" \/>\n<meta name=\"twitter:card\" content=\"summary\" \/>\n<meta name=\"twitter:label1\" content=\"Tiempo de lectura\" \/>\n\t<meta name=\"twitter:data1\" content=\"1 minuto\" \/>\n<script type=\"application\/ld+json\" class=\"yoast-schema-graph\">{\"@context\":\"https:\/\/schema.org\",\"@graph\":[{\"@type\":\"WebPage\",\"@id\":\"https:\/\/www.securitydataandvideo.com\/inicio\/shop\/yli-paqym350ws-paquete-con-chapa-de-350-kg-800-lb-para-uso-en-exteriores-o-interiores-ip68-uso-en-puertas-de-metal-vidrio-o-madera-incluye-soporte-de-fijacion-zl-en-guadalajara-jalisco-mexico\/\",\"url\":\"https:\/\/www.securitydataandvideo.com\/inicio\/shop\/yli-paqym350ws-paquete-con-chapa-de-350-kg-800-lb-para-uso-en-exteriores-o-interiores-ip68-uso-en-puertas-de-metal-vidrio-o-madera-incluye-soporte-de-fijacion-zl-en-guadalajara-jalisco-mexico\/\",\"name\":\"YLI PAQYM350WS - Paquete con chapa de 350 kg\/800 Lb para uso en exteriores\",\"isPartOf\":{\"@id\":\"https:\/\/www.securitydataandvideo.com\/inicio\/#website\"},\"datePublished\":\"2022-07-21T17:29:33+00:00\",\"dateModified\":\"2022-07-21T17:30:09+00:00\",\"description\":\"Security Data &amp; Video SA de CV. YLI PAQYM350WS - Paquete con chapa de 350 kg\/800 Lb para uso en exteriores o interiores IP68 uso en puertas de metal, vidrio o madera incluye soporte de fijacion ZL\/ en guadalajara jalisco mexico.\",\"breadcrumb\":{\"@id\":\"https:\/\/www.securitydataandvideo.com\/inicio\/shop\/yli-paqym350ws-paquete-con-chapa-de-350-kg-800-lb-para-uso-en-exteriores-o-interiores-ip68-uso-en-puertas-de-metal-vidrio-o-madera-incluye-soporte-de-fijacion-zl-en-guadalajara-jalisco-mexico\/#breadcrumb\"},\"inLanguage\":\"es-MX\",\"potentialAction\":[{\"@type\":\"ReadAction\",\"target\":[\"https:\/\/www.securitydataandvideo.com\/inicio\/shop\/yli-paqym350ws-paquete-con-chapa-de-350-kg-800-lb-para-uso-en-exteriores-o-interiores-ip68-uso-en-puertas-de-metal-vidrio-o-madera-incluye-soporte-de-fijacion-zl-en-guadalajara-jalisco-mexico\/\"]}]},{\"@type\":\"BreadcrumbList\",\"@id\":\"https:\/\/www.securitydataandvideo.com\/inicio\/shop\/yli-paqym350ws-paquete-con-chapa-de-350-kg-800-lb-para-uso-en-exteriores-o-interiores-ip68-uso-en-puertas-de-metal-vidrio-o-madera-incluye-soporte-de-fijacion-zl-en-guadalajara-jalisco-mexico\/#breadcrumb\",\"itemListElement\":[{\"@type\":\"ListItem\",\"position\":1,\"name\":\"Inicio\",\"item\":\"https:\/\/www.securitydataandvideo.com\/inicio\/\"},{\"@type\":\"ListItem\",\"position\":2,\"name\":\"Shop\",\"item\":\"https:\/\/www.securitydataandvideo.com\/inicio\/shop\/\"},{\"@type\":\"ListItem\",\"position\":3,\"name\":\"YLI PAQYM350WS &#8211; Paquete con chapa de 350 kg\/800 Lb para uso en exteriores o interiores IP68 uso en puertas de metal, vidrio o madera incluye soporte de fijacion ZL\/ en guadalajara jalisco mexico.\"}]},{\"@type\":\"WebSite\",\"@id\":\"https:\/\/www.securitydataandvideo.com\/inicio\/#website\",\"url\":\"https:\/\/www.securitydataandvideo.com\/inicio\/\",\"name\":\"Security Data &amp; Video SA de CV.\",\"description\":\"Seguridad Electr\u00f3nica y Energ\u00eda\",\"publisher\":{\"@id\":\"https:\/\/www.securitydataandvideo.com\/inicio\/#organization\"},\"potentialAction\":[{\"@type\":\"SearchAction\",\"target\":{\"@type\":\"EntryPoint\",\"urlTemplate\":\"https:\/\/www.securitydataandvideo.com\/inicio\/?s={search_term_string}\"},\"query-input\":\"required name=search_term_string\"}],\"inLanguage\":\"es-MX\"},{\"@type\":\"Organization\",\"@id\":\"https:\/\/www.securitydataandvideo.com\/inicio\/#organization\",\"name\":\"Security Data & Video SA de CV\",\"url\":\"https:\/\/www.securitydataandvideo.com\/inicio\/\",\"sameAs\":[],\"logo\":{\"@type\":\"ImageObject\",\"inLanguage\":\"es-MX\",\"@id\":\"https:\/\/www.securitydataandvideo.com\/inicio\/#\/schema\/logo\/image\/\",\"url\":\"https:\/\/www.securitydataandvideo.com\/inicio\/wp-content\/uploads\/2021\/10\/Logo-Azul.png\",\"contentUrl\":\"https:\/\/www.securitydataandvideo.com\/inicio\/wp-content\/uploads\/2021\/10\/Logo-Azul.png\",\"width\":555,\"height\":375,\"caption\":\"Security Data & Video SA de CV\"},\"image\":{\"@id\":\"https:\/\/www.securitydataandvideo.com\/inicio\/#\/schema\/logo\/image\/\"}}]}<\/script>\n<!-- \/ Yoast SEO plugin. -->","yoast_head_json":{"title":"YLI PAQYM350WS - Paquete con chapa de 350 kg\/800 Lb para uso en exteriores","description":"Security Data &amp; Video SA de CV. YLI PAQYM350WS - Paquete con chapa de 350 kg\/800 Lb para uso en exteriores o interiores IP68 uso en puertas de metal, vidrio o madera incluye soporte de fijacion ZL\/ en guadalajara jalisco mexico.","robots":{"index":"index","follow":"follow","max-snippet":"max-snippet:-1","max-image-preview":"max-image-preview:large","max-video-preview":"max-video-preview:-1"},"canonical":"https:\/\/www.securitydataandvideo.com\/inicio\/shop\/yli-paqym350ws-paquete-con-chapa-de-350-kg-800-lb-para-uso-en-exteriores-o-interiores-ip68-uso-en-puertas-de-metal-vidrio-o-madera-incluye-soporte-de-fijacion-zl-en-guadalajara-jalisco-mexico\/","og_locale":"es_MX","og_type":"article","og_title":"YLI PAQYM350WS - Paquete con chapa de 350 kg\/800 Lb para uso en exteriores","og_description":"Security Data &amp; Video SA de CV. YLI PAQYM350WS - Paquete con chapa de 350 kg\/800 Lb para uso en exteriores o interiores IP68 uso en puertas de metal, vidrio o madera incluye soporte de fijacion ZL\/ en guadalajara jalisco mexico.","og_url":"https:\/\/www.securitydataandvideo.com\/inicio\/shop\/yli-paqym350ws-paquete-con-chapa-de-350-kg-800-lb-para-uso-en-exteriores-o-interiores-ip68-uso-en-puertas-de-metal-vidrio-o-madera-incluye-soporte-de-fijacion-zl-en-guadalajara-jalisco-mexico\/","og_site_name":"Security Data &amp; Video SA de CV.","article_modified_time":"2022-07-21T17:30:09+00:00","og_image":[{"width":300,"height":400,"url":"https:\/\/www.securitydataandvideo.com\/inicio\/wp-content\/uploads\/2022\/07\/PRINCIPALPAQYM350WS-e1601672884618.png","type":"image\/png"}],"twitter_card":"summary","twitter_misc":{"Tiempo de lectura":"1 minuto"},"schema":{"@context":"https:\/\/schema.org","@graph":[{"@type":"WebPage","@id":"https:\/\/www.securitydataandvideo.com\/inicio\/shop\/yli-paqym350ws-paquete-con-chapa-de-350-kg-800-lb-para-uso-en-exteriores-o-interiores-ip68-uso-en-puertas-de-metal-vidrio-o-madera-incluye-soporte-de-fijacion-zl-en-guadalajara-jalisco-mexico\/","url":"https:\/\/www.securitydataandvideo.com\/inicio\/shop\/yli-paqym350ws-paquete-con-chapa-de-350-kg-800-lb-para-uso-en-exteriores-o-interiores-ip68-uso-en-puertas-de-metal-vidrio-o-madera-incluye-soporte-de-fijacion-zl-en-guadalajara-jalisco-mexico\/","name":"YLI PAQYM350WS - Paquete con chapa de 350 kg\/800 Lb para uso en exteriores","isPartOf":{"@id":"https:\/\/www.securitydataandvideo.com\/inicio\/#website"},"datePublished":"2022-07-21T17:29:33+00:00","dateModified":"2022-07-21T17:30:09+00:00","description":"Security Data &amp; Video SA de CV. YLI PAQYM350WS - Paquete con chapa de 350 kg\/800 Lb para uso en exteriores o interiores IP68 uso en puertas de metal, vidrio o madera incluye soporte de fijacion ZL\/ en guadalajara jalisco mexico.","breadcrumb":{"@id":"https:\/\/www.securitydataandvideo.com\/inicio\/shop\/yli-paqym350ws-paquete-con-chapa-de-350-kg-800-lb-para-uso-en-exteriores-o-interiores-ip68-uso-en-puertas-de-metal-vidrio-o-madera-incluye-soporte-de-fijacion-zl-en-guadalajara-jalisco-mexico\/#breadcrumb"},"inLanguage":"es-MX","potentialAction":[{"@type":"ReadAction","target":["https:\/\/www.securitydataandvideo.com\/inicio\/shop\/yli-paqym350ws-paquete-con-chapa-de-350-kg-800-lb-para-uso-en-exteriores-o-interiores-ip68-uso-en-puertas-de-metal-vidrio-o-madera-incluye-soporte-de-fijacion-zl-en-guadalajara-jalisco-mexico\/"]}]},{"@type":"BreadcrumbList","@id":"https:\/\/www.securitydataandvideo.com\/inicio\/shop\/yli-paqym350ws-paquete-con-chapa-de-350-kg-800-lb-para-uso-en-exteriores-o-interiores-ip68-uso-en-puertas-de-metal-vidrio-o-madera-incluye-soporte-de-fijacion-zl-en-guadalajara-jalisco-mexico\/#breadcrumb","itemListElement":[{"@type":"ListItem","position":1,"name":"Inicio","item":"https:\/\/www.securitydataandvideo.com\/inicio\/"},{"@type":"ListItem","position":2,"name":"Shop","item":"https:\/\/www.securitydataandvideo.com\/inicio\/shop\/"},{"@type":"ListItem","position":3,"name":"YLI PAQYM350WS &#8211; Paquete con chapa de 350 kg\/800 Lb para uso en exteriores o interiores IP68 uso en puertas de metal, vidrio o madera incluye soporte de fijacion ZL\/ en guadalajara jalisco mexico."}]},{"@type":"WebSite","@id":"https:\/\/www.securitydataandvideo.com\/inicio\/#website","url":"https:\/\/www.securitydataandvideo.com\/inicio\/","name":"Security Data &amp; Video SA de CV.","description":"Seguridad Electr\u00f3nica y Energ\u00eda","publisher":{"@id":"https:\/\/www.securitydataandvideo.com\/inicio\/#organization"},"potentialAction":[{"@type":"SearchAction","target":{"@type":"EntryPoint","urlTemplate":"https:\/\/www.securitydataandvideo.com\/inicio\/?s={search_term_string}"},"query-input":"required name=search_term_string"}],"inLanguage":"es-MX"},{"@type":"Organization","@id":"https:\/\/www.securitydataandvideo.com\/inicio\/#organization","name":"Security Data & Video SA de CV","url":"https:\/\/www.securitydataandvideo.com\/inicio\/","sameAs":[],"logo":{"@type":"ImageObject","inLanguage":"es-MX","@id":"https:\/\/www.securitydataandvideo.com\/inicio\/#\/schema\/logo\/image\/","url":"https:\/\/www.securitydataandvideo.com\/inicio\/wp-content\/uploads\/2021\/10\/Logo-Azul.png","contentUrl":"https:\/\/www.securitydataandvideo.com\/inicio\/wp-content\/uploads\/2021\/10\/Logo-Azul.png","width":555,"height":375,"caption":"Security Data & Video SA de CV"},"image":{"@id":"https:\/\/www.securitydataandvideo.com\/inicio\/#\/schema\/logo\/image\/"}}]}},"_links":{"self":[{"href":"https:\/\/www.securitydataandvideo.com\/inicio\/wp-json\/wp\/v2\/product\/15701"}],"collection":[{"href":"https:\/\/www.securitydataandvideo.com\/inicio\/wp-json\/wp\/v2\/product"}],"about":[{"href":"https:\/\/www.securitydataandvideo.com\/inicio\/wp-json\/wp\/v2\/types\/product"}],"wp:featuredmedia":[{"embeddable":true,"href":"https:\/\/www.securitydataandvideo.com\/inicio\/wp-json\/wp\/v2\/media\/15743"}],"wp:attachment":[{"href":"https:\/\/www.securitydataandvideo.com\/inicio\/wp-json\/wp\/v2\/media?parent=15701"}],"wp:term":[{"taxonomy":"product_cat","embeddable":true,"href":"https:\/\/www.securitydataandvideo.com\/inicio\/wp-json\/wp\/v2\/product_cat?post=15701"},{"taxonomy":"product_tag","embeddable":true,"href":"https:\/\/www.securitydataandvideo.com\/inicio\/wp-json\/wp\/v2\/product_tag?post=15701"}],"curies":[{"name":"wp","href":"https:\/\/api.w.org\/{rel}","templated":true}]}}