{"id":15702,"date":"2022-07-21T11:29:33","date_gmt":"2022-07-21T17:29:33","guid":{"rendered":"https:\/\/www.securitydataandvideo.com\/inicio\/?post_type=product&#038;p=15702"},"modified":"2022-07-21T11:30:09","modified_gmt":"2022-07-21T17:30:09","slug":"yli-yb500u-chapa-magnetica-para-puerta-de-vidrio-sin-marco-12-vdc-tiempo-de-vida-de-500000-aperturas-en-guadalajara-jalisco","status":"publish","type":"product","link":"https:\/\/www.securitydataandvideo.com\/inicio\/shop\/yli-yb500u-chapa-magnetica-para-puerta-de-vidrio-sin-marco-12-vdc-tiempo-de-vida-de-500000-aperturas-en-guadalajara-jalisco\/","title":{"rendered":"YLI YB500U &#8211; Chapa magnetica para puerta de vidrio sin marco \/ 12 VDC \/ Tiempo de vida de 500000 aperturas en guadalajara jalisco."},"content":{"rendered":"<h3 class=\"mb-3\">YLI YB500U &#8211; Chapa magnetica para puerta de vidrio sin marco \/ 12 VDC \/ Tiempo de vida de 500000 aperturas en guadalajara jalisco.<\/h3>\n<div class=\"row align-items-center padding-bottom-2x\">\n<div class=\"col-md-7 text-md-left text-center\">\n<h2>Descripci\u00f3n<\/h2>\n<p class=\"ql-align-justify\">YB-500U (LED) es un perno el\u00e9ctrico de construcci\u00f3n totalmente met\u00e1lico. Especialmente dise\u00f1ado para puertas de vidrio totalmente sin marco.<\/p>\n<p class=\"ql-align-justify\">Se puede trabajar con la temperatura de 60 \u2103 o -40 \u2103.<\/p>\n<p class=\"ql-align-justify\">El perno de la cerradura est\u00e1 hecho de barra s\u00f3lida de acero inoxidable 304 con una fuerza de retenci\u00f3n de 1000 kg y un dise\u00f1o antirrobo.<\/p>\n<p class=\"ql-align-justify\">Con los dise\u00f1os m\u00faltiples de la v\u00e1lvula magn\u00e9tica durable, sistema de control fotoel\u00e9ctrico especial, indicador del LED, contacto de salida de la se\u00f1al de la estatua de la puerta, dise\u00f1o del consumo de energ\u00eda ultra baja y de la energ\u00eda, circuito anti-intrusi\u00f3n y elegante.<\/p>\n<p>&nbsp;<\/p>\n<\/div>\n<\/div>\n<hr class=\"padding-bottom-2x\" \/>\n<div class=\"row aling-items-center padding-bottom-2x\">\n<div class=\"col-lg-12\">\n<h5 class=\"card-title text-center\">Caracter\u00edsticas:<\/h5>\n<ul>\n<li>Funci\u00f3n: A prueba de fallos.Placa frontal: 150Lx40WX37H (mm).Perno: 16 (largo) * 13 (di\u00e1metro) (mm).<\/li>\n<li>Voltaje: DC12V<\/li>\n<li>Comience la corriente 960mA.<\/li>\n<li>Corriente de espera: 180mA.<\/li>\n<li>Carcasa de pulido s\u00f3lido: 1000kg fuerza de retenci\u00f3n.<\/li>\n<li>Adecuado para: perno el\u00e9ctrico de 12 mm para puerta de vidrio completamente sin marco.<\/li>\n<li>Salida de se\u00f1al: Estado de puerta Salida, NC \/ COM.<\/li>\n<li>Temperaturas: superficiales de baja temperatura.<\/li>\n<li>Distancia de inducci\u00f3n: 8 mm.<\/li>\n<li>Dise\u00f1o especial: probado para 500000 operaciones.<\/li>\n<li>Material de la cara: Stailess Steel.<\/li>\n<li>Peso: 1.36kg.<\/li>\n<\/ul>\n<\/div>\n<\/div>\n<div class=\"row align-items-center padding-bottom-2x\">\n<div class=\"col-md-5 order-md-2\"><img class=\"d-block m-auto img-thumbnail\" src=\"https:\/\/tvc.mx\/media\/16892\/YB500UIZQDERCH2.jpg\" alt=\" Especificaciones t&amp;eacutecnicas:\" \/><\/div>\n<div class=\"col-md-7 order-md-1 text-md-left text-center\">\n<h2>Especificaciones t\u00e9cnicas:<\/h2>\n<ul>\n<li class=\"ql-align-justify\">Baja temperatura, seguro y duradero.<\/li>\n<li class=\"ql-align-justify\">Baja potencia, protecci\u00f3n del medio ambiente.<\/li>\n<li class=\"ql-align-justify\">Control especial de fotoelectricidad, aplicaci\u00f3n actual de tres pasos.<\/li>\n<li class=\"ql-align-justify\">Larga vida con 500000 ciclos.<\/li>\n<li class=\"ql-align-justify\">MOV proporciona protecci\u00f3n de corriente inversa.<\/li>\n<li class=\"ql-align-justify\">Aleaci\u00f3n de aluminio de alta resistencia, perno de acero inoxidable s\u00f3lido.<\/li>\n<li class=\"ql-align-justify\">Autolock Time Delay: 0,3,6,9seg.<\/li>\n<li class=\"ql-align-justify\">Entrada de salida de se\u00f1al de estatua de puerta (NC.COM).<\/li>\n<li class=\"ql-align-justify\">Doble protecci\u00f3n para cargar la corriente.<\/li>\n<li class=\"ql-align-justify\">Reajuste autom\u00e1tico si no hay Acci\u00f3n dentro de 5 segundos.<\/li>\n<li class=\"ql-align-justify\">Certificado: CE y MA.<\/li>\n<li class=\"ql-align-justify\">Control de fotoelectricidad, baja temperatura.<\/li>\n<\/ul>\n<p>A: la corriente baja se cambia de inmediato.<\/p>\n<p>B: Cuando el marco de la puerta no coincide con la hoja de la puerta, la hoja de la puerta contra el perno, entonces el perno el\u00e9ctrico comenzar\u00e1 la funci\u00f3n de baja potencia para traer baja temperatura.<\/p>\n<p>C: La tecnolog\u00eda de control de fotoelectricidad, previene el defecto machanical.<\/p>\n<\/div>\n<\/div>\n","protected":false},"excerpt":{"rendered":"<h3 class=\"mb-3\">YLI YB500U &#8211; Chapa magnetica para puerta de vidrio sin marco \/ 12 VDC \/ Tiempo de vida de 500000 aperturas en guadalajara jalisco.<\/h3>\n","protected":false},"featured_media":15744,"template":"","meta":{"site-sidebar-layout":"","site-content-layout":"","ast-site-content-layout":"","site-content-style":"default","site-sidebar-style":"default","ast-global-header-display":"","ast-banner-title-visibility":"","ast-main-header-display":"","ast-hfb-above-header-display":"","ast-hfb-below-header-display":"","ast-hfb-mobile-header-display":"","site-post-title":"","ast-breadcrumbs-content":"","ast-featured-img":"","footer-sml-layout":"","theme-transparent-header-meta":"","adv-header-id-meta":"","stick-header-meta":"","header-above-stick-meta":"","header-main-stick-meta":"","header-below-stick-meta":"","astra-migrate-meta-layouts":""},"product_cat":[275],"product_tag":[],"yoast_head":"<!-- This site is optimized with the Yoast SEO plugin v19.5.1 - https:\/\/yoast.com\/wordpress\/plugins\/seo\/ -->\n<title>YLI YB500U - Chapa magnetica para puerta de vidrio sin marco \/ 12 VDC<\/title>\n<meta name=\"description\" content=\"Security Data &amp; Video SA de CV. YLI YB500U - Chapa magnetica para puerta de vidrio sin marco \/ 12 VDC \/ Tiempo de vida de 500000 aperturas en guadalajara jalisco.\" \/>\n<meta name=\"robots\" content=\"index, follow, max-snippet:-1, max-image-preview:large, max-video-preview:-1\" \/>\n<link rel=\"canonical\" href=\"https:\/\/www.securitydataandvideo.com\/inicio\/shop\/yli-yb500u-chapa-magnetica-para-puerta-de-vidrio-sin-marco-12-vdc-tiempo-de-vida-de-500000-aperturas-en-guadalajara-jalisco\/\" \/>\n<meta property=\"og:locale\" content=\"es_MX\" \/>\n<meta property=\"og:type\" content=\"article\" \/>\n<meta property=\"og:title\" content=\"YLI YB500U - Chapa magnetica para puerta de vidrio sin marco \/ 12 VDC\" \/>\n<meta property=\"og:description\" content=\"Security Data &amp; Video SA de CV. YLI YB500U - Chapa magnetica para puerta de vidrio sin marco \/ 12 VDC \/ Tiempo de vida de 500000 aperturas en guadalajara jalisco.\" \/>\n<meta property=\"og:url\" content=\"https:\/\/www.securitydataandvideo.com\/inicio\/shop\/yli-yb500u-chapa-magnetica-para-puerta-de-vidrio-sin-marco-12-vdc-tiempo-de-vida-de-500000-aperturas-en-guadalajara-jalisco\/\" \/>\n<meta property=\"og:site_name\" content=\"Security Data &amp; Video SA de CV.\" \/>\n<meta property=\"article:modified_time\" content=\"2022-07-21T17:30:09+00:00\" \/>\n<meta property=\"og:image\" content=\"https:\/\/www.securitydataandvideo.com\/inicio\/wp-content\/uploads\/2022\/07\/YB500UPRINCIPAL-e1601672872482.jpg\" \/>\n\t<meta property=\"og:image:width\" content=\"300\" \/>\n\t<meta property=\"og:image:height\" content=\"400\" \/>\n\t<meta property=\"og:image:type\" content=\"image\/jpeg\" \/>\n<meta name=\"twitter:card\" content=\"summary\" \/>\n<meta name=\"twitter:label1\" content=\"Tiempo de lectura\" \/>\n\t<meta name=\"twitter:data1\" content=\"2 minutos\" \/>\n<script type=\"application\/ld+json\" class=\"yoast-schema-graph\">{\"@context\":\"https:\/\/schema.org\",\"@graph\":[{\"@type\":\"WebPage\",\"@id\":\"https:\/\/www.securitydataandvideo.com\/inicio\/shop\/yli-yb500u-chapa-magnetica-para-puerta-de-vidrio-sin-marco-12-vdc-tiempo-de-vida-de-500000-aperturas-en-guadalajara-jalisco\/\",\"url\":\"https:\/\/www.securitydataandvideo.com\/inicio\/shop\/yli-yb500u-chapa-magnetica-para-puerta-de-vidrio-sin-marco-12-vdc-tiempo-de-vida-de-500000-aperturas-en-guadalajara-jalisco\/\",\"name\":\"YLI YB500U - Chapa magnetica para puerta de vidrio sin marco \/ 12 VDC\",\"isPartOf\":{\"@id\":\"https:\/\/www.securitydataandvideo.com\/inicio\/#website\"},\"datePublished\":\"2022-07-21T17:29:33+00:00\",\"dateModified\":\"2022-07-21T17:30:09+00:00\",\"description\":\"Security Data &amp; Video SA de CV. YLI YB500U - Chapa magnetica para puerta de vidrio sin marco \/ 12 VDC \/ Tiempo de vida de 500000 aperturas en guadalajara jalisco.\",\"breadcrumb\":{\"@id\":\"https:\/\/www.securitydataandvideo.com\/inicio\/shop\/yli-yb500u-chapa-magnetica-para-puerta-de-vidrio-sin-marco-12-vdc-tiempo-de-vida-de-500000-aperturas-en-guadalajara-jalisco\/#breadcrumb\"},\"inLanguage\":\"es-MX\",\"potentialAction\":[{\"@type\":\"ReadAction\",\"target\":[\"https:\/\/www.securitydataandvideo.com\/inicio\/shop\/yli-yb500u-chapa-magnetica-para-puerta-de-vidrio-sin-marco-12-vdc-tiempo-de-vida-de-500000-aperturas-en-guadalajara-jalisco\/\"]}]},{\"@type\":\"BreadcrumbList\",\"@id\":\"https:\/\/www.securitydataandvideo.com\/inicio\/shop\/yli-yb500u-chapa-magnetica-para-puerta-de-vidrio-sin-marco-12-vdc-tiempo-de-vida-de-500000-aperturas-en-guadalajara-jalisco\/#breadcrumb\",\"itemListElement\":[{\"@type\":\"ListItem\",\"position\":1,\"name\":\"Inicio\",\"item\":\"https:\/\/www.securitydataandvideo.com\/inicio\/\"},{\"@type\":\"ListItem\",\"position\":2,\"name\":\"Shop\",\"item\":\"https:\/\/www.securitydataandvideo.com\/inicio\/shop\/\"},{\"@type\":\"ListItem\",\"position\":3,\"name\":\"YLI YB500U &#8211; Chapa magnetica para puerta de vidrio sin marco \/ 12 VDC \/ Tiempo de vida de 500000 aperturas en guadalajara jalisco.\"}]},{\"@type\":\"WebSite\",\"@id\":\"https:\/\/www.securitydataandvideo.com\/inicio\/#website\",\"url\":\"https:\/\/www.securitydataandvideo.com\/inicio\/\",\"name\":\"Security Data &amp; Video SA de CV.\",\"description\":\"Seguridad Electr\u00f3nica y Energ\u00eda\",\"publisher\":{\"@id\":\"https:\/\/www.securitydataandvideo.com\/inicio\/#organization\"},\"potentialAction\":[{\"@type\":\"SearchAction\",\"target\":{\"@type\":\"EntryPoint\",\"urlTemplate\":\"https:\/\/www.securitydataandvideo.com\/inicio\/?s={search_term_string}\"},\"query-input\":\"required name=search_term_string\"}],\"inLanguage\":\"es-MX\"},{\"@type\":\"Organization\",\"@id\":\"https:\/\/www.securitydataandvideo.com\/inicio\/#organization\",\"name\":\"Security Data & Video SA de CV\",\"url\":\"https:\/\/www.securitydataandvideo.com\/inicio\/\",\"sameAs\":[],\"logo\":{\"@type\":\"ImageObject\",\"inLanguage\":\"es-MX\",\"@id\":\"https:\/\/www.securitydataandvideo.com\/inicio\/#\/schema\/logo\/image\/\",\"url\":\"https:\/\/www.securitydataandvideo.com\/inicio\/wp-content\/uploads\/2021\/10\/Logo-Azul.png\",\"contentUrl\":\"https:\/\/www.securitydataandvideo.com\/inicio\/wp-content\/uploads\/2021\/10\/Logo-Azul.png\",\"width\":555,\"height\":375,\"caption\":\"Security Data & Video SA de CV\"},\"image\":{\"@id\":\"https:\/\/www.securitydataandvideo.com\/inicio\/#\/schema\/logo\/image\/\"}}]}<\/script>\n<!-- \/ Yoast SEO plugin. -->","yoast_head_json":{"title":"YLI YB500U - Chapa magnetica para puerta de vidrio sin marco \/ 12 VDC","description":"Security Data &amp; Video SA de CV. YLI YB500U - Chapa magnetica para puerta de vidrio sin marco \/ 12 VDC \/ Tiempo de vida de 500000 aperturas en guadalajara jalisco.","robots":{"index":"index","follow":"follow","max-snippet":"max-snippet:-1","max-image-preview":"max-image-preview:large","max-video-preview":"max-video-preview:-1"},"canonical":"https:\/\/www.securitydataandvideo.com\/inicio\/shop\/yli-yb500u-chapa-magnetica-para-puerta-de-vidrio-sin-marco-12-vdc-tiempo-de-vida-de-500000-aperturas-en-guadalajara-jalisco\/","og_locale":"es_MX","og_type":"article","og_title":"YLI YB500U - Chapa magnetica para puerta de vidrio sin marco \/ 12 VDC","og_description":"Security Data &amp; Video SA de CV. YLI YB500U - Chapa magnetica para puerta de vidrio sin marco \/ 12 VDC \/ Tiempo de vida de 500000 aperturas en guadalajara jalisco.","og_url":"https:\/\/www.securitydataandvideo.com\/inicio\/shop\/yli-yb500u-chapa-magnetica-para-puerta-de-vidrio-sin-marco-12-vdc-tiempo-de-vida-de-500000-aperturas-en-guadalajara-jalisco\/","og_site_name":"Security Data &amp; Video SA de CV.","article_modified_time":"2022-07-21T17:30:09+00:00","og_image":[{"width":300,"height":400,"url":"https:\/\/www.securitydataandvideo.com\/inicio\/wp-content\/uploads\/2022\/07\/YB500UPRINCIPAL-e1601672872482.jpg","type":"image\/jpeg"}],"twitter_card":"summary","twitter_misc":{"Tiempo de lectura":"2 minutos"},"schema":{"@context":"https:\/\/schema.org","@graph":[{"@type":"WebPage","@id":"https:\/\/www.securitydataandvideo.com\/inicio\/shop\/yli-yb500u-chapa-magnetica-para-puerta-de-vidrio-sin-marco-12-vdc-tiempo-de-vida-de-500000-aperturas-en-guadalajara-jalisco\/","url":"https:\/\/www.securitydataandvideo.com\/inicio\/shop\/yli-yb500u-chapa-magnetica-para-puerta-de-vidrio-sin-marco-12-vdc-tiempo-de-vida-de-500000-aperturas-en-guadalajara-jalisco\/","name":"YLI YB500U - Chapa magnetica para puerta de vidrio sin marco \/ 12 VDC","isPartOf":{"@id":"https:\/\/www.securitydataandvideo.com\/inicio\/#website"},"datePublished":"2022-07-21T17:29:33+00:00","dateModified":"2022-07-21T17:30:09+00:00","description":"Security Data &amp; Video SA de CV. YLI YB500U - Chapa magnetica para puerta de vidrio sin marco \/ 12 VDC \/ Tiempo de vida de 500000 aperturas en guadalajara jalisco.","breadcrumb":{"@id":"https:\/\/www.securitydataandvideo.com\/inicio\/shop\/yli-yb500u-chapa-magnetica-para-puerta-de-vidrio-sin-marco-12-vdc-tiempo-de-vida-de-500000-aperturas-en-guadalajara-jalisco\/#breadcrumb"},"inLanguage":"es-MX","potentialAction":[{"@type":"ReadAction","target":["https:\/\/www.securitydataandvideo.com\/inicio\/shop\/yli-yb500u-chapa-magnetica-para-puerta-de-vidrio-sin-marco-12-vdc-tiempo-de-vida-de-500000-aperturas-en-guadalajara-jalisco\/"]}]},{"@type":"BreadcrumbList","@id":"https:\/\/www.securitydataandvideo.com\/inicio\/shop\/yli-yb500u-chapa-magnetica-para-puerta-de-vidrio-sin-marco-12-vdc-tiempo-de-vida-de-500000-aperturas-en-guadalajara-jalisco\/#breadcrumb","itemListElement":[{"@type":"ListItem","position":1,"name":"Inicio","item":"https:\/\/www.securitydataandvideo.com\/inicio\/"},{"@type":"ListItem","position":2,"name":"Shop","item":"https:\/\/www.securitydataandvideo.com\/inicio\/shop\/"},{"@type":"ListItem","position":3,"name":"YLI YB500U &#8211; Chapa magnetica para puerta de vidrio sin marco \/ 12 VDC \/ Tiempo de vida de 500000 aperturas en guadalajara jalisco."}]},{"@type":"WebSite","@id":"https:\/\/www.securitydataandvideo.com\/inicio\/#website","url":"https:\/\/www.securitydataandvideo.com\/inicio\/","name":"Security Data &amp; Video SA de CV.","description":"Seguridad Electr\u00f3nica y Energ\u00eda","publisher":{"@id":"https:\/\/www.securitydataandvideo.com\/inicio\/#organization"},"potentialAction":[{"@type":"SearchAction","target":{"@type":"EntryPoint","urlTemplate":"https:\/\/www.securitydataandvideo.com\/inicio\/?s={search_term_string}"},"query-input":"required name=search_term_string"}],"inLanguage":"es-MX"},{"@type":"Organization","@id":"https:\/\/www.securitydataandvideo.com\/inicio\/#organization","name":"Security Data & Video SA de CV","url":"https:\/\/www.securitydataandvideo.com\/inicio\/","sameAs":[],"logo":{"@type":"ImageObject","inLanguage":"es-MX","@id":"https:\/\/www.securitydataandvideo.com\/inicio\/#\/schema\/logo\/image\/","url":"https:\/\/www.securitydataandvideo.com\/inicio\/wp-content\/uploads\/2021\/10\/Logo-Azul.png","contentUrl":"https:\/\/www.securitydataandvideo.com\/inicio\/wp-content\/uploads\/2021\/10\/Logo-Azul.png","width":555,"height":375,"caption":"Security Data & Video SA de CV"},"image":{"@id":"https:\/\/www.securitydataandvideo.com\/inicio\/#\/schema\/logo\/image\/"}}]}},"_links":{"self":[{"href":"https:\/\/www.securitydataandvideo.com\/inicio\/wp-json\/wp\/v2\/product\/15702"}],"collection":[{"href":"https:\/\/www.securitydataandvideo.com\/inicio\/wp-json\/wp\/v2\/product"}],"about":[{"href":"https:\/\/www.securitydataandvideo.com\/inicio\/wp-json\/wp\/v2\/types\/product"}],"wp:featuredmedia":[{"embeddable":true,"href":"https:\/\/www.securitydataandvideo.com\/inicio\/wp-json\/wp\/v2\/media\/15744"}],"wp:attachment":[{"href":"https:\/\/www.securitydataandvideo.com\/inicio\/wp-json\/wp\/v2\/media?parent=15702"}],"wp:term":[{"taxonomy":"product_cat","embeddable":true,"href":"https:\/\/www.securitydataandvideo.com\/inicio\/wp-json\/wp\/v2\/product_cat?post=15702"},{"taxonomy":"product_tag","embeddable":true,"href":"https:\/\/www.securitydataandvideo.com\/inicio\/wp-json\/wp\/v2\/product_tag?post=15702"}],"curies":[{"name":"wp","href":"https:\/\/api.w.org\/{rel}","templated":true}]}}