{"id":15703,"date":"2022-07-21T11:29:33","date_gmt":"2022-07-21T17:29:33","guid":{"rendered":"https:\/\/www.securitydataandvideo.com\/inicio\/?post_type=product&#038;p=15703"},"modified":"2022-07-21T11:30:10","modified_gmt":"2022-07-21T17:30:10","slug":"mag600nled-chapa-magnetica-accesspro-600-lbs-con-led-ultra-brillante-libre-de-magnetismo-residual-sensor-de-estado-de-la-placa-en-guadalajara-jalisco","status":"publish","type":"product","link":"https:\/\/www.securitydataandvideo.com\/inicio\/shop\/mag600nled-chapa-magnetica-accesspro-600-lbs-con-led-ultra-brillante-libre-de-magnetismo-residual-sensor-de-estado-de-la-placa-en-guadalajara-jalisco\/","title":{"rendered":"MAG600NLED Chapa magn\u00e9tica ACCESSPRO 600 lbs  con LED Ultra-brillante\/ Libre de Magnetismo Residual \/ Sensor de estado de la placa, en guadalajara jalisco."},"content":{"rendered":"<p><strong>MAG600NLED Chapa magn\u00e9tica ACCESSPRO 600 lbs con LED Ultra-brillante\/ Libre de Magnetismo Residual \/ Sensor de estado de la placa, en guadalajara jalisco.<\/strong><\/p>\n<div class=\"col-sm-4\">\n<div>\n<p><strong>Caracter\u00edsticas principales:<\/strong><\/p>\n<ul>\n<li>Fuerza de sujeci\u00f3n: 280 kg, (600lbs).<\/li>\n<li>Incluye magneto, placa y tornilleria.<\/li>\n<li>Sensor de puerta NO\/NC<\/li>\n<\/ul>\n<\/div>\n<\/div>\n<div class=\"col-sm-4\">\n<div>\n<p><strong>Caracter\u00edsticas F\u00edsicas y El\u00e9ctricas:<\/strong><\/p>\n<ul>\n<li>Voltaje:12\/24 Vcd+10% (seleccionable por jumper).<\/li>\n<li>Acabado del im\u00e1n: aluminio anodizado.<\/li>\n<li>Acabado de la placa: zinc.<\/li>\n<li>Dimensiones del im\u00e1n: 250 x 48.8 x 27.9 mm.<\/li>\n<li>Dimensiones de la placa: 180 x 38.8 x 13.2 mm.<\/li>\n<li>Peso: 2.1kg.<\/li>\n<\/ul>\n<\/div>\n<\/div>\n<div class=\"col-sm-4\">\n<div>\n<p><strong>Caracter\u00edsticas Destacadas:<\/strong><\/p>\n<ul>\n<li>Led indicador ultra-brillante.<\/li>\n<li>Dise\u00f1o libre de magnetismo residual.<\/li>\n<li>Nueva versi\u00f3n.<\/li>\n<li>1 a\u00f1o de garant\u00eda.<\/li>\n<\/ul>\n<\/div>\n<\/div>\n","protected":false},"excerpt":{"rendered":"<p><strong>MAG600NLED Chapa magn\u00e9tica ACCESSPRO 600 lbs con LED Ultra-brillante\/ Libre de Magnetismo Residual \/ Sensor de estado de la placa, en guadalajara jalisco.<\/strong><\/p>\n","protected":false},"featured_media":15745,"template":"","meta":{"site-sidebar-layout":"","site-content-layout":"","ast-site-content-layout":"","site-content-style":"default","site-sidebar-style":"default","ast-global-header-display":"","ast-banner-title-visibility":"","ast-main-header-display":"","ast-hfb-above-header-display":"","ast-hfb-below-header-display":"","ast-hfb-mobile-header-display":"","site-post-title":"","ast-breadcrumbs-content":"","ast-featured-img":"","footer-sml-layout":"","theme-transparent-header-meta":"","adv-header-id-meta":"","stick-header-meta":"","header-above-stick-meta":"","header-main-stick-meta":"","header-below-stick-meta":"","astra-migrate-meta-layouts":""},"product_cat":[275],"product_tag":[126],"yoast_head":"<!-- This site is optimized with the Yoast SEO plugin v19.5.1 - https:\/\/yoast.com\/wordpress\/plugins\/seo\/ -->\n<title>MAG600NLED Chapa magn\u00e9tica ACCESSPRO 600 lbs con LED Ultra-brillante<\/title>\n<meta name=\"description\" content=\"Security Data &amp; Video SA de CV. MAG600NLED Chapa magn\u00e9tica ACCESSPRO 600 lbs con LED Ultra-brillante\/ Libre de Magnetismo Residual \/ Sensor de estado de la placa, en guadalajara jalisco.\" \/>\n<meta name=\"robots\" content=\"index, follow, max-snippet:-1, max-image-preview:large, max-video-preview:-1\" \/>\n<link rel=\"canonical\" href=\"https:\/\/www.securitydataandvideo.com\/inicio\/shop\/mag600nled-chapa-magnetica-accesspro-600-lbs-con-led-ultra-brillante-libre-de-magnetismo-residual-sensor-de-estado-de-la-placa-en-guadalajara-jalisco\/\" \/>\n<meta property=\"og:locale\" content=\"es_MX\" \/>\n<meta property=\"og:type\" content=\"article\" \/>\n<meta property=\"og:title\" content=\"MAG600NLED Chapa magn\u00e9tica ACCESSPRO 600 lbs con LED Ultra-brillante\" \/>\n<meta property=\"og:description\" content=\"Security Data &amp; Video SA de CV. MAG600NLED Chapa magn\u00e9tica ACCESSPRO 600 lbs con LED Ultra-brillante\/ Libre de Magnetismo Residual \/ Sensor de estado de la placa, en guadalajara jalisco.\" \/>\n<meta property=\"og:url\" content=\"https:\/\/www.securitydataandvideo.com\/inicio\/shop\/mag600nled-chapa-magnetica-accesspro-600-lbs-con-led-ultra-brillante-libre-de-magnetismo-residual-sensor-de-estado-de-la-placa-en-guadalajara-jalisco\/\" \/>\n<meta property=\"og:site_name\" content=\"Security Data &amp; Video SA de CV.\" \/>\n<meta property=\"article:modified_time\" content=\"2022-07-21T17:30:10+00:00\" \/>\n<meta property=\"og:image\" content=\"https:\/\/www.securitydataandvideo.com\/inicio\/wp-content\/uploads\/2022\/07\/MAG600NLED-p-e1601672860478.png\" \/>\n\t<meta property=\"og:image:width\" content=\"300\" \/>\n\t<meta property=\"og:image:height\" content=\"300\" \/>\n\t<meta property=\"og:image:type\" content=\"image\/png\" \/>\n<meta name=\"twitter:card\" content=\"summary\" \/>\n<meta name=\"twitter:label1\" content=\"Tiempo de lectura\" \/>\n\t<meta name=\"twitter:data1\" content=\"1 minuto\" \/>\n<script type=\"application\/ld+json\" class=\"yoast-schema-graph\">{\"@context\":\"https:\/\/schema.org\",\"@graph\":[{\"@type\":\"WebPage\",\"@id\":\"https:\/\/www.securitydataandvideo.com\/inicio\/shop\/mag600nled-chapa-magnetica-accesspro-600-lbs-con-led-ultra-brillante-libre-de-magnetismo-residual-sensor-de-estado-de-la-placa-en-guadalajara-jalisco\/\",\"url\":\"https:\/\/www.securitydataandvideo.com\/inicio\/shop\/mag600nled-chapa-magnetica-accesspro-600-lbs-con-led-ultra-brillante-libre-de-magnetismo-residual-sensor-de-estado-de-la-placa-en-guadalajara-jalisco\/\",\"name\":\"MAG600NLED Chapa magn\u00e9tica ACCESSPRO 600 lbs con LED Ultra-brillante\",\"isPartOf\":{\"@id\":\"https:\/\/www.securitydataandvideo.com\/inicio\/#website\"},\"datePublished\":\"2022-07-21T17:29:33+00:00\",\"dateModified\":\"2022-07-21T17:30:10+00:00\",\"description\":\"Security Data &amp; Video SA de CV. MAG600NLED Chapa magn\u00e9tica ACCESSPRO 600 lbs con LED Ultra-brillante\/ Libre de Magnetismo Residual \/ Sensor de estado de la placa, en guadalajara jalisco.\",\"breadcrumb\":{\"@id\":\"https:\/\/www.securitydataandvideo.com\/inicio\/shop\/mag600nled-chapa-magnetica-accesspro-600-lbs-con-led-ultra-brillante-libre-de-magnetismo-residual-sensor-de-estado-de-la-placa-en-guadalajara-jalisco\/#breadcrumb\"},\"inLanguage\":\"es-MX\",\"potentialAction\":[{\"@type\":\"ReadAction\",\"target\":[\"https:\/\/www.securitydataandvideo.com\/inicio\/shop\/mag600nled-chapa-magnetica-accesspro-600-lbs-con-led-ultra-brillante-libre-de-magnetismo-residual-sensor-de-estado-de-la-placa-en-guadalajara-jalisco\/\"]}]},{\"@type\":\"BreadcrumbList\",\"@id\":\"https:\/\/www.securitydataandvideo.com\/inicio\/shop\/mag600nled-chapa-magnetica-accesspro-600-lbs-con-led-ultra-brillante-libre-de-magnetismo-residual-sensor-de-estado-de-la-placa-en-guadalajara-jalisco\/#breadcrumb\",\"itemListElement\":[{\"@type\":\"ListItem\",\"position\":1,\"name\":\"Inicio\",\"item\":\"https:\/\/www.securitydataandvideo.com\/inicio\/\"},{\"@type\":\"ListItem\",\"position\":2,\"name\":\"Shop\",\"item\":\"https:\/\/www.securitydataandvideo.com\/inicio\/shop\/\"},{\"@type\":\"ListItem\",\"position\":3,\"name\":\"MAG600NLED Chapa magn\u00e9tica ACCESSPRO 600 lbs con LED Ultra-brillante\/ Libre de Magnetismo Residual \/ Sensor de estado de la placa, en guadalajara jalisco.\"}]},{\"@type\":\"WebSite\",\"@id\":\"https:\/\/www.securitydataandvideo.com\/inicio\/#website\",\"url\":\"https:\/\/www.securitydataandvideo.com\/inicio\/\",\"name\":\"Security Data &amp; Video SA de CV.\",\"description\":\"Seguridad Electr\u00f3nica y Energ\u00eda\",\"publisher\":{\"@id\":\"https:\/\/www.securitydataandvideo.com\/inicio\/#organization\"},\"potentialAction\":[{\"@type\":\"SearchAction\",\"target\":{\"@type\":\"EntryPoint\",\"urlTemplate\":\"https:\/\/www.securitydataandvideo.com\/inicio\/?s={search_term_string}\"},\"query-input\":\"required name=search_term_string\"}],\"inLanguage\":\"es-MX\"},{\"@type\":\"Organization\",\"@id\":\"https:\/\/www.securitydataandvideo.com\/inicio\/#organization\",\"name\":\"Security Data & Video SA de CV\",\"url\":\"https:\/\/www.securitydataandvideo.com\/inicio\/\",\"sameAs\":[],\"logo\":{\"@type\":\"ImageObject\",\"inLanguage\":\"es-MX\",\"@id\":\"https:\/\/www.securitydataandvideo.com\/inicio\/#\/schema\/logo\/image\/\",\"url\":\"https:\/\/www.securitydataandvideo.com\/inicio\/wp-content\/uploads\/2021\/10\/Logo-Azul.png\",\"contentUrl\":\"https:\/\/www.securitydataandvideo.com\/inicio\/wp-content\/uploads\/2021\/10\/Logo-Azul.png\",\"width\":555,\"height\":375,\"caption\":\"Security Data & Video SA de CV\"},\"image\":{\"@id\":\"https:\/\/www.securitydataandvideo.com\/inicio\/#\/schema\/logo\/image\/\"}}]}<\/script>\n<!-- \/ Yoast SEO plugin. -->","yoast_head_json":{"title":"MAG600NLED Chapa magn\u00e9tica ACCESSPRO 600 lbs con LED Ultra-brillante","description":"Security Data &amp; Video SA de CV. MAG600NLED Chapa magn\u00e9tica ACCESSPRO 600 lbs con LED Ultra-brillante\/ Libre de Magnetismo Residual \/ Sensor de estado de la placa, en guadalajara jalisco.","robots":{"index":"index","follow":"follow","max-snippet":"max-snippet:-1","max-image-preview":"max-image-preview:large","max-video-preview":"max-video-preview:-1"},"canonical":"https:\/\/www.securitydataandvideo.com\/inicio\/shop\/mag600nled-chapa-magnetica-accesspro-600-lbs-con-led-ultra-brillante-libre-de-magnetismo-residual-sensor-de-estado-de-la-placa-en-guadalajara-jalisco\/","og_locale":"es_MX","og_type":"article","og_title":"MAG600NLED Chapa magn\u00e9tica ACCESSPRO 600 lbs con LED Ultra-brillante","og_description":"Security Data &amp; Video SA de CV. MAG600NLED Chapa magn\u00e9tica ACCESSPRO 600 lbs con LED Ultra-brillante\/ Libre de Magnetismo Residual \/ Sensor de estado de la placa, en guadalajara jalisco.","og_url":"https:\/\/www.securitydataandvideo.com\/inicio\/shop\/mag600nled-chapa-magnetica-accesspro-600-lbs-con-led-ultra-brillante-libre-de-magnetismo-residual-sensor-de-estado-de-la-placa-en-guadalajara-jalisco\/","og_site_name":"Security Data &amp; Video SA de CV.","article_modified_time":"2022-07-21T17:30:10+00:00","og_image":[{"width":300,"height":300,"url":"https:\/\/www.securitydataandvideo.com\/inicio\/wp-content\/uploads\/2022\/07\/MAG600NLED-p-e1601672860478.png","type":"image\/png"}],"twitter_card":"summary","twitter_misc":{"Tiempo de lectura":"1 minuto"},"schema":{"@context":"https:\/\/schema.org","@graph":[{"@type":"WebPage","@id":"https:\/\/www.securitydataandvideo.com\/inicio\/shop\/mag600nled-chapa-magnetica-accesspro-600-lbs-con-led-ultra-brillante-libre-de-magnetismo-residual-sensor-de-estado-de-la-placa-en-guadalajara-jalisco\/","url":"https:\/\/www.securitydataandvideo.com\/inicio\/shop\/mag600nled-chapa-magnetica-accesspro-600-lbs-con-led-ultra-brillante-libre-de-magnetismo-residual-sensor-de-estado-de-la-placa-en-guadalajara-jalisco\/","name":"MAG600NLED Chapa magn\u00e9tica ACCESSPRO 600 lbs con LED Ultra-brillante","isPartOf":{"@id":"https:\/\/www.securitydataandvideo.com\/inicio\/#website"},"datePublished":"2022-07-21T17:29:33+00:00","dateModified":"2022-07-21T17:30:10+00:00","description":"Security Data &amp; Video SA de CV. MAG600NLED Chapa magn\u00e9tica ACCESSPRO 600 lbs con LED Ultra-brillante\/ Libre de Magnetismo Residual \/ Sensor de estado de la placa, en guadalajara jalisco.","breadcrumb":{"@id":"https:\/\/www.securitydataandvideo.com\/inicio\/shop\/mag600nled-chapa-magnetica-accesspro-600-lbs-con-led-ultra-brillante-libre-de-magnetismo-residual-sensor-de-estado-de-la-placa-en-guadalajara-jalisco\/#breadcrumb"},"inLanguage":"es-MX","potentialAction":[{"@type":"ReadAction","target":["https:\/\/www.securitydataandvideo.com\/inicio\/shop\/mag600nled-chapa-magnetica-accesspro-600-lbs-con-led-ultra-brillante-libre-de-magnetismo-residual-sensor-de-estado-de-la-placa-en-guadalajara-jalisco\/"]}]},{"@type":"BreadcrumbList","@id":"https:\/\/www.securitydataandvideo.com\/inicio\/shop\/mag600nled-chapa-magnetica-accesspro-600-lbs-con-led-ultra-brillante-libre-de-magnetismo-residual-sensor-de-estado-de-la-placa-en-guadalajara-jalisco\/#breadcrumb","itemListElement":[{"@type":"ListItem","position":1,"name":"Inicio","item":"https:\/\/www.securitydataandvideo.com\/inicio\/"},{"@type":"ListItem","position":2,"name":"Shop","item":"https:\/\/www.securitydataandvideo.com\/inicio\/shop\/"},{"@type":"ListItem","position":3,"name":"MAG600NLED Chapa magn\u00e9tica ACCESSPRO 600 lbs con LED Ultra-brillante\/ Libre de Magnetismo Residual \/ Sensor de estado de la placa, en guadalajara jalisco."}]},{"@type":"WebSite","@id":"https:\/\/www.securitydataandvideo.com\/inicio\/#website","url":"https:\/\/www.securitydataandvideo.com\/inicio\/","name":"Security Data &amp; Video SA de CV.","description":"Seguridad Electr\u00f3nica y Energ\u00eda","publisher":{"@id":"https:\/\/www.securitydataandvideo.com\/inicio\/#organization"},"potentialAction":[{"@type":"SearchAction","target":{"@type":"EntryPoint","urlTemplate":"https:\/\/www.securitydataandvideo.com\/inicio\/?s={search_term_string}"},"query-input":"required name=search_term_string"}],"inLanguage":"es-MX"},{"@type":"Organization","@id":"https:\/\/www.securitydataandvideo.com\/inicio\/#organization","name":"Security Data & Video SA de CV","url":"https:\/\/www.securitydataandvideo.com\/inicio\/","sameAs":[],"logo":{"@type":"ImageObject","inLanguage":"es-MX","@id":"https:\/\/www.securitydataandvideo.com\/inicio\/#\/schema\/logo\/image\/","url":"https:\/\/www.securitydataandvideo.com\/inicio\/wp-content\/uploads\/2021\/10\/Logo-Azul.png","contentUrl":"https:\/\/www.securitydataandvideo.com\/inicio\/wp-content\/uploads\/2021\/10\/Logo-Azul.png","width":555,"height":375,"caption":"Security Data & Video SA de CV"},"image":{"@id":"https:\/\/www.securitydataandvideo.com\/inicio\/#\/schema\/logo\/image\/"}}]}},"_links":{"self":[{"href":"https:\/\/www.securitydataandvideo.com\/inicio\/wp-json\/wp\/v2\/product\/15703"}],"collection":[{"href":"https:\/\/www.securitydataandvideo.com\/inicio\/wp-json\/wp\/v2\/product"}],"about":[{"href":"https:\/\/www.securitydataandvideo.com\/inicio\/wp-json\/wp\/v2\/types\/product"}],"wp:featuredmedia":[{"embeddable":true,"href":"https:\/\/www.securitydataandvideo.com\/inicio\/wp-json\/wp\/v2\/media\/15745"}],"wp:attachment":[{"href":"https:\/\/www.securitydataandvideo.com\/inicio\/wp-json\/wp\/v2\/media?parent=15703"}],"wp:term":[{"taxonomy":"product_cat","embeddable":true,"href":"https:\/\/www.securitydataandvideo.com\/inicio\/wp-json\/wp\/v2\/product_cat?post=15703"},{"taxonomy":"product_tag","embeddable":true,"href":"https:\/\/www.securitydataandvideo.com\/inicio\/wp-json\/wp\/v2\/product_tag?post=15703"}],"curies":[{"name":"wp","href":"https:\/\/api.w.org\/{rel}","templated":true}]}}