{"id":15731,"date":"2022-07-21T11:30:00","date_gmt":"2022-07-21T17:30:00","guid":{"rendered":"https:\/\/www.securitydataandvideo.com\/inicio\/?post_type=product&#038;p=15731"},"modified":"2023-10-02T18:34:33","modified_gmt":"2023-10-03T00:34:33","slug":"barrera-vehicular-wejoin-wddz101l180-con-brazo-de-3-mts-articulado-a-180-para-uso-rudo-pueden-estar-las-24hrs-del-dia-controlando-el-acceso-y-flujo-vehicular-7-dias-a-la-semana-sin-problemas","status":"publish","type":"product","link":"https:\/\/www.securitydataandvideo.com\/inicio\/shop\/barrera-vehicular-wejoin-wddz101l180-con-brazo-de-3-mts-articulado-a-180-para-uso-rudo-pueden-estar-las-24hrs-del-dia-controlando-el-acceso-y-flujo-vehicular-7-dias-a-la-semana-sin-problemas\/","title":{"rendered":"Barrera vehicular wejoin WDDZ101L180 con brazo de 3 mts articulado a 180\u00b0, para uso rudo, pueden estar las 24hrs del d\u00eda controlando el acceso y flujo vehicular 7 d\u00edas a la semana sin problemas."},"content":{"rendered":"<div class=\"row aling-items-center padding-bottom-2x\">\n<div class=\"col-lg-12\">\n<p>Barrera vehicular wejoin WDDZ101L180 con brazo de 3 mts articulado a 180\u00b0, para uso rudo, pueden estar las 24hrs del d\u00eda controlando el acceso y flujo vehicular 7 d\u00edas a la semana sin problemas.<\/p>\n<p>El sistema inteligente del embrague hace que la funci\u00f3n de abierto y cerrado sea f\u00e1cil y r\u00e1pido.<\/p>\n<p><img class=\"overview-center-img-web\" src=\"https:\/\/tvc.mx\/media\/45777\/vaner-WEJOIN-WDDZ101L180.jpg\" \/><\/p>\n<\/div>\n<\/div>\n<div class=\"row align-items-center padding-bottom-2x\">\n<div class=\"col-md-5 order-md-2\"><img class=\"d-block m-auto img-thumbnail\" src=\"https:\/\/tvc.mx\/media\/45798\/caracteristicas.jpg\" alt=\"Caracter\u00edsticas\" \/><\/div>\n<div class=\"col-md-7 order-md-1 text-md-left text-center\">\n<h6>Caracter\u00edsticas<\/h6>\n<p>1. Lanzamiento manual<\/p>\n<p>2. El n\u00facleo de la m\u00e1quina con resorte de compresi\u00f3n evita eficazmente los accidentes causados por la ruptura del resorte.<\/p>\n<p>3. Motor de aleaci\u00f3n de aluminio fundido a presi\u00f3n, precisi\u00f3n y buena radiaci\u00f3n t\u00e9rmica.<\/p>\n<p>4. Ventilador de refrigeraci\u00f3n del motor, resolviendo el problema de la protecci\u00f3n contra el calor.<\/p>\n<p>5. Interruptores de l\u00edmite de seguridad dobles (interruptor de l\u00edmite de fotoelectricidad \/ sensor de memoria del motor)<\/p>\n<p>Barrera vehicular wejoin<\/p>\n<p>6. marcha atr\u00e1s en obst\u00e1culo<\/p>\n<p>7. cierre autom\u00e1tico<\/p>\n<p>8. Admite la fotoc\u00e9lula infrarroja para evitar golpes (opcional)<\/p>\n<p>9. Soporte para el detector de bucle externo e interno del veh\u00edculo.<\/p>\n<p>10. interfaz de sem\u00e1foro<\/p>\n<p>Barrera vehicular wejoin WDDZ101L180<\/p>\n<p>11. control de cable (se\u00f1al de interruptor) \/ control remoto (418Hz)<\/p>\n<p>12. M\u00f3dulo comunicacional RS485 para realizar la gesti\u00f3n inteligente del paso.<\/p>\n<\/div>\n<\/div>\n<h3>Conexiones de Barrera vehicular wejoin WDDZ101L180 con brazo de 3 mts articulado<\/h3>\n<div class=\"row aling-items-center padding-bottom-2x\">\n<div class=\"col-lg-12\">\n<p>-Conexi\u00f3n con control de acceso a trav\u00e9s de una salida de relevador Normalmente Abierto:<\/p>\n<p class=\"ql-align-justify\">-Conexi\u00f3n con sensor de masa para detecci\u00f3n de veh\u00edculos el cual previene que la pluma baje mientras el veh\u00edculo esta pasando:<\/p>\n<p class=\"ql-align-justify\"><strong>NOTA: EL SENSOR DE MASA SE ADQUIERE POR SEPARADO.<\/strong><\/p>\n<h6>Caracter\u00edsticas Avanzadas de Barrera vehicular wejoin WDDZ101L180 con brazo de 3 mts articulado<\/h6>\n<ul>\n<li class=\"ql-align-justify\">Potente controlador comercial de frecuencia variable.<\/li>\n<li class=\"ql-align-justify\">Gabinete adopta el proceso de galvanoplastia y pintura de doble capa<\/li>\n<li class=\"ql-align-justify\">M\u00e1s seguro: nueva actualizaci\u00f3n de la funci\u00f3n de inversi\u00f3n autom\u00e1tica<\/li>\n<li class=\"ql-align-justify\">Nueva estructura equilibrada: suave al tacto y presi\u00f3n cero<\/li>\n<li class=\"ql-align-justify\">Reducir sustancialmente el da\u00f1o al veh\u00edculo y las personas.<\/li>\n<\/ul>\n<h6><strong>Principales Caracter\u00edsticas de las Barreras vehiculares wejoin WDDZ101L180 con brazo de 3 metros articulado<\/strong><\/h6>\n<p>1. Fuente de alimentaci\u00f3n 220V \u00b1 10% 50\/60 Hz<\/p>\n<p>110V \u00b1 10% 50\/60 Hz<\/p>\n<p>2.potencia nominal 80 W<\/p>\n<p>3. Humedad relativa \u226490%<\/p>\n<p>4.control remoto \u226530M<\/p>\n<p>5. Grado de protecci\u00f3n: IP44<\/p>\n<p><img class=\"overview-center-img-web\" src=\"https:\/\/tvc.mx\/media\/45801\/conexiones12.jpg\" \/><\/p>\n<\/div>\n<\/div>\n","protected":false},"excerpt":{"rendered":"<p><em>Barrera izquierda de control vehicular WEJOIN WDDZ101L180 con motor de 3 Segundos y brazo articulado de 3 metros a 180 grados, ideal para estacionamientos, en guadalajara jalisco mexico.<\/em><\/p>\n","protected":false},"featured_media":15759,"template":"","meta":{"site-sidebar-layout":"default","site-content-layout":"default","ast-site-content-layout":"","site-content-style":"default","site-sidebar-style":"default","ast-global-header-display":"","ast-banner-title-visibility":"","ast-main-header-display":"","ast-hfb-above-header-display":"","ast-hfb-below-header-display":"","ast-hfb-mobile-header-display":"","site-post-title":"","ast-breadcrumbs-content":"","ast-featured-img":"","footer-sml-layout":"","theme-transparent-header-meta":"default","adv-header-id-meta":"","stick-header-meta":"","header-above-stick-meta":"","header-main-stick-meta":"","header-below-stick-meta":"","astra-migrate-meta-layouts":""},"product_cat":[248],"product_tag":[255,256,155],"yoast_head":"<!-- This site is optimized with the Yoast SEO plugin v19.5.1 - https:\/\/yoast.com\/wordpress\/plugins\/seo\/ -->\n<title>Barrera vehicular wejoin WDDZ101L180 con brazo de 3 mts articulado<\/title>\n<meta name=\"description\" content=\"Barrera vehicular wejoin WDDZ101L180 con brazo de 3 mts articulado a 180\u00b0, para uso rudo, pueden estar las 24hrs del d\u00eda controlando el acces\" \/>\n<meta name=\"robots\" content=\"index, follow, max-snippet:-1, max-image-preview:large, max-video-preview:-1\" \/>\n<link rel=\"canonical\" href=\"https:\/\/www.securitydataandvideo.com\/inicio\/shop\/barrera-vehicular-wejoin-wddz101l180-con-brazo-de-3-mts-articulado-a-180-para-uso-rudo-pueden-estar-las-24hrs-del-dia-controlando-el-acceso-y-flujo-vehicular-7-dias-a-la-semana-sin-problemas\/\" \/>\n<meta property=\"og:locale\" content=\"es_MX\" \/>\n<meta property=\"og:type\" content=\"article\" \/>\n<meta property=\"og:title\" content=\"Barrera vehicular wejoin WDDZ101L180 con brazo de 3 mts articulado\" \/>\n<meta property=\"og:description\" content=\"Barrera vehicular wejoin WDDZ101L180 con brazo de 3 mts articulado a 180\u00b0, para uso rudo, pueden estar las 24hrs del d\u00eda controlando el acces\" \/>\n<meta property=\"og:url\" content=\"https:\/\/www.securitydataandvideo.com\/inicio\/shop\/barrera-vehicular-wejoin-wddz101l180-con-brazo-de-3-mts-articulado-a-180-para-uso-rudo-pueden-estar-las-24hrs-del-dia-controlando-el-acceso-y-flujo-vehicular-7-dias-a-la-semana-sin-problemas\/\" \/>\n<meta property=\"og:site_name\" content=\"Security Data &amp; Video SA de CV.\" \/>\n<meta property=\"article:modified_time\" content=\"2023-10-03T00:34:33+00:00\" \/>\n<meta property=\"og:image\" content=\"https:\/\/www.securitydataandvideo.com\/inicio\/wp-content\/uploads\/2022\/07\/2100-e1601671730334.png\" \/>\n\t<meta property=\"og:image:width\" content=\"300\" \/>\n\t<meta property=\"og:image:height\" content=\"400\" \/>\n\t<meta property=\"og:image:type\" content=\"image\/png\" \/>\n<meta name=\"twitter:card\" content=\"summary\" \/>\n<meta name=\"twitter:label1\" content=\"Tiempo de lectura\" \/>\n\t<meta name=\"twitter:data1\" content=\"3 minutos\" \/>\n<script type=\"application\/ld+json\" class=\"yoast-schema-graph\">{\"@context\":\"https:\/\/schema.org\",\"@graph\":[{\"@type\":\"WebPage\",\"@id\":\"https:\/\/www.securitydataandvideo.com\/inicio\/shop\/barrera-vehicular-wejoin-wddz101l180-con-brazo-de-3-mts-articulado-a-180-para-uso-rudo-pueden-estar-las-24hrs-del-dia-controlando-el-acceso-y-flujo-vehicular-7-dias-a-la-semana-sin-problemas\/\",\"url\":\"https:\/\/www.securitydataandvideo.com\/inicio\/shop\/barrera-vehicular-wejoin-wddz101l180-con-brazo-de-3-mts-articulado-a-180-para-uso-rudo-pueden-estar-las-24hrs-del-dia-controlando-el-acceso-y-flujo-vehicular-7-dias-a-la-semana-sin-problemas\/\",\"name\":\"Barrera vehicular wejoin WDDZ101L180 con brazo de 3 mts articulado\",\"isPartOf\":{\"@id\":\"https:\/\/www.securitydataandvideo.com\/inicio\/#website\"},\"datePublished\":\"2022-07-21T17:30:00+00:00\",\"dateModified\":\"2023-10-03T00:34:33+00:00\",\"description\":\"Barrera vehicular wejoin WDDZ101L180 con brazo de 3 mts articulado a 180\u00b0, para uso rudo, pueden estar las 24hrs del d\u00eda controlando el acces\",\"breadcrumb\":{\"@id\":\"https:\/\/www.securitydataandvideo.com\/inicio\/shop\/barrera-vehicular-wejoin-wddz101l180-con-brazo-de-3-mts-articulado-a-180-para-uso-rudo-pueden-estar-las-24hrs-del-dia-controlando-el-acceso-y-flujo-vehicular-7-dias-a-la-semana-sin-problemas\/#breadcrumb\"},\"inLanguage\":\"es-MX\",\"potentialAction\":[{\"@type\":\"ReadAction\",\"target\":[\"https:\/\/www.securitydataandvideo.com\/inicio\/shop\/barrera-vehicular-wejoin-wddz101l180-con-brazo-de-3-mts-articulado-a-180-para-uso-rudo-pueden-estar-las-24hrs-del-dia-controlando-el-acceso-y-flujo-vehicular-7-dias-a-la-semana-sin-problemas\/\"]}]},{\"@type\":\"BreadcrumbList\",\"@id\":\"https:\/\/www.securitydataandvideo.com\/inicio\/shop\/barrera-vehicular-wejoin-wddz101l180-con-brazo-de-3-mts-articulado-a-180-para-uso-rudo-pueden-estar-las-24hrs-del-dia-controlando-el-acceso-y-flujo-vehicular-7-dias-a-la-semana-sin-problemas\/#breadcrumb\",\"itemListElement\":[{\"@type\":\"ListItem\",\"position\":1,\"name\":\"Inicio\",\"item\":\"https:\/\/www.securitydataandvideo.com\/inicio\/\"},{\"@type\":\"ListItem\",\"position\":2,\"name\":\"Shop\",\"item\":\"https:\/\/www.securitydataandvideo.com\/inicio\/shop\/\"},{\"@type\":\"ListItem\",\"position\":3,\"name\":\"Barrera vehicular wejoin WDDZ101L180 con brazo de 3 mts articulado a 180\u00b0, para uso rudo, pueden estar las 24hrs del d\u00eda controlando el acceso y flujo vehicular 7 d\u00edas a la semana sin problemas.\"}]},{\"@type\":\"WebSite\",\"@id\":\"https:\/\/www.securitydataandvideo.com\/inicio\/#website\",\"url\":\"https:\/\/www.securitydataandvideo.com\/inicio\/\",\"name\":\"Security Data &amp; Video SA de CV.\",\"description\":\"Seguridad Electr\u00f3nica y Energ\u00eda\",\"publisher\":{\"@id\":\"https:\/\/www.securitydataandvideo.com\/inicio\/#organization\"},\"potentialAction\":[{\"@type\":\"SearchAction\",\"target\":{\"@type\":\"EntryPoint\",\"urlTemplate\":\"https:\/\/www.securitydataandvideo.com\/inicio\/?s={search_term_string}\"},\"query-input\":\"required name=search_term_string\"}],\"inLanguage\":\"es-MX\"},{\"@type\":\"Organization\",\"@id\":\"https:\/\/www.securitydataandvideo.com\/inicio\/#organization\",\"name\":\"Security Data & Video SA de CV\",\"url\":\"https:\/\/www.securitydataandvideo.com\/inicio\/\",\"sameAs\":[],\"logo\":{\"@type\":\"ImageObject\",\"inLanguage\":\"es-MX\",\"@id\":\"https:\/\/www.securitydataandvideo.com\/inicio\/#\/schema\/logo\/image\/\",\"url\":\"https:\/\/www.securitydataandvideo.com\/inicio\/wp-content\/uploads\/2021\/10\/Logo-Azul.png\",\"contentUrl\":\"https:\/\/www.securitydataandvideo.com\/inicio\/wp-content\/uploads\/2021\/10\/Logo-Azul.png\",\"width\":555,\"height\":375,\"caption\":\"Security Data & Video SA de CV\"},\"image\":{\"@id\":\"https:\/\/www.securitydataandvideo.com\/inicio\/#\/schema\/logo\/image\/\"}}]}<\/script>\n<!-- \/ Yoast SEO plugin. -->","yoast_head_json":{"title":"Barrera vehicular wejoin WDDZ101L180 con brazo de 3 mts articulado","description":"Barrera vehicular wejoin WDDZ101L180 con brazo de 3 mts articulado a 180\u00b0, para uso rudo, pueden estar las 24hrs del d\u00eda controlando el acces","robots":{"index":"index","follow":"follow","max-snippet":"max-snippet:-1","max-image-preview":"max-image-preview:large","max-video-preview":"max-video-preview:-1"},"canonical":"https:\/\/www.securitydataandvideo.com\/inicio\/shop\/barrera-vehicular-wejoin-wddz101l180-con-brazo-de-3-mts-articulado-a-180-para-uso-rudo-pueden-estar-las-24hrs-del-dia-controlando-el-acceso-y-flujo-vehicular-7-dias-a-la-semana-sin-problemas\/","og_locale":"es_MX","og_type":"article","og_title":"Barrera vehicular wejoin WDDZ101L180 con brazo de 3 mts articulado","og_description":"Barrera vehicular wejoin WDDZ101L180 con brazo de 3 mts articulado a 180\u00b0, para uso rudo, pueden estar las 24hrs del d\u00eda controlando el acces","og_url":"https:\/\/www.securitydataandvideo.com\/inicio\/shop\/barrera-vehicular-wejoin-wddz101l180-con-brazo-de-3-mts-articulado-a-180-para-uso-rudo-pueden-estar-las-24hrs-del-dia-controlando-el-acceso-y-flujo-vehicular-7-dias-a-la-semana-sin-problemas\/","og_site_name":"Security Data &amp; Video SA de CV.","article_modified_time":"2023-10-03T00:34:33+00:00","og_image":[{"width":300,"height":400,"url":"https:\/\/www.securitydataandvideo.com\/inicio\/wp-content\/uploads\/2022\/07\/2100-e1601671730334.png","type":"image\/png"}],"twitter_card":"summary","twitter_misc":{"Tiempo de lectura":"3 minutos"},"schema":{"@context":"https:\/\/schema.org","@graph":[{"@type":"WebPage","@id":"https:\/\/www.securitydataandvideo.com\/inicio\/shop\/barrera-vehicular-wejoin-wddz101l180-con-brazo-de-3-mts-articulado-a-180-para-uso-rudo-pueden-estar-las-24hrs-del-dia-controlando-el-acceso-y-flujo-vehicular-7-dias-a-la-semana-sin-problemas\/","url":"https:\/\/www.securitydataandvideo.com\/inicio\/shop\/barrera-vehicular-wejoin-wddz101l180-con-brazo-de-3-mts-articulado-a-180-para-uso-rudo-pueden-estar-las-24hrs-del-dia-controlando-el-acceso-y-flujo-vehicular-7-dias-a-la-semana-sin-problemas\/","name":"Barrera vehicular wejoin WDDZ101L180 con brazo de 3 mts articulado","isPartOf":{"@id":"https:\/\/www.securitydataandvideo.com\/inicio\/#website"},"datePublished":"2022-07-21T17:30:00+00:00","dateModified":"2023-10-03T00:34:33+00:00","description":"Barrera vehicular wejoin WDDZ101L180 con brazo de 3 mts articulado a 180\u00b0, para uso rudo, pueden estar las 24hrs del d\u00eda controlando el acces","breadcrumb":{"@id":"https:\/\/www.securitydataandvideo.com\/inicio\/shop\/barrera-vehicular-wejoin-wddz101l180-con-brazo-de-3-mts-articulado-a-180-para-uso-rudo-pueden-estar-las-24hrs-del-dia-controlando-el-acceso-y-flujo-vehicular-7-dias-a-la-semana-sin-problemas\/#breadcrumb"},"inLanguage":"es-MX","potentialAction":[{"@type":"ReadAction","target":["https:\/\/www.securitydataandvideo.com\/inicio\/shop\/barrera-vehicular-wejoin-wddz101l180-con-brazo-de-3-mts-articulado-a-180-para-uso-rudo-pueden-estar-las-24hrs-del-dia-controlando-el-acceso-y-flujo-vehicular-7-dias-a-la-semana-sin-problemas\/"]}]},{"@type":"BreadcrumbList","@id":"https:\/\/www.securitydataandvideo.com\/inicio\/shop\/barrera-vehicular-wejoin-wddz101l180-con-brazo-de-3-mts-articulado-a-180-para-uso-rudo-pueden-estar-las-24hrs-del-dia-controlando-el-acceso-y-flujo-vehicular-7-dias-a-la-semana-sin-problemas\/#breadcrumb","itemListElement":[{"@type":"ListItem","position":1,"name":"Inicio","item":"https:\/\/www.securitydataandvideo.com\/inicio\/"},{"@type":"ListItem","position":2,"name":"Shop","item":"https:\/\/www.securitydataandvideo.com\/inicio\/shop\/"},{"@type":"ListItem","position":3,"name":"Barrera vehicular wejoin WDDZ101L180 con brazo de 3 mts articulado a 180\u00b0, para uso rudo, pueden estar las 24hrs del d\u00eda controlando el acceso y flujo vehicular 7 d\u00edas a la semana sin problemas."}]},{"@type":"WebSite","@id":"https:\/\/www.securitydataandvideo.com\/inicio\/#website","url":"https:\/\/www.securitydataandvideo.com\/inicio\/","name":"Security Data &amp; Video SA de CV.","description":"Seguridad Electr\u00f3nica y Energ\u00eda","publisher":{"@id":"https:\/\/www.securitydataandvideo.com\/inicio\/#organization"},"potentialAction":[{"@type":"SearchAction","target":{"@type":"EntryPoint","urlTemplate":"https:\/\/www.securitydataandvideo.com\/inicio\/?s={search_term_string}"},"query-input":"required name=search_term_string"}],"inLanguage":"es-MX"},{"@type":"Organization","@id":"https:\/\/www.securitydataandvideo.com\/inicio\/#organization","name":"Security Data & Video SA de CV","url":"https:\/\/www.securitydataandvideo.com\/inicio\/","sameAs":[],"logo":{"@type":"ImageObject","inLanguage":"es-MX","@id":"https:\/\/www.securitydataandvideo.com\/inicio\/#\/schema\/logo\/image\/","url":"https:\/\/www.securitydataandvideo.com\/inicio\/wp-content\/uploads\/2021\/10\/Logo-Azul.png","contentUrl":"https:\/\/www.securitydataandvideo.com\/inicio\/wp-content\/uploads\/2021\/10\/Logo-Azul.png","width":555,"height":375,"caption":"Security Data & Video SA de CV"},"image":{"@id":"https:\/\/www.securitydataandvideo.com\/inicio\/#\/schema\/logo\/image\/"}}]}},"_links":{"self":[{"href":"https:\/\/www.securitydataandvideo.com\/inicio\/wp-json\/wp\/v2\/product\/15731"}],"collection":[{"href":"https:\/\/www.securitydataandvideo.com\/inicio\/wp-json\/wp\/v2\/product"}],"about":[{"href":"https:\/\/www.securitydataandvideo.com\/inicio\/wp-json\/wp\/v2\/types\/product"}],"wp:featuredmedia":[{"embeddable":true,"href":"https:\/\/www.securitydataandvideo.com\/inicio\/wp-json\/wp\/v2\/media\/15759"}],"wp:attachment":[{"href":"https:\/\/www.securitydataandvideo.com\/inicio\/wp-json\/wp\/v2\/media?parent=15731"}],"wp:term":[{"taxonomy":"product_cat","embeddable":true,"href":"https:\/\/www.securitydataandvideo.com\/inicio\/wp-json\/wp\/v2\/product_cat?post=15731"},{"taxonomy":"product_tag","embeddable":true,"href":"https:\/\/www.securitydataandvideo.com\/inicio\/wp-json\/wp\/v2\/product_tag?post=15731"}],"curies":[{"name":"wp","href":"https:\/\/api.w.org\/{rel}","templated":true}]}}