{"id":15733,"date":"2022-07-21T11:30:01","date_gmt":"2022-07-21T17:30:01","guid":{"rendered":"https:\/\/www.securitydataandvideo.com\/inicio\/?post_type=product&#038;p=15733"},"modified":"2023-10-23T10:53:32","modified_gmt":"2023-10-23T16:53:32","slug":"barrera-one-tech-articulada-de-3-metros","status":"publish","type":"product","link":"https:\/\/www.securitydataandvideo.com\/inicio\/shop\/barrera-one-tech-articulada-de-3-metros\/","title":{"rendered":"Barrera One Tech Articulada de 3 metros"},"content":{"rendered":"<div class=\"row aling-items-center padding-bottom-2x\">\n<p class=\"col-lg-12\"><em>Barrera <a href=\"https:\/\/www.securitydataandvideo.com\/inicio\/shop\/barrera-vehicular-articulada-para-estacionamientos-onetech-derecha-con-motor-de-3-segundos-y-brazo-articulado-de-3-metros-a-180-grados-ideal-para-estacionamientos-en-guadalajara-jalisco-mexico\/?preview=true\">One Tech<\/a> Articulada de 3 metros, para estacionamientos, derecha con motor de 3 Segundos y brazo articulado de 3 metros a 180 grados, ideal para estacionamientos, en guadalajara jalisco mexico.<\/em><\/p>\n<p><span style=\"font-size: 16px;\">Pueden estar las 24hrs del d\u00eda controlando el acceso y flujo vehicular 7 d\u00edas a la semana sin problemas.<\/span><\/p>\n<\/div>\n<div class=\"row aling-items-center padding-bottom-2x\">\n<div class=\"col-lg-12\">\n<p>El sistema inteligente del embrague hace que la funci\u00f3n de abierto y cerrado sea f\u00e1cil y r\u00e1pido.<\/p>\n<h6><strong>Aplicaci\u00f3n del producto<\/strong><\/h6>\n<p>Adecuado para \u00e1reas de estacionamiento interior y exterior, estacionamientos, portones de peaje, patio de mercanc\u00edas, cruces ferroviarios, locales comerciales, centros comerciales, hospitales, estadios, centros de negocios, etc.<\/p>\n<p><a href=\"https:\/\/qdigital.mx\/control-de-acceso\/acceso-vehicular\/\"><strong>Caracter\u00edsticas Avanzadas de Barrera One Tech Articulada<\/strong><\/a><\/p>\n<p>Potente controlador comercial de frecuencia variable.<\/p>\n<p>Gabinete adopta el proceso de galvanoplastia y pintura de doble capa<\/p>\n<p>M\u00e1s seguro: nueva actualizaci\u00f3n de la funci\u00f3n de inversi\u00f3n autom\u00e1tica<\/p>\n<p>Nueva estructura equilibrada: suave al tacto y presi\u00f3n cero<\/p>\n<p>Reducir sustancialmente el da\u00f1o al veh\u00edculo y las personas.<\/p>\n<p>Barrera vehicular Articulada estacionamientos<\/p>\n<h6>Un sistema de control m\u00e1s potente en<\/h6>\n<p>Panel de control tipo men\u00fa, conveniente para elegir la velocidad de trabajo, la temperatura de trabajo, el conteo, el tiempo de cierre autom\u00e1tico, el \u00e1ngulo ascendente, la comunicaci\u00f3n RS485, la sensibilidad de inversi\u00f3n en obst\u00e1culos, el c\u00f3digo de falla, etc.<\/p>\n<p>El funcionamiento y el mantenimiento son m\u00e1s convenientes.<\/p>\n<p>Control de la fuente de alimentaci\u00f3n, el rango de voltaje es amplio.<\/p>\n<p>La velocidad es ajustable de 3,4,5s la velocidad se cambia autom\u00e1ticamente de acuerdo con el flujo de tr\u00e1fico (para el modo autom\u00e1tico).<\/p>\n<p>Utilizando dispositivo de frenado (patente), trabajando m\u00e1s estable y m\u00e1s largo.<\/p>\n<p>Nuevo dispositivo de amortiguaci\u00f3n dise\u00f1ado, efecto de amortiguaci\u00f3n mejor, sin necesidad de mantenimiento para siempre.<\/p>\n<p>Tiene la memoria encendida, evite la apertura no autorizada del brazo.<\/p>\n<p><strong style=\"font-size: 1.1em;\">Principales Caracter\u00edsticas de Barrera One Tech Articulada<\/strong><\/p>\n<\/div>\n<p>Fuente de alimentaci\u00f3n 220V \u00b1 10% 50\/60 Hz<\/p>\n<p>110V \u00b1 10% 50\/60 Hz<\/p>\n<p>potencia nominal 80 W<\/p>\n<p>Humedad relativa \u226490%<\/p>\n<p>control remoto \u226530M<\/p>\n<p>Grado de protecci\u00f3n: IP44<\/p>\n<div class=\"row aling-items-center padding-bottom-2x\">\n<p><span style=\"font-size: 16px;\">Pueden estar las 24hrs del d\u00eda controlando el acceso y flujo vehicular 7 d\u00edas a la semana sin problemas.<\/span><\/p>\n<\/div>\n<div class=\"row aling-items-center padding-bottom-2x\">\n<div class=\"col-lg-12\">\n<p>El sistema inteligente del embrague hace que la funci\u00f3n de abierto y cerrado sea f\u00e1cil y r\u00e1pido.<\/p>\n<h6><strong>Aplicaci\u00f3n del producto<\/strong><\/h6>\n<p>Adecuado para \u00e1reas de estacionamiento interior y exterior, estacionamientos, portones de peaje, patio de mercanc\u00edas, cruces ferroviarios, locales comerciales, centros comerciales, hospitales, estadios, centros de negocios, etc.<\/p>\n<div class=\"col-lg-12\">\n<h6>Un sistema de control m\u00e1s potente en<\/h6>\n<p>Panel de control tipo men\u00fa, conveniente para elegir la velocidad de trabajo, la temperatura de trabajo, el conteo, el tiempo de cierre autom\u00e1tico, el \u00e1ngulo ascendente, la comunicaci\u00f3n RS485, la sensibilidad de inversi\u00f3n en obst\u00e1culos, el c\u00f3digo de falla, etc.<\/p>\n<p>El funcionamiento y el mantenimiento son m\u00e1s convenientes.<\/p>\n<p>Control de la fuente de alimentaci\u00f3n, el rango de voltaje es amplio.<\/p>\n<p>La velocidad es ajustable de 3,4,5s la velocidad se cambia autom\u00e1ticamente de acuerdo con el flujo de tr\u00e1fico (para el modo autom\u00e1tico).<\/p>\n<p>Utilizando dispositivo de frenado (patente), trabajando m\u00e1s estable y m\u00e1s largo.<\/p>\n<p>Nuevo dispositivo de amortiguaci\u00f3n dise\u00f1ado, efecto de amortiguaci\u00f3n mejor, sin necesidad de mantenimiento para siempre.<\/p>\n<p>Tiene la memoria encendida, evite la apertura no autorizada del brazo.<\/p>\n<p><strong style=\"font-size: 1.1em;\">Principales Caracter\u00edsticas de Barrera One Tech Articulada<\/strong><\/p>\n<\/div>\n<p>Fuente de alimentaci\u00f3n 220V \u00b1 10% 50\/60 Hz<\/p>\n<p>110V \u00b1 10% 50\/60 Hz<\/p>\n<p>potencia nominal 80 W<\/p>\n<p>Humedad relativa \u226490%<\/p>\n<p>control remoto \u226530M<\/p>\n<p>Grado de protecci\u00f3n: IP44<\/p>\n<div class=\"row aling-items-center padding-bottom-2x\">\n<p><span style=\"font-size: 16px;\">Pueden estar las 24hrs del d\u00eda controlando el acceso y flujo vehicular 7 d\u00edas a la semana sin problemas.<\/span><\/p>\n<\/div>\n<div class=\"row aling-items-center padding-bottom-2x\">\n<div class=\"col-lg-12\">\n<p>El sistema inteligente del embrague hace que la funci\u00f3n de abierto y cerrado sea f\u00e1cil y r\u00e1pido.<\/p>\n<\/div>\n<\/div>\n<\/div>\n<\/div>\n<\/div>\n","protected":false},"excerpt":{"rendered":"<p><strong>Barreras Vehiculares ONETECH derecha con motor de 3 Segundos y brazo articulado de 3 metros a 180 grados, ideal para estacionamientos, en guadalajara jalisco mexico.<\/strong><!--more--><\/p>\n","protected":false},"featured_media":15786,"template":"","meta":{"site-sidebar-layout":"default","site-content-layout":"default","ast-site-content-layout":"default","site-content-style":"default","site-sidebar-style":"default","ast-global-header-display":"","ast-banner-title-visibility":"","ast-main-header-display":"","ast-hfb-above-header-display":"","ast-hfb-below-header-display":"","ast-hfb-mobile-header-display":"","site-post-title":"","ast-breadcrumbs-content":"","ast-featured-img":"","footer-sml-layout":"","theme-transparent-header-meta":"default","adv-header-id-meta":"","stick-header-meta":"","header-above-stick-meta":"","header-main-stick-meta":"","header-below-stick-meta":"","astra-migrate-meta-layouts":"set"},"product_cat":[248],"product_tag":[260,277,261],"yoast_head":"<!-- This site is optimized with the Yoast SEO plugin v19.5.1 - https:\/\/yoast.com\/wordpress\/plugins\/seo\/ -->\n<title>Barrera One Tech Articulada- Security Data &amp; Video<\/title>\n<meta name=\"description\" content=\"Barrera One Tech Articulada de 3 metros, para estacionamientos, derecha con motor de 3 Segundos y brazo articulado de 3 metros a 180 grados,\" \/>\n<meta name=\"robots\" content=\"index, follow, max-snippet:-1, max-image-preview:large, max-video-preview:-1\" \/>\n<link rel=\"canonical\" href=\"https:\/\/www.securitydataandvideo.com\/inicio\/shop\/barrera-one-tech-articulada-de-3-metros\/\" \/>\n<meta property=\"og:locale\" content=\"es_MX\" \/>\n<meta property=\"og:type\" content=\"article\" \/>\n<meta property=\"og:title\" content=\"Barrera One Tech Articulada- Security Data &amp; Video\" \/>\n<meta property=\"og:description\" content=\"Barrera One Tech Articulada de 3 metros, para estacionamientos, derecha con motor de 3 Segundos y brazo articulado de 3 metros a 180 grados,\" \/>\n<meta property=\"og:url\" content=\"https:\/\/www.securitydataandvideo.com\/inicio\/shop\/barrera-one-tech-articulada-de-3-metros\/\" \/>\n<meta property=\"og:site_name\" content=\"Security Data &amp; Video SA de CV.\" \/>\n<meta property=\"article:modified_time\" content=\"2023-10-23T16:53:32+00:00\" \/>\n<meta property=\"og:image\" content=\"https:\/\/www.securitydataandvideo.com\/inicio\/wp-content\/uploads\/2022\/07\/111_source_1586385292-e1601671692969.jpg\" \/>\n\t<meta property=\"og:image:width\" content=\"300\" \/>\n\t<meta property=\"og:image:height\" content=\"300\" \/>\n\t<meta property=\"og:image:type\" content=\"image\/jpeg\" \/>\n<meta name=\"twitter:card\" content=\"summary\" \/>\n<meta name=\"twitter:label1\" content=\"Tiempo de lectura\" \/>\n\t<meta name=\"twitter:data1\" content=\"3 minutos\" \/>\n<script type=\"application\/ld+json\" class=\"yoast-schema-graph\">{\"@context\":\"https:\/\/schema.org\",\"@graph\":[{\"@type\":\"WebPage\",\"@id\":\"https:\/\/www.securitydataandvideo.com\/inicio\/shop\/barrera-one-tech-articulada-de-3-metros\/\",\"url\":\"https:\/\/www.securitydataandvideo.com\/inicio\/shop\/barrera-one-tech-articulada-de-3-metros\/\",\"name\":\"Barrera One Tech Articulada- Security Data & Video\",\"isPartOf\":{\"@id\":\"https:\/\/www.securitydataandvideo.com\/inicio\/#website\"},\"datePublished\":\"2022-07-21T17:30:01+00:00\",\"dateModified\":\"2023-10-23T16:53:32+00:00\",\"description\":\"Barrera One Tech Articulada de 3 metros, para estacionamientos, derecha con motor de 3 Segundos y brazo articulado de 3 metros a 180 grados,\",\"breadcrumb\":{\"@id\":\"https:\/\/www.securitydataandvideo.com\/inicio\/shop\/barrera-one-tech-articulada-de-3-metros\/#breadcrumb\"},\"inLanguage\":\"es-MX\",\"potentialAction\":[{\"@type\":\"ReadAction\",\"target\":[\"https:\/\/www.securitydataandvideo.com\/inicio\/shop\/barrera-one-tech-articulada-de-3-metros\/\"]}]},{\"@type\":\"BreadcrumbList\",\"@id\":\"https:\/\/www.securitydataandvideo.com\/inicio\/shop\/barrera-one-tech-articulada-de-3-metros\/#breadcrumb\",\"itemListElement\":[{\"@type\":\"ListItem\",\"position\":1,\"name\":\"Inicio\",\"item\":\"https:\/\/www.securitydataandvideo.com\/inicio\/\"},{\"@type\":\"ListItem\",\"position\":2,\"name\":\"Shop\",\"item\":\"https:\/\/www.securitydataandvideo.com\/inicio\/shop\/\"},{\"@type\":\"ListItem\",\"position\":3,\"name\":\"Barrera One Tech Articulada de 3 metros\"}]},{\"@type\":\"WebSite\",\"@id\":\"https:\/\/www.securitydataandvideo.com\/inicio\/#website\",\"url\":\"https:\/\/www.securitydataandvideo.com\/inicio\/\",\"name\":\"Security Data &amp; Video SA de CV.\",\"description\":\"Seguridad Electr\u00f3nica y Energ\u00eda\",\"publisher\":{\"@id\":\"https:\/\/www.securitydataandvideo.com\/inicio\/#organization\"},\"potentialAction\":[{\"@type\":\"SearchAction\",\"target\":{\"@type\":\"EntryPoint\",\"urlTemplate\":\"https:\/\/www.securitydataandvideo.com\/inicio\/?s={search_term_string}\"},\"query-input\":\"required name=search_term_string\"}],\"inLanguage\":\"es-MX\"},{\"@type\":\"Organization\",\"@id\":\"https:\/\/www.securitydataandvideo.com\/inicio\/#organization\",\"name\":\"Security Data & Video SA de CV\",\"url\":\"https:\/\/www.securitydataandvideo.com\/inicio\/\",\"sameAs\":[],\"logo\":{\"@type\":\"ImageObject\",\"inLanguage\":\"es-MX\",\"@id\":\"https:\/\/www.securitydataandvideo.com\/inicio\/#\/schema\/logo\/image\/\",\"url\":\"https:\/\/www.securitydataandvideo.com\/inicio\/wp-content\/uploads\/2021\/10\/Logo-Azul.png\",\"contentUrl\":\"https:\/\/www.securitydataandvideo.com\/inicio\/wp-content\/uploads\/2021\/10\/Logo-Azul.png\",\"width\":555,\"height\":375,\"caption\":\"Security Data & Video SA de CV\"},\"image\":{\"@id\":\"https:\/\/www.securitydataandvideo.com\/inicio\/#\/schema\/logo\/image\/\"}}]}<\/script>\n<!-- \/ Yoast SEO plugin. -->","yoast_head_json":{"title":"Barrera One Tech Articulada- Security Data & Video","description":"Barrera One Tech Articulada de 3 metros, para estacionamientos, derecha con motor de 3 Segundos y brazo articulado de 3 metros a 180 grados,","robots":{"index":"index","follow":"follow","max-snippet":"max-snippet:-1","max-image-preview":"max-image-preview:large","max-video-preview":"max-video-preview:-1"},"canonical":"https:\/\/www.securitydataandvideo.com\/inicio\/shop\/barrera-one-tech-articulada-de-3-metros\/","og_locale":"es_MX","og_type":"article","og_title":"Barrera One Tech Articulada- Security Data & Video","og_description":"Barrera One Tech Articulada de 3 metros, para estacionamientos, derecha con motor de 3 Segundos y brazo articulado de 3 metros a 180 grados,","og_url":"https:\/\/www.securitydataandvideo.com\/inicio\/shop\/barrera-one-tech-articulada-de-3-metros\/","og_site_name":"Security Data &amp; Video SA de CV.","article_modified_time":"2023-10-23T16:53:32+00:00","og_image":[{"width":300,"height":300,"url":"https:\/\/www.securitydataandvideo.com\/inicio\/wp-content\/uploads\/2022\/07\/111_source_1586385292-e1601671692969.jpg","type":"image\/jpeg"}],"twitter_card":"summary","twitter_misc":{"Tiempo de lectura":"3 minutos"},"schema":{"@context":"https:\/\/schema.org","@graph":[{"@type":"WebPage","@id":"https:\/\/www.securitydataandvideo.com\/inicio\/shop\/barrera-one-tech-articulada-de-3-metros\/","url":"https:\/\/www.securitydataandvideo.com\/inicio\/shop\/barrera-one-tech-articulada-de-3-metros\/","name":"Barrera One Tech Articulada- Security Data & Video","isPartOf":{"@id":"https:\/\/www.securitydataandvideo.com\/inicio\/#website"},"datePublished":"2022-07-21T17:30:01+00:00","dateModified":"2023-10-23T16:53:32+00:00","description":"Barrera One Tech Articulada de 3 metros, para estacionamientos, derecha con motor de 3 Segundos y brazo articulado de 3 metros a 180 grados,","breadcrumb":{"@id":"https:\/\/www.securitydataandvideo.com\/inicio\/shop\/barrera-one-tech-articulada-de-3-metros\/#breadcrumb"},"inLanguage":"es-MX","potentialAction":[{"@type":"ReadAction","target":["https:\/\/www.securitydataandvideo.com\/inicio\/shop\/barrera-one-tech-articulada-de-3-metros\/"]}]},{"@type":"BreadcrumbList","@id":"https:\/\/www.securitydataandvideo.com\/inicio\/shop\/barrera-one-tech-articulada-de-3-metros\/#breadcrumb","itemListElement":[{"@type":"ListItem","position":1,"name":"Inicio","item":"https:\/\/www.securitydataandvideo.com\/inicio\/"},{"@type":"ListItem","position":2,"name":"Shop","item":"https:\/\/www.securitydataandvideo.com\/inicio\/shop\/"},{"@type":"ListItem","position":3,"name":"Barrera One Tech Articulada de 3 metros"}]},{"@type":"WebSite","@id":"https:\/\/www.securitydataandvideo.com\/inicio\/#website","url":"https:\/\/www.securitydataandvideo.com\/inicio\/","name":"Security Data &amp; Video SA de CV.","description":"Seguridad Electr\u00f3nica y Energ\u00eda","publisher":{"@id":"https:\/\/www.securitydataandvideo.com\/inicio\/#organization"},"potentialAction":[{"@type":"SearchAction","target":{"@type":"EntryPoint","urlTemplate":"https:\/\/www.securitydataandvideo.com\/inicio\/?s={search_term_string}"},"query-input":"required name=search_term_string"}],"inLanguage":"es-MX"},{"@type":"Organization","@id":"https:\/\/www.securitydataandvideo.com\/inicio\/#organization","name":"Security Data & Video SA de CV","url":"https:\/\/www.securitydataandvideo.com\/inicio\/","sameAs":[],"logo":{"@type":"ImageObject","inLanguage":"es-MX","@id":"https:\/\/www.securitydataandvideo.com\/inicio\/#\/schema\/logo\/image\/","url":"https:\/\/www.securitydataandvideo.com\/inicio\/wp-content\/uploads\/2021\/10\/Logo-Azul.png","contentUrl":"https:\/\/www.securitydataandvideo.com\/inicio\/wp-content\/uploads\/2021\/10\/Logo-Azul.png","width":555,"height":375,"caption":"Security Data & Video SA de CV"},"image":{"@id":"https:\/\/www.securitydataandvideo.com\/inicio\/#\/schema\/logo\/image\/"}}]}},"_links":{"self":[{"href":"https:\/\/www.securitydataandvideo.com\/inicio\/wp-json\/wp\/v2\/product\/15733"}],"collection":[{"href":"https:\/\/www.securitydataandvideo.com\/inicio\/wp-json\/wp\/v2\/product"}],"about":[{"href":"https:\/\/www.securitydataandvideo.com\/inicio\/wp-json\/wp\/v2\/types\/product"}],"wp:featuredmedia":[{"embeddable":true,"href":"https:\/\/www.securitydataandvideo.com\/inicio\/wp-json\/wp\/v2\/media\/15786"}],"wp:attachment":[{"href":"https:\/\/www.securitydataandvideo.com\/inicio\/wp-json\/wp\/v2\/media?parent=15733"}],"wp:term":[{"taxonomy":"product_cat","embeddable":true,"href":"https:\/\/www.securitydataandvideo.com\/inicio\/wp-json\/wp\/v2\/product_cat?post=15733"},{"taxonomy":"product_tag","embeddable":true,"href":"https:\/\/www.securitydataandvideo.com\/inicio\/wp-json\/wp\/v2\/product_tag?post=15733"}],"curies":[{"name":"wp","href":"https:\/\/api.w.org\/{rel}","templated":true}]}}