{"id":15736,"date":"2022-07-21T11:30:01","date_gmt":"2022-07-21T17:30:01","guid":{"rendered":"https:\/\/www.securitydataandvideo.com\/inicio\/?post_type=product&#038;p=15736"},"modified":"2023-10-02T17:49:29","modified_gmt":"2023-10-02T23:49:29","slug":"control-de-acceso-vehicular-en-fraccionamientos-onetech-con-led-en-brazo-de-4-5-metros-velocidad-de-3-a-5-segundos","status":"publish","type":"product","link":"https:\/\/www.securitydataandvideo.com\/inicio\/shop\/control-de-acceso-vehicular-en-fraccionamientos-onetech-con-led-en-brazo-de-4-5-metros-velocidad-de-3-a-5-segundos\/","title":{"rendered":"control de acceso vehicular en fraccionamientos ONETECH con LED en Brazo de 4.5 metros, velocidad de 3 a 5 Segundos."},"content":{"rendered":"<p><em>Control de acceso vehicular en fraccionamientos ONETECH con LED en Brazo de 4.5 metros, velocidad de 3 a 5 Segundos.<\/em><\/p>\n<h5><\/h5>\n<p>Esta es la barrera vehicular mas reciente de ONETECH\u00a0 con servo motor DC, que utiliza la versi\u00f3n electr\u00f3nica actualizada la tecnolog\u00eda de control de maquinaria y tecnolog\u00eda de procesamiento, no hay interruptor de l\u00edmite, no se realiza ajuste de mecanismo, velocidad ajustable, reducci\u00f3n de velocidad autom\u00e1tica. De esta manera, haga que la barrera opere de manera m\u00e1s constante y m\u00e1s real.<\/p>\n<p class=\"ql-align-justify\">Este producto est\u00e1 resaltada en la frecuencia de las aplicaciones y una vida \u00fatil m\u00e1s larga.<\/p>\n<h2><strong>Aplicaci\u00f3n del producto<\/strong><\/h2>\n<p>Adecuado para \u00e1reas de estacionamiento interior y exterior, estacionamientos, portones de peaje, patio de mercanc\u00edas, cruces ferroviarios, locales comerciales, centros comerciales, hospitales, estadios, centros de negocios, etc.<\/p>\n<p>Barrera de Frecuencia Variable Comercial Puerta CB01SV<\/p>\n<ul>\n<li class=\"ql-align-justify\">La velocidad es ajustable de 3 segundos<\/li>\n<li class=\"ql-align-justify\">La velocidad de apertura \/ cierre es ajustable<\/li>\n<li class=\"ql-align-justify\">Amortigua y disminuye la velocidad cuando el brazo va a la posici\u00f3n de l\u00edmite.<\/li>\n<li class=\"ql-align-justify\">Control inteligente y desarrollo personalizado adicional.<\/li>\n<li class=\"ql-align-justify\">Panel de control tipo men\u00fa<\/li>\n<li class=\"ql-align-justify\">En el modo autom\u00e1tico, la velocidad puede cambiar autom\u00e1ticamente seg\u00fan el flujo de tr\u00e1fico<\/li>\n<li class=\"ql-align-justify\">Sin dise\u00f1o de interruptor de l\u00edmite: el motor puede detectar la posici\u00f3n de la pluma autom\u00e1ticamente.<\/li>\n<li class=\"ql-align-justify\">Con auto-inversi\u00f3n en funci\u00f3n de obstrucci\u00f3n.<\/li>\n<li class=\"ql-align-justify\">TCP \/ IP en l\u00ednea es opcional<\/li>\n<\/ul>\n<p class=\"ql-align-justify\">La compuerta de barrera de frecuencia variable real debe estar equipada con un controlador y motor de frecuencia variable de desarrollo propio de WEJOIN<\/p>\n<h2><strong>Caracter\u00edsticas Avanzadas<\/strong><\/h2>\n<ul>\n<li>Potente controlador comercial de frecuencia variable.<\/li>\n<li>Barreras Vehiculares ONETECH con LED<\/li>\n<li>Gabinete adopta el proceso de galvanoplastia y pintura de doble capa<\/li>\n<li>M\u00e1s seguro: nueva actualizaci\u00f3n de la funci\u00f3n de inversi\u00f3n autom\u00e1tica<\/li>\n<li>Nueva estructura equilibrada: suave al tacto y presi\u00f3n cero<\/li>\n<li>Reducir sustancialmente el da\u00f1o al veh\u00edculo y las personas.<\/li>\n<li>Barreras Vehiculares ONETECH con LED en Brazo de 4.5 metros, velocidad de 3 a 5 Segundos.<\/li>\n<\/ul>\n<h3>Caracter\u00edsticas de productos<\/h3>\n<p class=\"ql-align-justify\">Dise\u00f1ado y desarrollado independientemente por WEJOIN, la barrera de frecuencia variable comercial tiene las siguientes funciones:<\/p>\n<ol>\n<li class=\"ql-align-justify\">Nuevo dispositivo de desaceleraci\u00f3n, utilizando un proceso de precisi\u00f3n integral de CNC; Reducci\u00f3n de avisos, prevenci\u00f3n de derrames de aceite, mejor trabajo, mantenimiento m\u00e1s c\u00f3modo.<\/li>\n<li class=\"ql-align-justify\">Las manivelas de potencia de la salida principal, utilizan el acero fundido, las manivelas de giro refuerzan el dise\u00f1o, la vida \u00fatil puede ser de 8 mil veces en el mantenimiento normal. Los horarios de trabajo diarios (sin parar) pueden ser superiores a 20000.<\/li>\n<li class=\"ql-align-justify\">El motor se adapta bien a temperaturas altas y bajas (de -35 \u2103 ~ 85).<\/li>\n<li class=\"ql-align-justify\">Nueva tecnolog\u00eda de l\u00edmite digital, ajuste libre, control preciso; amortigua y desacelera cuando el brazo va a la posici\u00f3n l\u00edmite, el trabajo es m\u00e1s estable.<\/li>\n<li class=\"ql-align-justify\">Un sistema de control m\u00e1s potente.<\/li>\n<li class=\"ql-align-justify\">Panel de control tipo men\u00fa, conveniente para elegir la velocidad de trabajo, la temperatura de trabajo, el conteo, el tiempo de cierre autom\u00e1tico, el \u00e1ngulo ascendente, la comunicaci\u00f3n RS485, la sensibilidad de inversi\u00f3n en obst\u00e1culos, el c\u00f3digo de falla, etc. El funcionamiento y el mantenimiento son m\u00e1s convenientes.<\/li>\n<li class=\"ql-align-justify\">Control de la fuente de alimentaci\u00f3n, el rango de voltaje es amplio.<\/li>\n<li class=\"ql-align-justify\">La velocidad es ajustable de 3,4,5s la velocidad se cambia autom\u00e1ticamente de acuerdo con el flujo de tr\u00e1fico (para el modo autom\u00e1tico).<\/li>\n<\/ol>\n<p>Para mas informacion ingresa a pagina de fabricante <a href=\"http:\/\/wejoinco.es\/\">aqu\u00ed<\/a><\/p>\n<p>Barreras Vehiculares ONETECH con LED en Brazo de 4.5 metros, velocidad de 3 a 5 Segundos<\/p>\n<h6>Especificaciones Control de acceso vehicular en fraccionamientos ONETECH<\/h6>\n<p class=\"ql-align-justify\"><strong>Temperatura de trabajo<\/strong><\/p>\n<p class=\"ql-align-justify\">-35 \u2103 ~ + 85<\/p>\n<p class=\"ql-align-justify\"><strong>Fuente de alimentaci\u00f3n<\/strong><\/p>\n<p class=\"ql-align-justify\">AC 220V \u00b1 10%, 110V \u00b1 10%, 50 \/ 60HZ<\/p>\n<p class=\"ql-align-justify\"><strong>Consumo de energ\u00eda<\/strong><\/p>\n<p class=\"ql-align-justify\">300W<\/p>\n<p class=\"ql-align-justify\"><strong>Humedad relativa<\/strong><\/p>\n<p class=\"ql-align-justify\">\u226490%<\/p>\n<p class=\"ql-align-justify\"><strong>Distancia del mando a distancia<\/strong><\/p>\n<p class=\"ql-align-justify\">\u226530m (abierto sin interferencias)<\/p>\n<p class=\"ql-align-justify\"><strong>Grado de aislamiento<\/strong><\/p>\n<p class=\"ql-align-justify\">F<\/p>\n<p class=\"ql-align-justify\"><strong>Selecci\u00f3n de\u00a0<\/strong><strong>par\u00e1metros<\/strong><\/p>\n<p class=\"ql-align-justify\">direcci\u00f3n, longitud, estilo de brazo.<\/p>\n<p>EQUIPOS OPCIONALES NO INCLUIDOS:<\/p>\n<ul>\n<li>Sensor de masa Vehicular <a href=\"https:\/\/solucionesdeinfraestructura.com\/producto\/sys-lm6-accesspro-lazo-magnetico-para-deteccion-de-vehiculos-2m-x-1m-ideal-para-deteccion-de-vehiculos-de-tamano-medio-en-guadalajara-jalisco-mexico\/\"><strong>SYS-LM6<\/strong><\/a><\/li>\n<li>Tag para pegar en parabrisas <a href=\"https:\/\/solucionesdeinfraestructura.com\/producto\/access-tag-accesspro-uhf-tag-adherible-tipo-etiqueta-epc-gen-2-se-adhiere-al-cristal-del-vehiculo-compatible-con-lectoras-de-largo-alcance-pro12rf-y-pro6rf-en-guadalajara-jalisco-y-todo-mexico\/\"><strong>ACCESS-TAG<\/strong><\/a><\/li>\n<li>Lector UHF de largo alcance hasta 6 metros <a href=\"https:\/\/solucionesdeinfraestructura.com\/producto\/pro-6rf\/\"><strong>PRO-6RF<\/strong><\/a><\/li>\n<li>Panel Controlador de acceso para 2 barreras vehiculares <a href=\"https:\/\/solucionesdeinfraestructura.com\/producto\/inbio-260-zkteco-controlador-de-acceso-2-puertas-biometria-integrada-hasta-20000-huellas-30000-tarjetas-incluye-gabinete-y-fuente-de-alimentacion-12vcd-5a\/\">INBIO-260<\/a><\/li>\n<\/ul>\n<h5>Control de acceso vehicular en fraccionamientos ONETECH con LED en Brazo de 4.5 metros, velocidad de 3 a 5 Segundos.<\/h5>\n<h5><\/h5>\n","protected":false},"excerpt":{"rendered":"<p><strong>Barreras Vehiculares ONETECH con LED en Brazo de 4.5 metros, velocidad de 3 a 5 Segundos.<\/strong><\/p>\n","protected":false},"featured_media":15788,"template":"","meta":{"site-sidebar-layout":"default","site-content-layout":"default","ast-site-content-layout":"","site-content-style":"default","site-sidebar-style":"default","ast-global-header-display":"","ast-banner-title-visibility":"","ast-main-header-display":"","ast-hfb-above-header-display":"","ast-hfb-below-header-display":"","ast-hfb-mobile-header-display":"","site-post-title":"","ast-breadcrumbs-content":"","ast-featured-img":"","footer-sml-layout":"","theme-transparent-header-meta":"default","adv-header-id-meta":"","stick-header-meta":"","header-above-stick-meta":"","header-main-stick-meta":"","header-below-stick-meta":"","astra-migrate-meta-layouts":""},"product_cat":[248],"product_tag":[260,261,250,155],"yoast_head":"<!-- This site is optimized with the Yoast SEO plugin v19.5.1 - https:\/\/yoast.com\/wordpress\/plugins\/seo\/ -->\n<title>Control de acceso vehicular en fraccionamientos ONETECH<\/title>\n<meta name=\"description\" content=\"Control de acceso vehicular en fraccionamientos ONETECH con LED en Brazo de 4.5 metros, velocidad de 3 a 5 Segundos, para fraccionamientos\" \/>\n<meta name=\"robots\" content=\"index, follow, max-snippet:-1, max-image-preview:large, max-video-preview:-1\" \/>\n<link rel=\"canonical\" href=\"https:\/\/www.securitydataandvideo.com\/inicio\/shop\/control-de-acceso-vehicular-en-fraccionamientos-onetech-con-led-en-brazo-de-4-5-metros-velocidad-de-3-a-5-segundos\/\" \/>\n<meta property=\"og:locale\" content=\"es_MX\" \/>\n<meta property=\"og:type\" content=\"article\" \/>\n<meta property=\"og:title\" content=\"Control de acceso vehicular en fraccionamientos ONETECH\" \/>\n<meta property=\"og:description\" content=\"Control de acceso vehicular en fraccionamientos ONETECH con LED en Brazo de 4.5 metros, velocidad de 3 a 5 Segundos, para fraccionamientos\" \/>\n<meta property=\"og:url\" content=\"https:\/\/www.securitydataandvideo.com\/inicio\/shop\/control-de-acceso-vehicular-en-fraccionamientos-onetech-con-led-en-brazo-de-4-5-metros-velocidad-de-3-a-5-segundos\/\" \/>\n<meta property=\"og:site_name\" content=\"Security Data &amp; Video SA de CV.\" \/>\n<meta property=\"article:modified_time\" content=\"2023-10-02T23:49:29+00:00\" \/>\n<meta property=\"og:image\" content=\"https:\/\/www.securitydataandvideo.com\/inicio\/wp-content\/uploads\/2022\/07\/OT-BARSERL3IK4-e1601671661970.png\" \/>\n\t<meta property=\"og:image:width\" content=\"300\" \/>\n\t<meta property=\"og:image:height\" content=\"261\" \/>\n\t<meta property=\"og:image:type\" content=\"image\/png\" \/>\n<meta name=\"twitter:card\" content=\"summary\" \/>\n<meta name=\"twitter:label1\" content=\"Tiempo de lectura\" \/>\n\t<meta name=\"twitter:data1\" content=\"3 minutos\" \/>\n<script type=\"application\/ld+json\" class=\"yoast-schema-graph\">{\"@context\":\"https:\/\/schema.org\",\"@graph\":[{\"@type\":\"WebPage\",\"@id\":\"https:\/\/www.securitydataandvideo.com\/inicio\/shop\/control-de-acceso-vehicular-en-fraccionamientos-onetech-con-led-en-brazo-de-4-5-metros-velocidad-de-3-a-5-segundos\/\",\"url\":\"https:\/\/www.securitydataandvideo.com\/inicio\/shop\/control-de-acceso-vehicular-en-fraccionamientos-onetech-con-led-en-brazo-de-4-5-metros-velocidad-de-3-a-5-segundos\/\",\"name\":\"Control de acceso vehicular en fraccionamientos ONETECH\",\"isPartOf\":{\"@id\":\"https:\/\/www.securitydataandvideo.com\/inicio\/#website\"},\"datePublished\":\"2022-07-21T17:30:01+00:00\",\"dateModified\":\"2023-10-02T23:49:29+00:00\",\"description\":\"Control de acceso vehicular en fraccionamientos ONETECH con LED en Brazo de 4.5 metros, velocidad de 3 a 5 Segundos, para fraccionamientos\",\"breadcrumb\":{\"@id\":\"https:\/\/www.securitydataandvideo.com\/inicio\/shop\/control-de-acceso-vehicular-en-fraccionamientos-onetech-con-led-en-brazo-de-4-5-metros-velocidad-de-3-a-5-segundos\/#breadcrumb\"},\"inLanguage\":\"es-MX\",\"potentialAction\":[{\"@type\":\"ReadAction\",\"target\":[\"https:\/\/www.securitydataandvideo.com\/inicio\/shop\/control-de-acceso-vehicular-en-fraccionamientos-onetech-con-led-en-brazo-de-4-5-metros-velocidad-de-3-a-5-segundos\/\"]}]},{\"@type\":\"BreadcrumbList\",\"@id\":\"https:\/\/www.securitydataandvideo.com\/inicio\/shop\/control-de-acceso-vehicular-en-fraccionamientos-onetech-con-led-en-brazo-de-4-5-metros-velocidad-de-3-a-5-segundos\/#breadcrumb\",\"itemListElement\":[{\"@type\":\"ListItem\",\"position\":1,\"name\":\"Inicio\",\"item\":\"https:\/\/www.securitydataandvideo.com\/inicio\/\"},{\"@type\":\"ListItem\",\"position\":2,\"name\":\"Shop\",\"item\":\"https:\/\/www.securitydataandvideo.com\/inicio\/shop\/\"},{\"@type\":\"ListItem\",\"position\":3,\"name\":\"control de acceso vehicular en fraccionamientos ONETECH con LED en Brazo de 4.5 metros, velocidad de 3 a 5 Segundos.\"}]},{\"@type\":\"WebSite\",\"@id\":\"https:\/\/www.securitydataandvideo.com\/inicio\/#website\",\"url\":\"https:\/\/www.securitydataandvideo.com\/inicio\/\",\"name\":\"Security Data &amp; Video SA de CV.\",\"description\":\"Seguridad Electr\u00f3nica y Energ\u00eda\",\"publisher\":{\"@id\":\"https:\/\/www.securitydataandvideo.com\/inicio\/#organization\"},\"potentialAction\":[{\"@type\":\"SearchAction\",\"target\":{\"@type\":\"EntryPoint\",\"urlTemplate\":\"https:\/\/www.securitydataandvideo.com\/inicio\/?s={search_term_string}\"},\"query-input\":\"required name=search_term_string\"}],\"inLanguage\":\"es-MX\"},{\"@type\":\"Organization\",\"@id\":\"https:\/\/www.securitydataandvideo.com\/inicio\/#organization\",\"name\":\"Security Data & Video SA de CV\",\"url\":\"https:\/\/www.securitydataandvideo.com\/inicio\/\",\"sameAs\":[],\"logo\":{\"@type\":\"ImageObject\",\"inLanguage\":\"es-MX\",\"@id\":\"https:\/\/www.securitydataandvideo.com\/inicio\/#\/schema\/logo\/image\/\",\"url\":\"https:\/\/www.securitydataandvideo.com\/inicio\/wp-content\/uploads\/2021\/10\/Logo-Azul.png\",\"contentUrl\":\"https:\/\/www.securitydataandvideo.com\/inicio\/wp-content\/uploads\/2021\/10\/Logo-Azul.png\",\"width\":555,\"height\":375,\"caption\":\"Security Data & Video SA de CV\"},\"image\":{\"@id\":\"https:\/\/www.securitydataandvideo.com\/inicio\/#\/schema\/logo\/image\/\"}}]}<\/script>\n<!-- \/ Yoast SEO plugin. -->","yoast_head_json":{"title":"Control de acceso vehicular en fraccionamientos ONETECH","description":"Control de acceso vehicular en fraccionamientos ONETECH con LED en Brazo de 4.5 metros, velocidad de 3 a 5 Segundos, para fraccionamientos","robots":{"index":"index","follow":"follow","max-snippet":"max-snippet:-1","max-image-preview":"max-image-preview:large","max-video-preview":"max-video-preview:-1"},"canonical":"https:\/\/www.securitydataandvideo.com\/inicio\/shop\/control-de-acceso-vehicular-en-fraccionamientos-onetech-con-led-en-brazo-de-4-5-metros-velocidad-de-3-a-5-segundos\/","og_locale":"es_MX","og_type":"article","og_title":"Control de acceso vehicular en fraccionamientos ONETECH","og_description":"Control de acceso vehicular en fraccionamientos ONETECH con LED en Brazo de 4.5 metros, velocidad de 3 a 5 Segundos, para fraccionamientos","og_url":"https:\/\/www.securitydataandvideo.com\/inicio\/shop\/control-de-acceso-vehicular-en-fraccionamientos-onetech-con-led-en-brazo-de-4-5-metros-velocidad-de-3-a-5-segundos\/","og_site_name":"Security Data &amp; Video SA de CV.","article_modified_time":"2023-10-02T23:49:29+00:00","og_image":[{"width":300,"height":261,"url":"https:\/\/www.securitydataandvideo.com\/inicio\/wp-content\/uploads\/2022\/07\/OT-BARSERL3IK4-e1601671661970.png","type":"image\/png"}],"twitter_card":"summary","twitter_misc":{"Tiempo de lectura":"3 minutos"},"schema":{"@context":"https:\/\/schema.org","@graph":[{"@type":"WebPage","@id":"https:\/\/www.securitydataandvideo.com\/inicio\/shop\/control-de-acceso-vehicular-en-fraccionamientos-onetech-con-led-en-brazo-de-4-5-metros-velocidad-de-3-a-5-segundos\/","url":"https:\/\/www.securitydataandvideo.com\/inicio\/shop\/control-de-acceso-vehicular-en-fraccionamientos-onetech-con-led-en-brazo-de-4-5-metros-velocidad-de-3-a-5-segundos\/","name":"Control de acceso vehicular en fraccionamientos ONETECH","isPartOf":{"@id":"https:\/\/www.securitydataandvideo.com\/inicio\/#website"},"datePublished":"2022-07-21T17:30:01+00:00","dateModified":"2023-10-02T23:49:29+00:00","description":"Control de acceso vehicular en fraccionamientos ONETECH con LED en Brazo de 4.5 metros, velocidad de 3 a 5 Segundos, para fraccionamientos","breadcrumb":{"@id":"https:\/\/www.securitydataandvideo.com\/inicio\/shop\/control-de-acceso-vehicular-en-fraccionamientos-onetech-con-led-en-brazo-de-4-5-metros-velocidad-de-3-a-5-segundos\/#breadcrumb"},"inLanguage":"es-MX","potentialAction":[{"@type":"ReadAction","target":["https:\/\/www.securitydataandvideo.com\/inicio\/shop\/control-de-acceso-vehicular-en-fraccionamientos-onetech-con-led-en-brazo-de-4-5-metros-velocidad-de-3-a-5-segundos\/"]}]},{"@type":"BreadcrumbList","@id":"https:\/\/www.securitydataandvideo.com\/inicio\/shop\/control-de-acceso-vehicular-en-fraccionamientos-onetech-con-led-en-brazo-de-4-5-metros-velocidad-de-3-a-5-segundos\/#breadcrumb","itemListElement":[{"@type":"ListItem","position":1,"name":"Inicio","item":"https:\/\/www.securitydataandvideo.com\/inicio\/"},{"@type":"ListItem","position":2,"name":"Shop","item":"https:\/\/www.securitydataandvideo.com\/inicio\/shop\/"},{"@type":"ListItem","position":3,"name":"control de acceso vehicular en fraccionamientos ONETECH con LED en Brazo de 4.5 metros, velocidad de 3 a 5 Segundos."}]},{"@type":"WebSite","@id":"https:\/\/www.securitydataandvideo.com\/inicio\/#website","url":"https:\/\/www.securitydataandvideo.com\/inicio\/","name":"Security Data &amp; Video SA de CV.","description":"Seguridad Electr\u00f3nica y Energ\u00eda","publisher":{"@id":"https:\/\/www.securitydataandvideo.com\/inicio\/#organization"},"potentialAction":[{"@type":"SearchAction","target":{"@type":"EntryPoint","urlTemplate":"https:\/\/www.securitydataandvideo.com\/inicio\/?s={search_term_string}"},"query-input":"required name=search_term_string"}],"inLanguage":"es-MX"},{"@type":"Organization","@id":"https:\/\/www.securitydataandvideo.com\/inicio\/#organization","name":"Security Data & Video SA de CV","url":"https:\/\/www.securitydataandvideo.com\/inicio\/","sameAs":[],"logo":{"@type":"ImageObject","inLanguage":"es-MX","@id":"https:\/\/www.securitydataandvideo.com\/inicio\/#\/schema\/logo\/image\/","url":"https:\/\/www.securitydataandvideo.com\/inicio\/wp-content\/uploads\/2021\/10\/Logo-Azul.png","contentUrl":"https:\/\/www.securitydataandvideo.com\/inicio\/wp-content\/uploads\/2021\/10\/Logo-Azul.png","width":555,"height":375,"caption":"Security Data & Video SA de CV"},"image":{"@id":"https:\/\/www.securitydataandvideo.com\/inicio\/#\/schema\/logo\/image\/"}}]}},"_links":{"self":[{"href":"https:\/\/www.securitydataandvideo.com\/inicio\/wp-json\/wp\/v2\/product\/15736"}],"collection":[{"href":"https:\/\/www.securitydataandvideo.com\/inicio\/wp-json\/wp\/v2\/product"}],"about":[{"href":"https:\/\/www.securitydataandvideo.com\/inicio\/wp-json\/wp\/v2\/types\/product"}],"wp:featuredmedia":[{"embeddable":true,"href":"https:\/\/www.securitydataandvideo.com\/inicio\/wp-json\/wp\/v2\/media\/15788"}],"wp:attachment":[{"href":"https:\/\/www.securitydataandvideo.com\/inicio\/wp-json\/wp\/v2\/media?parent=15736"}],"wp:term":[{"taxonomy":"product_cat","embeddable":true,"href":"https:\/\/www.securitydataandvideo.com\/inicio\/wp-json\/wp\/v2\/product_cat?post=15736"},{"taxonomy":"product_tag","embeddable":true,"href":"https:\/\/www.securitydataandvideo.com\/inicio\/wp-json\/wp\/v2\/product_tag?post=15736"}],"curies":[{"name":"wp","href":"https:\/\/api.w.org\/{rel}","templated":true}]}}