{"id":15760,"date":"2022-07-21T11:30:33","date_gmt":"2022-07-21T17:30:33","guid":{"rendered":"https:\/\/www.securitydataandvideo.com\/inicio\/?post_type=product&#038;p=15760"},"modified":"2023-10-02T17:49:07","modified_gmt":"2023-10-02T23:49:07","slug":"barrera-vehicular-para-fraccionamientos-onetech-derecha-con-luz-led-en-brazo-velocidad-de-1-2-a-2-segundos","status":"publish","type":"product","link":"https:\/\/www.securitydataandvideo.com\/inicio\/shop\/barrera-vehicular-para-fraccionamientos-onetech-derecha-con-luz-led-en-brazo-velocidad-de-1-2-a-2-segundos\/","title":{"rendered":"Barrera vehicular para fraccionamientos ONETECH derecha con Luz Led en brazo, velocidad de 1.2 a 2 Segundos."},"content":{"rendered":"<h4 class=\"card-title text-center\">Informaci\u00f3n General<\/h4>\n<p class=\"ql-align-justify\">Barrera vehicular para fraccionamientos ONETECH derecha con Luz Led en brazo, velocidad de 1.2 a 2 Segundos. Esta es la barrera vehicular mas reciente de ONETECH con servo motor DC, que utiliza la versi\u00f3n electr\u00f3nica actualizada la tecnolog\u00eda de control de maquinaria y tecnolog\u00eda de procesamiento, no hay interruptor de l\u00edmite, no se realiza ajuste de mecanismo, velocidad ajustable, reducci\u00f3n de velocidad autom\u00e1tica. De esta manera, haga que la barrera opere de manera m\u00e1s constante y m\u00e1s real.<\/p>\n<p class=\"ql-align-justify\">Este producto est\u00e1 resaltada en la frecuencia de las aplicaciones y una vida \u00fatil m\u00e1s larga.<\/p>\n<h2><strong>Aplicaci\u00f3n del producto<\/strong><\/h2>\n<p>Adecuado para \u00e1reas de estacionamiento interior y exterior, estacionamientos, portones de peaje, patio de mercanc\u00edas, cruces ferroviarios, locales comerciales, centros comerciales, hospitales, estadios, centros de negocios, etc.<\/p>\n<p>Barrera de Frecuencia Variable Comercial Puerta CB01SV<\/p>\n<ul>\n<li class=\"ql-align-justify\">La velocidad es ajustable de 1.2 a 2 segundos<\/li>\n<li class=\"ql-align-justify\">La velocidad de apertura \/ cierre es ajustable<\/li>\n<li class=\"ql-align-justify\">Amortigua y disminuye la velocidad cuando el brazo va a la posici\u00f3n de l\u00edmite.<\/li>\n<li class=\"ql-align-justify\">Control inteligente y desarrollo personalizado adicional.<\/li>\n<li class=\"ql-align-justify\">Panel de control tipo men\u00fa<\/li>\n<li class=\"ql-align-justify\">En el modo autom\u00e1tico, la velocidad puede cambiar autom\u00e1ticamente seg\u00fan el flujo de tr\u00e1fico<\/li>\n<li class=\"ql-align-justify\">Sin dise\u00f1o de interruptor de l\u00edmite: el motor puede detectar la posici\u00f3n de la pluma autom\u00e1ticamente.<\/li>\n<li class=\"ql-align-justify\">Con auto-inversi\u00f3n en funci\u00f3n de obstrucci\u00f3n.<\/li>\n<li class=\"ql-align-justify\">TCP \/ IP en l\u00ednea es opcional<\/li>\n<\/ul>\n<p class=\"ql-align-justify\">La compuerta de barrera de frecuencia variable real debe estar equipada con un controlador y motor de frecuencia variable de desarrollo propio de ONETECH.<\/p>\n<h2><strong>Caracter\u00edsticas Avanzadas<\/strong><\/h2>\n<p>Potente controlador comercial de frecuencia variable.<\/p>\n<p>Gabinete adopta el proceso de galvanoplastia y pintura de doble capa<\/p>\n<p>M\u00e1s seguro: nueva actualizaci\u00f3n de la funci\u00f3n de inversi\u00f3n autom\u00e1tica<\/p>\n<p>Nueva estructura equilibrada: suave al tacto y presi\u00f3n cero<\/p>\n<p>Reducir sustancialmente el da\u00f1o al veh\u00edculo y las personas.<\/p>\n<h2><strong>Caracter\u00edsticas de productos<\/strong><\/h2>\n<p class=\"ql-align-justify\">Dise\u00f1ado y desarrollado independientemente por WEJOIN, la barrera de frecuencia variable comercial tiene las siguientes funciones:<\/p>\n<ol>\n<li class=\"ql-align-justify\">Nuevo dispositivo de desaceleraci\u00f3n, utilizando un proceso de precisi\u00f3n integral de CNC; Reducci\u00f3n de avisos, prevenci\u00f3n de derrames de aceite, mejor trabajo, mantenimiento m\u00e1s c\u00f3modo.<\/li>\n<li>Barrera vehicular ONETECH derecha con Luz Led en brazo, velocidad de 1.2 a 2 Segundos.<\/li>\n<li class=\"ql-align-justify\">Las manivelas de potencia de la salida principal, utilizan el acero fundido, las manivelas de giro refuerzan el dise\u00f1o, la vida \u00fatil puede ser de 8 mil veces en el mantenimiento normal. Los horarios de trabajo diarios (sin parar) pueden ser superiores a 20000.<\/li>\n<li class=\"ql-align-justify\">El motor se adapta bien a temperaturas altas y bajas (de -35 \u2103 ~ 85).<\/li>\n<li class=\"ql-align-justify\">Nueva tecnolog\u00eda de l\u00edmite digital, ajuste libre, control preciso; amortigua y desacelera cuando el brazo va a la posici\u00f3n l\u00edmite, el trabajo es m\u00e1s estable.<\/li>\n<li class=\"ql-align-justify\">Un sistema de control m\u00e1s potente.<\/li>\n<li class=\"ql-align-justify\">Panel de control tipo men\u00fa, conveniente para elegir la velocidad de trabajo, la temperatura de trabajo, el conteo, el tiempo de cierre autom\u00e1tico, el \u00e1ngulo ascendente, la comunicaci\u00f3n RS485, la sensibilidad de inversi\u00f3n en obst\u00e1culos, el c\u00f3digo de falla, etc. El funcionamiento y el mantenimiento son m\u00e1s convenientes.<\/li>\n<li class=\"ql-align-justify\"><\/li>\n<\/ol>\n<p>Si desea saber mas del fabricante ingresa <a href=\"http:\/\/wejoinco.es\/\">aqu\u00ed<\/a><\/p>\n<h2>Especificaciones t\u00e9cnicas de Barrera vehicular para fraccionamientos ONETECH derecha<\/h2>\n<p class=\"ql-align-justify\"><strong>Temperatura de trabajo<\/strong><\/p>\n<p class=\"ql-align-justify\">-35 \u2103 ~ + 85<\/p>\n<p class=\"ql-align-justify\"><strong>Fuente de alimentaci\u00f3n<\/strong><\/p>\n<p class=\"ql-align-justify\">AC 220V \u00b1 10%, 110V \u00b1 10%, 50 \/ 60HZ<\/p>\n<p class=\"ql-align-justify\"><strong>Consumo de energ\u00eda<\/strong><\/p>\n<p class=\"ql-align-justify\">300W<\/p>\n<p class=\"ql-align-justify\"><strong>Humedad relativa<\/strong><\/p>\n<p class=\"ql-align-justify\">\u226490%<\/p>\n<p class=\"ql-align-justify\"><strong>Distancia del mando a distancia<\/strong><\/p>\n<p class=\"ql-align-justify\">\u226530m (abierto sin interferencias)<\/p>\n<p class=\"ql-align-justify\"><strong>Grado de aislamiento<\/strong><\/p>\n<p class=\"ql-align-justify\">F<\/p>\n<p class=\"ql-align-justify\"><strong>Selecci\u00f3n de\u00a0<\/strong><strong>par\u00e1metros<\/strong><\/p>\n<p class=\"ql-align-justify\">direcci\u00f3n, longitud, estilo de brazo.<\/p>\n<p>&nbsp;<\/p>\n<p><strong>Equipos Adicionales Opcionales:<\/strong><\/p>\n<ul>\n<li>Tag para pegar en parabrisas <strong><a href=\"https:\/\/solucionesdeinfraestructura.com\/producto\/access-tag-accesspro-uhf-tag-adherible-tipo-etiqueta-epc-gen-2-se-adhiere-al-cristal-del-vehiculo-compatible-con-lectoras-de-largo-alcance-pro12rf-y-pro6rf-en-guadalajara-jalisco-y-todo-mexico\/\">ACCESS-TAG<\/a><\/strong><\/li>\n<li>Lector de largo alcance hasta <a href=\"https:\/\/solucionesdeinfraestructura.com\/producto\/pro-12rf-accesspro\/\">PRO-12RF<\/a><\/li>\n<li>Panel de control de acceso Vehicular <a href=\"https:\/\/solucionesdeinfraestructura.com\/producto\/inbio-260-zkteco-controlador-de-acceso-2-puertas-biometria-integrada-hasta-20000-huellas-30000-tarjetas-incluye-gabinete-y-fuente-de-alimentacion-12vcd-5a\/\"><strong>INBIO-260<\/strong><\/a><\/li>\n<li>Base para Lector de proximidad PRO-12RF modelo <a href=\"https:\/\/solucionesdeinfraestructura.com\/producto\/rf-sop-accesspro-montaje-para-piso-para-pro6rf-y-pro12rf-en-guadalajara-jalisco-mexico\/\">RF-SOP<\/a><\/li>\n<\/ul>\n<p>Barrera vehicular ONETECH derecha con Luz Led en brazo, velocidad de 1.2 a 2 Segundos.<\/p>\n","protected":false},"excerpt":{"rendered":"<p><strong>Barrera vehicular ONETECH con Brazo de 3 metros CON LED<\/strong><\/p>\n","protected":false},"featured_media":15789,"template":"","meta":{"site-sidebar-layout":"default","site-content-layout":"default","ast-site-content-layout":"","site-content-style":"default","site-sidebar-style":"default","ast-global-header-display":"","ast-banner-title-visibility":"","ast-main-header-display":"","ast-hfb-above-header-display":"","ast-hfb-below-header-display":"","ast-hfb-mobile-header-display":"","site-post-title":"","ast-breadcrumbs-content":"","ast-featured-img":"","footer-sml-layout":"","theme-transparent-header-meta":"default","adv-header-id-meta":"","stick-header-meta":"","header-above-stick-meta":"","header-main-stick-meta":"","header-below-stick-meta":"","astra-migrate-meta-layouts":""},"product_cat":[248],"product_tag":[260,261,250,155],"yoast_head":"<!-- This site is optimized with the Yoast SEO plugin v19.5.1 - https:\/\/yoast.com\/wordpress\/plugins\/seo\/ -->\n<title>Barrera vehicular para fraccionamientos ONETECH derecha<\/title>\n<meta name=\"description\" content=\"Barrera vehicular para fraccionamientos ONETECH derecha con Luz Led en brazo, velocidad de 1.2 a 2 Segundos en venta, instalacion, reparacio\" \/>\n<meta name=\"robots\" content=\"index, nofollow, max-snippet:-1, max-image-preview:large, max-video-preview:-1\" \/>\n<link rel=\"canonical\" href=\"https:\/\/www.securitydataandvideo.com\/inicio\/shop\/barrera-vehicular-para-fraccionamientos-onetech-derecha-con-luz-led-en-brazo-velocidad-de-1-2-a-2-segundos\/\" \/>\n<meta property=\"og:locale\" content=\"es_MX\" \/>\n<meta property=\"og:type\" content=\"article\" \/>\n<meta property=\"og:title\" content=\"Barrera vehicular para fraccionamientos ONETECH derecha\" \/>\n<meta property=\"og:description\" content=\"Barrera vehicular para fraccionamientos ONETECH derecha con Luz Led en brazo, velocidad de 1.2 a 2 Segundos en venta, instalacion, reparacio\" \/>\n<meta property=\"og:url\" content=\"https:\/\/www.securitydataandvideo.com\/inicio\/shop\/barrera-vehicular-para-fraccionamientos-onetech-derecha-con-luz-led-en-brazo-velocidad-de-1-2-a-2-segundos\/\" \/>\n<meta property=\"og:site_name\" content=\"Security Data &amp; Video SA de CV.\" \/>\n<meta property=\"article:modified_time\" content=\"2023-10-02T23:49:07+00:00\" \/>\n<meta property=\"og:image\" content=\"https:\/\/www.securitydataandvideo.com\/inicio\/wp-content\/uploads\/2022\/07\/159_source_1586984449-e1601671571510.jpg\" \/>\n\t<meta property=\"og:image:width\" content=\"300\" \/>\n\t<meta property=\"og:image:height\" content=\"300\" \/>\n\t<meta property=\"og:image:type\" content=\"image\/jpeg\" \/>\n<meta name=\"twitter:card\" content=\"summary\" \/>\n<meta name=\"twitter:label1\" content=\"Tiempo de lectura\" \/>\n\t<meta name=\"twitter:data1\" content=\"3 minutos\" \/>\n<script type=\"application\/ld+json\" class=\"yoast-schema-graph\">{\"@context\":\"https:\/\/schema.org\",\"@graph\":[{\"@type\":[\"WebPage\",\"ItemPage\"],\"@id\":\"https:\/\/www.securitydataandvideo.com\/inicio\/shop\/barrera-vehicular-para-fraccionamientos-onetech-derecha-con-luz-led-en-brazo-velocidad-de-1-2-a-2-segundos\/\",\"url\":\"https:\/\/www.securitydataandvideo.com\/inicio\/shop\/barrera-vehicular-para-fraccionamientos-onetech-derecha-con-luz-led-en-brazo-velocidad-de-1-2-a-2-segundos\/\",\"name\":\"Barrera vehicular para fraccionamientos ONETECH derecha\",\"isPartOf\":{\"@id\":\"https:\/\/www.securitydataandvideo.com\/inicio\/#website\"},\"datePublished\":\"2022-07-21T17:30:33+00:00\",\"dateModified\":\"2023-10-02T23:49:07+00:00\",\"description\":\"Barrera vehicular para fraccionamientos ONETECH derecha con Luz Led en brazo, velocidad de 1.2 a 2 Segundos en venta, instalacion, reparacio\",\"breadcrumb\":{\"@id\":\"https:\/\/www.securitydataandvideo.com\/inicio\/shop\/barrera-vehicular-para-fraccionamientos-onetech-derecha-con-luz-led-en-brazo-velocidad-de-1-2-a-2-segundos\/#breadcrumb\"},\"inLanguage\":\"es-MX\",\"potentialAction\":[{\"@type\":\"ReadAction\",\"target\":[\"https:\/\/www.securitydataandvideo.com\/inicio\/shop\/barrera-vehicular-para-fraccionamientos-onetech-derecha-con-luz-led-en-brazo-velocidad-de-1-2-a-2-segundos\/\"]}]},{\"@type\":\"BreadcrumbList\",\"@id\":\"https:\/\/www.securitydataandvideo.com\/inicio\/shop\/barrera-vehicular-para-fraccionamientos-onetech-derecha-con-luz-led-en-brazo-velocidad-de-1-2-a-2-segundos\/#breadcrumb\",\"itemListElement\":[{\"@type\":\"ListItem\",\"position\":1,\"name\":\"Inicio\",\"item\":\"https:\/\/www.securitydataandvideo.com\/inicio\/\"},{\"@type\":\"ListItem\",\"position\":2,\"name\":\"Shop\",\"item\":\"https:\/\/www.securitydataandvideo.com\/inicio\/shop\/\"},{\"@type\":\"ListItem\",\"position\":3,\"name\":\"Barrera vehicular para fraccionamientos ONETECH derecha con Luz Led en brazo, velocidad de 1.2 a 2 Segundos.\"}]},{\"@type\":\"WebSite\",\"@id\":\"https:\/\/www.securitydataandvideo.com\/inicio\/#website\",\"url\":\"https:\/\/www.securitydataandvideo.com\/inicio\/\",\"name\":\"Security Data &amp; Video SA de CV.\",\"description\":\"Seguridad Electr\u00f3nica y Energ\u00eda\",\"publisher\":{\"@id\":\"https:\/\/www.securitydataandvideo.com\/inicio\/#organization\"},\"potentialAction\":[{\"@type\":\"SearchAction\",\"target\":{\"@type\":\"EntryPoint\",\"urlTemplate\":\"https:\/\/www.securitydataandvideo.com\/inicio\/?s={search_term_string}\"},\"query-input\":\"required name=search_term_string\"}],\"inLanguage\":\"es-MX\"},{\"@type\":\"Organization\",\"@id\":\"https:\/\/www.securitydataandvideo.com\/inicio\/#organization\",\"name\":\"Security Data & Video SA de CV\",\"url\":\"https:\/\/www.securitydataandvideo.com\/inicio\/\",\"sameAs\":[],\"logo\":{\"@type\":\"ImageObject\",\"inLanguage\":\"es-MX\",\"@id\":\"https:\/\/www.securitydataandvideo.com\/inicio\/#\/schema\/logo\/image\/\",\"url\":\"https:\/\/www.securitydataandvideo.com\/inicio\/wp-content\/uploads\/2021\/10\/Logo-Azul.png\",\"contentUrl\":\"https:\/\/www.securitydataandvideo.com\/inicio\/wp-content\/uploads\/2021\/10\/Logo-Azul.png\",\"width\":555,\"height\":375,\"caption\":\"Security Data & Video SA de CV\"},\"image\":{\"@id\":\"https:\/\/www.securitydataandvideo.com\/inicio\/#\/schema\/logo\/image\/\"}}]}<\/script>\n<!-- \/ Yoast SEO plugin. -->","yoast_head_json":{"title":"Barrera vehicular para fraccionamientos ONETECH derecha","description":"Barrera vehicular para fraccionamientos ONETECH derecha con Luz Led en brazo, velocidad de 1.2 a 2 Segundos en venta, instalacion, reparacio","robots":{"index":"index","follow":"nofollow","max-snippet":"max-snippet:-1","max-image-preview":"max-image-preview:large","max-video-preview":"max-video-preview:-1"},"canonical":"https:\/\/www.securitydataandvideo.com\/inicio\/shop\/barrera-vehicular-para-fraccionamientos-onetech-derecha-con-luz-led-en-brazo-velocidad-de-1-2-a-2-segundos\/","og_locale":"es_MX","og_type":"article","og_title":"Barrera vehicular para fraccionamientos ONETECH derecha","og_description":"Barrera vehicular para fraccionamientos ONETECH derecha con Luz Led en brazo, velocidad de 1.2 a 2 Segundos en venta, instalacion, reparacio","og_url":"https:\/\/www.securitydataandvideo.com\/inicio\/shop\/barrera-vehicular-para-fraccionamientos-onetech-derecha-con-luz-led-en-brazo-velocidad-de-1-2-a-2-segundos\/","og_site_name":"Security Data &amp; Video SA de CV.","article_modified_time":"2023-10-02T23:49:07+00:00","og_image":[{"width":300,"height":300,"url":"https:\/\/www.securitydataandvideo.com\/inicio\/wp-content\/uploads\/2022\/07\/159_source_1586984449-e1601671571510.jpg","type":"image\/jpeg"}],"twitter_card":"summary","twitter_misc":{"Tiempo de lectura":"3 minutos"},"schema":{"@context":"https:\/\/schema.org","@graph":[{"@type":["WebPage","ItemPage"],"@id":"https:\/\/www.securitydataandvideo.com\/inicio\/shop\/barrera-vehicular-para-fraccionamientos-onetech-derecha-con-luz-led-en-brazo-velocidad-de-1-2-a-2-segundos\/","url":"https:\/\/www.securitydataandvideo.com\/inicio\/shop\/barrera-vehicular-para-fraccionamientos-onetech-derecha-con-luz-led-en-brazo-velocidad-de-1-2-a-2-segundos\/","name":"Barrera vehicular para fraccionamientos ONETECH derecha","isPartOf":{"@id":"https:\/\/www.securitydataandvideo.com\/inicio\/#website"},"datePublished":"2022-07-21T17:30:33+00:00","dateModified":"2023-10-02T23:49:07+00:00","description":"Barrera vehicular para fraccionamientos ONETECH derecha con Luz Led en brazo, velocidad de 1.2 a 2 Segundos en venta, instalacion, reparacio","breadcrumb":{"@id":"https:\/\/www.securitydataandvideo.com\/inicio\/shop\/barrera-vehicular-para-fraccionamientos-onetech-derecha-con-luz-led-en-brazo-velocidad-de-1-2-a-2-segundos\/#breadcrumb"},"inLanguage":"es-MX","potentialAction":[{"@type":"ReadAction","target":["https:\/\/www.securitydataandvideo.com\/inicio\/shop\/barrera-vehicular-para-fraccionamientos-onetech-derecha-con-luz-led-en-brazo-velocidad-de-1-2-a-2-segundos\/"]}]},{"@type":"BreadcrumbList","@id":"https:\/\/www.securitydataandvideo.com\/inicio\/shop\/barrera-vehicular-para-fraccionamientos-onetech-derecha-con-luz-led-en-brazo-velocidad-de-1-2-a-2-segundos\/#breadcrumb","itemListElement":[{"@type":"ListItem","position":1,"name":"Inicio","item":"https:\/\/www.securitydataandvideo.com\/inicio\/"},{"@type":"ListItem","position":2,"name":"Shop","item":"https:\/\/www.securitydataandvideo.com\/inicio\/shop\/"},{"@type":"ListItem","position":3,"name":"Barrera vehicular para fraccionamientos ONETECH derecha con Luz Led en brazo, velocidad de 1.2 a 2 Segundos."}]},{"@type":"WebSite","@id":"https:\/\/www.securitydataandvideo.com\/inicio\/#website","url":"https:\/\/www.securitydataandvideo.com\/inicio\/","name":"Security Data &amp; Video SA de CV.","description":"Seguridad Electr\u00f3nica y Energ\u00eda","publisher":{"@id":"https:\/\/www.securitydataandvideo.com\/inicio\/#organization"},"potentialAction":[{"@type":"SearchAction","target":{"@type":"EntryPoint","urlTemplate":"https:\/\/www.securitydataandvideo.com\/inicio\/?s={search_term_string}"},"query-input":"required name=search_term_string"}],"inLanguage":"es-MX"},{"@type":"Organization","@id":"https:\/\/www.securitydataandvideo.com\/inicio\/#organization","name":"Security Data & Video SA de CV","url":"https:\/\/www.securitydataandvideo.com\/inicio\/","sameAs":[],"logo":{"@type":"ImageObject","inLanguage":"es-MX","@id":"https:\/\/www.securitydataandvideo.com\/inicio\/#\/schema\/logo\/image\/","url":"https:\/\/www.securitydataandvideo.com\/inicio\/wp-content\/uploads\/2021\/10\/Logo-Azul.png","contentUrl":"https:\/\/www.securitydataandvideo.com\/inicio\/wp-content\/uploads\/2021\/10\/Logo-Azul.png","width":555,"height":375,"caption":"Security Data & Video SA de CV"},"image":{"@id":"https:\/\/www.securitydataandvideo.com\/inicio\/#\/schema\/logo\/image\/"}}]}},"_links":{"self":[{"href":"https:\/\/www.securitydataandvideo.com\/inicio\/wp-json\/wp\/v2\/product\/15760"}],"collection":[{"href":"https:\/\/www.securitydataandvideo.com\/inicio\/wp-json\/wp\/v2\/product"}],"about":[{"href":"https:\/\/www.securitydataandvideo.com\/inicio\/wp-json\/wp\/v2\/types\/product"}],"wp:featuredmedia":[{"embeddable":true,"href":"https:\/\/www.securitydataandvideo.com\/inicio\/wp-json\/wp\/v2\/media\/15789"}],"wp:attachment":[{"href":"https:\/\/www.securitydataandvideo.com\/inicio\/wp-json\/wp\/v2\/media?parent=15760"}],"wp:term":[{"taxonomy":"product_cat","embeddable":true,"href":"https:\/\/www.securitydataandvideo.com\/inicio\/wp-json\/wp\/v2\/product_cat?post=15760"},{"taxonomy":"product_tag","embeddable":true,"href":"https:\/\/www.securitydataandvideo.com\/inicio\/wp-json\/wp\/v2\/product_tag?post=15760"}],"curies":[{"name":"wp","href":"https:\/\/api.w.org\/{rel}","templated":true}]}}