{"id":15774,"date":"2022-07-21T11:30:34","date_gmt":"2022-07-21T17:30:34","guid":{"rendered":"https:\/\/www.securitydataandvideo.com\/inicio\/?post_type=product&#038;p=15774"},"modified":"2022-07-21T11:30:52","modified_gmt":"2022-07-21T17:30:52","slug":"sys-lm6-accesspro-lazo-magnetico-para-deteccion-de-vehiculos-2m-x-1m-ideal-para-deteccion-de-vehiculos-de-tamano-medio-en-guadalajara-jalisco-mexico","status":"publish","type":"product","link":"https:\/\/www.securitydataandvideo.com\/inicio\/shop\/sys-lm6-accesspro-lazo-magnetico-para-deteccion-de-vehiculos-2m-x-1m-ideal-para-deteccion-de-vehiculos-de-tamano-medio-en-guadalajara-jalisco-mexico\/","title":{"rendered":"SYS-LM6 ACCESSPRO Lazo magn\u00e9tico para detecci\u00f3n de veh\u00edculos \/ 2M x 1M \/ Ideal para detecci\u00f3n de veh\u00edculos de tama\u00f1o medio en guadalajara jalisco mexico."},"content":{"rendered":"<p><strong>SYS-LM6 ACCESSPRO Lazo magn\u00e9tico para detecci\u00f3n de veh\u00edculos \/ 2M x 1M \/ Ideal para detecci\u00f3n de veh\u00edculos de tama\u00f1o medio en guadalajara jalisco mexico.<\/strong><\/p>\n<p>El lazo magn\u00e9tico SYSLM6 en conjunto con el Detector de Masa Met\u00e1lica XBALDET, es un dispositivo de seguridad que evita que el brazo de la barrera baje si se encuentra un veh\u00edculo debajo de ella, es adem\u00e1s el encargado de enviar la orden de cierre a la barrera una vez que el veh\u00edculo ha pasado.<\/p>\n<p><strong>Nota:<\/strong>\u00a0Los Lazos\u00a0<strong>SYSLM6,\u00a0SYSLM4<\/strong>\u00a0y los Detectores\u00a0<strong>XBSSLDET o MATRIXD1224<\/strong><strong>\u00a0<\/strong>est\u00e1n Dise\u00f1ados para Aplicaciones con Veh\u00edculos y Camionetas Est\u00e1ndar. Para Aplicaciones con Trailers, Camiones de Carga y Similares Consulte al Departamento de Ingenier\u00eda.<\/p>\n<p>*El color puede variar.<\/p>\n","protected":false},"excerpt":{"rendered":"<p><strong>SYS-LM6 ACCESSPRO Lazo magn\u00e9tico para detecci\u00f3n de veh\u00edculos \/ 2M x 1M \/ Ideal para detecci\u00f3n de veh\u00edculos de tama\u00f1o medio en guadalajara jalisco mexico.<\/strong><\/p>\n","protected":false},"featured_media":15803,"template":"","meta":{"site-sidebar-layout":"","site-content-layout":"","ast-site-content-layout":"","site-content-style":"default","site-sidebar-style":"default","ast-global-header-display":"","ast-banner-title-visibility":"","ast-main-header-display":"","ast-hfb-above-header-display":"","ast-hfb-below-header-display":"","ast-hfb-mobile-header-display":"","site-post-title":"","ast-breadcrumbs-content":"","ast-featured-img":"","footer-sml-layout":"","theme-transparent-header-meta":"","adv-header-id-meta":"","stick-header-meta":"","header-above-stick-meta":"","header-main-stick-meta":"","header-below-stick-meta":"","astra-migrate-meta-layouts":""},"product_cat":[251],"product_tag":[126],"yoast_head":"<!-- This site is optimized with the Yoast SEO plugin v19.5.1 - https:\/\/yoast.com\/wordpress\/plugins\/seo\/ -->\n<title>SYS-LM6 ACCESSPRO Lazo magn\u00e9tico para detecci\u00f3n de veh\u00edculos<\/title>\n<meta name=\"description\" content=\"Security Data &amp; Video SA de CV. SYS-LM6 ACCESSPRO Lazo magn\u00e9tico para detecci\u00f3n de veh\u00edculos \/ 2M x 1M \/ Ideal para detecci\u00f3n de veh\u00edculos de tama\u00f1o medio en guadalajara jalisco mexico.\" \/>\n<meta name=\"robots\" content=\"index, follow, max-snippet:-1, max-image-preview:large, max-video-preview:-1\" \/>\n<link rel=\"canonical\" href=\"https:\/\/www.securitydataandvideo.com\/inicio\/shop\/sys-lm6-accesspro-lazo-magnetico-para-deteccion-de-vehiculos-2m-x-1m-ideal-para-deteccion-de-vehiculos-de-tamano-medio-en-guadalajara-jalisco-mexico\/\" \/>\n<meta property=\"og:locale\" content=\"es_MX\" \/>\n<meta property=\"og:type\" content=\"article\" \/>\n<meta property=\"og:title\" content=\"SYS-LM6 ACCESSPRO Lazo magn\u00e9tico para detecci\u00f3n de veh\u00edculos\" \/>\n<meta property=\"og:description\" content=\"Security Data &amp; Video SA de CV. SYS-LM6 ACCESSPRO Lazo magn\u00e9tico para detecci\u00f3n de veh\u00edculos \/ 2M x 1M \/ Ideal para detecci\u00f3n de veh\u00edculos de tama\u00f1o medio en guadalajara jalisco mexico.\" \/>\n<meta property=\"og:url\" content=\"https:\/\/www.securitydataandvideo.com\/inicio\/shop\/sys-lm6-accesspro-lazo-magnetico-para-deteccion-de-vehiculos-2m-x-1m-ideal-para-deteccion-de-vehiculos-de-tamano-medio-en-guadalajara-jalisco-mexico\/\" \/>\n<meta property=\"og:site_name\" content=\"Security Data &amp; Video SA de CV.\" \/>\n<meta property=\"article:modified_time\" content=\"2022-07-21T17:30:52+00:00\" \/>\n<meta property=\"og:image\" content=\"https:\/\/www.securitydataandvideo.com\/inicio\/wp-content\/uploads\/2022\/07\/SYS-LM6.png\" \/>\n\t<meta property=\"og:image:width\" content=\"323\" \/>\n\t<meta property=\"og:image:height\" content=\"277\" \/>\n\t<meta property=\"og:image:type\" content=\"image\/png\" \/>\n<meta name=\"twitter:card\" content=\"summary\" \/>\n<meta name=\"twitter:label1\" content=\"Tiempo de lectura\" \/>\n\t<meta name=\"twitter:data1\" content=\"1 minuto\" \/>\n<script type=\"application\/ld+json\" class=\"yoast-schema-graph\">{\"@context\":\"https:\/\/schema.org\",\"@graph\":[{\"@type\":\"WebPage\",\"@id\":\"https:\/\/www.securitydataandvideo.com\/inicio\/shop\/sys-lm6-accesspro-lazo-magnetico-para-deteccion-de-vehiculos-2m-x-1m-ideal-para-deteccion-de-vehiculos-de-tamano-medio-en-guadalajara-jalisco-mexico\/\",\"url\":\"https:\/\/www.securitydataandvideo.com\/inicio\/shop\/sys-lm6-accesspro-lazo-magnetico-para-deteccion-de-vehiculos-2m-x-1m-ideal-para-deteccion-de-vehiculos-de-tamano-medio-en-guadalajara-jalisco-mexico\/\",\"name\":\"SYS-LM6 ACCESSPRO Lazo magn\u00e9tico para detecci\u00f3n de veh\u00edculos\",\"isPartOf\":{\"@id\":\"https:\/\/www.securitydataandvideo.com\/inicio\/#website\"},\"datePublished\":\"2022-07-21T17:30:34+00:00\",\"dateModified\":\"2022-07-21T17:30:52+00:00\",\"description\":\"Security Data &amp; Video SA de CV. SYS-LM6 ACCESSPRO Lazo magn\u00e9tico para detecci\u00f3n de veh\u00edculos \/ 2M x 1M \/ Ideal para detecci\u00f3n de veh\u00edculos de tama\u00f1o medio en guadalajara jalisco mexico.\",\"breadcrumb\":{\"@id\":\"https:\/\/www.securitydataandvideo.com\/inicio\/shop\/sys-lm6-accesspro-lazo-magnetico-para-deteccion-de-vehiculos-2m-x-1m-ideal-para-deteccion-de-vehiculos-de-tamano-medio-en-guadalajara-jalisco-mexico\/#breadcrumb\"},\"inLanguage\":\"es-MX\",\"potentialAction\":[{\"@type\":\"ReadAction\",\"target\":[\"https:\/\/www.securitydataandvideo.com\/inicio\/shop\/sys-lm6-accesspro-lazo-magnetico-para-deteccion-de-vehiculos-2m-x-1m-ideal-para-deteccion-de-vehiculos-de-tamano-medio-en-guadalajara-jalisco-mexico\/\"]}]},{\"@type\":\"BreadcrumbList\",\"@id\":\"https:\/\/www.securitydataandvideo.com\/inicio\/shop\/sys-lm6-accesspro-lazo-magnetico-para-deteccion-de-vehiculos-2m-x-1m-ideal-para-deteccion-de-vehiculos-de-tamano-medio-en-guadalajara-jalisco-mexico\/#breadcrumb\",\"itemListElement\":[{\"@type\":\"ListItem\",\"position\":1,\"name\":\"Inicio\",\"item\":\"https:\/\/www.securitydataandvideo.com\/inicio\/\"},{\"@type\":\"ListItem\",\"position\":2,\"name\":\"Shop\",\"item\":\"https:\/\/www.securitydataandvideo.com\/inicio\/shop\/\"},{\"@type\":\"ListItem\",\"position\":3,\"name\":\"SYS-LM6 ACCESSPRO Lazo magn\u00e9tico para detecci\u00f3n de veh\u00edculos \/ 2M x 1M \/ Ideal para detecci\u00f3n de veh\u00edculos de tama\u00f1o medio en guadalajara jalisco mexico.\"}]},{\"@type\":\"WebSite\",\"@id\":\"https:\/\/www.securitydataandvideo.com\/inicio\/#website\",\"url\":\"https:\/\/www.securitydataandvideo.com\/inicio\/\",\"name\":\"Security Data &amp; Video SA de CV.\",\"description\":\"Seguridad Electr\u00f3nica y Energ\u00eda\",\"publisher\":{\"@id\":\"https:\/\/www.securitydataandvideo.com\/inicio\/#organization\"},\"potentialAction\":[{\"@type\":\"SearchAction\",\"target\":{\"@type\":\"EntryPoint\",\"urlTemplate\":\"https:\/\/www.securitydataandvideo.com\/inicio\/?s={search_term_string}\"},\"query-input\":\"required name=search_term_string\"}],\"inLanguage\":\"es-MX\"},{\"@type\":\"Organization\",\"@id\":\"https:\/\/www.securitydataandvideo.com\/inicio\/#organization\",\"name\":\"Security Data & Video SA de CV\",\"url\":\"https:\/\/www.securitydataandvideo.com\/inicio\/\",\"sameAs\":[],\"logo\":{\"@type\":\"ImageObject\",\"inLanguage\":\"es-MX\",\"@id\":\"https:\/\/www.securitydataandvideo.com\/inicio\/#\/schema\/logo\/image\/\",\"url\":\"https:\/\/www.securitydataandvideo.com\/inicio\/wp-content\/uploads\/2021\/10\/Logo-Azul.png\",\"contentUrl\":\"https:\/\/www.securitydataandvideo.com\/inicio\/wp-content\/uploads\/2021\/10\/Logo-Azul.png\",\"width\":555,\"height\":375,\"caption\":\"Security Data & Video SA de CV\"},\"image\":{\"@id\":\"https:\/\/www.securitydataandvideo.com\/inicio\/#\/schema\/logo\/image\/\"}}]}<\/script>\n<!-- \/ Yoast SEO plugin. -->","yoast_head_json":{"title":"SYS-LM6 ACCESSPRO Lazo magn\u00e9tico para detecci\u00f3n de veh\u00edculos","description":"Security Data &amp; Video SA de CV. SYS-LM6 ACCESSPRO Lazo magn\u00e9tico para detecci\u00f3n de veh\u00edculos \/ 2M x 1M \/ Ideal para detecci\u00f3n de veh\u00edculos de tama\u00f1o medio en guadalajara jalisco mexico.","robots":{"index":"index","follow":"follow","max-snippet":"max-snippet:-1","max-image-preview":"max-image-preview:large","max-video-preview":"max-video-preview:-1"},"canonical":"https:\/\/www.securitydataandvideo.com\/inicio\/shop\/sys-lm6-accesspro-lazo-magnetico-para-deteccion-de-vehiculos-2m-x-1m-ideal-para-deteccion-de-vehiculos-de-tamano-medio-en-guadalajara-jalisco-mexico\/","og_locale":"es_MX","og_type":"article","og_title":"SYS-LM6 ACCESSPRO Lazo magn\u00e9tico para detecci\u00f3n de veh\u00edculos","og_description":"Security Data &amp; Video SA de CV. SYS-LM6 ACCESSPRO Lazo magn\u00e9tico para detecci\u00f3n de veh\u00edculos \/ 2M x 1M \/ Ideal para detecci\u00f3n de veh\u00edculos de tama\u00f1o medio en guadalajara jalisco mexico.","og_url":"https:\/\/www.securitydataandvideo.com\/inicio\/shop\/sys-lm6-accesspro-lazo-magnetico-para-deteccion-de-vehiculos-2m-x-1m-ideal-para-deteccion-de-vehiculos-de-tamano-medio-en-guadalajara-jalisco-mexico\/","og_site_name":"Security Data &amp; Video SA de CV.","article_modified_time":"2022-07-21T17:30:52+00:00","og_image":[{"width":323,"height":277,"url":"https:\/\/www.securitydataandvideo.com\/inicio\/wp-content\/uploads\/2022\/07\/SYS-LM6.png","type":"image\/png"}],"twitter_card":"summary","twitter_misc":{"Tiempo de lectura":"1 minuto"},"schema":{"@context":"https:\/\/schema.org","@graph":[{"@type":"WebPage","@id":"https:\/\/www.securitydataandvideo.com\/inicio\/shop\/sys-lm6-accesspro-lazo-magnetico-para-deteccion-de-vehiculos-2m-x-1m-ideal-para-deteccion-de-vehiculos-de-tamano-medio-en-guadalajara-jalisco-mexico\/","url":"https:\/\/www.securitydataandvideo.com\/inicio\/shop\/sys-lm6-accesspro-lazo-magnetico-para-deteccion-de-vehiculos-2m-x-1m-ideal-para-deteccion-de-vehiculos-de-tamano-medio-en-guadalajara-jalisco-mexico\/","name":"SYS-LM6 ACCESSPRO Lazo magn\u00e9tico para detecci\u00f3n de veh\u00edculos","isPartOf":{"@id":"https:\/\/www.securitydataandvideo.com\/inicio\/#website"},"datePublished":"2022-07-21T17:30:34+00:00","dateModified":"2022-07-21T17:30:52+00:00","description":"Security Data &amp; Video SA de CV. SYS-LM6 ACCESSPRO Lazo magn\u00e9tico para detecci\u00f3n de veh\u00edculos \/ 2M x 1M \/ Ideal para detecci\u00f3n de veh\u00edculos de tama\u00f1o medio en guadalajara jalisco mexico.","breadcrumb":{"@id":"https:\/\/www.securitydataandvideo.com\/inicio\/shop\/sys-lm6-accesspro-lazo-magnetico-para-deteccion-de-vehiculos-2m-x-1m-ideal-para-deteccion-de-vehiculos-de-tamano-medio-en-guadalajara-jalisco-mexico\/#breadcrumb"},"inLanguage":"es-MX","potentialAction":[{"@type":"ReadAction","target":["https:\/\/www.securitydataandvideo.com\/inicio\/shop\/sys-lm6-accesspro-lazo-magnetico-para-deteccion-de-vehiculos-2m-x-1m-ideal-para-deteccion-de-vehiculos-de-tamano-medio-en-guadalajara-jalisco-mexico\/"]}]},{"@type":"BreadcrumbList","@id":"https:\/\/www.securitydataandvideo.com\/inicio\/shop\/sys-lm6-accesspro-lazo-magnetico-para-deteccion-de-vehiculos-2m-x-1m-ideal-para-deteccion-de-vehiculos-de-tamano-medio-en-guadalajara-jalisco-mexico\/#breadcrumb","itemListElement":[{"@type":"ListItem","position":1,"name":"Inicio","item":"https:\/\/www.securitydataandvideo.com\/inicio\/"},{"@type":"ListItem","position":2,"name":"Shop","item":"https:\/\/www.securitydataandvideo.com\/inicio\/shop\/"},{"@type":"ListItem","position":3,"name":"SYS-LM6 ACCESSPRO Lazo magn\u00e9tico para detecci\u00f3n de veh\u00edculos \/ 2M x 1M \/ Ideal para detecci\u00f3n de veh\u00edculos de tama\u00f1o medio en guadalajara jalisco mexico."}]},{"@type":"WebSite","@id":"https:\/\/www.securitydataandvideo.com\/inicio\/#website","url":"https:\/\/www.securitydataandvideo.com\/inicio\/","name":"Security Data &amp; Video SA de CV.","description":"Seguridad Electr\u00f3nica y Energ\u00eda","publisher":{"@id":"https:\/\/www.securitydataandvideo.com\/inicio\/#organization"},"potentialAction":[{"@type":"SearchAction","target":{"@type":"EntryPoint","urlTemplate":"https:\/\/www.securitydataandvideo.com\/inicio\/?s={search_term_string}"},"query-input":"required name=search_term_string"}],"inLanguage":"es-MX"},{"@type":"Organization","@id":"https:\/\/www.securitydataandvideo.com\/inicio\/#organization","name":"Security Data & Video SA de CV","url":"https:\/\/www.securitydataandvideo.com\/inicio\/","sameAs":[],"logo":{"@type":"ImageObject","inLanguage":"es-MX","@id":"https:\/\/www.securitydataandvideo.com\/inicio\/#\/schema\/logo\/image\/","url":"https:\/\/www.securitydataandvideo.com\/inicio\/wp-content\/uploads\/2021\/10\/Logo-Azul.png","contentUrl":"https:\/\/www.securitydataandvideo.com\/inicio\/wp-content\/uploads\/2021\/10\/Logo-Azul.png","width":555,"height":375,"caption":"Security Data & Video SA de CV"},"image":{"@id":"https:\/\/www.securitydataandvideo.com\/inicio\/#\/schema\/logo\/image\/"}}]}},"_links":{"self":[{"href":"https:\/\/www.securitydataandvideo.com\/inicio\/wp-json\/wp\/v2\/product\/15774"}],"collection":[{"href":"https:\/\/www.securitydataandvideo.com\/inicio\/wp-json\/wp\/v2\/product"}],"about":[{"href":"https:\/\/www.securitydataandvideo.com\/inicio\/wp-json\/wp\/v2\/types\/product"}],"wp:featuredmedia":[{"embeddable":true,"href":"https:\/\/www.securitydataandvideo.com\/inicio\/wp-json\/wp\/v2\/media\/15803"}],"wp:attachment":[{"href":"https:\/\/www.securitydataandvideo.com\/inicio\/wp-json\/wp\/v2\/media?parent=15774"}],"wp:term":[{"taxonomy":"product_cat","embeddable":true,"href":"https:\/\/www.securitydataandvideo.com\/inicio\/wp-json\/wp\/v2\/product_cat?post=15774"},{"taxonomy":"product_tag","embeddable":true,"href":"https:\/\/www.securitydataandvideo.com\/inicio\/wp-json\/wp\/v2\/product_tag?post=15774"}],"curies":[{"name":"wp","href":"https:\/\/api.w.org\/{rel}","templated":true}]}}