{"id":15783,"date":"2022-07-21T11:30:35","date_gmt":"2022-07-21T17:30:35","guid":{"rendered":"https:\/\/www.securitydataandvideo.com\/inicio\/?post_type=product&#038;p=15783"},"modified":"2023-10-02T16:28:42","modified_gmt":"2023-10-02T22:28:42","slug":"xb-220-accesspro-bolardo-neumatico-de-acero-inoxidable-220-mm-de-diametro-750-mm-de-altura-acabado-elegante-con-iluminacion-led-color-rojo-en-guadalajara-jalisco-mexico","status":"publish","type":"product","link":"https:\/\/www.securitydataandvideo.com\/inicio\/shop\/xb-220-accesspro-bolardo-neumatico-de-acero-inoxidable-220-mm-de-diametro-750-mm-de-altura-acabado-elegante-con-iluminacion-led-color-rojo-en-guadalajara-jalisco-mexico\/","title":{"rendered":"XB-220 ACCESSPRO Bolardo neum\u00e1tico de acero inoxidable \/ 220 mm de di\u00e1metro \/ 750 mm de altura \/ acabado elegante con iluminacion led color rojo en guadalajara jalisco mexico."},"content":{"rendered":"<p><strong>XB-220 ACCESSPRO Bolardo neum\u00e1tico de acero inoxidable \/ 220 mm de di\u00e1metro \/ 750 mm de altura \/ acabado elegante con iluminacion led color rojo en guadalajara jalisco mexico.<\/strong><\/p>\n<p>Dise\u00f1o elegante exclusivo fabricado totalmente en acero para protecci\u00f3n de \u00e1reas cr\u00edticas del acceso\u00a0vehicular.<\/p>\n<p>Los bolardos neum\u00e1ticos INDUSTRIAL est\u00e1n dise\u00f1ados<br \/>\npara \u00e1reas de alta seguridad donde se requiere bloquear<br \/>\nel acceso vehicular permitiendo el acceso peatonal.<\/p>\n<p><span class=\"s1\">\u2022\u00a0<\/span>Fabricado totalmente en acero al carbon<br \/>\n<span class=\"s1\">\u2022\u00a0<\/span>Control neum\u00e1tico<br \/>\n<span class=\"s1\">\u2022\u00a0<\/span>Resistencia a alto impacto<br \/>\n<span class=\"s1\">\u2022\u00a0<\/span>Altura de 750mm<br \/>\n<span class=\"s1\">\u2022\u00a0<\/span>LED de alta potencia y cinta reflectiva<br \/>\n<span class=\"s1\">\u2022\u00a0<\/span>Compatible con\u00a0XCONTROLBOX, el sistema de control para hasta 4 bolardos<br \/>\n\u2022 Abierto en caso de falla<br \/>\n\u2022 Tiempo de elevaci\u00f3n: 3-5 segundos.<br \/>\n\u2022 Alimentaci\u00f3n de 110VCA.<br \/>\n\u2022 Dimensiones:\u00a0220 x\u00a0750 mm<\/p>\n<p><strong>*1 A\u00f1o de Garant\u00eda<br \/>\n<\/strong><br \/>\n<strong>Aplicaciones y Casos de \u00c9xito<\/strong><\/p>\n<p><strong>-Protecci\u00f3n de \u00c1reas de Embarque<\/strong><br \/>\nLos robos a \u00e1reas de embarque para acceder directamente a el almac\u00e9n son cada vez m\u00e1s comunes.<br \/>\nLos bolardos AccessPRO permiten restringir el acceso a veh\u00edculos que podr\u00edan extraer la mercanc\u00eda<br \/>\nde un almac\u00e9n.<\/p>\n<p><strong>-Protecci\u00f3n Segura para Fraccionamientos<\/strong><br \/>\nLos bolardos AccessPRO se utilizan para restringir el acceso de veh\u00edculos en fraccionamientos<br \/>\ndonde una barrera vehicular no lo es suficiente.<\/p>\n<p>Las barreras vehiculares tienen sus limitaciones para \u00e1reas donde se requiere alta seguridad<br \/>\ny realmente no permitir el acceso de veh\u00edculos.<\/p>\n<p><img src=\"http:\/\/i.imgur.com\/QSo6ull.jpg\" alt=\"\" \/><\/p>\n<p>Video Cortes\u00eda de ZIGURAT\u00a0<a href=\"http:\/\/www.zigurat.mx\/\">http:\/\/www.zigurat.mx\/<\/a><br \/>\n<img src=\"https:\/\/ftp3.syscom.mx\/usuarios\/paginaweb\/Gifs\/bolardo2334.gif\" \/><br \/>\n<img src=\"http:\/\/ftp3.syscom.mx\/usuarios\/fotos\/xb275.jpg\" alt=\"\" \/><br \/>\n<img loading=\"lazy\" src=\"http:\/\/ftp3.syscom.mx\/usuarios\/fotos\/XB275C\/XB275C_.jpg\" alt=\"\" width=\"850\" height=\"850\" \/><\/p>\n","protected":false},"excerpt":{"rendered":"<p><strong>XB-220 ACCESSPRO Bolardo neum\u00e1tico de acero inoxidable \/ 220 mm de di\u00e1metro \/ 750 mm de altura \/ acabado elegante con iluminacion led color rojo en guadalajara jalisco mexico.<\/strong><\/p>\n","protected":false},"featured_media":15832,"template":"","meta":{"site-sidebar-layout":"","site-content-layout":"","ast-site-content-layout":"","site-content-style":"default","site-sidebar-style":"default","ast-global-header-display":"","ast-banner-title-visibility":"","ast-main-header-display":"","ast-hfb-above-header-display":"","ast-hfb-below-header-display":"","ast-hfb-mobile-header-display":"","site-post-title":"","ast-breadcrumbs-content":"","ast-featured-img":"","footer-sml-layout":"","theme-transparent-header-meta":"","adv-header-id-meta":"","stick-header-meta":"","header-above-stick-meta":"","header-main-stick-meta":"","header-below-stick-meta":"","astra-migrate-meta-layouts":""},"product_cat":[251],"product_tag":[126],"yoast_head":"<!-- This site is optimized with the Yoast SEO plugin v19.5.1 - https:\/\/yoast.com\/wordpress\/plugins\/seo\/ -->\n<title>XB-220 ACCESSPRO Bolardo neum\u00e1tico de acero inoxidable \/ 220 mm de di\u00e1metro \/<\/title>\n<meta name=\"description\" content=\"Security Data &amp; Video SA de CV. XB-220 ACCESSPRO Bolardo neum\u00e1tico de acero inoxidable \/ 220 mm de di\u00e1metro \/ 750 mm de altura \/ acabado elegante con iluminacion led color rojo en guadalajara jalisco mexico.\" \/>\n<meta name=\"robots\" content=\"index, follow, max-snippet:-1, max-image-preview:large, max-video-preview:-1\" \/>\n<link rel=\"canonical\" href=\"https:\/\/www.securitydataandvideo.com\/inicio\/shop\/xb-220-accesspro-bolardo-neumatico-de-acero-inoxidable-220-mm-de-diametro-750-mm-de-altura-acabado-elegante-con-iluminacion-led-color-rojo-en-guadalajara-jalisco-mexico\/\" \/>\n<meta property=\"og:locale\" content=\"es_MX\" \/>\n<meta property=\"og:type\" content=\"article\" \/>\n<meta property=\"og:title\" content=\"XB-220 ACCESSPRO Bolardo neum\u00e1tico de acero inoxidable \/ 220 mm de di\u00e1metro \/\" \/>\n<meta property=\"og:description\" content=\"Security Data &amp; Video SA de CV. XB-220 ACCESSPRO Bolardo neum\u00e1tico de acero inoxidable \/ 220 mm de di\u00e1metro \/ 750 mm de altura \/ acabado elegante con iluminacion led color rojo en guadalajara jalisco mexico.\" \/>\n<meta property=\"og:url\" content=\"https:\/\/www.securitydataandvideo.com\/inicio\/shop\/xb-220-accesspro-bolardo-neumatico-de-acero-inoxidable-220-mm-de-diametro-750-mm-de-altura-acabado-elegante-con-iluminacion-led-color-rojo-en-guadalajara-jalisco-mexico\/\" \/>\n<meta property=\"og:site_name\" content=\"Security Data &amp; Video SA de CV.\" \/>\n<meta property=\"article:modified_time\" content=\"2023-10-02T22:28:42+00:00\" \/>\n<meta property=\"og:image\" content=\"https:\/\/www.securitydataandvideo.com\/inicio\/wp-content\/uploads\/2022\/07\/XB-220.png\" \/>\n\t<meta property=\"og:image:width\" content=\"323\" \/>\n\t<meta property=\"og:image:height\" content=\"291\" \/>\n\t<meta property=\"og:image:type\" content=\"image\/png\" \/>\n<meta name=\"twitter:card\" content=\"summary\" \/>\n<meta name=\"twitter:label1\" content=\"Tiempo de lectura\" \/>\n\t<meta name=\"twitter:data1\" content=\"1 minuto\" \/>\n<script type=\"application\/ld+json\" class=\"yoast-schema-graph\">{\"@context\":\"https:\/\/schema.org\",\"@graph\":[{\"@type\":\"WebPage\",\"@id\":\"https:\/\/www.securitydataandvideo.com\/inicio\/shop\/xb-220-accesspro-bolardo-neumatico-de-acero-inoxidable-220-mm-de-diametro-750-mm-de-altura-acabado-elegante-con-iluminacion-led-color-rojo-en-guadalajara-jalisco-mexico\/\",\"url\":\"https:\/\/www.securitydataandvideo.com\/inicio\/shop\/xb-220-accesspro-bolardo-neumatico-de-acero-inoxidable-220-mm-de-diametro-750-mm-de-altura-acabado-elegante-con-iluminacion-led-color-rojo-en-guadalajara-jalisco-mexico\/\",\"name\":\"XB-220 ACCESSPRO Bolardo neum\u00e1tico de acero inoxidable \/ 220 mm de di\u00e1metro \/\",\"isPartOf\":{\"@id\":\"https:\/\/www.securitydataandvideo.com\/inicio\/#website\"},\"datePublished\":\"2022-07-21T17:30:35+00:00\",\"dateModified\":\"2023-10-02T22:28:42+00:00\",\"description\":\"Security Data &amp; Video SA de CV. XB-220 ACCESSPRO Bolardo neum\u00e1tico de acero inoxidable \/ 220 mm de di\u00e1metro \/ 750 mm de altura \/ acabado elegante con iluminacion led color rojo en guadalajara jalisco mexico.\",\"breadcrumb\":{\"@id\":\"https:\/\/www.securitydataandvideo.com\/inicio\/shop\/xb-220-accesspro-bolardo-neumatico-de-acero-inoxidable-220-mm-de-diametro-750-mm-de-altura-acabado-elegante-con-iluminacion-led-color-rojo-en-guadalajara-jalisco-mexico\/#breadcrumb\"},\"inLanguage\":\"es-MX\",\"potentialAction\":[{\"@type\":\"ReadAction\",\"target\":[\"https:\/\/www.securitydataandvideo.com\/inicio\/shop\/xb-220-accesspro-bolardo-neumatico-de-acero-inoxidable-220-mm-de-diametro-750-mm-de-altura-acabado-elegante-con-iluminacion-led-color-rojo-en-guadalajara-jalisco-mexico\/\"]}]},{\"@type\":\"BreadcrumbList\",\"@id\":\"https:\/\/www.securitydataandvideo.com\/inicio\/shop\/xb-220-accesspro-bolardo-neumatico-de-acero-inoxidable-220-mm-de-diametro-750-mm-de-altura-acabado-elegante-con-iluminacion-led-color-rojo-en-guadalajara-jalisco-mexico\/#breadcrumb\",\"itemListElement\":[{\"@type\":\"ListItem\",\"position\":1,\"name\":\"Inicio\",\"item\":\"https:\/\/www.securitydataandvideo.com\/inicio\/\"},{\"@type\":\"ListItem\",\"position\":2,\"name\":\"Shop\",\"item\":\"https:\/\/www.securitydataandvideo.com\/inicio\/shop\/\"},{\"@type\":\"ListItem\",\"position\":3,\"name\":\"XB-220 ACCESSPRO Bolardo neum\u00e1tico de acero inoxidable \/ 220 mm de di\u00e1metro \/ 750 mm de altura \/ acabado elegante con iluminacion led color rojo en guadalajara jalisco mexico.\"}]},{\"@type\":\"WebSite\",\"@id\":\"https:\/\/www.securitydataandvideo.com\/inicio\/#website\",\"url\":\"https:\/\/www.securitydataandvideo.com\/inicio\/\",\"name\":\"Security Data &amp; Video SA de CV.\",\"description\":\"Seguridad Electr\u00f3nica y Energ\u00eda\",\"publisher\":{\"@id\":\"https:\/\/www.securitydataandvideo.com\/inicio\/#organization\"},\"potentialAction\":[{\"@type\":\"SearchAction\",\"target\":{\"@type\":\"EntryPoint\",\"urlTemplate\":\"https:\/\/www.securitydataandvideo.com\/inicio\/?s={search_term_string}\"},\"query-input\":\"required name=search_term_string\"}],\"inLanguage\":\"es-MX\"},{\"@type\":\"Organization\",\"@id\":\"https:\/\/www.securitydataandvideo.com\/inicio\/#organization\",\"name\":\"Security Data & Video SA de CV\",\"url\":\"https:\/\/www.securitydataandvideo.com\/inicio\/\",\"sameAs\":[],\"logo\":{\"@type\":\"ImageObject\",\"inLanguage\":\"es-MX\",\"@id\":\"https:\/\/www.securitydataandvideo.com\/inicio\/#\/schema\/logo\/image\/\",\"url\":\"https:\/\/www.securitydataandvideo.com\/inicio\/wp-content\/uploads\/2021\/10\/Logo-Azul.png\",\"contentUrl\":\"https:\/\/www.securitydataandvideo.com\/inicio\/wp-content\/uploads\/2021\/10\/Logo-Azul.png\",\"width\":555,\"height\":375,\"caption\":\"Security Data & Video SA de CV\"},\"image\":{\"@id\":\"https:\/\/www.securitydataandvideo.com\/inicio\/#\/schema\/logo\/image\/\"}}]}<\/script>\n<!-- \/ Yoast SEO plugin. -->","yoast_head_json":{"title":"XB-220 ACCESSPRO Bolardo neum\u00e1tico de acero inoxidable \/ 220 mm de di\u00e1metro \/","description":"Security Data &amp; Video SA de CV. XB-220 ACCESSPRO Bolardo neum\u00e1tico de acero inoxidable \/ 220 mm de di\u00e1metro \/ 750 mm de altura \/ acabado elegante con iluminacion led color rojo en guadalajara jalisco mexico.","robots":{"index":"index","follow":"follow","max-snippet":"max-snippet:-1","max-image-preview":"max-image-preview:large","max-video-preview":"max-video-preview:-1"},"canonical":"https:\/\/www.securitydataandvideo.com\/inicio\/shop\/xb-220-accesspro-bolardo-neumatico-de-acero-inoxidable-220-mm-de-diametro-750-mm-de-altura-acabado-elegante-con-iluminacion-led-color-rojo-en-guadalajara-jalisco-mexico\/","og_locale":"es_MX","og_type":"article","og_title":"XB-220 ACCESSPRO Bolardo neum\u00e1tico de acero inoxidable \/ 220 mm de di\u00e1metro \/","og_description":"Security Data &amp; Video SA de CV. XB-220 ACCESSPRO Bolardo neum\u00e1tico de acero inoxidable \/ 220 mm de di\u00e1metro \/ 750 mm de altura \/ acabado elegante con iluminacion led color rojo en guadalajara jalisco mexico.","og_url":"https:\/\/www.securitydataandvideo.com\/inicio\/shop\/xb-220-accesspro-bolardo-neumatico-de-acero-inoxidable-220-mm-de-diametro-750-mm-de-altura-acabado-elegante-con-iluminacion-led-color-rojo-en-guadalajara-jalisco-mexico\/","og_site_name":"Security Data &amp; Video SA de CV.","article_modified_time":"2023-10-02T22:28:42+00:00","og_image":[{"width":323,"height":291,"url":"https:\/\/www.securitydataandvideo.com\/inicio\/wp-content\/uploads\/2022\/07\/XB-220.png","type":"image\/png"}],"twitter_card":"summary","twitter_misc":{"Tiempo de lectura":"1 minuto"},"schema":{"@context":"https:\/\/schema.org","@graph":[{"@type":"WebPage","@id":"https:\/\/www.securitydataandvideo.com\/inicio\/shop\/xb-220-accesspro-bolardo-neumatico-de-acero-inoxidable-220-mm-de-diametro-750-mm-de-altura-acabado-elegante-con-iluminacion-led-color-rojo-en-guadalajara-jalisco-mexico\/","url":"https:\/\/www.securitydataandvideo.com\/inicio\/shop\/xb-220-accesspro-bolardo-neumatico-de-acero-inoxidable-220-mm-de-diametro-750-mm-de-altura-acabado-elegante-con-iluminacion-led-color-rojo-en-guadalajara-jalisco-mexico\/","name":"XB-220 ACCESSPRO Bolardo neum\u00e1tico de acero inoxidable \/ 220 mm de di\u00e1metro \/","isPartOf":{"@id":"https:\/\/www.securitydataandvideo.com\/inicio\/#website"},"datePublished":"2022-07-21T17:30:35+00:00","dateModified":"2023-10-02T22:28:42+00:00","description":"Security Data &amp; Video SA de CV. XB-220 ACCESSPRO Bolardo neum\u00e1tico de acero inoxidable \/ 220 mm de di\u00e1metro \/ 750 mm de altura \/ acabado elegante con iluminacion led color rojo en guadalajara jalisco mexico.","breadcrumb":{"@id":"https:\/\/www.securitydataandvideo.com\/inicio\/shop\/xb-220-accesspro-bolardo-neumatico-de-acero-inoxidable-220-mm-de-diametro-750-mm-de-altura-acabado-elegante-con-iluminacion-led-color-rojo-en-guadalajara-jalisco-mexico\/#breadcrumb"},"inLanguage":"es-MX","potentialAction":[{"@type":"ReadAction","target":["https:\/\/www.securitydataandvideo.com\/inicio\/shop\/xb-220-accesspro-bolardo-neumatico-de-acero-inoxidable-220-mm-de-diametro-750-mm-de-altura-acabado-elegante-con-iluminacion-led-color-rojo-en-guadalajara-jalisco-mexico\/"]}]},{"@type":"BreadcrumbList","@id":"https:\/\/www.securitydataandvideo.com\/inicio\/shop\/xb-220-accesspro-bolardo-neumatico-de-acero-inoxidable-220-mm-de-diametro-750-mm-de-altura-acabado-elegante-con-iluminacion-led-color-rojo-en-guadalajara-jalisco-mexico\/#breadcrumb","itemListElement":[{"@type":"ListItem","position":1,"name":"Inicio","item":"https:\/\/www.securitydataandvideo.com\/inicio\/"},{"@type":"ListItem","position":2,"name":"Shop","item":"https:\/\/www.securitydataandvideo.com\/inicio\/shop\/"},{"@type":"ListItem","position":3,"name":"XB-220 ACCESSPRO Bolardo neum\u00e1tico de acero inoxidable \/ 220 mm de di\u00e1metro \/ 750 mm de altura \/ acabado elegante con iluminacion led color rojo en guadalajara jalisco mexico."}]},{"@type":"WebSite","@id":"https:\/\/www.securitydataandvideo.com\/inicio\/#website","url":"https:\/\/www.securitydataandvideo.com\/inicio\/","name":"Security Data &amp; Video SA de CV.","description":"Seguridad Electr\u00f3nica y Energ\u00eda","publisher":{"@id":"https:\/\/www.securitydataandvideo.com\/inicio\/#organization"},"potentialAction":[{"@type":"SearchAction","target":{"@type":"EntryPoint","urlTemplate":"https:\/\/www.securitydataandvideo.com\/inicio\/?s={search_term_string}"},"query-input":"required name=search_term_string"}],"inLanguage":"es-MX"},{"@type":"Organization","@id":"https:\/\/www.securitydataandvideo.com\/inicio\/#organization","name":"Security Data & Video SA de CV","url":"https:\/\/www.securitydataandvideo.com\/inicio\/","sameAs":[],"logo":{"@type":"ImageObject","inLanguage":"es-MX","@id":"https:\/\/www.securitydataandvideo.com\/inicio\/#\/schema\/logo\/image\/","url":"https:\/\/www.securitydataandvideo.com\/inicio\/wp-content\/uploads\/2021\/10\/Logo-Azul.png","contentUrl":"https:\/\/www.securitydataandvideo.com\/inicio\/wp-content\/uploads\/2021\/10\/Logo-Azul.png","width":555,"height":375,"caption":"Security Data & Video SA de CV"},"image":{"@id":"https:\/\/www.securitydataandvideo.com\/inicio\/#\/schema\/logo\/image\/"}}]}},"_links":{"self":[{"href":"https:\/\/www.securitydataandvideo.com\/inicio\/wp-json\/wp\/v2\/product\/15783"}],"collection":[{"href":"https:\/\/www.securitydataandvideo.com\/inicio\/wp-json\/wp\/v2\/product"}],"about":[{"href":"https:\/\/www.securitydataandvideo.com\/inicio\/wp-json\/wp\/v2\/types\/product"}],"wp:featuredmedia":[{"embeddable":true,"href":"https:\/\/www.securitydataandvideo.com\/inicio\/wp-json\/wp\/v2\/media\/15832"}],"wp:attachment":[{"href":"https:\/\/www.securitydataandvideo.com\/inicio\/wp-json\/wp\/v2\/media?parent=15783"}],"wp:term":[{"taxonomy":"product_cat","embeddable":true,"href":"https:\/\/www.securitydataandvideo.com\/inicio\/wp-json\/wp\/v2\/product_cat?post=15783"},{"taxonomy":"product_tag","embeddable":true,"href":"https:\/\/www.securitydataandvideo.com\/inicio\/wp-json\/wp\/v2\/product_tag?post=15783"}],"curies":[{"name":"wp","href":"https:\/\/api.w.org\/{rel}","templated":true}]}}