{"id":15805,"date":"2022-07-21T11:31:05","date_gmt":"2022-07-21T17:31:05","guid":{"rendered":"https:\/\/www.securitydataandvideo.com\/inicio\/?post_type=product&#038;p=15805"},"modified":"2023-10-02T16:26:48","modified_gmt":"2023-10-02T22:26:48","slug":"xb-220-h06k-accesspro-bolardo-hidraulico-todo-incluido-incluye-bomba-hidraulica-italiana-alta-resistencia-al-impacto-hasta-250-000-j-uso-intensivo-incluye-bomba-italiana-tarjeta-controlador","status":"publish","type":"product","link":"https:\/\/www.securitydataandvideo.com\/inicio\/shop\/xb-220-h06k-accesspro-bolardo-hidraulico-todo-incluido-incluye-bomba-hidraulica-italiana-alta-resistencia-al-impacto-hasta-250-000-j-uso-intensivo-incluye-bomba-italiana-tarjeta-controlador\/","title":{"rendered":"XB-220-H06K ACCESSPRO Bolardo Hidr\u00e1ulico \/ TODO INCLUIDO (Incluye Bomba Hidr\u00e1ulica Italiana) \/ Alta resistencia al impacto hasta 250 000 J \/ Uso intensivo (Incluye Bomba italiana)\/ Tarjeta controladora incluida \/ F\u00e1cil instalaci\u00f3n en guadalajara jalisco mexico."},"content":{"rendered":"<p><strong>XB-220-H06K ACCESSPRO Bolardo Hidr\u00e1ulico \/ TODO INCLUIDO (Incluye Bomba Hidr\u00e1ulica Italiana) \/ Alta resistencia al impacto hasta 250 000 J \/ Uso intensivo (Incluye Bomba italiana)\/ Tarjeta controladora incluida \/ F\u00e1cil instalaci\u00f3n en guadalajara jalisco mexico.<\/strong><\/p>\n<div id=\"especificaciones\" class=\"tab-pane fade in active\">\n<h4>La l\u00ednea de Bolardos Hidr\u00e1ulicos AccessPRO aseguran el acceso vehicular a \u00e1reas cr\u00edticas, una r\u00e1pida instalaci\u00f3n y un dise\u00f1o extremo elegante.<\/h4>\n<p>Incluye TODO lo necesario para la instalaci\u00f3n (Incluye Bomba Hidr\u00e1ulica), no hace falta ning\u00fan accesorio adicional.<\/p>\n<p>Bolardo Hidr\u00e1ulico de Alta resistencia Al impacto hasta 250 000 J<\/p>\n<p>Uso intensivo (Incluye Bomba Hidr\u00e1ulica Italiana)<\/p>\n<p>Tarjeta controladora incluida ACCESSPRO Bolardo Hidr\u00e1ulico<\/p>\n<p>F\u00e1cil instalaci\u00f3n &#8211; Incluye TODO lo necesario<\/p>\n<p><strong>VIDEO<\/strong><\/p>\n<p>Video Cortes\u00eda de ZIGURAT\u00a0<a href=\"http:\/\/www.zigurat.mx\/\">http:\/\/www.zigurat.mx\/<\/a><br \/>\n<img src=\"https:\/\/ftp3.syscom.mx\/usuarios\/paginaweb\/Gifs\/bolardo2334.gif\" \/><\/p>\n<p><iframe src=\"https:\/\/www.youtube.com\/embed\/_gAsQXGtlEc\" height=\"315\" frameborder=\"0\" allowfullscreen=\"allowfullscreen\" data-mce-fragment=\"1\"><\/iframe><br \/>\n<img src=\"http:\/\/ftp3.syscom.mx\/usuarios\/fotos\/xb275.jpg\" alt=\"\" \/><br \/>\n<img src=\"http:\/\/i.imgur.com\/GFMhWm8.jpg\" \/><\/p>\n<\/div>\n","protected":false},"excerpt":{"rendered":"<p><strong>XB-220-H06K ACCESSPRO Bolardo Hidr\u00e1ulico \/ TODO INCLUIDO (Incluye Bomba Hidr\u00e1ulica Italiana) \/ Alta resistencia al impacto hasta 250 000 J \/ Uso intensivo (Incluye Bomba italiana)\/ Tarjeta controladora incluida \/ F\u00e1cil instalaci\u00f3n en guadalajara jalisco mexico.<\/strong><\/p>\n","protected":false},"featured_media":15834,"template":"","meta":{"site-sidebar-layout":"","site-content-layout":"","ast-site-content-layout":"","site-content-style":"default","site-sidebar-style":"default","ast-global-header-display":"","ast-banner-title-visibility":"","ast-main-header-display":"","ast-hfb-above-header-display":"","ast-hfb-below-header-display":"","ast-hfb-mobile-header-display":"","site-post-title":"","ast-breadcrumbs-content":"","ast-featured-img":"","footer-sml-layout":"","theme-transparent-header-meta":"","adv-header-id-meta":"","stick-header-meta":"","header-above-stick-meta":"","header-main-stick-meta":"","header-below-stick-meta":"","astra-migrate-meta-layouts":""},"product_cat":[251],"product_tag":[],"yoast_head":"<!-- This site is optimized with the Yoast SEO plugin v19.5.1 - https:\/\/yoast.com\/wordpress\/plugins\/seo\/ -->\n<title>ACCESSPRO Bolardo Hidr\u00e1ulico - XB-220-H06K ACCESSPRO<\/title>\n<meta name=\"description\" content=\"Security Data &amp; Video SA de CV. XB-220-H06K ACCESSPRO Bolardo Hidr\u00e1ulico \/ TODO INCLUIDO (Incluye Bomba Hidr\u00e1ulica Italiana) \/ Alta resistencia al impacto hasta 250 000 J \/ Uso intensivo (Incluye Bomba italiana)\/ Tarjeta controladora incluida \/ F\u00e1cil instalaci\u00f3n en guadalajara jalisco mexico.\" \/>\n<meta name=\"robots\" content=\"index, follow, max-snippet:-1, max-image-preview:large, max-video-preview:-1\" \/>\n<link rel=\"canonical\" href=\"https:\/\/www.securitydataandvideo.com\/inicio\/shop\/xb-220-h06k-accesspro-bolardo-hidraulico-todo-incluido-incluye-bomba-hidraulica-italiana-alta-resistencia-al-impacto-hasta-250-000-j-uso-intensivo-incluye-bomba-italiana-tarjeta-controlador\/\" \/>\n<meta property=\"og:locale\" content=\"es_MX\" \/>\n<meta property=\"og:type\" content=\"article\" \/>\n<meta property=\"og:title\" content=\"ACCESSPRO Bolardo Hidr\u00e1ulico - XB-220-H06K ACCESSPRO\" \/>\n<meta property=\"og:description\" content=\"Security Data &amp; Video SA de CV. XB-220-H06K ACCESSPRO Bolardo Hidr\u00e1ulico \/ TODO INCLUIDO (Incluye Bomba Hidr\u00e1ulica Italiana) \/ Alta resistencia al impacto hasta 250 000 J \/ Uso intensivo (Incluye Bomba italiana)\/ Tarjeta controladora incluida \/ F\u00e1cil instalaci\u00f3n en guadalajara jalisco mexico.\" \/>\n<meta property=\"og:url\" content=\"https:\/\/www.securitydataandvideo.com\/inicio\/shop\/xb-220-h06k-accesspro-bolardo-hidraulico-todo-incluido-incluye-bomba-hidraulica-italiana-alta-resistencia-al-impacto-hasta-250-000-j-uso-intensivo-incluye-bomba-italiana-tarjeta-controlador\/\" \/>\n<meta property=\"og:site_name\" content=\"Security Data &amp; Video SA de CV.\" \/>\n<meta property=\"article:modified_time\" content=\"2023-10-02T22:26:48+00:00\" \/>\n<meta property=\"og:image\" content=\"https:\/\/www.securitydataandvideo.com\/inicio\/wp-content\/uploads\/2022\/07\/XB220H06K-p.png\" \/>\n\t<meta property=\"og:image:width\" content=\"400\" \/>\n\t<meta property=\"og:image:height\" content=\"400\" \/>\n\t<meta property=\"og:image:type\" content=\"image\/png\" \/>\n<meta name=\"twitter:card\" content=\"summary\" \/>\n<meta name=\"twitter:label1\" content=\"Tiempo de lectura\" \/>\n\t<meta name=\"twitter:data1\" content=\"1 minuto\" \/>\n<script type=\"application\/ld+json\" class=\"yoast-schema-graph\">{\"@context\":\"https:\/\/schema.org\",\"@graph\":[{\"@type\":\"WebPage\",\"@id\":\"https:\/\/www.securitydataandvideo.com\/inicio\/shop\/xb-220-h06k-accesspro-bolardo-hidraulico-todo-incluido-incluye-bomba-hidraulica-italiana-alta-resistencia-al-impacto-hasta-250-000-j-uso-intensivo-incluye-bomba-italiana-tarjeta-controlador\/\",\"url\":\"https:\/\/www.securitydataandvideo.com\/inicio\/shop\/xb-220-h06k-accesspro-bolardo-hidraulico-todo-incluido-incluye-bomba-hidraulica-italiana-alta-resistencia-al-impacto-hasta-250-000-j-uso-intensivo-incluye-bomba-italiana-tarjeta-controlador\/\",\"name\":\"ACCESSPRO Bolardo Hidr\u00e1ulico - XB-220-H06K ACCESSPRO\",\"isPartOf\":{\"@id\":\"https:\/\/www.securitydataandvideo.com\/inicio\/#website\"},\"datePublished\":\"2022-07-21T17:31:05+00:00\",\"dateModified\":\"2023-10-02T22:26:48+00:00\",\"description\":\"Security Data &amp; Video SA de CV. XB-220-H06K ACCESSPRO Bolardo Hidr\u00e1ulico \/ TODO INCLUIDO (Incluye Bomba Hidr\u00e1ulica Italiana) \/ Alta resistencia al impacto hasta 250 000 J \/ Uso intensivo (Incluye Bomba italiana)\/ Tarjeta controladora incluida \/ F\u00e1cil instalaci\u00f3n en guadalajara jalisco mexico.\",\"breadcrumb\":{\"@id\":\"https:\/\/www.securitydataandvideo.com\/inicio\/shop\/xb-220-h06k-accesspro-bolardo-hidraulico-todo-incluido-incluye-bomba-hidraulica-italiana-alta-resistencia-al-impacto-hasta-250-000-j-uso-intensivo-incluye-bomba-italiana-tarjeta-controlador\/#breadcrumb\"},\"inLanguage\":\"es-MX\",\"potentialAction\":[{\"@type\":\"ReadAction\",\"target\":[\"https:\/\/www.securitydataandvideo.com\/inicio\/shop\/xb-220-h06k-accesspro-bolardo-hidraulico-todo-incluido-incluye-bomba-hidraulica-italiana-alta-resistencia-al-impacto-hasta-250-000-j-uso-intensivo-incluye-bomba-italiana-tarjeta-controlador\/\"]}]},{\"@type\":\"BreadcrumbList\",\"@id\":\"https:\/\/www.securitydataandvideo.com\/inicio\/shop\/xb-220-h06k-accesspro-bolardo-hidraulico-todo-incluido-incluye-bomba-hidraulica-italiana-alta-resistencia-al-impacto-hasta-250-000-j-uso-intensivo-incluye-bomba-italiana-tarjeta-controlador\/#breadcrumb\",\"itemListElement\":[{\"@type\":\"ListItem\",\"position\":1,\"name\":\"Inicio\",\"item\":\"https:\/\/www.securitydataandvideo.com\/inicio\/\"},{\"@type\":\"ListItem\",\"position\":2,\"name\":\"Shop\",\"item\":\"https:\/\/www.securitydataandvideo.com\/inicio\/shop\/\"},{\"@type\":\"ListItem\",\"position\":3,\"name\":\"XB-220-H06K ACCESSPRO Bolardo Hidr\u00e1ulico \/ TODO INCLUIDO (Incluye Bomba Hidr\u00e1ulica Italiana) \/ Alta resistencia al impacto hasta 250 000 J \/ Uso intensivo (Incluye Bomba italiana)\/ Tarjeta controladora incluida \/ F\u00e1cil instalaci\u00f3n en guadalajara jalisco mexico.\"}]},{\"@type\":\"WebSite\",\"@id\":\"https:\/\/www.securitydataandvideo.com\/inicio\/#website\",\"url\":\"https:\/\/www.securitydataandvideo.com\/inicio\/\",\"name\":\"Security Data &amp; Video SA de CV.\",\"description\":\"Seguridad Electr\u00f3nica y Energ\u00eda\",\"publisher\":{\"@id\":\"https:\/\/www.securitydataandvideo.com\/inicio\/#organization\"},\"potentialAction\":[{\"@type\":\"SearchAction\",\"target\":{\"@type\":\"EntryPoint\",\"urlTemplate\":\"https:\/\/www.securitydataandvideo.com\/inicio\/?s={search_term_string}\"},\"query-input\":\"required name=search_term_string\"}],\"inLanguage\":\"es-MX\"},{\"@type\":\"Organization\",\"@id\":\"https:\/\/www.securitydataandvideo.com\/inicio\/#organization\",\"name\":\"Security Data & Video SA de CV\",\"url\":\"https:\/\/www.securitydataandvideo.com\/inicio\/\",\"sameAs\":[],\"logo\":{\"@type\":\"ImageObject\",\"inLanguage\":\"es-MX\",\"@id\":\"https:\/\/www.securitydataandvideo.com\/inicio\/#\/schema\/logo\/image\/\",\"url\":\"https:\/\/www.securitydataandvideo.com\/inicio\/wp-content\/uploads\/2021\/10\/Logo-Azul.png\",\"contentUrl\":\"https:\/\/www.securitydataandvideo.com\/inicio\/wp-content\/uploads\/2021\/10\/Logo-Azul.png\",\"width\":555,\"height\":375,\"caption\":\"Security Data & Video SA de CV\"},\"image\":{\"@id\":\"https:\/\/www.securitydataandvideo.com\/inicio\/#\/schema\/logo\/image\/\"}}]}<\/script>\n<!-- \/ Yoast SEO plugin. -->","yoast_head_json":{"title":"ACCESSPRO Bolardo Hidr\u00e1ulico - XB-220-H06K ACCESSPRO","description":"Security Data &amp; Video SA de CV. XB-220-H06K ACCESSPRO Bolardo Hidr\u00e1ulico \/ TODO INCLUIDO (Incluye Bomba Hidr\u00e1ulica Italiana) \/ Alta resistencia al impacto hasta 250 000 J \/ Uso intensivo (Incluye Bomba italiana)\/ Tarjeta controladora incluida \/ F\u00e1cil instalaci\u00f3n en guadalajara jalisco mexico.","robots":{"index":"index","follow":"follow","max-snippet":"max-snippet:-1","max-image-preview":"max-image-preview:large","max-video-preview":"max-video-preview:-1"},"canonical":"https:\/\/www.securitydataandvideo.com\/inicio\/shop\/xb-220-h06k-accesspro-bolardo-hidraulico-todo-incluido-incluye-bomba-hidraulica-italiana-alta-resistencia-al-impacto-hasta-250-000-j-uso-intensivo-incluye-bomba-italiana-tarjeta-controlador\/","og_locale":"es_MX","og_type":"article","og_title":"ACCESSPRO Bolardo Hidr\u00e1ulico - XB-220-H06K ACCESSPRO","og_description":"Security Data &amp; Video SA de CV. XB-220-H06K ACCESSPRO Bolardo Hidr\u00e1ulico \/ TODO INCLUIDO (Incluye Bomba Hidr\u00e1ulica Italiana) \/ Alta resistencia al impacto hasta 250 000 J \/ Uso intensivo (Incluye Bomba italiana)\/ Tarjeta controladora incluida \/ F\u00e1cil instalaci\u00f3n en guadalajara jalisco mexico.","og_url":"https:\/\/www.securitydataandvideo.com\/inicio\/shop\/xb-220-h06k-accesspro-bolardo-hidraulico-todo-incluido-incluye-bomba-hidraulica-italiana-alta-resistencia-al-impacto-hasta-250-000-j-uso-intensivo-incluye-bomba-italiana-tarjeta-controlador\/","og_site_name":"Security Data &amp; Video SA de CV.","article_modified_time":"2023-10-02T22:26:48+00:00","og_image":[{"width":400,"height":400,"url":"https:\/\/www.securitydataandvideo.com\/inicio\/wp-content\/uploads\/2022\/07\/XB220H06K-p.png","type":"image\/png"}],"twitter_card":"summary","twitter_misc":{"Tiempo de lectura":"1 minuto"},"schema":{"@context":"https:\/\/schema.org","@graph":[{"@type":"WebPage","@id":"https:\/\/www.securitydataandvideo.com\/inicio\/shop\/xb-220-h06k-accesspro-bolardo-hidraulico-todo-incluido-incluye-bomba-hidraulica-italiana-alta-resistencia-al-impacto-hasta-250-000-j-uso-intensivo-incluye-bomba-italiana-tarjeta-controlador\/","url":"https:\/\/www.securitydataandvideo.com\/inicio\/shop\/xb-220-h06k-accesspro-bolardo-hidraulico-todo-incluido-incluye-bomba-hidraulica-italiana-alta-resistencia-al-impacto-hasta-250-000-j-uso-intensivo-incluye-bomba-italiana-tarjeta-controlador\/","name":"ACCESSPRO Bolardo Hidr\u00e1ulico - XB-220-H06K ACCESSPRO","isPartOf":{"@id":"https:\/\/www.securitydataandvideo.com\/inicio\/#website"},"datePublished":"2022-07-21T17:31:05+00:00","dateModified":"2023-10-02T22:26:48+00:00","description":"Security Data &amp; Video SA de CV. XB-220-H06K ACCESSPRO Bolardo Hidr\u00e1ulico \/ TODO INCLUIDO (Incluye Bomba Hidr\u00e1ulica Italiana) \/ Alta resistencia al impacto hasta 250 000 J \/ Uso intensivo (Incluye Bomba italiana)\/ Tarjeta controladora incluida \/ F\u00e1cil instalaci\u00f3n en guadalajara jalisco mexico.","breadcrumb":{"@id":"https:\/\/www.securitydataandvideo.com\/inicio\/shop\/xb-220-h06k-accesspro-bolardo-hidraulico-todo-incluido-incluye-bomba-hidraulica-italiana-alta-resistencia-al-impacto-hasta-250-000-j-uso-intensivo-incluye-bomba-italiana-tarjeta-controlador\/#breadcrumb"},"inLanguage":"es-MX","potentialAction":[{"@type":"ReadAction","target":["https:\/\/www.securitydataandvideo.com\/inicio\/shop\/xb-220-h06k-accesspro-bolardo-hidraulico-todo-incluido-incluye-bomba-hidraulica-italiana-alta-resistencia-al-impacto-hasta-250-000-j-uso-intensivo-incluye-bomba-italiana-tarjeta-controlador\/"]}]},{"@type":"BreadcrumbList","@id":"https:\/\/www.securitydataandvideo.com\/inicio\/shop\/xb-220-h06k-accesspro-bolardo-hidraulico-todo-incluido-incluye-bomba-hidraulica-italiana-alta-resistencia-al-impacto-hasta-250-000-j-uso-intensivo-incluye-bomba-italiana-tarjeta-controlador\/#breadcrumb","itemListElement":[{"@type":"ListItem","position":1,"name":"Inicio","item":"https:\/\/www.securitydataandvideo.com\/inicio\/"},{"@type":"ListItem","position":2,"name":"Shop","item":"https:\/\/www.securitydataandvideo.com\/inicio\/shop\/"},{"@type":"ListItem","position":3,"name":"XB-220-H06K ACCESSPRO Bolardo Hidr\u00e1ulico \/ TODO INCLUIDO (Incluye Bomba Hidr\u00e1ulica Italiana) \/ Alta resistencia al impacto hasta 250 000 J \/ Uso intensivo (Incluye Bomba italiana)\/ Tarjeta controladora incluida \/ F\u00e1cil instalaci\u00f3n en guadalajara jalisco mexico."}]},{"@type":"WebSite","@id":"https:\/\/www.securitydataandvideo.com\/inicio\/#website","url":"https:\/\/www.securitydataandvideo.com\/inicio\/","name":"Security Data &amp; Video SA de CV.","description":"Seguridad Electr\u00f3nica y Energ\u00eda","publisher":{"@id":"https:\/\/www.securitydataandvideo.com\/inicio\/#organization"},"potentialAction":[{"@type":"SearchAction","target":{"@type":"EntryPoint","urlTemplate":"https:\/\/www.securitydataandvideo.com\/inicio\/?s={search_term_string}"},"query-input":"required name=search_term_string"}],"inLanguage":"es-MX"},{"@type":"Organization","@id":"https:\/\/www.securitydataandvideo.com\/inicio\/#organization","name":"Security Data & Video SA de CV","url":"https:\/\/www.securitydataandvideo.com\/inicio\/","sameAs":[],"logo":{"@type":"ImageObject","inLanguage":"es-MX","@id":"https:\/\/www.securitydataandvideo.com\/inicio\/#\/schema\/logo\/image\/","url":"https:\/\/www.securitydataandvideo.com\/inicio\/wp-content\/uploads\/2021\/10\/Logo-Azul.png","contentUrl":"https:\/\/www.securitydataandvideo.com\/inicio\/wp-content\/uploads\/2021\/10\/Logo-Azul.png","width":555,"height":375,"caption":"Security Data & Video SA de CV"},"image":{"@id":"https:\/\/www.securitydataandvideo.com\/inicio\/#\/schema\/logo\/image\/"}}]}},"_links":{"self":[{"href":"https:\/\/www.securitydataandvideo.com\/inicio\/wp-json\/wp\/v2\/product\/15805"}],"collection":[{"href":"https:\/\/www.securitydataandvideo.com\/inicio\/wp-json\/wp\/v2\/product"}],"about":[{"href":"https:\/\/www.securitydataandvideo.com\/inicio\/wp-json\/wp\/v2\/types\/product"}],"wp:featuredmedia":[{"embeddable":true,"href":"https:\/\/www.securitydataandvideo.com\/inicio\/wp-json\/wp\/v2\/media\/15834"}],"wp:attachment":[{"href":"https:\/\/www.securitydataandvideo.com\/inicio\/wp-json\/wp\/v2\/media?parent=15805"}],"wp:term":[{"taxonomy":"product_cat","embeddable":true,"href":"https:\/\/www.securitydataandvideo.com\/inicio\/wp-json\/wp\/v2\/product_cat?post=15805"},{"taxonomy":"product_tag","embeddable":true,"href":"https:\/\/www.securitydataandvideo.com\/inicio\/wp-json\/wp\/v2\/product_tag?post=15805"}],"curies":[{"name":"wp","href":"https:\/\/api.w.org\/{rel}","templated":true}]}}