{"id":15807,"date":"2022-07-21T11:31:06","date_gmt":"2022-07-21T17:31:06","guid":{"rendered":"https:\/\/www.securitydataandvideo.com\/inicio\/?post_type=product&#038;p=15807"},"modified":"2023-10-02T16:31:12","modified_gmt":"2023-10-02T22:31:12","slug":"kit-de-brazos-para-automatizar-portones-vehiculares-abatibles-de-2-hojas-3-m-400-kg-uso-residencial-en-guadalajara-jalisco-mexico","status":"publish","type":"product","link":"https:\/\/www.securitydataandvideo.com\/inicio\/shop\/kit-de-brazos-para-automatizar-portones-vehiculares-abatibles-de-2-hojas-3-m-400-kg-uso-residencial-en-guadalajara-jalisco-mexico\/","title":{"rendered":"Kit de brazos para automatizar portones vehiculares abatibles de 2 hojas \/ 3 m \/ 400 kg \/ Uso residencial en guadalajara jalisco mexico."},"content":{"rendered":"<p><strong>001-U-7220 CAME Kit de brazos para automatizar portones vehiculares abatibles de 2 hojas \/ 3 m \/ 400 kg \/ Uso residencial en guadalajara jalisco mexico.<\/strong><\/p>\n<div id=\"especificaciones\" class=\"tab-pane fade in active\">\n<div class=\"row\">\n<div class=\"col-sm-4\">\n<div>\n<p><strong>Caracter\u00edsticas principales:<\/strong><\/p>\n<ul>\n<li>Soporta 20 ciclos por hora<\/li>\n<li>Peso m\u00e1ximo de la hoja 400 kg<\/li>\n<li>Longitud m\u00e1xima de la hoja 3 metros<\/li>\n<\/ul>\n<\/div>\n<\/div>\n<div class=\"col-sm-4\">\n<div>\n<p><strong>Caracter\u00edsticas F\u00edsicas y El\u00e9ctricas:<\/strong><\/p>\n<ul>\n<li>Alimentaci\u00f3n del cuadro de mando 110V<\/li>\n<li>Alimentaci\u00f3n de los operadores 110V<\/li>\n<li>Consumo de energ\u00eda 120W<\/li>\n<\/ul>\n<\/div>\n<\/div>\n<div class=\"col-sm-4\">\n<div>\n<p><strong>Caracter\u00edsticas Destacadas:<\/strong><\/p>\n<ul>\n<li>Equipo de uso residencial<\/li>\n<li>Temperatura de operaci\u00f3n -20\u00b0C a 55\u00b0C<\/li>\n<li>Grado de protecci\u00f3n IP44<\/li>\n<\/ul>\n<\/div>\n<\/div>\n<\/div>\n<hr \/>\n<div class=\"row default_padding_bottom\">\n<div class=\"col-sm-6\">\n<h2>El Kit 001-U7220 incluye:<\/h2>\n<ul>\n<li>1 x Cuadro de mando\u00a0<strong>\u00a0002-ZFN110.<\/strong><\/li>\n<li>2 x Brazo ATI 110V<strong>\u00a0001-A3010.<\/strong><\/li>\n<li>2 x Control remoto bicanal\u00a0<strong>001-TOP432EE.<\/strong><\/li>\n<li>1 x Receptor inal\u00e1mbrico\u00a0<strong>001-AF43S.<\/strong><\/li>\n<li>1 Set de torniller\u00eda para montaje.<\/li>\n<li>2 x Capacitores de arranque para brazos.<\/li>\n<\/ul>\n<p><strong>\u00a0NOTA:<\/strong><\/p>\n<ul>\n<li>Solo soporta funci\u00f3n PASO a PASO.\u00a0 No recomendado para trabajar con paneles de control de acceso.<\/li>\n<\/ul>\n<p><strong>ATI<\/strong>\u00a0es la automatizaci\u00f3n perfecta para mover puertas con hojas abatibles de notables dimensiones, ofreciendo el m\u00e1ximo de la potencia disponible en cada maniobra. Todos los componentes en su construcci\u00f3n tienen una funci\u00f3n precisa y cada detalle est\u00e1 cuidado al m\u00e1ximo, conjugando esencialidad y est\u00e1tica, para la utilizaci\u00f3n intensiva en instalaciones comunitarias, empresas y ambientes colectivos en general.<\/p>\n<\/div>\n<div class=\"col-sm-6\"><img class=\"img-responsive\" src=\"https:\/\/ftp3.syscom.mx\/usuarios\/fotos\/BancoFotografiasSyscom\/CAME\/001U7220\/001U7220-p.PNG\" \/><\/div>\n<\/div>\n<hr \/>\n<div class=\"row\">\n<div class=\"col-sm-6\"><img class=\"img-responsive\" src=\"https:\/\/ftp3.syscom.mx\/usuarios\/anavarrete\/Came\/Medidas%20Pistones%20001U7220.jpg\" \/><\/div>\n<div class=\"col-sm-6\"><img class=\"img-responsive\" src=\"https:\/\/ftp3.syscom.mx\/usuarios\/anavarrete\/Came\/Medidas%20ZF1N.jpg\" \/><\/div>\n<\/div>\n<hr \/>\n<div><\/div>\n<\/div>\n","protected":false},"excerpt":{"rendered":"<p><strong>001-U-7220 CAME Kit de brazos para automatizar portones vehiculares abatibles de 2 hojas \/ 3 m \/ 400 kg \/ Uso residencial en guadalajara jalisco mexico.<\/strong><\/p>\n","protected":false},"featured_media":15836,"template":"","meta":{"site-sidebar-layout":"","site-content-layout":"","ast-site-content-layout":"","site-content-style":"default","site-sidebar-style":"default","ast-global-header-display":"","ast-banner-title-visibility":"","ast-main-header-display":"","ast-hfb-above-header-display":"","ast-hfb-below-header-display":"","ast-hfb-mobile-header-display":"","site-post-title":"","ast-breadcrumbs-content":"","ast-featured-img":"","footer-sml-layout":"","theme-transparent-header-meta":"","adv-header-id-meta":"","stick-header-meta":"","header-above-stick-meta":"","header-main-stick-meta":"","header-below-stick-meta":"","astra-migrate-meta-layouts":""},"product_cat":[251],"product_tag":[127],"yoast_head":"<!-- This site is optimized with the Yoast SEO plugin v19.5.1 - https:\/\/yoast.com\/wordpress\/plugins\/seo\/ -->\n<title>brazos para automatizar portones vehiculares abatibles de 2 hojas \/ 3 m \/ 400 kg \/ Uso residencial<\/title>\n<meta name=\"description\" content=\"Security Data &amp; Video SA de CV. 001-U-7220 CAME Kit de brazos para automatizar portones vehiculares abatibles de 2 hojas \/ 3 m \/ 400 kg \/ Uso residencial en guadalajara jalisco mexico.\" \/>\n<meta name=\"robots\" content=\"index, follow, max-snippet:-1, max-image-preview:large, max-video-preview:-1\" \/>\n<link rel=\"canonical\" href=\"https:\/\/www.securitydataandvideo.com\/inicio\/shop\/kit-de-brazos-para-automatizar-portones-vehiculares-abatibles-de-2-hojas-3-m-400-kg-uso-residencial-en-guadalajara-jalisco-mexico\/\" \/>\n<meta property=\"og:locale\" content=\"es_MX\" \/>\n<meta property=\"og:type\" content=\"article\" \/>\n<meta property=\"og:title\" content=\"brazos para automatizar portones vehiculares abatibles de 2 hojas \/ 3 m \/ 400 kg \/ Uso residencial\" \/>\n<meta property=\"og:description\" content=\"Security Data &amp; Video SA de CV. 001-U-7220 CAME Kit de brazos para automatizar portones vehiculares abatibles de 2 hojas \/ 3 m \/ 400 kg \/ Uso residencial en guadalajara jalisco mexico.\" \/>\n<meta property=\"og:url\" content=\"https:\/\/www.securitydataandvideo.com\/inicio\/shop\/kit-de-brazos-para-automatizar-portones-vehiculares-abatibles-de-2-hojas-3-m-400-kg-uso-residencial-en-guadalajara-jalisco-mexico\/\" \/>\n<meta property=\"og:site_name\" content=\"Security Data &amp; Video SA de CV.\" \/>\n<meta property=\"article:modified_time\" content=\"2023-10-02T22:31:12+00:00\" \/>\n<meta property=\"og:image\" content=\"https:\/\/www.securitydataandvideo.com\/inicio\/wp-content\/uploads\/2022\/07\/001-U-7220.png\" \/>\n\t<meta property=\"og:image:width\" content=\"336\" \/>\n\t<meta property=\"og:image:height\" content=\"232\" \/>\n\t<meta property=\"og:image:type\" content=\"image\/png\" \/>\n<meta name=\"twitter:card\" content=\"summary\" \/>\n<meta name=\"twitter:label1\" content=\"Tiempo de lectura\" \/>\n\t<meta name=\"twitter:data1\" content=\"1 minuto\" \/>\n<script type=\"application\/ld+json\" class=\"yoast-schema-graph\">{\"@context\":\"https:\/\/schema.org\",\"@graph\":[{\"@type\":\"WebPage\",\"@id\":\"https:\/\/www.securitydataandvideo.com\/inicio\/shop\/kit-de-brazos-para-automatizar-portones-vehiculares-abatibles-de-2-hojas-3-m-400-kg-uso-residencial-en-guadalajara-jalisco-mexico\/\",\"url\":\"https:\/\/www.securitydataandvideo.com\/inicio\/shop\/kit-de-brazos-para-automatizar-portones-vehiculares-abatibles-de-2-hojas-3-m-400-kg-uso-residencial-en-guadalajara-jalisco-mexico\/\",\"name\":\"brazos para automatizar portones vehiculares abatibles de 2 hojas \/ 3 m \/ 400 kg \/ Uso residencial\",\"isPartOf\":{\"@id\":\"https:\/\/www.securitydataandvideo.com\/inicio\/#website\"},\"datePublished\":\"2022-07-21T17:31:06+00:00\",\"dateModified\":\"2023-10-02T22:31:12+00:00\",\"description\":\"Security Data &amp; Video SA de CV. 001-U-7220 CAME Kit de brazos para automatizar portones vehiculares abatibles de 2 hojas \/ 3 m \/ 400 kg \/ Uso residencial en guadalajara jalisco mexico.\",\"breadcrumb\":{\"@id\":\"https:\/\/www.securitydataandvideo.com\/inicio\/shop\/kit-de-brazos-para-automatizar-portones-vehiculares-abatibles-de-2-hojas-3-m-400-kg-uso-residencial-en-guadalajara-jalisco-mexico\/#breadcrumb\"},\"inLanguage\":\"es-MX\",\"potentialAction\":[{\"@type\":\"ReadAction\",\"target\":[\"https:\/\/www.securitydataandvideo.com\/inicio\/shop\/kit-de-brazos-para-automatizar-portones-vehiculares-abatibles-de-2-hojas-3-m-400-kg-uso-residencial-en-guadalajara-jalisco-mexico\/\"]}]},{\"@type\":\"BreadcrumbList\",\"@id\":\"https:\/\/www.securitydataandvideo.com\/inicio\/shop\/kit-de-brazos-para-automatizar-portones-vehiculares-abatibles-de-2-hojas-3-m-400-kg-uso-residencial-en-guadalajara-jalisco-mexico\/#breadcrumb\",\"itemListElement\":[{\"@type\":\"ListItem\",\"position\":1,\"name\":\"Inicio\",\"item\":\"https:\/\/www.securitydataandvideo.com\/inicio\/\"},{\"@type\":\"ListItem\",\"position\":2,\"name\":\"Shop\",\"item\":\"https:\/\/www.securitydataandvideo.com\/inicio\/shop\/\"},{\"@type\":\"ListItem\",\"position\":3,\"name\":\"Kit de brazos para automatizar portones vehiculares abatibles de 2 hojas \/ 3 m \/ 400 kg \/ Uso residencial en guadalajara jalisco mexico.\"}]},{\"@type\":\"WebSite\",\"@id\":\"https:\/\/www.securitydataandvideo.com\/inicio\/#website\",\"url\":\"https:\/\/www.securitydataandvideo.com\/inicio\/\",\"name\":\"Security Data &amp; Video SA de CV.\",\"description\":\"Seguridad Electr\u00f3nica y Energ\u00eda\",\"publisher\":{\"@id\":\"https:\/\/www.securitydataandvideo.com\/inicio\/#organization\"},\"potentialAction\":[{\"@type\":\"SearchAction\",\"target\":{\"@type\":\"EntryPoint\",\"urlTemplate\":\"https:\/\/www.securitydataandvideo.com\/inicio\/?s={search_term_string}\"},\"query-input\":\"required name=search_term_string\"}],\"inLanguage\":\"es-MX\"},{\"@type\":\"Organization\",\"@id\":\"https:\/\/www.securitydataandvideo.com\/inicio\/#organization\",\"name\":\"Security Data & Video SA de CV\",\"url\":\"https:\/\/www.securitydataandvideo.com\/inicio\/\",\"sameAs\":[],\"logo\":{\"@type\":\"ImageObject\",\"inLanguage\":\"es-MX\",\"@id\":\"https:\/\/www.securitydataandvideo.com\/inicio\/#\/schema\/logo\/image\/\",\"url\":\"https:\/\/www.securitydataandvideo.com\/inicio\/wp-content\/uploads\/2021\/10\/Logo-Azul.png\",\"contentUrl\":\"https:\/\/www.securitydataandvideo.com\/inicio\/wp-content\/uploads\/2021\/10\/Logo-Azul.png\",\"width\":555,\"height\":375,\"caption\":\"Security Data & Video SA de CV\"},\"image\":{\"@id\":\"https:\/\/www.securitydataandvideo.com\/inicio\/#\/schema\/logo\/image\/\"}}]}<\/script>\n<!-- \/ Yoast SEO plugin. -->","yoast_head_json":{"title":"brazos para automatizar portones vehiculares abatibles de 2 hojas \/ 3 m \/ 400 kg \/ Uso residencial","description":"Security Data &amp; Video SA de CV. 001-U-7220 CAME Kit de brazos para automatizar portones vehiculares abatibles de 2 hojas \/ 3 m \/ 400 kg \/ Uso residencial en guadalajara jalisco mexico.","robots":{"index":"index","follow":"follow","max-snippet":"max-snippet:-1","max-image-preview":"max-image-preview:large","max-video-preview":"max-video-preview:-1"},"canonical":"https:\/\/www.securitydataandvideo.com\/inicio\/shop\/kit-de-brazos-para-automatizar-portones-vehiculares-abatibles-de-2-hojas-3-m-400-kg-uso-residencial-en-guadalajara-jalisco-mexico\/","og_locale":"es_MX","og_type":"article","og_title":"brazos para automatizar portones vehiculares abatibles de 2 hojas \/ 3 m \/ 400 kg \/ Uso residencial","og_description":"Security Data &amp; Video SA de CV. 001-U-7220 CAME Kit de brazos para automatizar portones vehiculares abatibles de 2 hojas \/ 3 m \/ 400 kg \/ Uso residencial en guadalajara jalisco mexico.","og_url":"https:\/\/www.securitydataandvideo.com\/inicio\/shop\/kit-de-brazos-para-automatizar-portones-vehiculares-abatibles-de-2-hojas-3-m-400-kg-uso-residencial-en-guadalajara-jalisco-mexico\/","og_site_name":"Security Data &amp; Video SA de CV.","article_modified_time":"2023-10-02T22:31:12+00:00","og_image":[{"width":336,"height":232,"url":"https:\/\/www.securitydataandvideo.com\/inicio\/wp-content\/uploads\/2022\/07\/001-U-7220.png","type":"image\/png"}],"twitter_card":"summary","twitter_misc":{"Tiempo de lectura":"1 minuto"},"schema":{"@context":"https:\/\/schema.org","@graph":[{"@type":"WebPage","@id":"https:\/\/www.securitydataandvideo.com\/inicio\/shop\/kit-de-brazos-para-automatizar-portones-vehiculares-abatibles-de-2-hojas-3-m-400-kg-uso-residencial-en-guadalajara-jalisco-mexico\/","url":"https:\/\/www.securitydataandvideo.com\/inicio\/shop\/kit-de-brazos-para-automatizar-portones-vehiculares-abatibles-de-2-hojas-3-m-400-kg-uso-residencial-en-guadalajara-jalisco-mexico\/","name":"brazos para automatizar portones vehiculares abatibles de 2 hojas \/ 3 m \/ 400 kg \/ Uso residencial","isPartOf":{"@id":"https:\/\/www.securitydataandvideo.com\/inicio\/#website"},"datePublished":"2022-07-21T17:31:06+00:00","dateModified":"2023-10-02T22:31:12+00:00","description":"Security Data &amp; Video SA de CV. 001-U-7220 CAME Kit de brazos para automatizar portones vehiculares abatibles de 2 hojas \/ 3 m \/ 400 kg \/ Uso residencial en guadalajara jalisco mexico.","breadcrumb":{"@id":"https:\/\/www.securitydataandvideo.com\/inicio\/shop\/kit-de-brazos-para-automatizar-portones-vehiculares-abatibles-de-2-hojas-3-m-400-kg-uso-residencial-en-guadalajara-jalisco-mexico\/#breadcrumb"},"inLanguage":"es-MX","potentialAction":[{"@type":"ReadAction","target":["https:\/\/www.securitydataandvideo.com\/inicio\/shop\/kit-de-brazos-para-automatizar-portones-vehiculares-abatibles-de-2-hojas-3-m-400-kg-uso-residencial-en-guadalajara-jalisco-mexico\/"]}]},{"@type":"BreadcrumbList","@id":"https:\/\/www.securitydataandvideo.com\/inicio\/shop\/kit-de-brazos-para-automatizar-portones-vehiculares-abatibles-de-2-hojas-3-m-400-kg-uso-residencial-en-guadalajara-jalisco-mexico\/#breadcrumb","itemListElement":[{"@type":"ListItem","position":1,"name":"Inicio","item":"https:\/\/www.securitydataandvideo.com\/inicio\/"},{"@type":"ListItem","position":2,"name":"Shop","item":"https:\/\/www.securitydataandvideo.com\/inicio\/shop\/"},{"@type":"ListItem","position":3,"name":"Kit de brazos para automatizar portones vehiculares abatibles de 2 hojas \/ 3 m \/ 400 kg \/ Uso residencial en guadalajara jalisco mexico."}]},{"@type":"WebSite","@id":"https:\/\/www.securitydataandvideo.com\/inicio\/#website","url":"https:\/\/www.securitydataandvideo.com\/inicio\/","name":"Security Data &amp; Video SA de CV.","description":"Seguridad Electr\u00f3nica y Energ\u00eda","publisher":{"@id":"https:\/\/www.securitydataandvideo.com\/inicio\/#organization"},"potentialAction":[{"@type":"SearchAction","target":{"@type":"EntryPoint","urlTemplate":"https:\/\/www.securitydataandvideo.com\/inicio\/?s={search_term_string}"},"query-input":"required name=search_term_string"}],"inLanguage":"es-MX"},{"@type":"Organization","@id":"https:\/\/www.securitydataandvideo.com\/inicio\/#organization","name":"Security Data & Video SA de CV","url":"https:\/\/www.securitydataandvideo.com\/inicio\/","sameAs":[],"logo":{"@type":"ImageObject","inLanguage":"es-MX","@id":"https:\/\/www.securitydataandvideo.com\/inicio\/#\/schema\/logo\/image\/","url":"https:\/\/www.securitydataandvideo.com\/inicio\/wp-content\/uploads\/2021\/10\/Logo-Azul.png","contentUrl":"https:\/\/www.securitydataandvideo.com\/inicio\/wp-content\/uploads\/2021\/10\/Logo-Azul.png","width":555,"height":375,"caption":"Security Data & Video SA de CV"},"image":{"@id":"https:\/\/www.securitydataandvideo.com\/inicio\/#\/schema\/logo\/image\/"}}]}},"_links":{"self":[{"href":"https:\/\/www.securitydataandvideo.com\/inicio\/wp-json\/wp\/v2\/product\/15807"}],"collection":[{"href":"https:\/\/www.securitydataandvideo.com\/inicio\/wp-json\/wp\/v2\/product"}],"about":[{"href":"https:\/\/www.securitydataandvideo.com\/inicio\/wp-json\/wp\/v2\/types\/product"}],"wp:featuredmedia":[{"embeddable":true,"href":"https:\/\/www.securitydataandvideo.com\/inicio\/wp-json\/wp\/v2\/media\/15836"}],"wp:attachment":[{"href":"https:\/\/www.securitydataandvideo.com\/inicio\/wp-json\/wp\/v2\/media?parent=15807"}],"wp:term":[{"taxonomy":"product_cat","embeddable":true,"href":"https:\/\/www.securitydataandvideo.com\/inicio\/wp-json\/wp\/v2\/product_cat?post=15807"},{"taxonomy":"product_tag","embeddable":true,"href":"https:\/\/www.securitydataandvideo.com\/inicio\/wp-json\/wp\/v2\/product_tag?post=15807"}],"curies":[{"name":"wp","href":"https:\/\/api.w.org\/{rel}","templated":true}]}}