{"id":15809,"date":"2022-07-21T11:31:06","date_gmt":"2022-07-21T17:31:06","guid":{"rendered":"https:\/\/www.securitydataandvideo.com\/inicio\/?post_type=product&#038;p=15809"},"modified":"2023-10-02T16:30:35","modified_gmt":"2023-10-02T22:30:35","slug":"sistema-automatizado-de-puertas-para-la-apertura-y-cierra-con-brazo-de-empuje-de-hasta-110-cm-100kg-en-guadalajara-jalisco-mexico","status":"publish","type":"product","link":"https:\/\/www.securitydataandvideo.com\/inicio\/shop\/sistema-automatizado-de-puertas-para-la-apertura-y-cierra-con-brazo-de-empuje-de-hasta-110-cm-100kg-en-guadalajara-jalisco-mexico\/","title":{"rendered":"Sistema automatizado de puertas para la apertura y cierra  con Brazo de Empuje de hasta 110 cm\/ 100Kg en guadalajara jalisco mexico."},"content":{"rendered":"<p><strong>ED100 DORMAKABA Sistema automatizado para la apertura y cierra de puertas con Brazo de Empuje de hasta 110 cm\/ 100Kg en guadalajara jalisco mexico.<\/strong><\/p>\n<p>&nbsp;<\/p>\n<p><img src=\"http:\/\/ftp3.syscom.mx\/usuarios\/fotos\/TSCOMP\/69999-dorma-kaba-logo-data.gif\" alt=\"\" \/><\/p>\n<p>Una manera c\u00f3moda de abrir puertas sin esfuerzo y cerrarlas de modo autom\u00e1tico.<\/p>\n<p><img loading=\"lazy\" src=\"http:\/\/ftp3.syscom.mx\/usuarios\/ftp\/2020\/07\/17\/3864d\/Como_Seleccionar.jpg\" alt=\"\" width=\"246\" height=\"258\" \/><\/p>\n<ul>\n<li>Para uso en puertas de hasta &lt;1100 mm<\/li>\n<li>Peso M\u00e1ximo de la puerta:\u00a0<strong>100 Kgs<\/strong><\/li>\n<li><strong>Con brazo de empuje (abre hacia el exterior).<\/strong><\/li>\n<li><strong>Debe indicar si abre hacia adentro antes de ordenar ya que por default viene con brazo de apertura externa.<\/strong><\/li>\n<li>\u00a0apertura (0 &#8211; 90\u00b0) ajustable: 5 a 10 seg.<\/li>\n<li>Tiempo de cierre (0 &#8211; 90\u00b0) ajustable: 5 a 10 seg.<\/li>\n<li>\u00a0permanenecer abierta la puerta ajustable: 5 a 30 seg. (en modo PowerLess).<\/li>\n<li>\u00c1ngulo de Apertura ajustable m\u00e1x: 110 \u00b0<\/li>\n<li>Alimentaci\u00f3n: 110 VCA<\/li>\n<li>Modo de protecci\u00f3n: IP20.<\/li>\n<li>Certificado CE.<\/li>\n<li><strong>Si se utilizan con una puerta de cristal debe adicionarse un montaje para ello:<\/strong>\n<ul>\n<li>De acuerdo al\u00a0<strong>espesor<\/strong>\u00a0del\u00a0 cristal se puede optar por usar:\u00a0<strong>GB-7112,\u00a0GB-7134,\u00a0GB-8112,\u00a0GB-8134<\/strong><\/li>\n<\/ul>\n<\/li>\n<\/ul>\n<h4><strong><u>Funciones del sistema:<\/u><\/strong><\/h4>\n<ul>\n<li><strong>PowerLess:\u00a0<\/strong> Apertura de puerta manual sin esfuerzo. El cierre de la puerta sucede de modo autom\u00e1tico y se regula seg\u00fan el tiempo, ajustado individualmente, que debe permanencer la puerta abierta, Sistema automatizado de puertas<\/li>\n<li><strong>Push&amp;Go:<\/strong>\u00a0Tras una apertura manual hasta 3\u00b0 se dispara la apertura autom\u00e1tica de la puerta. ED abre y cierra la puerta de forma autom\u00e1tica seg\u00fan el tiempo previamente ajustado que debe permanecer abierta.<\/li>\n<li><strong>Motion:<\/strong>\u00a0Apertura autom\u00e1tica de la puerta, cierre autom\u00e1tico de la puerta en combinaci\u00f3n con cerraderos el\u00e9ctricos y generadores de impulsos externos, como un bot\u00f3n. Una vez transmistido el pulso la puerta se abre tras la liberaci\u00f3n del cerrojo el\u00e9ctrico y, transcurrido el tiempo de permanencia previamente ajustado, se cierra de modo autom\u00e1tico.<\/li>\n<li><strong>PermanentOpen:\u00a0<\/strong>Con esta funci\u00f3n es posible mantener la puerta abierta. Permanece as\u00ed hasta no recibir una se\u00f1al.<\/li>\n<\/ul>\n<p><strong>IMPORTANTE::<\/strong><\/p>\n<p>Para ordenar es necesario indicar a su ejecutivo de ventas:<\/p>\n<ul type=\"disc\">\n<li class=\"m_1861053132754006900MsoListParagraph\">Ancho de la puerta a controlar.<u><\/u><u><\/u><\/li>\n<li class=\"m_1861053132754006900MsoListParagraph\">Si toma como referencia el lado donde se monta el operador, la puerta va abrir hacia afuera o hacia adentro.<u><\/u><\/li>\n<li class=\"m_1861053132754006900MsoListParagraph\">El sentido de apertura (de que lado van las bisagras).<\/li>\n<li class=\"m_1861053132754006900MsoListParagraph\">Deber\u00e1 llenar este<strong>\u00a0formulario<\/strong>\u00a0y enviarlo previo a la compra.<\/li>\n<\/ul>\n<p>El mecanismo ser\u00e1 adecaudo a estas caracteristicas, por tanto\u00a0<strong>no hay cambio ni devoluciones<\/strong>.<\/p>\n<p><strong>Producto sobre pedido<\/strong><\/p>\n","protected":false},"excerpt":{"rendered":"<p><strong>ED100 DORMAKABA Sistema automatizado para la apertura y cierra de puertas con Brazo de Empuje de hasta 110 cm\/ 100Kg en guadalajara jalisco mexico.<\/strong><\/p>\n","protected":false},"featured_media":15838,"template":"","meta":{"site-sidebar-layout":"","site-content-layout":"","ast-site-content-layout":"","site-content-style":"default","site-sidebar-style":"default","ast-global-header-display":"","ast-banner-title-visibility":"","ast-main-header-display":"","ast-hfb-above-header-display":"","ast-hfb-below-header-display":"","ast-hfb-mobile-header-display":"","site-post-title":"","ast-breadcrumbs-content":"","ast-featured-img":"","footer-sml-layout":"","theme-transparent-header-meta":"","adv-header-id-meta":"","stick-header-meta":"","header-above-stick-meta":"","header-main-stick-meta":"","header-below-stick-meta":"","astra-migrate-meta-layouts":""},"product_cat":[251],"product_tag":[126],"yoast_head":"<!-- This site is optimized with the Yoast SEO plugin v19.5.1 - https:\/\/yoast.com\/wordpress\/plugins\/seo\/ -->\n<title>Sistema automatizado de puertas - ED100 DORMAKABA<\/title>\n<meta name=\"description\" content=\"Security Data &amp; Video SA de CV. ED100 DORMAKABA Sistema automatizado de puertas para la apertura y cierra con Brazo de Empuje de hasta 110 cm\/ 100Kg en guada\" \/>\n<meta name=\"robots\" content=\"index, follow, max-snippet:-1, max-image-preview:large, max-video-preview:-1\" \/>\n<link rel=\"canonical\" href=\"https:\/\/www.securitydataandvideo.com\/inicio\/shop\/sistema-automatizado-de-puertas-para-la-apertura-y-cierra-con-brazo-de-empuje-de-hasta-110-cm-100kg-en-guadalajara-jalisco-mexico\/\" \/>\n<meta property=\"og:locale\" content=\"es_MX\" \/>\n<meta property=\"og:type\" content=\"article\" \/>\n<meta property=\"og:title\" content=\"Sistema automatizado de puertas - ED100 DORMAKABA\" \/>\n<meta property=\"og:description\" content=\"Security Data &amp; Video SA de CV. ED100 DORMAKABA Sistema automatizado de puertas para la apertura y cierra con Brazo de Empuje de hasta 110 cm\/ 100Kg en guada\" \/>\n<meta property=\"og:url\" content=\"https:\/\/www.securitydataandvideo.com\/inicio\/shop\/sistema-automatizado-de-puertas-para-la-apertura-y-cierra-con-brazo-de-empuje-de-hasta-110-cm-100kg-en-guadalajara-jalisco-mexico\/\" \/>\n<meta property=\"og:site_name\" content=\"Security Data &amp; Video SA de CV.\" \/>\n<meta property=\"article:modified_time\" content=\"2023-10-02T22:30:35+00:00\" \/>\n<meta property=\"og:image\" content=\"https:\/\/www.securitydataandvideo.com\/inicio\/wp-content\/uploads\/2022\/07\/ED100.png\" \/>\n\t<meta property=\"og:image:width\" content=\"294\" \/>\n\t<meta property=\"og:image:height\" content=\"196\" \/>\n\t<meta property=\"og:image:type\" content=\"image\/png\" \/>\n<meta name=\"twitter:card\" content=\"summary\" \/>\n<meta name=\"twitter:label1\" content=\"Tiempo de lectura\" \/>\n\t<meta name=\"twitter:data1\" content=\"2 minutos\" \/>\n<script type=\"application\/ld+json\" class=\"yoast-schema-graph\">{\"@context\":\"https:\/\/schema.org\",\"@graph\":[{\"@type\":\"WebPage\",\"@id\":\"https:\/\/www.securitydataandvideo.com\/inicio\/shop\/sistema-automatizado-de-puertas-para-la-apertura-y-cierra-con-brazo-de-empuje-de-hasta-110-cm-100kg-en-guadalajara-jalisco-mexico\/\",\"url\":\"https:\/\/www.securitydataandvideo.com\/inicio\/shop\/sistema-automatizado-de-puertas-para-la-apertura-y-cierra-con-brazo-de-empuje-de-hasta-110-cm-100kg-en-guadalajara-jalisco-mexico\/\",\"name\":\"Sistema automatizado de puertas - ED100 DORMAKABA\",\"isPartOf\":{\"@id\":\"https:\/\/www.securitydataandvideo.com\/inicio\/#website\"},\"datePublished\":\"2022-07-21T17:31:06+00:00\",\"dateModified\":\"2023-10-02T22:30:35+00:00\",\"description\":\"Security Data &amp; Video SA de CV. ED100 DORMAKABA Sistema automatizado de puertas para la apertura y cierra con Brazo de Empuje de hasta 110 cm\/ 100Kg en guada\",\"breadcrumb\":{\"@id\":\"https:\/\/www.securitydataandvideo.com\/inicio\/shop\/sistema-automatizado-de-puertas-para-la-apertura-y-cierra-con-brazo-de-empuje-de-hasta-110-cm-100kg-en-guadalajara-jalisco-mexico\/#breadcrumb\"},\"inLanguage\":\"es-MX\",\"potentialAction\":[{\"@type\":\"ReadAction\",\"target\":[\"https:\/\/www.securitydataandvideo.com\/inicio\/shop\/sistema-automatizado-de-puertas-para-la-apertura-y-cierra-con-brazo-de-empuje-de-hasta-110-cm-100kg-en-guadalajara-jalisco-mexico\/\"]}]},{\"@type\":\"BreadcrumbList\",\"@id\":\"https:\/\/www.securitydataandvideo.com\/inicio\/shop\/sistema-automatizado-de-puertas-para-la-apertura-y-cierra-con-brazo-de-empuje-de-hasta-110-cm-100kg-en-guadalajara-jalisco-mexico\/#breadcrumb\",\"itemListElement\":[{\"@type\":\"ListItem\",\"position\":1,\"name\":\"Inicio\",\"item\":\"https:\/\/www.securitydataandvideo.com\/inicio\/\"},{\"@type\":\"ListItem\",\"position\":2,\"name\":\"Shop\",\"item\":\"https:\/\/www.securitydataandvideo.com\/inicio\/shop\/\"},{\"@type\":\"ListItem\",\"position\":3,\"name\":\"Sistema automatizado de puertas para la apertura y cierra con Brazo de Empuje de hasta 110 cm\/ 100Kg en guadalajara jalisco mexico.\"}]},{\"@type\":\"WebSite\",\"@id\":\"https:\/\/www.securitydataandvideo.com\/inicio\/#website\",\"url\":\"https:\/\/www.securitydataandvideo.com\/inicio\/\",\"name\":\"Security Data &amp; Video SA de CV.\",\"description\":\"Seguridad Electr\u00f3nica y Energ\u00eda\",\"publisher\":{\"@id\":\"https:\/\/www.securitydataandvideo.com\/inicio\/#organization\"},\"potentialAction\":[{\"@type\":\"SearchAction\",\"target\":{\"@type\":\"EntryPoint\",\"urlTemplate\":\"https:\/\/www.securitydataandvideo.com\/inicio\/?s={search_term_string}\"},\"query-input\":\"required name=search_term_string\"}],\"inLanguage\":\"es-MX\"},{\"@type\":\"Organization\",\"@id\":\"https:\/\/www.securitydataandvideo.com\/inicio\/#organization\",\"name\":\"Security Data & Video SA de CV\",\"url\":\"https:\/\/www.securitydataandvideo.com\/inicio\/\",\"sameAs\":[],\"logo\":{\"@type\":\"ImageObject\",\"inLanguage\":\"es-MX\",\"@id\":\"https:\/\/www.securitydataandvideo.com\/inicio\/#\/schema\/logo\/image\/\",\"url\":\"https:\/\/www.securitydataandvideo.com\/inicio\/wp-content\/uploads\/2021\/10\/Logo-Azul.png\",\"contentUrl\":\"https:\/\/www.securitydataandvideo.com\/inicio\/wp-content\/uploads\/2021\/10\/Logo-Azul.png\",\"width\":555,\"height\":375,\"caption\":\"Security Data & Video SA de CV\"},\"image\":{\"@id\":\"https:\/\/www.securitydataandvideo.com\/inicio\/#\/schema\/logo\/image\/\"}}]}<\/script>\n<!-- \/ Yoast SEO plugin. -->","yoast_head_json":{"title":"Sistema automatizado de puertas - ED100 DORMAKABA","description":"Security Data &amp; Video SA de CV. ED100 DORMAKABA Sistema automatizado de puertas para la apertura y cierra con Brazo de Empuje de hasta 110 cm\/ 100Kg en guada","robots":{"index":"index","follow":"follow","max-snippet":"max-snippet:-1","max-image-preview":"max-image-preview:large","max-video-preview":"max-video-preview:-1"},"canonical":"https:\/\/www.securitydataandvideo.com\/inicio\/shop\/sistema-automatizado-de-puertas-para-la-apertura-y-cierra-con-brazo-de-empuje-de-hasta-110-cm-100kg-en-guadalajara-jalisco-mexico\/","og_locale":"es_MX","og_type":"article","og_title":"Sistema automatizado de puertas - ED100 DORMAKABA","og_description":"Security Data &amp; Video SA de CV. ED100 DORMAKABA Sistema automatizado de puertas para la apertura y cierra con Brazo de Empuje de hasta 110 cm\/ 100Kg en guada","og_url":"https:\/\/www.securitydataandvideo.com\/inicio\/shop\/sistema-automatizado-de-puertas-para-la-apertura-y-cierra-con-brazo-de-empuje-de-hasta-110-cm-100kg-en-guadalajara-jalisco-mexico\/","og_site_name":"Security Data &amp; Video SA de CV.","article_modified_time":"2023-10-02T22:30:35+00:00","og_image":[{"width":294,"height":196,"url":"https:\/\/www.securitydataandvideo.com\/inicio\/wp-content\/uploads\/2022\/07\/ED100.png","type":"image\/png"}],"twitter_card":"summary","twitter_misc":{"Tiempo de lectura":"2 minutos"},"schema":{"@context":"https:\/\/schema.org","@graph":[{"@type":"WebPage","@id":"https:\/\/www.securitydataandvideo.com\/inicio\/shop\/sistema-automatizado-de-puertas-para-la-apertura-y-cierra-con-brazo-de-empuje-de-hasta-110-cm-100kg-en-guadalajara-jalisco-mexico\/","url":"https:\/\/www.securitydataandvideo.com\/inicio\/shop\/sistema-automatizado-de-puertas-para-la-apertura-y-cierra-con-brazo-de-empuje-de-hasta-110-cm-100kg-en-guadalajara-jalisco-mexico\/","name":"Sistema automatizado de puertas - ED100 DORMAKABA","isPartOf":{"@id":"https:\/\/www.securitydataandvideo.com\/inicio\/#website"},"datePublished":"2022-07-21T17:31:06+00:00","dateModified":"2023-10-02T22:30:35+00:00","description":"Security Data &amp; Video SA de CV. ED100 DORMAKABA Sistema automatizado de puertas para la apertura y cierra con Brazo de Empuje de hasta 110 cm\/ 100Kg en guada","breadcrumb":{"@id":"https:\/\/www.securitydataandvideo.com\/inicio\/shop\/sistema-automatizado-de-puertas-para-la-apertura-y-cierra-con-brazo-de-empuje-de-hasta-110-cm-100kg-en-guadalajara-jalisco-mexico\/#breadcrumb"},"inLanguage":"es-MX","potentialAction":[{"@type":"ReadAction","target":["https:\/\/www.securitydataandvideo.com\/inicio\/shop\/sistema-automatizado-de-puertas-para-la-apertura-y-cierra-con-brazo-de-empuje-de-hasta-110-cm-100kg-en-guadalajara-jalisco-mexico\/"]}]},{"@type":"BreadcrumbList","@id":"https:\/\/www.securitydataandvideo.com\/inicio\/shop\/sistema-automatizado-de-puertas-para-la-apertura-y-cierra-con-brazo-de-empuje-de-hasta-110-cm-100kg-en-guadalajara-jalisco-mexico\/#breadcrumb","itemListElement":[{"@type":"ListItem","position":1,"name":"Inicio","item":"https:\/\/www.securitydataandvideo.com\/inicio\/"},{"@type":"ListItem","position":2,"name":"Shop","item":"https:\/\/www.securitydataandvideo.com\/inicio\/shop\/"},{"@type":"ListItem","position":3,"name":"Sistema automatizado de puertas para la apertura y cierra con Brazo de Empuje de hasta 110 cm\/ 100Kg en guadalajara jalisco mexico."}]},{"@type":"WebSite","@id":"https:\/\/www.securitydataandvideo.com\/inicio\/#website","url":"https:\/\/www.securitydataandvideo.com\/inicio\/","name":"Security Data &amp; Video SA de CV.","description":"Seguridad Electr\u00f3nica y Energ\u00eda","publisher":{"@id":"https:\/\/www.securitydataandvideo.com\/inicio\/#organization"},"potentialAction":[{"@type":"SearchAction","target":{"@type":"EntryPoint","urlTemplate":"https:\/\/www.securitydataandvideo.com\/inicio\/?s={search_term_string}"},"query-input":"required name=search_term_string"}],"inLanguage":"es-MX"},{"@type":"Organization","@id":"https:\/\/www.securitydataandvideo.com\/inicio\/#organization","name":"Security Data & Video SA de CV","url":"https:\/\/www.securitydataandvideo.com\/inicio\/","sameAs":[],"logo":{"@type":"ImageObject","inLanguage":"es-MX","@id":"https:\/\/www.securitydataandvideo.com\/inicio\/#\/schema\/logo\/image\/","url":"https:\/\/www.securitydataandvideo.com\/inicio\/wp-content\/uploads\/2021\/10\/Logo-Azul.png","contentUrl":"https:\/\/www.securitydataandvideo.com\/inicio\/wp-content\/uploads\/2021\/10\/Logo-Azul.png","width":555,"height":375,"caption":"Security Data & Video SA de CV"},"image":{"@id":"https:\/\/www.securitydataandvideo.com\/inicio\/#\/schema\/logo\/image\/"}}]}},"_links":{"self":[{"href":"https:\/\/www.securitydataandvideo.com\/inicio\/wp-json\/wp\/v2\/product\/15809"}],"collection":[{"href":"https:\/\/www.securitydataandvideo.com\/inicio\/wp-json\/wp\/v2\/product"}],"about":[{"href":"https:\/\/www.securitydataandvideo.com\/inicio\/wp-json\/wp\/v2\/types\/product"}],"wp:featuredmedia":[{"embeddable":true,"href":"https:\/\/www.securitydataandvideo.com\/inicio\/wp-json\/wp\/v2\/media\/15838"}],"wp:attachment":[{"href":"https:\/\/www.securitydataandvideo.com\/inicio\/wp-json\/wp\/v2\/media?parent=15809"}],"wp:term":[{"taxonomy":"product_cat","embeddable":true,"href":"https:\/\/www.securitydataandvideo.com\/inicio\/wp-json\/wp\/v2\/product_cat?post=15809"},{"taxonomy":"product_tag","embeddable":true,"href":"https:\/\/www.securitydataandvideo.com\/inicio\/wp-json\/wp\/v2\/product_tag?post=15809"}],"curies":[{"name":"wp","href":"https:\/\/api.w.org\/{rel}","templated":true}]}}