{"id":15810,"date":"2022-07-21T11:31:06","date_gmt":"2022-07-21T17:31:06","guid":{"rendered":"https:\/\/www.securitydataandvideo.com\/inicio\/?post_type=product&#038;p=15810"},"modified":"2022-07-21T11:31:23","modified_gmt":"2022-07-21T17:31:23","slug":"ds120j-servidor-nas-marca-synology-de-escritorio-de-1-bahia-hasta-16-tb-soporta-hasta-5-camaras-en-guadalajara-jalisco","status":"publish","type":"product","link":"https:\/\/www.securitydataandvideo.com\/inicio\/shop\/ds120j-servidor-nas-marca-synology-de-escritorio-de-1-bahia-hasta-16-tb-soporta-hasta-5-camaras-en-guadalajara-jalisco\/","title":{"rendered":"DS120J Servidor NAS marca SYNOLOGY  de escritorio de 1 bah\u00eda \/ Hasta 16 TB \/ Soporta hasta 5 c\u00e1maras en guadalajara jalisco."},"content":{"rendered":"<p><strong>DS120J Servidor NAS marca SYNOLOGY de escritorio de 1 bah\u00eda \/ Hasta 16 TB \/ Soporta hasta 5 c\u00e1maras en guadalajara jalisco.<\/strong><\/p>\n<p>Compacto, ligero y de alta eficiencia energ\u00e9tica, DS119j es perfecto para los usuarios dom\u00e9sticos conscientes de su presupuesto que buscan un servidor NAS simple, pero repleto de funciones.<\/p>\n<p><strong>Procesador:<\/strong><br \/>\nModelo: Marvell Armada 3700<br \/>\nArquitectura: 64-bit<br \/>\nFrecuencia: Doble nucleo 800 MHz<br \/>\nMemoria RAM: 512MB DDR3L<\/p>\n<p><strong>Almacenamiento:<\/strong><br \/>\n1 Bah\u00eda para Disco Duro (no incluido).<br \/>\nSoporta discos duros HDD\/SSD de 3.5\u201d,(Opcional) 2.5\u201d. SATA III y SATA II.<br \/>\nSoporta discos duros de hasta 16TB.<\/p>\n<p><strong>Videovigilancia<\/strong><br \/>\nSoporta hasta 5 c\u00e1maras (incluye 2 licencias)<br \/>\nSoporta c\u00e1maras hasta 4K (ver\u00a0<a href=\"https:\/\/www.synology.com\/es-mx\/compatibility\/camera\">listado de compatibilidad<\/a>)<\/p>\n<p>Cuadros por segundo totales con\u00a0<strong>H.264\u00a0<\/strong><\/p>\n<ul>\n<li>50 FPS @ 720p (1280&#215;720)<\/li>\n<li>20 FPS @ 1080p (1920\u00d71080)<\/li>\n<li>10 FPS @ 3M (2048&#215;1536)<\/li>\n<li>10 FPS @ 5M (2591&#215;1944)<\/li>\n<\/ul>\n<p>Cuadros por segundo totales con\u00a0<strong>MJPEG<\/strong><\/p>\n<ul>\n<li>20 FPS @ 720p (1280&#215;720)<\/li>\n<li>10 FPS @ 1080p (1920\u00d71080)<\/li>\n<li>10 FPS @ 3M (2048&#215;1536)<\/li>\n<li>6 FPS @ 5M (2591&#215;1944)<\/li>\n<\/ul>\n<p>Grabe directamente desde su celular (iOS) con la aplicaci\u00f3n LiveCam, sin necesidad de abrir puertos ni tener IP Publica Fija.<\/p>\n<p><img src=\"https:\/\/ftp3.syscom.mx\/usuarios\/nortega\/synology\/imagenes\/surveillance\/livecam.jpg\" alt=\"\" \/><\/p>\n<p><strong>Puertos:<\/strong><br \/>\n1 Puertos RJ45 Gigabit.<br \/>\n2 Puerto USB 2.0.<\/p>\n<p><strong>RAID Compatible:<\/strong><br \/>\nBasic<\/p>\n<p><strong>Software:<\/strong><br \/>\nSynology DiskStation Manager (DSM) es un elegante sistema operativo basado en navegador, lo que hace que Synology NAS sea muy f\u00e1cil de utilizar.<br \/>\nPara conocer todas las aplicaciones adicionales (Add-Ons), como Servidor de Archivos, de correo, FTP, impresi\u00f3n, fotos, videos y muchos m\u00e1s, consulte la Hoja de Especificaciones.<\/p>\n<p><strong>Caracter\u00edsticas F\u00edsicas y El\u00e9ctricas:\u00a0<\/strong><br \/>\nAlimentaci\u00f3n: 100 a 240VCA. (Incluye fuente de alimentaci\u00f3n).<br \/>\nConsumo: 9.81W.<br \/>\nTemperatura de operaci\u00f3n: 5 a 35 \u00b0C.<br \/>\nDimensiones: 166 \u00a0X 71 X 224 mm.<br \/>\nPeso: 0.7 Kg.<\/p>\n<p><strong>2 a\u00f1os de Garant\u00eda.<\/strong><\/p>\n","protected":false},"excerpt":{"rendered":"<p><strong>DS120J Servidor NAS marca SYNOLOGY de escritorio de 1 bah\u00eda \/ Hasta 16 TB \/ Soporta hasta 5 c\u00e1maras en guadalajara jalisco.<\/strong><\/p>\n","protected":false},"featured_media":15839,"template":"","meta":{"site-sidebar-layout":"","site-content-layout":"","ast-site-content-layout":"","site-content-style":"default","site-sidebar-style":"default","ast-global-header-display":"","ast-banner-title-visibility":"","ast-main-header-display":"","ast-hfb-above-header-display":"","ast-hfb-below-header-display":"","ast-hfb-mobile-header-display":"","site-post-title":"","ast-breadcrumbs-content":"","ast-featured-img":"","footer-sml-layout":"","theme-transparent-header-meta":"","adv-header-id-meta":"","stick-header-meta":"","header-above-stick-meta":"","header-main-stick-meta":"","header-below-stick-meta":"","astra-migrate-meta-layouts":""},"product_cat":[284],"product_tag":[285],"yoast_head":"<!-- This site is optimized with the Yoast SEO plugin v19.5.1 - https:\/\/yoast.com\/wordpress\/plugins\/seo\/ -->\n<title>DS120J Servidor NAS marca SYNOLOGY de escritorio de 1 bah\u00eda \/ Hasta 16 TB<\/title>\n<meta name=\"description\" content=\"Security Data &amp; Video SA de CV.DS120J Servidor NAS marca SYNOLOGY de escritorio de 1 bah\u00eda \/ Hasta 16 TB \/ Soporta hasta 5 c\u00e1maras en guadalajara jalisco.\" \/>\n<meta name=\"robots\" content=\"index, follow, max-snippet:-1, max-image-preview:large, max-video-preview:-1\" \/>\n<link rel=\"canonical\" href=\"https:\/\/www.securitydataandvideo.com\/inicio\/shop\/ds120j-servidor-nas-marca-synology-de-escritorio-de-1-bahia-hasta-16-tb-soporta-hasta-5-camaras-en-guadalajara-jalisco\/\" \/>\n<meta property=\"og:locale\" content=\"es_MX\" \/>\n<meta property=\"og:type\" content=\"article\" \/>\n<meta property=\"og:title\" content=\"DS120J Servidor NAS marca SYNOLOGY de escritorio de 1 bah\u00eda \/ Hasta 16 TB\" \/>\n<meta property=\"og:description\" content=\"Security Data &amp; Video SA de CV.DS120J Servidor NAS marca SYNOLOGY de escritorio de 1 bah\u00eda \/ Hasta 16 TB \/ Soporta hasta 5 c\u00e1maras en guadalajara jalisco.\" \/>\n<meta property=\"og:url\" content=\"https:\/\/www.securitydataandvideo.com\/inicio\/shop\/ds120j-servidor-nas-marca-synology-de-escritorio-de-1-bahia-hasta-16-tb-soporta-hasta-5-camaras-en-guadalajara-jalisco\/\" \/>\n<meta property=\"og:site_name\" content=\"Security Data &amp; Video SA de CV.\" \/>\n<meta property=\"article:modified_time\" content=\"2022-07-21T17:31:23+00:00\" \/>\n<meta property=\"og:image\" content=\"https:\/\/www.securitydataandvideo.com\/inicio\/wp-content\/uploads\/2022\/07\/DS120J.png\" \/>\n\t<meta property=\"og:image:width\" content=\"185\" \/>\n\t<meta property=\"og:image:height\" content=\"279\" \/>\n\t<meta property=\"og:image:type\" content=\"image\/png\" \/>\n<meta name=\"twitter:card\" content=\"summary\" \/>\n<meta name=\"twitter:label1\" content=\"Tiempo de lectura\" \/>\n\t<meta name=\"twitter:data1\" content=\"1 minuto\" \/>\n<script type=\"application\/ld+json\" class=\"yoast-schema-graph\">{\"@context\":\"https:\/\/schema.org\",\"@graph\":[{\"@type\":\"WebPage\",\"@id\":\"https:\/\/www.securitydataandvideo.com\/inicio\/shop\/ds120j-servidor-nas-marca-synology-de-escritorio-de-1-bahia-hasta-16-tb-soporta-hasta-5-camaras-en-guadalajara-jalisco\/\",\"url\":\"https:\/\/www.securitydataandvideo.com\/inicio\/shop\/ds120j-servidor-nas-marca-synology-de-escritorio-de-1-bahia-hasta-16-tb-soporta-hasta-5-camaras-en-guadalajara-jalisco\/\",\"name\":\"DS120J Servidor NAS marca SYNOLOGY de escritorio de 1 bah\u00eda \/ Hasta 16 TB\",\"isPartOf\":{\"@id\":\"https:\/\/www.securitydataandvideo.com\/inicio\/#website\"},\"datePublished\":\"2022-07-21T17:31:06+00:00\",\"dateModified\":\"2022-07-21T17:31:23+00:00\",\"description\":\"Security Data &amp; Video SA de CV.DS120J Servidor NAS marca SYNOLOGY de escritorio de 1 bah\u00eda \/ Hasta 16 TB \/ Soporta hasta 5 c\u00e1maras en guadalajara jalisco.\",\"breadcrumb\":{\"@id\":\"https:\/\/www.securitydataandvideo.com\/inicio\/shop\/ds120j-servidor-nas-marca-synology-de-escritorio-de-1-bahia-hasta-16-tb-soporta-hasta-5-camaras-en-guadalajara-jalisco\/#breadcrumb\"},\"inLanguage\":\"es-MX\",\"potentialAction\":[{\"@type\":\"ReadAction\",\"target\":[\"https:\/\/www.securitydataandvideo.com\/inicio\/shop\/ds120j-servidor-nas-marca-synology-de-escritorio-de-1-bahia-hasta-16-tb-soporta-hasta-5-camaras-en-guadalajara-jalisco\/\"]}]},{\"@type\":\"BreadcrumbList\",\"@id\":\"https:\/\/www.securitydataandvideo.com\/inicio\/shop\/ds120j-servidor-nas-marca-synology-de-escritorio-de-1-bahia-hasta-16-tb-soporta-hasta-5-camaras-en-guadalajara-jalisco\/#breadcrumb\",\"itemListElement\":[{\"@type\":\"ListItem\",\"position\":1,\"name\":\"Inicio\",\"item\":\"https:\/\/www.securitydataandvideo.com\/inicio\/\"},{\"@type\":\"ListItem\",\"position\":2,\"name\":\"Shop\",\"item\":\"https:\/\/www.securitydataandvideo.com\/inicio\/shop\/\"},{\"@type\":\"ListItem\",\"position\":3,\"name\":\"DS120J Servidor NAS marca SYNOLOGY de escritorio de 1 bah\u00eda \/ Hasta 16 TB \/ Soporta hasta 5 c\u00e1maras en guadalajara jalisco.\"}]},{\"@type\":\"WebSite\",\"@id\":\"https:\/\/www.securitydataandvideo.com\/inicio\/#website\",\"url\":\"https:\/\/www.securitydataandvideo.com\/inicio\/\",\"name\":\"Security Data &amp; Video SA de CV.\",\"description\":\"Seguridad Electr\u00f3nica y Energ\u00eda\",\"publisher\":{\"@id\":\"https:\/\/www.securitydataandvideo.com\/inicio\/#organization\"},\"potentialAction\":[{\"@type\":\"SearchAction\",\"target\":{\"@type\":\"EntryPoint\",\"urlTemplate\":\"https:\/\/www.securitydataandvideo.com\/inicio\/?s={search_term_string}\"},\"query-input\":\"required name=search_term_string\"}],\"inLanguage\":\"es-MX\"},{\"@type\":\"Organization\",\"@id\":\"https:\/\/www.securitydataandvideo.com\/inicio\/#organization\",\"name\":\"Security Data & Video SA de CV\",\"url\":\"https:\/\/www.securitydataandvideo.com\/inicio\/\",\"sameAs\":[],\"logo\":{\"@type\":\"ImageObject\",\"inLanguage\":\"es-MX\",\"@id\":\"https:\/\/www.securitydataandvideo.com\/inicio\/#\/schema\/logo\/image\/\",\"url\":\"https:\/\/www.securitydataandvideo.com\/inicio\/wp-content\/uploads\/2021\/10\/Logo-Azul.png\",\"contentUrl\":\"https:\/\/www.securitydataandvideo.com\/inicio\/wp-content\/uploads\/2021\/10\/Logo-Azul.png\",\"width\":555,\"height\":375,\"caption\":\"Security Data & Video SA de CV\"},\"image\":{\"@id\":\"https:\/\/www.securitydataandvideo.com\/inicio\/#\/schema\/logo\/image\/\"}}]}<\/script>\n<!-- \/ Yoast SEO plugin. -->","yoast_head_json":{"title":"DS120J Servidor NAS marca SYNOLOGY de escritorio de 1 bah\u00eda \/ Hasta 16 TB","description":"Security Data &amp; Video SA de CV.DS120J Servidor NAS marca SYNOLOGY de escritorio de 1 bah\u00eda \/ Hasta 16 TB \/ Soporta hasta 5 c\u00e1maras en guadalajara jalisco.","robots":{"index":"index","follow":"follow","max-snippet":"max-snippet:-1","max-image-preview":"max-image-preview:large","max-video-preview":"max-video-preview:-1"},"canonical":"https:\/\/www.securitydataandvideo.com\/inicio\/shop\/ds120j-servidor-nas-marca-synology-de-escritorio-de-1-bahia-hasta-16-tb-soporta-hasta-5-camaras-en-guadalajara-jalisco\/","og_locale":"es_MX","og_type":"article","og_title":"DS120J Servidor NAS marca SYNOLOGY de escritorio de 1 bah\u00eda \/ Hasta 16 TB","og_description":"Security Data &amp; Video SA de CV.DS120J Servidor NAS marca SYNOLOGY de escritorio de 1 bah\u00eda \/ Hasta 16 TB \/ Soporta hasta 5 c\u00e1maras en guadalajara jalisco.","og_url":"https:\/\/www.securitydataandvideo.com\/inicio\/shop\/ds120j-servidor-nas-marca-synology-de-escritorio-de-1-bahia-hasta-16-tb-soporta-hasta-5-camaras-en-guadalajara-jalisco\/","og_site_name":"Security Data &amp; Video SA de CV.","article_modified_time":"2022-07-21T17:31:23+00:00","og_image":[{"width":185,"height":279,"url":"https:\/\/www.securitydataandvideo.com\/inicio\/wp-content\/uploads\/2022\/07\/DS120J.png","type":"image\/png"}],"twitter_card":"summary","twitter_misc":{"Tiempo de lectura":"1 minuto"},"schema":{"@context":"https:\/\/schema.org","@graph":[{"@type":"WebPage","@id":"https:\/\/www.securitydataandvideo.com\/inicio\/shop\/ds120j-servidor-nas-marca-synology-de-escritorio-de-1-bahia-hasta-16-tb-soporta-hasta-5-camaras-en-guadalajara-jalisco\/","url":"https:\/\/www.securitydataandvideo.com\/inicio\/shop\/ds120j-servidor-nas-marca-synology-de-escritorio-de-1-bahia-hasta-16-tb-soporta-hasta-5-camaras-en-guadalajara-jalisco\/","name":"DS120J Servidor NAS marca SYNOLOGY de escritorio de 1 bah\u00eda \/ Hasta 16 TB","isPartOf":{"@id":"https:\/\/www.securitydataandvideo.com\/inicio\/#website"},"datePublished":"2022-07-21T17:31:06+00:00","dateModified":"2022-07-21T17:31:23+00:00","description":"Security Data &amp; Video SA de CV.DS120J Servidor NAS marca SYNOLOGY de escritorio de 1 bah\u00eda \/ Hasta 16 TB \/ Soporta hasta 5 c\u00e1maras en guadalajara jalisco.","breadcrumb":{"@id":"https:\/\/www.securitydataandvideo.com\/inicio\/shop\/ds120j-servidor-nas-marca-synology-de-escritorio-de-1-bahia-hasta-16-tb-soporta-hasta-5-camaras-en-guadalajara-jalisco\/#breadcrumb"},"inLanguage":"es-MX","potentialAction":[{"@type":"ReadAction","target":["https:\/\/www.securitydataandvideo.com\/inicio\/shop\/ds120j-servidor-nas-marca-synology-de-escritorio-de-1-bahia-hasta-16-tb-soporta-hasta-5-camaras-en-guadalajara-jalisco\/"]}]},{"@type":"BreadcrumbList","@id":"https:\/\/www.securitydataandvideo.com\/inicio\/shop\/ds120j-servidor-nas-marca-synology-de-escritorio-de-1-bahia-hasta-16-tb-soporta-hasta-5-camaras-en-guadalajara-jalisco\/#breadcrumb","itemListElement":[{"@type":"ListItem","position":1,"name":"Inicio","item":"https:\/\/www.securitydataandvideo.com\/inicio\/"},{"@type":"ListItem","position":2,"name":"Shop","item":"https:\/\/www.securitydataandvideo.com\/inicio\/shop\/"},{"@type":"ListItem","position":3,"name":"DS120J Servidor NAS marca SYNOLOGY de escritorio de 1 bah\u00eda \/ Hasta 16 TB \/ Soporta hasta 5 c\u00e1maras en guadalajara jalisco."}]},{"@type":"WebSite","@id":"https:\/\/www.securitydataandvideo.com\/inicio\/#website","url":"https:\/\/www.securitydataandvideo.com\/inicio\/","name":"Security Data &amp; Video SA de CV.","description":"Seguridad Electr\u00f3nica y Energ\u00eda","publisher":{"@id":"https:\/\/www.securitydataandvideo.com\/inicio\/#organization"},"potentialAction":[{"@type":"SearchAction","target":{"@type":"EntryPoint","urlTemplate":"https:\/\/www.securitydataandvideo.com\/inicio\/?s={search_term_string}"},"query-input":"required name=search_term_string"}],"inLanguage":"es-MX"},{"@type":"Organization","@id":"https:\/\/www.securitydataandvideo.com\/inicio\/#organization","name":"Security Data & Video SA de CV","url":"https:\/\/www.securitydataandvideo.com\/inicio\/","sameAs":[],"logo":{"@type":"ImageObject","inLanguage":"es-MX","@id":"https:\/\/www.securitydataandvideo.com\/inicio\/#\/schema\/logo\/image\/","url":"https:\/\/www.securitydataandvideo.com\/inicio\/wp-content\/uploads\/2021\/10\/Logo-Azul.png","contentUrl":"https:\/\/www.securitydataandvideo.com\/inicio\/wp-content\/uploads\/2021\/10\/Logo-Azul.png","width":555,"height":375,"caption":"Security Data & Video SA de CV"},"image":{"@id":"https:\/\/www.securitydataandvideo.com\/inicio\/#\/schema\/logo\/image\/"}}]}},"_links":{"self":[{"href":"https:\/\/www.securitydataandvideo.com\/inicio\/wp-json\/wp\/v2\/product\/15810"}],"collection":[{"href":"https:\/\/www.securitydataandvideo.com\/inicio\/wp-json\/wp\/v2\/product"}],"about":[{"href":"https:\/\/www.securitydataandvideo.com\/inicio\/wp-json\/wp\/v2\/types\/product"}],"wp:featuredmedia":[{"embeddable":true,"href":"https:\/\/www.securitydataandvideo.com\/inicio\/wp-json\/wp\/v2\/media\/15839"}],"wp:attachment":[{"href":"https:\/\/www.securitydataandvideo.com\/inicio\/wp-json\/wp\/v2\/media?parent=15810"}],"wp:term":[{"taxonomy":"product_cat","embeddable":true,"href":"https:\/\/www.securitydataandvideo.com\/inicio\/wp-json\/wp\/v2\/product_cat?post=15810"},{"taxonomy":"product_tag","embeddable":true,"href":"https:\/\/www.securitydataandvideo.com\/inicio\/wp-json\/wp\/v2\/product_tag?post=15810"}],"curies":[{"name":"wp","href":"https:\/\/api.w.org\/{rel}","templated":true}]}}