{"id":15815,"date":"2022-07-21T11:31:07","date_gmt":"2022-07-21T17:31:07","guid":{"rendered":"https:\/\/www.securitydataandvideo.com\/inicio\/?post_type=product&#038;p=15815"},"modified":"2022-07-21T11:31:28","modified_gmt":"2022-07-21T17:31:28","slug":"rs2418plus-synology-servidor-nas-para-rack-de-12-bahias-expandible-a-24-bahias-hasta-288-tb-hasta-40-camaras-en-guadalajara-jalisco-mexico","status":"publish","type":"product","link":"https:\/\/www.securitydataandvideo.com\/inicio\/shop\/rs2418plus-synology-servidor-nas-para-rack-de-12-bahias-expandible-a-24-bahias-hasta-288-tb-hasta-40-camaras-en-guadalajara-jalisco-mexico\/","title":{"rendered":"RS2418PLUS SYNOLOGY Servidor NAS para rack de 12 bah\u00edas \/ Expandible a 24 bah\u00edas \/ Hasta 288 TB \/ Hasta 40 c\u00e1maras en guadalajara jalisco mexico."},"content":{"rendered":"<p><strong>RS2418PLUS SYNOLOGY Servidor NAS para rack de 12 bah\u00edas \/ Expandible a 24 bah\u00edas \/ Hasta 288 TB \/ Hasta 40 c\u00e1maras en guadalajara jalisco mexico.<\/strong><\/p>\n<p>Synology RackStation RS2418PLUS es un NAS de 12 bah\u00edas dise\u00f1ado para pymes. Proporciona almacenamiento flexible y ampliabilidad de la SSD M.2, ideal para funcionar como un servidor de archivos o como destino de copia de seguridad centralizado. Se puede integrar f\u00e1cilmente en entornos virtuales y ofrece aplicaciones de almacenamiento f\u00e1ciles de usar para proteger los activos de datos de la empresa.<\/p>\n<p><strong>Procesador<\/strong>:<\/p>\n<p>Intel Atom C3538<\/p>\n<p>64-bit<\/p>\n<p>N\u00facleo cu\u00e1druple 2.1GHz<\/p>\n<p>RAM 4GB (expandible hasta 64GB)<\/p>\n<p><strong>Almacenamiento:<\/strong><\/p>\n<p>12 Bah\u00edas para Disco Duro (no incluidos)<\/p>\n<p>Expandible hasta 24 Bah\u00edas con Unidad de Expansi\u00f3n RX1217.<\/p>\n<p>Soporta discos duros HDD\/SSD de 3.5\u201d, 2.5\u201d. SATA III y SATA II.<\/p>\n<p>Soporta discos duros de hasta 12TB.<\/p>\n<p>Capacidad de hasta 144TB internos y 288TB usando la Unidad de Expansi\u00f3n RX1217\/RX1217RP (usando discos de 12TB).<\/p>\n<p>Hot Swap.<\/p>\n<p><strong>Videovigilancia<\/strong><\/p>\n<p>Soporta hasta 40 c\u00e1maras (incluye 2 licencias)<\/p>\n<p>Soporta c\u00e1maras hasta 4K (ver\u00a0listado de compatibilidad)<\/p>\n<p>Cuadros por segundo totales con\u00a0<strong>H.264\u00a0<\/strong><\/p>\n<ul>\n<li>1200 FPS @ 720p (1280&#215;720)<\/li>\n<li>900 FPS @ 1080p (1920\u00d71080)<\/li>\n<li>520 FPS @ 3M (2048&#215;1536)<\/li>\n<li>320 FPS @ 5M (2591&#215;1944)<\/li>\n<li>420 FPS @ 4K (3840&#215;2160)<\/li>\n<\/ul>\n<p>Cuadros por segundo totales con\u00a0<strong>H.265<\/strong><\/p>\n<ul>\n<li>1200 FPS @ 720p (1280&#215;720)<\/li>\n<li>1200 FPS @ 1080p (1920\u00d71080)<\/li>\n<li>880 FPS @ 3M (2048&#215;1536)<\/li>\n<li>520 FPS @ 5M (2591&#215;1944)<\/li>\n<li>400 FPS @ 4K (3840&#215;2160)<\/li>\n<\/ul>\n<p>Cuadros por segundo totales con\u00a0<strong>MJPEG<\/strong><\/p>\n<ul>\n<li>560 FPS @ 720p (1280&#215;720)<\/li>\n<li>270 FPS @ 1080p (1920\u00d71080)<\/li>\n<li>190 FPS @ 3M (2048&#215;1536)<\/li>\n<li>110 FPS @ 5M (2591&#215;1944)<\/li>\n<\/ul>\n<p><img class=\"fr-fic fr-dii\" src=\"https:\/\/ftp3.syscom.mx\/usuarios\/nortega\/synology\/imagenes\/surveillance\/livecam.jpg\" alt=\"\" \/><\/p>\n<p>Grabe directamente desde su celular (iOS) con la aplicaci\u00f3n LiveCam, sin necesidad de abrir puertos ni tener IP Publica Fija.<\/p>\n<p><img class=\"fr-fic fr-dii\" src=\"https:\/\/ftp3.syscom.mx\/usuarios\/nortega\/synology\/imagenes\/surveillance\/livecam.jpg\" alt=\"\" \/><\/p>\n<p><strong>Puertos:<\/strong><\/p>\n<p>4 \u00a0Puertos RJ45 Gigabit (Con Link Aggregation \/ Failover support).<\/p>\n<p>2 Puertos USB 3.0<\/p>\n<p>2 Puertos USB 2.0<br \/>\n1 Puerto PCIe 3.0<\/p>\n<p>1 Puerto expansi\u00f3n.<\/p>\n<p>&nbsp;<\/p>\n<p><strong>RAID Compatible:<\/strong><\/p>\n<p>Synology Hybrid RAID<\/p>\n<p>JBOD.<\/p>\n<p>RAID 0.<\/p>\n<p>RAID 1.<\/p>\n<p>RAID 5.<\/p>\n<p>RAID 6.<\/p>\n<p>RAID 10<\/p>\n<p>&nbsp;<\/p>\n<p><strong>Software:<\/strong><\/p>\n<p>Synology DiskStation Manager (DSM) es un elegante sistema operativo basado en navegador, lo que hace que Synology NAS sea muy f\u00e1cil de utilizar.<\/p>\n<p>&nbsp;<\/p>\n<p>Para conocer todas las aplicaciones adicionales (Add-Ons), como Servidor de Archivos, de correo, FTP, impresi\u00f3n, fotos, videos y muchos m\u00e1s, consulte la Hoja de Especificaciones.<\/p>\n<p>&nbsp;<\/p>\n<p><strong>Caracter\u00edsticas F\u00edsicas y El\u00e9ctricas:<\/strong><\/p>\n<p>Alimentaci\u00f3n: 100 a 240VCA. (Incluye fuente de alimentaci\u00f3n).<\/p>\n<p>Consumo: 70.58W.<\/p>\n<p>Temperatura de operaci\u00f3n: 5 a 35 \u00b0C.<\/p>\n<p>Dimensiones: 88 \u00a0X 430.5\u00a0 X 664 mm.<\/p>\n<p>Peso: 13.22 Kg.<\/p>\n<p><strong>Para instalaci\u00f3n en rack de 4 postes (utilizar RKS1317)<\/strong><\/p>\n","protected":false},"excerpt":{"rendered":"<p><strong>RS2418PLUS SYNOLOGY Servidor NAS para rack de 12 bah\u00edas \/ Expandible a 24 bah\u00edas \/ Hasta 288 TB \/ Hasta 40 c\u00e1maras en guadalajara jalisco mexico.<\/strong><\/p>\n","protected":false},"featured_media":15844,"template":"","meta":{"site-sidebar-layout":"","site-content-layout":"","ast-site-content-layout":"","site-content-style":"default","site-sidebar-style":"default","ast-global-header-display":"","ast-banner-title-visibility":"","ast-main-header-display":"","ast-hfb-above-header-display":"","ast-hfb-below-header-display":"","ast-hfb-mobile-header-display":"","site-post-title":"","ast-breadcrumbs-content":"","ast-featured-img":"","footer-sml-layout":"","theme-transparent-header-meta":"","adv-header-id-meta":"","stick-header-meta":"","header-above-stick-meta":"","header-main-stick-meta":"","header-below-stick-meta":"","astra-migrate-meta-layouts":""},"product_cat":[284],"product_tag":[285],"yoast_head":"<!-- This site is optimized with the Yoast SEO plugin v19.5.1 - https:\/\/yoast.com\/wordpress\/plugins\/seo\/ -->\n<title>RS2418PLUS SYNOLOGY Servidor NAS para rack de 12 bah\u00edas<\/title>\n<meta name=\"description\" content=\"Security Data &amp; Video SA de CV. RS2418PLUS SYNOLOGY Servidor NAS para rack de 12 bah\u00edas \/ Expandible a 24 bah\u00edas \/ Hasta 288 TB \/ Hasta 40 c\u00e1maras en guadalajara jalisco mexico.\" \/>\n<meta name=\"robots\" content=\"index, follow, max-snippet:-1, max-image-preview:large, max-video-preview:-1\" \/>\n<link rel=\"canonical\" href=\"https:\/\/www.securitydataandvideo.com\/inicio\/shop\/rs2418plus-synology-servidor-nas-para-rack-de-12-bahias-expandible-a-24-bahias-hasta-288-tb-hasta-40-camaras-en-guadalajara-jalisco-mexico\/\" \/>\n<meta property=\"og:locale\" content=\"es_MX\" \/>\n<meta property=\"og:type\" content=\"article\" \/>\n<meta property=\"og:title\" content=\"RS2418PLUS SYNOLOGY Servidor NAS para rack de 12 bah\u00edas\" \/>\n<meta property=\"og:description\" content=\"Security Data &amp; Video SA de CV. RS2418PLUS SYNOLOGY Servidor NAS para rack de 12 bah\u00edas \/ Expandible a 24 bah\u00edas \/ Hasta 288 TB \/ Hasta 40 c\u00e1maras en guadalajara jalisco mexico.\" \/>\n<meta property=\"og:url\" content=\"https:\/\/www.securitydataandvideo.com\/inicio\/shop\/rs2418plus-synology-servidor-nas-para-rack-de-12-bahias-expandible-a-24-bahias-hasta-288-tb-hasta-40-camaras-en-guadalajara-jalisco-mexico\/\" \/>\n<meta property=\"og:site_name\" content=\"Security Data &amp; Video SA de CV.\" \/>\n<meta property=\"article:modified_time\" content=\"2022-07-21T17:31:28+00:00\" \/>\n<meta property=\"og:image\" content=\"https:\/\/www.securitydataandvideo.com\/inicio\/wp-content\/uploads\/2022\/07\/RS2418PLUS-p.png\" \/>\n\t<meta property=\"og:image:width\" content=\"400\" \/>\n\t<meta property=\"og:image:height\" content=\"400\" \/>\n\t<meta property=\"og:image:type\" content=\"image\/png\" \/>\n<meta name=\"twitter:card\" content=\"summary\" \/>\n<meta name=\"twitter:label1\" content=\"Tiempo de lectura\" \/>\n\t<meta name=\"twitter:data1\" content=\"2 minutos\" \/>\n<script type=\"application\/ld+json\" class=\"yoast-schema-graph\">{\"@context\":\"https:\/\/schema.org\",\"@graph\":[{\"@type\":\"WebPage\",\"@id\":\"https:\/\/www.securitydataandvideo.com\/inicio\/shop\/rs2418plus-synology-servidor-nas-para-rack-de-12-bahias-expandible-a-24-bahias-hasta-288-tb-hasta-40-camaras-en-guadalajara-jalisco-mexico\/\",\"url\":\"https:\/\/www.securitydataandvideo.com\/inicio\/shop\/rs2418plus-synology-servidor-nas-para-rack-de-12-bahias-expandible-a-24-bahias-hasta-288-tb-hasta-40-camaras-en-guadalajara-jalisco-mexico\/\",\"name\":\"RS2418PLUS SYNOLOGY Servidor NAS para rack de 12 bah\u00edas\",\"isPartOf\":{\"@id\":\"https:\/\/www.securitydataandvideo.com\/inicio\/#website\"},\"datePublished\":\"2022-07-21T17:31:07+00:00\",\"dateModified\":\"2022-07-21T17:31:28+00:00\",\"description\":\"Security Data &amp; Video SA de CV. RS2418PLUS SYNOLOGY Servidor NAS para rack de 12 bah\u00edas \/ Expandible a 24 bah\u00edas \/ Hasta 288 TB \/ Hasta 40 c\u00e1maras en guadalajara jalisco mexico.\",\"breadcrumb\":{\"@id\":\"https:\/\/www.securitydataandvideo.com\/inicio\/shop\/rs2418plus-synology-servidor-nas-para-rack-de-12-bahias-expandible-a-24-bahias-hasta-288-tb-hasta-40-camaras-en-guadalajara-jalisco-mexico\/#breadcrumb\"},\"inLanguage\":\"es-MX\",\"potentialAction\":[{\"@type\":\"ReadAction\",\"target\":[\"https:\/\/www.securitydataandvideo.com\/inicio\/shop\/rs2418plus-synology-servidor-nas-para-rack-de-12-bahias-expandible-a-24-bahias-hasta-288-tb-hasta-40-camaras-en-guadalajara-jalisco-mexico\/\"]}]},{\"@type\":\"BreadcrumbList\",\"@id\":\"https:\/\/www.securitydataandvideo.com\/inicio\/shop\/rs2418plus-synology-servidor-nas-para-rack-de-12-bahias-expandible-a-24-bahias-hasta-288-tb-hasta-40-camaras-en-guadalajara-jalisco-mexico\/#breadcrumb\",\"itemListElement\":[{\"@type\":\"ListItem\",\"position\":1,\"name\":\"Inicio\",\"item\":\"https:\/\/www.securitydataandvideo.com\/inicio\/\"},{\"@type\":\"ListItem\",\"position\":2,\"name\":\"Shop\",\"item\":\"https:\/\/www.securitydataandvideo.com\/inicio\/shop\/\"},{\"@type\":\"ListItem\",\"position\":3,\"name\":\"RS2418PLUS SYNOLOGY Servidor NAS para rack de 12 bah\u00edas \/ Expandible a 24 bah\u00edas \/ Hasta 288 TB \/ Hasta 40 c\u00e1maras en guadalajara jalisco mexico.\"}]},{\"@type\":\"WebSite\",\"@id\":\"https:\/\/www.securitydataandvideo.com\/inicio\/#website\",\"url\":\"https:\/\/www.securitydataandvideo.com\/inicio\/\",\"name\":\"Security Data &amp; Video SA de CV.\",\"description\":\"Seguridad Electr\u00f3nica y Energ\u00eda\",\"publisher\":{\"@id\":\"https:\/\/www.securitydataandvideo.com\/inicio\/#organization\"},\"potentialAction\":[{\"@type\":\"SearchAction\",\"target\":{\"@type\":\"EntryPoint\",\"urlTemplate\":\"https:\/\/www.securitydataandvideo.com\/inicio\/?s={search_term_string}\"},\"query-input\":\"required name=search_term_string\"}],\"inLanguage\":\"es-MX\"},{\"@type\":\"Organization\",\"@id\":\"https:\/\/www.securitydataandvideo.com\/inicio\/#organization\",\"name\":\"Security Data & Video SA de CV\",\"url\":\"https:\/\/www.securitydataandvideo.com\/inicio\/\",\"sameAs\":[],\"logo\":{\"@type\":\"ImageObject\",\"inLanguage\":\"es-MX\",\"@id\":\"https:\/\/www.securitydataandvideo.com\/inicio\/#\/schema\/logo\/image\/\",\"url\":\"https:\/\/www.securitydataandvideo.com\/inicio\/wp-content\/uploads\/2021\/10\/Logo-Azul.png\",\"contentUrl\":\"https:\/\/www.securitydataandvideo.com\/inicio\/wp-content\/uploads\/2021\/10\/Logo-Azul.png\",\"width\":555,\"height\":375,\"caption\":\"Security Data & Video SA de CV\"},\"image\":{\"@id\":\"https:\/\/www.securitydataandvideo.com\/inicio\/#\/schema\/logo\/image\/\"}}]}<\/script>\n<!-- \/ Yoast SEO plugin. -->","yoast_head_json":{"title":"RS2418PLUS SYNOLOGY Servidor NAS para rack de 12 bah\u00edas","description":"Security Data &amp; Video SA de CV. RS2418PLUS SYNOLOGY Servidor NAS para rack de 12 bah\u00edas \/ Expandible a 24 bah\u00edas \/ Hasta 288 TB \/ Hasta 40 c\u00e1maras en guadalajara jalisco mexico.","robots":{"index":"index","follow":"follow","max-snippet":"max-snippet:-1","max-image-preview":"max-image-preview:large","max-video-preview":"max-video-preview:-1"},"canonical":"https:\/\/www.securitydataandvideo.com\/inicio\/shop\/rs2418plus-synology-servidor-nas-para-rack-de-12-bahias-expandible-a-24-bahias-hasta-288-tb-hasta-40-camaras-en-guadalajara-jalisco-mexico\/","og_locale":"es_MX","og_type":"article","og_title":"RS2418PLUS SYNOLOGY Servidor NAS para rack de 12 bah\u00edas","og_description":"Security Data &amp; Video SA de CV. RS2418PLUS SYNOLOGY Servidor NAS para rack de 12 bah\u00edas \/ Expandible a 24 bah\u00edas \/ Hasta 288 TB \/ Hasta 40 c\u00e1maras en guadalajara jalisco mexico.","og_url":"https:\/\/www.securitydataandvideo.com\/inicio\/shop\/rs2418plus-synology-servidor-nas-para-rack-de-12-bahias-expandible-a-24-bahias-hasta-288-tb-hasta-40-camaras-en-guadalajara-jalisco-mexico\/","og_site_name":"Security Data &amp; Video SA de CV.","article_modified_time":"2022-07-21T17:31:28+00:00","og_image":[{"width":400,"height":400,"url":"https:\/\/www.securitydataandvideo.com\/inicio\/wp-content\/uploads\/2022\/07\/RS2418PLUS-p.png","type":"image\/png"}],"twitter_card":"summary","twitter_misc":{"Tiempo de lectura":"2 minutos"},"schema":{"@context":"https:\/\/schema.org","@graph":[{"@type":"WebPage","@id":"https:\/\/www.securitydataandvideo.com\/inicio\/shop\/rs2418plus-synology-servidor-nas-para-rack-de-12-bahias-expandible-a-24-bahias-hasta-288-tb-hasta-40-camaras-en-guadalajara-jalisco-mexico\/","url":"https:\/\/www.securitydataandvideo.com\/inicio\/shop\/rs2418plus-synology-servidor-nas-para-rack-de-12-bahias-expandible-a-24-bahias-hasta-288-tb-hasta-40-camaras-en-guadalajara-jalisco-mexico\/","name":"RS2418PLUS SYNOLOGY Servidor NAS para rack de 12 bah\u00edas","isPartOf":{"@id":"https:\/\/www.securitydataandvideo.com\/inicio\/#website"},"datePublished":"2022-07-21T17:31:07+00:00","dateModified":"2022-07-21T17:31:28+00:00","description":"Security Data &amp; Video SA de CV. RS2418PLUS SYNOLOGY Servidor NAS para rack de 12 bah\u00edas \/ Expandible a 24 bah\u00edas \/ Hasta 288 TB \/ Hasta 40 c\u00e1maras en guadalajara jalisco mexico.","breadcrumb":{"@id":"https:\/\/www.securitydataandvideo.com\/inicio\/shop\/rs2418plus-synology-servidor-nas-para-rack-de-12-bahias-expandible-a-24-bahias-hasta-288-tb-hasta-40-camaras-en-guadalajara-jalisco-mexico\/#breadcrumb"},"inLanguage":"es-MX","potentialAction":[{"@type":"ReadAction","target":["https:\/\/www.securitydataandvideo.com\/inicio\/shop\/rs2418plus-synology-servidor-nas-para-rack-de-12-bahias-expandible-a-24-bahias-hasta-288-tb-hasta-40-camaras-en-guadalajara-jalisco-mexico\/"]}]},{"@type":"BreadcrumbList","@id":"https:\/\/www.securitydataandvideo.com\/inicio\/shop\/rs2418plus-synology-servidor-nas-para-rack-de-12-bahias-expandible-a-24-bahias-hasta-288-tb-hasta-40-camaras-en-guadalajara-jalisco-mexico\/#breadcrumb","itemListElement":[{"@type":"ListItem","position":1,"name":"Inicio","item":"https:\/\/www.securitydataandvideo.com\/inicio\/"},{"@type":"ListItem","position":2,"name":"Shop","item":"https:\/\/www.securitydataandvideo.com\/inicio\/shop\/"},{"@type":"ListItem","position":3,"name":"RS2418PLUS SYNOLOGY Servidor NAS para rack de 12 bah\u00edas \/ Expandible a 24 bah\u00edas \/ Hasta 288 TB \/ Hasta 40 c\u00e1maras en guadalajara jalisco mexico."}]},{"@type":"WebSite","@id":"https:\/\/www.securitydataandvideo.com\/inicio\/#website","url":"https:\/\/www.securitydataandvideo.com\/inicio\/","name":"Security Data &amp; Video SA de CV.","description":"Seguridad Electr\u00f3nica y Energ\u00eda","publisher":{"@id":"https:\/\/www.securitydataandvideo.com\/inicio\/#organization"},"potentialAction":[{"@type":"SearchAction","target":{"@type":"EntryPoint","urlTemplate":"https:\/\/www.securitydataandvideo.com\/inicio\/?s={search_term_string}"},"query-input":"required name=search_term_string"}],"inLanguage":"es-MX"},{"@type":"Organization","@id":"https:\/\/www.securitydataandvideo.com\/inicio\/#organization","name":"Security Data & Video SA de CV","url":"https:\/\/www.securitydataandvideo.com\/inicio\/","sameAs":[],"logo":{"@type":"ImageObject","inLanguage":"es-MX","@id":"https:\/\/www.securitydataandvideo.com\/inicio\/#\/schema\/logo\/image\/","url":"https:\/\/www.securitydataandvideo.com\/inicio\/wp-content\/uploads\/2021\/10\/Logo-Azul.png","contentUrl":"https:\/\/www.securitydataandvideo.com\/inicio\/wp-content\/uploads\/2021\/10\/Logo-Azul.png","width":555,"height":375,"caption":"Security Data & Video SA de CV"},"image":{"@id":"https:\/\/www.securitydataandvideo.com\/inicio\/#\/schema\/logo\/image\/"}}]}},"_links":{"self":[{"href":"https:\/\/www.securitydataandvideo.com\/inicio\/wp-json\/wp\/v2\/product\/15815"}],"collection":[{"href":"https:\/\/www.securitydataandvideo.com\/inicio\/wp-json\/wp\/v2\/product"}],"about":[{"href":"https:\/\/www.securitydataandvideo.com\/inicio\/wp-json\/wp\/v2\/types\/product"}],"wp:featuredmedia":[{"embeddable":true,"href":"https:\/\/www.securitydataandvideo.com\/inicio\/wp-json\/wp\/v2\/media\/15844"}],"wp:attachment":[{"href":"https:\/\/www.securitydataandvideo.com\/inicio\/wp-json\/wp\/v2\/media?parent=15815"}],"wp:term":[{"taxonomy":"product_cat","embeddable":true,"href":"https:\/\/www.securitydataandvideo.com\/inicio\/wp-json\/wp\/v2\/product_cat?post=15815"},{"taxonomy":"product_tag","embeddable":true,"href":"https:\/\/www.securitydataandvideo.com\/inicio\/wp-json\/wp\/v2\/product_tag?post=15815"}],"curies":[{"name":"wp","href":"https:\/\/api.w.org\/{rel}","templated":true}]}}