{"id":15816,"date":"2022-07-21T11:31:07","date_gmt":"2022-07-21T17:31:07","guid":{"rendered":"https:\/\/www.securitydataandvideo.com\/inicio\/?post_type=product&#038;p=15816"},"modified":"2022-07-21T11:31:44","modified_gmt":"2022-07-21T17:31:44","slug":"sa3400-synology-servidor-nas-para-rack-de-12-bahias-expandible-hasta-180-bahias-hasta-1536-tb-en-guadalajara-jalisco-mexico","status":"publish","type":"product","link":"https:\/\/www.securitydataandvideo.com\/inicio\/shop\/sa3400-synology-servidor-nas-para-rack-de-12-bahias-expandible-hasta-180-bahias-hasta-1536-tb-en-guadalajara-jalisco-mexico\/","title":{"rendered":"SA3400 SYNOLOGY Servidor NAS para rack de 12 bah\u00edas \/ Expandible hasta 180 bah\u00edas \/ Hasta 1,536 TB en guadalajara jalisco mexico."},"content":{"rendered":"<p><strong>SA3400 SYNOLOGY Servidor NAS para rack de 12 bah\u00edas \/ Expandible hasta 180 bah\u00edas \/ Hasta 1,536 TB en guadalajara jalisco mexico.<\/strong><\/p>\n<div class=\"row\">\n<div class=\"col-xs-12 col-sm-4\">\n<h1>SA3400<\/h1>\n<p>La soluci\u00f3n de copia de seguridad definitiva El SA3400 integra varias aplicaciones de copia de seguridad para proteger sus datos importantes en cualquier dispositivo con una interfaz de usuario intuitiva y tecnolog\u00edas de almacenamiento duradero.<\/p>\n<\/div>\n<div class=\"col-xs-12 col-sm-8\"><img class=\"img-responsive hidden-xs\" src=\"https:\/\/ftp3.syscom.mx\/usuarios\/ftp\/single_page\/synology\/SA3400.png\" \/><\/div>\n<\/div>\n<hr \/>\n<div class=\"row\">\n<div class=\"col-xs-12\">\n<h1>Almacenamiento altamente escalable con un rendimiento sin concesiones<\/h1>\n<p>Equipado con una CPU de 8 n\u00facleos y 16 GB de memoria ECC RDIMM, SA3400 ofrece rendimiento secuencial a m\u00e1s de 5520 MB\/s y 304 277 IOPS aleatorias1. Las expansiones Ethernet de 10 GbE y PCIe integradas, y la compatibilidad con unidades SAS y SATA ofrecen una capacidad de configuraci\u00f3n flexible con transmisi\u00f3n de datos r\u00e1pida, que satisfacen las necesidades de las empresas modernas de rendimiento excelente y escalabilidad de almacenamiento masiva al mismo tiempo.<\/p>\n<\/div>\n<div class=\"col-xs-6 col-sm-3 text-center open_sans\">\n<p>CPU<\/p>\n<p><strong>Intel\u00ae Xeon\u00ae D-1541 de 8 n\u00facleos y 2,1 GHz<\/strong><\/p>\n<\/div>\n<div class=\"col-xs-6 col-sm-3 text-center\">\n<p>Memoria<\/p>\n<p><strong>16 GB DDR4 ECC RDIMM, hasta 128 GB<\/strong><\/p>\n<\/div>\n<div class=\"col-xs-6 col-sm-3 text-center\">\n<p>Escalabilidad<\/p>\n<p><strong>Hasta 180\/96 unidades SAS\/SATA<sup>2<\/sup><\/strong><\/p>\n<\/div>\n<div class=\"col-xs-6 col-sm-3 text-center\">\n<p>Ampliabilidad<\/p>\n<p><strong>2 PCIe 3.0 para expansi\u00f3n mediante tarjetas adicionales<\/strong><\/p>\n<\/div>\n<\/div>\n<div class=\"row\">\n<div class=\"col-xs-6\">\n<p>Almacenamiento escalable con un rendimiento excelente Hasta 180 unidades de almacenamiento y m\u00e1s de 1 petabyte de capacidad sin procesar, el SA3400 satisface con facilidad las necesidades de la posproducci\u00f3n de v\u00eddeo y la implementaci\u00f3n de vigilancia masiva.<\/p>\n<\/div>\n<div class=\"col-xs-6\">\n<p>Dos puertos Ethernet 10GBASE-T integrados, ranuras PCIe 3.0 para ampliar a 10\/25GbE adicionales, el SA3400 ofrece una soluci\u00f3n de almacenamiento flexible y ampliable con un coste total de propiedad optimizado. El SA3400 cuenta con una CPU Intel\u00ae Xeon\u00ae D-1541 de 8 n\u00facleos y 16 GB de memoria RDIMM ECC (ampliable a 128 GB) para garantizar el rendimiento del sistema y la integridad de los datos.<\/p>\n<\/div>\n<\/div>\n<div class=\"row\">\n<div class=\"col-xs-12\">\n<p class=\"well\">Gracias a la garant\u00eda de 5 a\u00f1os y al servicio de sustituci\u00f3n de hardware con gran capacidad de respuesta proporcionados por Synology, con el SA3400 disfrutar\u00e1 de un servidor fiable, que le permitir\u00e1 maximizar el tiempo de actividad de los servicios y reducir las p\u00e9rdidas provocadas por fallos de hardware inesperados.<\/p>\n<\/div>\n<\/div>\n<div class=\"row\">\n<div class=\"col-xs-12 col-sm-4\"><img class=\"center-block\" src=\"https:\/\/ftp3.syscom.mx\/usuarios\/ftp\/single_page\/synology\/5year_warranty_02.png\" \/><\/div>\n<div class=\"col-xs-12 col-sm-8\">\n<h2>Garant\u00eda de 5 a\u00f1os<\/h2>\n<p>Gracias a la garant\u00eda de 5 a\u00f1os y al servicio de sustituci\u00f3n de hardware con gran capacidad de respuesta proporcionados por Synology, con el SA3400 disfrutar\u00e1 de un servidor fiable, que le permitir\u00e1 maximizar el tiempo de actividad de los servicios y reducir las p\u00e9rdidas provocadas por fallos de hardware inesperados.<\/p>\n<\/div>\n<\/div>\n<hr \/>\n<div class=\"row\">\n<div class=\"col-xs-12\">\n<p>Equipado con una CPU de 8 n\u00facleos y 16 GB de memoria ECC RDIMM, SA3400 ofrece rendimiento secuencial a m\u00e1s de 5520 MB\/s y 304 277 IOPS aleatorias. Las expansiones Ethernet de 10 GbE y PCIe integradas, y la compatibilidad con unidades SAS y SATA ofrecen una capacidad de configuraci\u00f3n flexible con transmisi\u00f3n de datos r\u00e1pida, que satisfacen las necesidades de las empresas modernas de rendimiento excelente y escalabilidad de almacenamiento masiva al mismo tiempo.<\/p>\n<\/div>\n<div class=\"col-xs-12 col-sm-6\">\n<div class=\"panel_segmento\"><strong>Procesador<\/strong><\/p>\n<ul>\n<li>Intel Xeon D-1541.<\/li>\n<li>64-bit.<\/li>\n<li>Octa Core 2.2GHz.<\/li>\n<\/ul>\n<\/div>\n<div class=\"panel_segmento\"><strong>Almacenamiento:<\/strong><\/p>\n<ul>\n<li>12 Bah\u00edas para Disco Duro (no incluidos).<\/li>\n<li>Expandible hasta 96 bah\u00edas con unidad de expansi\u00f3n RX1217SAS o 180 bah\u00edas con unidad de expansi\u00f3n RX2417SAS.<\/li>\n<li>Soporta discos duros HDD\/SSD de 3.5\u201d, 2.5\u201d. SATA HDD\/SSD o SAS.<\/li>\n<li>Soporta discos duros de hasta 16TB.<\/li>\n<li>Capacidad de hasta 192TB internos, hasta 1,536TB usando la Unidad de Expansi\u00f3n RS1217SAS(x7) o hasta 422.4TB usando la unidad de expansi\u00f3n RS2417SAS(x7).<\/li>\n<li>Hot Swap.<\/li>\n<\/ul>\n<\/div>\n<div class=\"panel_segmento\"><strong>Puertos:<\/strong><\/p>\n<ul>\n<li>4 Puertos RJ45 Gigabit (Con soporte de conmutaci\u00f3n por error \/ Link Aggregation).<\/li>\n<li>2 Puertos RJ45 10GbE (Con soporte de conmutaci\u00f3n por error \/ Link Aggregation).<\/li>\n<li>2 Puertos USB 3.0.<\/li>\n<li>1 Puerto de expansi\u00f3n.<\/li>\n<\/ul>\n<\/div>\n<div class=\"panel_segmento\"><strong>RAID Compatible:<\/strong><\/p>\n<ul>\n<li>JBOD.<\/li>\n<li>RAID 0.<\/li>\n<li>RAID 1.<\/li>\n<li>RAID 5.<\/li>\n<li>RAID 6.<\/li>\n<li>RAID 10.<\/li>\n<\/ul>\n<\/div>\n<\/div>\n<div class=\"col-xs-12 col-sm-6\">\n<div class=\"panel_segmento\">\n<p><strong>Software:<\/strong><\/p>\n<p>Synology DiskStation Manager (DSM) es un elegante sistema operativo basado en navegador, lo que hace que Synology NAS sea muy f\u00e1cil de utilizar. Para conocer todas las aplicaciones adicionales (Add-Ons), como Servidor de Archivos, de correo, FTP, impresi\u00f3n, fotos, videos y muchos m\u00e1s, consulte la Hoja de Especificaciones.<\/p>\n<\/div>\n<div class=\"panel_segmento\"><strong>Caracter\u00edsticas F\u00edsicas y El\u00e9ctricas:<\/strong><\/p>\n<ul>\n<li>Alimentaci\u00f3n: 100 a 240VCA.<\/li>\n<li>Consumo: 137.17W.<\/li>\n<li>Temperatura de operaci\u00f3n: 5 a 35 \u00b0C.<\/li>\n<li>Dimensiones: 88 X 482 X 724 mm.<\/li>\n<li>Peso: 14.5Kg.<\/li>\n<li>Para instalaci\u00f3n en rack de 4 postes (utilizar RKS1317).<\/li>\n<\/ul>\n<p><strong>Garant\u00eda 5 a\u00f1os.<\/strong><br \/>\n<em>*No incluye discos duros.<\/em><\/div>\n<\/div>\n<\/div>\n","protected":false},"excerpt":{"rendered":"<p><strong>SA3400 SYNOLOGY Servidor NAS para rack de 12 bah\u00edas \/ Expandible hasta 180 bah\u00edas \/ Hasta 1,536 TB en guadalajara jalisco mexico.<\/strong><\/p>\n","protected":false},"featured_media":15865,"template":"","meta":{"site-sidebar-layout":"","site-content-layout":"","ast-site-content-layout":"","site-content-style":"default","site-sidebar-style":"default","ast-global-header-display":"","ast-banner-title-visibility":"","ast-main-header-display":"","ast-hfb-above-header-display":"","ast-hfb-below-header-display":"","ast-hfb-mobile-header-display":"","site-post-title":"","ast-breadcrumbs-content":"","ast-featured-img":"","footer-sml-layout":"","theme-transparent-header-meta":"","adv-header-id-meta":"","stick-header-meta":"","header-above-stick-meta":"","header-main-stick-meta":"","header-below-stick-meta":"","astra-migrate-meta-layouts":""},"product_cat":[284],"product_tag":[],"yoast_head":"<!-- This site is optimized with the Yoast SEO plugin v19.5.1 - https:\/\/yoast.com\/wordpress\/plugins\/seo\/ -->\n<title>SA3400 SYNOLOGY Servidor NAS para rack de 12 bah\u00edas<\/title>\n<meta name=\"description\" content=\"Security Data &amp; Video SA de CV. SA3400 SYNOLOGY Servidor NAS para rack de 12 bah\u00edas \/ Expandible hasta 180 bah\u00edas \/ Hasta 1,536 TB en guadalajara jalisco mexico.\" \/>\n<meta name=\"robots\" content=\"index, follow, max-snippet:-1, max-image-preview:large, max-video-preview:-1\" \/>\n<link rel=\"canonical\" href=\"https:\/\/www.securitydataandvideo.com\/inicio\/shop\/sa3400-synology-servidor-nas-para-rack-de-12-bahias-expandible-hasta-180-bahias-hasta-1536-tb-en-guadalajara-jalisco-mexico\/\" \/>\n<meta property=\"og:locale\" content=\"es_MX\" \/>\n<meta property=\"og:type\" content=\"article\" \/>\n<meta property=\"og:title\" content=\"SA3400 SYNOLOGY Servidor NAS para rack de 12 bah\u00edas\" \/>\n<meta property=\"og:description\" content=\"Security Data &amp; Video SA de CV. SA3400 SYNOLOGY Servidor NAS para rack de 12 bah\u00edas \/ Expandible hasta 180 bah\u00edas \/ Hasta 1,536 TB en guadalajara jalisco mexico.\" \/>\n<meta property=\"og:url\" content=\"https:\/\/www.securitydataandvideo.com\/inicio\/shop\/sa3400-synology-servidor-nas-para-rack-de-12-bahias-expandible-hasta-180-bahias-hasta-1536-tb-en-guadalajara-jalisco-mexico\/\" \/>\n<meta property=\"og:site_name\" content=\"Security Data &amp; Video SA de CV.\" \/>\n<meta property=\"article:modified_time\" content=\"2022-07-21T17:31:44+00:00\" \/>\n<meta property=\"og:image\" content=\"https:\/\/www.securitydataandvideo.com\/inicio\/wp-content\/uploads\/2022\/07\/SA3400-p.png\" \/>\n\t<meta property=\"og:image:width\" content=\"400\" \/>\n\t<meta property=\"og:image:height\" content=\"400\" \/>\n\t<meta property=\"og:image:type\" content=\"image\/png\" \/>\n<meta name=\"twitter:card\" content=\"summary\" \/>\n<meta name=\"twitter:label1\" content=\"Tiempo de lectura\" \/>\n\t<meta name=\"twitter:data1\" content=\"3 minutos\" \/>\n<script type=\"application\/ld+json\" class=\"yoast-schema-graph\">{\"@context\":\"https:\/\/schema.org\",\"@graph\":[{\"@type\":\"WebPage\",\"@id\":\"https:\/\/www.securitydataandvideo.com\/inicio\/shop\/sa3400-synology-servidor-nas-para-rack-de-12-bahias-expandible-hasta-180-bahias-hasta-1536-tb-en-guadalajara-jalisco-mexico\/\",\"url\":\"https:\/\/www.securitydataandvideo.com\/inicio\/shop\/sa3400-synology-servidor-nas-para-rack-de-12-bahias-expandible-hasta-180-bahias-hasta-1536-tb-en-guadalajara-jalisco-mexico\/\",\"name\":\"SA3400 SYNOLOGY Servidor NAS para rack de 12 bah\u00edas\",\"isPartOf\":{\"@id\":\"https:\/\/www.securitydataandvideo.com\/inicio\/#website\"},\"datePublished\":\"2022-07-21T17:31:07+00:00\",\"dateModified\":\"2022-07-21T17:31:44+00:00\",\"description\":\"Security Data &amp; Video SA de CV. SA3400 SYNOLOGY Servidor NAS para rack de 12 bah\u00edas \/ Expandible hasta 180 bah\u00edas \/ Hasta 1,536 TB en guadalajara jalisco mexico.\",\"breadcrumb\":{\"@id\":\"https:\/\/www.securitydataandvideo.com\/inicio\/shop\/sa3400-synology-servidor-nas-para-rack-de-12-bahias-expandible-hasta-180-bahias-hasta-1536-tb-en-guadalajara-jalisco-mexico\/#breadcrumb\"},\"inLanguage\":\"es-MX\",\"potentialAction\":[{\"@type\":\"ReadAction\",\"target\":[\"https:\/\/www.securitydataandvideo.com\/inicio\/shop\/sa3400-synology-servidor-nas-para-rack-de-12-bahias-expandible-hasta-180-bahias-hasta-1536-tb-en-guadalajara-jalisco-mexico\/\"]}]},{\"@type\":\"BreadcrumbList\",\"@id\":\"https:\/\/www.securitydataandvideo.com\/inicio\/shop\/sa3400-synology-servidor-nas-para-rack-de-12-bahias-expandible-hasta-180-bahias-hasta-1536-tb-en-guadalajara-jalisco-mexico\/#breadcrumb\",\"itemListElement\":[{\"@type\":\"ListItem\",\"position\":1,\"name\":\"Inicio\",\"item\":\"https:\/\/www.securitydataandvideo.com\/inicio\/\"},{\"@type\":\"ListItem\",\"position\":2,\"name\":\"Shop\",\"item\":\"https:\/\/www.securitydataandvideo.com\/inicio\/shop\/\"},{\"@type\":\"ListItem\",\"position\":3,\"name\":\"SA3400 SYNOLOGY Servidor NAS para rack de 12 bah\u00edas \/ Expandible hasta 180 bah\u00edas \/ Hasta 1,536 TB en guadalajara jalisco mexico.\"}]},{\"@type\":\"WebSite\",\"@id\":\"https:\/\/www.securitydataandvideo.com\/inicio\/#website\",\"url\":\"https:\/\/www.securitydataandvideo.com\/inicio\/\",\"name\":\"Security Data &amp; Video SA de CV.\",\"description\":\"Seguridad Electr\u00f3nica y Energ\u00eda\",\"publisher\":{\"@id\":\"https:\/\/www.securitydataandvideo.com\/inicio\/#organization\"},\"potentialAction\":[{\"@type\":\"SearchAction\",\"target\":{\"@type\":\"EntryPoint\",\"urlTemplate\":\"https:\/\/www.securitydataandvideo.com\/inicio\/?s={search_term_string}\"},\"query-input\":\"required name=search_term_string\"}],\"inLanguage\":\"es-MX\"},{\"@type\":\"Organization\",\"@id\":\"https:\/\/www.securitydataandvideo.com\/inicio\/#organization\",\"name\":\"Security Data & Video SA de CV\",\"url\":\"https:\/\/www.securitydataandvideo.com\/inicio\/\",\"sameAs\":[],\"logo\":{\"@type\":\"ImageObject\",\"inLanguage\":\"es-MX\",\"@id\":\"https:\/\/www.securitydataandvideo.com\/inicio\/#\/schema\/logo\/image\/\",\"url\":\"https:\/\/www.securitydataandvideo.com\/inicio\/wp-content\/uploads\/2021\/10\/Logo-Azul.png\",\"contentUrl\":\"https:\/\/www.securitydataandvideo.com\/inicio\/wp-content\/uploads\/2021\/10\/Logo-Azul.png\",\"width\":555,\"height\":375,\"caption\":\"Security Data & Video SA de CV\"},\"image\":{\"@id\":\"https:\/\/www.securitydataandvideo.com\/inicio\/#\/schema\/logo\/image\/\"}}]}<\/script>\n<!-- \/ Yoast SEO plugin. -->","yoast_head_json":{"title":"SA3400 SYNOLOGY Servidor NAS para rack de 12 bah\u00edas","description":"Security Data &amp; Video SA de CV. SA3400 SYNOLOGY Servidor NAS para rack de 12 bah\u00edas \/ Expandible hasta 180 bah\u00edas \/ Hasta 1,536 TB en guadalajara jalisco mexico.","robots":{"index":"index","follow":"follow","max-snippet":"max-snippet:-1","max-image-preview":"max-image-preview:large","max-video-preview":"max-video-preview:-1"},"canonical":"https:\/\/www.securitydataandvideo.com\/inicio\/shop\/sa3400-synology-servidor-nas-para-rack-de-12-bahias-expandible-hasta-180-bahias-hasta-1536-tb-en-guadalajara-jalisco-mexico\/","og_locale":"es_MX","og_type":"article","og_title":"SA3400 SYNOLOGY Servidor NAS para rack de 12 bah\u00edas","og_description":"Security Data &amp; Video SA de CV. SA3400 SYNOLOGY Servidor NAS para rack de 12 bah\u00edas \/ Expandible hasta 180 bah\u00edas \/ Hasta 1,536 TB en guadalajara jalisco mexico.","og_url":"https:\/\/www.securitydataandvideo.com\/inicio\/shop\/sa3400-synology-servidor-nas-para-rack-de-12-bahias-expandible-hasta-180-bahias-hasta-1536-tb-en-guadalajara-jalisco-mexico\/","og_site_name":"Security Data &amp; Video SA de CV.","article_modified_time":"2022-07-21T17:31:44+00:00","og_image":[{"width":400,"height":400,"url":"https:\/\/www.securitydataandvideo.com\/inicio\/wp-content\/uploads\/2022\/07\/SA3400-p.png","type":"image\/png"}],"twitter_card":"summary","twitter_misc":{"Tiempo de lectura":"3 minutos"},"schema":{"@context":"https:\/\/schema.org","@graph":[{"@type":"WebPage","@id":"https:\/\/www.securitydataandvideo.com\/inicio\/shop\/sa3400-synology-servidor-nas-para-rack-de-12-bahias-expandible-hasta-180-bahias-hasta-1536-tb-en-guadalajara-jalisco-mexico\/","url":"https:\/\/www.securitydataandvideo.com\/inicio\/shop\/sa3400-synology-servidor-nas-para-rack-de-12-bahias-expandible-hasta-180-bahias-hasta-1536-tb-en-guadalajara-jalisco-mexico\/","name":"SA3400 SYNOLOGY Servidor NAS para rack de 12 bah\u00edas","isPartOf":{"@id":"https:\/\/www.securitydataandvideo.com\/inicio\/#website"},"datePublished":"2022-07-21T17:31:07+00:00","dateModified":"2022-07-21T17:31:44+00:00","description":"Security Data &amp; Video SA de CV. SA3400 SYNOLOGY Servidor NAS para rack de 12 bah\u00edas \/ Expandible hasta 180 bah\u00edas \/ Hasta 1,536 TB en guadalajara jalisco mexico.","breadcrumb":{"@id":"https:\/\/www.securitydataandvideo.com\/inicio\/shop\/sa3400-synology-servidor-nas-para-rack-de-12-bahias-expandible-hasta-180-bahias-hasta-1536-tb-en-guadalajara-jalisco-mexico\/#breadcrumb"},"inLanguage":"es-MX","potentialAction":[{"@type":"ReadAction","target":["https:\/\/www.securitydataandvideo.com\/inicio\/shop\/sa3400-synology-servidor-nas-para-rack-de-12-bahias-expandible-hasta-180-bahias-hasta-1536-tb-en-guadalajara-jalisco-mexico\/"]}]},{"@type":"BreadcrumbList","@id":"https:\/\/www.securitydataandvideo.com\/inicio\/shop\/sa3400-synology-servidor-nas-para-rack-de-12-bahias-expandible-hasta-180-bahias-hasta-1536-tb-en-guadalajara-jalisco-mexico\/#breadcrumb","itemListElement":[{"@type":"ListItem","position":1,"name":"Inicio","item":"https:\/\/www.securitydataandvideo.com\/inicio\/"},{"@type":"ListItem","position":2,"name":"Shop","item":"https:\/\/www.securitydataandvideo.com\/inicio\/shop\/"},{"@type":"ListItem","position":3,"name":"SA3400 SYNOLOGY Servidor NAS para rack de 12 bah\u00edas \/ Expandible hasta 180 bah\u00edas \/ Hasta 1,536 TB en guadalajara jalisco mexico."}]},{"@type":"WebSite","@id":"https:\/\/www.securitydataandvideo.com\/inicio\/#website","url":"https:\/\/www.securitydataandvideo.com\/inicio\/","name":"Security Data &amp; Video SA de CV.","description":"Seguridad Electr\u00f3nica y Energ\u00eda","publisher":{"@id":"https:\/\/www.securitydataandvideo.com\/inicio\/#organization"},"potentialAction":[{"@type":"SearchAction","target":{"@type":"EntryPoint","urlTemplate":"https:\/\/www.securitydataandvideo.com\/inicio\/?s={search_term_string}"},"query-input":"required name=search_term_string"}],"inLanguage":"es-MX"},{"@type":"Organization","@id":"https:\/\/www.securitydataandvideo.com\/inicio\/#organization","name":"Security Data & Video SA de CV","url":"https:\/\/www.securitydataandvideo.com\/inicio\/","sameAs":[],"logo":{"@type":"ImageObject","inLanguage":"es-MX","@id":"https:\/\/www.securitydataandvideo.com\/inicio\/#\/schema\/logo\/image\/","url":"https:\/\/www.securitydataandvideo.com\/inicio\/wp-content\/uploads\/2021\/10\/Logo-Azul.png","contentUrl":"https:\/\/www.securitydataandvideo.com\/inicio\/wp-content\/uploads\/2021\/10\/Logo-Azul.png","width":555,"height":375,"caption":"Security Data & Video SA de CV"},"image":{"@id":"https:\/\/www.securitydataandvideo.com\/inicio\/#\/schema\/logo\/image\/"}}]}},"_links":{"self":[{"href":"https:\/\/www.securitydataandvideo.com\/inicio\/wp-json\/wp\/v2\/product\/15816"}],"collection":[{"href":"https:\/\/www.securitydataandvideo.com\/inicio\/wp-json\/wp\/v2\/product"}],"about":[{"href":"https:\/\/www.securitydataandvideo.com\/inicio\/wp-json\/wp\/v2\/types\/product"}],"wp:featuredmedia":[{"embeddable":true,"href":"https:\/\/www.securitydataandvideo.com\/inicio\/wp-json\/wp\/v2\/media\/15865"}],"wp:attachment":[{"href":"https:\/\/www.securitydataandvideo.com\/inicio\/wp-json\/wp\/v2\/media?parent=15816"}],"wp:term":[{"taxonomy":"product_cat","embeddable":true,"href":"https:\/\/www.securitydataandvideo.com\/inicio\/wp-json\/wp\/v2\/product_cat?post=15816"},{"taxonomy":"product_tag","embeddable":true,"href":"https:\/\/www.securitydataandvideo.com\/inicio\/wp-json\/wp\/v2\/product_tag?post=15816"}],"curies":[{"name":"wp","href":"https:\/\/api.w.org\/{rel}","templated":true}]}}