{"id":15818,"date":"2022-07-21T11:31:07","date_gmt":"2022-07-21T17:31:07","guid":{"rendered":"https:\/\/www.securitydataandvideo.com\/inicio\/?post_type=product&#038;p=15818"},"modified":"2022-07-21T11:31:46","modified_gmt":"2022-07-21T17:31:46","slug":"rx1217sas-synology-unidad-de-expansion-sas-de-12-bahias-para-uso-en-rack-en-guadalajara-jalisco-mexico","status":"publish","type":"product","link":"https:\/\/www.securitydataandvideo.com\/inicio\/shop\/rx1217sas-synology-unidad-de-expansion-sas-de-12-bahias-para-uso-en-rack-en-guadalajara-jalisco-mexico\/","title":{"rendered":"RX1217SAS SYNOLOGY Unidad de expansi\u00f3n SAS de 12 bah\u00edas \/ Para uso en rack en guadalajara jalisco mexico."},"content":{"rendered":"<p><strong>RX1217SAS SYNOLOGY Unidad de expansi\u00f3n SAS de 12 bah\u00edas \/ Para uso en rack en guadalajara jalisco mexico.<\/strong><\/p>\n<p><strong>Almacenamiento:<\/strong><br \/>\n12 Bah\u00edas para Disco Duros (no incluidos).<br \/>\nUnidad de disco duro SAS de 3.5\u201d<br \/>\nUnidad de disco duro SAS de 2.5\u201d<br \/>\nSSD SAS de 2.5\u201d<br \/>\nUnidad de disco duro SATA de 3.5\u201d<br \/>\nSSD SATA de 2.5\u201d<br \/>\nSoporta discos duros de hasta 10 TB (comunicarse con ingenieria para verificar compatibilidad).<br \/>\nCapacidad de hasta 120 TB internos (Usando 12 discos de 10 TB).<br \/>\nHot Swap.<\/p>\n<p><strong>Puertos:<\/strong><br \/>\n1 puertos MiniSAS de entrada.<br \/>\n1 Puertos MiniSAs de salida.<\/p>\n<p><strong>Caracter\u00edsticas F\u00edsicas y El\u00e9ctricas:<\/strong><br \/>\nFuente de poder: 2 x 500W<br \/>\nVoltaje de entrada: 100V a240V CA<br \/>\nFrecuencia de alimentaci\u00f3n: 50\/60 Hz, monof\u00e1sico<br \/>\nConsumo de energ\u00eda: 132.7W<br \/>\nTemperatura de operaci\u00f3n: 5 a 35 \u00b0C.<br \/>\nDimensiones: 88 \u00a0X 482 \u00a0X 724 mm.<br \/>\nPeso: 18Kg.<br \/>\n<strong>Para instalaci\u00f3n en rack de 4 postes (utilizar RKS1317)<\/strong><\/p>\n<p><strong>Garant\u00eda 5 a\u00f1os.<\/strong><\/p>\n<p><strong>*Solo compatible con RS18017XSPLUS, FS3017 Y SA3400<\/strong><\/p>\n","protected":false},"excerpt":{"rendered":"<p><strong>RX1217SAS SYNOLOGY Unidad de expansi\u00f3n SAS de 12 bah\u00edas \/ Para uso en rack en guadalajara jalisco mexico.<\/strong><\/p>\n<p>&nbsp;<\/p>\n","protected":false},"featured_media":15867,"template":"","meta":{"site-sidebar-layout":"","site-content-layout":"","ast-site-content-layout":"","site-content-style":"default","site-sidebar-style":"default","ast-global-header-display":"","ast-banner-title-visibility":"","ast-main-header-display":"","ast-hfb-above-header-display":"","ast-hfb-below-header-display":"","ast-hfb-mobile-header-display":"","site-post-title":"","ast-breadcrumbs-content":"","ast-featured-img":"","footer-sml-layout":"","theme-transparent-header-meta":"","adv-header-id-meta":"","stick-header-meta":"","header-above-stick-meta":"","header-main-stick-meta":"","header-below-stick-meta":"","astra-migrate-meta-layouts":""},"product_cat":[284],"product_tag":[285],"yoast_head":"<!-- This site is optimized with the Yoast SEO plugin v19.5.1 - https:\/\/yoast.com\/wordpress\/plugins\/seo\/ -->\n<title>RX1217SAS SYNOLOGY Unidad de expansi\u00f3n SAS de 12<\/title>\n<meta name=\"description\" content=\"Security Data &amp; Video SA de CV. RX1217SAS SYNOLOGY Unidad de expansi\u00f3n SAS de 12 bah\u00edas \/ Para uso en rack en guadalajara jalisco mexico.\" \/>\n<meta name=\"robots\" content=\"index, follow, max-snippet:-1, max-image-preview:large, max-video-preview:-1\" \/>\n<link rel=\"canonical\" href=\"https:\/\/www.securitydataandvideo.com\/inicio\/shop\/rx1217sas-synology-unidad-de-expansion-sas-de-12-bahias-para-uso-en-rack-en-guadalajara-jalisco-mexico\/\" \/>\n<meta property=\"og:locale\" content=\"es_MX\" \/>\n<meta property=\"og:type\" content=\"article\" \/>\n<meta property=\"og:title\" content=\"RX1217SAS SYNOLOGY Unidad de expansi\u00f3n SAS de 12\" \/>\n<meta property=\"og:description\" content=\"Security Data &amp; Video SA de CV. RX1217SAS SYNOLOGY Unidad de expansi\u00f3n SAS de 12 bah\u00edas \/ Para uso en rack en guadalajara jalisco mexico.\" \/>\n<meta property=\"og:url\" content=\"https:\/\/www.securitydataandvideo.com\/inicio\/shop\/rx1217sas-synology-unidad-de-expansion-sas-de-12-bahias-para-uso-en-rack-en-guadalajara-jalisco-mexico\/\" \/>\n<meta property=\"og:site_name\" content=\"Security Data &amp; Video SA de CV.\" \/>\n<meta property=\"article:modified_time\" content=\"2022-07-21T17:31:46+00:00\" \/>\n<meta property=\"og:image\" content=\"https:\/\/www.securitydataandvideo.com\/inicio\/wp-content\/uploads\/2022\/07\/RX1217SAS-p.png\" \/>\n\t<meta property=\"og:image:width\" content=\"400\" \/>\n\t<meta property=\"og:image:height\" content=\"400\" \/>\n\t<meta property=\"og:image:type\" content=\"image\/png\" \/>\n<meta name=\"twitter:card\" content=\"summary\" \/>\n<meta name=\"twitter:label1\" content=\"Tiempo de lectura\" \/>\n\t<meta name=\"twitter:data1\" content=\"1 minuto\" \/>\n<script type=\"application\/ld+json\" class=\"yoast-schema-graph\">{\"@context\":\"https:\/\/schema.org\",\"@graph\":[{\"@type\":\"WebPage\",\"@id\":\"https:\/\/www.securitydataandvideo.com\/inicio\/shop\/rx1217sas-synology-unidad-de-expansion-sas-de-12-bahias-para-uso-en-rack-en-guadalajara-jalisco-mexico\/\",\"url\":\"https:\/\/www.securitydataandvideo.com\/inicio\/shop\/rx1217sas-synology-unidad-de-expansion-sas-de-12-bahias-para-uso-en-rack-en-guadalajara-jalisco-mexico\/\",\"name\":\"RX1217SAS SYNOLOGY Unidad de expansi\u00f3n SAS de 12\",\"isPartOf\":{\"@id\":\"https:\/\/www.securitydataandvideo.com\/inicio\/#website\"},\"datePublished\":\"2022-07-21T17:31:07+00:00\",\"dateModified\":\"2022-07-21T17:31:46+00:00\",\"description\":\"Security Data &amp; Video SA de CV. RX1217SAS SYNOLOGY Unidad de expansi\u00f3n SAS de 12 bah\u00edas \/ Para uso en rack en guadalajara jalisco mexico.\",\"breadcrumb\":{\"@id\":\"https:\/\/www.securitydataandvideo.com\/inicio\/shop\/rx1217sas-synology-unidad-de-expansion-sas-de-12-bahias-para-uso-en-rack-en-guadalajara-jalisco-mexico\/#breadcrumb\"},\"inLanguage\":\"es-MX\",\"potentialAction\":[{\"@type\":\"ReadAction\",\"target\":[\"https:\/\/www.securitydataandvideo.com\/inicio\/shop\/rx1217sas-synology-unidad-de-expansion-sas-de-12-bahias-para-uso-en-rack-en-guadalajara-jalisco-mexico\/\"]}]},{\"@type\":\"BreadcrumbList\",\"@id\":\"https:\/\/www.securitydataandvideo.com\/inicio\/shop\/rx1217sas-synology-unidad-de-expansion-sas-de-12-bahias-para-uso-en-rack-en-guadalajara-jalisco-mexico\/#breadcrumb\",\"itemListElement\":[{\"@type\":\"ListItem\",\"position\":1,\"name\":\"Inicio\",\"item\":\"https:\/\/www.securitydataandvideo.com\/inicio\/\"},{\"@type\":\"ListItem\",\"position\":2,\"name\":\"Shop\",\"item\":\"https:\/\/www.securitydataandvideo.com\/inicio\/shop\/\"},{\"@type\":\"ListItem\",\"position\":3,\"name\":\"RX1217SAS SYNOLOGY Unidad de expansi\u00f3n SAS de 12 bah\u00edas \/ Para uso en rack en guadalajara jalisco mexico.\"}]},{\"@type\":\"WebSite\",\"@id\":\"https:\/\/www.securitydataandvideo.com\/inicio\/#website\",\"url\":\"https:\/\/www.securitydataandvideo.com\/inicio\/\",\"name\":\"Security Data &amp; Video SA de CV.\",\"description\":\"Seguridad Electr\u00f3nica y Energ\u00eda\",\"publisher\":{\"@id\":\"https:\/\/www.securitydataandvideo.com\/inicio\/#organization\"},\"potentialAction\":[{\"@type\":\"SearchAction\",\"target\":{\"@type\":\"EntryPoint\",\"urlTemplate\":\"https:\/\/www.securitydataandvideo.com\/inicio\/?s={search_term_string}\"},\"query-input\":\"required name=search_term_string\"}],\"inLanguage\":\"es-MX\"},{\"@type\":\"Organization\",\"@id\":\"https:\/\/www.securitydataandvideo.com\/inicio\/#organization\",\"name\":\"Security Data & Video SA de CV\",\"url\":\"https:\/\/www.securitydataandvideo.com\/inicio\/\",\"sameAs\":[],\"logo\":{\"@type\":\"ImageObject\",\"inLanguage\":\"es-MX\",\"@id\":\"https:\/\/www.securitydataandvideo.com\/inicio\/#\/schema\/logo\/image\/\",\"url\":\"https:\/\/www.securitydataandvideo.com\/inicio\/wp-content\/uploads\/2021\/10\/Logo-Azul.png\",\"contentUrl\":\"https:\/\/www.securitydataandvideo.com\/inicio\/wp-content\/uploads\/2021\/10\/Logo-Azul.png\",\"width\":555,\"height\":375,\"caption\":\"Security Data & Video SA de CV\"},\"image\":{\"@id\":\"https:\/\/www.securitydataandvideo.com\/inicio\/#\/schema\/logo\/image\/\"}}]}<\/script>\n<!-- \/ Yoast SEO plugin. -->","yoast_head_json":{"title":"RX1217SAS SYNOLOGY Unidad de expansi\u00f3n SAS de 12","description":"Security Data &amp; Video SA de CV. RX1217SAS SYNOLOGY Unidad de expansi\u00f3n SAS de 12 bah\u00edas \/ Para uso en rack en guadalajara jalisco mexico.","robots":{"index":"index","follow":"follow","max-snippet":"max-snippet:-1","max-image-preview":"max-image-preview:large","max-video-preview":"max-video-preview:-1"},"canonical":"https:\/\/www.securitydataandvideo.com\/inicio\/shop\/rx1217sas-synology-unidad-de-expansion-sas-de-12-bahias-para-uso-en-rack-en-guadalajara-jalisco-mexico\/","og_locale":"es_MX","og_type":"article","og_title":"RX1217SAS SYNOLOGY Unidad de expansi\u00f3n SAS de 12","og_description":"Security Data &amp; Video SA de CV. RX1217SAS SYNOLOGY Unidad de expansi\u00f3n SAS de 12 bah\u00edas \/ Para uso en rack en guadalajara jalisco mexico.","og_url":"https:\/\/www.securitydataandvideo.com\/inicio\/shop\/rx1217sas-synology-unidad-de-expansion-sas-de-12-bahias-para-uso-en-rack-en-guadalajara-jalisco-mexico\/","og_site_name":"Security Data &amp; Video SA de CV.","article_modified_time":"2022-07-21T17:31:46+00:00","og_image":[{"width":400,"height":400,"url":"https:\/\/www.securitydataandvideo.com\/inicio\/wp-content\/uploads\/2022\/07\/RX1217SAS-p.png","type":"image\/png"}],"twitter_card":"summary","twitter_misc":{"Tiempo de lectura":"1 minuto"},"schema":{"@context":"https:\/\/schema.org","@graph":[{"@type":"WebPage","@id":"https:\/\/www.securitydataandvideo.com\/inicio\/shop\/rx1217sas-synology-unidad-de-expansion-sas-de-12-bahias-para-uso-en-rack-en-guadalajara-jalisco-mexico\/","url":"https:\/\/www.securitydataandvideo.com\/inicio\/shop\/rx1217sas-synology-unidad-de-expansion-sas-de-12-bahias-para-uso-en-rack-en-guadalajara-jalisco-mexico\/","name":"RX1217SAS SYNOLOGY Unidad de expansi\u00f3n SAS de 12","isPartOf":{"@id":"https:\/\/www.securitydataandvideo.com\/inicio\/#website"},"datePublished":"2022-07-21T17:31:07+00:00","dateModified":"2022-07-21T17:31:46+00:00","description":"Security Data &amp; Video SA de CV. RX1217SAS SYNOLOGY Unidad de expansi\u00f3n SAS de 12 bah\u00edas \/ Para uso en rack en guadalajara jalisco mexico.","breadcrumb":{"@id":"https:\/\/www.securitydataandvideo.com\/inicio\/shop\/rx1217sas-synology-unidad-de-expansion-sas-de-12-bahias-para-uso-en-rack-en-guadalajara-jalisco-mexico\/#breadcrumb"},"inLanguage":"es-MX","potentialAction":[{"@type":"ReadAction","target":["https:\/\/www.securitydataandvideo.com\/inicio\/shop\/rx1217sas-synology-unidad-de-expansion-sas-de-12-bahias-para-uso-en-rack-en-guadalajara-jalisco-mexico\/"]}]},{"@type":"BreadcrumbList","@id":"https:\/\/www.securitydataandvideo.com\/inicio\/shop\/rx1217sas-synology-unidad-de-expansion-sas-de-12-bahias-para-uso-en-rack-en-guadalajara-jalisco-mexico\/#breadcrumb","itemListElement":[{"@type":"ListItem","position":1,"name":"Inicio","item":"https:\/\/www.securitydataandvideo.com\/inicio\/"},{"@type":"ListItem","position":2,"name":"Shop","item":"https:\/\/www.securitydataandvideo.com\/inicio\/shop\/"},{"@type":"ListItem","position":3,"name":"RX1217SAS SYNOLOGY Unidad de expansi\u00f3n SAS de 12 bah\u00edas \/ Para uso en rack en guadalajara jalisco mexico."}]},{"@type":"WebSite","@id":"https:\/\/www.securitydataandvideo.com\/inicio\/#website","url":"https:\/\/www.securitydataandvideo.com\/inicio\/","name":"Security Data &amp; Video SA de CV.","description":"Seguridad Electr\u00f3nica y Energ\u00eda","publisher":{"@id":"https:\/\/www.securitydataandvideo.com\/inicio\/#organization"},"potentialAction":[{"@type":"SearchAction","target":{"@type":"EntryPoint","urlTemplate":"https:\/\/www.securitydataandvideo.com\/inicio\/?s={search_term_string}"},"query-input":"required name=search_term_string"}],"inLanguage":"es-MX"},{"@type":"Organization","@id":"https:\/\/www.securitydataandvideo.com\/inicio\/#organization","name":"Security Data & Video SA de CV","url":"https:\/\/www.securitydataandvideo.com\/inicio\/","sameAs":[],"logo":{"@type":"ImageObject","inLanguage":"es-MX","@id":"https:\/\/www.securitydataandvideo.com\/inicio\/#\/schema\/logo\/image\/","url":"https:\/\/www.securitydataandvideo.com\/inicio\/wp-content\/uploads\/2021\/10\/Logo-Azul.png","contentUrl":"https:\/\/www.securitydataandvideo.com\/inicio\/wp-content\/uploads\/2021\/10\/Logo-Azul.png","width":555,"height":375,"caption":"Security Data & Video SA de CV"},"image":{"@id":"https:\/\/www.securitydataandvideo.com\/inicio\/#\/schema\/logo\/image\/"}}]}},"_links":{"self":[{"href":"https:\/\/www.securitydataandvideo.com\/inicio\/wp-json\/wp\/v2\/product\/15818"}],"collection":[{"href":"https:\/\/www.securitydataandvideo.com\/inicio\/wp-json\/wp\/v2\/product"}],"about":[{"href":"https:\/\/www.securitydataandvideo.com\/inicio\/wp-json\/wp\/v2\/types\/product"}],"wp:featuredmedia":[{"embeddable":true,"href":"https:\/\/www.securitydataandvideo.com\/inicio\/wp-json\/wp\/v2\/media\/15867"}],"wp:attachment":[{"href":"https:\/\/www.securitydataandvideo.com\/inicio\/wp-json\/wp\/v2\/media?parent=15818"}],"wp:term":[{"taxonomy":"product_cat","embeddable":true,"href":"https:\/\/www.securitydataandvideo.com\/inicio\/wp-json\/wp\/v2\/product_cat?post=15818"},{"taxonomy":"product_tag","embeddable":true,"href":"https:\/\/www.securitydataandvideo.com\/inicio\/wp-json\/wp\/v2\/product_tag?post=15818"}],"curies":[{"name":"wp","href":"https:\/\/api.w.org\/{rel}","templated":true}]}}