{"id":15820,"date":"2022-07-21T11:31:07","date_gmt":"2022-07-21T17:31:07","guid":{"rendered":"https:\/\/www.securitydataandvideo.com\/inicio\/?post_type=product&#038;p=15820"},"modified":"2023-10-02T16:33:01","modified_gmt":"2023-10-02T22:33:01","slug":"tope-de-caucho-para-estacionamiento-park-it-1-83m-color-negro-amarilo-en-guadalajara-jalisco-mexico","status":"publish","type":"product","link":"https:\/\/www.securitydataandvideo.com\/inicio\/shop\/tope-de-caucho-para-estacionamiento-park-it-1-83m-color-negro-amarilo-en-guadalajara-jalisco-mexico\/","title":{"rendered":"Tope de caucho para Estacionamiento Park It 1.83m color Negro-Amarilo en guadalajara jalisco mexico."},"content":{"rendered":"<p><strong>16-101 GNR Tope de caucho para Estacionamiento Park It 1.83m color Negro-Amarilo en guadalajara jalisco mexico.<\/strong><\/p>\n<p style=\"font-weight: 400;\">El tope de estacionamiento residencial Home Park It se utiliza para guiar a los veh\u00edculos en el momento de estacionarse as\u00ed como para proteger el frente del coche de un golpe contra un muro o columna. El tope permite estacionarse sin preocupaciones en garajes o cocheras.<\/p>\n<p>\u00a0una gu\u00eda para estacionarse con seguridad en espacios limitados. Esta soluci\u00f3n espec\u00edfica para uso residencial protege sus bienes de valor as\u00ed como da\u00f1os al estacionamiento. Construidos de hule reciclado y moldeados con cinta reflejante, el tope residencial Home Park IT es muy visible y muy duradero.<\/p>\n<p>Tiene \u00a0183 \u00a0cent\u00edmetros de largo y 10 cent\u00edmetros de alto Tope de caucho para Estacionamiento<br \/>\nEl tope residencial Park It tiene una Garant\u00eda de 2 a\u00f1os en el hule y 8 meses en la cinta.<\/p>\n<p>Los topes residenciales Park It son:<br \/>\nHechos 100% de hule reciclado.<br \/>\nDuraderos y con buena relaci\u00f3n costo\/beneficio.<br \/>\nIdeales para estacionamientos abiertos o cubiertos.<br \/>\nIrrompibles: No se pandean, rompen, agrietan, desmoronan u opacan.<br \/>\nMuy visibles de noche.<br \/>\nDe f\u00e1cil instalaci\u00f3n por una sola persona.<br \/>\nResistentes a la luz ultravioleta, humedad, aceite y temperaturas extremas.<br \/>\nInstalaci\u00f3n permanente o temporal.<br \/>\nLigeros &#8211; 1\/10 parte del peso de un tope de concreto.<br \/>\nLibres de mantenimiento.<br \/>\nCon 2 a\u00f1os de garant\u00eda en el hule y 8 meses en la cinta.<br \/>\nDimensiones:183 x 15 x 10 cms. <sup><sub>(Largo, Ancho, Alto)<\/sub><\/sup><br \/>\nPeso: 15.5 Kg.<br \/>\nInstalaciones frecuentes:<\/p>\n<p>Estacionamientos al aire libre<br \/>\nEstacionamientos techados<br \/>\nGarages<br \/>\nBodegas<br \/>\nPara proteger paredes o bordes de estacionamientos<\/p>\n<p>Nota.- Clavos o Tornillos no inlcuidos, ya que depende del lugar de la instalacion<\/p>\n<p>Para:<br \/>\nInstalaci\u00f3n en asfalto\u00a0 utilizar 4 clavos, modelo 91400<br \/>\ninstalaci\u00f3n en concreto utilizar 4 \u00a0tornillos. Modelo 91500<\/p>\n","protected":false},"excerpt":{"rendered":"<p><strong>16-101 GNR Tope de Estacionamiento Park It 1.83m color Negro-Amarilo en guadalajara jalisco mexico.<\/strong><\/p>\n","protected":false},"featured_media":15869,"template":"","meta":{"site-sidebar-layout":"","site-content-layout":"","ast-site-content-layout":"","site-content-style":"default","site-sidebar-style":"default","ast-global-header-display":"","ast-banner-title-visibility":"","ast-main-header-display":"","ast-hfb-above-header-display":"","ast-hfb-below-header-display":"","ast-hfb-mobile-header-display":"","site-post-title":"","ast-breadcrumbs-content":"","ast-featured-img":"","footer-sml-layout":"","theme-transparent-header-meta":"","adv-header-id-meta":"","stick-header-meta":"","header-above-stick-meta":"","header-main-stick-meta":"","header-below-stick-meta":"","astra-migrate-meta-layouts":""},"product_cat":[251],"product_tag":[],"yoast_head":"<!-- This site is optimized with the Yoast SEO plugin v19.5.1 - https:\/\/yoast.com\/wordpress\/plugins\/seo\/ -->\n<title>Tope de caucho para Estacionamiento Park It 1.83m color Negro-Amarilo<\/title>\n<meta name=\"description\" content=\"Security Data &amp; Video SA de CV. 16-101 GNR Tope de caucho para Estacionamiento Park It 1.83m color Negro-Amarilo en guadalajara jalisco mexico.\" \/>\n<meta name=\"robots\" content=\"index, follow, max-snippet:-1, max-image-preview:large, max-video-preview:-1\" \/>\n<link rel=\"canonical\" href=\"https:\/\/www.securitydataandvideo.com\/inicio\/shop\/tope-de-caucho-para-estacionamiento-park-it-1-83m-color-negro-amarilo-en-guadalajara-jalisco-mexico\/\" \/>\n<meta property=\"og:locale\" content=\"es_MX\" \/>\n<meta property=\"og:type\" content=\"article\" \/>\n<meta property=\"og:title\" content=\"Tope de caucho para Estacionamiento Park It 1.83m color Negro-Amarilo\" \/>\n<meta property=\"og:description\" content=\"Security Data &amp; Video SA de CV. 16-101 GNR Tope de caucho para Estacionamiento Park It 1.83m color Negro-Amarilo en guadalajara jalisco mexico.\" \/>\n<meta property=\"og:url\" content=\"https:\/\/www.securitydataandvideo.com\/inicio\/shop\/tope-de-caucho-para-estacionamiento-park-it-1-83m-color-negro-amarilo-en-guadalajara-jalisco-mexico\/\" \/>\n<meta property=\"og:site_name\" content=\"Security Data &amp; Video SA de CV.\" \/>\n<meta property=\"article:modified_time\" content=\"2023-10-02T22:33:01+00:00\" \/>\n<meta property=\"og:image\" content=\"https:\/\/www.securitydataandvideo.com\/inicio\/wp-content\/uploads\/2022\/07\/16-101.png\" \/>\n\t<meta property=\"og:image:width\" content=\"329\" \/>\n\t<meta property=\"og:image:height\" content=\"249\" \/>\n\t<meta property=\"og:image:type\" content=\"image\/png\" \/>\n<meta name=\"twitter:card\" content=\"summary\" \/>\n<meta name=\"twitter:label1\" content=\"Tiempo de lectura\" \/>\n\t<meta name=\"twitter:data1\" content=\"1 minuto\" \/>\n<script type=\"application\/ld+json\" class=\"yoast-schema-graph\">{\"@context\":\"https:\/\/schema.org\",\"@graph\":[{\"@type\":\"WebPage\",\"@id\":\"https:\/\/www.securitydataandvideo.com\/inicio\/shop\/tope-de-caucho-para-estacionamiento-park-it-1-83m-color-negro-amarilo-en-guadalajara-jalisco-mexico\/\",\"url\":\"https:\/\/www.securitydataandvideo.com\/inicio\/shop\/tope-de-caucho-para-estacionamiento-park-it-1-83m-color-negro-amarilo-en-guadalajara-jalisco-mexico\/\",\"name\":\"Tope de caucho para Estacionamiento Park It 1.83m color Negro-Amarilo\",\"isPartOf\":{\"@id\":\"https:\/\/www.securitydataandvideo.com\/inicio\/#website\"},\"datePublished\":\"2022-07-21T17:31:07+00:00\",\"dateModified\":\"2023-10-02T22:33:01+00:00\",\"description\":\"Security Data &amp; Video SA de CV. 16-101 GNR Tope de caucho para Estacionamiento Park It 1.83m color Negro-Amarilo en guadalajara jalisco mexico.\",\"breadcrumb\":{\"@id\":\"https:\/\/www.securitydataandvideo.com\/inicio\/shop\/tope-de-caucho-para-estacionamiento-park-it-1-83m-color-negro-amarilo-en-guadalajara-jalisco-mexico\/#breadcrumb\"},\"inLanguage\":\"es-MX\",\"potentialAction\":[{\"@type\":\"ReadAction\",\"target\":[\"https:\/\/www.securitydataandvideo.com\/inicio\/shop\/tope-de-caucho-para-estacionamiento-park-it-1-83m-color-negro-amarilo-en-guadalajara-jalisco-mexico\/\"]}]},{\"@type\":\"BreadcrumbList\",\"@id\":\"https:\/\/www.securitydataandvideo.com\/inicio\/shop\/tope-de-caucho-para-estacionamiento-park-it-1-83m-color-negro-amarilo-en-guadalajara-jalisco-mexico\/#breadcrumb\",\"itemListElement\":[{\"@type\":\"ListItem\",\"position\":1,\"name\":\"Inicio\",\"item\":\"https:\/\/www.securitydataandvideo.com\/inicio\/\"},{\"@type\":\"ListItem\",\"position\":2,\"name\":\"Shop\",\"item\":\"https:\/\/www.securitydataandvideo.com\/inicio\/shop\/\"},{\"@type\":\"ListItem\",\"position\":3,\"name\":\"Tope de caucho para Estacionamiento Park It 1.83m color Negro-Amarilo en guadalajara jalisco mexico.\"}]},{\"@type\":\"WebSite\",\"@id\":\"https:\/\/www.securitydataandvideo.com\/inicio\/#website\",\"url\":\"https:\/\/www.securitydataandvideo.com\/inicio\/\",\"name\":\"Security Data &amp; Video SA de CV.\",\"description\":\"Seguridad Electr\u00f3nica y Energ\u00eda\",\"publisher\":{\"@id\":\"https:\/\/www.securitydataandvideo.com\/inicio\/#organization\"},\"potentialAction\":[{\"@type\":\"SearchAction\",\"target\":{\"@type\":\"EntryPoint\",\"urlTemplate\":\"https:\/\/www.securitydataandvideo.com\/inicio\/?s={search_term_string}\"},\"query-input\":\"required name=search_term_string\"}],\"inLanguage\":\"es-MX\"},{\"@type\":\"Organization\",\"@id\":\"https:\/\/www.securitydataandvideo.com\/inicio\/#organization\",\"name\":\"Security Data & Video SA de CV\",\"url\":\"https:\/\/www.securitydataandvideo.com\/inicio\/\",\"sameAs\":[],\"logo\":{\"@type\":\"ImageObject\",\"inLanguage\":\"es-MX\",\"@id\":\"https:\/\/www.securitydataandvideo.com\/inicio\/#\/schema\/logo\/image\/\",\"url\":\"https:\/\/www.securitydataandvideo.com\/inicio\/wp-content\/uploads\/2021\/10\/Logo-Azul.png\",\"contentUrl\":\"https:\/\/www.securitydataandvideo.com\/inicio\/wp-content\/uploads\/2021\/10\/Logo-Azul.png\",\"width\":555,\"height\":375,\"caption\":\"Security Data & Video SA de CV\"},\"image\":{\"@id\":\"https:\/\/www.securitydataandvideo.com\/inicio\/#\/schema\/logo\/image\/\"}}]}<\/script>\n<!-- \/ Yoast SEO plugin. -->","yoast_head_json":{"title":"Tope de caucho para Estacionamiento Park It 1.83m color Negro-Amarilo","description":"Security Data &amp; Video SA de CV. 16-101 GNR Tope de caucho para Estacionamiento Park It 1.83m color Negro-Amarilo en guadalajara jalisco mexico.","robots":{"index":"index","follow":"follow","max-snippet":"max-snippet:-1","max-image-preview":"max-image-preview:large","max-video-preview":"max-video-preview:-1"},"canonical":"https:\/\/www.securitydataandvideo.com\/inicio\/shop\/tope-de-caucho-para-estacionamiento-park-it-1-83m-color-negro-amarilo-en-guadalajara-jalisco-mexico\/","og_locale":"es_MX","og_type":"article","og_title":"Tope de caucho para Estacionamiento Park It 1.83m color Negro-Amarilo","og_description":"Security Data &amp; Video SA de CV. 16-101 GNR Tope de caucho para Estacionamiento Park It 1.83m color Negro-Amarilo en guadalajara jalisco mexico.","og_url":"https:\/\/www.securitydataandvideo.com\/inicio\/shop\/tope-de-caucho-para-estacionamiento-park-it-1-83m-color-negro-amarilo-en-guadalajara-jalisco-mexico\/","og_site_name":"Security Data &amp; Video SA de CV.","article_modified_time":"2023-10-02T22:33:01+00:00","og_image":[{"width":329,"height":249,"url":"https:\/\/www.securitydataandvideo.com\/inicio\/wp-content\/uploads\/2022\/07\/16-101.png","type":"image\/png"}],"twitter_card":"summary","twitter_misc":{"Tiempo de lectura":"1 minuto"},"schema":{"@context":"https:\/\/schema.org","@graph":[{"@type":"WebPage","@id":"https:\/\/www.securitydataandvideo.com\/inicio\/shop\/tope-de-caucho-para-estacionamiento-park-it-1-83m-color-negro-amarilo-en-guadalajara-jalisco-mexico\/","url":"https:\/\/www.securitydataandvideo.com\/inicio\/shop\/tope-de-caucho-para-estacionamiento-park-it-1-83m-color-negro-amarilo-en-guadalajara-jalisco-mexico\/","name":"Tope de caucho para Estacionamiento Park It 1.83m color Negro-Amarilo","isPartOf":{"@id":"https:\/\/www.securitydataandvideo.com\/inicio\/#website"},"datePublished":"2022-07-21T17:31:07+00:00","dateModified":"2023-10-02T22:33:01+00:00","description":"Security Data &amp; Video SA de CV. 16-101 GNR Tope de caucho para Estacionamiento Park It 1.83m color Negro-Amarilo en guadalajara jalisco mexico.","breadcrumb":{"@id":"https:\/\/www.securitydataandvideo.com\/inicio\/shop\/tope-de-caucho-para-estacionamiento-park-it-1-83m-color-negro-amarilo-en-guadalajara-jalisco-mexico\/#breadcrumb"},"inLanguage":"es-MX","potentialAction":[{"@type":"ReadAction","target":["https:\/\/www.securitydataandvideo.com\/inicio\/shop\/tope-de-caucho-para-estacionamiento-park-it-1-83m-color-negro-amarilo-en-guadalajara-jalisco-mexico\/"]}]},{"@type":"BreadcrumbList","@id":"https:\/\/www.securitydataandvideo.com\/inicio\/shop\/tope-de-caucho-para-estacionamiento-park-it-1-83m-color-negro-amarilo-en-guadalajara-jalisco-mexico\/#breadcrumb","itemListElement":[{"@type":"ListItem","position":1,"name":"Inicio","item":"https:\/\/www.securitydataandvideo.com\/inicio\/"},{"@type":"ListItem","position":2,"name":"Shop","item":"https:\/\/www.securitydataandvideo.com\/inicio\/shop\/"},{"@type":"ListItem","position":3,"name":"Tope de caucho para Estacionamiento Park It 1.83m color Negro-Amarilo en guadalajara jalisco mexico."}]},{"@type":"WebSite","@id":"https:\/\/www.securitydataandvideo.com\/inicio\/#website","url":"https:\/\/www.securitydataandvideo.com\/inicio\/","name":"Security Data &amp; Video SA de CV.","description":"Seguridad Electr\u00f3nica y Energ\u00eda","publisher":{"@id":"https:\/\/www.securitydataandvideo.com\/inicio\/#organization"},"potentialAction":[{"@type":"SearchAction","target":{"@type":"EntryPoint","urlTemplate":"https:\/\/www.securitydataandvideo.com\/inicio\/?s={search_term_string}"},"query-input":"required name=search_term_string"}],"inLanguage":"es-MX"},{"@type":"Organization","@id":"https:\/\/www.securitydataandvideo.com\/inicio\/#organization","name":"Security Data & Video SA de CV","url":"https:\/\/www.securitydataandvideo.com\/inicio\/","sameAs":[],"logo":{"@type":"ImageObject","inLanguage":"es-MX","@id":"https:\/\/www.securitydataandvideo.com\/inicio\/#\/schema\/logo\/image\/","url":"https:\/\/www.securitydataandvideo.com\/inicio\/wp-content\/uploads\/2021\/10\/Logo-Azul.png","contentUrl":"https:\/\/www.securitydataandvideo.com\/inicio\/wp-content\/uploads\/2021\/10\/Logo-Azul.png","width":555,"height":375,"caption":"Security Data & Video SA de CV"},"image":{"@id":"https:\/\/www.securitydataandvideo.com\/inicio\/#\/schema\/logo\/image\/"}}]}},"_links":{"self":[{"href":"https:\/\/www.securitydataandvideo.com\/inicio\/wp-json\/wp\/v2\/product\/15820"}],"collection":[{"href":"https:\/\/www.securitydataandvideo.com\/inicio\/wp-json\/wp\/v2\/product"}],"about":[{"href":"https:\/\/www.securitydataandvideo.com\/inicio\/wp-json\/wp\/v2\/types\/product"}],"wp:featuredmedia":[{"embeddable":true,"href":"https:\/\/www.securitydataandvideo.com\/inicio\/wp-json\/wp\/v2\/media\/15869"}],"wp:attachment":[{"href":"https:\/\/www.securitydataandvideo.com\/inicio\/wp-json\/wp\/v2\/media?parent=15820"}],"wp:term":[{"taxonomy":"product_cat","embeddable":true,"href":"https:\/\/www.securitydataandvideo.com\/inicio\/wp-json\/wp\/v2\/product_cat?post=15820"},{"taxonomy":"product_tag","embeddable":true,"href":"https:\/\/www.securitydataandvideo.com\/inicio\/wp-json\/wp\/v2\/product_tag?post=15820"}],"curies":[{"name":"wp","href":"https:\/\/api.w.org\/{rel}","templated":true}]}}