{"id":15852,"date":"2022-07-21T11:31:42","date_gmt":"2022-07-21T17:31:42","guid":{"rendered":"https:\/\/www.securitydataandvideo.com\/inicio\/?post_type=product&#038;p=15852"},"modified":"2023-10-02T16:36:07","modified_gmt":"2023-10-02T22:36:07","slug":"tope-reductor-de-velocidad-safety-rider-vulcanizado-en-guadalajara-jalisco","status":"publish","type":"product","link":"https:\/\/www.securitydataandvideo.com\/inicio\/shop\/tope-reductor-de-velocidad-safety-rider-vulcanizado-en-guadalajara-jalisco\/","title":{"rendered":"Tope reductor de velocidad Safety Rider Vulcanizado en guadalajara jalisco."},"content":{"rendered":"<p><strong>23500-V GNR Tope reductor de velocidad Safety Rider Vulcanizado en guadalajara jalisco.<\/strong><\/p>\n<p>El tope reductor de velocidad Safety Rider Vulcanizado est\u00e1 construido 100% de hule virgen. A diferencia de los topes de asfalto, nuestros topes est\u00e1n construidos con un perfil consistente y uniforme lo que permite un tr\u00e1nsito seguro. Los topes son f\u00e1ciles de instalar y no requieren el cierre de la calle para su instalaci\u00f3n.<\/p>\n<p>Los topes cuentan con orificios por los que se hace pasar un taquete de pl\u00e1stico por los que a su vez se pasa un clavo o bul\u00f3n por medio del cual se fijan al suelo. Los topes pueden ser retirados con facilidad para su almacenaje o re-ubicaci\u00f3n.<\/p>\n<p>Safety Rider Vulcanizado cuenta con una garant\u00eda de 1 a\u00f1o bajo condiciones normales de uso.<\/p>\n<p>Los topes Safety Rider Vulcanizados son:<\/p>\n<p>Hechos 100% de hule virgen.<br \/>\nCon dise\u00f1o inerligado que permite cubrir cualquier ancho de calle.<br \/>\nsistema de ranura y leng\u00fceta permite que el tope se mantenga fijado firmemente en su lugar.<br \/>\ncinta reflejante de alta visibilidad.<br \/>\nDe f\u00e1cil instalaci\u00f3n en cualquier superficie pavimentada.<br \/>\nSu instalaci\u00f3n no requiere capacitaci\u00f3n.<br \/>\nLigeros y recolocables.<br \/>\nLibres de mantenimiento.<br \/>\ngarant\u00eda de 1 a\u00f1o.<\/p>\n<p><img src=\"http:\/\/ftp3.syscom.mx\/usuarios\/gjimenez\/TOPES\/SRVulcanizado1.jpg\" alt=\"\" \/><br \/>\n<img src=\"http:\/\/ftp3.syscom.mx\/usuarios\/gjimenez\/TOPES\/SRVulcanizado3.jpg\" alt=\"\" \/><br \/>\n<img src=\"http:\/\/ftp3.syscom.mx\/usuarios\/gjimenez\/TOPES\/SRVulcanizado4.jpg\" alt=\"\" \/><\/p>\n","protected":false},"excerpt":{"rendered":"<p><strong>23500-V GNR Tope reductor de velocidad Safety Rider Vulcanizado en guadalajara jalisco.<\/strong><\/p>\n","protected":false},"featured_media":15881,"template":"","meta":{"site-sidebar-layout":"","site-content-layout":"","ast-site-content-layout":"","site-content-style":"default","site-sidebar-style":"default","ast-global-header-display":"","ast-banner-title-visibility":"","ast-main-header-display":"","ast-hfb-above-header-display":"","ast-hfb-below-header-display":"","ast-hfb-mobile-header-display":"","site-post-title":"","ast-breadcrumbs-content":"","ast-featured-img":"","footer-sml-layout":"","theme-transparent-header-meta":"","adv-header-id-meta":"","stick-header-meta":"","header-above-stick-meta":"","header-main-stick-meta":"","header-below-stick-meta":"","astra-migrate-meta-layouts":""},"product_cat":[251],"product_tag":[288],"yoast_head":"<!-- This site is optimized with the Yoast SEO plugin v19.5.1 - https:\/\/yoast.com\/wordpress\/plugins\/seo\/ -->\n<title>Tope reductor de velocidad - 23500-V GNR Vulcanizado<\/title>\n<meta name=\"description\" content=\"Security Data &amp; Video SA de CV. 23500-V GNR Tope reductor de velocidad Safety Rider Vulcanizado en guadalajara jalisco, Venta e Instalacion.\" \/>\n<meta name=\"robots\" content=\"index, follow, max-snippet:-1, max-image-preview:large, max-video-preview:-1\" \/>\n<link rel=\"canonical\" href=\"https:\/\/www.securitydataandvideo.com\/inicio\/shop\/tope-reductor-de-velocidad-safety-rider-vulcanizado-en-guadalajara-jalisco\/\" \/>\n<meta property=\"og:locale\" content=\"es_MX\" \/>\n<meta property=\"og:type\" content=\"article\" \/>\n<meta property=\"og:title\" content=\"Tope reductor de velocidad - 23500-V GNR Vulcanizado\" \/>\n<meta property=\"og:description\" content=\"Security Data &amp; Video SA de CV. 23500-V GNR Tope reductor de velocidad Safety Rider Vulcanizado en guadalajara jalisco, Venta e Instalacion.\" \/>\n<meta property=\"og:url\" content=\"https:\/\/www.securitydataandvideo.com\/inicio\/shop\/tope-reductor-de-velocidad-safety-rider-vulcanizado-en-guadalajara-jalisco\/\" \/>\n<meta property=\"og:site_name\" content=\"Security Data &amp; Video SA de CV.\" \/>\n<meta property=\"article:modified_time\" content=\"2023-10-02T22:36:07+00:00\" \/>\n<meta property=\"og:image\" content=\"https:\/\/www.securitydataandvideo.com\/inicio\/wp-content\/uploads\/2022\/07\/23500V-p.png\" \/>\n\t<meta property=\"og:image:width\" content=\"400\" \/>\n\t<meta property=\"og:image:height\" content=\"400\" \/>\n\t<meta property=\"og:image:type\" content=\"image\/png\" \/>\n<meta name=\"twitter:card\" content=\"summary\" \/>\n<meta name=\"twitter:label1\" content=\"Tiempo de lectura\" \/>\n\t<meta name=\"twitter:data1\" content=\"1 minuto\" \/>\n<script type=\"application\/ld+json\" class=\"yoast-schema-graph\">{\"@context\":\"https:\/\/schema.org\",\"@graph\":[{\"@type\":\"WebPage\",\"@id\":\"https:\/\/www.securitydataandvideo.com\/inicio\/shop\/tope-reductor-de-velocidad-safety-rider-vulcanizado-en-guadalajara-jalisco\/\",\"url\":\"https:\/\/www.securitydataandvideo.com\/inicio\/shop\/tope-reductor-de-velocidad-safety-rider-vulcanizado-en-guadalajara-jalisco\/\",\"name\":\"Tope reductor de velocidad - 23500-V GNR Vulcanizado\",\"isPartOf\":{\"@id\":\"https:\/\/www.securitydataandvideo.com\/inicio\/#website\"},\"datePublished\":\"2022-07-21T17:31:42+00:00\",\"dateModified\":\"2023-10-02T22:36:07+00:00\",\"description\":\"Security Data &amp; Video SA de CV. 23500-V GNR Tope reductor de velocidad Safety Rider Vulcanizado en guadalajara jalisco, Venta e Instalacion.\",\"breadcrumb\":{\"@id\":\"https:\/\/www.securitydataandvideo.com\/inicio\/shop\/tope-reductor-de-velocidad-safety-rider-vulcanizado-en-guadalajara-jalisco\/#breadcrumb\"},\"inLanguage\":\"es-MX\",\"potentialAction\":[{\"@type\":\"ReadAction\",\"target\":[\"https:\/\/www.securitydataandvideo.com\/inicio\/shop\/tope-reductor-de-velocidad-safety-rider-vulcanizado-en-guadalajara-jalisco\/\"]}]},{\"@type\":\"BreadcrumbList\",\"@id\":\"https:\/\/www.securitydataandvideo.com\/inicio\/shop\/tope-reductor-de-velocidad-safety-rider-vulcanizado-en-guadalajara-jalisco\/#breadcrumb\",\"itemListElement\":[{\"@type\":\"ListItem\",\"position\":1,\"name\":\"Inicio\",\"item\":\"https:\/\/www.securitydataandvideo.com\/inicio\/\"},{\"@type\":\"ListItem\",\"position\":2,\"name\":\"Shop\",\"item\":\"https:\/\/www.securitydataandvideo.com\/inicio\/shop\/\"},{\"@type\":\"ListItem\",\"position\":3,\"name\":\"Tope reductor de velocidad Safety Rider Vulcanizado en guadalajara jalisco.\"}]},{\"@type\":\"WebSite\",\"@id\":\"https:\/\/www.securitydataandvideo.com\/inicio\/#website\",\"url\":\"https:\/\/www.securitydataandvideo.com\/inicio\/\",\"name\":\"Security Data &amp; Video SA de CV.\",\"description\":\"Seguridad Electr\u00f3nica y Energ\u00eda\",\"publisher\":{\"@id\":\"https:\/\/www.securitydataandvideo.com\/inicio\/#organization\"},\"potentialAction\":[{\"@type\":\"SearchAction\",\"target\":{\"@type\":\"EntryPoint\",\"urlTemplate\":\"https:\/\/www.securitydataandvideo.com\/inicio\/?s={search_term_string}\"},\"query-input\":\"required name=search_term_string\"}],\"inLanguage\":\"es-MX\"},{\"@type\":\"Organization\",\"@id\":\"https:\/\/www.securitydataandvideo.com\/inicio\/#organization\",\"name\":\"Security Data & Video SA de CV\",\"url\":\"https:\/\/www.securitydataandvideo.com\/inicio\/\",\"sameAs\":[],\"logo\":{\"@type\":\"ImageObject\",\"inLanguage\":\"es-MX\",\"@id\":\"https:\/\/www.securitydataandvideo.com\/inicio\/#\/schema\/logo\/image\/\",\"url\":\"https:\/\/www.securitydataandvideo.com\/inicio\/wp-content\/uploads\/2021\/10\/Logo-Azul.png\",\"contentUrl\":\"https:\/\/www.securitydataandvideo.com\/inicio\/wp-content\/uploads\/2021\/10\/Logo-Azul.png\",\"width\":555,\"height\":375,\"caption\":\"Security Data & Video SA de CV\"},\"image\":{\"@id\":\"https:\/\/www.securitydataandvideo.com\/inicio\/#\/schema\/logo\/image\/\"}}]}<\/script>\n<!-- \/ Yoast SEO plugin. -->","yoast_head_json":{"title":"Tope reductor de velocidad - 23500-V GNR Vulcanizado","description":"Security Data &amp; Video SA de CV. 23500-V GNR Tope reductor de velocidad Safety Rider Vulcanizado en guadalajara jalisco, Venta e Instalacion.","robots":{"index":"index","follow":"follow","max-snippet":"max-snippet:-1","max-image-preview":"max-image-preview:large","max-video-preview":"max-video-preview:-1"},"canonical":"https:\/\/www.securitydataandvideo.com\/inicio\/shop\/tope-reductor-de-velocidad-safety-rider-vulcanizado-en-guadalajara-jalisco\/","og_locale":"es_MX","og_type":"article","og_title":"Tope reductor de velocidad - 23500-V GNR Vulcanizado","og_description":"Security Data &amp; Video SA de CV. 23500-V GNR Tope reductor de velocidad Safety Rider Vulcanizado en guadalajara jalisco, Venta e Instalacion.","og_url":"https:\/\/www.securitydataandvideo.com\/inicio\/shop\/tope-reductor-de-velocidad-safety-rider-vulcanizado-en-guadalajara-jalisco\/","og_site_name":"Security Data &amp; Video SA de CV.","article_modified_time":"2023-10-02T22:36:07+00:00","og_image":[{"width":400,"height":400,"url":"https:\/\/www.securitydataandvideo.com\/inicio\/wp-content\/uploads\/2022\/07\/23500V-p.png","type":"image\/png"}],"twitter_card":"summary","twitter_misc":{"Tiempo de lectura":"1 minuto"},"schema":{"@context":"https:\/\/schema.org","@graph":[{"@type":"WebPage","@id":"https:\/\/www.securitydataandvideo.com\/inicio\/shop\/tope-reductor-de-velocidad-safety-rider-vulcanizado-en-guadalajara-jalisco\/","url":"https:\/\/www.securitydataandvideo.com\/inicio\/shop\/tope-reductor-de-velocidad-safety-rider-vulcanizado-en-guadalajara-jalisco\/","name":"Tope reductor de velocidad - 23500-V GNR Vulcanizado","isPartOf":{"@id":"https:\/\/www.securitydataandvideo.com\/inicio\/#website"},"datePublished":"2022-07-21T17:31:42+00:00","dateModified":"2023-10-02T22:36:07+00:00","description":"Security Data &amp; Video SA de CV. 23500-V GNR Tope reductor de velocidad Safety Rider Vulcanizado en guadalajara jalisco, Venta e Instalacion.","breadcrumb":{"@id":"https:\/\/www.securitydataandvideo.com\/inicio\/shop\/tope-reductor-de-velocidad-safety-rider-vulcanizado-en-guadalajara-jalisco\/#breadcrumb"},"inLanguage":"es-MX","potentialAction":[{"@type":"ReadAction","target":["https:\/\/www.securitydataandvideo.com\/inicio\/shop\/tope-reductor-de-velocidad-safety-rider-vulcanizado-en-guadalajara-jalisco\/"]}]},{"@type":"BreadcrumbList","@id":"https:\/\/www.securitydataandvideo.com\/inicio\/shop\/tope-reductor-de-velocidad-safety-rider-vulcanizado-en-guadalajara-jalisco\/#breadcrumb","itemListElement":[{"@type":"ListItem","position":1,"name":"Inicio","item":"https:\/\/www.securitydataandvideo.com\/inicio\/"},{"@type":"ListItem","position":2,"name":"Shop","item":"https:\/\/www.securitydataandvideo.com\/inicio\/shop\/"},{"@type":"ListItem","position":3,"name":"Tope reductor de velocidad Safety Rider Vulcanizado en guadalajara jalisco."}]},{"@type":"WebSite","@id":"https:\/\/www.securitydataandvideo.com\/inicio\/#website","url":"https:\/\/www.securitydataandvideo.com\/inicio\/","name":"Security Data &amp; Video SA de CV.","description":"Seguridad Electr\u00f3nica y Energ\u00eda","publisher":{"@id":"https:\/\/www.securitydataandvideo.com\/inicio\/#organization"},"potentialAction":[{"@type":"SearchAction","target":{"@type":"EntryPoint","urlTemplate":"https:\/\/www.securitydataandvideo.com\/inicio\/?s={search_term_string}"},"query-input":"required name=search_term_string"}],"inLanguage":"es-MX"},{"@type":"Organization","@id":"https:\/\/www.securitydataandvideo.com\/inicio\/#organization","name":"Security Data & Video SA de CV","url":"https:\/\/www.securitydataandvideo.com\/inicio\/","sameAs":[],"logo":{"@type":"ImageObject","inLanguage":"es-MX","@id":"https:\/\/www.securitydataandvideo.com\/inicio\/#\/schema\/logo\/image\/","url":"https:\/\/www.securitydataandvideo.com\/inicio\/wp-content\/uploads\/2021\/10\/Logo-Azul.png","contentUrl":"https:\/\/www.securitydataandvideo.com\/inicio\/wp-content\/uploads\/2021\/10\/Logo-Azul.png","width":555,"height":375,"caption":"Security Data & Video SA de CV"},"image":{"@id":"https:\/\/www.securitydataandvideo.com\/inicio\/#\/schema\/logo\/image\/"}}]}},"_links":{"self":[{"href":"https:\/\/www.securitydataandvideo.com\/inicio\/wp-json\/wp\/v2\/product\/15852"}],"collection":[{"href":"https:\/\/www.securitydataandvideo.com\/inicio\/wp-json\/wp\/v2\/product"}],"about":[{"href":"https:\/\/www.securitydataandvideo.com\/inicio\/wp-json\/wp\/v2\/types\/product"}],"wp:featuredmedia":[{"embeddable":true,"href":"https:\/\/www.securitydataandvideo.com\/inicio\/wp-json\/wp\/v2\/media\/15881"}],"wp:attachment":[{"href":"https:\/\/www.securitydataandvideo.com\/inicio\/wp-json\/wp\/v2\/media?parent=15852"}],"wp:term":[{"taxonomy":"product_cat","embeddable":true,"href":"https:\/\/www.securitydataandvideo.com\/inicio\/wp-json\/wp\/v2\/product_cat?post=15852"},{"taxonomy":"product_tag","embeddable":true,"href":"https:\/\/www.securitydataandvideo.com\/inicio\/wp-json\/wp\/v2\/product_tag?post=15852"}],"curies":[{"name":"wp","href":"https:\/\/api.w.org\/{rel}","templated":true}]}}