{"id":15854,"date":"2022-07-21T11:31:42","date_gmt":"2022-07-21T17:31:42","guid":{"rendered":"https:\/\/www.securitydataandvideo.com\/inicio\/?post_type=product&#038;p=15854"},"modified":"2023-10-02T17:27:46","modified_gmt":"2023-10-02T23:27:46","slug":"barrera-vehicular-derecha-industrial-soporta-brazo-de-hasta-5-5-m-final-de-carrera-ajustable-por-programacion-movimiento-fluido-diseno-elegante-color-naranja","status":"publish","type":"product","link":"https:\/\/www.securitydataandvideo.com\/inicio\/shop\/barrera-vehicular-derecha-industrial-soporta-brazo-de-hasta-5-5-m-final-de-carrera-ajustable-por-programacion-movimiento-fluido-diseno-elegante-color-naranja\/","title":{"rendered":"Barrera vehicular derecha Industrial \/ Soporta brazo de hasta 5.5 m \/ Final de carrera ajustable por programaci\u00f3n \/ Movimiento fluido \/ Dise\u00f1o elegante color naranja"},"content":{"rendered":"<div class=\"col-sm-8 col-md-8 well-sm\">\n<p id=\"product_title_143179\" class=\"no_margin_top titulo_vista_producto\">Barrera vehicular Industrial AccessPro \/ Soporta brazo de hasta 5.5 m \/ Final de carrera ajustable por programaci\u00f3n \/ Movimiento fluido \/ Dise\u00f1o elegante color naranja.<\/p>\n<p>Las nuevas Barrera vehicular derecha Industrial By AccessPRO ahora incluyen un nuevo mecanismo equipado con un encoder digital que permite a la tarjeta controladora ajustar de manera electr\u00f3nica los finales de carrera, logrando un movimiento mas suave y con exactitud a la hora de hacer las aperturas y cierres.<br \/>\n<strong>Especificaciones:<\/strong><\/p>\n<ul>\n<li>Longitud m\u00e1xima del brazo : 5.5\u00a0metros (no incluido)<\/li>\n<li>Color del gabinete: Anaranjado<\/li>\n<li>Velocidad de apertura: 6\u00a0segundos<\/li>\n<li>Consumo: 250W<\/li>\n<li>Uso Semi-intensivo<\/li>\n<li>Temperatura de operaci\u00f3n: -40\u00a0\u00b0C ~ 70 \u00b0C<\/li>\n<li>Humedad relativa: &lt;90%<\/li>\n<li>Voltaje de operaci\u00f3n: 110 Vac<\/li>\n<li>Incluye 2 controles remotos XBT23 (puede agregar m\u00e1ximo hasta 25 controles)<\/li>\n<\/ul>\n<p><strong>M\u00e1stiles Compatibles:<\/strong><\/p>\n<ul>\n<li><strong>XBTELESCARM\u00a0<\/strong>.- Brazo sin iluminaci\u00f3n, permite cambiar la longitud del brazo sin recortarlo, de 4 a 5.5 metros. Compatible con sistema de abatimiento por impacto\u00a0<strong>XBADROPARM<\/strong><\/li>\n<li><strong>XBSARM\u00a0<\/strong>.- Brazo con iluminaci\u00f3n.<\/li>\n<\/ul>\n<p><strong>Los brazos deben adquirirse por separado de acorde a la necesidad de la aplicaci\u00f3n.<\/strong><\/p>\n<p>Barreras Vehiculares, m\u00e1s r\u00e1pidas y de mayor Resistencia.<\/p>\n<p>Renovando el flujo vehicular, presentamos las nuevas barreras de tr\u00e1fico, mucho m\u00e1s r\u00e1pidas y mejor desempe\u00f1o en altos flujos. Con nuevo Dise\u00f1o para darle mayor presencia en sus instalaciones.<\/p>\n<\/div>\n<div class=\"hidden-xs col-sm-4 col-md-4\"><\/div>\n","protected":false},"excerpt":{"rendered":"<p id=\"product_title_143179\" class=\"no_margin_top titulo_vista_producto\"><strong>Barrera vehicular derecha Industrial \/ Soporta brazo de hasta 5.5 m \/ Final de carrera ajustable por programaci\u00f3n \/ Movimiento fluido \/ Dise\u00f1o elegante color naranja<\/strong><\/p>\n","protected":false},"featured_media":15883,"template":"","meta":{"site-sidebar-layout":"default","site-content-layout":"default","ast-site-content-layout":"","site-content-style":"default","site-sidebar-style":"default","ast-global-header-display":"","ast-banner-title-visibility":"","ast-main-header-display":"","ast-hfb-above-header-display":"","ast-hfb-below-header-display":"","ast-hfb-mobile-header-display":"","site-post-title":"","ast-breadcrumbs-content":"","ast-featured-img":"","footer-sml-layout":"","theme-transparent-header-meta":"default","adv-header-id-meta":"","stick-header-meta":"","header-above-stick-meta":"","header-main-stick-meta":"","header-below-stick-meta":"","astra-migrate-meta-layouts":""},"product_cat":[252],"product_tag":[126,289,290],"yoast_head":"<!-- This site is optimized with the Yoast SEO plugin v19.5.1 - https:\/\/yoast.com\/wordpress\/plugins\/seo\/ -->\n<title>Barrera vehicular Industrial AccessPro - ACCESSPRO XBS-5000-RN<\/title>\n<meta name=\"description\" content=\"Barrera vehicular Industrial AccessPro \/ Soporta brazo de hasta 5.5 m \/ Final de carrera ajustable por programaci\u00f3n \/ Movimiento fluido.\" \/>\n<meta name=\"robots\" content=\"index, follow, max-snippet:-1, max-image-preview:large, max-video-preview:-1\" \/>\n<link rel=\"canonical\" href=\"https:\/\/www.securitydataandvideo.com\/inicio\/shop\/barrera-vehicular-derecha-industrial-soporta-brazo-de-hasta-5-5-m-final-de-carrera-ajustable-por-programacion-movimiento-fluido-diseno-elegante-color-naranja\/\" \/>\n<meta property=\"og:locale\" content=\"es_MX\" \/>\n<meta property=\"og:type\" content=\"article\" \/>\n<meta property=\"og:title\" content=\"Barrera vehicular Industrial AccessPro - ACCESSPRO XBS-5000-RN\" \/>\n<meta property=\"og:description\" content=\"Barrera vehicular Industrial AccessPro \/ Soporta brazo de hasta 5.5 m \/ Final de carrera ajustable por programaci\u00f3n \/ Movimiento fluido.\" \/>\n<meta property=\"og:url\" content=\"https:\/\/www.securitydataandvideo.com\/inicio\/shop\/barrera-vehicular-derecha-industrial-soporta-brazo-de-hasta-5-5-m-final-de-carrera-ajustable-por-programacion-movimiento-fluido-diseno-elegante-color-naranja\/\" \/>\n<meta property=\"og:site_name\" content=\"Security Data &amp; Video SA de CV.\" \/>\n<meta property=\"article:modified_time\" content=\"2023-10-02T23:27:46+00:00\" \/>\n<meta property=\"og:image\" content=\"https:\/\/www.securitydataandvideo.com\/inicio\/wp-content\/uploads\/2022\/07\/XBS5000RN-p.png\" \/>\n\t<meta property=\"og:image:width\" content=\"400\" \/>\n\t<meta property=\"og:image:height\" content=\"400\" \/>\n\t<meta property=\"og:image:type\" content=\"image\/png\" \/>\n<meta name=\"twitter:card\" content=\"summary\" \/>\n<meta name=\"twitter:label1\" content=\"Tiempo de lectura\" \/>\n\t<meta name=\"twitter:data1\" content=\"1 minuto\" \/>\n<script type=\"application\/ld+json\" class=\"yoast-schema-graph\">{\"@context\":\"https:\/\/schema.org\",\"@graph\":[{\"@type\":\"WebPage\",\"@id\":\"https:\/\/www.securitydataandvideo.com\/inicio\/shop\/barrera-vehicular-derecha-industrial-soporta-brazo-de-hasta-5-5-m-final-de-carrera-ajustable-por-programacion-movimiento-fluido-diseno-elegante-color-naranja\/\",\"url\":\"https:\/\/www.securitydataandvideo.com\/inicio\/shop\/barrera-vehicular-derecha-industrial-soporta-brazo-de-hasta-5-5-m-final-de-carrera-ajustable-por-programacion-movimiento-fluido-diseno-elegante-color-naranja\/\",\"name\":\"Barrera vehicular Industrial AccessPro - ACCESSPRO XBS-5000-RN\",\"isPartOf\":{\"@id\":\"https:\/\/www.securitydataandvideo.com\/inicio\/#website\"},\"datePublished\":\"2022-07-21T17:31:42+00:00\",\"dateModified\":\"2023-10-02T23:27:46+00:00\",\"description\":\"Barrera vehicular Industrial AccessPro \/ Soporta brazo de hasta 5.5 m \/ Final de carrera ajustable por programaci\u00f3n \/ Movimiento fluido.\",\"breadcrumb\":{\"@id\":\"https:\/\/www.securitydataandvideo.com\/inicio\/shop\/barrera-vehicular-derecha-industrial-soporta-brazo-de-hasta-5-5-m-final-de-carrera-ajustable-por-programacion-movimiento-fluido-diseno-elegante-color-naranja\/#breadcrumb\"},\"inLanguage\":\"es-MX\",\"potentialAction\":[{\"@type\":\"ReadAction\",\"target\":[\"https:\/\/www.securitydataandvideo.com\/inicio\/shop\/barrera-vehicular-derecha-industrial-soporta-brazo-de-hasta-5-5-m-final-de-carrera-ajustable-por-programacion-movimiento-fluido-diseno-elegante-color-naranja\/\"]}]},{\"@type\":\"BreadcrumbList\",\"@id\":\"https:\/\/www.securitydataandvideo.com\/inicio\/shop\/barrera-vehicular-derecha-industrial-soporta-brazo-de-hasta-5-5-m-final-de-carrera-ajustable-por-programacion-movimiento-fluido-diseno-elegante-color-naranja\/#breadcrumb\",\"itemListElement\":[{\"@type\":\"ListItem\",\"position\":1,\"name\":\"Inicio\",\"item\":\"https:\/\/www.securitydataandvideo.com\/inicio\/\"},{\"@type\":\"ListItem\",\"position\":2,\"name\":\"Shop\",\"item\":\"https:\/\/www.securitydataandvideo.com\/inicio\/shop\/\"},{\"@type\":\"ListItem\",\"position\":3,\"name\":\"Barrera vehicular derecha Industrial \/ Soporta brazo de hasta 5.5 m \/ Final de carrera ajustable por programaci\u00f3n \/ Movimiento fluido \/ Dise\u00f1o elegante color naranja\"}]},{\"@type\":\"WebSite\",\"@id\":\"https:\/\/www.securitydataandvideo.com\/inicio\/#website\",\"url\":\"https:\/\/www.securitydataandvideo.com\/inicio\/\",\"name\":\"Security Data &amp; Video SA de CV.\",\"description\":\"Seguridad Electr\u00f3nica y Energ\u00eda\",\"publisher\":{\"@id\":\"https:\/\/www.securitydataandvideo.com\/inicio\/#organization\"},\"potentialAction\":[{\"@type\":\"SearchAction\",\"target\":{\"@type\":\"EntryPoint\",\"urlTemplate\":\"https:\/\/www.securitydataandvideo.com\/inicio\/?s={search_term_string}\"},\"query-input\":\"required name=search_term_string\"}],\"inLanguage\":\"es-MX\"},{\"@type\":\"Organization\",\"@id\":\"https:\/\/www.securitydataandvideo.com\/inicio\/#organization\",\"name\":\"Security Data & Video SA de CV\",\"url\":\"https:\/\/www.securitydataandvideo.com\/inicio\/\",\"sameAs\":[],\"logo\":{\"@type\":\"ImageObject\",\"inLanguage\":\"es-MX\",\"@id\":\"https:\/\/www.securitydataandvideo.com\/inicio\/#\/schema\/logo\/image\/\",\"url\":\"https:\/\/www.securitydataandvideo.com\/inicio\/wp-content\/uploads\/2021\/10\/Logo-Azul.png\",\"contentUrl\":\"https:\/\/www.securitydataandvideo.com\/inicio\/wp-content\/uploads\/2021\/10\/Logo-Azul.png\",\"width\":555,\"height\":375,\"caption\":\"Security Data & Video SA de CV\"},\"image\":{\"@id\":\"https:\/\/www.securitydataandvideo.com\/inicio\/#\/schema\/logo\/image\/\"}}]}<\/script>\n<!-- \/ Yoast SEO plugin. -->","yoast_head_json":{"title":"Barrera vehicular Industrial AccessPro - ACCESSPRO XBS-5000-RN","description":"Barrera vehicular Industrial AccessPro \/ Soporta brazo de hasta 5.5 m \/ Final de carrera ajustable por programaci\u00f3n \/ Movimiento fluido.","robots":{"index":"index","follow":"follow","max-snippet":"max-snippet:-1","max-image-preview":"max-image-preview:large","max-video-preview":"max-video-preview:-1"},"canonical":"https:\/\/www.securitydataandvideo.com\/inicio\/shop\/barrera-vehicular-derecha-industrial-soporta-brazo-de-hasta-5-5-m-final-de-carrera-ajustable-por-programacion-movimiento-fluido-diseno-elegante-color-naranja\/","og_locale":"es_MX","og_type":"article","og_title":"Barrera vehicular Industrial AccessPro - ACCESSPRO XBS-5000-RN","og_description":"Barrera vehicular Industrial AccessPro \/ Soporta brazo de hasta 5.5 m \/ Final de carrera ajustable por programaci\u00f3n \/ Movimiento fluido.","og_url":"https:\/\/www.securitydataandvideo.com\/inicio\/shop\/barrera-vehicular-derecha-industrial-soporta-brazo-de-hasta-5-5-m-final-de-carrera-ajustable-por-programacion-movimiento-fluido-diseno-elegante-color-naranja\/","og_site_name":"Security Data &amp; Video SA de CV.","article_modified_time":"2023-10-02T23:27:46+00:00","og_image":[{"width":400,"height":400,"url":"https:\/\/www.securitydataandvideo.com\/inicio\/wp-content\/uploads\/2022\/07\/XBS5000RN-p.png","type":"image\/png"}],"twitter_card":"summary","twitter_misc":{"Tiempo de lectura":"1 minuto"},"schema":{"@context":"https:\/\/schema.org","@graph":[{"@type":"WebPage","@id":"https:\/\/www.securitydataandvideo.com\/inicio\/shop\/barrera-vehicular-derecha-industrial-soporta-brazo-de-hasta-5-5-m-final-de-carrera-ajustable-por-programacion-movimiento-fluido-diseno-elegante-color-naranja\/","url":"https:\/\/www.securitydataandvideo.com\/inicio\/shop\/barrera-vehicular-derecha-industrial-soporta-brazo-de-hasta-5-5-m-final-de-carrera-ajustable-por-programacion-movimiento-fluido-diseno-elegante-color-naranja\/","name":"Barrera vehicular Industrial AccessPro - ACCESSPRO XBS-5000-RN","isPartOf":{"@id":"https:\/\/www.securitydataandvideo.com\/inicio\/#website"},"datePublished":"2022-07-21T17:31:42+00:00","dateModified":"2023-10-02T23:27:46+00:00","description":"Barrera vehicular Industrial AccessPro \/ Soporta brazo de hasta 5.5 m \/ Final de carrera ajustable por programaci\u00f3n \/ Movimiento fluido.","breadcrumb":{"@id":"https:\/\/www.securitydataandvideo.com\/inicio\/shop\/barrera-vehicular-derecha-industrial-soporta-brazo-de-hasta-5-5-m-final-de-carrera-ajustable-por-programacion-movimiento-fluido-diseno-elegante-color-naranja\/#breadcrumb"},"inLanguage":"es-MX","potentialAction":[{"@type":"ReadAction","target":["https:\/\/www.securitydataandvideo.com\/inicio\/shop\/barrera-vehicular-derecha-industrial-soporta-brazo-de-hasta-5-5-m-final-de-carrera-ajustable-por-programacion-movimiento-fluido-diseno-elegante-color-naranja\/"]}]},{"@type":"BreadcrumbList","@id":"https:\/\/www.securitydataandvideo.com\/inicio\/shop\/barrera-vehicular-derecha-industrial-soporta-brazo-de-hasta-5-5-m-final-de-carrera-ajustable-por-programacion-movimiento-fluido-diseno-elegante-color-naranja\/#breadcrumb","itemListElement":[{"@type":"ListItem","position":1,"name":"Inicio","item":"https:\/\/www.securitydataandvideo.com\/inicio\/"},{"@type":"ListItem","position":2,"name":"Shop","item":"https:\/\/www.securitydataandvideo.com\/inicio\/shop\/"},{"@type":"ListItem","position":3,"name":"Barrera vehicular derecha Industrial \/ Soporta brazo de hasta 5.5 m \/ Final de carrera ajustable por programaci\u00f3n \/ Movimiento fluido \/ Dise\u00f1o elegante color naranja"}]},{"@type":"WebSite","@id":"https:\/\/www.securitydataandvideo.com\/inicio\/#website","url":"https:\/\/www.securitydataandvideo.com\/inicio\/","name":"Security Data &amp; Video SA de CV.","description":"Seguridad Electr\u00f3nica y Energ\u00eda","publisher":{"@id":"https:\/\/www.securitydataandvideo.com\/inicio\/#organization"},"potentialAction":[{"@type":"SearchAction","target":{"@type":"EntryPoint","urlTemplate":"https:\/\/www.securitydataandvideo.com\/inicio\/?s={search_term_string}"},"query-input":"required name=search_term_string"}],"inLanguage":"es-MX"},{"@type":"Organization","@id":"https:\/\/www.securitydataandvideo.com\/inicio\/#organization","name":"Security Data & Video SA de CV","url":"https:\/\/www.securitydataandvideo.com\/inicio\/","sameAs":[],"logo":{"@type":"ImageObject","inLanguage":"es-MX","@id":"https:\/\/www.securitydataandvideo.com\/inicio\/#\/schema\/logo\/image\/","url":"https:\/\/www.securitydataandvideo.com\/inicio\/wp-content\/uploads\/2021\/10\/Logo-Azul.png","contentUrl":"https:\/\/www.securitydataandvideo.com\/inicio\/wp-content\/uploads\/2021\/10\/Logo-Azul.png","width":555,"height":375,"caption":"Security Data & Video SA de CV"},"image":{"@id":"https:\/\/www.securitydataandvideo.com\/inicio\/#\/schema\/logo\/image\/"}}]}},"_links":{"self":[{"href":"https:\/\/www.securitydataandvideo.com\/inicio\/wp-json\/wp\/v2\/product\/15854"}],"collection":[{"href":"https:\/\/www.securitydataandvideo.com\/inicio\/wp-json\/wp\/v2\/product"}],"about":[{"href":"https:\/\/www.securitydataandvideo.com\/inicio\/wp-json\/wp\/v2\/types\/product"}],"wp:featuredmedia":[{"embeddable":true,"href":"https:\/\/www.securitydataandvideo.com\/inicio\/wp-json\/wp\/v2\/media\/15883"}],"wp:attachment":[{"href":"https:\/\/www.securitydataandvideo.com\/inicio\/wp-json\/wp\/v2\/media?parent=15854"}],"wp:term":[{"taxonomy":"product_cat","embeddable":true,"href":"https:\/\/www.securitydataandvideo.com\/inicio\/wp-json\/wp\/v2\/product_cat?post=15854"},{"taxonomy":"product_tag","embeddable":true,"href":"https:\/\/www.securitydataandvideo.com\/inicio\/wp-json\/wp\/v2\/product_tag?post=15854"}],"curies":[{"name":"wp","href":"https:\/\/api.w.org\/{rel}","templated":true}]}}