{"id":15856,"date":"2022-07-21T11:31:42","date_gmt":"2022-07-21T17:31:42","guid":{"rendered":"https:\/\/www.securitydataandvideo.com\/inicio\/?post_type=product&#038;p=15856"},"modified":"2023-10-02T18:17:43","modified_gmt":"2023-10-03T00:17:43","slug":"barrera-vehicular-izquierda-accesspro-soporta-brazo-de-hasta-5-5-m-final-de-carrera-ajustable-por-programacion-movimiento-fluido-diseno-elegante-color-gris","status":"publish","type":"product","link":"https:\/\/www.securitydataandvideo.com\/inicio\/shop\/barrera-vehicular-izquierda-accesspro-soporta-brazo-de-hasta-5-5-m-final-de-carrera-ajustable-por-programacion-movimiento-fluido-diseno-elegante-color-gris\/","title":{"rendered":"Barrera vehicular izquierda accesspro \/ Soporta brazo de hasta 5.5 m \/ Final de carrera ajustable por programaci\u00f3n \/ Movimiento fluido \/ Dise\u00f1o elegante color gris"},"content":{"rendered":"<div class=\"col-sm-8 col-md-8 well-sm\">\n<h5 id=\"product_title_85915\" class=\"no_margin_top titulo_vista_producto\">Barrera vehicular izquierda accesspro \/ Soporta brazo de hasta 5.5 m \/ Final de carrera ajustable por programaci\u00f3n \/ Movimiento fluido \/ Dise\u00f1o elegante color gris.<\/h5>\n<p>Las nuevas Barrera vehicular izquierda AccessPRO Industrial By AccessPRO ahora incluyen un nuevo mecanismo equipado con un encoder digital que permite a la tarjeta controladora ajustar de manera electr\u00f3nica los finales de carrera, logrando un movimiento mas suave y con exactitud a la hora de hacer las aperturas y cierres.<\/p>\n<hr \/>\n<h3>\u00bfQu\u00e9 incluye el modelo XBS-5000-L?<\/h3>\n<table class=\"tg\">\n<colgroup>\n<col \/>\n<col \/>\n<col \/>\n<col \/><\/colgroup>\n<tbody>\n<tr>\n<th class=\"tg-v01s\">Cantidad<\/th>\n<th class=\"tg-v01s\">Modelo<\/th>\n<th class=\"tg-v01s\">Imagen<\/th>\n<th class=\"tg-4936\">Descripcion<\/th>\n<\/tr>\n<tr>\n<td class=\"tg-brck\">1 pieza<\/td>\n<td class=\"tg-brck\">XBS-5000-L<\/td>\n<td class=\"tg-brck\"><img src=\"https:\/\/ftp3.syscom.mx\/usuarios\/fotos\/BancoFotografiasSyscom\/INDUSTRIALBYACCESSPRO\/XBS5000R\/XBS5000R-p.png\" alt=\"\" \/><\/td>\n<td class=\"tg-jp3e\">Barrera vehicular sin m\u00e1stil.<br \/>\nMecanismo izquierdo.<br \/>\nCompatible con m\u00e1stiles de hasta 5.5 metros (no incluido)<br \/>\nGabinete color gris.<br \/>\n3 a\u00f1os de garant\u00eda.<br \/>\nSet de tornilleria y herrajes para montaje en ancla.<\/td>\n<\/tr>\n<tr>\n<td class=\"tg-brck\">2 piezas<\/td>\n<td class=\"tg-brck\"><a href=\"https:\/\/www.syscom.mx\/principal\/searchcont?route=XB-T23-ACCESSPRO-78538&amp;autodetect=xbt23\">XB-T23<\/a><\/td>\n<td class=\"tg-brck\"><img src=\"https:\/\/ftp3.syscom.mx\/usuarios\/fotos\/XBT23\/XBT23.jpg\" alt=\"\" \/><\/td>\n<td class=\"tg-jp3e\">Control remoto compatible.<br \/>\n<em>* Los controles est\u00e1n incluidos dentro del cuadro de mando de la barrera.\u00a0<\/em><\/td>\n<\/tr>\n<\/tbody>\n<\/table>\n<p>&nbsp;<\/p>\n<hr \/>\n<h2>\u00bfC\u00f3mo cotizar un sistema de barrera AccessPRO Industrial?<\/h2>\n<h3>Paso 1, seleccione el tipo de m\u00e1stil:<\/h3>\n<p>Barrera vehicular izquierda AccessPRO<\/p>\n<p><strong>brazo con iluminaci\u00f3n led<\/strong>: Agregue a su cotizaci\u00f3n el modelo\u00a0XBS-ARM\u00a0y una fuente de alimentaci\u00f3n\u00a0PS-12-DC-4C.<\/p>\n<p><strong>M\u00e1stil sin iluminaci\u00f3n<\/strong>: Agregue a su cotizaci\u00f3n un m\u00e1stil\u00a0XB-TELESC-ARM<\/p>\n<p><strong>Pluma sin iluminaci\u00f3n con sistema de abatimiento por impacto<\/strong>: Agregue a su cotizaci\u00f3n un m\u00e1stil\u00a0XB-TELESC-ARM\u00a0y una pieza del modelo\u00a0XBA-DROPARM.<\/p>\n<h3>Paso 2, dispositivos de seguridad:<\/h3>\n<p><strong>Sistema de sensor de masa con lazo magn\u00e9tico<\/strong>. Evita que la barrera se cierre mientras est\u00e9 un veh\u00edculo en el area de acci\u00f3n del brazo de la barrera. Agregue a su cotizaci\u00f3n un\u00a0XBS-SLDET, requiere un transformador de 24 Vca modelo\u00a0PS-24-40\u00a0o equivalente\u00a0y un lazo magn\u00e9tico\u00a0SYS-LM6\u00a0(recomendaci\u00f3n para carriles de m\u00e1ximo 4 metros de ancho. Si necesita un lazo para carriles mas amplios, es recomendable que el lazo sea hecho a la medida).<\/p>\n<p><strong>Sistema de fotoceldas<\/strong>\u00a0<a href=\"https:\/\/www.syscom.mx\/principal\/searchcont?route=XBS-IR33-ACCESSPRO-INDUSTRIAL-78540&amp;autodetect=xbsir33\">XBS-IR33<\/a>, sirve como medida de seguridad para disminuir las posibilidades de golpear a una persona durante el movimiento de la barrera. Requiere una fuente de alimentacion de 12-24 Vcd\/Vca se puede utilizar la\u00a0<a href=\"https:\/\/www.syscom.mx\/producto\/PS-24-40-S-FIRE-76983.html\">PS-24-40<\/a>\u00a0e incluso puede compartirse con la del sensor de masa.<\/p>\n<h3>Paso 3, anclaje:<\/h3>\n<p>Es recomendable agregar el modelo\u00a0<a href=\"https:\/\/www.syscom.mx\/producto\/XB-ANCLA-EPCOM-INDUSTRIAL-76751.html\">XB-ANCLA<\/a>.<\/p>\n<p>&nbsp;<\/p>\n<hr \/>\n<h2>Especificaciones:<\/h2>\n<p>Longitud m\u00e1xima del brazo : 5.5\u00a0metros (no incluido)<\/p>\n<p>Color del gabinete: Gris<\/p>\n<p>Velocidad de apertura: 6\u00a0segundos<\/p>\n<p>Consumo: 250W<\/p>\n<p>Uso Semi-intensivo<\/p>\n<p>Temperatura de operaci\u00f3n: -40\u00a0\u00b0C ~ 70 \u00b0C<\/p>\n<p>Humedad relativa: &lt;90%<\/p>\n<p>Voltaje de operaci\u00f3n: 110 Vac<\/p>\n<p>Incluye 2 controles remotos XBT23 (puede agregar m\u00e1ximo hasta 25 controles)<\/p>\n<p><strong>M\u00e1stiles compatibles:<\/strong><\/p>\n<p>XBTELESCARM .- Brazo sin iluminacion, permite cambiar la longitud del brazo sin recortarlo, de 4 a 5.5 metros.<strong>\u00a0Compatible con sistema de abatimiento por impacto XBADROPARM<\/strong><\/p>\n<p>BSARM .- Brazo con iluminaci\u00f3n.<\/p>\n<\/div>\n<div class=\"hidden-xs col-sm-4 col-md-4\"><\/div>\n","protected":false},"excerpt":{"rendered":"<p><strong>Barrera vehicular izquierda accesspro \/ Soporta brazo de hasta 5.5 m \/ Final de carrera ajustable por programaci\u00f3n \/ Movimiento fluido \/ Dise\u00f1o elegante color gris<\/strong><\/p>\n","protected":false},"featured_media":15905,"template":"","meta":{"site-sidebar-layout":"","site-content-layout":"","ast-site-content-layout":"","site-content-style":"default","site-sidebar-style":"default","ast-global-header-display":"","ast-banner-title-visibility":"","ast-main-header-display":"","ast-hfb-above-header-display":"","ast-hfb-below-header-display":"","ast-hfb-mobile-header-display":"","site-post-title":"","ast-breadcrumbs-content":"","ast-featured-img":"","footer-sml-layout":"","theme-transparent-header-meta":"","adv-header-id-meta":"","stick-header-meta":"","header-above-stick-meta":"","header-main-stick-meta":"","header-below-stick-meta":"","astra-migrate-meta-layouts":""},"product_cat":[248],"product_tag":[126,289,290],"yoast_head":"<!-- This site is optimized with the Yoast SEO plugin v19.5.1 - https:\/\/yoast.com\/wordpress\/plugins\/seo\/ -->\n<title>Barrera vehicular izquierda accesspro - XBS-5000-L ACCESSPRO<\/title>\n<meta name=\"description\" content=\"Barrera vehicular izquierda accesspro \/ Soporta brazo de hasta 5.5 m \/ Final de carrera ajustable por programaci\u00f3n \/ Movimiento fluido\" \/>\n<meta name=\"robots\" content=\"index, follow, max-snippet:-1, max-image-preview:large, max-video-preview:-1\" \/>\n<link rel=\"canonical\" href=\"https:\/\/www.securitydataandvideo.com\/inicio\/shop\/barrera-vehicular-izquierda-accesspro-soporta-brazo-de-hasta-5-5-m-final-de-carrera-ajustable-por-programacion-movimiento-fluido-diseno-elegante-color-gris\/\" \/>\n<meta property=\"og:locale\" content=\"es_MX\" \/>\n<meta property=\"og:type\" content=\"article\" \/>\n<meta property=\"og:title\" content=\"Barrera vehicular izquierda accesspro - XBS-5000-L ACCESSPRO\" \/>\n<meta property=\"og:description\" content=\"Barrera vehicular izquierda accesspro \/ Soporta brazo de hasta 5.5 m \/ Final de carrera ajustable por programaci\u00f3n \/ Movimiento fluido\" \/>\n<meta property=\"og:url\" content=\"https:\/\/www.securitydataandvideo.com\/inicio\/shop\/barrera-vehicular-izquierda-accesspro-soporta-brazo-de-hasta-5-5-m-final-de-carrera-ajustable-por-programacion-movimiento-fluido-diseno-elegante-color-gris\/\" \/>\n<meta property=\"og:site_name\" content=\"Security Data &amp; Video SA de CV.\" \/>\n<meta property=\"article:modified_time\" content=\"2023-10-03T00:17:43+00:00\" \/>\n<meta property=\"og:image\" content=\"https:\/\/www.securitydataandvideo.com\/inicio\/wp-content\/uploads\/2022\/07\/XBS-5000-L.png\" \/>\n\t<meta property=\"og:image:width\" content=\"312\" \/>\n\t<meta property=\"og:image:height\" content=\"253\" \/>\n\t<meta property=\"og:image:type\" content=\"image\/png\" \/>\n<meta name=\"twitter:card\" content=\"summary\" \/>\n<meta name=\"twitter:label1\" content=\"Tiempo de lectura\" \/>\n\t<meta name=\"twitter:data1\" content=\"2 minutos\" \/>\n<script type=\"application\/ld+json\" class=\"yoast-schema-graph\">{\"@context\":\"https:\/\/schema.org\",\"@graph\":[{\"@type\":\"WebPage\",\"@id\":\"https:\/\/www.securitydataandvideo.com\/inicio\/shop\/barrera-vehicular-izquierda-accesspro-soporta-brazo-de-hasta-5-5-m-final-de-carrera-ajustable-por-programacion-movimiento-fluido-diseno-elegante-color-gris\/\",\"url\":\"https:\/\/www.securitydataandvideo.com\/inicio\/shop\/barrera-vehicular-izquierda-accesspro-soporta-brazo-de-hasta-5-5-m-final-de-carrera-ajustable-por-programacion-movimiento-fluido-diseno-elegante-color-gris\/\",\"name\":\"Barrera vehicular izquierda accesspro - XBS-5000-L ACCESSPRO\",\"isPartOf\":{\"@id\":\"https:\/\/www.securitydataandvideo.com\/inicio\/#website\"},\"datePublished\":\"2022-07-21T17:31:42+00:00\",\"dateModified\":\"2023-10-03T00:17:43+00:00\",\"description\":\"Barrera vehicular izquierda accesspro \/ Soporta brazo de hasta 5.5 m \/ Final de carrera ajustable por programaci\u00f3n \/ Movimiento fluido\",\"breadcrumb\":{\"@id\":\"https:\/\/www.securitydataandvideo.com\/inicio\/shop\/barrera-vehicular-izquierda-accesspro-soporta-brazo-de-hasta-5-5-m-final-de-carrera-ajustable-por-programacion-movimiento-fluido-diseno-elegante-color-gris\/#breadcrumb\"},\"inLanguage\":\"es-MX\",\"potentialAction\":[{\"@type\":\"ReadAction\",\"target\":[\"https:\/\/www.securitydataandvideo.com\/inicio\/shop\/barrera-vehicular-izquierda-accesspro-soporta-brazo-de-hasta-5-5-m-final-de-carrera-ajustable-por-programacion-movimiento-fluido-diseno-elegante-color-gris\/\"]}]},{\"@type\":\"BreadcrumbList\",\"@id\":\"https:\/\/www.securitydataandvideo.com\/inicio\/shop\/barrera-vehicular-izquierda-accesspro-soporta-brazo-de-hasta-5-5-m-final-de-carrera-ajustable-por-programacion-movimiento-fluido-diseno-elegante-color-gris\/#breadcrumb\",\"itemListElement\":[{\"@type\":\"ListItem\",\"position\":1,\"name\":\"Inicio\",\"item\":\"https:\/\/www.securitydataandvideo.com\/inicio\/\"},{\"@type\":\"ListItem\",\"position\":2,\"name\":\"Shop\",\"item\":\"https:\/\/www.securitydataandvideo.com\/inicio\/shop\/\"},{\"@type\":\"ListItem\",\"position\":3,\"name\":\"Barrera vehicular izquierda accesspro \/ Soporta brazo de hasta 5.5 m \/ Final de carrera ajustable por programaci\u00f3n \/ Movimiento fluido \/ Dise\u00f1o elegante color gris\"}]},{\"@type\":\"WebSite\",\"@id\":\"https:\/\/www.securitydataandvideo.com\/inicio\/#website\",\"url\":\"https:\/\/www.securitydataandvideo.com\/inicio\/\",\"name\":\"Security Data &amp; Video SA de CV.\",\"description\":\"Seguridad Electr\u00f3nica y Energ\u00eda\",\"publisher\":{\"@id\":\"https:\/\/www.securitydataandvideo.com\/inicio\/#organization\"},\"potentialAction\":[{\"@type\":\"SearchAction\",\"target\":{\"@type\":\"EntryPoint\",\"urlTemplate\":\"https:\/\/www.securitydataandvideo.com\/inicio\/?s={search_term_string}\"},\"query-input\":\"required name=search_term_string\"}],\"inLanguage\":\"es-MX\"},{\"@type\":\"Organization\",\"@id\":\"https:\/\/www.securitydataandvideo.com\/inicio\/#organization\",\"name\":\"Security Data & Video SA de CV\",\"url\":\"https:\/\/www.securitydataandvideo.com\/inicio\/\",\"sameAs\":[],\"logo\":{\"@type\":\"ImageObject\",\"inLanguage\":\"es-MX\",\"@id\":\"https:\/\/www.securitydataandvideo.com\/inicio\/#\/schema\/logo\/image\/\",\"url\":\"https:\/\/www.securitydataandvideo.com\/inicio\/wp-content\/uploads\/2021\/10\/Logo-Azul.png\",\"contentUrl\":\"https:\/\/www.securitydataandvideo.com\/inicio\/wp-content\/uploads\/2021\/10\/Logo-Azul.png\",\"width\":555,\"height\":375,\"caption\":\"Security Data & Video SA de CV\"},\"image\":{\"@id\":\"https:\/\/www.securitydataandvideo.com\/inicio\/#\/schema\/logo\/image\/\"}}]}<\/script>\n<!-- \/ Yoast SEO plugin. -->","yoast_head_json":{"title":"Barrera vehicular izquierda accesspro - XBS-5000-L ACCESSPRO","description":"Barrera vehicular izquierda accesspro \/ Soporta brazo de hasta 5.5 m \/ Final de carrera ajustable por programaci\u00f3n \/ Movimiento fluido","robots":{"index":"index","follow":"follow","max-snippet":"max-snippet:-1","max-image-preview":"max-image-preview:large","max-video-preview":"max-video-preview:-1"},"canonical":"https:\/\/www.securitydataandvideo.com\/inicio\/shop\/barrera-vehicular-izquierda-accesspro-soporta-brazo-de-hasta-5-5-m-final-de-carrera-ajustable-por-programacion-movimiento-fluido-diseno-elegante-color-gris\/","og_locale":"es_MX","og_type":"article","og_title":"Barrera vehicular izquierda accesspro - XBS-5000-L ACCESSPRO","og_description":"Barrera vehicular izquierda accesspro \/ Soporta brazo de hasta 5.5 m \/ Final de carrera ajustable por programaci\u00f3n \/ Movimiento fluido","og_url":"https:\/\/www.securitydataandvideo.com\/inicio\/shop\/barrera-vehicular-izquierda-accesspro-soporta-brazo-de-hasta-5-5-m-final-de-carrera-ajustable-por-programacion-movimiento-fluido-diseno-elegante-color-gris\/","og_site_name":"Security Data &amp; Video SA de CV.","article_modified_time":"2023-10-03T00:17:43+00:00","og_image":[{"width":312,"height":253,"url":"https:\/\/www.securitydataandvideo.com\/inicio\/wp-content\/uploads\/2022\/07\/XBS-5000-L.png","type":"image\/png"}],"twitter_card":"summary","twitter_misc":{"Tiempo de lectura":"2 minutos"},"schema":{"@context":"https:\/\/schema.org","@graph":[{"@type":"WebPage","@id":"https:\/\/www.securitydataandvideo.com\/inicio\/shop\/barrera-vehicular-izquierda-accesspro-soporta-brazo-de-hasta-5-5-m-final-de-carrera-ajustable-por-programacion-movimiento-fluido-diseno-elegante-color-gris\/","url":"https:\/\/www.securitydataandvideo.com\/inicio\/shop\/barrera-vehicular-izquierda-accesspro-soporta-brazo-de-hasta-5-5-m-final-de-carrera-ajustable-por-programacion-movimiento-fluido-diseno-elegante-color-gris\/","name":"Barrera vehicular izquierda accesspro - XBS-5000-L ACCESSPRO","isPartOf":{"@id":"https:\/\/www.securitydataandvideo.com\/inicio\/#website"},"datePublished":"2022-07-21T17:31:42+00:00","dateModified":"2023-10-03T00:17:43+00:00","description":"Barrera vehicular izquierda accesspro \/ Soporta brazo de hasta 5.5 m \/ Final de carrera ajustable por programaci\u00f3n \/ Movimiento fluido","breadcrumb":{"@id":"https:\/\/www.securitydataandvideo.com\/inicio\/shop\/barrera-vehicular-izquierda-accesspro-soporta-brazo-de-hasta-5-5-m-final-de-carrera-ajustable-por-programacion-movimiento-fluido-diseno-elegante-color-gris\/#breadcrumb"},"inLanguage":"es-MX","potentialAction":[{"@type":"ReadAction","target":["https:\/\/www.securitydataandvideo.com\/inicio\/shop\/barrera-vehicular-izquierda-accesspro-soporta-brazo-de-hasta-5-5-m-final-de-carrera-ajustable-por-programacion-movimiento-fluido-diseno-elegante-color-gris\/"]}]},{"@type":"BreadcrumbList","@id":"https:\/\/www.securitydataandvideo.com\/inicio\/shop\/barrera-vehicular-izquierda-accesspro-soporta-brazo-de-hasta-5-5-m-final-de-carrera-ajustable-por-programacion-movimiento-fluido-diseno-elegante-color-gris\/#breadcrumb","itemListElement":[{"@type":"ListItem","position":1,"name":"Inicio","item":"https:\/\/www.securitydataandvideo.com\/inicio\/"},{"@type":"ListItem","position":2,"name":"Shop","item":"https:\/\/www.securitydataandvideo.com\/inicio\/shop\/"},{"@type":"ListItem","position":3,"name":"Barrera vehicular izquierda accesspro \/ Soporta brazo de hasta 5.5 m \/ Final de carrera ajustable por programaci\u00f3n \/ Movimiento fluido \/ Dise\u00f1o elegante color gris"}]},{"@type":"WebSite","@id":"https:\/\/www.securitydataandvideo.com\/inicio\/#website","url":"https:\/\/www.securitydataandvideo.com\/inicio\/","name":"Security Data &amp; Video SA de CV.","description":"Seguridad Electr\u00f3nica y Energ\u00eda","publisher":{"@id":"https:\/\/www.securitydataandvideo.com\/inicio\/#organization"},"potentialAction":[{"@type":"SearchAction","target":{"@type":"EntryPoint","urlTemplate":"https:\/\/www.securitydataandvideo.com\/inicio\/?s={search_term_string}"},"query-input":"required name=search_term_string"}],"inLanguage":"es-MX"},{"@type":"Organization","@id":"https:\/\/www.securitydataandvideo.com\/inicio\/#organization","name":"Security Data & Video SA de CV","url":"https:\/\/www.securitydataandvideo.com\/inicio\/","sameAs":[],"logo":{"@type":"ImageObject","inLanguage":"es-MX","@id":"https:\/\/www.securitydataandvideo.com\/inicio\/#\/schema\/logo\/image\/","url":"https:\/\/www.securitydataandvideo.com\/inicio\/wp-content\/uploads\/2021\/10\/Logo-Azul.png","contentUrl":"https:\/\/www.securitydataandvideo.com\/inicio\/wp-content\/uploads\/2021\/10\/Logo-Azul.png","width":555,"height":375,"caption":"Security Data & Video SA de CV"},"image":{"@id":"https:\/\/www.securitydataandvideo.com\/inicio\/#\/schema\/logo\/image\/"}}]}},"_links":{"self":[{"href":"https:\/\/www.securitydataandvideo.com\/inicio\/wp-json\/wp\/v2\/product\/15856"}],"collection":[{"href":"https:\/\/www.securitydataandvideo.com\/inicio\/wp-json\/wp\/v2\/product"}],"about":[{"href":"https:\/\/www.securitydataandvideo.com\/inicio\/wp-json\/wp\/v2\/types\/product"}],"wp:featuredmedia":[{"embeddable":true,"href":"https:\/\/www.securitydataandvideo.com\/inicio\/wp-json\/wp\/v2\/media\/15905"}],"wp:attachment":[{"href":"https:\/\/www.securitydataandvideo.com\/inicio\/wp-json\/wp\/v2\/media?parent=15856"}],"wp:term":[{"taxonomy":"product_cat","embeddable":true,"href":"https:\/\/www.securitydataandvideo.com\/inicio\/wp-json\/wp\/v2\/product_cat?post=15856"},{"taxonomy":"product_tag","embeddable":true,"href":"https:\/\/www.securitydataandvideo.com\/inicio\/wp-json\/wp\/v2\/product_tag?post=15856"}],"curies":[{"name":"wp","href":"https:\/\/api.w.org\/{rel}","templated":true}]}}