{"id":15858,"date":"2022-07-21T11:31:43","date_gmt":"2022-07-21T17:31:43","guid":{"rendered":"https:\/\/www.securitydataandvideo.com\/inicio\/?post_type=product&#038;p=15858"},"modified":"2023-10-02T18:15:59","modified_gmt":"2023-10-03T00:15:59","slug":"kit-barrera-vehicular-izquierda-color-naranja-y-brazo-ajustable-de-3-6-a-5-5-m","status":"publish","type":"product","link":"https:\/\/www.securitydataandvideo.com\/inicio\/shop\/kit-barrera-vehicular-izquierda-color-naranja-y-brazo-ajustable-de-3-6-a-5-5-m\/","title":{"rendered":"Kit Barrera Vehicular Izquierda Color Naranja y Brazo Ajustable de 3.6 a 5.5 m"},"content":{"rendered":"<div class=\"col-sm-8 col-md-8 well-sm\">\n<h5 id=\"product_title_174610\" class=\"no_margin_top titulo_vista_producto\">Kit Barrera Vehicular Izquierda olor Naranja y Brazo Ajustable de 3.6 a 5.5 m<\/h5>\n<\/div>\n<div class=\"hidden-xs col-sm-4 col-md-4\">\n<div class=\"row\">\n<div class=\"col-sm-4\">\n<div>\n<p><strong>Kit Barrera Vehicular Izquierda\u00a0 XBS-5000-LN Caracter\u00edsticas F\u00edsicas y El\u00e9ctricas:<\/strong>Voltaje de operaci\u00f3n 110V<\/p>\n<p>Consumo 250 W<\/p>\n<p>Temperatura de operaci\u00f3n -40\u00b0C a 70\u00b0C<\/p>\n<\/div>\n<\/div>\n<div class=\"col-sm-4\">\n<div>\n<p><strong>XB-TELESC-ARM Caracter\u00edsticas F\u00edsicas:<\/strong>Brazo ajustable sin iluminaci\u00f3n<\/p>\n<p>Perfil Hexagonal<\/p>\n<p>Longitud de 3.6 a 5.5 metros<\/p>\n<\/div>\n<\/div>\n<div class=\"col-sm-4\">\n<div>\n<p><strong>Compatible con accesorios no incluidos:<\/strong>Dispositivo de abatimiento XBA-DROP-ARM.<\/p>\n<p>Se puede agregar el sem\u00e1foro con accesorio.<\/p>\n<p>Barrera de uso Semi-intensivo.<\/p>\n<\/div>\n<\/div>\n<\/div>\n<div class=\"row default_padding_bottom\">\n<div class=\"col-sm-6\">\n<h2>Incluye:<\/h2>\n<p>XBS-5000-LN\u00a0 Barrera vehicular izquierda color Naranja<\/p>\n<p>XB-TELES-ARM\u00a0 Brazo ajustable de 3.6 a 5.5 metros sin iluminaci\u00f3n.<\/p>\n<p><strong>Caracter\u00edsticas:<\/strong><\/p>\n<p>Finales de carrera ajustables por programaci\u00f3n.<\/p>\n<p>Funci\u00f3n de cierre autom\u00e1tico.<\/p>\n<p>Incluye 2 controles remotos XBT-23<\/p>\n<p>Tiempo de apertura 6 segundos<\/p>\n<p>Longitud m\u00e1xima del brazo 5.5 metros<\/p>\n<p>Barrera de uso Semi-intensivo<\/p>\n<\/div>\n<\/div>\n<\/div>\n","protected":false},"excerpt":{"rendered":"<div class=\"col-sm-8 col-md-8 well-sm\">\n<p id=\"product_title_174610\" class=\"no_margin_top titulo_vista_producto\"><strong>Kit de Barrera Vehicular Izquierda Color Naranja y Brazo Ajustable de 3.6 a 5.5 m<\/strong><\/p>\n<\/div>\n<div class=\"hidden-xs col-sm-4 col-md-4\"><\/div>\n","protected":false},"featured_media":15906,"template":"","meta":{"site-sidebar-layout":"","site-content-layout":"","ast-site-content-layout":"","site-content-style":"default","site-sidebar-style":"default","ast-global-header-display":"","ast-banner-title-visibility":"","ast-main-header-display":"","ast-hfb-above-header-display":"","ast-hfb-below-header-display":"","ast-hfb-mobile-header-display":"","site-post-title":"","ast-breadcrumbs-content":"","ast-featured-img":"","footer-sml-layout":"","theme-transparent-header-meta":"","adv-header-id-meta":"","stick-header-meta":"","header-above-stick-meta":"","header-main-stick-meta":"","header-below-stick-meta":"","astra-migrate-meta-layouts":""},"product_cat":[248],"product_tag":[126,289],"yoast_head":"<!-- This site is optimized with the Yoast SEO plugin v19.5.1 - https:\/\/yoast.com\/wordpress\/plugins\/seo\/ -->\n<title>Barrera Vehicular Izquierda Color Naranja y Brazo Ajustable de 3.6 a 5.5 m<\/title>\n<meta name=\"description\" content=\"Kit Barrera Vehicular Izquierda Color Naranja y Brazo Ajustable de 3.6 a 5.5 m, Brazo ajustable sin iluminaci\u00f3nPerfil HexagonalLongitud de 3.6\" \/>\n<meta name=\"robots\" content=\"index, follow, max-snippet:-1, max-image-preview:large, max-video-preview:-1\" \/>\n<link rel=\"canonical\" href=\"https:\/\/www.securitydataandvideo.com\/inicio\/shop\/kit-barrera-vehicular-izquierda-color-naranja-y-brazo-ajustable-de-3-6-a-5-5-m\/\" \/>\n<meta property=\"og:locale\" content=\"es_MX\" \/>\n<meta property=\"og:type\" content=\"article\" \/>\n<meta property=\"og:title\" content=\"Barrera Vehicular Izquierda Color Naranja y Brazo Ajustable de 3.6 a 5.5 m\" \/>\n<meta property=\"og:description\" content=\"Kit Barrera Vehicular Izquierda Color Naranja y Brazo Ajustable de 3.6 a 5.5 m, Brazo ajustable sin iluminaci\u00f3nPerfil HexagonalLongitud de 3.6\" \/>\n<meta property=\"og:url\" content=\"https:\/\/www.securitydataandvideo.com\/inicio\/shop\/kit-barrera-vehicular-izquierda-color-naranja-y-brazo-ajustable-de-3-6-a-5-5-m\/\" \/>\n<meta property=\"og:site_name\" content=\"Security Data &amp; Video SA de CV.\" \/>\n<meta property=\"article:modified_time\" content=\"2023-10-03T00:15:59+00:00\" \/>\n<meta property=\"og:image\" content=\"https:\/\/www.securitydataandvideo.com\/inicio\/wp-content\/uploads\/2022\/07\/KITXBSLNB-p.png\" \/>\n\t<meta property=\"og:image:width\" content=\"400\" \/>\n\t<meta property=\"og:image:height\" content=\"400\" \/>\n\t<meta property=\"og:image:type\" content=\"image\/png\" \/>\n<meta name=\"twitter:card\" content=\"summary\" \/>\n<meta name=\"twitter:label1\" content=\"Tiempo de lectura\" \/>\n\t<meta name=\"twitter:data1\" content=\"1 minuto\" \/>\n<script type=\"application\/ld+json\" class=\"yoast-schema-graph\">{\"@context\":\"https:\/\/schema.org\",\"@graph\":[{\"@type\":\"WebPage\",\"@id\":\"https:\/\/www.securitydataandvideo.com\/inicio\/shop\/kit-barrera-vehicular-izquierda-color-naranja-y-brazo-ajustable-de-3-6-a-5-5-m\/\",\"url\":\"https:\/\/www.securitydataandvideo.com\/inicio\/shop\/kit-barrera-vehicular-izquierda-color-naranja-y-brazo-ajustable-de-3-6-a-5-5-m\/\",\"name\":\"Barrera Vehicular Izquierda Color Naranja y Brazo Ajustable de 3.6 a 5.5 m\",\"isPartOf\":{\"@id\":\"https:\/\/www.securitydataandvideo.com\/inicio\/#website\"},\"datePublished\":\"2022-07-21T17:31:43+00:00\",\"dateModified\":\"2023-10-03T00:15:59+00:00\",\"description\":\"Kit Barrera Vehicular Izquierda Color Naranja y Brazo Ajustable de 3.6 a 5.5 m, Brazo ajustable sin iluminaci\u00f3nPerfil HexagonalLongitud de 3.6\",\"breadcrumb\":{\"@id\":\"https:\/\/www.securitydataandvideo.com\/inicio\/shop\/kit-barrera-vehicular-izquierda-color-naranja-y-brazo-ajustable-de-3-6-a-5-5-m\/#breadcrumb\"},\"inLanguage\":\"es-MX\",\"potentialAction\":[{\"@type\":\"ReadAction\",\"target\":[\"https:\/\/www.securitydataandvideo.com\/inicio\/shop\/kit-barrera-vehicular-izquierda-color-naranja-y-brazo-ajustable-de-3-6-a-5-5-m\/\"]}]},{\"@type\":\"BreadcrumbList\",\"@id\":\"https:\/\/www.securitydataandvideo.com\/inicio\/shop\/kit-barrera-vehicular-izquierda-color-naranja-y-brazo-ajustable-de-3-6-a-5-5-m\/#breadcrumb\",\"itemListElement\":[{\"@type\":\"ListItem\",\"position\":1,\"name\":\"Inicio\",\"item\":\"https:\/\/www.securitydataandvideo.com\/inicio\/\"},{\"@type\":\"ListItem\",\"position\":2,\"name\":\"Shop\",\"item\":\"https:\/\/www.securitydataandvideo.com\/inicio\/shop\/\"},{\"@type\":\"ListItem\",\"position\":3,\"name\":\"Kit Barrera Vehicular Izquierda Color Naranja y Brazo Ajustable de 3.6 a 5.5 m\"}]},{\"@type\":\"WebSite\",\"@id\":\"https:\/\/www.securitydataandvideo.com\/inicio\/#website\",\"url\":\"https:\/\/www.securitydataandvideo.com\/inicio\/\",\"name\":\"Security Data &amp; Video SA de CV.\",\"description\":\"Seguridad Electr\u00f3nica y Energ\u00eda\",\"publisher\":{\"@id\":\"https:\/\/www.securitydataandvideo.com\/inicio\/#organization\"},\"potentialAction\":[{\"@type\":\"SearchAction\",\"target\":{\"@type\":\"EntryPoint\",\"urlTemplate\":\"https:\/\/www.securitydataandvideo.com\/inicio\/?s={search_term_string}\"},\"query-input\":\"required name=search_term_string\"}],\"inLanguage\":\"es-MX\"},{\"@type\":\"Organization\",\"@id\":\"https:\/\/www.securitydataandvideo.com\/inicio\/#organization\",\"name\":\"Security Data & Video SA de CV\",\"url\":\"https:\/\/www.securitydataandvideo.com\/inicio\/\",\"sameAs\":[],\"logo\":{\"@type\":\"ImageObject\",\"inLanguage\":\"es-MX\",\"@id\":\"https:\/\/www.securitydataandvideo.com\/inicio\/#\/schema\/logo\/image\/\",\"url\":\"https:\/\/www.securitydataandvideo.com\/inicio\/wp-content\/uploads\/2021\/10\/Logo-Azul.png\",\"contentUrl\":\"https:\/\/www.securitydataandvideo.com\/inicio\/wp-content\/uploads\/2021\/10\/Logo-Azul.png\",\"width\":555,\"height\":375,\"caption\":\"Security Data & Video SA de CV\"},\"image\":{\"@id\":\"https:\/\/www.securitydataandvideo.com\/inicio\/#\/schema\/logo\/image\/\"}}]}<\/script>\n<!-- \/ Yoast SEO plugin. -->","yoast_head_json":{"title":"Barrera Vehicular Izquierda Color Naranja y Brazo Ajustable de 3.6 a 5.5 m","description":"Kit Barrera Vehicular Izquierda Color Naranja y Brazo Ajustable de 3.6 a 5.5 m, Brazo ajustable sin iluminaci\u00f3nPerfil HexagonalLongitud de 3.6","robots":{"index":"index","follow":"follow","max-snippet":"max-snippet:-1","max-image-preview":"max-image-preview:large","max-video-preview":"max-video-preview:-1"},"canonical":"https:\/\/www.securitydataandvideo.com\/inicio\/shop\/kit-barrera-vehicular-izquierda-color-naranja-y-brazo-ajustable-de-3-6-a-5-5-m\/","og_locale":"es_MX","og_type":"article","og_title":"Barrera Vehicular Izquierda Color Naranja y Brazo Ajustable de 3.6 a 5.5 m","og_description":"Kit Barrera Vehicular Izquierda Color Naranja y Brazo Ajustable de 3.6 a 5.5 m, Brazo ajustable sin iluminaci\u00f3nPerfil HexagonalLongitud de 3.6","og_url":"https:\/\/www.securitydataandvideo.com\/inicio\/shop\/kit-barrera-vehicular-izquierda-color-naranja-y-brazo-ajustable-de-3-6-a-5-5-m\/","og_site_name":"Security Data &amp; Video SA de CV.","article_modified_time":"2023-10-03T00:15:59+00:00","og_image":[{"width":400,"height":400,"url":"https:\/\/www.securitydataandvideo.com\/inicio\/wp-content\/uploads\/2022\/07\/KITXBSLNB-p.png","type":"image\/png"}],"twitter_card":"summary","twitter_misc":{"Tiempo de lectura":"1 minuto"},"schema":{"@context":"https:\/\/schema.org","@graph":[{"@type":"WebPage","@id":"https:\/\/www.securitydataandvideo.com\/inicio\/shop\/kit-barrera-vehicular-izquierda-color-naranja-y-brazo-ajustable-de-3-6-a-5-5-m\/","url":"https:\/\/www.securitydataandvideo.com\/inicio\/shop\/kit-barrera-vehicular-izquierda-color-naranja-y-brazo-ajustable-de-3-6-a-5-5-m\/","name":"Barrera Vehicular Izquierda Color Naranja y Brazo Ajustable de 3.6 a 5.5 m","isPartOf":{"@id":"https:\/\/www.securitydataandvideo.com\/inicio\/#website"},"datePublished":"2022-07-21T17:31:43+00:00","dateModified":"2023-10-03T00:15:59+00:00","description":"Kit Barrera Vehicular Izquierda Color Naranja y Brazo Ajustable de 3.6 a 5.5 m, Brazo ajustable sin iluminaci\u00f3nPerfil HexagonalLongitud de 3.6","breadcrumb":{"@id":"https:\/\/www.securitydataandvideo.com\/inicio\/shop\/kit-barrera-vehicular-izquierda-color-naranja-y-brazo-ajustable-de-3-6-a-5-5-m\/#breadcrumb"},"inLanguage":"es-MX","potentialAction":[{"@type":"ReadAction","target":["https:\/\/www.securitydataandvideo.com\/inicio\/shop\/kit-barrera-vehicular-izquierda-color-naranja-y-brazo-ajustable-de-3-6-a-5-5-m\/"]}]},{"@type":"BreadcrumbList","@id":"https:\/\/www.securitydataandvideo.com\/inicio\/shop\/kit-barrera-vehicular-izquierda-color-naranja-y-brazo-ajustable-de-3-6-a-5-5-m\/#breadcrumb","itemListElement":[{"@type":"ListItem","position":1,"name":"Inicio","item":"https:\/\/www.securitydataandvideo.com\/inicio\/"},{"@type":"ListItem","position":2,"name":"Shop","item":"https:\/\/www.securitydataandvideo.com\/inicio\/shop\/"},{"@type":"ListItem","position":3,"name":"Kit Barrera Vehicular Izquierda Color Naranja y Brazo Ajustable de 3.6 a 5.5 m"}]},{"@type":"WebSite","@id":"https:\/\/www.securitydataandvideo.com\/inicio\/#website","url":"https:\/\/www.securitydataandvideo.com\/inicio\/","name":"Security Data &amp; Video SA de CV.","description":"Seguridad Electr\u00f3nica y Energ\u00eda","publisher":{"@id":"https:\/\/www.securitydataandvideo.com\/inicio\/#organization"},"potentialAction":[{"@type":"SearchAction","target":{"@type":"EntryPoint","urlTemplate":"https:\/\/www.securitydataandvideo.com\/inicio\/?s={search_term_string}"},"query-input":"required name=search_term_string"}],"inLanguage":"es-MX"},{"@type":"Organization","@id":"https:\/\/www.securitydataandvideo.com\/inicio\/#organization","name":"Security Data & Video SA de CV","url":"https:\/\/www.securitydataandvideo.com\/inicio\/","sameAs":[],"logo":{"@type":"ImageObject","inLanguage":"es-MX","@id":"https:\/\/www.securitydataandvideo.com\/inicio\/#\/schema\/logo\/image\/","url":"https:\/\/www.securitydataandvideo.com\/inicio\/wp-content\/uploads\/2021\/10\/Logo-Azul.png","contentUrl":"https:\/\/www.securitydataandvideo.com\/inicio\/wp-content\/uploads\/2021\/10\/Logo-Azul.png","width":555,"height":375,"caption":"Security Data & Video SA de CV"},"image":{"@id":"https:\/\/www.securitydataandvideo.com\/inicio\/#\/schema\/logo\/image\/"}}]}},"_links":{"self":[{"href":"https:\/\/www.securitydataandvideo.com\/inicio\/wp-json\/wp\/v2\/product\/15858"}],"collection":[{"href":"https:\/\/www.securitydataandvideo.com\/inicio\/wp-json\/wp\/v2\/product"}],"about":[{"href":"https:\/\/www.securitydataandvideo.com\/inicio\/wp-json\/wp\/v2\/types\/product"}],"wp:featuredmedia":[{"embeddable":true,"href":"https:\/\/www.securitydataandvideo.com\/inicio\/wp-json\/wp\/v2\/media\/15906"}],"wp:attachment":[{"href":"https:\/\/www.securitydataandvideo.com\/inicio\/wp-json\/wp\/v2\/media?parent=15858"}],"wp:term":[{"taxonomy":"product_cat","embeddable":true,"href":"https:\/\/www.securitydataandvideo.com\/inicio\/wp-json\/wp\/v2\/product_cat?post=15858"},{"taxonomy":"product_tag","embeddable":true,"href":"https:\/\/www.securitydataandvideo.com\/inicio\/wp-json\/wp\/v2\/product_tag?post=15858"}],"curies":[{"name":"wp","href":"https:\/\/api.w.org\/{rel}","templated":true}]}}