{"id":15887,"date":"2022-07-21T11:32:16","date_gmt":"2022-07-21T17:32:16","guid":{"rendered":"https:\/\/www.securitydataandvideo.com\/inicio\/?post_type=product&#038;p=15887"},"modified":"2023-10-02T18:13:14","modified_gmt":"2023-10-03T00:13:14","slug":"barrera-vehicular-came-8-metros-para-automatizacion-de-accesos-de-hasta-8-metros-elegante-diseno-italiano","status":"publish","type":"product","link":"https:\/\/www.securitydataandvideo.com\/inicio\/shop\/barrera-vehicular-came-8-metros-para-automatizacion-de-accesos-de-hasta-8-metros-elegante-diseno-italiano\/","title":{"rendered":"Barrera vehicular CAME 8 metros para Automatizaci\u00f3n de Accesos de Hasta 8 metros \/ Elegante Dise\u00f1o Italiano"},"content":{"rendered":"<div class=\"col-sm-8 col-md-8 well-sm\">\n<h6 id=\"product_title_176433\" class=\"no_margin_top titulo_vista_producto\">Barrera vehicular CAME 8 metros para Automatizaci\u00f3n de Accesos de Hasta 8 metros \/ Elegante Dise\u00f1o Italiano.<\/h6>\n<div class=\"row\">\n<div class=\"col-sm-4\">\n<div>\n<p><strong>Caracter\u00edsticas principales de Barrera vehicular CAME 8 metros:<\/strong><\/p>\n<ul>\n<li>Incluye brazo de 8 metros, compuesto de 2 secciones y uni\u00f3n.<\/li>\n<li>Uso Semi-Intensivo<\/li>\n<li>Velocidad de maniobra regulable<\/li>\n<\/ul>\n<\/div>\n<\/div>\n<div class=\"col-sm-4\">\n<div>\n<p><strong>Caracter\u00edsticas El\u00e9ctricas de :<\/strong><\/p>\n<ul>\n<li>Potencia 300 W.<\/li>\n<li>Barrera came 8 metros<\/li>\n<li>Alimentaci\u00f3n de 110 VAC.<\/li>\n<li>Alimentaci\u00f3n del motor 24VDC.<\/li>\n<\/ul>\n<\/div>\n<\/div>\n<div class=\"col-sm-4\">\n<div>\n<p><strong>Caracter\u00edsticas F\u00edsicas:<\/strong><\/p>\n<ul>\n<li>Temperatura de operaci\u00f3n -20\u00b0C a 55\u00b0C.<\/li>\n<li>Peso de la barrera 91 kg.<\/li>\n<li>Tiempo de apertura 4 a 8 segundos.<\/li>\n<\/ul>\n<\/div>\n<\/div>\n<\/div>\n<hr \/>\n<div class=\"row default_padding_bottom\">\n<div class=\"col-sm-6\">\n<h2>Kit de Barrera Serie GARD\u00a0 8<\/h2>\n<p><strong>El Kit Incluye:<\/strong><\/p>\n<p>1 x Barrera vehicular CAME\u00a0<strong>001-G2180Z<\/strong>.<\/p>\n<p>2 x Brazo de aluminio de 4 metros de longitud\u00a0<strong>001-G04000<\/strong>.<\/p>\n<p>2 x Muelle equilibrado color rojo\u00a0<strong>001-G06080<\/strong>.<\/p>\n<p>1 x Paquete de bandas reflectantes\u00a0<strong>001-G02809<\/strong>.<\/p>\n<p>1 x Uni\u00f3n para m\u00e1stil\u00a0<strong>001-G06803.<\/strong><\/p>\n<p>Barrera came 8 metros<\/p>\n<p><strong>Informaci\u00f3n adicional:<\/strong><\/p>\n<p>En brazos mayores a 4 metros debe de utilizarse el descansa brazo <strong>001-G02807 o 001-G02808.<\/strong><\/p>\n<p>Cualquier cambio en la longitud del brazo es necesario balancear la barrera lo que implicar\u00eda un posible cambio en el tipo de resortes.<\/p>\n<p>Para la seleecion adecuada de los resortes balanceadores favor de revisar la siguiente<strong>\u00a0TABLA<\/strong><\/p>\n<ul>\n<li>La barrera tiene un a\u00f1o de garant\u00eda contra defectos de fabricaci\u00f3n.<\/li>\n<\/ul>\n<\/div>\n<div class=\"col-sm-6\"><img class=\"img-responsive\" src=\"https:\/\/ftp3.syscom.mx\/usuarios\/anavarrete\/Came\/GARD8.jpg\" \/><\/div>\n<\/div>\n<\/div>\n<h3 class=\"hidden-xs col-sm-4 col-md-4\">FUNCIONES ELECTR\u00d3NICAS BARRERAS VIALES AUTOM\u00c1TICAS Barrera vehicular CAME 8 metros<\/h3>\n<p class=\"hidden-xs col-sm-4 col-md-4\">En la tabla se indican todas las caracter\u00edsticas de los cuadros de mando espec\u00edficos para barreras autom\u00e1ticas.<br \/>\nAquellas en negritas son importantes a la hora de elegir la automatizaci\u00f3n que se va a instalar y se deben tener en cuenta desde<br \/>\nel principio.<\/p>\n<p>La conexi\u00f3n a la Nube cambia para siempre la forma de ser de las automatizaciones. Esta tecnolog\u00eda revoluciona los estilos de vida y garantiza confort y seguridad. CAME Connect pone en Red todos nuestros productos y permite manejarlos y controlarlos desde cualquier dispositivo m\u00f3vil, como puede ser un Smartphone o un Tablet.<\/p>\n<p>Descargue CAME Automation App de Google Play o App Store. SOPORTE PORTAM\u00c1STIL DESENGANCHABLE Un accesorio dise\u00f1ado para permitir la apertura horizontal de la barrera en casos de choque accidental.<\/p>\n","protected":false},"excerpt":{"rendered":"<p id=\"product_title_176433\" class=\"no_margin_top titulo_vista_producto\"><strong>Kit de Barrera Vehicular para Automatizaci\u00f3n de Accesos de Hasta 8 metros \/ Elegante Dise\u00f1o Italiano<\/strong><\/p>\n","protected":false},"featured_media":15916,"template":"","meta":{"site-sidebar-layout":"default","site-content-layout":"default","ast-site-content-layout":"","site-content-style":"default","site-sidebar-style":"default","ast-global-header-display":"","ast-banner-title-visibility":"","ast-main-header-display":"","ast-hfb-above-header-display":"","ast-hfb-below-header-display":"","ast-hfb-mobile-header-display":"","site-post-title":"","ast-breadcrumbs-content":"","ast-featured-img":"","footer-sml-layout":"","theme-transparent-header-meta":"default","adv-header-id-meta":"","stick-header-meta":"","header-above-stick-meta":"","header-main-stick-meta":"","header-below-stick-meta":"","astra-migrate-meta-layouts":""},"product_cat":[248],"product_tag":[263,264,127],"yoast_head":"<!-- This site is optimized with the Yoast SEO plugin v19.5.1 - https:\/\/yoast.com\/wordpress\/plugins\/seo\/ -->\n<title>Barrera vehicular CAME 8 metros Security Data &amp; Video SA de CV. Venta e Instal<\/title>\n<meta name=\"description\" content=\"Security Data &amp; Video SA de CV. Barrera vehicular CAME 8 metros para Automatizaci\u00f3n de Accesos de Hasta 8 metros, Elegante Dise\u00f1o Italiano, Venta e Insta\" \/>\n<meta name=\"robots\" content=\"index, follow, max-snippet:-1, max-image-preview:large, max-video-preview:-1\" \/>\n<link rel=\"canonical\" href=\"https:\/\/www.securitydataandvideo.com\/inicio\/shop\/barrera-vehicular-came-8-metros-para-automatizacion-de-accesos-de-hasta-8-metros-elegante-diseno-italiano\/\" \/>\n<meta property=\"og:locale\" content=\"es_MX\" \/>\n<meta property=\"og:type\" content=\"article\" \/>\n<meta property=\"og:title\" content=\"Barrera vehicular CAME 8 metros Security Data &amp; Video SA de CV. Venta e Instal\" \/>\n<meta property=\"og:description\" content=\"Security Data &amp; Video SA de CV. Barrera vehicular CAME 8 metros para Automatizaci\u00f3n de Accesos de Hasta 8 metros, Elegante Dise\u00f1o Italiano, Venta e Insta\" \/>\n<meta property=\"og:url\" content=\"https:\/\/www.securitydataandvideo.com\/inicio\/shop\/barrera-vehicular-came-8-metros-para-automatizacion-de-accesos-de-hasta-8-metros-elegante-diseno-italiano\/\" \/>\n<meta property=\"og:site_name\" content=\"Security Data &amp; Video SA de CV.\" \/>\n<meta property=\"article:modified_time\" content=\"2023-10-03T00:13:14+00:00\" \/>\n<meta property=\"og:image\" content=\"https:\/\/www.securitydataandvideo.com\/inicio\/wp-content\/uploads\/2022\/07\/KT-GARD-8-S.png\" \/>\n\t<meta property=\"og:image:width\" content=\"311\" \/>\n\t<meta property=\"og:image:height\" content=\"298\" \/>\n\t<meta property=\"og:image:type\" content=\"image\/png\" \/>\n<meta name=\"twitter:card\" content=\"summary\" \/>\n<meta name=\"twitter:label1\" content=\"Tiempo de lectura\" \/>\n\t<meta name=\"twitter:data1\" content=\"2 minutos\" \/>\n<script type=\"application\/ld+json\" class=\"yoast-schema-graph\">{\"@context\":\"https:\/\/schema.org\",\"@graph\":[{\"@type\":\"WebPage\",\"@id\":\"https:\/\/www.securitydataandvideo.com\/inicio\/shop\/barrera-vehicular-came-8-metros-para-automatizacion-de-accesos-de-hasta-8-metros-elegante-diseno-italiano\/\",\"url\":\"https:\/\/www.securitydataandvideo.com\/inicio\/shop\/barrera-vehicular-came-8-metros-para-automatizacion-de-accesos-de-hasta-8-metros-elegante-diseno-italiano\/\",\"name\":\"Barrera vehicular CAME 8 metros Security Data &amp; Video SA de CV. Venta e Instal\",\"isPartOf\":{\"@id\":\"https:\/\/www.securitydataandvideo.com\/inicio\/#website\"},\"datePublished\":\"2022-07-21T17:32:16+00:00\",\"dateModified\":\"2023-10-03T00:13:14+00:00\",\"description\":\"Security Data &amp; Video SA de CV. Barrera vehicular CAME 8 metros para Automatizaci\u00f3n de Accesos de Hasta 8 metros, Elegante Dise\u00f1o Italiano, Venta e Insta\",\"breadcrumb\":{\"@id\":\"https:\/\/www.securitydataandvideo.com\/inicio\/shop\/barrera-vehicular-came-8-metros-para-automatizacion-de-accesos-de-hasta-8-metros-elegante-diseno-italiano\/#breadcrumb\"},\"inLanguage\":\"es-MX\",\"potentialAction\":[{\"@type\":\"ReadAction\",\"target\":[\"https:\/\/www.securitydataandvideo.com\/inicio\/shop\/barrera-vehicular-came-8-metros-para-automatizacion-de-accesos-de-hasta-8-metros-elegante-diseno-italiano\/\"]}]},{\"@type\":\"BreadcrumbList\",\"@id\":\"https:\/\/www.securitydataandvideo.com\/inicio\/shop\/barrera-vehicular-came-8-metros-para-automatizacion-de-accesos-de-hasta-8-metros-elegante-diseno-italiano\/#breadcrumb\",\"itemListElement\":[{\"@type\":\"ListItem\",\"position\":1,\"name\":\"Inicio\",\"item\":\"https:\/\/www.securitydataandvideo.com\/inicio\/\"},{\"@type\":\"ListItem\",\"position\":2,\"name\":\"Shop\",\"item\":\"https:\/\/www.securitydataandvideo.com\/inicio\/shop\/\"},{\"@type\":\"ListItem\",\"position\":3,\"name\":\"Barrera vehicular CAME 8 metros para Automatizaci\u00f3n de Accesos de Hasta 8 metros \/ Elegante Dise\u00f1o Italiano\"}]},{\"@type\":\"WebSite\",\"@id\":\"https:\/\/www.securitydataandvideo.com\/inicio\/#website\",\"url\":\"https:\/\/www.securitydataandvideo.com\/inicio\/\",\"name\":\"Security Data &amp; Video SA de CV.\",\"description\":\"Seguridad Electr\u00f3nica y Energ\u00eda\",\"publisher\":{\"@id\":\"https:\/\/www.securitydataandvideo.com\/inicio\/#organization\"},\"potentialAction\":[{\"@type\":\"SearchAction\",\"target\":{\"@type\":\"EntryPoint\",\"urlTemplate\":\"https:\/\/www.securitydataandvideo.com\/inicio\/?s={search_term_string}\"},\"query-input\":\"required name=search_term_string\"}],\"inLanguage\":\"es-MX\"},{\"@type\":\"Organization\",\"@id\":\"https:\/\/www.securitydataandvideo.com\/inicio\/#organization\",\"name\":\"Security Data & Video SA de CV\",\"url\":\"https:\/\/www.securitydataandvideo.com\/inicio\/\",\"sameAs\":[],\"logo\":{\"@type\":\"ImageObject\",\"inLanguage\":\"es-MX\",\"@id\":\"https:\/\/www.securitydataandvideo.com\/inicio\/#\/schema\/logo\/image\/\",\"url\":\"https:\/\/www.securitydataandvideo.com\/inicio\/wp-content\/uploads\/2021\/10\/Logo-Azul.png\",\"contentUrl\":\"https:\/\/www.securitydataandvideo.com\/inicio\/wp-content\/uploads\/2021\/10\/Logo-Azul.png\",\"width\":555,\"height\":375,\"caption\":\"Security Data & Video SA de CV\"},\"image\":{\"@id\":\"https:\/\/www.securitydataandvideo.com\/inicio\/#\/schema\/logo\/image\/\"}}]}<\/script>\n<!-- \/ Yoast SEO plugin. -->","yoast_head_json":{"title":"Barrera vehicular CAME 8 metros Security Data &amp; Video SA de CV. Venta e Instal","description":"Security Data &amp; Video SA de CV. Barrera vehicular CAME 8 metros para Automatizaci\u00f3n de Accesos de Hasta 8 metros, Elegante Dise\u00f1o Italiano, Venta e Insta","robots":{"index":"index","follow":"follow","max-snippet":"max-snippet:-1","max-image-preview":"max-image-preview:large","max-video-preview":"max-video-preview:-1"},"canonical":"https:\/\/www.securitydataandvideo.com\/inicio\/shop\/barrera-vehicular-came-8-metros-para-automatizacion-de-accesos-de-hasta-8-metros-elegante-diseno-italiano\/","og_locale":"es_MX","og_type":"article","og_title":"Barrera vehicular CAME 8 metros Security Data &amp; Video SA de CV. Venta e Instal","og_description":"Security Data &amp; Video SA de CV. Barrera vehicular CAME 8 metros para Automatizaci\u00f3n de Accesos de Hasta 8 metros, Elegante Dise\u00f1o Italiano, Venta e Insta","og_url":"https:\/\/www.securitydataandvideo.com\/inicio\/shop\/barrera-vehicular-came-8-metros-para-automatizacion-de-accesos-de-hasta-8-metros-elegante-diseno-italiano\/","og_site_name":"Security Data &amp; Video SA de CV.","article_modified_time":"2023-10-03T00:13:14+00:00","og_image":[{"width":311,"height":298,"url":"https:\/\/www.securitydataandvideo.com\/inicio\/wp-content\/uploads\/2022\/07\/KT-GARD-8-S.png","type":"image\/png"}],"twitter_card":"summary","twitter_misc":{"Tiempo de lectura":"2 minutos"},"schema":{"@context":"https:\/\/schema.org","@graph":[{"@type":"WebPage","@id":"https:\/\/www.securitydataandvideo.com\/inicio\/shop\/barrera-vehicular-came-8-metros-para-automatizacion-de-accesos-de-hasta-8-metros-elegante-diseno-italiano\/","url":"https:\/\/www.securitydataandvideo.com\/inicio\/shop\/barrera-vehicular-came-8-metros-para-automatizacion-de-accesos-de-hasta-8-metros-elegante-diseno-italiano\/","name":"Barrera vehicular CAME 8 metros Security Data &amp; Video SA de CV. Venta e Instal","isPartOf":{"@id":"https:\/\/www.securitydataandvideo.com\/inicio\/#website"},"datePublished":"2022-07-21T17:32:16+00:00","dateModified":"2023-10-03T00:13:14+00:00","description":"Security Data &amp; Video SA de CV. Barrera vehicular CAME 8 metros para Automatizaci\u00f3n de Accesos de Hasta 8 metros, Elegante Dise\u00f1o Italiano, Venta e Insta","breadcrumb":{"@id":"https:\/\/www.securitydataandvideo.com\/inicio\/shop\/barrera-vehicular-came-8-metros-para-automatizacion-de-accesos-de-hasta-8-metros-elegante-diseno-italiano\/#breadcrumb"},"inLanguage":"es-MX","potentialAction":[{"@type":"ReadAction","target":["https:\/\/www.securitydataandvideo.com\/inicio\/shop\/barrera-vehicular-came-8-metros-para-automatizacion-de-accesos-de-hasta-8-metros-elegante-diseno-italiano\/"]}]},{"@type":"BreadcrumbList","@id":"https:\/\/www.securitydataandvideo.com\/inicio\/shop\/barrera-vehicular-came-8-metros-para-automatizacion-de-accesos-de-hasta-8-metros-elegante-diseno-italiano\/#breadcrumb","itemListElement":[{"@type":"ListItem","position":1,"name":"Inicio","item":"https:\/\/www.securitydataandvideo.com\/inicio\/"},{"@type":"ListItem","position":2,"name":"Shop","item":"https:\/\/www.securitydataandvideo.com\/inicio\/shop\/"},{"@type":"ListItem","position":3,"name":"Barrera vehicular CAME 8 metros para Automatizaci\u00f3n de Accesos de Hasta 8 metros \/ Elegante Dise\u00f1o Italiano"}]},{"@type":"WebSite","@id":"https:\/\/www.securitydataandvideo.com\/inicio\/#website","url":"https:\/\/www.securitydataandvideo.com\/inicio\/","name":"Security Data &amp; Video SA de CV.","description":"Seguridad Electr\u00f3nica y Energ\u00eda","publisher":{"@id":"https:\/\/www.securitydataandvideo.com\/inicio\/#organization"},"potentialAction":[{"@type":"SearchAction","target":{"@type":"EntryPoint","urlTemplate":"https:\/\/www.securitydataandvideo.com\/inicio\/?s={search_term_string}"},"query-input":"required name=search_term_string"}],"inLanguage":"es-MX"},{"@type":"Organization","@id":"https:\/\/www.securitydataandvideo.com\/inicio\/#organization","name":"Security Data & Video SA de CV","url":"https:\/\/www.securitydataandvideo.com\/inicio\/","sameAs":[],"logo":{"@type":"ImageObject","inLanguage":"es-MX","@id":"https:\/\/www.securitydataandvideo.com\/inicio\/#\/schema\/logo\/image\/","url":"https:\/\/www.securitydataandvideo.com\/inicio\/wp-content\/uploads\/2021\/10\/Logo-Azul.png","contentUrl":"https:\/\/www.securitydataandvideo.com\/inicio\/wp-content\/uploads\/2021\/10\/Logo-Azul.png","width":555,"height":375,"caption":"Security Data & Video SA de CV"},"image":{"@id":"https:\/\/www.securitydataandvideo.com\/inicio\/#\/schema\/logo\/image\/"}}]}},"_links":{"self":[{"href":"https:\/\/www.securitydataandvideo.com\/inicio\/wp-json\/wp\/v2\/product\/15887"}],"collection":[{"href":"https:\/\/www.securitydataandvideo.com\/inicio\/wp-json\/wp\/v2\/product"}],"about":[{"href":"https:\/\/www.securitydataandvideo.com\/inicio\/wp-json\/wp\/v2\/types\/product"}],"wp:featuredmedia":[{"embeddable":true,"href":"https:\/\/www.securitydataandvideo.com\/inicio\/wp-json\/wp\/v2\/media\/15916"}],"wp:attachment":[{"href":"https:\/\/www.securitydataandvideo.com\/inicio\/wp-json\/wp\/v2\/media?parent=15887"}],"wp:term":[{"taxonomy":"product_cat","embeddable":true,"href":"https:\/\/www.securitydataandvideo.com\/inicio\/wp-json\/wp\/v2\/product_cat?post=15887"},{"taxonomy":"product_tag","embeddable":true,"href":"https:\/\/www.securitydataandvideo.com\/inicio\/wp-json\/wp\/v2\/product_tag?post=15887"}],"curies":[{"name":"wp","href":"https:\/\/api.w.org\/{rel}","templated":true}]}}