{"id":15891,"date":"2022-07-21T11:32:16","date_gmt":"2022-07-21T17:32:16","guid":{"rendered":"https:\/\/www.securitydataandvideo.com\/inicio\/?post_type=product&#038;p=15891"},"modified":"2023-10-02T16:26:31","modified_gmt":"2023-10-02T22:26:31","slug":"axis-m5055-network-camera-camara-ptz-del-tamano-de-la-palma-de-una-mano-en-hdtv-1080p-con-zoom-optico-de-5-aumentos","status":"publish","type":"product","link":"https:\/\/www.securitydataandvideo.com\/inicio\/shop\/axis-m5055-network-camera-camara-ptz-del-tamano-de-la-palma-de-una-mano-en-hdtv-1080p-con-zoom-optico-de-5-aumentos\/","title":{"rendered":"AXIS M5055 Network Camera C\u00e1mara PTZ del tama\u00f1o de la palma de una mano en HDTV 1080p con zoom \u00f3ptico de 5 aumentos"},"content":{"rendered":"<p>AXIS M5055 Network Camera C\u00e1mara PTZ del tama\u00f1o de la palma de una mano en HDTV 1080p con zoom \u00f3ptico de 5 aumentos<\/p>\n<div class=\"chunk-nid-52401 chunk-vid-123710 chunk row basic-text\" data-chunktype=\"chunk_basic_text\" data-chunk-nid=\"52401\">\n<div class=\"xs-acol-12 sm-acol-12 md-acol-12 lg-acol-12\">\n<div class=\"field field-name-body field-type-text-with-summary field-label-hidden\">\n<div class=\"field-items\">\n<div class=\"field-item even\">\n<p><strong>NOTA IMPORTANTE: AXIS M5055 no est\u00e1\u00a0disponible en Estados Unidos, Canad\u00e1 ni Jap\u00f3n<\/strong><\/p>\n<\/div>\n<\/div>\n<\/div>\n<\/div>\n<\/div>\n<div class=\"chunk-nid-51930 chunk-vid-151497 row chunk media-collection-and-text\" data-chunktype=\"chunk_media_collection_and_text\" data-chunk-nid=\"51930\">\n<div class=\"xs-acol-12 sm-acol-12 md-acol-7 lg-acol-7\">\n<ul>\n<li>Horizontal, vertical y zoom con zoom \u00f3ptico de 5x<\/li>\n<li>HDTV 1080p<\/li>\n<li>Autofocus y WDR<\/li>\n<li>Anal\u00edtica integrada<\/li>\n<li>Zipstream<\/li>\n<\/ul>\n<\/div>\n<div class=\"xs-acol-12 sm-acol-12 md-acol-5 lg-acol-5\">\n<div id=\"slider\" class=\"flexslider\">\n<div class=\"flex-viewport\">\n<ul class=\"slides\">\n<li class=\"flex-active-slide\">AXIS M5055 Network Camera C\u00e1mara PTZ<\/li>\n<\/ul>\n<\/div>\n<\/div>\n<div id=\"carousel\" class=\"flexslider\">\n<div class=\"flex-viewport\"><\/div>\n<\/div>\n<\/div>\n<\/div>\n<div class=\"chunk-nid-52280 chunk-vid-153126 chunk text-video-chunk row\" data-chunktype=\"chunk_text_and_video\" data-chunk-nid=\"52280\">\n<div class=\"video-left-col xs-acol-12 sm-acol-12 md-acol-12 lg-acol-6\">\n<div class=\"media-position normalize-padding\">\n<div class=\"vid-container\"><iframe src=\"https:\/\/www.axis.com\/videoplayer\/37662\" frameborder=\"0\" allowfullscreen=\"allowfullscreen\" data-mce-fragment=\"1\"><\/iframe><\/div>\n<\/div>\n<\/div>\n<div class=\"text-right-col xs-acol-12 sm-acol-12 md-acol-12 lg-acol-6\">\n<div class=\"field field-name-body field-type-text-with-summary field-label-hidden\">\n<div class=\"field-items\">\n<div class=\"field-item even\">\n<p>La AXIS M5055 PTZ Network Camera es una c\u00e1mara PTZ discreta y del tama\u00f1o de la palma de una mano que se puede colocar en cualquier lugar. Perfecta para instalaciones m\u00e1s peque\u00f1as, ofrece una forma asequible de ver el panorama general y todos los detalles importantes.<\/p>\n<\/div>\n<\/div>\n<\/div>\n<\/div>\n<\/div>\n<div class=\"chunk-nid-52174 chunk-vid-121603 chunk row basic-text\" data-chunktype=\"chunk_basic_text\" data-chunk-nid=\"52174\">\n<div class=\"xs-acol-12 sm-acol-12 md-acol-12 lg-acol-12\">\n<h2>V\u00e9alo todo de forma clara<\/h2>\n<div class=\"field field-name-body field-type-text-with-summary field-label-hidden\">\n<div class=\"field-items\">\n<div class=\"field-item even\">\n<p>La AXIS M5055 ofrece v\u00eddeos buenos y detallados con campo de visi\u00f3n horizontal de 71\u00b0.\u00a0La funcionalidad PTZ (zoom \u00f3ptico de 5x y enfoque autom\u00e1tico) le permite aprovechar las vistas generales de barrido y emplear el zoom para no perder detalle. La resoluci\u00f3n Full HDTV 1080p garantiza un \u00f3ptimo uso de las im\u00e1genes.<\/p>\n<\/div>\n<\/div>\n<\/div>\n<\/div>\n<\/div>\n<div class=\"chunk-nid-52255 chunk-vid-146524 chunk text-image-chunk row text-image-chunk-txt-right-col\" data-chunktype=\"chunk_text_and_image\" data-chunk-nid=\"52255\">\n<div class=\"image-left-col xs-acol-12 sm-acol-12 md-acol-12 lg-acol-6\">\n<div class=\"media-position normalize-padding\">\n<div class=\"img-container\"><picture class=\"img-responsive\"><source srcset=\"\/sites\/default\/files\/styles\/chunk_spotlight_img_left_text_right_desktop-wide__1x__570xauto_\/public\/woman_barista_coffee_shop_1708_lo.jpg?itok=rNgTiNCs 1x\" media=\"(min-width: 1200px)\" \/><source srcset=\"\/sites\/default\/files\/styles\/chunk_spotlight_img_left_text_right_desktop__1x__470xauto_\/public\/woman_barista_coffee_shop_1708_lo.jpg?itok=LtghmpTq 1x\" media=\"(min-width: 992px)\" \/><source srcset=\"\/sites\/default\/files\/styles\/standalone_image_tablet__1x__690xauto_\/public\/woman_barista_coffee_shop_1708_lo.jpg?itok=USvoo27M 1x\" media=\"(min-width: 768px)\" \/><source srcset=\"\/sites\/default\/files\/styles\/chunk_spotlight_img_left_text_right_mobile-landscape__1x__568xau\/public\/woman_barista_coffee_shop_1708_lo.jpg?itok=DXqH-4Uy 1x\" media=\"(min-width: 480px)\" \/><source srcset=\"\/sites\/default\/files\/styles\/chunk_spotlight_img_left_text_right_mobile__1x__320xauto_\/public\/woman_barista_coffee_shop_1708_lo.jpg?itok=Y9n0g98Q 1x\" media=\"(min-width: 0px)\" \/><img class=\"img-responsive\" title=\"\" src=\"https:\/\/www.axis.com\/sites\/default\/files\/styles\/chunk_spotlight_img_left_text_right_mobile__1x__320xauto_\/public\/woman_barista_coffee_shop_1708_lo.jpg?itok=Y9n0g98Q\" alt=\"\" \/><\/picture><\/div>\n<\/div>\n<\/div>\n<div class=\"xs-acol-12 sm-acol-12 md-acol-12 lg-acol-6\">\n<div class=\"field field-name-body field-type-text-with-summary field-label-hidden\">\n<div class=\"field-items\">\n<div class=\"field-item even\">\n<h2>Tama\u00f1o reducido. Precio reducido.<\/h2>\n<p>Con un dise\u00f1o y un di\u00e1metro peque\u00f1os de tan solo 130 x 63 mm, la AXIS M5055 se integra discretamente en cualquier entorno. Se ofrece con un precio que resulta muy razonable. Adem\u00e1s, la tecnolog\u00eda Axis Zipstream\u00a0reduce el almacenamiento y el ancho de banda hasta un 50% sin reducir la calidad de la imagen para obtener un importante ahorro.<\/p>\n<\/div>\n<\/div>\n<\/div>\n<\/div>\n<\/div>\n<div class=\"chunk-nid-59308 chunk-vid-172241 chunk text-video-chunk row axis-hover\" data-chunktype=\"chunk_text_and_video\" data-chunk-nid=\"59308\">\n<div class=\"xs-acol-12 sm-acol-12 md-acol-12 lg-acol-12\">\n<h2>Anal\u00edticas integradas<\/h2>\n<\/div>\n<div class=\"text-left-col xs-acol-12 sm-acol-12 md-acol-12 lg-acol-6\">\n<div class=\"field field-name-body field-type-text-with-summary field-label-hidden\">\n<div class=\"field-items\">\n<div class=\"field-item even\">\n<p>La AXIS M5055 ofrece a\u00fan m\u00e1s funciones y versatilidad gracias a estas anal\u00edticas integradas:<\/p>\n<ul>\n<li>\u00a0se activa un evento cuando el micr\u00f3fono integrado detecta un grito cerca de la c\u00e1mara<\/li>\n<li>Detecci\u00f3n de volumen de audio: se activa un evento a trav\u00e9s del sistema de eventos de Axis cuando el micr\u00f3fono integrado detecta que se ha superado un umbral de volumen configurable<\/li>\n<li>Detecci\u00f3n de objeto eliminado: se activa un evento cuando se elimina un objeto preseleccionado de la vista de la c\u00e1mara<\/li>\n<li><a href=\"https:\/\/www.axis.com\/learning\/web-articles\/ten-reasons-to-switch-to-ip-based-video\">Video motion detection 4<\/a>\u00a0\u2014 se activa un evento cuando la c\u00e1mara PTZ detecta movimiento en un \u00e1rea predefinida de su elecci\u00f3n<\/li>\n<\/ul>\n<\/div>\n<\/div>\n<\/div>\n<\/div>\n<\/div>\n","protected":false},"excerpt":{"rendered":"<p>AXIS M5055 Network Camera C\u00e1mara PTZ del tama\u00f1o de la palma de una mano en HDTV 1080p con zoom \u00f3ptico de 5 aumentos<\/p>\n","protected":false},"featured_media":15935,"template":"","meta":{"site-sidebar-layout":"default","site-content-layout":"default","ast-site-content-layout":"","site-content-style":"default","site-sidebar-style":"default","ast-global-header-display":"","ast-banner-title-visibility":"","ast-main-header-display":"","ast-hfb-above-header-display":"","ast-hfb-below-header-display":"","ast-hfb-mobile-header-display":"","site-post-title":"","ast-breadcrumbs-content":"","ast-featured-img":"","footer-sml-layout":"","theme-transparent-header-meta":"default","adv-header-id-meta":"","stick-header-meta":"","header-above-stick-meta":"","header-main-stick-meta":"","header-below-stick-meta":"","astra-migrate-meta-layouts":""},"product_cat":[282],"product_tag":[],"yoast_head":"<!-- This site is optimized with the Yoast SEO plugin v19.5.1 - https:\/\/yoast.com\/wordpress\/plugins\/seo\/ -->\n<title>AXIS M5055 Network Camera C\u00e1mara PTZ - Security Data &amp; Video SA de CV.<\/title>\n<meta name=\"description\" content=\"AXIS M5055 Network Camera C\u00e1mara PTZ del tama\u00f1o de la palma de una mano en HDTV 1080p con zoom \u00f3ptico de 5 aumentos\" \/>\n<meta name=\"robots\" content=\"index, follow, max-snippet:-1, max-image-preview:large, max-video-preview:-1\" \/>\n<link rel=\"canonical\" href=\"https:\/\/www.securitydataandvideo.com\/inicio\/shop\/axis-m5055-network-camera-camara-ptz-del-tamano-de-la-palma-de-una-mano-en-hdtv-1080p-con-zoom-optico-de-5-aumentos\/\" \/>\n<meta property=\"og:locale\" content=\"es_MX\" \/>\n<meta property=\"og:type\" content=\"article\" \/>\n<meta property=\"og:title\" content=\"AXIS M5055 Network Camera C\u00e1mara PTZ - Security Data &amp; Video SA de CV.\" \/>\n<meta property=\"og:description\" content=\"AXIS M5055 Network Camera C\u00e1mara PTZ del tama\u00f1o de la palma de una mano en HDTV 1080p con zoom \u00f3ptico de 5 aumentos\" \/>\n<meta property=\"og:url\" content=\"https:\/\/www.securitydataandvideo.com\/inicio\/shop\/axis-m5055-network-camera-camara-ptz-del-tamano-de-la-palma-de-una-mano-en-hdtv-1080p-con-zoom-optico-de-5-aumentos\/\" \/>\n<meta property=\"og:site_name\" content=\"Security Data &amp; Video SA de CV.\" \/>\n<meta property=\"article:modified_time\" content=\"2023-10-02T22:26:31+00:00\" \/>\n<meta property=\"og:image\" content=\"https:\/\/www.securitydataandvideo.com\/inicio\/wp-content\/uploads\/2022\/07\/AXIS-M5055-Network-Camera-Camara-PTZ.png\" \/>\n\t<meta property=\"og:image:width\" content=\"211\" \/>\n\t<meta property=\"og:image:height\" content=\"211\" \/>\n\t<meta property=\"og:image:type\" content=\"image\/png\" \/>\n<meta name=\"twitter:card\" content=\"summary\" \/>\n<meta name=\"twitter:label1\" content=\"Tiempo de lectura\" \/>\n\t<meta name=\"twitter:data1\" content=\"2 minutos\" \/>\n<script type=\"application\/ld+json\" class=\"yoast-schema-graph\">{\"@context\":\"https:\/\/schema.org\",\"@graph\":[{\"@type\":\"WebPage\",\"@id\":\"https:\/\/www.securitydataandvideo.com\/inicio\/shop\/axis-m5055-network-camera-camara-ptz-del-tamano-de-la-palma-de-una-mano-en-hdtv-1080p-con-zoom-optico-de-5-aumentos\/\",\"url\":\"https:\/\/www.securitydataandvideo.com\/inicio\/shop\/axis-m5055-network-camera-camara-ptz-del-tamano-de-la-palma-de-una-mano-en-hdtv-1080p-con-zoom-optico-de-5-aumentos\/\",\"name\":\"AXIS M5055 Network Camera C\u00e1mara PTZ - Security Data &amp; Video SA de CV.\",\"isPartOf\":{\"@id\":\"https:\/\/www.securitydataandvideo.com\/inicio\/#website\"},\"datePublished\":\"2022-07-21T17:32:16+00:00\",\"dateModified\":\"2023-10-02T22:26:31+00:00\",\"description\":\"AXIS M5055 Network Camera C\u00e1mara PTZ del tama\u00f1o de la palma de una mano en HDTV 1080p con zoom \u00f3ptico de 5 aumentos\",\"breadcrumb\":{\"@id\":\"https:\/\/www.securitydataandvideo.com\/inicio\/shop\/axis-m5055-network-camera-camara-ptz-del-tamano-de-la-palma-de-una-mano-en-hdtv-1080p-con-zoom-optico-de-5-aumentos\/#breadcrumb\"},\"inLanguage\":\"es-MX\",\"potentialAction\":[{\"@type\":\"ReadAction\",\"target\":[\"https:\/\/www.securitydataandvideo.com\/inicio\/shop\/axis-m5055-network-camera-camara-ptz-del-tamano-de-la-palma-de-una-mano-en-hdtv-1080p-con-zoom-optico-de-5-aumentos\/\"]}]},{\"@type\":\"BreadcrumbList\",\"@id\":\"https:\/\/www.securitydataandvideo.com\/inicio\/shop\/axis-m5055-network-camera-camara-ptz-del-tamano-de-la-palma-de-una-mano-en-hdtv-1080p-con-zoom-optico-de-5-aumentos\/#breadcrumb\",\"itemListElement\":[{\"@type\":\"ListItem\",\"position\":1,\"name\":\"Inicio\",\"item\":\"https:\/\/www.securitydataandvideo.com\/inicio\/\"},{\"@type\":\"ListItem\",\"position\":2,\"name\":\"Shop\",\"item\":\"https:\/\/www.securitydataandvideo.com\/inicio\/shop\/\"},{\"@type\":\"ListItem\",\"position\":3,\"name\":\"AXIS M5055 Network Camera C\u00e1mara PTZ del tama\u00f1o de la palma de una mano en HDTV 1080p con zoom \u00f3ptico de 5 aumentos\"}]},{\"@type\":\"WebSite\",\"@id\":\"https:\/\/www.securitydataandvideo.com\/inicio\/#website\",\"url\":\"https:\/\/www.securitydataandvideo.com\/inicio\/\",\"name\":\"Security Data &amp; Video SA de CV.\",\"description\":\"Seguridad Electr\u00f3nica y Energ\u00eda\",\"publisher\":{\"@id\":\"https:\/\/www.securitydataandvideo.com\/inicio\/#organization\"},\"potentialAction\":[{\"@type\":\"SearchAction\",\"target\":{\"@type\":\"EntryPoint\",\"urlTemplate\":\"https:\/\/www.securitydataandvideo.com\/inicio\/?s={search_term_string}\"},\"query-input\":\"required name=search_term_string\"}],\"inLanguage\":\"es-MX\"},{\"@type\":\"Organization\",\"@id\":\"https:\/\/www.securitydataandvideo.com\/inicio\/#organization\",\"name\":\"Security Data & Video SA de CV\",\"url\":\"https:\/\/www.securitydataandvideo.com\/inicio\/\",\"sameAs\":[],\"logo\":{\"@type\":\"ImageObject\",\"inLanguage\":\"es-MX\",\"@id\":\"https:\/\/www.securitydataandvideo.com\/inicio\/#\/schema\/logo\/image\/\",\"url\":\"https:\/\/www.securitydataandvideo.com\/inicio\/wp-content\/uploads\/2021\/10\/Logo-Azul.png\",\"contentUrl\":\"https:\/\/www.securitydataandvideo.com\/inicio\/wp-content\/uploads\/2021\/10\/Logo-Azul.png\",\"width\":555,\"height\":375,\"caption\":\"Security Data & Video SA de CV\"},\"image\":{\"@id\":\"https:\/\/www.securitydataandvideo.com\/inicio\/#\/schema\/logo\/image\/\"}}]}<\/script>\n<!-- \/ Yoast SEO plugin. -->","yoast_head_json":{"title":"AXIS M5055 Network Camera C\u00e1mara PTZ - Security Data &amp; Video SA de CV.","description":"AXIS M5055 Network Camera C\u00e1mara PTZ del tama\u00f1o de la palma de una mano en HDTV 1080p con zoom \u00f3ptico de 5 aumentos","robots":{"index":"index","follow":"follow","max-snippet":"max-snippet:-1","max-image-preview":"max-image-preview:large","max-video-preview":"max-video-preview:-1"},"canonical":"https:\/\/www.securitydataandvideo.com\/inicio\/shop\/axis-m5055-network-camera-camara-ptz-del-tamano-de-la-palma-de-una-mano-en-hdtv-1080p-con-zoom-optico-de-5-aumentos\/","og_locale":"es_MX","og_type":"article","og_title":"AXIS M5055 Network Camera C\u00e1mara PTZ - Security Data &amp; Video SA de CV.","og_description":"AXIS M5055 Network Camera C\u00e1mara PTZ del tama\u00f1o de la palma de una mano en HDTV 1080p con zoom \u00f3ptico de 5 aumentos","og_url":"https:\/\/www.securitydataandvideo.com\/inicio\/shop\/axis-m5055-network-camera-camara-ptz-del-tamano-de-la-palma-de-una-mano-en-hdtv-1080p-con-zoom-optico-de-5-aumentos\/","og_site_name":"Security Data &amp; Video SA de CV.","article_modified_time":"2023-10-02T22:26:31+00:00","og_image":[{"width":211,"height":211,"url":"https:\/\/www.securitydataandvideo.com\/inicio\/wp-content\/uploads\/2022\/07\/AXIS-M5055-Network-Camera-Camara-PTZ.png","type":"image\/png"}],"twitter_card":"summary","twitter_misc":{"Tiempo de lectura":"2 minutos"},"schema":{"@context":"https:\/\/schema.org","@graph":[{"@type":"WebPage","@id":"https:\/\/www.securitydataandvideo.com\/inicio\/shop\/axis-m5055-network-camera-camara-ptz-del-tamano-de-la-palma-de-una-mano-en-hdtv-1080p-con-zoom-optico-de-5-aumentos\/","url":"https:\/\/www.securitydataandvideo.com\/inicio\/shop\/axis-m5055-network-camera-camara-ptz-del-tamano-de-la-palma-de-una-mano-en-hdtv-1080p-con-zoom-optico-de-5-aumentos\/","name":"AXIS M5055 Network Camera C\u00e1mara PTZ - Security Data &amp; Video SA de CV.","isPartOf":{"@id":"https:\/\/www.securitydataandvideo.com\/inicio\/#website"},"datePublished":"2022-07-21T17:32:16+00:00","dateModified":"2023-10-02T22:26:31+00:00","description":"AXIS M5055 Network Camera C\u00e1mara PTZ del tama\u00f1o de la palma de una mano en HDTV 1080p con zoom \u00f3ptico de 5 aumentos","breadcrumb":{"@id":"https:\/\/www.securitydataandvideo.com\/inicio\/shop\/axis-m5055-network-camera-camara-ptz-del-tamano-de-la-palma-de-una-mano-en-hdtv-1080p-con-zoom-optico-de-5-aumentos\/#breadcrumb"},"inLanguage":"es-MX","potentialAction":[{"@type":"ReadAction","target":["https:\/\/www.securitydataandvideo.com\/inicio\/shop\/axis-m5055-network-camera-camara-ptz-del-tamano-de-la-palma-de-una-mano-en-hdtv-1080p-con-zoom-optico-de-5-aumentos\/"]}]},{"@type":"BreadcrumbList","@id":"https:\/\/www.securitydataandvideo.com\/inicio\/shop\/axis-m5055-network-camera-camara-ptz-del-tamano-de-la-palma-de-una-mano-en-hdtv-1080p-con-zoom-optico-de-5-aumentos\/#breadcrumb","itemListElement":[{"@type":"ListItem","position":1,"name":"Inicio","item":"https:\/\/www.securitydataandvideo.com\/inicio\/"},{"@type":"ListItem","position":2,"name":"Shop","item":"https:\/\/www.securitydataandvideo.com\/inicio\/shop\/"},{"@type":"ListItem","position":3,"name":"AXIS M5055 Network Camera C\u00e1mara PTZ del tama\u00f1o de la palma de una mano en HDTV 1080p con zoom \u00f3ptico de 5 aumentos"}]},{"@type":"WebSite","@id":"https:\/\/www.securitydataandvideo.com\/inicio\/#website","url":"https:\/\/www.securitydataandvideo.com\/inicio\/","name":"Security Data &amp; Video SA de CV.","description":"Seguridad Electr\u00f3nica y Energ\u00eda","publisher":{"@id":"https:\/\/www.securitydataandvideo.com\/inicio\/#organization"},"potentialAction":[{"@type":"SearchAction","target":{"@type":"EntryPoint","urlTemplate":"https:\/\/www.securitydataandvideo.com\/inicio\/?s={search_term_string}"},"query-input":"required name=search_term_string"}],"inLanguage":"es-MX"},{"@type":"Organization","@id":"https:\/\/www.securitydataandvideo.com\/inicio\/#organization","name":"Security Data & Video SA de CV","url":"https:\/\/www.securitydataandvideo.com\/inicio\/","sameAs":[],"logo":{"@type":"ImageObject","inLanguage":"es-MX","@id":"https:\/\/www.securitydataandvideo.com\/inicio\/#\/schema\/logo\/image\/","url":"https:\/\/www.securitydataandvideo.com\/inicio\/wp-content\/uploads\/2021\/10\/Logo-Azul.png","contentUrl":"https:\/\/www.securitydataandvideo.com\/inicio\/wp-content\/uploads\/2021\/10\/Logo-Azul.png","width":555,"height":375,"caption":"Security Data & Video SA de CV"},"image":{"@id":"https:\/\/www.securitydataandvideo.com\/inicio\/#\/schema\/logo\/image\/"}}]}},"_links":{"self":[{"href":"https:\/\/www.securitydataandvideo.com\/inicio\/wp-json\/wp\/v2\/product\/15891"}],"collection":[{"href":"https:\/\/www.securitydataandvideo.com\/inicio\/wp-json\/wp\/v2\/product"}],"about":[{"href":"https:\/\/www.securitydataandvideo.com\/inicio\/wp-json\/wp\/v2\/types\/product"}],"wp:featuredmedia":[{"embeddable":true,"href":"https:\/\/www.securitydataandvideo.com\/inicio\/wp-json\/wp\/v2\/media\/15935"}],"wp:attachment":[{"href":"https:\/\/www.securitydataandvideo.com\/inicio\/wp-json\/wp\/v2\/media?parent=15891"}],"wp:term":[{"taxonomy":"product_cat","embeddable":true,"href":"https:\/\/www.securitydataandvideo.com\/inicio\/wp-json\/wp\/v2\/product_cat?post=15891"},{"taxonomy":"product_tag","embeddable":true,"href":"https:\/\/www.securitydataandvideo.com\/inicio\/wp-json\/wp\/v2\/product_tag?post=15891"}],"curies":[{"name":"wp","href":"https:\/\/api.w.org\/{rel}","templated":true}]}}