{"id":15959,"date":"2022-07-21T11:33:22","date_gmt":"2022-07-21T17:33:22","guid":{"rendered":"https:\/\/www.securitydataandvideo.com\/inicio\/?post_type=product&#038;p=15959"},"modified":"2022-07-21T11:33:54","modified_gmt":"2022-07-21T17:33:54","slug":"cerradura-autonoma-yrl221-con-teclado-tactil-y-manija","status":"publish","type":"product","link":"https:\/\/www.securitydataandvideo.com\/inicio\/shop\/cerradura-autonoma-yrl221-con-teclado-tactil-y-manija\/","title":{"rendered":"Cerradura Aut\u00f3noma YRL221 con Teclado T\u00e1ctil y Manija"},"content":{"rendered":"<div class=\"col-sm-8 col-md-8 well-sm\">\n<p id=\"product_title_76913\" class=\"no_margin_top titulo_vista_producto\">Cerradura Aut\u00f3noma YRL221 con Teclado T\u00e1ctil y Manija<\/p>\n<\/div>\n<h3>Para uso en Interior o Exterior: Los cerrojos est\u00e1n dise\u00f1ados para ser usados en puertas expuestas a lluvia, arena o suciedad. Son fabricados con cuerpo met\u00e1lico y cuentan con un empaque en caucho que a\u00edsla y protege el mecanismo electr\u00f3nico.<\/h3>\n<h2>Caracter\u00edsticas<\/h2>\n<ul>\n<li>Para puertas derechas e izquierdas.<\/li>\n<li>Cerrojo con interfaz t\u00e1ctil, ofrece mayor duraci\u00f3n.<\/li>\n<li>Programaci\u00f3n asistida por voz en tres idiomas; Espa\u00f1ol, Ingles y Franc\u00e9s.<\/li>\n<li>Volumen ajustable.<\/li>\n<li>F\u00e1cil de instalar, usar y programar.<\/li>\n<li>Cierre autom\u00e1tico programable.<\/li>\n<li>Perilla de accionamiento interior.<\/li>\n<li>25 Usuarios; Uso Standalone.<\/li>\n<li>Permite agregar y borrar usuarios de forma individual.<\/li>\n<li>Funciona con 4 bater\u00edas alcalinas AA 1.5 Vcd (incluidas).<\/li>\n<li>Promedio de vida de la bater\u00eda, 1 a\u00f1o (<em>depende del uso y calidad de baterias<\/em>).<\/li>\n<li>Indicador de Bater\u00eda Baja.<\/li>\n<li>Cerrojo deja de operar por 60 segundos despu\u00e9s de 5 intentos incorrectos.<\/li>\n<li>Pestillo motorizado y c\u00f3nico, ayuda a la alineaci\u00f3n de la puerta durante el cierre.<\/li>\n<li>Incluye 2 llaves.<\/li>\n<li>Espesor de la puerta: 35-50 mm<\/li>\n<li>Tipo de instalaci\u00f3n: Tubular.<\/li>\n<li>Dimensiones: 69 x 154 x 34 mm.<\/li>\n<li>1 A\u00f1o de Garant\u00eda.<\/li>\n<\/ul>\n","protected":false},"excerpt":{"rendered":"<div class=\"col-sm-8 col-md-8 well-sm\">\n<p id=\"product_title_76913\" class=\"no_margin_top titulo_vista_producto\">Cerradura Aut\u00f3noma YRL221 con Teclado T\u00e1ctil y Manija<\/p>\n<\/div>\n<div class=\"hidden-xs col-sm-4 col-md-4\"><\/div>\n","protected":false},"featured_media":15989,"template":"","meta":{"site-sidebar-layout":"default","site-content-layout":"default","ast-site-content-layout":"","site-content-style":"default","site-sidebar-style":"default","ast-global-header-display":"","ast-banner-title-visibility":"","ast-main-header-display":"","ast-hfb-above-header-display":"","ast-hfb-below-header-display":"","ast-hfb-mobile-header-display":"","site-post-title":"","ast-breadcrumbs-content":"","ast-featured-img":"","footer-sml-layout":"","theme-transparent-header-meta":"default","adv-header-id-meta":"","stick-header-meta":"","header-above-stick-meta":"","header-main-stick-meta":"","header-below-stick-meta":"","astra-migrate-meta-layouts":""},"product_cat":[275],"product_tag":[],"yoast_head":"<!-- This site is optimized with the Yoast SEO plugin v19.5.1 - https:\/\/yoast.com\/wordpress\/plugins\/seo\/ -->\n<title>Cerradura Aut\u00f3noma YRL221 con Teclado T\u00e1ctil y Manija<\/title>\n<meta name=\"description\" content=\"Cerradura Aut\u00f3noma YRL221 con Teclado T\u00e1ctil y Manija\" \/>\n<meta name=\"robots\" content=\"index, follow, max-snippet:-1, max-image-preview:large, max-video-preview:-1\" \/>\n<link rel=\"canonical\" href=\"https:\/\/www.securitydataandvideo.com\/inicio\/shop\/cerradura-autonoma-yrl221-con-teclado-tactil-y-manija\/\" \/>\n<meta property=\"og:locale\" content=\"es_MX\" \/>\n<meta property=\"og:type\" content=\"article\" \/>\n<meta property=\"og:title\" content=\"Cerradura Aut\u00f3noma YRL221 con Teclado T\u00e1ctil y Manija\" \/>\n<meta property=\"og:description\" content=\"Cerradura Aut\u00f3noma YRL221 con Teclado T\u00e1ctil y Manija\" \/>\n<meta property=\"og:url\" content=\"https:\/\/www.securitydataandvideo.com\/inicio\/shop\/cerradura-autonoma-yrl221-con-teclado-tactil-y-manija\/\" \/>\n<meta property=\"og:site_name\" content=\"Security Data &amp; Video SA de CV.\" \/>\n<meta property=\"article:modified_time\" content=\"2022-07-21T17:33:54+00:00\" \/>\n<meta property=\"og:image\" content=\"https:\/\/www.securitydataandvideo.com\/inicio\/wp-content\/uploads\/2022\/07\/Cerradura-Autonoma-YRL221-con-Teclado-Tactil-y-Manija.png\" \/>\n\t<meta property=\"og:image:width\" content=\"351\" \/>\n\t<meta property=\"og:image:height\" content=\"295\" \/>\n\t<meta property=\"og:image:type\" content=\"image\/png\" \/>\n<meta name=\"twitter:card\" content=\"summary\" \/>\n<meta name=\"twitter:label1\" content=\"Tiempo de lectura\" \/>\n\t<meta name=\"twitter:data1\" content=\"1 minuto\" \/>\n<script type=\"application\/ld+json\" class=\"yoast-schema-graph\">{\"@context\":\"https:\/\/schema.org\",\"@graph\":[{\"@type\":\"WebPage\",\"@id\":\"https:\/\/www.securitydataandvideo.com\/inicio\/shop\/cerradura-autonoma-yrl221-con-teclado-tactil-y-manija\/\",\"url\":\"https:\/\/www.securitydataandvideo.com\/inicio\/shop\/cerradura-autonoma-yrl221-con-teclado-tactil-y-manija\/\",\"name\":\"Cerradura Aut\u00f3noma YRL221 con Teclado T\u00e1ctil y Manija\",\"isPartOf\":{\"@id\":\"https:\/\/www.securitydataandvideo.com\/inicio\/#website\"},\"datePublished\":\"2022-07-21T17:33:22+00:00\",\"dateModified\":\"2022-07-21T17:33:54+00:00\",\"description\":\"Cerradura Aut\u00f3noma YRL221 con Teclado T\u00e1ctil y Manija\",\"breadcrumb\":{\"@id\":\"https:\/\/www.securitydataandvideo.com\/inicio\/shop\/cerradura-autonoma-yrl221-con-teclado-tactil-y-manija\/#breadcrumb\"},\"inLanguage\":\"es-MX\",\"potentialAction\":[{\"@type\":\"ReadAction\",\"target\":[\"https:\/\/www.securitydataandvideo.com\/inicio\/shop\/cerradura-autonoma-yrl221-con-teclado-tactil-y-manija\/\"]}]},{\"@type\":\"BreadcrumbList\",\"@id\":\"https:\/\/www.securitydataandvideo.com\/inicio\/shop\/cerradura-autonoma-yrl221-con-teclado-tactil-y-manija\/#breadcrumb\",\"itemListElement\":[{\"@type\":\"ListItem\",\"position\":1,\"name\":\"Inicio\",\"item\":\"https:\/\/www.securitydataandvideo.com\/inicio\/\"},{\"@type\":\"ListItem\",\"position\":2,\"name\":\"Shop\",\"item\":\"https:\/\/www.securitydataandvideo.com\/inicio\/shop\/\"},{\"@type\":\"ListItem\",\"position\":3,\"name\":\"Cerradura Aut\u00f3noma YRL221 con Teclado T\u00e1ctil y Manija\"}]},{\"@type\":\"WebSite\",\"@id\":\"https:\/\/www.securitydataandvideo.com\/inicio\/#website\",\"url\":\"https:\/\/www.securitydataandvideo.com\/inicio\/\",\"name\":\"Security Data &amp; Video SA de CV.\",\"description\":\"Seguridad Electr\u00f3nica y Energ\u00eda\",\"publisher\":{\"@id\":\"https:\/\/www.securitydataandvideo.com\/inicio\/#organization\"},\"potentialAction\":[{\"@type\":\"SearchAction\",\"target\":{\"@type\":\"EntryPoint\",\"urlTemplate\":\"https:\/\/www.securitydataandvideo.com\/inicio\/?s={search_term_string}\"},\"query-input\":\"required name=search_term_string\"}],\"inLanguage\":\"es-MX\"},{\"@type\":\"Organization\",\"@id\":\"https:\/\/www.securitydataandvideo.com\/inicio\/#organization\",\"name\":\"Security Data & Video SA de CV\",\"url\":\"https:\/\/www.securitydataandvideo.com\/inicio\/\",\"sameAs\":[],\"logo\":{\"@type\":\"ImageObject\",\"inLanguage\":\"es-MX\",\"@id\":\"https:\/\/www.securitydataandvideo.com\/inicio\/#\/schema\/logo\/image\/\",\"url\":\"https:\/\/www.securitydataandvideo.com\/inicio\/wp-content\/uploads\/2021\/10\/Logo-Azul.png\",\"contentUrl\":\"https:\/\/www.securitydataandvideo.com\/inicio\/wp-content\/uploads\/2021\/10\/Logo-Azul.png\",\"width\":555,\"height\":375,\"caption\":\"Security Data & Video SA de CV\"},\"image\":{\"@id\":\"https:\/\/www.securitydataandvideo.com\/inicio\/#\/schema\/logo\/image\/\"}}]}<\/script>\n<!-- \/ Yoast SEO plugin. -->","yoast_head_json":{"title":"Cerradura Aut\u00f3noma YRL221 con Teclado T\u00e1ctil y Manija","description":"Cerradura Aut\u00f3noma YRL221 con Teclado T\u00e1ctil y Manija","robots":{"index":"index","follow":"follow","max-snippet":"max-snippet:-1","max-image-preview":"max-image-preview:large","max-video-preview":"max-video-preview:-1"},"canonical":"https:\/\/www.securitydataandvideo.com\/inicio\/shop\/cerradura-autonoma-yrl221-con-teclado-tactil-y-manija\/","og_locale":"es_MX","og_type":"article","og_title":"Cerradura Aut\u00f3noma YRL221 con Teclado T\u00e1ctil y Manija","og_description":"Cerradura Aut\u00f3noma YRL221 con Teclado T\u00e1ctil y Manija","og_url":"https:\/\/www.securitydataandvideo.com\/inicio\/shop\/cerradura-autonoma-yrl221-con-teclado-tactil-y-manija\/","og_site_name":"Security Data &amp; Video SA de CV.","article_modified_time":"2022-07-21T17:33:54+00:00","og_image":[{"width":351,"height":295,"url":"https:\/\/www.securitydataandvideo.com\/inicio\/wp-content\/uploads\/2022\/07\/Cerradura-Autonoma-YRL221-con-Teclado-Tactil-y-Manija.png","type":"image\/png"}],"twitter_card":"summary","twitter_misc":{"Tiempo de lectura":"1 minuto"},"schema":{"@context":"https:\/\/schema.org","@graph":[{"@type":"WebPage","@id":"https:\/\/www.securitydataandvideo.com\/inicio\/shop\/cerradura-autonoma-yrl221-con-teclado-tactil-y-manija\/","url":"https:\/\/www.securitydataandvideo.com\/inicio\/shop\/cerradura-autonoma-yrl221-con-teclado-tactil-y-manija\/","name":"Cerradura Aut\u00f3noma YRL221 con Teclado T\u00e1ctil y Manija","isPartOf":{"@id":"https:\/\/www.securitydataandvideo.com\/inicio\/#website"},"datePublished":"2022-07-21T17:33:22+00:00","dateModified":"2022-07-21T17:33:54+00:00","description":"Cerradura Aut\u00f3noma YRL221 con Teclado T\u00e1ctil y Manija","breadcrumb":{"@id":"https:\/\/www.securitydataandvideo.com\/inicio\/shop\/cerradura-autonoma-yrl221-con-teclado-tactil-y-manija\/#breadcrumb"},"inLanguage":"es-MX","potentialAction":[{"@type":"ReadAction","target":["https:\/\/www.securitydataandvideo.com\/inicio\/shop\/cerradura-autonoma-yrl221-con-teclado-tactil-y-manija\/"]}]},{"@type":"BreadcrumbList","@id":"https:\/\/www.securitydataandvideo.com\/inicio\/shop\/cerradura-autonoma-yrl221-con-teclado-tactil-y-manija\/#breadcrumb","itemListElement":[{"@type":"ListItem","position":1,"name":"Inicio","item":"https:\/\/www.securitydataandvideo.com\/inicio\/"},{"@type":"ListItem","position":2,"name":"Shop","item":"https:\/\/www.securitydataandvideo.com\/inicio\/shop\/"},{"@type":"ListItem","position":3,"name":"Cerradura Aut\u00f3noma YRL221 con Teclado T\u00e1ctil y Manija"}]},{"@type":"WebSite","@id":"https:\/\/www.securitydataandvideo.com\/inicio\/#website","url":"https:\/\/www.securitydataandvideo.com\/inicio\/","name":"Security Data &amp; Video SA de CV.","description":"Seguridad Electr\u00f3nica y Energ\u00eda","publisher":{"@id":"https:\/\/www.securitydataandvideo.com\/inicio\/#organization"},"potentialAction":[{"@type":"SearchAction","target":{"@type":"EntryPoint","urlTemplate":"https:\/\/www.securitydataandvideo.com\/inicio\/?s={search_term_string}"},"query-input":"required name=search_term_string"}],"inLanguage":"es-MX"},{"@type":"Organization","@id":"https:\/\/www.securitydataandvideo.com\/inicio\/#organization","name":"Security Data & Video SA de CV","url":"https:\/\/www.securitydataandvideo.com\/inicio\/","sameAs":[],"logo":{"@type":"ImageObject","inLanguage":"es-MX","@id":"https:\/\/www.securitydataandvideo.com\/inicio\/#\/schema\/logo\/image\/","url":"https:\/\/www.securitydataandvideo.com\/inicio\/wp-content\/uploads\/2021\/10\/Logo-Azul.png","contentUrl":"https:\/\/www.securitydataandvideo.com\/inicio\/wp-content\/uploads\/2021\/10\/Logo-Azul.png","width":555,"height":375,"caption":"Security Data & Video SA de CV"},"image":{"@id":"https:\/\/www.securitydataandvideo.com\/inicio\/#\/schema\/logo\/image\/"}}]}},"_links":{"self":[{"href":"https:\/\/www.securitydataandvideo.com\/inicio\/wp-json\/wp\/v2\/product\/15959"}],"collection":[{"href":"https:\/\/www.securitydataandvideo.com\/inicio\/wp-json\/wp\/v2\/product"}],"about":[{"href":"https:\/\/www.securitydataandvideo.com\/inicio\/wp-json\/wp\/v2\/types\/product"}],"wp:featuredmedia":[{"embeddable":true,"href":"https:\/\/www.securitydataandvideo.com\/inicio\/wp-json\/wp\/v2\/media\/15989"}],"wp:attachment":[{"href":"https:\/\/www.securitydataandvideo.com\/inicio\/wp-json\/wp\/v2\/media?parent=15959"}],"wp:term":[{"taxonomy":"product_cat","embeddable":true,"href":"https:\/\/www.securitydataandvideo.com\/inicio\/wp-json\/wp\/v2\/product_cat?post=15959"},{"taxonomy":"product_tag","embeddable":true,"href":"https:\/\/www.securitydataandvideo.com\/inicio\/wp-json\/wp\/v2\/product_tag?post=15959"}],"curies":[{"name":"wp","href":"https:\/\/api.w.org\/{rel}","templated":true}]}}