{"id":15960,"date":"2022-07-21T11:33:22","date_gmt":"2022-07-21T17:33:22","guid":{"rendered":"https:\/\/www.securitydataandvideo.com\/inicio\/?post_type=product&#038;p=15960"},"modified":"2022-07-21T11:33:55","modified_gmt":"2022-07-21T17:33:55","slug":"cerradura-autonoma-assure-yrd256-niquel-satinado-teclado-discreto-al-frente-pin-posible-integracion-con-zwave-y-apertura-por-smartphone","status":"publish","type":"product","link":"https:\/\/www.securitydataandvideo.com\/inicio\/shop\/cerradura-autonoma-assure-yrd256-niquel-satinado-teclado-discreto-al-frente-pin-posible-integracion-con-zwave-y-apertura-por-smartphone\/","title":{"rendered":"Cerradura Aut\u00f3noma ASSURE YRD256, Niquel Satinado, Teclado Discreto al frente, PIN, Posible Integraci\u00f3n con Zwave y Apertura por Smartphone"},"content":{"rendered":"<div class=\"col-sm-8 col-md-8 well-sm\">\n<p id=\"product_title_159205\" class=\"no_margin_top titulo_vista_producto\">Cerradura Aut\u00f3noma ASSURE YRD256, Niquel Satinado, Teclado Discreto al frente, PIN, Posible Integraci\u00f3n con Zwave y Apertura por Smartphone<\/p>\n<\/div>\n<div class=\"hidden-xs col-sm-4 col-md-4\">\n<div id=\"especificaciones\" class=\"tab-pane fade in active\">\n<h2><strong>Caracter\u00edsticas:<\/strong><\/h2>\n<ul>\n<li>Cerrojo de semiembutir<\/li>\n<li>Tipo de instalaci\u00f3n: Tubular.<\/li>\n<li>Registra hasta 25 usuarios con c\u00f3digo PIN.<\/li>\n<li>Para puertas de 35 a 57\u00a0mm de espesor.<\/li>\n<li>Backset ajustable a 60 \u00f3 70 mm.<\/li>\n<li>Cerificado ANSI\/BHMA Grado 2.<\/li>\n<li>Puerto auxiliar para pila de 9V.<\/li>\n<li>Men\u00fa asistido por voz.<\/li>\n<li>Funciona con 4 pilas alcalinas AA.<\/li>\n<\/ul>\n<h3><strong>V\u00eddeo de instalaci\u00f3n:<\/strong><\/h3>\n<ul>\n<li><a href=\"https:\/\/www.youtube.com\/watch?v=l-X8YMFoAfk\" target=\"_blank\" rel=\"noopener\">V\u00eddeo de instalaci\u00f3n.<\/a><\/li>\n<\/ul>\n<h3><strong>M\u00f3dulos compatibles:<\/strong><\/h3>\n<ul>\n<li>Conexi\u00f3n Zwave requiere m\u00f3dulo\u00a0<a href=\"https:\/\/www.syscom.mx\/principal\/searchcont?route=89522-ASSA-ABLOY-170197&amp;autodetect=89522\">89522<\/a><\/li>\n<li>Para conexi\u00f3n con el Hub 51020 para control por APP usar el modelo\u00a0<a href=\"https:\/\/www.syscom.mx\/principal\/searchcont?route=89407-ASSA-ABLOY-159250&amp;autodetect=89407\">89407<\/a><\/li>\n<li>\u00bfC\u00f3mo funciona el HUB?\u00a0<a href=\"https:\/\/www.youtube.com\/watch?v=tlWfQHCciW0\" target=\"_blank\" rel=\"noopener\">V\u00eddeo<\/a><\/li>\n<li>Nota: Solo se puede usar un m\u00f3dulo a la vez.<\/li>\n<\/ul>\n<\/div>\n<\/div>\n","protected":false},"excerpt":{"rendered":"<p>Cerradura Aut\u00f3noma ASSURE YRD256, Niquel Satinado, Teclado Discreto al frente, PIN, Posible Integraci\u00f3n con Zwave y Apertura por Smartphone<\/p>\n","protected":false},"featured_media":15990,"template":"","meta":{"site-sidebar-layout":"default","site-content-layout":"default","ast-site-content-layout":"","site-content-style":"default","site-sidebar-style":"default","ast-global-header-display":"","ast-banner-title-visibility":"","ast-main-header-display":"","ast-hfb-above-header-display":"","ast-hfb-below-header-display":"","ast-hfb-mobile-header-display":"","site-post-title":"","ast-breadcrumbs-content":"","ast-featured-img":"","footer-sml-layout":"","theme-transparent-header-meta":"default","adv-header-id-meta":"","stick-header-meta":"","header-above-stick-meta":"","header-main-stick-meta":"","header-below-stick-meta":"","astra-migrate-meta-layouts":""},"product_cat":[275],"product_tag":[303],"yoast_head":"<!-- This site is optimized with the Yoast SEO plugin v19.5.1 - https:\/\/yoast.com\/wordpress\/plugins\/seo\/ -->\n<title>Cerradura Aut\u00f3noma ASSURE YRD256 Security Data &amp; Video SA de CV.<\/title>\n<meta name=\"description\" content=\"Cerradura Aut\u00f3noma ASSURE YRD256, Niquel Satinado, Teclado Discreto al frente, PIN, Posible Integraci\u00f3n con Zwave y Apertura por Smartphone\" \/>\n<meta name=\"robots\" content=\"index, follow, max-snippet:-1, max-image-preview:large, max-video-preview:-1\" \/>\n<link rel=\"canonical\" href=\"https:\/\/www.securitydataandvideo.com\/inicio\/shop\/cerradura-autonoma-assure-yrd256-niquel-satinado-teclado-discreto-al-frente-pin-posible-integracion-con-zwave-y-apertura-por-smartphone\/\" \/>\n<meta property=\"og:locale\" content=\"es_MX\" \/>\n<meta property=\"og:type\" content=\"article\" \/>\n<meta property=\"og:title\" content=\"Cerradura Aut\u00f3noma ASSURE YRD256 Security Data &amp; Video SA de CV.\" \/>\n<meta property=\"og:description\" content=\"Cerradura Aut\u00f3noma ASSURE YRD256, Niquel Satinado, Teclado Discreto al frente, PIN, Posible Integraci\u00f3n con Zwave y Apertura por Smartphone\" \/>\n<meta property=\"og:url\" content=\"https:\/\/www.securitydataandvideo.com\/inicio\/shop\/cerradura-autonoma-assure-yrd256-niquel-satinado-teclado-discreto-al-frente-pin-posible-integracion-con-zwave-y-apertura-por-smartphone\/\" \/>\n<meta property=\"og:site_name\" content=\"Security Data &amp; Video SA de CV.\" \/>\n<meta property=\"article:modified_time\" content=\"2022-07-21T17:33:55+00:00\" \/>\n<meta property=\"og:image\" content=\"https:\/\/www.securitydataandvideo.com\/inicio\/wp-content\/uploads\/2022\/07\/Cerradura-Autonoma-ASSURE-YRD256.png\" \/>\n\t<meta property=\"og:image:width\" content=\"284\" \/>\n\t<meta property=\"og:image:height\" content=\"265\" \/>\n\t<meta property=\"og:image:type\" content=\"image\/png\" \/>\n<meta name=\"twitter:card\" content=\"summary\" \/>\n<meta name=\"twitter:label1\" content=\"Tiempo de lectura\" \/>\n\t<meta name=\"twitter:data1\" content=\"1 minuto\" \/>\n<script type=\"application\/ld+json\" class=\"yoast-schema-graph\">{\"@context\":\"https:\/\/schema.org\",\"@graph\":[{\"@type\":\"WebPage\",\"@id\":\"https:\/\/www.securitydataandvideo.com\/inicio\/shop\/cerradura-autonoma-assure-yrd256-niquel-satinado-teclado-discreto-al-frente-pin-posible-integracion-con-zwave-y-apertura-por-smartphone\/\",\"url\":\"https:\/\/www.securitydataandvideo.com\/inicio\/shop\/cerradura-autonoma-assure-yrd256-niquel-satinado-teclado-discreto-al-frente-pin-posible-integracion-con-zwave-y-apertura-por-smartphone\/\",\"name\":\"Cerradura Aut\u00f3noma ASSURE YRD256 Security Data &amp; Video SA de CV.\",\"isPartOf\":{\"@id\":\"https:\/\/www.securitydataandvideo.com\/inicio\/#website\"},\"datePublished\":\"2022-07-21T17:33:22+00:00\",\"dateModified\":\"2022-07-21T17:33:55+00:00\",\"description\":\"Cerradura Aut\u00f3noma ASSURE YRD256, Niquel Satinado, Teclado Discreto al frente, PIN, Posible Integraci\u00f3n con Zwave y Apertura por Smartphone\",\"breadcrumb\":{\"@id\":\"https:\/\/www.securitydataandvideo.com\/inicio\/shop\/cerradura-autonoma-assure-yrd256-niquel-satinado-teclado-discreto-al-frente-pin-posible-integracion-con-zwave-y-apertura-por-smartphone\/#breadcrumb\"},\"inLanguage\":\"es-MX\",\"potentialAction\":[{\"@type\":\"ReadAction\",\"target\":[\"https:\/\/www.securitydataandvideo.com\/inicio\/shop\/cerradura-autonoma-assure-yrd256-niquel-satinado-teclado-discreto-al-frente-pin-posible-integracion-con-zwave-y-apertura-por-smartphone\/\"]}]},{\"@type\":\"BreadcrumbList\",\"@id\":\"https:\/\/www.securitydataandvideo.com\/inicio\/shop\/cerradura-autonoma-assure-yrd256-niquel-satinado-teclado-discreto-al-frente-pin-posible-integracion-con-zwave-y-apertura-por-smartphone\/#breadcrumb\",\"itemListElement\":[{\"@type\":\"ListItem\",\"position\":1,\"name\":\"Inicio\",\"item\":\"https:\/\/www.securitydataandvideo.com\/inicio\/\"},{\"@type\":\"ListItem\",\"position\":2,\"name\":\"Shop\",\"item\":\"https:\/\/www.securitydataandvideo.com\/inicio\/shop\/\"},{\"@type\":\"ListItem\",\"position\":3,\"name\":\"Cerradura Aut\u00f3noma ASSURE YRD256, Niquel Satinado, Teclado Discreto al frente, PIN, Posible Integraci\u00f3n con Zwave y Apertura por Smartphone\"}]},{\"@type\":\"WebSite\",\"@id\":\"https:\/\/www.securitydataandvideo.com\/inicio\/#website\",\"url\":\"https:\/\/www.securitydataandvideo.com\/inicio\/\",\"name\":\"Security Data &amp; Video SA de CV.\",\"description\":\"Seguridad Electr\u00f3nica y Energ\u00eda\",\"publisher\":{\"@id\":\"https:\/\/www.securitydataandvideo.com\/inicio\/#organization\"},\"potentialAction\":[{\"@type\":\"SearchAction\",\"target\":{\"@type\":\"EntryPoint\",\"urlTemplate\":\"https:\/\/www.securitydataandvideo.com\/inicio\/?s={search_term_string}\"},\"query-input\":\"required name=search_term_string\"}],\"inLanguage\":\"es-MX\"},{\"@type\":\"Organization\",\"@id\":\"https:\/\/www.securitydataandvideo.com\/inicio\/#organization\",\"name\":\"Security Data & Video SA de CV\",\"url\":\"https:\/\/www.securitydataandvideo.com\/inicio\/\",\"sameAs\":[],\"logo\":{\"@type\":\"ImageObject\",\"inLanguage\":\"es-MX\",\"@id\":\"https:\/\/www.securitydataandvideo.com\/inicio\/#\/schema\/logo\/image\/\",\"url\":\"https:\/\/www.securitydataandvideo.com\/inicio\/wp-content\/uploads\/2021\/10\/Logo-Azul.png\",\"contentUrl\":\"https:\/\/www.securitydataandvideo.com\/inicio\/wp-content\/uploads\/2021\/10\/Logo-Azul.png\",\"width\":555,\"height\":375,\"caption\":\"Security Data & Video SA de CV\"},\"image\":{\"@id\":\"https:\/\/www.securitydataandvideo.com\/inicio\/#\/schema\/logo\/image\/\"}}]}<\/script>\n<!-- \/ Yoast SEO plugin. -->","yoast_head_json":{"title":"Cerradura Aut\u00f3noma ASSURE YRD256 Security Data &amp; Video SA de CV.","description":"Cerradura Aut\u00f3noma ASSURE YRD256, Niquel Satinado, Teclado Discreto al frente, PIN, Posible Integraci\u00f3n con Zwave y Apertura por Smartphone","robots":{"index":"index","follow":"follow","max-snippet":"max-snippet:-1","max-image-preview":"max-image-preview:large","max-video-preview":"max-video-preview:-1"},"canonical":"https:\/\/www.securitydataandvideo.com\/inicio\/shop\/cerradura-autonoma-assure-yrd256-niquel-satinado-teclado-discreto-al-frente-pin-posible-integracion-con-zwave-y-apertura-por-smartphone\/","og_locale":"es_MX","og_type":"article","og_title":"Cerradura Aut\u00f3noma ASSURE YRD256 Security Data &amp; Video SA de CV.","og_description":"Cerradura Aut\u00f3noma ASSURE YRD256, Niquel Satinado, Teclado Discreto al frente, PIN, Posible Integraci\u00f3n con Zwave y Apertura por Smartphone","og_url":"https:\/\/www.securitydataandvideo.com\/inicio\/shop\/cerradura-autonoma-assure-yrd256-niquel-satinado-teclado-discreto-al-frente-pin-posible-integracion-con-zwave-y-apertura-por-smartphone\/","og_site_name":"Security Data &amp; Video SA de CV.","article_modified_time":"2022-07-21T17:33:55+00:00","og_image":[{"width":284,"height":265,"url":"https:\/\/www.securitydataandvideo.com\/inicio\/wp-content\/uploads\/2022\/07\/Cerradura-Autonoma-ASSURE-YRD256.png","type":"image\/png"}],"twitter_card":"summary","twitter_misc":{"Tiempo de lectura":"1 minuto"},"schema":{"@context":"https:\/\/schema.org","@graph":[{"@type":"WebPage","@id":"https:\/\/www.securitydataandvideo.com\/inicio\/shop\/cerradura-autonoma-assure-yrd256-niquel-satinado-teclado-discreto-al-frente-pin-posible-integracion-con-zwave-y-apertura-por-smartphone\/","url":"https:\/\/www.securitydataandvideo.com\/inicio\/shop\/cerradura-autonoma-assure-yrd256-niquel-satinado-teclado-discreto-al-frente-pin-posible-integracion-con-zwave-y-apertura-por-smartphone\/","name":"Cerradura Aut\u00f3noma ASSURE YRD256 Security Data &amp; Video SA de CV.","isPartOf":{"@id":"https:\/\/www.securitydataandvideo.com\/inicio\/#website"},"datePublished":"2022-07-21T17:33:22+00:00","dateModified":"2022-07-21T17:33:55+00:00","description":"Cerradura Aut\u00f3noma ASSURE YRD256, Niquel Satinado, Teclado Discreto al frente, PIN, Posible Integraci\u00f3n con Zwave y Apertura por Smartphone","breadcrumb":{"@id":"https:\/\/www.securitydataandvideo.com\/inicio\/shop\/cerradura-autonoma-assure-yrd256-niquel-satinado-teclado-discreto-al-frente-pin-posible-integracion-con-zwave-y-apertura-por-smartphone\/#breadcrumb"},"inLanguage":"es-MX","potentialAction":[{"@type":"ReadAction","target":["https:\/\/www.securitydataandvideo.com\/inicio\/shop\/cerradura-autonoma-assure-yrd256-niquel-satinado-teclado-discreto-al-frente-pin-posible-integracion-con-zwave-y-apertura-por-smartphone\/"]}]},{"@type":"BreadcrumbList","@id":"https:\/\/www.securitydataandvideo.com\/inicio\/shop\/cerradura-autonoma-assure-yrd256-niquel-satinado-teclado-discreto-al-frente-pin-posible-integracion-con-zwave-y-apertura-por-smartphone\/#breadcrumb","itemListElement":[{"@type":"ListItem","position":1,"name":"Inicio","item":"https:\/\/www.securitydataandvideo.com\/inicio\/"},{"@type":"ListItem","position":2,"name":"Shop","item":"https:\/\/www.securitydataandvideo.com\/inicio\/shop\/"},{"@type":"ListItem","position":3,"name":"Cerradura Aut\u00f3noma ASSURE YRD256, Niquel Satinado, Teclado Discreto al frente, PIN, Posible Integraci\u00f3n con Zwave y Apertura por Smartphone"}]},{"@type":"WebSite","@id":"https:\/\/www.securitydataandvideo.com\/inicio\/#website","url":"https:\/\/www.securitydataandvideo.com\/inicio\/","name":"Security Data &amp; Video SA de CV.","description":"Seguridad Electr\u00f3nica y Energ\u00eda","publisher":{"@id":"https:\/\/www.securitydataandvideo.com\/inicio\/#organization"},"potentialAction":[{"@type":"SearchAction","target":{"@type":"EntryPoint","urlTemplate":"https:\/\/www.securitydataandvideo.com\/inicio\/?s={search_term_string}"},"query-input":"required name=search_term_string"}],"inLanguage":"es-MX"},{"@type":"Organization","@id":"https:\/\/www.securitydataandvideo.com\/inicio\/#organization","name":"Security Data & Video SA de CV","url":"https:\/\/www.securitydataandvideo.com\/inicio\/","sameAs":[],"logo":{"@type":"ImageObject","inLanguage":"es-MX","@id":"https:\/\/www.securitydataandvideo.com\/inicio\/#\/schema\/logo\/image\/","url":"https:\/\/www.securitydataandvideo.com\/inicio\/wp-content\/uploads\/2021\/10\/Logo-Azul.png","contentUrl":"https:\/\/www.securitydataandvideo.com\/inicio\/wp-content\/uploads\/2021\/10\/Logo-Azul.png","width":555,"height":375,"caption":"Security Data & Video SA de CV"},"image":{"@id":"https:\/\/www.securitydataandvideo.com\/inicio\/#\/schema\/logo\/image\/"}}]}},"_links":{"self":[{"href":"https:\/\/www.securitydataandvideo.com\/inicio\/wp-json\/wp\/v2\/product\/15960"}],"collection":[{"href":"https:\/\/www.securitydataandvideo.com\/inicio\/wp-json\/wp\/v2\/product"}],"about":[{"href":"https:\/\/www.securitydataandvideo.com\/inicio\/wp-json\/wp\/v2\/types\/product"}],"wp:featuredmedia":[{"embeddable":true,"href":"https:\/\/www.securitydataandvideo.com\/inicio\/wp-json\/wp\/v2\/media\/15990"}],"wp:attachment":[{"href":"https:\/\/www.securitydataandvideo.com\/inicio\/wp-json\/wp\/v2\/media?parent=15960"}],"wp:term":[{"taxonomy":"product_cat","embeddable":true,"href":"https:\/\/www.securitydataandvideo.com\/inicio\/wp-json\/wp\/v2\/product_cat?post=15960"},{"taxonomy":"product_tag","embeddable":true,"href":"https:\/\/www.securitydataandvideo.com\/inicio\/wp-json\/wp\/v2\/product_tag?post=15960"}],"curies":[{"name":"wp","href":"https:\/\/api.w.org\/{rel}","templated":true}]}}