{"id":15961,"date":"2022-07-21T11:33:22","date_gmt":"2022-07-21T17:33:22","guid":{"rendered":"https:\/\/www.securitydataandvideo.com\/inicio\/?post_type=product&#038;p=15961"},"modified":"2022-07-21T11:33:56","modified_gmt":"2022-07-21T17:33:56","slug":"cerradura-digital-con-teclado-tactil-para-puerta-de-vidrio","status":"publish","type":"product","link":"https:\/\/www.securitydataandvideo.com\/inicio\/shop\/cerradura-digital-con-teclado-tactil-para-puerta-de-vidrio\/","title":{"rendered":"Cerradura Digital con Teclado T\u00e1ctil para Puerta de Vidrio"},"content":{"rendered":"<div class=\"col-sm-8 col-md-8 well-sm\">\n<p id=\"product_title_76596\" class=\"no_margin_top titulo_vista_producto\">Cerradura Digital con Teclado T\u00e1ctil para Puerta de Vidrio<\/p>\n<\/div>\n<div class=\"hidden-xs col-sm-4 col-md-4\">\n<p><strong>\u00a0<\/strong>Cerradura digital con efecto espejo, la pantalla t\u00e1ctil se ilumina hasta que el<br \/>\nusuario toca la pantalla, esto aumenta la seguridad ya que se puede ver si hay alguien detr\u00e1s al momento de activar la cerradura.<\/p>\n<p><strong>Caracter\u00edsticas:<\/strong><\/p>\n<ul>\n<li>1 c\u00f3digo.<\/li>\n<li>4 controles remotos (requiere m\u00f3dulo\u00a0<a href=\"https:\/\/www.syscom.mx\/principal\/searchcont?route=84989-ASSA-ABLOY-76599&amp;autodetect=84989\">84989<\/a>\u00a0y controles\u00a0<a href=\"https:\/\/www.syscom.mx\/producto\/84994-ASSA-ABLOY-76597.html\">84994<\/a>).<\/li>\n<li>20 tarjetas\u00a0( compatible \u00fanicamente con modelo\u00a084782)<\/li>\n<li>Montaje tipo clip: La instalaci\u00f3n se logra utilizando un soporte tipo clip y una cinta\u00a0adhesiva de alta resistencia.<\/li>\n<li>No necesita perforaciones la puerta.<\/li>\n<li>Mariposa de seguridad: La mariposa interior s\u00f3lo puede ser accionada cuando\u00a0presionan simult\u00e1neamente los dos botones ubicados en la misma.<\/li>\n<li>Dise\u00f1o moderno, delgado y de vanguardia.<\/li>\n<li>Alarma de alta temperatura.<\/li>\n<li>Ingreso de n\u00fameros aleatorios antes o despu\u00e9s del c\u00f3digo PIN.<\/li>\n<li>Control remoto (opcional).<\/li>\n<li>Para puertas de vidrio de 10 mm a 12 mm de grosor.<\/li>\n<li>Tipode instalaci\u00f3n: Sobreponer.<\/li>\n<li>2 bulones o pernos.<\/li>\n<li>Funciona con 4 bater\u00edas alcalinas AA 1.5 Vcd incluidas (el tiempo de duraci\u00f3n de la<\/li>\n<li>bater\u00eda puede variar por las condiciones de uso).<\/li>\n<li>Temperatura de operaci\u00f3n: 15 a 55 \u00b0C<\/li>\n<li>GAP: 1 cm.<\/li>\n<li>Contrachapa para puerta con marco de vidrio.<\/li>\n<li><strong>Si se pierde la clave maestra de programaci\u00f3n no es posible restaurarla o resetearla.<\/strong><\/li>\n<\/ul>\n<\/div>\n","protected":false},"excerpt":{"rendered":"<p>Cerradura Digital con Teclado T\u00e1ctil para Puerta de Vidrio Cerradura digital con efecto espejo, la pantalla t\u00e1ctil se ilumina<\/p>\n","protected":false},"featured_media":15991,"template":"","meta":{"site-sidebar-layout":"default","site-content-layout":"default","ast-site-content-layout":"","site-content-style":"default","site-sidebar-style":"default","ast-global-header-display":"","ast-banner-title-visibility":"","ast-main-header-display":"","ast-hfb-above-header-display":"","ast-hfb-below-header-display":"","ast-hfb-mobile-header-display":"","site-post-title":"","ast-breadcrumbs-content":"","ast-featured-img":"","footer-sml-layout":"","theme-transparent-header-meta":"default","adv-header-id-meta":"","stick-header-meta":"","header-above-stick-meta":"","header-main-stick-meta":"","header-below-stick-meta":"","astra-migrate-meta-layouts":""},"product_cat":[275],"product_tag":[303],"yoast_head":"<!-- This site is optimized with the Yoast SEO plugin v19.5.1 - https:\/\/yoast.com\/wordpress\/plugins\/seo\/ -->\n<title>Cerradura Digital con Teclado T\u00e1ctil para Puerta de Vidrio<\/title>\n<meta name=\"description\" content=\"Cerradura Digital con Teclado T\u00e1ctil para Puerta de Vidrio Cerradura digital con efecto espejo, la pantalla t\u00e1ctil se ilumina\" \/>\n<meta name=\"robots\" content=\"index, follow, max-snippet:-1, max-image-preview:large, max-video-preview:-1\" \/>\n<link rel=\"canonical\" href=\"https:\/\/www.securitydataandvideo.com\/inicio\/shop\/cerradura-digital-con-teclado-tactil-para-puerta-de-vidrio\/\" \/>\n<meta property=\"og:locale\" content=\"es_MX\" \/>\n<meta property=\"og:type\" content=\"article\" \/>\n<meta property=\"og:title\" content=\"Cerradura Digital con Teclado T\u00e1ctil para Puerta de Vidrio\" \/>\n<meta property=\"og:description\" content=\"Cerradura Digital con Teclado T\u00e1ctil para Puerta de Vidrio Cerradura digital con efecto espejo, la pantalla t\u00e1ctil se ilumina\" \/>\n<meta property=\"og:url\" content=\"https:\/\/www.securitydataandvideo.com\/inicio\/shop\/cerradura-digital-con-teclado-tactil-para-puerta-de-vidrio\/\" \/>\n<meta property=\"og:site_name\" content=\"Security Data &amp; Video SA de CV.\" \/>\n<meta property=\"article:modified_time\" content=\"2022-07-21T17:33:56+00:00\" \/>\n<meta property=\"og:image\" content=\"https:\/\/www.securitydataandvideo.com\/inicio\/wp-content\/uploads\/2022\/07\/4894-FRENTE-p.png\" \/>\n\t<meta property=\"og:image:width\" content=\"400\" \/>\n\t<meta property=\"og:image:height\" content=\"400\" \/>\n\t<meta property=\"og:image:type\" content=\"image\/png\" \/>\n<meta name=\"twitter:card\" content=\"summary\" \/>\n<meta name=\"twitter:label1\" content=\"Tiempo de lectura\" \/>\n\t<meta name=\"twitter:data1\" content=\"1 minuto\" \/>\n<script type=\"application\/ld+json\" class=\"yoast-schema-graph\">{\"@context\":\"https:\/\/schema.org\",\"@graph\":[{\"@type\":\"WebPage\",\"@id\":\"https:\/\/www.securitydataandvideo.com\/inicio\/shop\/cerradura-digital-con-teclado-tactil-para-puerta-de-vidrio\/\",\"url\":\"https:\/\/www.securitydataandvideo.com\/inicio\/shop\/cerradura-digital-con-teclado-tactil-para-puerta-de-vidrio\/\",\"name\":\"Cerradura Digital con Teclado T\u00e1ctil para Puerta de Vidrio\",\"isPartOf\":{\"@id\":\"https:\/\/www.securitydataandvideo.com\/inicio\/#website\"},\"datePublished\":\"2022-07-21T17:33:22+00:00\",\"dateModified\":\"2022-07-21T17:33:56+00:00\",\"description\":\"Cerradura Digital con Teclado T\u00e1ctil para Puerta de Vidrio Cerradura digital con efecto espejo, la pantalla t\u00e1ctil se ilumina\",\"breadcrumb\":{\"@id\":\"https:\/\/www.securitydataandvideo.com\/inicio\/shop\/cerradura-digital-con-teclado-tactil-para-puerta-de-vidrio\/#breadcrumb\"},\"inLanguage\":\"es-MX\",\"potentialAction\":[{\"@type\":\"ReadAction\",\"target\":[\"https:\/\/www.securitydataandvideo.com\/inicio\/shop\/cerradura-digital-con-teclado-tactil-para-puerta-de-vidrio\/\"]}]},{\"@type\":\"BreadcrumbList\",\"@id\":\"https:\/\/www.securitydataandvideo.com\/inicio\/shop\/cerradura-digital-con-teclado-tactil-para-puerta-de-vidrio\/#breadcrumb\",\"itemListElement\":[{\"@type\":\"ListItem\",\"position\":1,\"name\":\"Inicio\",\"item\":\"https:\/\/www.securitydataandvideo.com\/inicio\/\"},{\"@type\":\"ListItem\",\"position\":2,\"name\":\"Shop\",\"item\":\"https:\/\/www.securitydataandvideo.com\/inicio\/shop\/\"},{\"@type\":\"ListItem\",\"position\":3,\"name\":\"Cerradura Digital con Teclado T\u00e1ctil para Puerta de Vidrio\"}]},{\"@type\":\"WebSite\",\"@id\":\"https:\/\/www.securitydataandvideo.com\/inicio\/#website\",\"url\":\"https:\/\/www.securitydataandvideo.com\/inicio\/\",\"name\":\"Security Data &amp; Video SA de CV.\",\"description\":\"Seguridad Electr\u00f3nica y Energ\u00eda\",\"publisher\":{\"@id\":\"https:\/\/www.securitydataandvideo.com\/inicio\/#organization\"},\"potentialAction\":[{\"@type\":\"SearchAction\",\"target\":{\"@type\":\"EntryPoint\",\"urlTemplate\":\"https:\/\/www.securitydataandvideo.com\/inicio\/?s={search_term_string}\"},\"query-input\":\"required name=search_term_string\"}],\"inLanguage\":\"es-MX\"},{\"@type\":\"Organization\",\"@id\":\"https:\/\/www.securitydataandvideo.com\/inicio\/#organization\",\"name\":\"Security Data & Video SA de CV\",\"url\":\"https:\/\/www.securitydataandvideo.com\/inicio\/\",\"sameAs\":[],\"logo\":{\"@type\":\"ImageObject\",\"inLanguage\":\"es-MX\",\"@id\":\"https:\/\/www.securitydataandvideo.com\/inicio\/#\/schema\/logo\/image\/\",\"url\":\"https:\/\/www.securitydataandvideo.com\/inicio\/wp-content\/uploads\/2021\/10\/Logo-Azul.png\",\"contentUrl\":\"https:\/\/www.securitydataandvideo.com\/inicio\/wp-content\/uploads\/2021\/10\/Logo-Azul.png\",\"width\":555,\"height\":375,\"caption\":\"Security Data & Video SA de CV\"},\"image\":{\"@id\":\"https:\/\/www.securitydataandvideo.com\/inicio\/#\/schema\/logo\/image\/\"}}]}<\/script>\n<!-- \/ Yoast SEO plugin. -->","yoast_head_json":{"title":"Cerradura Digital con Teclado T\u00e1ctil para Puerta de Vidrio","description":"Cerradura Digital con Teclado T\u00e1ctil para Puerta de Vidrio Cerradura digital con efecto espejo, la pantalla t\u00e1ctil se ilumina","robots":{"index":"index","follow":"follow","max-snippet":"max-snippet:-1","max-image-preview":"max-image-preview:large","max-video-preview":"max-video-preview:-1"},"canonical":"https:\/\/www.securitydataandvideo.com\/inicio\/shop\/cerradura-digital-con-teclado-tactil-para-puerta-de-vidrio\/","og_locale":"es_MX","og_type":"article","og_title":"Cerradura Digital con Teclado T\u00e1ctil para Puerta de Vidrio","og_description":"Cerradura Digital con Teclado T\u00e1ctil para Puerta de Vidrio Cerradura digital con efecto espejo, la pantalla t\u00e1ctil se ilumina","og_url":"https:\/\/www.securitydataandvideo.com\/inicio\/shop\/cerradura-digital-con-teclado-tactil-para-puerta-de-vidrio\/","og_site_name":"Security Data &amp; Video SA de CV.","article_modified_time":"2022-07-21T17:33:56+00:00","og_image":[{"width":400,"height":400,"url":"https:\/\/www.securitydataandvideo.com\/inicio\/wp-content\/uploads\/2022\/07\/4894-FRENTE-p.png","type":"image\/png"}],"twitter_card":"summary","twitter_misc":{"Tiempo de lectura":"1 minuto"},"schema":{"@context":"https:\/\/schema.org","@graph":[{"@type":"WebPage","@id":"https:\/\/www.securitydataandvideo.com\/inicio\/shop\/cerradura-digital-con-teclado-tactil-para-puerta-de-vidrio\/","url":"https:\/\/www.securitydataandvideo.com\/inicio\/shop\/cerradura-digital-con-teclado-tactil-para-puerta-de-vidrio\/","name":"Cerradura Digital con Teclado T\u00e1ctil para Puerta de Vidrio","isPartOf":{"@id":"https:\/\/www.securitydataandvideo.com\/inicio\/#website"},"datePublished":"2022-07-21T17:33:22+00:00","dateModified":"2022-07-21T17:33:56+00:00","description":"Cerradura Digital con Teclado T\u00e1ctil para Puerta de Vidrio Cerradura digital con efecto espejo, la pantalla t\u00e1ctil se ilumina","breadcrumb":{"@id":"https:\/\/www.securitydataandvideo.com\/inicio\/shop\/cerradura-digital-con-teclado-tactil-para-puerta-de-vidrio\/#breadcrumb"},"inLanguage":"es-MX","potentialAction":[{"@type":"ReadAction","target":["https:\/\/www.securitydataandvideo.com\/inicio\/shop\/cerradura-digital-con-teclado-tactil-para-puerta-de-vidrio\/"]}]},{"@type":"BreadcrumbList","@id":"https:\/\/www.securitydataandvideo.com\/inicio\/shop\/cerradura-digital-con-teclado-tactil-para-puerta-de-vidrio\/#breadcrumb","itemListElement":[{"@type":"ListItem","position":1,"name":"Inicio","item":"https:\/\/www.securitydataandvideo.com\/inicio\/"},{"@type":"ListItem","position":2,"name":"Shop","item":"https:\/\/www.securitydataandvideo.com\/inicio\/shop\/"},{"@type":"ListItem","position":3,"name":"Cerradura Digital con Teclado T\u00e1ctil para Puerta de Vidrio"}]},{"@type":"WebSite","@id":"https:\/\/www.securitydataandvideo.com\/inicio\/#website","url":"https:\/\/www.securitydataandvideo.com\/inicio\/","name":"Security Data &amp; Video SA de CV.","description":"Seguridad Electr\u00f3nica y Energ\u00eda","publisher":{"@id":"https:\/\/www.securitydataandvideo.com\/inicio\/#organization"},"potentialAction":[{"@type":"SearchAction","target":{"@type":"EntryPoint","urlTemplate":"https:\/\/www.securitydataandvideo.com\/inicio\/?s={search_term_string}"},"query-input":"required name=search_term_string"}],"inLanguage":"es-MX"},{"@type":"Organization","@id":"https:\/\/www.securitydataandvideo.com\/inicio\/#organization","name":"Security Data & Video SA de CV","url":"https:\/\/www.securitydataandvideo.com\/inicio\/","sameAs":[],"logo":{"@type":"ImageObject","inLanguage":"es-MX","@id":"https:\/\/www.securitydataandvideo.com\/inicio\/#\/schema\/logo\/image\/","url":"https:\/\/www.securitydataandvideo.com\/inicio\/wp-content\/uploads\/2021\/10\/Logo-Azul.png","contentUrl":"https:\/\/www.securitydataandvideo.com\/inicio\/wp-content\/uploads\/2021\/10\/Logo-Azul.png","width":555,"height":375,"caption":"Security Data & Video SA de CV"},"image":{"@id":"https:\/\/www.securitydataandvideo.com\/inicio\/#\/schema\/logo\/image\/"}}]}},"_links":{"self":[{"href":"https:\/\/www.securitydataandvideo.com\/inicio\/wp-json\/wp\/v2\/product\/15961"}],"collection":[{"href":"https:\/\/www.securitydataandvideo.com\/inicio\/wp-json\/wp\/v2\/product"}],"about":[{"href":"https:\/\/www.securitydataandvideo.com\/inicio\/wp-json\/wp\/v2\/types\/product"}],"wp:featuredmedia":[{"embeddable":true,"href":"https:\/\/www.securitydataandvideo.com\/inicio\/wp-json\/wp\/v2\/media\/15991"}],"wp:attachment":[{"href":"https:\/\/www.securitydataandvideo.com\/inicio\/wp-json\/wp\/v2\/media?parent=15961"}],"wp:term":[{"taxonomy":"product_cat","embeddable":true,"href":"https:\/\/www.securitydataandvideo.com\/inicio\/wp-json\/wp\/v2\/product_cat?post=15961"},{"taxonomy":"product_tag","embeddable":true,"href":"https:\/\/www.securitydataandvideo.com\/inicio\/wp-json\/wp\/v2\/product_tag?post=15961"}],"curies":[{"name":"wp","href":"https:\/\/api.w.org\/{rel}","templated":true}]}}