{"id":15962,"date":"2022-07-21T11:33:22","date_gmt":"2022-07-21T17:33:22","guid":{"rendered":"https:\/\/www.securitydataandvideo.com\/inicio\/?post_type=product&#038;p=15962"},"modified":"2022-07-21T11:33:56","modified_gmt":"2022-07-21T17:33:56","slug":"cerradura-autonoma-con-teclado-tactil-y-comunicacion-bluetooth-para-exterior","status":"publish","type":"product","link":"https:\/\/www.securitydataandvideo.com\/inicio\/shop\/cerradura-autonoma-con-teclado-tactil-y-comunicacion-bluetooth-para-exterior\/","title":{"rendered":"Cerradura Aut\u00f3noma con Teclado tactil y Comunicacion Bluetooth para exterior"},"content":{"rendered":"<div class=\"col-sm-8 col-md-8 well-sm\">\n<p id=\"product_title_165733\" class=\"no_margin_top titulo_vista_producto\">Cerradura Aut\u00f3noma con Teclado tactil y Comunicacion Bluetooth para exterior<\/p>\n<\/div>\n<div class=\"hidden-xs col-sm-4 col-md-4\">\n<p><strong>Caracteristicas<\/strong><\/p>\n<ul>\n<li>Ambientes exteriores<br \/>\nIdeal para aplicaci\u00f3n en exterior<\/li>\n<li>Comandos de voz<br \/>\nF\u00e1cil de programar, soporta idioma en espa\u00f1ol e ingl\u00e9s<\/li>\n<li>Sensor de huella digital<br \/>\nVelocidad de verificaci\u00f3n r\u00e1pida para huellas \u00e1speras y secas<\/li>\n<li>Modo de Bloqueo<br \/>\nTodos los usuarios(que no sean adminsitrador) ser\u00e1n bloqueados<\/li>\n<li>Bluetooth<br \/>\nDesbloquee la cerradura mediante la App m\u00f3vil desde su celular<\/li>\n<li>Bidireccional<\/li>\n<\/ul>\n<p><strong>Especificaciones<\/strong><\/p>\n<ul>\n<li>Material: Aleaci\u00f3n de Zinc<\/li>\n<li>M\u00e9todos de verificaci\u00f3n: Huella Digital \/ Tarjetas \/ Contrase\u00f1a \/ App \/ Llave<\/li>\n<li>Capacidad de Usuarios: 100<\/li>\n<li>Fuente de alimentaci\u00f3n: 4 Bater\u00edas AA<\/li>\n<li>Est\u00e1ndar de la cerradura: Cerrojo Americano<\/li>\n<li>Dimensiones: 77 x 199 x 43 mm<\/li>\n<li>Comunicaci\u00f3n: Bluetooth4.0<\/li>\n<\/ul>\n<\/div>\n","protected":false},"excerpt":{"rendered":"<p>Cerradura Aut\u00f3noma con Teclado tactil y Comunicacion Bluetooth para exterior venta instalaci\u00f3n y configuraci\u00f3n<\/p>\n","protected":false},"featured_media":15992,"template":"","meta":{"site-sidebar-layout":"default","site-content-layout":"default","ast-site-content-layout":"","site-content-style":"default","site-sidebar-style":"default","ast-global-header-display":"","ast-banner-title-visibility":"","ast-main-header-display":"","ast-hfb-above-header-display":"","ast-hfb-below-header-display":"","ast-hfb-mobile-header-display":"","site-post-title":"","ast-breadcrumbs-content":"","ast-featured-img":"","footer-sml-layout":"","theme-transparent-header-meta":"default","adv-header-id-meta":"","stick-header-meta":"","header-above-stick-meta":"","header-main-stick-meta":"","header-below-stick-meta":"","astra-migrate-meta-layouts":""},"product_cat":[275],"product_tag":[],"yoast_head":"<!-- This site is optimized with the Yoast SEO plugin v19.5.1 - https:\/\/yoast.com\/wordpress\/plugins\/seo\/ -->\n<title>Cerradura Aut\u00f3noma con Teclado tactil y Comunicacion Bluetooth<\/title>\n<meta name=\"description\" content=\"Cerradura Aut\u00f3noma con Teclado tactil y Comunicacion Bluetooth para exterior venta instalaci\u00f3n y configuraci\u00f3n\" \/>\n<meta name=\"robots\" content=\"index, follow, max-snippet:-1, max-image-preview:large, max-video-preview:-1\" \/>\n<link rel=\"canonical\" href=\"https:\/\/www.securitydataandvideo.com\/inicio\/shop\/cerradura-autonoma-con-teclado-tactil-y-comunicacion-bluetooth-para-exterior\/\" \/>\n<meta property=\"og:locale\" content=\"es_MX\" \/>\n<meta property=\"og:type\" content=\"article\" \/>\n<meta property=\"og:title\" content=\"Cerradura Aut\u00f3noma con Teclado tactil y Comunicacion Bluetooth\" \/>\n<meta property=\"og:description\" content=\"Cerradura Aut\u00f3noma con Teclado tactil y Comunicacion Bluetooth para exterior venta instalaci\u00f3n y configuraci\u00f3n\" \/>\n<meta property=\"og:url\" content=\"https:\/\/www.securitydataandvideo.com\/inicio\/shop\/cerradura-autonoma-con-teclado-tactil-y-comunicacion-bluetooth-para-exterior\/\" \/>\n<meta property=\"og:site_name\" content=\"Security Data &amp; Video SA de CV.\" \/>\n<meta property=\"article:modified_time\" content=\"2022-07-21T17:33:56+00:00\" \/>\n<meta property=\"og:image\" content=\"https:\/\/www.securitydataandvideo.com\/inicio\/wp-content\/uploads\/2022\/07\/Cerradura-Autonoma-con-Teclado-tactil-y-Comunicacion-Bluetooth-para-exterior.png\" \/>\n\t<meta property=\"og:image:width\" content=\"241\" \/>\n\t<meta property=\"og:image:height\" content=\"311\" \/>\n\t<meta property=\"og:image:type\" content=\"image\/png\" \/>\n<meta name=\"twitter:card\" content=\"summary\" \/>\n<meta name=\"twitter:label1\" content=\"Tiempo de lectura\" \/>\n\t<meta name=\"twitter:data1\" content=\"1 minuto\" \/>\n<script type=\"application\/ld+json\" class=\"yoast-schema-graph\">{\"@context\":\"https:\/\/schema.org\",\"@graph\":[{\"@type\":\"WebPage\",\"@id\":\"https:\/\/www.securitydataandvideo.com\/inicio\/shop\/cerradura-autonoma-con-teclado-tactil-y-comunicacion-bluetooth-para-exterior\/\",\"url\":\"https:\/\/www.securitydataandvideo.com\/inicio\/shop\/cerradura-autonoma-con-teclado-tactil-y-comunicacion-bluetooth-para-exterior\/\",\"name\":\"Cerradura Aut\u00f3noma con Teclado tactil y Comunicacion Bluetooth\",\"isPartOf\":{\"@id\":\"https:\/\/www.securitydataandvideo.com\/inicio\/#website\"},\"datePublished\":\"2022-07-21T17:33:22+00:00\",\"dateModified\":\"2022-07-21T17:33:56+00:00\",\"description\":\"Cerradura Aut\u00f3noma con Teclado tactil y Comunicacion Bluetooth para exterior venta instalaci\u00f3n y configuraci\u00f3n\",\"breadcrumb\":{\"@id\":\"https:\/\/www.securitydataandvideo.com\/inicio\/shop\/cerradura-autonoma-con-teclado-tactil-y-comunicacion-bluetooth-para-exterior\/#breadcrumb\"},\"inLanguage\":\"es-MX\",\"potentialAction\":[{\"@type\":\"ReadAction\",\"target\":[\"https:\/\/www.securitydataandvideo.com\/inicio\/shop\/cerradura-autonoma-con-teclado-tactil-y-comunicacion-bluetooth-para-exterior\/\"]}]},{\"@type\":\"BreadcrumbList\",\"@id\":\"https:\/\/www.securitydataandvideo.com\/inicio\/shop\/cerradura-autonoma-con-teclado-tactil-y-comunicacion-bluetooth-para-exterior\/#breadcrumb\",\"itemListElement\":[{\"@type\":\"ListItem\",\"position\":1,\"name\":\"Inicio\",\"item\":\"https:\/\/www.securitydataandvideo.com\/inicio\/\"},{\"@type\":\"ListItem\",\"position\":2,\"name\":\"Shop\",\"item\":\"https:\/\/www.securitydataandvideo.com\/inicio\/shop\/\"},{\"@type\":\"ListItem\",\"position\":3,\"name\":\"Cerradura Aut\u00f3noma con Teclado tactil y Comunicacion Bluetooth para exterior\"}]},{\"@type\":\"WebSite\",\"@id\":\"https:\/\/www.securitydataandvideo.com\/inicio\/#website\",\"url\":\"https:\/\/www.securitydataandvideo.com\/inicio\/\",\"name\":\"Security Data &amp; Video SA de CV.\",\"description\":\"Seguridad Electr\u00f3nica y Energ\u00eda\",\"publisher\":{\"@id\":\"https:\/\/www.securitydataandvideo.com\/inicio\/#organization\"},\"potentialAction\":[{\"@type\":\"SearchAction\",\"target\":{\"@type\":\"EntryPoint\",\"urlTemplate\":\"https:\/\/www.securitydataandvideo.com\/inicio\/?s={search_term_string}\"},\"query-input\":\"required name=search_term_string\"}],\"inLanguage\":\"es-MX\"},{\"@type\":\"Organization\",\"@id\":\"https:\/\/www.securitydataandvideo.com\/inicio\/#organization\",\"name\":\"Security Data & Video SA de CV\",\"url\":\"https:\/\/www.securitydataandvideo.com\/inicio\/\",\"sameAs\":[],\"logo\":{\"@type\":\"ImageObject\",\"inLanguage\":\"es-MX\",\"@id\":\"https:\/\/www.securitydataandvideo.com\/inicio\/#\/schema\/logo\/image\/\",\"url\":\"https:\/\/www.securitydataandvideo.com\/inicio\/wp-content\/uploads\/2021\/10\/Logo-Azul.png\",\"contentUrl\":\"https:\/\/www.securitydataandvideo.com\/inicio\/wp-content\/uploads\/2021\/10\/Logo-Azul.png\",\"width\":555,\"height\":375,\"caption\":\"Security Data & Video SA de CV\"},\"image\":{\"@id\":\"https:\/\/www.securitydataandvideo.com\/inicio\/#\/schema\/logo\/image\/\"}}]}<\/script>\n<!-- \/ Yoast SEO plugin. -->","yoast_head_json":{"title":"Cerradura Aut\u00f3noma con Teclado tactil y Comunicacion Bluetooth","description":"Cerradura Aut\u00f3noma con Teclado tactil y Comunicacion Bluetooth para exterior venta instalaci\u00f3n y configuraci\u00f3n","robots":{"index":"index","follow":"follow","max-snippet":"max-snippet:-1","max-image-preview":"max-image-preview:large","max-video-preview":"max-video-preview:-1"},"canonical":"https:\/\/www.securitydataandvideo.com\/inicio\/shop\/cerradura-autonoma-con-teclado-tactil-y-comunicacion-bluetooth-para-exterior\/","og_locale":"es_MX","og_type":"article","og_title":"Cerradura Aut\u00f3noma con Teclado tactil y Comunicacion Bluetooth","og_description":"Cerradura Aut\u00f3noma con Teclado tactil y Comunicacion Bluetooth para exterior venta instalaci\u00f3n y configuraci\u00f3n","og_url":"https:\/\/www.securitydataandvideo.com\/inicio\/shop\/cerradura-autonoma-con-teclado-tactil-y-comunicacion-bluetooth-para-exterior\/","og_site_name":"Security Data &amp; Video SA de CV.","article_modified_time":"2022-07-21T17:33:56+00:00","og_image":[{"width":241,"height":311,"url":"https:\/\/www.securitydataandvideo.com\/inicio\/wp-content\/uploads\/2022\/07\/Cerradura-Autonoma-con-Teclado-tactil-y-Comunicacion-Bluetooth-para-exterior.png","type":"image\/png"}],"twitter_card":"summary","twitter_misc":{"Tiempo de lectura":"1 minuto"},"schema":{"@context":"https:\/\/schema.org","@graph":[{"@type":"WebPage","@id":"https:\/\/www.securitydataandvideo.com\/inicio\/shop\/cerradura-autonoma-con-teclado-tactil-y-comunicacion-bluetooth-para-exterior\/","url":"https:\/\/www.securitydataandvideo.com\/inicio\/shop\/cerradura-autonoma-con-teclado-tactil-y-comunicacion-bluetooth-para-exterior\/","name":"Cerradura Aut\u00f3noma con Teclado tactil y Comunicacion Bluetooth","isPartOf":{"@id":"https:\/\/www.securitydataandvideo.com\/inicio\/#website"},"datePublished":"2022-07-21T17:33:22+00:00","dateModified":"2022-07-21T17:33:56+00:00","description":"Cerradura Aut\u00f3noma con Teclado tactil y Comunicacion Bluetooth para exterior venta instalaci\u00f3n y configuraci\u00f3n","breadcrumb":{"@id":"https:\/\/www.securitydataandvideo.com\/inicio\/shop\/cerradura-autonoma-con-teclado-tactil-y-comunicacion-bluetooth-para-exterior\/#breadcrumb"},"inLanguage":"es-MX","potentialAction":[{"@type":"ReadAction","target":["https:\/\/www.securitydataandvideo.com\/inicio\/shop\/cerradura-autonoma-con-teclado-tactil-y-comunicacion-bluetooth-para-exterior\/"]}]},{"@type":"BreadcrumbList","@id":"https:\/\/www.securitydataandvideo.com\/inicio\/shop\/cerradura-autonoma-con-teclado-tactil-y-comunicacion-bluetooth-para-exterior\/#breadcrumb","itemListElement":[{"@type":"ListItem","position":1,"name":"Inicio","item":"https:\/\/www.securitydataandvideo.com\/inicio\/"},{"@type":"ListItem","position":2,"name":"Shop","item":"https:\/\/www.securitydataandvideo.com\/inicio\/shop\/"},{"@type":"ListItem","position":3,"name":"Cerradura Aut\u00f3noma con Teclado tactil y Comunicacion Bluetooth para exterior"}]},{"@type":"WebSite","@id":"https:\/\/www.securitydataandvideo.com\/inicio\/#website","url":"https:\/\/www.securitydataandvideo.com\/inicio\/","name":"Security Data &amp; Video SA de CV.","description":"Seguridad Electr\u00f3nica y Energ\u00eda","publisher":{"@id":"https:\/\/www.securitydataandvideo.com\/inicio\/#organization"},"potentialAction":[{"@type":"SearchAction","target":{"@type":"EntryPoint","urlTemplate":"https:\/\/www.securitydataandvideo.com\/inicio\/?s={search_term_string}"},"query-input":"required name=search_term_string"}],"inLanguage":"es-MX"},{"@type":"Organization","@id":"https:\/\/www.securitydataandvideo.com\/inicio\/#organization","name":"Security Data & Video SA de CV","url":"https:\/\/www.securitydataandvideo.com\/inicio\/","sameAs":[],"logo":{"@type":"ImageObject","inLanguage":"es-MX","@id":"https:\/\/www.securitydataandvideo.com\/inicio\/#\/schema\/logo\/image\/","url":"https:\/\/www.securitydataandvideo.com\/inicio\/wp-content\/uploads\/2021\/10\/Logo-Azul.png","contentUrl":"https:\/\/www.securitydataandvideo.com\/inicio\/wp-content\/uploads\/2021\/10\/Logo-Azul.png","width":555,"height":375,"caption":"Security Data & Video SA de CV"},"image":{"@id":"https:\/\/www.securitydataandvideo.com\/inicio\/#\/schema\/logo\/image\/"}}]}},"_links":{"self":[{"href":"https:\/\/www.securitydataandvideo.com\/inicio\/wp-json\/wp\/v2\/product\/15962"}],"collection":[{"href":"https:\/\/www.securitydataandvideo.com\/inicio\/wp-json\/wp\/v2\/product"}],"about":[{"href":"https:\/\/www.securitydataandvideo.com\/inicio\/wp-json\/wp\/v2\/types\/product"}],"wp:featuredmedia":[{"embeddable":true,"href":"https:\/\/www.securitydataandvideo.com\/inicio\/wp-json\/wp\/v2\/media\/15992"}],"wp:attachment":[{"href":"https:\/\/www.securitydataandvideo.com\/inicio\/wp-json\/wp\/v2\/media?parent=15962"}],"wp:term":[{"taxonomy":"product_cat","embeddable":true,"href":"https:\/\/www.securitydataandvideo.com\/inicio\/wp-json\/wp\/v2\/product_cat?post=15962"},{"taxonomy":"product_tag","embeddable":true,"href":"https:\/\/www.securitydataandvideo.com\/inicio\/wp-json\/wp\/v2\/product_tag?post=15962"}],"curies":[{"name":"wp","href":"https:\/\/api.w.org\/{rel}","templated":true}]}}